{"id":5226,"date":"2021-06-14T20:46:30","date_gmt":"2021-06-14T20:46:30","guid":{"rendered":"https:\/\/bon.de\/?page_id=5226"},"modified":"2025-10-29T10:55:20","modified_gmt":"2025-10-29T09:55:20","slug":"impressum","status":"publish","type":"page","link":"https:\/\/bon.de\/en\/impressum\/","title":{"rendered":"Legal Notice (Imprint)"},"content":{"rendered":"<div class=\"wpb-content-wrapper\"><p>[vc_row][vc_column][vc_column_text css=&#8221;&#8221;]<\/p>\n<h2>Legal Notice<\/h2>\n<h2>Information pursuant to Sect. 5 DDG<\/h2>\n<p>bon Optic Vertriebsges.mbH<\/p>\n<p>Stellmacherstra\u00dfe 14<\/p>\n<p>23556 L\u00fcbeck<\/p>\n<p>Germany<\/p>\n<p>&nbsp;<\/p>\n<p>Commercial Register: 3475<\/p>\n<p>Registration court: L\u00fcbeck<\/p>\n<p><strong>Represented by:<\/strong><\/p>\n<p>Managing Director: Louise Meiners<\/p>\n<p>Company Owner: H. Jochen Kaber<\/p>\n<h2>Contact<\/h2>\n<p>Phone (central): +49 451 80 9000<br \/>\nTechnical Support Hotline: +49 451 80 900 77<br \/>\nTelefax: +49 451 80 900 10<\/p>\n<p>E-mail: call@bon.de<\/p>\n<h2>VAT ID<\/h2>\n<p>Sales tax identification number according to Sect. 27 a of the Sales Tax Law:<br \/>\nDE 161662634<\/p>\n<h2>Person responsible for editorial<\/h2>\n<p>Louise Meiners<\/p>\n<h2>EU dispute resolution<\/h2>\n<p>The European Commission provides a platform for online dispute resolution (ODR): https:\/\/ec.europa.eu\/consumers\/odr\/.<\/p>\n<p>Our e-mail address can be found above in the site notice.<\/p>\n<h2>Dispute resolution proceedings in front of a consumer arbitration board<\/h2>\n<p>We are not willing or obliged to participate in dispute resolution proceedings in front of a consumer arbitration board.<\/p>\n<h2>Copyright<\/h2>\n<p>The information provided on our Internet pages and created by us, such as data, texts, photos, pictures, news or other materials (&#8220;content&#8221;) are subject to our copyright. Commercial exploitation (e.g. distribution, editing or reproduction on other Internet pages) is only permitted with our prior written consent.<\/p>\n<h2>Links<\/h2>\n<p>Our internet pages contain links to internet pages of third parties (&#8220;external links&#8221;). Despite careful examination bon Optic Vertriebsges.mbH cannot be held responsible for the content of these sites.<\/p>\n<h2>Objection to advertising mails<\/h2>\n<p>The use of the contact and address data published within the framework of the imprint obligation by third parties for the purpose of sending unsolicited advertising or information material is hereby prohibited. We reserve the right to take legal action in the event of unsolicited promotional information being sent.<\/p>\n<h2>Addition to our legal notice (social media)<\/h2>\n<p>This imprint also applies to the following social media profiles:<\/p>\n<ul>\n<li>facebook: <a href=\"https:\/\/www.facebook.com\/bonoptic\">https:\/\/www.facebook.com\/bonoptic<\/a><\/li>\n<li>Instagram: <a href=\"https:\/\/www.instagram.com\/bon_optic\">https:\/\/www.instagram.com\/bon_optic<\/a><\/li>\n<li>LinkedIn: <a href=\"https:\/\/linkedin.com\/company\/bon-optic-vertriebsgesellschaft-mbh\">https:\/\/linkedin.com\/company\/bon-optic-vertriebsgesellschaft-mbh<\/a><\/li>\n<li>Xing: <a href=\"https:\/\/www.xing.com\/pages\/bonoptic\">https:\/\/www.xing.com\/pages\/bonoptic<\/a><\/li>\n<li>Youtube: <a href=\"https:\/\/www.youtube.com\/@bonOptic1\">https:\/\/www.youtube.com\/@bonOptic1<\/a><\/li>\n<\/ul>\n<p>[\/vc_column_text][\/vc_column][\/vc_row]<\/p>\n<\/div>","protected":false},"excerpt":{"rendered":"<p>[vc_row][vc_column][vc_column_text css=&#8221;&#8221;] Legal Notice Information pursuant to Sect. 5 DDG bon Optic Vertriebsges.mbH Stellmacherstra\u00dfe 14 23556 L\u00fcbeck Germany &nbsp; Commercial Register: 3475 Registration court: L\u00fcbeck Represented by: Managing Director: Louise Meiners Company Owner: H. Jochen Kaber Contact Phone (central): +49 451 80 9000 Technical Support Hotline: +49 451 80 900 77 Telefax: +49 451 80 [&hellip;]<\/p>\n","protected":false},"author":1,"featured_media":0,"parent":0,"menu_order":0,"comment_status":"closed","ping_status":"closed","template":"simple-page.php","meta":{"_acf_changed":false,"inline_featured_image":false,"footnotes":""},"class_list":["post-5226","page","type-page","status-publish","hentry"],"acf":[],"yoast_head":"<!-- This site is optimized with the Yoast SEO plugin v27.0 - https:\/\/yoast.com\/product\/yoast-seo-wordpress\/ -->\n<title>Legal Notice (Imprint) - bon Optic - Partner auf Augenh\u00f6he<\/title>\n<meta name=\"robots\" content=\"index, follow, max-snippet:-1, max-image-preview:large, max-video-preview:-1\" \/>\n<link rel=\"canonical\" href=\"https:\/\/bon.de\/en\/impressum\/\" \/>\n<meta property=\"og:locale\" content=\"en_US\" \/>\n<meta property=\"og:type\" content=\"article\" \/>\n<meta property=\"og:title\" content=\"Legal Notice (Imprint) - bon Optic - Partner auf Augenh\u00f6he\" \/>\n<meta property=\"og:description\" content=\"[vc_row][vc_column][vc_column_text css=&#8221;&#8221;] Legal Notice Information pursuant to Sect. 5 DDG bon Optic Vertriebsges.mbH Stellmacherstra\u00dfe 14 23556 L\u00fcbeck Germany &nbsp; Commercial Register: 3475 Registration court: L\u00fcbeck Represented by: Managing Director: Louise Meiners Company Owner: H. Jochen Kaber Contact Phone (central): +49 451 80 9000 Technical Support Hotline: +49 451 80 900 77 Telefax: +49 451 80 [&hellip;]\" \/>\n<meta property=\"og:url\" content=\"https:\/\/bon.de\/en\/impressum\/\" \/>\n<meta property=\"og:site_name\" content=\"bon Optic - Partner auf Augenh\u00f6he\" \/>\n<meta property=\"article:modified_time\" content=\"2025-10-29T09:55:20+00:00\" \/>\n<meta property=\"og:image\" content=\"https:\/\/bon.de\/wp-content\/uploads\/2021\/06\/bon-Logo_512x512px.png\" \/>\n\t<meta property=\"og:image:width\" content=\"512\" \/>\n\t<meta property=\"og:image:height\" content=\"512\" \/>\n\t<meta property=\"og:image:type\" content=\"image\/png\" \/>\n<meta name=\"twitter:card\" content=\"summary_large_image\" \/>\n<meta name=\"twitter:label1\" content=\"Est. reading time\" \/>\n\t<meta name=\"twitter:data1\" content=\"2 minutes\" \/>\n<script type=\"application\/ld+json\" class=\"yoast-schema-graph\">{\"@context\":\"https:\/\/schema.org\",\"@graph\":[{\"@type\":\"WebPage\",\"@id\":\"https:\/\/bon.de\/en\/impressum\/\",\"url\":\"https:\/\/bon.de\/en\/impressum\/\",\"name\":\"Legal Notice (Imprint) - bon Optic - Partner auf Augenh\u00f6he\",\"isPartOf\":{\"@id\":\"https:\/\/bon.de\/#website\"},\"datePublished\":\"2021-06-14T20:46:30+00:00\",\"dateModified\":\"2025-10-29T09:55:20+00:00\",\"breadcrumb\":{\"@id\":\"https:\/\/bon.de\/en\/impressum\/#breadcrumb\"},\"inLanguage\":\"en-US\",\"potentialAction\":[{\"@type\":\"ReadAction\",\"target\":[\"https:\/\/bon.de\/en\/impressum\/\"]}]},{\"@type\":\"BreadcrumbList\",\"@id\":\"https:\/\/bon.de\/en\/impressum\/#breadcrumb\",\"itemListElement\":[{\"@type\":\"ListItem\",\"position\":1,\"name\":\"Home\",\"item\":\"https:\/\/bon.de\/en\/\"},{\"@type\":\"ListItem\",\"position\":2,\"name\":\"Legal Notice (Imprint)\"}]},{\"@type\":\"WebSite\",\"@id\":\"https:\/\/bon.de\/#website\",\"url\":\"https:\/\/bon.de\/\",\"name\":\"bon Optic - Partner auf Augenh\u00f6he\",\"description\":\"\",\"publisher\":{\"@id\":\"https:\/\/bon.de\/#organization\"},\"potentialAction\":[{\"@type\":\"SearchAction\",\"target\":{\"@type\":\"EntryPoint\",\"urlTemplate\":\"https:\/\/bon.de\/?s={search_term_string}\"},\"query-input\":{\"@type\":\"PropertyValueSpecification\",\"valueRequired\":true,\"valueName\":\"search_term_string\"}}],\"inLanguage\":\"en-US\"},{\"@type\":\"Organization\",\"@id\":\"https:\/\/bon.de\/#organization\",\"name\":\"bon Optic Vertriebsgesellschaft mbH\",\"url\":\"https:\/\/bon.de\/\",\"logo\":{\"@type\":\"ImageObject\",\"inLanguage\":\"en-US\",\"@id\":\"https:\/\/bon.de\/#\/schema\/logo\/image\/\",\"url\":\"https:\/\/bon.de\/wp-content\/uploads\/2021\/06\/bon-Logo_512x512px.png\",\"contentUrl\":\"https:\/\/bon.de\/wp-content\/uploads\/2021\/06\/bon-Logo_512x512px.png\",\"width\":512,\"height\":512,\"caption\":\"bon Optic Vertriebsgesellschaft mbH\"},\"image\":{\"@id\":\"https:\/\/bon.de\/#\/schema\/logo\/image\/\"},\"sameAs\":[\"https:\/\/www.linkedin.com\/company\/bon-optic-vertriebsgesellschaft-mbh\/\",\"https:\/\/www.youtube.com\/channel\/UCSURhENDItKaH88bvn8LlcA\"]}]}<\/script>\n<!-- \/ Yoast SEO plugin. -->","yoast_head_json":{"title":"Legal Notice (Imprint) - bon Optic - Partner auf Augenh\u00f6he","robots":{"index":"index","follow":"follow","max-snippet":"max-snippet:-1","max-image-preview":"max-image-preview:large","max-video-preview":"max-video-preview:-1"},"canonical":"https:\/\/bon.de\/en\/impressum\/","og_locale":"en_US","og_type":"article","og_title":"Legal Notice (Imprint) - bon Optic - Partner auf Augenh\u00f6he","og_description":"[vc_row][vc_column][vc_column_text css=&#8221;&#8221;] Legal Notice Information pursuant to Sect. 5 DDG bon Optic Vertriebsges.mbH Stellmacherstra\u00dfe 14 23556 L\u00fcbeck Germany &nbsp; Commercial Register: 3475 Registration court: L\u00fcbeck Represented by: Managing Director: Louise Meiners Company Owner: H. Jochen Kaber Contact Phone (central): +49 451 80 9000 Technical Support Hotline: +49 451 80 900 77 Telefax: +49 451 80 [&hellip;]","og_url":"https:\/\/bon.de\/en\/impressum\/","og_site_name":"bon Optic - Partner auf Augenh\u00f6he","article_modified_time":"2025-10-29T09:55:20+00:00","og_image":[{"width":512,"height":512,"url":"https:\/\/bon.de\/wp-content\/uploads\/2021\/06\/bon-Logo_512x512px.png","type":"image\/png"}],"twitter_card":"summary_large_image","twitter_misc":{"Est. reading time":"2 minutes"},"schema":{"@context":"https:\/\/schema.org","@graph":[{"@type":"WebPage","@id":"https:\/\/bon.de\/en\/impressum\/","url":"https:\/\/bon.de\/en\/impressum\/","name":"Legal Notice (Imprint) - bon Optic - Partner auf Augenh\u00f6he","isPartOf":{"@id":"https:\/\/bon.de\/#website"},"datePublished":"2021-06-14T20:46:30+00:00","dateModified":"2025-10-29T09:55:20+00:00","breadcrumb":{"@id":"https:\/\/bon.de\/en\/impressum\/#breadcrumb"},"inLanguage":"en-US","potentialAction":[{"@type":"ReadAction","target":["https:\/\/bon.de\/en\/impressum\/"]}]},{"@type":"BreadcrumbList","@id":"https:\/\/bon.de\/en\/impressum\/#breadcrumb","itemListElement":[{"@type":"ListItem","position":1,"name":"Home","item":"https:\/\/bon.de\/en\/"},{"@type":"ListItem","position":2,"name":"Legal Notice (Imprint)"}]},{"@type":"WebSite","@id":"https:\/\/bon.de\/#website","url":"https:\/\/bon.de\/","name":"bon Optic - Partner auf Augenh\u00f6he","description":"","publisher":{"@id":"https:\/\/bon.de\/#organization"},"potentialAction":[{"@type":"SearchAction","target":{"@type":"EntryPoint","urlTemplate":"https:\/\/bon.de\/?s={search_term_string}"},"query-input":{"@type":"PropertyValueSpecification","valueRequired":true,"valueName":"search_term_string"}}],"inLanguage":"en-US"},{"@type":"Organization","@id":"https:\/\/bon.de\/#organization","name":"bon Optic Vertriebsgesellschaft mbH","url":"https:\/\/bon.de\/","logo":{"@type":"ImageObject","inLanguage":"en-US","@id":"https:\/\/bon.de\/#\/schema\/logo\/image\/","url":"https:\/\/bon.de\/wp-content\/uploads\/2021\/06\/bon-Logo_512x512px.png","contentUrl":"https:\/\/bon.de\/wp-content\/uploads\/2021\/06\/bon-Logo_512x512px.png","width":512,"height":512,"caption":"bon Optic Vertriebsgesellschaft mbH"},"image":{"@id":"https:\/\/bon.de\/#\/schema\/logo\/image\/"},"sameAs":["https:\/\/www.linkedin.com\/company\/bon-optic-vertriebsgesellschaft-mbh\/","https:\/\/www.youtube.com\/channel\/UCSURhENDItKaH88bvn8LlcA"]}]}},"_links":{"self":[{"href":"https:\/\/bon.de\/en\/wp-json\/wp\/v2\/pages\/5226","targetHints":{"allow":["GET"]}}],"collection":[{"href":"https:\/\/bon.de\/en\/wp-json\/wp\/v2\/pages"}],"about":[{"href":"https:\/\/bon.de\/en\/wp-json\/wp\/v2\/types\/page"}],"author":[{"embeddable":true,"href":"https:\/\/bon.de\/en\/wp-json\/wp\/v2\/users\/1"}],"replies":[{"embeddable":true,"href":"https:\/\/bon.de\/en\/wp-json\/wp\/v2\/comments?post=5226"}],"version-history":[{"count":12,"href":"https:\/\/bon.de\/en\/wp-json\/wp\/v2\/pages\/5226\/revisions"}],"predecessor-version":[{"id":11365,"href":"https:\/\/bon.de\/en\/wp-json\/wp\/v2\/pages\/5226\/revisions\/11365"}],"wp:attachment":[{"href":"https:\/\/bon.de\/en\/wp-json\/wp\/v2\/media?parent=5226"}],"curies":[{"name":"wp","href":"https:\/\/api.w.org\/{rel}","templated":true}]}}