{"id":10044,"date":"2024-10-24T15:20:47","date_gmt":"2024-10-24T14:20:47","guid":{"rendered":"https:\/\/bon.de\/?post_type=product&#038;p=10044"},"modified":"2024-10-29T15:30:39","modified_gmt":"2024-10-29T14:30:39","slug":"occuity-pm1-optisches-non-contact-pachymeter","status":"publish","type":"product","link":"https:\/\/bon.de\/en\/produkt\/occuity-pm1-optisches-non-contact-pachymeter\/","title":{"rendered":"optisches Non Contact Pachymeter Occuity PM1"},"content":{"rendered":"<h4>Das PM1 von Occuity ist das einzige optische Non-Contact Pachymeter im Taschenformat. Es ermittelt schnell und hochpr\u00e4zise die zentrale Hornhautdicke &#8211; kontaktlos und ohne An\u00e4sthesie.<\/h4>\n<p>&nbsp;<\/p>\n<h4>pr\u00e4zise Dickenwerte in wenigen Sekunden<\/h4>\n<p>Das revolution\u00e4re Handger\u00e4t von Occuity garantiert schnelle, hochpr\u00e4zise Messungen der zentralen Hornhautdicke. Das optische Messverfahren liefert<br \/>\nIhnen in wenigen Sekunden verl\u00e4ssliche Ergebnisse &#8211; einfach und sicher.<\/p>\n<p>F\u00fcr die Messung tippt der Anwender einfach auf den Bildschirm, um das Pachymeter in den Scanmodus zu versetzen und h\u00e4lt es vor das Patientenauge.<br \/>\nDie fortschrittliche optische Pr\u00e4zisionstechnologie des PM1 unterst\u00fctzt den Bediener aktiv bei der korrekten Positionierung des Ger\u00e4ts.<br \/>\nSobald es ausgerichtet ist, erfasst das PM1 automatisch Hunderte von Einzelmessungen pro Sekunde, aus dem es dann sofort pr\u00e4zise Dickenwerte berechnet und anzeigt.<\/p>\n<p>Das Auge muss f\u00fcr die Messung weder bet\u00e4ubt noch ber\u00fchrt werden, was das Risiko einer Infektions\u00fcbertragung minimiert. Der gesamte Ablauf wird dadurch sicher, schnell und insbesondere f\u00fcr den Patienten sp\u00fcrbar angenehmer.<\/p>\n<p>&nbsp;<\/p>\n<h4>optisches Pr\u00e4zisionssystem<\/h4>\n<p>Das Occuity PM1 verwendet eine konfokale Optik, um einen diffraktiven Lichtstrahl in das Auge zu projizieren. Wenn der Lichtfleck die vordere oder hintere Hornhaut durchdringt und<br \/>\nmit ihr interagiert, wird eine Helligkeitsspitze erzeugt. Durch die Analyse des Abstands zwischen den Intensit\u00e4tsspitzen kann das PM1 die Dicke der Hornhaut berechnen.<\/p>\n<p>Um die Genauigkeit zu gew\u00e4hrleisten, f\u00fchrt das PM1 bis zu 200 Abtastungen pro Sekunde durch. Im Anschluss an diese Scans zeigt es die Messung mit einer prozentualen Zuverl\u00e4ssigkeitsrate<br \/>\nan, die die Verl\u00e4sslichkeit der Ergebnisse angibt.<\/p>\n<p>Der Bediener nimmt dann zwei weitere Messungen vor, bevor das PM1 einen Durchschnittswert und dessen Standardabweichung anzeigt.<\/p>\n<p>Die patentierte optische Technologie von Occuity sorgt daf\u00fcr, dass das PM1 nicht nur genau, sondern auch kompakt und sehr kosteneffektiv ist. Das macht es zu einem fortschrittlichen und<br \/>\ndennoch erschwinglichen Werkzeug f\u00fcr die Augendiagnostik.<\/p>\n<p>&nbsp;<\/p>\n<div class=\"brlbs-cmpnt-container brlbs-cmpnt-content-blocker brlbs-cmpnt-with-individual-styles\" data-borlabs-cookie-content-blocker-id=\"youtube-content-blocker\" data-borlabs-cookie-content=\"PGlmcmFtZSB0aXRsZT0iWW91VHViZSB2aWRlbyBwbGF5ZXIiIHNyYz0iaHR0cHM6Ly93d3cueW91dHViZS1ub2Nvb2tpZS5jb20vZW1iZWQvZEE3bUd3T2lWQ28\/c2k9SGxzVWZpTGoxbVFiOTVsRT9yZWw9MCIgd2lkdGg9Ijg5NiIgaGVpZ2h0PSI1MDQiIGZyYW1lYm9yZGVyPSIwIiBhbGxvd2Z1bGxzY3JlZW49ImFsbG93ZnVsbHNjcmVlbiI+PC9pZnJhbWU+\">\n<div class=\"brlbs-cmpnt-cb-preset-c brlbs-cmpnt-cb-youtube\">\n<div class=\"brlbs-cmpnt-cb-thumbnail\" style=\"background-image: url('https:\/\/bon.de\/wp-content\/uploads\/borlabs-cookie\/1\/yt_dA7mGwOiVCo_hqdefault.jpg')\"><\/div>\n<div class=\"brlbs-cmpnt-cb-main\">\n<div class=\"brlbs-cmpnt-cb-play-button\"><\/div>\n<div class=\"brlbs-cmpnt-cb-content\">\n<p class=\"brlbs-cmpnt-cb-description\">You are currently viewing a placeholder content from <strong>YouTube<\/strong>. To access the actual content, click the button below. Please note that doing so will share data with third-party providers.<\/p>\n<p> <a class=\"brlbs-cmpnt-cb-provider-toggle\" href=\"#\" data-borlabs-cookie-show-provider-information role=\"button\">More Information<\/a> <\/div>\n<div class=\"brlbs-cmpnt-cb-buttons\"> <a class=\"brlbs-cmpnt-cb-btn\" href=\"#\" data-borlabs-cookie-unblock role=\"button\">Unblock content<\/a> <a class=\"brlbs-cmpnt-cb-btn\" href=\"#\" data-borlabs-cookie-accept-service role=\"button\" style=\"display: inherit\">Accept required service and unblock content<\/a> <\/div><\/div><\/div>\n<\/div>\n<p>&nbsp;<\/p>\n<p>&nbsp;<\/p>\n<h3>Non-contact<\/h3>\n<h4>&#8211; Angenehm f\u00fcr Anwender und Patient<\/h4>\n<p>Die ber\u00fchrungslose Arbeitsweise des PM1 macht es absolut schmerzfrei, erfordert keine An\u00e4sthesietropfen und verspricht eine angenehme Untersuchung sowohl f\u00fcr den Arzt als auch f\u00fcr den Patienten.<\/p>\n<p>&nbsp;<\/p>\n<h3>pr\u00e4zise<\/h3>\n<h4>&#8211; genaue, zuverl\u00e4ssige und wiederholbare Werte der Hornhautdicke<\/h4>\n<p>Das PM1 erm\u00f6glicht zuverl\u00e4ssige, reproduzierbare Messungen mit einer Genauigkeit von \u00b1 10 Mikrometern.<\/p>\n<p>&nbsp;<\/p>\n<h3>kompakt<\/h3>\n<h4>&#8211; alle Vorteile eines Desktopger\u00e4tes in einem handlichen Format<\/h4>\n<p>Das kompakte, ergonomische Design und das geringe Gewicht von 345 Gramm garantiert eine bequeme Handhabung des PM1.<\/p>\n<p>Mit nur 17,5 cm L\u00e4nge bietet es gleichzeitig praktische Portabilit\u00e4t und l\u00e4sst sich \u00fcberall leicht unterbringen.<\/p>\n<p>&nbsp;<\/p>\n<h3>reduzierte Stuhlzeit<\/h3>\n<h4>&#8211; pr\u00e4zise Ergebnisse in wenigen Sekunden<\/h4>\n<p>Da das PM1 ber\u00fchrungslos arbeitet, muss nicht abgewartet werden, bis die an\u00e4sthetischen Augentropfen ihre Wirkung entfalten. Dies reduziert sp\u00fcrbar die Gesamtdauer des Messvorgangs.<\/p>\n<p>&nbsp;<\/p>\n<h3>kabelloses Aufladen<\/h3>\n<h4>&#8211; Das PM1 ist jederzeit bereit, wenn Sie es brauchen.<\/h4>\n<p>Dank der innovativen kabellosen Ladestation ist das Occuity PM1 immer einsatzbereit. Sobald es in die Ladestation gestellt wird, l\u00e4dt sich der Akku automatisch auf.<\/p>\n<p>Die Ladestation enth\u00e4lt au\u00dferdem ein eingebautes Referenzobjekt, mit dem das Ger\u00e4t bei Bedarf automatisch eine Selbstkalibrierung durchf\u00fchrt. Dadurch bleibt die Zuverl\u00e4ssigkeit des Ger\u00e4ts stets gew\u00e4hrleistet.<\/p>\n<p>&nbsp;<\/p>\n<h3>einfach<\/h3>\n<h4>&#8211; Dank des intuitiven Designs ben\u00f6tigt das PM1 nur eine kurze Einweisung.<\/h4>\n<p>Die Touchscreen-Oberfl\u00e4che des PM1 ist leicht und intuitiv zu bedienen. Das Praxispersonal und die \u00c4rzte werden es schon nach wenigen Minuten \u00dcbung sicher anwenden k\u00f6nnen.<\/p>\n<p>&nbsp;<\/p>\n<h3>sicher<\/h3>\n<h4>&#8211; Krankheits\u00fcbertragungen und Verletzungsrisiken sind praktisch ausgeschlossen.<\/h4>\n<p>Mit seinem gro\u00dfz\u00fcgigen Arbeitsabstand muss das PM1 das Auge nie ber\u00fchren, was das potenzielle Risiko von Kreuzinfektionen und versehentlichen Hornhautsch\u00e4digungen erheblich reduziert. Die ber\u00fchrungslose Arbeitsweise des PM1 erh\u00f6ht insbesondere auch die Sicherheit bez\u00fcglich einer COVID-19 \u00dcbertragung.<\/p>\n<p>&nbsp;<\/p>\n<h3>ohne Verbrauchsmaterial<\/h3>\n<h4>&#8211; kein Abfall, keine Vorbereitungszeit<\/h4>\n<p>Bei der Entwicklung des PM1 wurde auch auf Nachhaltigkeit geachtet. Da das Auge nicht mehr\u00a0 ber\u00fchrt werden muss, entfallen der Bedarf an an\u00e4sthetischen Augentropfen sowie Warte- und<br \/>\nReinigungszeiten. Dies reduziert Kosten, Abfall, Ausfallzeiten und das Risiko einer Besch\u00e4digung der Ger\u00e4te durch die Reinigung.<\/p>\n<p>&nbsp;<\/p>\n<h3>wirtschaftlich<\/h3>\n<h4>&#8211; ein preiswertes Handger\u00e4t mit der Leistungsf\u00e4higkeit eines Desktopger\u00e4ts<\/h4>\n<p>Profitieren Sie von den pr\u00e4zisen Ergebnissen und der ber\u00fchrungslosen Messmethode hochpreisiger optischer Tischger\u00e4te zu einem Preis eines herk\u00f6mmlichen Kontakt-Ultraschallger\u00e4tes.<\/p>\n<p>&nbsp;<\/p>\n<h3>optional: Der SL1 &#8211; Spaltlampenadapter<\/h3>\n<h4>&#8211; Behalten Sie Ihre H\u00e4nde frei!<\/h4>\n<p>Das PM1 Pachymeter ist perfekt f\u00fcr den Handbetrieb, es kann jedoch auch an der Spaltlampe verwendet werden. Daf\u00fcr ist der praktische Spaltlampenadapter \u201eSL1\u201c als optionales Zubeh\u00f6r erh\u00e4ltlich. Der Adapter ist passend f\u00fcr die meisten Spaltlampen mit einem Standard-Aufnahmeloch in der Basis. &#8211; Fragen Sie Ihren bon Berater, ob Ihre Spaltlampe kompatibel ist!<\/p>\n","protected":false},"excerpt":{"rendered":"<p>Schnelle, hochpr\u00e4zise Ermittlung der zentralen Hornhautdicke &#8211; kontaktlos und ohne An\u00e4sthesie<\/p>\n","protected":false},"featured_media":10046,"comment_status":"closed","ping_status":"closed","template":"","meta":{"_acf_changed":false,"inline_featured_image":false},"product_manufacturers":[590],"product_brand":[],"product_cat":[244,380],"product_tag":[809,805,810,807,811,806,808,750,804],"class_list":{"0":"post-10044","1":"product","2":"type-product","3":"status-publish","4":"has-post-thumbnail","6":"product_cat-hornhaut","7":"product_cat-pachymetrie","8":"product_tag-augenheilkunde","9":"product_tag-hornhautdicke","10":"product_tag-iol","11":"product_tag-kontaktlos","12":"product_tag-lasik","13":"product_tag-non-contact","14":"product_tag-occuity","15":"product_tag-ophthalmologie","16":"product_tag-pachymeter","17":"pa_european-authorized-represen-european_healthcaredevice_solutions_ltd_stratton_house_bishopstown_road_cork_t12y9tc_irland","19":"first","20":"instock","21":"taxable","22":"shipping-taxable","23":"product-type-simple"},"acf":[],"yoast_head":"<!-- This site is optimized with the Yoast SEO plugin v27.0 - https:\/\/yoast.com\/product\/yoast-seo-wordpress\/ -->\n<title>optisches Non Contact Pachymeter Occuity PM1 - bon Optic - Partner auf Augenh\u00f6he<\/title>\n<meta name=\"robots\" content=\"index, follow, max-snippet:-1, max-image-preview:large, max-video-preview:-1\" \/>\n<link rel=\"canonical\" href=\"https:\/\/bon.de\/produkt\/occuity-pm1-optisches-non-contact-pachymeter\/\" \/>\n<meta property=\"og:locale\" content=\"en_US\" \/>\n<meta property=\"og:type\" content=\"article\" \/>\n<meta property=\"og:title\" content=\"optisches Non Contact Pachymeter Occuity PM1 - bon Optic - Partner auf Augenh\u00f6he\" \/>\n<meta property=\"og:description\" content=\"Schnelle, hochpr\u00e4zise Ermittlung der zentralen Hornhautdicke - kontaktlos und ohne An\u00e4sthesie\" \/>\n<meta property=\"og:url\" content=\"https:\/\/bon.de\/produkt\/occuity-pm1-optisches-non-contact-pachymeter\/\" \/>\n<meta property=\"og:site_name\" content=\"bon Optic - Partner auf Augenh\u00f6he\" \/>\n<meta property=\"article:modified_time\" content=\"2024-10-29T14:30:39+00:00\" \/>\n<meta property=\"og:image\" content=\"https:\/\/bon.de\/wp-content\/uploads\/2024\/10\/Occuity_PM1_1.jpg\" \/>\n\t<meta property=\"og:image:width\" content=\"1099\" \/>\n\t<meta property=\"og:image:height\" content=\"1099\" \/>\n\t<meta property=\"og:image:type\" content=\"image\/jpeg\" \/>\n<meta name=\"twitter:card\" content=\"summary_large_image\" \/>\n<meta name=\"twitter:label1\" content=\"Est. reading time\" \/>\n\t<meta name=\"twitter:data1\" content=\"5 minutes\" \/>\n<script type=\"application\/ld+json\" class=\"yoast-schema-graph\">{\"@context\":\"https:\/\/schema.org\",\"@graph\":[{\"@type\":\"WebPage\",\"@id\":\"https:\/\/bon.de\/produkt\/occuity-pm1-optisches-non-contact-pachymeter\/\",\"url\":\"https:\/\/bon.de\/produkt\/occuity-pm1-optisches-non-contact-pachymeter\/\",\"name\":\"optisches Non Contact Pachymeter Occuity PM1 - bon Optic - Partner auf Augenh\u00f6he\",\"isPartOf\":{\"@id\":\"https:\/\/bon.de\/#website\"},\"primaryImageOfPage\":{\"@id\":\"https:\/\/bon.de\/produkt\/occuity-pm1-optisches-non-contact-pachymeter\/#primaryimage\"},\"image\":{\"@id\":\"https:\/\/bon.de\/produkt\/occuity-pm1-optisches-non-contact-pachymeter\/#primaryimage\"},\"thumbnailUrl\":\"https:\/\/bon.de\/wp-content\/uploads\/2024\/10\/Occuity_PM1_1.jpg\",\"datePublished\":\"2024-10-24T14:20:47+00:00\",\"dateModified\":\"2024-10-29T14:30:39+00:00\",\"breadcrumb\":{\"@id\":\"https:\/\/bon.de\/produkt\/occuity-pm1-optisches-non-contact-pachymeter\/#breadcrumb\"},\"inLanguage\":\"en-US\",\"potentialAction\":[{\"@type\":\"ReadAction\",\"target\":[\"https:\/\/bon.de\/produkt\/occuity-pm1-optisches-non-contact-pachymeter\/\"]}]},{\"@type\":\"ImageObject\",\"inLanguage\":\"en-US\",\"@id\":\"https:\/\/bon.de\/produkt\/occuity-pm1-optisches-non-contact-pachymeter\/#primaryimage\",\"url\":\"https:\/\/bon.de\/wp-content\/uploads\/2024\/10\/Occuity_PM1_1.jpg\",\"contentUrl\":\"https:\/\/bon.de\/wp-content\/uploads\/2024\/10\/Occuity_PM1_1.jpg\",\"width\":1099,\"height\":1099},{\"@type\":\"BreadcrumbList\",\"@id\":\"https:\/\/bon.de\/produkt\/occuity-pm1-optisches-non-contact-pachymeter\/#breadcrumb\",\"itemListElement\":[{\"@type\":\"ListItem\",\"position\":1,\"name\":\"Home\",\"item\":\"https:\/\/bon.de\/en\/\"},{\"@type\":\"ListItem\",\"position\":2,\"name\":\"Shop\",\"item\":\"https:\/\/bon.de\/en\/shop-2-2\/\"},{\"@type\":\"ListItem\",\"position\":3,\"name\":\"optisches Non Contact Pachymeter Occuity PM1\"}]},{\"@type\":\"WebSite\",\"@id\":\"https:\/\/bon.de\/#website\",\"url\":\"https:\/\/bon.de\/\",\"name\":\"bon Optic - Partner auf Augenh\u00f6he\",\"description\":\"\",\"publisher\":{\"@id\":\"https:\/\/bon.de\/#organization\"},\"potentialAction\":[{\"@type\":\"SearchAction\",\"target\":{\"@type\":\"EntryPoint\",\"urlTemplate\":\"https:\/\/bon.de\/?s={search_term_string}\"},\"query-input\":{\"@type\":\"PropertyValueSpecification\",\"valueRequired\":true,\"valueName\":\"search_term_string\"}}],\"inLanguage\":\"en-US\"},{\"@type\":\"Organization\",\"@id\":\"https:\/\/bon.de\/#organization\",\"name\":\"bon Optic Vertriebsgesellschaft mbH\",\"url\":\"https:\/\/bon.de\/\",\"logo\":{\"@type\":\"ImageObject\",\"inLanguage\":\"en-US\",\"@id\":\"https:\/\/bon.de\/#\/schema\/logo\/image\/\",\"url\":\"https:\/\/bon.de\/wp-content\/uploads\/2021\/06\/bon-Logo_512x512px.png\",\"contentUrl\":\"https:\/\/bon.de\/wp-content\/uploads\/2021\/06\/bon-Logo_512x512px.png\",\"width\":512,\"height\":512,\"caption\":\"bon Optic Vertriebsgesellschaft mbH\"},\"image\":{\"@id\":\"https:\/\/bon.de\/#\/schema\/logo\/image\/\"},\"sameAs\":[\"https:\/\/www.linkedin.com\/company\/bon-optic-vertriebsgesellschaft-mbh\/\",\"https:\/\/www.youtube.com\/channel\/UCSURhENDItKaH88bvn8LlcA\"]}]}<\/script>\n<!-- \/ Yoast SEO plugin. -->","yoast_head_json":{"title":"optisches Non Contact Pachymeter Occuity PM1 - bon Optic - Partner auf Augenh\u00f6he","robots":{"index":"index","follow":"follow","max-snippet":"max-snippet:-1","max-image-preview":"max-image-preview:large","max-video-preview":"max-video-preview:-1"},"canonical":"https:\/\/bon.de\/produkt\/occuity-pm1-optisches-non-contact-pachymeter\/","og_locale":"en_US","og_type":"article","og_title":"optisches Non Contact Pachymeter Occuity PM1 - bon Optic - Partner auf Augenh\u00f6he","og_description":"Schnelle, hochpr\u00e4zise Ermittlung der zentralen Hornhautdicke - kontaktlos und ohne An\u00e4sthesie","og_url":"https:\/\/bon.de\/produkt\/occuity-pm1-optisches-non-contact-pachymeter\/","og_site_name":"bon Optic - Partner auf Augenh\u00f6he","article_modified_time":"2024-10-29T14:30:39+00:00","og_image":[{"width":1099,"height":1099,"url":"https:\/\/bon.de\/wp-content\/uploads\/2024\/10\/Occuity_PM1_1.jpg","type":"image\/jpeg"}],"twitter_card":"summary_large_image","twitter_misc":{"Est. reading time":"5 minutes"},"schema":{"@context":"https:\/\/schema.org","@graph":[{"@type":"WebPage","@id":"https:\/\/bon.de\/produkt\/occuity-pm1-optisches-non-contact-pachymeter\/","url":"https:\/\/bon.de\/produkt\/occuity-pm1-optisches-non-contact-pachymeter\/","name":"optisches Non Contact Pachymeter Occuity PM1 - bon Optic - Partner auf Augenh\u00f6he","isPartOf":{"@id":"https:\/\/bon.de\/#website"},"primaryImageOfPage":{"@id":"https:\/\/bon.de\/produkt\/occuity-pm1-optisches-non-contact-pachymeter\/#primaryimage"},"image":{"@id":"https:\/\/bon.de\/produkt\/occuity-pm1-optisches-non-contact-pachymeter\/#primaryimage"},"thumbnailUrl":"https:\/\/bon.de\/wp-content\/uploads\/2024\/10\/Occuity_PM1_1.jpg","datePublished":"2024-10-24T14:20:47+00:00","dateModified":"2024-10-29T14:30:39+00:00","breadcrumb":{"@id":"https:\/\/bon.de\/produkt\/occuity-pm1-optisches-non-contact-pachymeter\/#breadcrumb"},"inLanguage":"en-US","potentialAction":[{"@type":"ReadAction","target":["https:\/\/bon.de\/produkt\/occuity-pm1-optisches-non-contact-pachymeter\/"]}]},{"@type":"ImageObject","inLanguage":"en-US","@id":"https:\/\/bon.de\/produkt\/occuity-pm1-optisches-non-contact-pachymeter\/#primaryimage","url":"https:\/\/bon.de\/wp-content\/uploads\/2024\/10\/Occuity_PM1_1.jpg","contentUrl":"https:\/\/bon.de\/wp-content\/uploads\/2024\/10\/Occuity_PM1_1.jpg","width":1099,"height":1099},{"@type":"BreadcrumbList","@id":"https:\/\/bon.de\/produkt\/occuity-pm1-optisches-non-contact-pachymeter\/#breadcrumb","itemListElement":[{"@type":"ListItem","position":1,"name":"Home","item":"https:\/\/bon.de\/en\/"},{"@type":"ListItem","position":2,"name":"Shop","item":"https:\/\/bon.de\/en\/shop-2-2\/"},{"@type":"ListItem","position":3,"name":"optisches Non Contact Pachymeter Occuity PM1"}]},{"@type":"WebSite","@id":"https:\/\/bon.de\/#website","url":"https:\/\/bon.de\/","name":"bon Optic - Partner auf Augenh\u00f6he","description":"","publisher":{"@id":"https:\/\/bon.de\/#organization"},"potentialAction":[{"@type":"SearchAction","target":{"@type":"EntryPoint","urlTemplate":"https:\/\/bon.de\/?s={search_term_string}"},"query-input":{"@type":"PropertyValueSpecification","valueRequired":true,"valueName":"search_term_string"}}],"inLanguage":"en-US"},{"@type":"Organization","@id":"https:\/\/bon.de\/#organization","name":"bon Optic Vertriebsgesellschaft mbH","url":"https:\/\/bon.de\/","logo":{"@type":"ImageObject","inLanguage":"en-US","@id":"https:\/\/bon.de\/#\/schema\/logo\/image\/","url":"https:\/\/bon.de\/wp-content\/uploads\/2021\/06\/bon-Logo_512x512px.png","contentUrl":"https:\/\/bon.de\/wp-content\/uploads\/2021\/06\/bon-Logo_512x512px.png","width":512,"height":512,"caption":"bon Optic Vertriebsgesellschaft mbH"},"image":{"@id":"https:\/\/bon.de\/#\/schema\/logo\/image\/"},"sameAs":["https:\/\/www.linkedin.com\/company\/bon-optic-vertriebsgesellschaft-mbh\/","https:\/\/www.youtube.com\/channel\/UCSURhENDItKaH88bvn8LlcA"]}]}},"_links":{"self":[{"href":"https:\/\/bon.de\/en\/wp-json\/wp\/v2\/product\/10044","targetHints":{"allow":["GET"]}}],"collection":[{"href":"https:\/\/bon.de\/en\/wp-json\/wp\/v2\/product"}],"about":[{"href":"https:\/\/bon.de\/en\/wp-json\/wp\/v2\/types\/product"}],"replies":[{"embeddable":true,"href":"https:\/\/bon.de\/en\/wp-json\/wp\/v2\/comments?post=10044"}],"wp:featuredmedia":[{"embeddable":true,"href":"https:\/\/bon.de\/en\/wp-json\/wp\/v2\/media\/10046"}],"wp:attachment":[{"href":"https:\/\/bon.de\/en\/wp-json\/wp\/v2\/media?parent=10044"}],"wp:term":[{"taxonomy":"product_manufacturers","embeddable":true,"href":"https:\/\/bon.de\/en\/wp-json\/wp\/v2\/product_manufacturers?post=10044"},{"taxonomy":"product_brand","embeddable":true,"href":"https:\/\/bon.de\/en\/wp-json\/wp\/v2\/product_brand?post=10044"},{"taxonomy":"product_cat","embeddable":true,"href":"https:\/\/bon.de\/en\/wp-json\/wp\/v2\/product_cat?post=10044"},{"taxonomy":"product_tag","embeddable":true,"href":"https:\/\/bon.de\/en\/wp-json\/wp\/v2\/product_tag?post=10044"}],"curies":[{"name":"wp","href":"https:\/\/api.w.org\/{rel}","templated":true}]}}