{"id":10417,"date":"2025-02-26T13:54:51","date_gmt":"2025-02-26T12:54:51","guid":{"rendered":"https:\/\/bon.de\/?post_type=product&#038;p=10417"},"modified":"2025-02-26T14:34:08","modified_gmt":"2025-02-26T13:34:08","slug":"scheitelbrechwertmesser-serie-rexxam-dl-2000","status":"publish","type":"product","link":"https:\/\/bon.de\/en\/produkt\/scheitelbrechwertmesser-serie-rexxam-dl-2000\/","title":{"rendered":"Scheitelbrechwertmesser-Serie Rexxam DL-2000"},"content":{"rendered":"<h4>Scheitelbrechwertmesser-Serie Rexxam DL-2000<\/h4>\n<p>&nbsp;<\/p>\n<p><strong>Erleben Sie Benutzerfreundlichkeit, Design und Funktionalit\u00e4t, sowie modernste Hartmann-Technologie f\u00fcr h\u00f6chste Pr\u00e4zision.<\/strong><\/p>\n<p>&nbsp;<\/p>\n<h4>Wir stellen vor:<br \/>\ndie Scheitelbrechwertmesser-Serie &#8220;DL-2000&#8221; von Rexxam (Japan).<\/h4>\n<p>&nbsp;<\/p>\n<p>Die Nachfolger der beliebten DL-800\/900\/1000 Serie sind in drei Varianten erh\u00e4ltlich: DL-2000 Premium, DL-2000 Standard und DL-2000 Economy.<\/p>\n<p>Die fortschrittlichen digitalen Messger\u00e4te bieten ein komplett \u00fcberarbeitetes Design mit einem gro\u00dfen Touchscreen und einer benutzerfreundlichen, intuitiven Benutzeroberfl\u00e4che &#8211; f\u00fcr eine besonders einfache und effiziente Bedienung.<\/p>\n<p>Der verbesserte Hartmann-Sensor mit 145 Messpunkten verspricht h\u00f6chste Genauigkeit und Zeitersparnis bei der Messung, insbesondere bei Gleitsichtgl\u00e4sern.<\/p>\n<p>Je nach Modellausstattung stehen Ihnen weitere Funktionen zur Verf\u00fcgung, wie z.B. die Messung der Pupillendistanz (PD) sowie der UV- und Blaulicht-Transmission.<\/p>\n<p>&nbsp;<\/p>\n<h4>Hartmann-Sensor<\/h4>\n<p>Der Messsensor mit modernster Hartmann-Technologie erm\u00f6glicht schnellere und<br \/>\ngenauere Erkennung von Gleitsichtgl\u00e4sern. 145 Analysepunkte garantieren<br \/>\nhochpr\u00e4zise, automatische Messungen bis zur kleinsten Addition von 0,5 Dioptrien.<\/p>\n<p>&nbsp;<\/p>\n<h4>Konnektivit\u00e4t<\/h4>\n<p>Alle Scheitelbrechwertmesser der Rexxam DL-Serie sind kompatibel mit<br \/>\ndem digitalen Phoropter DR-900 des gleichen Herstellers. Die Messwerte<br \/>\nk\u00f6nnen f\u00fcr einen effizienten und genauen Arbeitsablauf einfach in den<br \/>\nDR-900 exportiert werden.<\/p>\n<p>&nbsp;<\/p>\n<h4>Gro\u00dfes, neigbares Display<\/h4>\n<p>Der gro\u00dfz\u00fcgige Bildschirm ist um 60 Grad neigbar und erm\u00f6glicht<br \/>\ndem Benutzer ein bequemes Arbeiten im Sitzen oder Stehen.<\/p>\n<p>&nbsp;<\/p>\n<h4>\u00dcbersichtliche, intuitive Benutzeroberfl\u00e4che<\/h4>\n<p>Erleben Sie eine leicht verst\u00e4ndliche und einfach zu bedienende Benutzeroberfl\u00e4che<br \/>\nmit Touchscreen-Tasten und intuitiven Symbolen. Das Zielkreuz<br \/>\n\u00e4ndert seine Farbe, sobald das optische Zentrum richtig positioniert ist. Bei<br \/>\nMessungen von weichen Kontaktlinsen kann das sph\u00e4rische \u00c4quivalent<br \/>\nangezeigt werden. Die Messwerte k\u00f6nnen in Schritten von 0,25, 0,12 oder 0,01<br \/>\nDioptrien angezeigt werden.<\/p>\n<p>&nbsp;<\/p>\n<h4>Automatischer Gleitsichtglasmodus<\/h4>\n<p>Das Messen von Gleitsichtgl\u00e4sern war noch nie so einfach. Die DL-2000 Serie<br \/>\nerkennt und vermisst sie automatisch und pr\u00e4zise. Ein intuitives grafisches<br \/>\nOrientierungssystem und eindeutige Symbole beschleunigen das korrekte<br \/>\nAusrichten. Das Ger\u00e4t speichert automatisch die Fern- und Nahst\u00e4rke.<br \/>\nAdditionswerte werden automatisch bis zu 0,5 Dioptrien gemessen.<\/p>\n<p>&nbsp;<\/p>\n<h4>UV- und Blaulicht-Transmission<\/h4>\n<p>Der DL-2000 P und der DL-2000 S bieten pr\u00e4zise UV-Transmissionsmessungen<br \/>\nbei 375nm. Der DL-2000 P ermittelt au\u00dferdem die Blaulichttransmission<br \/>\nbei 420nm. Das erm\u00f6glicht die genaue Bewertung der<br \/>\nSchutzwerte der Gl\u00e4ser.<\/p>\n<p>&nbsp;<\/p>\n<h4>Messung der Pupillendistanz<\/h4>\n<p>Das Spitzenmodell DL-2000 P ist zus\u00e4tzlich mit einer PD-Messfunktion<br \/>\nausgestattet. Seine neu gestaltete Nasenauflage ist auch kompatibel<br \/>\nmit den neuesten Brillenfassungen mit gro\u00dfer Stegbreite.<\/p>\n<p>&nbsp;<\/p>\n<h4>Direkte Eingabe der PD<\/h4>\n<p>Alternativ zur Messung k\u00f6nnen die Werte f\u00fcr die Pupillendistanz manuell<br \/>\neingegeben werden. Diese Funktion ist bei jedem DL-2000 Modell gegeben.<\/p>\n<p>&nbsp;<\/p>\n<h4>Messtaste in Wunschfarbe<\/h4>\n<p>Die extra gro\u00dfe Messtaste kann je nach Geschmack<br \/>\nin Wei\u00df, Gr\u00fcn oder Blau konfiguriert werden.<\/p>\n<p>&nbsp;<\/p>\n<p>&nbsp;<\/p>\n<p>&nbsp;<\/p>\n","protected":false},"excerpt":{"rendered":"<p>Scheitelbrechwertmesser-Serie Rexxam DL-2000 &nbsp; Erleben Sie Benutzerfreundlichkeit, Design und Funktionalit\u00e4t, sowie modernste Hartmann-Technologie f\u00fcr h\u00f6chste Pr\u00e4zision. &nbsp; Wir stellen vor: die Scheitelbrechwertmesser-Serie &#8220;DL-2000&#8221; von Rexxam (Japan). &nbsp; Die Nachfolger der beliebten DL-800\/900\/1000 Serie sind in drei Varianten erh\u00e4ltlich: DL-2000 Premium, DL-2000 Standard und DL-2000 Economy. Die fortschrittlichen digitalen Messger\u00e4te bieten ein komplett \u00fcberarbeitetes Design mit [&hellip;]<\/p>\n","protected":false},"featured_media":10418,"comment_status":"closed","ping_status":"closed","template":"","meta":{"_acf_changed":false,"inline_featured_image":false},"product_manufacturers":[475],"product_brand":[],"product_cat":[282,280],"product_tag":[854,852,853],"class_list":{"0":"post-10417","1":"product","2":"type-product","3":"status-publish","4":"has-post-thumbnail","6":"product_cat-automatische-sbm","7":"product_cat-scheitelbrechwertmesser","8":"product_tag-augenoptik","9":"product_tag-glasvermessung","10":"product_tag-scheitelbrechwertmesser","11":"pa_european-authorized-represen-rexxam-czech-co-ltd-prumyslova-937-p-estice-czech-republic","13":"first","14":"instock","15":"taxable","16":"shipping-taxable","17":"product-type-simple"},"acf":[],"yoast_head":"<!-- This site is optimized with the Yoast SEO plugin v27.0 - https:\/\/yoast.com\/product\/yoast-seo-wordpress\/ -->\n<title>Scheitelbrechwertmesser-Serie Rexxam DL-2000 - bon Optic - Partner auf Augenh\u00f6he<\/title>\n<meta name=\"robots\" content=\"index, follow, max-snippet:-1, max-image-preview:large, max-video-preview:-1\" \/>\n<link rel=\"canonical\" href=\"https:\/\/bon.de\/produkt\/scheitelbrechwertmesser-serie-rexxam-dl-2000\/\" \/>\n<meta property=\"og:locale\" content=\"en_US\" \/>\n<meta property=\"og:type\" content=\"article\" \/>\n<meta property=\"og:title\" content=\"Scheitelbrechwertmesser-Serie Rexxam DL-2000 - bon Optic - Partner auf Augenh\u00f6he\" \/>\n<meta property=\"og:description\" content=\"Scheitelbrechwertmesser-Serie Rexxam DL-2000 &nbsp; Erleben Sie Benutzerfreundlichkeit, Design und Funktionalit\u00e4t, sowie modernste Hartmann-Technologie f\u00fcr h\u00f6chste Pr\u00e4zision. &nbsp; Wir stellen vor: die Scheitelbrechwertmesser-Serie &#8220;DL-2000&#8221; von Rexxam (Japan). &nbsp; Die Nachfolger der beliebten DL-800\/900\/1000 Serie sind in drei Varianten erh\u00e4ltlich: DL-2000 Premium, DL-2000 Standard und DL-2000 Economy. Die fortschrittlichen digitalen Messger\u00e4te bieten ein komplett \u00fcberarbeitetes Design mit [&hellip;]\" \/>\n<meta property=\"og:url\" content=\"https:\/\/bon.de\/produkt\/scheitelbrechwertmesser-serie-rexxam-dl-2000\/\" \/>\n<meta property=\"og:site_name\" content=\"bon Optic - Partner auf Augenh\u00f6he\" \/>\n<meta property=\"article:modified_time\" content=\"2025-02-26T13:34:08+00:00\" \/>\n<meta property=\"og:image\" content=\"https:\/\/bon.de\/wp-content\/uploads\/2025\/02\/20230217_134418-removebg-preview.png\" \/>\n\t<meta property=\"og:image:width\" content=\"335\" \/>\n\t<meta property=\"og:image:height\" content=\"745\" \/>\n\t<meta property=\"og:image:type\" content=\"image\/png\" \/>\n<meta name=\"twitter:card\" content=\"summary_large_image\" \/>\n<meta name=\"twitter:label1\" content=\"Est. reading time\" \/>\n\t<meta name=\"twitter:data1\" content=\"3 minutes\" \/>\n<script type=\"application\/ld+json\" class=\"yoast-schema-graph\">{\"@context\":\"https:\/\/schema.org\",\"@graph\":[{\"@type\":\"WebPage\",\"@id\":\"https:\/\/bon.de\/produkt\/scheitelbrechwertmesser-serie-rexxam-dl-2000\/\",\"url\":\"https:\/\/bon.de\/produkt\/scheitelbrechwertmesser-serie-rexxam-dl-2000\/\",\"name\":\"Scheitelbrechwertmesser-Serie Rexxam DL-2000 - bon Optic - Partner auf Augenh\u00f6he\",\"isPartOf\":{\"@id\":\"https:\/\/bon.de\/#website\"},\"primaryImageOfPage\":{\"@id\":\"https:\/\/bon.de\/produkt\/scheitelbrechwertmesser-serie-rexxam-dl-2000\/#primaryimage\"},\"image\":{\"@id\":\"https:\/\/bon.de\/produkt\/scheitelbrechwertmesser-serie-rexxam-dl-2000\/#primaryimage\"},\"thumbnailUrl\":\"https:\/\/bon.de\/wp-content\/uploads\/2025\/02\/20230217_134418-removebg-preview.png\",\"datePublished\":\"2025-02-26T12:54:51+00:00\",\"dateModified\":\"2025-02-26T13:34:08+00:00\",\"breadcrumb\":{\"@id\":\"https:\/\/bon.de\/produkt\/scheitelbrechwertmesser-serie-rexxam-dl-2000\/#breadcrumb\"},\"inLanguage\":\"en-US\",\"potentialAction\":[{\"@type\":\"ReadAction\",\"target\":[\"https:\/\/bon.de\/produkt\/scheitelbrechwertmesser-serie-rexxam-dl-2000\/\"]}]},{\"@type\":\"ImageObject\",\"inLanguage\":\"en-US\",\"@id\":\"https:\/\/bon.de\/produkt\/scheitelbrechwertmesser-serie-rexxam-dl-2000\/#primaryimage\",\"url\":\"https:\/\/bon.de\/wp-content\/uploads\/2025\/02\/20230217_134418-removebg-preview.png\",\"contentUrl\":\"https:\/\/bon.de\/wp-content\/uploads\/2025\/02\/20230217_134418-removebg-preview.png\",\"width\":335,\"height\":745,\"caption\":\"automatischer Scheitelbrechwertmesser-Serie DL-2000\"},{\"@type\":\"BreadcrumbList\",\"@id\":\"https:\/\/bon.de\/produkt\/scheitelbrechwertmesser-serie-rexxam-dl-2000\/#breadcrumb\",\"itemListElement\":[{\"@type\":\"ListItem\",\"position\":1,\"name\":\"Home\",\"item\":\"https:\/\/bon.de\/en\/\"},{\"@type\":\"ListItem\",\"position\":2,\"name\":\"Shop\",\"item\":\"https:\/\/bon.de\/en\/shop-2-2\/\"},{\"@type\":\"ListItem\",\"position\":3,\"name\":\"Scheitelbrechwertmesser-Serie Rexxam DL-2000\"}]},{\"@type\":\"WebSite\",\"@id\":\"https:\/\/bon.de\/#website\",\"url\":\"https:\/\/bon.de\/\",\"name\":\"bon Optic - Partner auf Augenh\u00f6he\",\"description\":\"\",\"publisher\":{\"@id\":\"https:\/\/bon.de\/#organization\"},\"potentialAction\":[{\"@type\":\"SearchAction\",\"target\":{\"@type\":\"EntryPoint\",\"urlTemplate\":\"https:\/\/bon.de\/?s={search_term_string}\"},\"query-input\":{\"@type\":\"PropertyValueSpecification\",\"valueRequired\":true,\"valueName\":\"search_term_string\"}}],\"inLanguage\":\"en-US\"},{\"@type\":\"Organization\",\"@id\":\"https:\/\/bon.de\/#organization\",\"name\":\"bon Optic Vertriebsgesellschaft mbH\",\"url\":\"https:\/\/bon.de\/\",\"logo\":{\"@type\":\"ImageObject\",\"inLanguage\":\"en-US\",\"@id\":\"https:\/\/bon.de\/#\/schema\/logo\/image\/\",\"url\":\"https:\/\/bon.de\/wp-content\/uploads\/2021\/06\/bon-Logo_512x512px.png\",\"contentUrl\":\"https:\/\/bon.de\/wp-content\/uploads\/2021\/06\/bon-Logo_512x512px.png\",\"width\":512,\"height\":512,\"caption\":\"bon Optic Vertriebsgesellschaft mbH\"},\"image\":{\"@id\":\"https:\/\/bon.de\/#\/schema\/logo\/image\/\"},\"sameAs\":[\"https:\/\/www.linkedin.com\/company\/bon-optic-vertriebsgesellschaft-mbh\/\",\"https:\/\/www.youtube.com\/channel\/UCSURhENDItKaH88bvn8LlcA\"]}]}<\/script>\n<!-- \/ Yoast SEO plugin. -->","yoast_head_json":{"title":"Scheitelbrechwertmesser-Serie Rexxam DL-2000 - bon Optic - Partner auf Augenh\u00f6he","robots":{"index":"index","follow":"follow","max-snippet":"max-snippet:-1","max-image-preview":"max-image-preview:large","max-video-preview":"max-video-preview:-1"},"canonical":"https:\/\/bon.de\/produkt\/scheitelbrechwertmesser-serie-rexxam-dl-2000\/","og_locale":"en_US","og_type":"article","og_title":"Scheitelbrechwertmesser-Serie Rexxam DL-2000 - bon Optic - Partner auf Augenh\u00f6he","og_description":"Scheitelbrechwertmesser-Serie Rexxam DL-2000 &nbsp; Erleben Sie Benutzerfreundlichkeit, Design und Funktionalit\u00e4t, sowie modernste Hartmann-Technologie f\u00fcr h\u00f6chste Pr\u00e4zision. &nbsp; Wir stellen vor: die Scheitelbrechwertmesser-Serie &#8220;DL-2000&#8221; von Rexxam (Japan). &nbsp; Die Nachfolger der beliebten DL-800\/900\/1000 Serie sind in drei Varianten erh\u00e4ltlich: DL-2000 Premium, DL-2000 Standard und DL-2000 Economy. Die fortschrittlichen digitalen Messger\u00e4te bieten ein komplett \u00fcberarbeitetes Design mit [&hellip;]","og_url":"https:\/\/bon.de\/produkt\/scheitelbrechwertmesser-serie-rexxam-dl-2000\/","og_site_name":"bon Optic - Partner auf Augenh\u00f6he","article_modified_time":"2025-02-26T13:34:08+00:00","og_image":[{"width":335,"height":745,"url":"https:\/\/bon.de\/wp-content\/uploads\/2025\/02\/20230217_134418-removebg-preview.png","type":"image\/png"}],"twitter_card":"summary_large_image","twitter_misc":{"Est. reading time":"3 minutes"},"schema":{"@context":"https:\/\/schema.org","@graph":[{"@type":"WebPage","@id":"https:\/\/bon.de\/produkt\/scheitelbrechwertmesser-serie-rexxam-dl-2000\/","url":"https:\/\/bon.de\/produkt\/scheitelbrechwertmesser-serie-rexxam-dl-2000\/","name":"Scheitelbrechwertmesser-Serie Rexxam DL-2000 - bon Optic - Partner auf Augenh\u00f6he","isPartOf":{"@id":"https:\/\/bon.de\/#website"},"primaryImageOfPage":{"@id":"https:\/\/bon.de\/produkt\/scheitelbrechwertmesser-serie-rexxam-dl-2000\/#primaryimage"},"image":{"@id":"https:\/\/bon.de\/produkt\/scheitelbrechwertmesser-serie-rexxam-dl-2000\/#primaryimage"},"thumbnailUrl":"https:\/\/bon.de\/wp-content\/uploads\/2025\/02\/20230217_134418-removebg-preview.png","datePublished":"2025-02-26T12:54:51+00:00","dateModified":"2025-02-26T13:34:08+00:00","breadcrumb":{"@id":"https:\/\/bon.de\/produkt\/scheitelbrechwertmesser-serie-rexxam-dl-2000\/#breadcrumb"},"inLanguage":"en-US","potentialAction":[{"@type":"ReadAction","target":["https:\/\/bon.de\/produkt\/scheitelbrechwertmesser-serie-rexxam-dl-2000\/"]}]},{"@type":"ImageObject","inLanguage":"en-US","@id":"https:\/\/bon.de\/produkt\/scheitelbrechwertmesser-serie-rexxam-dl-2000\/#primaryimage","url":"https:\/\/bon.de\/wp-content\/uploads\/2025\/02\/20230217_134418-removebg-preview.png","contentUrl":"https:\/\/bon.de\/wp-content\/uploads\/2025\/02\/20230217_134418-removebg-preview.png","width":335,"height":745,"caption":"automatischer Scheitelbrechwertmesser-Serie DL-2000"},{"@type":"BreadcrumbList","@id":"https:\/\/bon.de\/produkt\/scheitelbrechwertmesser-serie-rexxam-dl-2000\/#breadcrumb","itemListElement":[{"@type":"ListItem","position":1,"name":"Home","item":"https:\/\/bon.de\/en\/"},{"@type":"ListItem","position":2,"name":"Shop","item":"https:\/\/bon.de\/en\/shop-2-2\/"},{"@type":"ListItem","position":3,"name":"Scheitelbrechwertmesser-Serie Rexxam DL-2000"}]},{"@type":"WebSite","@id":"https:\/\/bon.de\/#website","url":"https:\/\/bon.de\/","name":"bon Optic - Partner auf Augenh\u00f6he","description":"","publisher":{"@id":"https:\/\/bon.de\/#organization"},"potentialAction":[{"@type":"SearchAction","target":{"@type":"EntryPoint","urlTemplate":"https:\/\/bon.de\/?s={search_term_string}"},"query-input":{"@type":"PropertyValueSpecification","valueRequired":true,"valueName":"search_term_string"}}],"inLanguage":"en-US"},{"@type":"Organization","@id":"https:\/\/bon.de\/#organization","name":"bon Optic Vertriebsgesellschaft mbH","url":"https:\/\/bon.de\/","logo":{"@type":"ImageObject","inLanguage":"en-US","@id":"https:\/\/bon.de\/#\/schema\/logo\/image\/","url":"https:\/\/bon.de\/wp-content\/uploads\/2021\/06\/bon-Logo_512x512px.png","contentUrl":"https:\/\/bon.de\/wp-content\/uploads\/2021\/06\/bon-Logo_512x512px.png","width":512,"height":512,"caption":"bon Optic Vertriebsgesellschaft mbH"},"image":{"@id":"https:\/\/bon.de\/#\/schema\/logo\/image\/"},"sameAs":["https:\/\/www.linkedin.com\/company\/bon-optic-vertriebsgesellschaft-mbh\/","https:\/\/www.youtube.com\/channel\/UCSURhENDItKaH88bvn8LlcA"]}]}},"_links":{"self":[{"href":"https:\/\/bon.de\/en\/wp-json\/wp\/v2\/product\/10417","targetHints":{"allow":["GET"]}}],"collection":[{"href":"https:\/\/bon.de\/en\/wp-json\/wp\/v2\/product"}],"about":[{"href":"https:\/\/bon.de\/en\/wp-json\/wp\/v2\/types\/product"}],"replies":[{"embeddable":true,"href":"https:\/\/bon.de\/en\/wp-json\/wp\/v2\/comments?post=10417"}],"wp:featuredmedia":[{"embeddable":true,"href":"https:\/\/bon.de\/en\/wp-json\/wp\/v2\/media\/10418"}],"wp:attachment":[{"href":"https:\/\/bon.de\/en\/wp-json\/wp\/v2\/media?parent=10417"}],"wp:term":[{"taxonomy":"product_manufacturers","embeddable":true,"href":"https:\/\/bon.de\/en\/wp-json\/wp\/v2\/product_manufacturers?post=10417"},{"taxonomy":"product_brand","embeddable":true,"href":"https:\/\/bon.de\/en\/wp-json\/wp\/v2\/product_brand?post=10417"},{"taxonomy":"product_cat","embeddable":true,"href":"https:\/\/bon.de\/en\/wp-json\/wp\/v2\/product_cat?post=10417"},{"taxonomy":"product_tag","embeddable":true,"href":"https:\/\/bon.de\/en\/wp-json\/wp\/v2\/product_tag?post=10417"}],"curies":[{"name":"wp","href":"https:\/\/api.w.org\/{rel}","templated":true}]}}