{"id":10621,"date":"2025-04-29T13:59:41","date_gmt":"2025-04-29T12:59:41","guid":{"rendered":"https:\/\/bon.de\/?post_type=product&#038;p=10621"},"modified":"2025-06-12T07:32:30","modified_gmt":"2025-06-12T06:32:30","slug":"rexxam-fieldnavigator-das-vr-perimeter-mit-aktivem-eye-tracking-so-wird-die-gesichtsfeldmessung-zum-erfolgserlebnis","status":"publish","type":"product","link":"https:\/\/bon.de\/en\/produkt\/rexxam-fieldnavigator-das-vr-perimeter-mit-aktivem-eye-tracking-so-wird-die-gesichtsfeldmessung-zum-erfolgserlebnis\/","title":{"rendered":"REXXAM FIELDNavigator\u2122 &#8211; Das moderne VR-Perimeter mit aktivem Eye-Tracking &#8211; So wird die Gesichtsfeldmessung zum Erfolgserlebnis!"},"content":{"rendered":"<h4>Pr\u00e4zise. Innovativ. Effizient.\u00a0 &#8211; Der REXXAM FIELDNavigator\u2122<\/h4>\n<h4><\/h4>\n<h4>Entspannte Patienten. Bessere Compliance. Optimale Ergebnisse.<br \/>\n&#8211; So wird die Gesichtsfeldmessung zum Erfolgserlebnis!<\/h4>\n<p>&nbsp;<\/p>\n<p>&nbsp;<\/p>\n<h4>Pr\u00e4zisere Gesichtsfelduntersuchungen Dank Eye-Tracking-Technologie<\/h4>\n<p>&nbsp;<\/p>\n<p>Die Genauigkeit einer Gesichtsfelduntersuchung h\u00e4ngt stark von der Fixation und der subjektiven Reaktion des Patienten ab. Um dies zu optimieren, setzt der FIELDNavigator\u2122 von Rexxam auf ein fortschrittliches Eye-Tracking-System.<br \/>\nDas Ger\u00e4t erkennt Blickbewegungen des Patienten in Echtzeit und passt die Stimulusposition entsprechend an.<br \/>\nDurch die Analyse von Parametern wie Testbeginn, Geschwindigkeit und Blickbewegungen stellt der FieldNavigator eine pr\u00e4zise und komfortable Untersuchung sicher.<br \/>\nZudem entf\u00e4llt die Notwendigkeit, die Patientenfixation manuell zu \u00fcberwachen oder die Untersuchung in einem abgedunkelten Raum durchzuf\u00fchren.<\/p>\n<p>&nbsp;<\/p>\n<h4>Rexxam FIELDNavigator\u2122<br \/>\nDas weltweit einzige Perimeter mit dynamischer Fixation<\/h4>\n<p>&nbsp;<\/p>\n<h4>Einfache Patientenanleitung<\/h4>\n<p>Durch die automatische Eye-Tracking-Technologie kann der Untersucher den Testablauf schnell und verst\u00e4ndlich erkl\u00e4ren. Patienten k\u00f6nnen den Zielpunkt intuitiv erfassen.<\/p>\n<p>&nbsp;<\/p>\n<h4>Minimierung von Fehlreaktionen<\/h4>\n<p>Traditionelle Gesichtsfeldtests erfordern eine langanhaltende Konzentration, was zu Erm\u00fcdung und Fehlreaktionen f\u00fchren kann. Das Eye-Tracking registriert automatisch, ob der Proband den Lichtpunkt erkannt hat.<br \/>\nDeshalb ben\u00f6tigt der FIELDNavigator\u2122 keinen manuellen Reaktionstaster und minimiert dadurch sp\u00fcrbar das Risiko von Fehlantworten.<\/p>\n<p>F\u00fcr au\u00dfergew\u00f6hnlich schwierige F\u00e4lle steht optional ein konventioneller Handtaster zur Verf\u00fcgung. Er wird empfohlen bei Patienten mit starker Ptosis, bekanntem zentralen Skotom oder okulomotorischen St\u00f6rungen, bei Patienten, die bereits in der Kalibrierungsphase scheitern sowie bei Patienten, die w\u00e4hrend der Messung im Eye-Tracking-Modus nicht korrekt getestet werden k\u00f6nnen.<\/p>\n<p>&nbsp;<\/p>\n<h4>Detaillierte Ergebnisse<\/h4>\n<p>Der FIELDNavigator\u2122 ist mit der C-Peri Software ausgestattet, die eine detaillierte Analyse der Untersuchungsergebnisse erm\u00f6glicht.<br \/>\nF\u00fcr eine besonders einfache Handhabung bietet sie eine intuitive Benutzeroberfl\u00e4che, inklusive einer leicht erkennbaren Fortschrittsanzeige w\u00e4hrend der Untersuchung.<\/p>\n<p>&nbsp;<\/p>\n<h4>Nie wieder gro\u00dfe, dunkle R\u00e4ume<\/h4>\n<p>Dank seiner kompakten, portablen Bauweise ben\u00f6tigt der FIELDNavigator\u2122 nur sehr wenig Platz in der Praxis. Aufgrund der geschlossenen Bauweise ist f\u00fcr die Anwendung kein abgedunkelter Raum erforderlich.<br \/>\nDas erleichtert den Workflow und verringert m\u00f6gliche Unfallrisiken.<br \/>\nDurch den vollautomatischen Testablauf ist zudem nur eine minimale Aufsicht erforderlich, sodass ein einzelner Untersucher mehrere Patienten betreuen kann.<\/p>\n<p>&nbsp;<\/p>\n<h4>Standardisierte Berichte<\/h4>\n<p>F\u00fcr eine optimale Vergleichbarkeit mit anderen Perimetern werden die Ergebnisse in einem branchen\u00fcblichen Standardformat dargestellt.<\/p>\n<p>&nbsp;<\/p>\n<p>&nbsp;<\/p>\n<div class=\"brlbs-cmpnt-container brlbs-cmpnt-content-blocker brlbs-cmpnt-with-individual-styles\" data-borlabs-cookie-content-blocker-id=\"youtube-content-blocker\" data-borlabs-cookie-content=\"PGlmcmFtZSB0aXRsZT0iWW91VHViZSB2aWRlbyBwbGF5ZXIiIHNyYz0iaHR0cHM6Ly93d3cueW91dHViZS1ub2Nvb2tpZS5jb20vZW1iZWQvdG9XSVE1M2pVM3M\/c2k9UWwwdHlhUUtZa0lBenZQVSIgd2lkdGg9IjExMjAiIGhlaWdodD0iNjMwIiBmcmFtZWJvcmRlcj0iMCIgYWxsb3dmdWxsc2NyZWVuPSJhbGxvd2Z1bGxzY3JlZW4iPjxzcGFuIGRhdGEtbWNlLXR5cGU9ImJvb2ttYXJrIiBzdHlsZT0iZGlzcGxheTogaW5saW5lLWJsb2NrOyB3aWR0aDogMHB4OyBvdmVyZmxvdzogaGlkZGVuOyBsaW5lLWhlaWdodDogMDsiIGNsYXNzPSJtY2VfU0VMUkVTX3N0YXJ0Ij7vu788L3NwYW4+PC9pZnJhbWU+\">\n<div class=\"brlbs-cmpnt-cb-preset-c brlbs-cmpnt-cb-youtube\">\n<div class=\"brlbs-cmpnt-cb-thumbnail\" style=\"background-image: url('https:\/\/bon.de\/wp-content\/uploads\/borlabs-cookie\/1\/yt_toWIQ53jU3s_hqdefault.jpg')\"><\/div>\n<div class=\"brlbs-cmpnt-cb-main\">\n<div class=\"brlbs-cmpnt-cb-play-button\"><\/div>\n<div class=\"brlbs-cmpnt-cb-content\">\n<p class=\"brlbs-cmpnt-cb-description\">You are currently viewing a placeholder content from <strong>YouTube<\/strong>. To access the actual content, click the button below. Please note that doing so will share data with third-party providers.<\/p>\n<p> <a class=\"brlbs-cmpnt-cb-provider-toggle\" href=\"#\" data-borlabs-cookie-show-provider-information role=\"button\">More Information<\/a> <\/div>\n<div class=\"brlbs-cmpnt-cb-buttons\"> <a class=\"brlbs-cmpnt-cb-btn\" href=\"#\" data-borlabs-cookie-unblock role=\"button\">Unblock content<\/a> <a class=\"brlbs-cmpnt-cb-btn\" href=\"#\" data-borlabs-cookie-accept-service role=\"button\" style=\"display: inherit\">Accept required service and unblock content<\/a> <\/div><\/div><\/div>\n<\/div>\n<p>&nbsp;<\/p>\n","protected":false},"excerpt":{"rendered":"<p>Pr\u00e4zise. Innovativ. Effizient.\u00a0 &#8211; Der REXXAM FIELDNavigator\u2122 Entspannte Patienten. Bessere Compliance. Optimale Ergebnisse. &#8211; So wird die Gesichtsfeldmessung zum Erfolgserlebnis! &nbsp; &nbsp; Pr\u00e4zisere Gesichtsfelduntersuchungen Dank Eye-Tracking-Technologie &nbsp; Die Genauigkeit einer Gesichtsfelduntersuchung h\u00e4ngt stark von der Fixation und der subjektiven Reaktion des Patienten ab. Um dies zu optimieren, setzt der FIELDNavigator\u2122 von Rexxam auf ein fortschrittliches [&hellip;]<\/p>\n","protected":false},"featured_media":10628,"comment_status":"closed","ping_status":"closed","template":"","meta":{"_acf_changed":false,"inline_featured_image":false},"product_manufacturers":[867],"product_brand":[],"product_cat":[273,387],"product_tag":[874,870,872,873,750,868,871,869],"class_list":{"0":"post-10621","1":"product","2":"type-product","3":"status-publish","4":"has-post-thumbnail","6":"product_cat-perimeter-3","7":"product_cat-perimeter-5","8":"product_tag-compliance","9":"product_tag-eyetracking","10":"product_tag-gesichtsfeld","11":"product_tag-innovation","12":"product_tag-ophthalmologie","13":"product_tag-perimeter","14":"product_tag-perimetrie","15":"product_tag-vr","16":"pa_european-authorized-represen-rexxam-co-ltd-netherlands-office-steenovenweg-5-5708hn-helmond-the-netherlands","18":"first","19":"instock","20":"taxable","21":"shipping-taxable","22":"product-type-simple"},"acf":[],"yoast_head":"<!-- This site is optimized with the Yoast SEO plugin v27.0 - https:\/\/yoast.com\/product\/yoast-seo-wordpress\/ -->\n<title>REXXAM FIELDNavigator\u2122 - Das moderne VR-Perimeter mit aktivem Eye-Tracking - So wird die Gesichtsfeldmessung zum Erfolgserlebnis! - bon Optic - Partner auf Augenh\u00f6he<\/title>\n<meta name=\"description\" content=\"Pr\u00e4zise. Innovativ. Effizient. REXXAM FIELDNavigator\u2122 Entspannte Patienten. Bessere Compliance. Optimale Ergebnisse.- So wird die Gesichtsfeldmessung zum Erfolgserlebnis!\" \/>\n<meta name=\"robots\" content=\"index, follow, max-snippet:-1, max-image-preview:large, max-video-preview:-1\" \/>\n<link rel=\"canonical\" href=\"https:\/\/bon.de\/produkt\/rexxam-fieldnavigator-das-vr-perimeter-mit-aktivem-eye-tracking-so-wird-die-gesichtsfeldmessung-zum-erfolgserlebnis\/\" \/>\n<meta property=\"og:locale\" content=\"en_US\" \/>\n<meta property=\"og:type\" content=\"article\" \/>\n<meta property=\"og:title\" content=\"REXXAM FIELDNavigator\u2122 - Das moderne VR-Perimeter mit aktivem Eye-Tracking - So wird die Gesichtsfeldmessung zum Erfolgserlebnis! - bon Optic - Partner auf Augenh\u00f6he\" \/>\n<meta property=\"og:description\" content=\"Pr\u00e4zise. Innovativ. Effizient. REXXAM FIELDNavigator\u2122 Entspannte Patienten. Bessere Compliance. Optimale Ergebnisse.- So wird die Gesichtsfeldmessung zum Erfolgserlebnis!\" \/>\n<meta property=\"og:url\" content=\"https:\/\/bon.de\/produkt\/rexxam-fieldnavigator-das-vr-perimeter-mit-aktivem-eye-tracking-so-wird-die-gesichtsfeldmessung-zum-erfolgserlebnis\/\" \/>\n<meta property=\"og:site_name\" content=\"bon Optic - Partner auf Augenh\u00f6he\" \/>\n<meta property=\"article:modified_time\" content=\"2025-06-12T06:32:30+00:00\" \/>\n<meta property=\"og:image\" content=\"https:\/\/bon.de\/wp-content\/uploads\/2025\/04\/FieldNavigator_Main.jpg\" \/>\n\t<meta property=\"og:image:width\" content=\"1175\" \/>\n\t<meta property=\"og:image:height\" content=\"939\" \/>\n\t<meta property=\"og:image:type\" content=\"image\/jpeg\" \/>\n<meta name=\"twitter:card\" content=\"summary_large_image\" \/>\n<meta name=\"twitter:label1\" content=\"Est. reading time\" \/>\n\t<meta name=\"twitter:data1\" content=\"3 minutes\" \/>\n<script type=\"application\/ld+json\" class=\"yoast-schema-graph\">{\"@context\":\"https:\/\/schema.org\",\"@graph\":[{\"@type\":\"WebPage\",\"@id\":\"https:\/\/bon.de\/produkt\/rexxam-fieldnavigator-das-vr-perimeter-mit-aktivem-eye-tracking-so-wird-die-gesichtsfeldmessung-zum-erfolgserlebnis\/\",\"url\":\"https:\/\/bon.de\/produkt\/rexxam-fieldnavigator-das-vr-perimeter-mit-aktivem-eye-tracking-so-wird-die-gesichtsfeldmessung-zum-erfolgserlebnis\/\",\"name\":\"REXXAM FIELDNavigator\u2122 - Das moderne VR-Perimeter mit aktivem Eye-Tracking - So wird die Gesichtsfeldmessung zum Erfolgserlebnis! - bon Optic - Partner auf Augenh\u00f6he\",\"isPartOf\":{\"@id\":\"https:\/\/bon.de\/#website\"},\"primaryImageOfPage\":{\"@id\":\"https:\/\/bon.de\/produkt\/rexxam-fieldnavigator-das-vr-perimeter-mit-aktivem-eye-tracking-so-wird-die-gesichtsfeldmessung-zum-erfolgserlebnis\/#primaryimage\"},\"image\":{\"@id\":\"https:\/\/bon.de\/produkt\/rexxam-fieldnavigator-das-vr-perimeter-mit-aktivem-eye-tracking-so-wird-die-gesichtsfeldmessung-zum-erfolgserlebnis\/#primaryimage\"},\"thumbnailUrl\":\"https:\/\/bon.de\/wp-content\/uploads\/2025\/04\/FieldNavigator_Main.jpg\",\"datePublished\":\"2025-04-29T12:59:41+00:00\",\"dateModified\":\"2025-06-12T06:32:30+00:00\",\"description\":\"Pr\u00e4zise. Innovativ. Effizient. REXXAM FIELDNavigator\u2122 Entspannte Patienten. Bessere Compliance. Optimale Ergebnisse.- So wird die Gesichtsfeldmessung zum Erfolgserlebnis!\",\"breadcrumb\":{\"@id\":\"https:\/\/bon.de\/produkt\/rexxam-fieldnavigator-das-vr-perimeter-mit-aktivem-eye-tracking-so-wird-die-gesichtsfeldmessung-zum-erfolgserlebnis\/#breadcrumb\"},\"inLanguage\":\"en-US\",\"potentialAction\":[{\"@type\":\"ReadAction\",\"target\":[\"https:\/\/bon.de\/produkt\/rexxam-fieldnavigator-das-vr-perimeter-mit-aktivem-eye-tracking-so-wird-die-gesichtsfeldmessung-zum-erfolgserlebnis\/\"]}]},{\"@type\":\"ImageObject\",\"inLanguage\":\"en-US\",\"@id\":\"https:\/\/bon.de\/produkt\/rexxam-fieldnavigator-das-vr-perimeter-mit-aktivem-eye-tracking-so-wird-die-gesichtsfeldmessung-zum-erfolgserlebnis\/#primaryimage\",\"url\":\"https:\/\/bon.de\/wp-content\/uploads\/2025\/04\/FieldNavigator_Main.jpg\",\"contentUrl\":\"https:\/\/bon.de\/wp-content\/uploads\/2025\/04\/FieldNavigator_Main.jpg\",\"width\":1175,\"height\":939,\"caption\":\"Rexxam FIELDNavigator VR Perimeter mit aktivem Eye-Tracking\"},{\"@type\":\"BreadcrumbList\",\"@id\":\"https:\/\/bon.de\/produkt\/rexxam-fieldnavigator-das-vr-perimeter-mit-aktivem-eye-tracking-so-wird-die-gesichtsfeldmessung-zum-erfolgserlebnis\/#breadcrumb\",\"itemListElement\":[{\"@type\":\"ListItem\",\"position\":1,\"name\":\"Home\",\"item\":\"https:\/\/bon.de\/en\/\"},{\"@type\":\"ListItem\",\"position\":2,\"name\":\"Shop\",\"item\":\"https:\/\/bon.de\/en\/shop-2-2\/\"},{\"@type\":\"ListItem\",\"position\":3,\"name\":\"REXXAM FIELDNavigator\u2122 &#8211; Das moderne VR-Perimeter mit aktivem Eye-Tracking &#8211; So wird die Gesichtsfeldmessung zum Erfolgserlebnis!\"}]},{\"@type\":\"WebSite\",\"@id\":\"https:\/\/bon.de\/#website\",\"url\":\"https:\/\/bon.de\/\",\"name\":\"bon Optic - Partner auf Augenh\u00f6he\",\"description\":\"\",\"publisher\":{\"@id\":\"https:\/\/bon.de\/#organization\"},\"potentialAction\":[{\"@type\":\"SearchAction\",\"target\":{\"@type\":\"EntryPoint\",\"urlTemplate\":\"https:\/\/bon.de\/?s={search_term_string}\"},\"query-input\":{\"@type\":\"PropertyValueSpecification\",\"valueRequired\":true,\"valueName\":\"search_term_string\"}}],\"inLanguage\":\"en-US\"},{\"@type\":\"Organization\",\"@id\":\"https:\/\/bon.de\/#organization\",\"name\":\"bon Optic Vertriebsgesellschaft mbH\",\"url\":\"https:\/\/bon.de\/\",\"logo\":{\"@type\":\"ImageObject\",\"inLanguage\":\"en-US\",\"@id\":\"https:\/\/bon.de\/#\/schema\/logo\/image\/\",\"url\":\"https:\/\/bon.de\/wp-content\/uploads\/2021\/06\/bon-Logo_512x512px.png\",\"contentUrl\":\"https:\/\/bon.de\/wp-content\/uploads\/2021\/06\/bon-Logo_512x512px.png\",\"width\":512,\"height\":512,\"caption\":\"bon Optic Vertriebsgesellschaft mbH\"},\"image\":{\"@id\":\"https:\/\/bon.de\/#\/schema\/logo\/image\/\"},\"sameAs\":[\"https:\/\/www.linkedin.com\/company\/bon-optic-vertriebsgesellschaft-mbh\/\",\"https:\/\/www.youtube.com\/channel\/UCSURhENDItKaH88bvn8LlcA\"]}]}<\/script>\n<!-- \/ Yoast SEO plugin. -->","yoast_head_json":{"title":"REXXAM FIELDNavigator\u2122 - Das moderne VR-Perimeter mit aktivem Eye-Tracking - So wird die Gesichtsfeldmessung zum Erfolgserlebnis! - bon Optic - Partner auf Augenh\u00f6he","description":"Pr\u00e4zise. Innovativ. Effizient. REXXAM FIELDNavigator\u2122 Entspannte Patienten. Bessere Compliance. Optimale Ergebnisse.- So wird die Gesichtsfeldmessung zum Erfolgserlebnis!","robots":{"index":"index","follow":"follow","max-snippet":"max-snippet:-1","max-image-preview":"max-image-preview:large","max-video-preview":"max-video-preview:-1"},"canonical":"https:\/\/bon.de\/produkt\/rexxam-fieldnavigator-das-vr-perimeter-mit-aktivem-eye-tracking-so-wird-die-gesichtsfeldmessung-zum-erfolgserlebnis\/","og_locale":"en_US","og_type":"article","og_title":"REXXAM FIELDNavigator\u2122 - Das moderne VR-Perimeter mit aktivem Eye-Tracking - So wird die Gesichtsfeldmessung zum Erfolgserlebnis! - bon Optic - Partner auf Augenh\u00f6he","og_description":"Pr\u00e4zise. Innovativ. Effizient. REXXAM FIELDNavigator\u2122 Entspannte Patienten. Bessere Compliance. Optimale Ergebnisse.- So wird die Gesichtsfeldmessung zum Erfolgserlebnis!","og_url":"https:\/\/bon.de\/produkt\/rexxam-fieldnavigator-das-vr-perimeter-mit-aktivem-eye-tracking-so-wird-die-gesichtsfeldmessung-zum-erfolgserlebnis\/","og_site_name":"bon Optic - Partner auf Augenh\u00f6he","article_modified_time":"2025-06-12T06:32:30+00:00","og_image":[{"width":1175,"height":939,"url":"https:\/\/bon.de\/wp-content\/uploads\/2025\/04\/FieldNavigator_Main.jpg","type":"image\/jpeg"}],"twitter_card":"summary_large_image","twitter_misc":{"Est. reading time":"3 minutes"},"schema":{"@context":"https:\/\/schema.org","@graph":[{"@type":"WebPage","@id":"https:\/\/bon.de\/produkt\/rexxam-fieldnavigator-das-vr-perimeter-mit-aktivem-eye-tracking-so-wird-die-gesichtsfeldmessung-zum-erfolgserlebnis\/","url":"https:\/\/bon.de\/produkt\/rexxam-fieldnavigator-das-vr-perimeter-mit-aktivem-eye-tracking-so-wird-die-gesichtsfeldmessung-zum-erfolgserlebnis\/","name":"REXXAM FIELDNavigator\u2122 - Das moderne VR-Perimeter mit aktivem Eye-Tracking - So wird die Gesichtsfeldmessung zum Erfolgserlebnis! - bon Optic - Partner auf Augenh\u00f6he","isPartOf":{"@id":"https:\/\/bon.de\/#website"},"primaryImageOfPage":{"@id":"https:\/\/bon.de\/produkt\/rexxam-fieldnavigator-das-vr-perimeter-mit-aktivem-eye-tracking-so-wird-die-gesichtsfeldmessung-zum-erfolgserlebnis\/#primaryimage"},"image":{"@id":"https:\/\/bon.de\/produkt\/rexxam-fieldnavigator-das-vr-perimeter-mit-aktivem-eye-tracking-so-wird-die-gesichtsfeldmessung-zum-erfolgserlebnis\/#primaryimage"},"thumbnailUrl":"https:\/\/bon.de\/wp-content\/uploads\/2025\/04\/FieldNavigator_Main.jpg","datePublished":"2025-04-29T12:59:41+00:00","dateModified":"2025-06-12T06:32:30+00:00","description":"Pr\u00e4zise. Innovativ. Effizient. REXXAM FIELDNavigator\u2122 Entspannte Patienten. Bessere Compliance. Optimale Ergebnisse.- So wird die Gesichtsfeldmessung zum Erfolgserlebnis!","breadcrumb":{"@id":"https:\/\/bon.de\/produkt\/rexxam-fieldnavigator-das-vr-perimeter-mit-aktivem-eye-tracking-so-wird-die-gesichtsfeldmessung-zum-erfolgserlebnis\/#breadcrumb"},"inLanguage":"en-US","potentialAction":[{"@type":"ReadAction","target":["https:\/\/bon.de\/produkt\/rexxam-fieldnavigator-das-vr-perimeter-mit-aktivem-eye-tracking-so-wird-die-gesichtsfeldmessung-zum-erfolgserlebnis\/"]}]},{"@type":"ImageObject","inLanguage":"en-US","@id":"https:\/\/bon.de\/produkt\/rexxam-fieldnavigator-das-vr-perimeter-mit-aktivem-eye-tracking-so-wird-die-gesichtsfeldmessung-zum-erfolgserlebnis\/#primaryimage","url":"https:\/\/bon.de\/wp-content\/uploads\/2025\/04\/FieldNavigator_Main.jpg","contentUrl":"https:\/\/bon.de\/wp-content\/uploads\/2025\/04\/FieldNavigator_Main.jpg","width":1175,"height":939,"caption":"Rexxam FIELDNavigator VR Perimeter mit aktivem Eye-Tracking"},{"@type":"BreadcrumbList","@id":"https:\/\/bon.de\/produkt\/rexxam-fieldnavigator-das-vr-perimeter-mit-aktivem-eye-tracking-so-wird-die-gesichtsfeldmessung-zum-erfolgserlebnis\/#breadcrumb","itemListElement":[{"@type":"ListItem","position":1,"name":"Home","item":"https:\/\/bon.de\/en\/"},{"@type":"ListItem","position":2,"name":"Shop","item":"https:\/\/bon.de\/en\/shop-2-2\/"},{"@type":"ListItem","position":3,"name":"REXXAM FIELDNavigator\u2122 &#8211; Das moderne VR-Perimeter mit aktivem Eye-Tracking &#8211; So wird die Gesichtsfeldmessung zum Erfolgserlebnis!"}]},{"@type":"WebSite","@id":"https:\/\/bon.de\/#website","url":"https:\/\/bon.de\/","name":"bon Optic - Partner auf Augenh\u00f6he","description":"","publisher":{"@id":"https:\/\/bon.de\/#organization"},"potentialAction":[{"@type":"SearchAction","target":{"@type":"EntryPoint","urlTemplate":"https:\/\/bon.de\/?s={search_term_string}"},"query-input":{"@type":"PropertyValueSpecification","valueRequired":true,"valueName":"search_term_string"}}],"inLanguage":"en-US"},{"@type":"Organization","@id":"https:\/\/bon.de\/#organization","name":"bon Optic Vertriebsgesellschaft mbH","url":"https:\/\/bon.de\/","logo":{"@type":"ImageObject","inLanguage":"en-US","@id":"https:\/\/bon.de\/#\/schema\/logo\/image\/","url":"https:\/\/bon.de\/wp-content\/uploads\/2021\/06\/bon-Logo_512x512px.png","contentUrl":"https:\/\/bon.de\/wp-content\/uploads\/2021\/06\/bon-Logo_512x512px.png","width":512,"height":512,"caption":"bon Optic Vertriebsgesellschaft mbH"},"image":{"@id":"https:\/\/bon.de\/#\/schema\/logo\/image\/"},"sameAs":["https:\/\/www.linkedin.com\/company\/bon-optic-vertriebsgesellschaft-mbh\/","https:\/\/www.youtube.com\/channel\/UCSURhENDItKaH88bvn8LlcA"]}]}},"_links":{"self":[{"href":"https:\/\/bon.de\/en\/wp-json\/wp\/v2\/product\/10621","targetHints":{"allow":["GET"]}}],"collection":[{"href":"https:\/\/bon.de\/en\/wp-json\/wp\/v2\/product"}],"about":[{"href":"https:\/\/bon.de\/en\/wp-json\/wp\/v2\/types\/product"}],"replies":[{"embeddable":true,"href":"https:\/\/bon.de\/en\/wp-json\/wp\/v2\/comments?post=10621"}],"wp:featuredmedia":[{"embeddable":true,"href":"https:\/\/bon.de\/en\/wp-json\/wp\/v2\/media\/10628"}],"wp:attachment":[{"href":"https:\/\/bon.de\/en\/wp-json\/wp\/v2\/media?parent=10621"}],"wp:term":[{"taxonomy":"product_manufacturers","embeddable":true,"href":"https:\/\/bon.de\/en\/wp-json\/wp\/v2\/product_manufacturers?post=10621"},{"taxonomy":"product_brand","embeddable":true,"href":"https:\/\/bon.de\/en\/wp-json\/wp\/v2\/product_brand?post=10621"},{"taxonomy":"product_cat","embeddable":true,"href":"https:\/\/bon.de\/en\/wp-json\/wp\/v2\/product_cat?post=10621"},{"taxonomy":"product_tag","embeddable":true,"href":"https:\/\/bon.de\/en\/wp-json\/wp\/v2\/product_tag?post=10621"}],"curies":[{"name":"wp","href":"https:\/\/api.w.org\/{rel}","templated":true}]}}