{"id":10816,"date":"2025-06-04T12:24:43","date_gmt":"2025-06-04T11:24:43","guid":{"rendered":"https:\/\/bon.de\/?post_type=product&#038;p=10816"},"modified":"2026-02-06T10:13:27","modified_gmt":"2026-02-06T09:13:27","slug":"towardpi-bmizar-bm-400k-max-400khz-full-range-ultra-weitwinkel-swept-source-oct","status":"publish","type":"product","link":"https:\/\/bon.de\/en\/produkt\/towardpi-bmizar-bm-400k-max-400khz-full-range-ultra-weitwinkel-swept-source-oct\/","title":{"rendered":"TowardPi BMizar &#8211; Das Next Generation OCT mit 400kHz, 3,8\u202f\u03bcm Aufl\u00f6sung und 24\u00d720\u202fmm OCTA"},"content":{"rendered":"<h4>Das Ultra-High-End OCT &#8220;BMizar&#8221; von TowardPi definiert neue Ma\u00dfst\u00e4be in der OCT Technologie<\/h4>\n<p>&nbsp;<\/p>\n<p>Das innovative Swept-Source-OCT setzt mit einer sensationellen A-Scan-Geschwindigkeit von 400.000 Scans\/Sekunde, einer axialen Aufl\u00f6sung von 3,8\u202f\u03bcm und einem ultraweiten OCTA-Bildfeld von 24\u00d720\u202fmm in nur 15 Sekunden komplett neue Ma\u00dfst\u00e4be in der Bildgebung.<\/p>\n<p>Selbst feinste Strukturen werden in kurzer Zeit detailgenau erfasst \u2013 bei gleichzeitig reduzierten Bewegungsartefakten.<\/p>\n<p>Die weite dioptrische Spanne von -30D bis +30D erm\u00f6glicht zudem den Einsatz ohne Zusatzlinsen, auch in besonderen klinischen Situationen.<\/p>\n<p>Der intuitive Workflow und die automatische Aufnahme machen das System ideal f\u00fcr den Routineeinsatz in volumenstarken Praxen ebenso wie f\u00fcr spezialisierte Fachkliniken oder Forschungszentren. Mit seiner \u00fcberragenden Abbildungsqualit\u00e4t ist das BMizar besonders geeignet f\u00fcr die pr\u00e4zise Diagnostik von Erkrankungen wie diabetischer Retinopathie, Venen- oder Arterienverschl\u00fcssen.<\/p>\n<p>&nbsp;<\/p>\n<div style=\"width: 1920px;\" class=\"wp-video\"><video class=\"wp-video-shortcode\" id=\"video-10816-1\" width=\"1920\" height=\"1080\" preload=\"metadata\" controls=\"controls\"><source type=\"video\/mp4\" src=\"https:\/\/bon.de\/wp-content\/uploads\/2025\/11\/TowardPi-OCT-images-2023.mp4?_=1\" \/><a href=\"https:\/\/bon.de\/wp-content\/uploads\/2025\/11\/TowardPi-OCT-images-2023.mp4\">https:\/\/bon.de\/wp-content\/uploads\/2025\/11\/TowardPi-OCT-images-2023.mp4<\/a><\/video><\/div>\n<p>&nbsp;<\/p>\n<h4>Ultra-Widefield Full-Range Swept Source OCT der n\u00e4chsten Generation<\/h4>\n<ul>\n<li>Scangeschwindigkeit: 400.000 A-Scans \/ Sekunde<\/li>\n<li>Maximale Netzhautaufnahme (L\u00e4nge \u00d7 Tiefe): 24 \u00d7 6 mm<\/li>\n<li>Maximale Vorderabschnittaufnahme (L\u00e4nge \u00d7 Tiefe): 24 \u00d7 6 mm<\/li>\n<li>OCT-A maximale Einzelaufnahmegr\u00f6\u00dfe (Netzhaut): 24 \u00d7 20 mm<\/li>\n<\/ul>\n<p>&nbsp;<\/p>\n<h4>Full Range Retina OCT<\/h4>\n<ul>\n<li>Von hinterem Glask\u00f6rper bis zur Choroidea-Sklera-Grenze<\/li>\n<li>24 mm bis 6 mm Netzhautscan<\/li>\n<li>Automatische Schichtdetektion, Segmentierung und Vermessung s\u00e4mtlicher Netzhaut- und Aderhautschichten<\/li>\n<li>Einzellinie, Kreuzlinien, Raster- und Grid-Scan<\/li>\n<li>SLO-Fundusbild<\/li>\n<\/ul>\n<p>&nbsp;<\/p>\n<h4>Full Range Vorderabschnitt<\/h4>\n<ul>\n<li>24 mm bis 6 mm Scan<\/li>\n<li>Automatische Identifikation von Sklerasporn und Kammerwinkel<\/li>\n<li>Vorderabschnitt- und Vorderkammerwinkel-Messungen<\/li>\n<li>Einzellinie, HD-Radial (8 Linien), AS-Radial (72 Linien)<\/li>\n<li>Hornhaut-Mapping: Pachymetriekarte, Epitheliumkarte &amp; Stromadickenkarte (Basallamina \u2013 Endothel)<\/li>\n<\/ul>\n<p>&nbsp;<\/p>\n<h4>Ultra-Widefield OCT-A &amp; En-Face OCT<\/h4>\n<ul>\n<li>3 \u00d7 3 mm, 6 \u00d7 6 mm, 12 \u00d7 12 mm, 15 \u00d7 15 mm<\/li>\n<li>Ultra-Widefield24 \u00d7 20 mm in einer Aufnahme<\/li>\n<li>Schnelle Akquisition (7\u201315 Sekunden)<\/li>\n<li>Automatische Segmentierung in 7 Schichten: Glask\u00f6rper, oberfl\u00e4chlicher Gef\u00e4\u00dfplexus, tiefer Gef\u00e4\u00dfkomplex, retinale Gef\u00e4\u00dfschicht, avaskul\u00e4re Schicht, choroidale Kapillarschicht, choroidale Gef\u00e4\u00dfschicht &amp; anpassbare Segmentierung<\/li>\n<\/ul>\n<p>&nbsp;<\/p>\n<h4>KI-gest\u00fctzte Choroidea-OCT-A mit Quantifizierungstools<\/h4>\n<ul>\n<li>Choroidea: OCT-A, Gef\u00e4\u00dfindex, Gef\u00e4\u00dfdichte, Gef\u00e4\u00dfvolumenverh\u00e4ltnis (CVV\/a), Gef\u00e4\u00dfvolumenverh\u00e4ltnis (CSV\/a), Choroidales Stroma-Index<\/li>\n<\/ul>\n<p>&nbsp;<\/p>\n<h4>Retinaler Blutfluss mit Quantifizierung<\/h4>\n<ul>\n<li>Identifikation von Nicht-Perfusionsarealen<\/li>\n<li>FAZ-Parameter (Foveal Avascular Zone)<\/li>\n<li>Flussareal bei vitreoretinaler Neovaskularisation<\/li>\n<li>MNV-Flussareal-Verlaufskontrolle<\/li>\n<li>Flussdichte: Raster &amp; ETDRS-Ringe<\/li>\n<\/ul>\n<p>&nbsp;<\/p>\n<h4>Umfassende Glaukom-Analyse mit erweitertem iHealth<\/h4>\n<ul>\n<li>6 \u00d7 6 mm Papillen- und RNFL-Analyse (Sehnervenkopf &amp; Nervenfaserschicht) mit Bestimmung von Cup-Areal, Randsaumfl\u00e4che und Cup\/Disc-Ratio<\/li>\n<li>7 \u00d7 7 mm Ganglion-Makula-Analyse: Messung der Distanz von Membrana limitans interna (ILM) bis zur \u00e4u\u00dferen inneren Plexiformschicht (IPL), umfasst die inneren 3 Schichten der Retina (Nervenfaserschicht, Ganglienzellschicht, innere Plexiformschicht), mit Signifikanzkarte (GMA-Dicke vs. Normdatenbank)<\/li>\n<li>6 \u00d7 6 mm Papille mit OCT-A zur Blutflussanalyse und Dichtebestimmung der Gef\u00e4\u00dfe in der Makula<\/li>\n<li>15 \u00d7 9 mm 3D-Scan f\u00fcr iHealth-Report zur umfassenden Analyse von Papille und Makula<\/li>\n<li>Visualisierung der Poren der Lamina cribrosa<\/li>\n<\/ul>\n<p>&nbsp;<\/p>\n<h4>iSpot f\u00fcr PRP-Lasermanagement<\/h4>\n<ul>\n<li>Einzigartige L\u00f6sung zur Unterst\u00fctzung bei Photokoagulationstherapie und Evaluation<\/li>\n<li>Charakteristische \u00dcberlagerung eines retinalen Blutflussbildes mit En-Face-Darstellung zur Hervorhebung der Laserbehandlungsareale<\/li>\n<\/ul>\n<p>&nbsp;<\/p>\n<h4>SLO-Fundusbildgebung<\/h4>\n<ul>\n<li>Scanning-Laser-Ophthalmoskopie (SLO) Fundusbildgebung<\/li>\n<\/ul>\n<p>&nbsp;<\/p>\n<h4>3D OCT(-A) Retina, Papille &amp; Vorderabschnitt<\/h4>\n<ul>\n<li>Gef\u00e4\u00dfdarstellung und Quantifizierung in allen drei Zonen<\/li>\n<li>Automatische Parameterbestimmung von Dicken und Winkeln im Vorderabschnitt<\/li>\n<li>Fundus-Kr\u00fcmmungsmessung<\/li>\n<\/ul>\n<p>&nbsp;<\/p>\n<h4>Technische Merkmale<\/h4>\n<ul>\n<li>Scangeschwindigkeit: 400.000 A-Scans \/ Sekunde<\/li>\n<li>Maximale Netzhautaufnahme (L\u00e4nge \u00d7 Tiefe): 24 \u00d7 6 mm<\/li>\n<li>Maximale Vorderabschnittaufnahme (L\u00e4nge \u00d7 Tiefe): 24 \u00d7 6 mm<\/li>\n<li>Fundusbildgebung: SLO (Scanning Laser Ophthalmoskop)<\/li>\n<li>Minimale Pupillengr\u00f6\u00dfe: 2 mm<\/li>\n<li>Eye-Tracking-Geschwindigkeit: 128 Hz<\/li>\n<li>OCT-A maximale Einzelaufnahmegr\u00f6\u00dfe (Netzhaut): 24 \u00d7 20 mm<\/li>\n<li>OCT-A maximale Einzelaufnahmegr\u00f6\u00dfe (Vorderabschnitt): 18 \u00d7 18 mm<\/li>\n<li>OCT-A maximale Aufl\u00f6sung (Einzelscan): 1536 \u00d7 1280<\/li>\n<li>Vorderabschnitt-Quantifizierung<\/li>\n<li>Dicken- &amp; Volumenmessungen: Retina &amp; Choroidea<\/li>\n<li>Glaukom-Analyse: GMA, ONH, iHealth &amp; Winkelmessungen<\/li>\n<li>Blutfluss-Quantifizierung: Retina, Choroidea, Papille und Vorderabschnitt<\/li>\n<li>Posteriore Netzhautkr\u00fcmmung<\/li>\n<li>3D-Struktur &amp; 3D-Gef\u00e4\u00dfe<\/li>\n<\/ul>\n","protected":false},"excerpt":{"rendered":"<p>Das Ultra-High-End OCT &#8220;BMizar&#8221; von TowardPi definiert neue Ma\u00dfst\u00e4be in der OCT Technologie &nbsp; Das innovative Swept-Source-OCT setzt mit einer sensationellen A-Scan-Geschwindigkeit von 400.000 Scans\/Sekunde, einer axialen Aufl\u00f6sung von 3,8\u202f\u03bcm und einem ultraweiten OCTA-Bildfeld von 24\u00d720\u202fmm in nur 15 Sekunden komplett neue Ma\u00dfst\u00e4be in der Bildgebung. Selbst feinste Strukturen werden in kurzer Zeit detailgenau erfasst [&hellip;]<\/p>\n","protected":false},"featured_media":10819,"comment_status":"closed","ping_status":"closed","template":"","meta":{"_acf_changed":false,"inline_featured_image":false},"product_manufacturers":[879],"product_brand":[],"product_cat":[384,52],"product_tag":[809,909,889,888,884,887,910,858,747,882,750,881,857,886,883,885],"class_list":{"0":"post-10816","1":"product","2":"type-product","3":"status-publish","4":"has-post-thumbnail","6":"product_cat-optische-koharenztomographen-oct","7":"product_cat-retina-2","8":"product_tag-augenheilkunde","9":"product_tag-bmizar","10":"product_tag-cupdisc","11":"product_tag-fovea","12":"product_tag-fullrange","13":"product_tag-makula","14":"product_tag-mbizar","15":"product_tag-netzhaut","16":"product_tag-oct","17":"product_tag-octa","18":"product_tag-ophthalmologie","19":"product_tag-ophthalmology","20":"product_tag-retina","21":"product_tag-retinopathie","22":"product_tag-swept-source","23":"product_tag-towardpi","24":"pa_european-authorized-represen-mednet-ec-rep-gmbh-borkstrasse-10-48163-muenster-germany","26":"first","27":"instock","28":"taxable","29":"shipping-taxable","30":"product-type-simple"},"acf":[],"yoast_head":"<!-- This site is optimized with the Yoast SEO plugin v27.0 - https:\/\/yoast.com\/product\/yoast-seo-wordpress\/ -->\n<title>TowardPi BMizar - Das Next Generation OCT mit 400kHz, 3,8\u202f\u03bcm Aufl\u00f6sung und 24\u00d720\u202fmm OCTA - bon Optic - Partner auf Augenh\u00f6he<\/title>\n<meta name=\"description\" content=\"BMizar - Das fortschrittlichste High-End OCT von TowardPi mit 400kHz, 3,8\u202f\u03bcm Aufl\u00f6sung und 24\u00d720\u202fmm OCTA\" \/>\n<meta name=\"robots\" content=\"index, follow, max-snippet:-1, max-image-preview:large, max-video-preview:-1\" \/>\n<link rel=\"canonical\" href=\"https:\/\/bon.de\/produkt\/towardpi-bmizar-bm-400k-max-400khz-full-range-ultra-weitwinkel-swept-source-oct\/\" \/>\n<meta property=\"og:locale\" content=\"en_US\" \/>\n<meta property=\"og:type\" content=\"article\" \/>\n<meta property=\"og:title\" content=\"TowardPi BMizar - Das Next Generation OCT mit 400kHz, 3,8\u202f\u03bcm Aufl\u00f6sung und 24\u00d720\u202fmm OCTA - bon Optic - Partner auf Augenh\u00f6he\" \/>\n<meta property=\"og:description\" content=\"BMizar - Das fortschrittlichste High-End OCT von TowardPi mit 400kHz, 3,8\u202f\u03bcm Aufl\u00f6sung und 24\u00d720\u202fmm OCTA\" \/>\n<meta property=\"og:url\" content=\"https:\/\/bon.de\/produkt\/towardpi-bmizar-bm-400k-max-400khz-full-range-ultra-weitwinkel-swept-source-oct\/\" \/>\n<meta property=\"og:site_name\" content=\"bon Optic - Partner auf Augenh\u00f6he\" \/>\n<meta property=\"article:modified_time\" content=\"2026-02-06T09:13:27+00:00\" \/>\n<meta property=\"og:image\" content=\"https:\/\/bon.de\/wp-content\/uploads\/2025\/06\/TowardPi_BMizar_OCT.jpg\" \/>\n\t<meta property=\"og:image:width\" content=\"802\" \/>\n\t<meta property=\"og:image:height\" content=\"802\" \/>\n\t<meta property=\"og:image:type\" content=\"image\/jpeg\" \/>\n<meta name=\"twitter:card\" content=\"summary_large_image\" \/>\n<meta name=\"twitter:label1\" content=\"Est. reading time\" \/>\n\t<meta name=\"twitter:data1\" content=\"4 minutes\" \/>\n<script type=\"application\/ld+json\" class=\"yoast-schema-graph\">{\"@context\":\"https:\/\/schema.org\",\"@graph\":[{\"@type\":\"WebPage\",\"@id\":\"https:\/\/bon.de\/produkt\/towardpi-bmizar-bm-400k-max-400khz-full-range-ultra-weitwinkel-swept-source-oct\/\",\"url\":\"https:\/\/bon.de\/produkt\/towardpi-bmizar-bm-400k-max-400khz-full-range-ultra-weitwinkel-swept-source-oct\/\",\"name\":\"TowardPi BMizar - Das Next Generation OCT mit 400kHz, 3,8\u202f\u03bcm Aufl\u00f6sung und 24\u00d720\u202fmm OCTA - bon Optic - Partner auf Augenh\u00f6he\",\"isPartOf\":{\"@id\":\"https:\/\/bon.de\/#website\"},\"primaryImageOfPage\":{\"@id\":\"https:\/\/bon.de\/produkt\/towardpi-bmizar-bm-400k-max-400khz-full-range-ultra-weitwinkel-swept-source-oct\/#primaryimage\"},\"image\":{\"@id\":\"https:\/\/bon.de\/produkt\/towardpi-bmizar-bm-400k-max-400khz-full-range-ultra-weitwinkel-swept-source-oct\/#primaryimage\"},\"thumbnailUrl\":\"https:\/\/bon.de\/wp-content\/uploads\/2025\/06\/TowardPi_BMizar_OCT.jpg\",\"datePublished\":\"2025-06-04T11:24:43+00:00\",\"dateModified\":\"2026-02-06T09:13:27+00:00\",\"description\":\"BMizar - Das fortschrittlichste High-End OCT von TowardPi mit 400kHz, 3,8\u202f\u03bcm Aufl\u00f6sung und 24\u00d720\u202fmm OCTA\",\"breadcrumb\":{\"@id\":\"https:\/\/bon.de\/produkt\/towardpi-bmizar-bm-400k-max-400khz-full-range-ultra-weitwinkel-swept-source-oct\/#breadcrumb\"},\"inLanguage\":\"en-US\",\"potentialAction\":[{\"@type\":\"ReadAction\",\"target\":[\"https:\/\/bon.de\/produkt\/towardpi-bmizar-bm-400k-max-400khz-full-range-ultra-weitwinkel-swept-source-oct\/\"]}]},{\"@type\":\"ImageObject\",\"inLanguage\":\"en-US\",\"@id\":\"https:\/\/bon.de\/produkt\/towardpi-bmizar-bm-400k-max-400khz-full-range-ultra-weitwinkel-swept-source-oct\/#primaryimage\",\"url\":\"https:\/\/bon.de\/wp-content\/uploads\/2025\/06\/TowardPi_BMizar_OCT.jpg\",\"contentUrl\":\"https:\/\/bon.de\/wp-content\/uploads\/2025\/06\/TowardPi_BMizar_OCT.jpg\",\"width\":802,\"height\":802,\"caption\":\"TowardPi BMizar BM-400K Max, 400KHz Full-Range Ultra-Weitwinkel Swept-Source OCT\"},{\"@type\":\"BreadcrumbList\",\"@id\":\"https:\/\/bon.de\/produkt\/towardpi-bmizar-bm-400k-max-400khz-full-range-ultra-weitwinkel-swept-source-oct\/#breadcrumb\",\"itemListElement\":[{\"@type\":\"ListItem\",\"position\":1,\"name\":\"Home\",\"item\":\"https:\/\/bon.de\/en\/\"},{\"@type\":\"ListItem\",\"position\":2,\"name\":\"Shop\",\"item\":\"https:\/\/bon.de\/en\/shop-2-2\/\"},{\"@type\":\"ListItem\",\"position\":3,\"name\":\"TowardPi BMizar &#8211; Das Next Generation OCT mit 400kHz, 3,8\u202f\u03bcm Aufl\u00f6sung und 24\u00d720\u202fmm OCTA\"}]},{\"@type\":\"WebSite\",\"@id\":\"https:\/\/bon.de\/#website\",\"url\":\"https:\/\/bon.de\/\",\"name\":\"bon Optic - Partner auf Augenh\u00f6he\",\"description\":\"\",\"publisher\":{\"@id\":\"https:\/\/bon.de\/#organization\"},\"potentialAction\":[{\"@type\":\"SearchAction\",\"target\":{\"@type\":\"EntryPoint\",\"urlTemplate\":\"https:\/\/bon.de\/?s={search_term_string}\"},\"query-input\":{\"@type\":\"PropertyValueSpecification\",\"valueRequired\":true,\"valueName\":\"search_term_string\"}}],\"inLanguage\":\"en-US\"},{\"@type\":\"Organization\",\"@id\":\"https:\/\/bon.de\/#organization\",\"name\":\"bon Optic Vertriebsgesellschaft mbH\",\"url\":\"https:\/\/bon.de\/\",\"logo\":{\"@type\":\"ImageObject\",\"inLanguage\":\"en-US\",\"@id\":\"https:\/\/bon.de\/#\/schema\/logo\/image\/\",\"url\":\"https:\/\/bon.de\/wp-content\/uploads\/2021\/06\/bon-Logo_512x512px.png\",\"contentUrl\":\"https:\/\/bon.de\/wp-content\/uploads\/2021\/06\/bon-Logo_512x512px.png\",\"width\":512,\"height\":512,\"caption\":\"bon Optic Vertriebsgesellschaft mbH\"},\"image\":{\"@id\":\"https:\/\/bon.de\/#\/schema\/logo\/image\/\"},\"sameAs\":[\"https:\/\/www.linkedin.com\/company\/bon-optic-vertriebsgesellschaft-mbh\/\",\"https:\/\/www.youtube.com\/channel\/UCSURhENDItKaH88bvn8LlcA\"]}]}<\/script>\n<!-- \/ Yoast SEO plugin. -->","yoast_head_json":{"title":"TowardPi BMizar - Das Next Generation OCT mit 400kHz, 3,8\u202f\u03bcm Aufl\u00f6sung und 24\u00d720\u202fmm OCTA - bon Optic - Partner auf Augenh\u00f6he","description":"BMizar - Das fortschrittlichste High-End OCT von TowardPi mit 400kHz, 3,8\u202f\u03bcm Aufl\u00f6sung und 24\u00d720\u202fmm OCTA","robots":{"index":"index","follow":"follow","max-snippet":"max-snippet:-1","max-image-preview":"max-image-preview:large","max-video-preview":"max-video-preview:-1"},"canonical":"https:\/\/bon.de\/produkt\/towardpi-bmizar-bm-400k-max-400khz-full-range-ultra-weitwinkel-swept-source-oct\/","og_locale":"en_US","og_type":"article","og_title":"TowardPi BMizar - Das Next Generation OCT mit 400kHz, 3,8\u202f\u03bcm Aufl\u00f6sung und 24\u00d720\u202fmm OCTA - bon Optic - Partner auf Augenh\u00f6he","og_description":"BMizar - Das fortschrittlichste High-End OCT von TowardPi mit 400kHz, 3,8\u202f\u03bcm Aufl\u00f6sung und 24\u00d720\u202fmm OCTA","og_url":"https:\/\/bon.de\/produkt\/towardpi-bmizar-bm-400k-max-400khz-full-range-ultra-weitwinkel-swept-source-oct\/","og_site_name":"bon Optic - Partner auf Augenh\u00f6he","article_modified_time":"2026-02-06T09:13:27+00:00","og_image":[{"width":802,"height":802,"url":"https:\/\/bon.de\/wp-content\/uploads\/2025\/06\/TowardPi_BMizar_OCT.jpg","type":"image\/jpeg"}],"twitter_card":"summary_large_image","twitter_misc":{"Est. reading time":"4 minutes"},"schema":{"@context":"https:\/\/schema.org","@graph":[{"@type":"WebPage","@id":"https:\/\/bon.de\/produkt\/towardpi-bmizar-bm-400k-max-400khz-full-range-ultra-weitwinkel-swept-source-oct\/","url":"https:\/\/bon.de\/produkt\/towardpi-bmizar-bm-400k-max-400khz-full-range-ultra-weitwinkel-swept-source-oct\/","name":"TowardPi BMizar - Das Next Generation OCT mit 400kHz, 3,8\u202f\u03bcm Aufl\u00f6sung und 24\u00d720\u202fmm OCTA - bon Optic - Partner auf Augenh\u00f6he","isPartOf":{"@id":"https:\/\/bon.de\/#website"},"primaryImageOfPage":{"@id":"https:\/\/bon.de\/produkt\/towardpi-bmizar-bm-400k-max-400khz-full-range-ultra-weitwinkel-swept-source-oct\/#primaryimage"},"image":{"@id":"https:\/\/bon.de\/produkt\/towardpi-bmizar-bm-400k-max-400khz-full-range-ultra-weitwinkel-swept-source-oct\/#primaryimage"},"thumbnailUrl":"https:\/\/bon.de\/wp-content\/uploads\/2025\/06\/TowardPi_BMizar_OCT.jpg","datePublished":"2025-06-04T11:24:43+00:00","dateModified":"2026-02-06T09:13:27+00:00","description":"BMizar - Das fortschrittlichste High-End OCT von TowardPi mit 400kHz, 3,8\u202f\u03bcm Aufl\u00f6sung und 24\u00d720\u202fmm OCTA","breadcrumb":{"@id":"https:\/\/bon.de\/produkt\/towardpi-bmizar-bm-400k-max-400khz-full-range-ultra-weitwinkel-swept-source-oct\/#breadcrumb"},"inLanguage":"en-US","potentialAction":[{"@type":"ReadAction","target":["https:\/\/bon.de\/produkt\/towardpi-bmizar-bm-400k-max-400khz-full-range-ultra-weitwinkel-swept-source-oct\/"]}]},{"@type":"ImageObject","inLanguage":"en-US","@id":"https:\/\/bon.de\/produkt\/towardpi-bmizar-bm-400k-max-400khz-full-range-ultra-weitwinkel-swept-source-oct\/#primaryimage","url":"https:\/\/bon.de\/wp-content\/uploads\/2025\/06\/TowardPi_BMizar_OCT.jpg","contentUrl":"https:\/\/bon.de\/wp-content\/uploads\/2025\/06\/TowardPi_BMizar_OCT.jpg","width":802,"height":802,"caption":"TowardPi BMizar BM-400K Max, 400KHz Full-Range Ultra-Weitwinkel Swept-Source OCT"},{"@type":"BreadcrumbList","@id":"https:\/\/bon.de\/produkt\/towardpi-bmizar-bm-400k-max-400khz-full-range-ultra-weitwinkel-swept-source-oct\/#breadcrumb","itemListElement":[{"@type":"ListItem","position":1,"name":"Home","item":"https:\/\/bon.de\/en\/"},{"@type":"ListItem","position":2,"name":"Shop","item":"https:\/\/bon.de\/en\/shop-2-2\/"},{"@type":"ListItem","position":3,"name":"TowardPi BMizar &#8211; Das Next Generation OCT mit 400kHz, 3,8\u202f\u03bcm Aufl\u00f6sung und 24\u00d720\u202fmm OCTA"}]},{"@type":"WebSite","@id":"https:\/\/bon.de\/#website","url":"https:\/\/bon.de\/","name":"bon Optic - Partner auf Augenh\u00f6he","description":"","publisher":{"@id":"https:\/\/bon.de\/#organization"},"potentialAction":[{"@type":"SearchAction","target":{"@type":"EntryPoint","urlTemplate":"https:\/\/bon.de\/?s={search_term_string}"},"query-input":{"@type":"PropertyValueSpecification","valueRequired":true,"valueName":"search_term_string"}}],"inLanguage":"en-US"},{"@type":"Organization","@id":"https:\/\/bon.de\/#organization","name":"bon Optic Vertriebsgesellschaft mbH","url":"https:\/\/bon.de\/","logo":{"@type":"ImageObject","inLanguage":"en-US","@id":"https:\/\/bon.de\/#\/schema\/logo\/image\/","url":"https:\/\/bon.de\/wp-content\/uploads\/2021\/06\/bon-Logo_512x512px.png","contentUrl":"https:\/\/bon.de\/wp-content\/uploads\/2021\/06\/bon-Logo_512x512px.png","width":512,"height":512,"caption":"bon Optic Vertriebsgesellschaft mbH"},"image":{"@id":"https:\/\/bon.de\/#\/schema\/logo\/image\/"},"sameAs":["https:\/\/www.linkedin.com\/company\/bon-optic-vertriebsgesellschaft-mbh\/","https:\/\/www.youtube.com\/channel\/UCSURhENDItKaH88bvn8LlcA"]}]}},"_links":{"self":[{"href":"https:\/\/bon.de\/en\/wp-json\/wp\/v2\/product\/10816","targetHints":{"allow":["GET"]}}],"collection":[{"href":"https:\/\/bon.de\/en\/wp-json\/wp\/v2\/product"}],"about":[{"href":"https:\/\/bon.de\/en\/wp-json\/wp\/v2\/types\/product"}],"replies":[{"embeddable":true,"href":"https:\/\/bon.de\/en\/wp-json\/wp\/v2\/comments?post=10816"}],"wp:featuredmedia":[{"embeddable":true,"href":"https:\/\/bon.de\/en\/wp-json\/wp\/v2\/media\/10819"}],"wp:attachment":[{"href":"https:\/\/bon.de\/en\/wp-json\/wp\/v2\/media?parent=10816"}],"wp:term":[{"taxonomy":"product_manufacturers","embeddable":true,"href":"https:\/\/bon.de\/en\/wp-json\/wp\/v2\/product_manufacturers?post=10816"},{"taxonomy":"product_brand","embeddable":true,"href":"https:\/\/bon.de\/en\/wp-json\/wp\/v2\/product_brand?post=10816"},{"taxonomy":"product_cat","embeddable":true,"href":"https:\/\/bon.de\/en\/wp-json\/wp\/v2\/product_cat?post=10816"},{"taxonomy":"product_tag","embeddable":true,"href":"https:\/\/bon.de\/en\/wp-json\/wp\/v2\/product_tag?post=10816"}],"curies":[{"name":"wp","href":"https:\/\/api.w.org\/{rel}","templated":true}]}}