{"id":11454,"date":"2025-11-07T12:51:43","date_gmt":"2025-11-07T11:51:43","guid":{"rendered":"https:\/\/bon.de\/?post_type=product&#038;p=11454"},"modified":"2026-02-06T10:11:21","modified_gmt":"2026-02-06T09:11:21","slug":"towardpi-yalkaid-full-range-swept-source-oct-a-mit-100khz-scangeschwindigkeit","status":"publish","type":"product","link":"https:\/\/bon.de\/en\/produkt\/towardpi-yalkaid-full-range-swept-source-oct-a-mit-100khz-scangeschwindigkeit\/","title":{"rendered":"TowardPi YAlkaid &#8211; Full-Range Swept-Source-OCT\/A mit 100kHz Scangeschwindigkeit"},"content":{"rendered":"<p>Der <strong>YAlkaid<\/strong>\u00a0von TowardPi stellt eine neue Generation von Swept-Source-OCT (SS-OCT) vor \u2013 mit einer beeindruckenden Geschwindigkeit von <strong>100 kHz<\/strong>. Sein herausragendes Merkmal ist die fortschrittliche <strong>Full-Range-SS-Technologie<\/strong>, die eine Scantiefe von <strong>6 mm<\/strong> f\u00fcr Glask\u00f6rper, Retina und Choroidea sowie au\u00dfergew\u00f6hnliche <strong>14 mm<\/strong> f\u00fcr den Vorderabschnitt erm\u00f6glicht. Mit einer optischen Aufl\u00f6sung von <strong>3,8 Mikrometern<\/strong> liefert er hochdetaillierte Bildgebung sowohl anteriorer als auch posteriorer Strukturen.<\/p>\n<p>Mit einer <strong>Wellenl\u00e4nge von 1060 nm<\/strong> ist YAlkaid besonders effektiv bei der Bildgebung von Patienten mit Katarakt oder Glask\u00f6rpertr\u00fcbungen, da das unsichtbare Licht Fixationsst\u00f6rungen minimiert. Zudem bietet er gro\u00dffl\u00e4chige <strong>16 mm Linien-Scans<\/strong> und <strong>12 mm 3D-\/OCTA-Scans<\/strong>, die ein deutlich gr\u00f6\u00dferes Areal abdecken als herk\u00f6mmliche SD- oder SS-OCT-Systeme.<\/p>\n<p>Ausgestattet mit umfassenden <strong>Quantifizierungs- und Analysetools<\/strong> steigert YAlkaid die diagnostische Pr\u00e4zision und ist damit ein unverzichtbares Instrument in der klinischen Praxis und Forschung zur Verbesserung der Patientenversorgung.<\/p>\n<div><\/div>\n<h3>Vergleich mit Standard-OCT:<\/h3>\n<ul>\n<li><strong>Scantiefe:<\/strong> Die 6 mm Tiefe des YAlkaid \u00fcbertrifft die typische Scantiefe von 2\u20133 mm bei Spectral-Domain-OCT und erm\u00f6glicht eine bessere Darstellung von Choroidea und Sklera.<\/li>\n<li><strong>Wellenl\u00e4nge:<\/strong> Die Swept-Source-Technologie mit 1060 nm bietet eine deutlich bessere Penetration durch Katarakte und Blutungen im Vergleich zur 840-nm-Wellenl\u00e4nge vieler Standard-OCT-Systeme.<\/li>\n<li><strong>Vielseitigkeit:<\/strong> Anders als viele Systeme, die sich entweder auf die anteriore oder die posteriore Bildgebung spezialisieren, \u00fcberzeugt YAlkaid in beiden Bereichen \u2013 und kann somit potenziell zwei separate Ger\u00e4te ersetzen.<\/li>\n<\/ul>\n<p>&nbsp;<\/p>\n<div style=\"width: 1920px;\" class=\"wp-video\"><video class=\"wp-video-shortcode\" id=\"video-11454-1\" width=\"1920\" height=\"1080\" preload=\"metadata\" controls=\"controls\"><source type=\"video\/mp4\" src=\"https:\/\/bon.de\/wp-content\/uploads\/2025\/11\/TowardPi-OCT-images-2023.mp4?_=1\" \/><a href=\"https:\/\/bon.de\/wp-content\/uploads\/2025\/11\/TowardPi-OCT-images-2023.mp4\">https:\/\/bon.de\/wp-content\/uploads\/2025\/11\/TowardPi-OCT-images-2023.mp4<\/a><\/video><\/div>\n<p>&nbsp;<\/p>\n<h4>Full Range Swept Source OCT, Next Generation<\/h4>\n<ul>\n<li>Scangeschwindigkeit: 100.000 A-Scans \/ Sekunde<\/li>\n<li>Maximale Netzhautaufnahme (L\u00e4nge \u00d7 Tiefe): 17 \u00d7 12 mm<\/li>\n<li>Maximale Vorderabschnittaufnahme (L\u00e4nge \u00d7 Tiefe): 24 \u00d7 15 mm<\/li>\n<li>OCT-A maximale Einzelaufnahmegr\u00f6\u00dfe (Netzhaut): 15 \u00d7 15 mm<\/li>\n<\/ul>\n<p>&nbsp;<\/p>\n<h4>Full Range Retina OCT<\/h4>\n<ul>\n<li>Vom hinteren Glask\u00f6rper bis zur Choroidea-Sklera-Grenze<\/li>\n<li>17 mm bis 12 mm Netzhautscan<\/li>\n<li>Automatische Schichtdetektion, Segmentierung und Vermessung s\u00e4mtlicher Netzhaut- und Aderhautschichten<\/li>\n<li>Einzellinie, Kreuzlinien, Raster- und Grid-Scan<\/li>\n<li>LSO-Fundusbild<\/li>\n<\/ul>\n<p>&nbsp;<\/p>\n<h4>Full Range Vorderabschnitt<\/h4>\n<ul>\n<li>Vom Epithel bis zur hinteren Kapsel<\/li>\n<li>24 mm bis 15 mm Scan<\/li>\n<li>Automatische Identifikation von Sklerasporn und Kammerwinkel<\/li>\n<li>Vorderabschnitt- und Vorderkammerwinkel-Messungen<\/li>\n<li>Einzellinie, HD-Radial (8 Linien), AS-Radial (72 Linien)<\/li>\n<li>Hornhaut-Mapping: Pachymetriekarte, Epitheliumkarte &amp; Stromadickenkarte (Basallamina \u2013 Endothel)<\/li>\n<\/ul>\n<p>&nbsp;<\/p>\n<h4>Full Range OCT-A &amp; En-Face OCT<\/h4>\n<ul>\n<li>3 \u00d7 3 mm, 6 \u00d7 6 mm, 12 \u00d7 12 mm, 15 \u00d7 15 mm in einer Aufnahme und Ultra-Widefield \u00fcber Montage<\/li>\n<li>Automatische Segmentierung in 7 Schichten: Glask\u00f6rper, oberfl\u00e4chlicher Gef\u00e4\u00dfplexus, tiefer Gef\u00e4\u00dfkomplex, retinale Gef\u00e4\u00dfschicht, avaskul\u00e4re Schicht, choroidale Kapillarschicht, choroidale Gef\u00e4\u00dfschicht &amp; anpassbare Segmentierung<\/li>\n<\/ul>\n<p>&nbsp;<\/p>\n<h4>KI-gest\u00fctzte Choroidea-OCT-A mit Quantifizierungstools<\/h4>\n<ul>\n<li>Choroidea: OCT-A, Gef\u00e4\u00dfindex, Gef\u00e4\u00dfdichte, Gef\u00e4\u00dfvolumenverh\u00e4ltnis (CVV\/a), Gef\u00e4\u00dfvolumenverh\u00e4ltnis (CSV\/a), Choroidales Stroma-Index<\/li>\n<\/ul>\n<p>&nbsp;<\/p>\n<h4>Umfassende Glaukom-Analyse (mit erweitertem iHealth)<\/h4>\n<ul>\n<li>6 \u00d7 6 mm Papillen- und RNFL-Analyse (Sehnervenkopf &amp; Nervenfaserschicht) mit Bestimmung von Cup-Fl\u00e4che, Randsaumfl\u00e4che und Cup\/Disc-Ratio<\/li>\n<li>7 \u00d7 7 mm Ganglion-Makula-Analyse: Messung der Distanz von Membrana limitans interna (ILM) bis zur \u00e4u\u00dferen inneren Plexiformschicht (IPL), umfasst die inneren 3 Schichten der Retina (Nervenfaserschicht, Ganglienzellschicht, innere Plexiformschicht), mit Signifikanzkarte (GMA-Dicke vs. Normdatenbank)<\/li>\n<li>6 \u00d7 6 mm Papille mit OCT-A zur Blutflussanalyse und Dichtebestimmung der Gef\u00e4\u00dfe in der Makula<\/li>\n<li>15 \u00d7 9 mm 3D-Scan f\u00fcr iHealth-Report zur umfassenden Analyse von Papille und Makula<\/li>\n<li>Visualisierung der Poren der Lamina cribrosa<\/li>\n<\/ul>\n<p>&nbsp;<\/p>\n<h4>iSpot f\u00fcr PRP-Lasermanagement<\/h4>\n<ul>\n<li>Einzigartige L\u00f6sung zur Unterst\u00fctzung bei Photokoagulationstherapie und Evaluation<\/li>\n<li>Charakteristische \u00dcberlagerung eines retinalen Blutflussbildes mit En-Face-Darstellung zur Hervorhebung der Laserbehandlungsareale<\/li>\n<\/ul>\n<p>&nbsp;<\/p>\n<h4>LSO-Fundusbildgebung<\/h4>\n<ul>\n<li>Line-Scanning-Ophthalmoskopie (LSO) Fundusbildgebung<\/li>\n<\/ul>\n<p>&nbsp;<\/p>\n<h4>3D OCT(-A) Retina, Papille &amp; Vorderabschnitt<\/h4>\n<ul>\n<li>Gef\u00e4\u00dfdarstellung und Quantifizierung in allen drei Zonen<\/li>\n<li>Automatische Parameterbestimmung von Dicken und Winkeln im Vorderabschnitt<\/li>\n<li>Fundus-Kr\u00fcmmungsmessung<\/li>\n<\/ul>\n<p>&nbsp;<\/p>\n<h4>Technische Merkmale<\/h4>\n<ul>\n<li>Scangeschwindigkeit: 100.000 A-Scans \/ Sekunde<\/li>\n<li>Maximale Netzhautaufnahme (L\u00e4nge \u00d7 Tiefe): 17 \u00d7 12 mm<\/li>\n<li>Maximale Vorderabschnittaufnahme (L\u00e4nge \u00d7 Tiefe): 24 \u00d7 15 mm<\/li>\n<li>Fundusbildgebung: LSO (Line-Scanning Ophthalmoskop)<\/li>\n<li>Minimale Pupillengr\u00f6\u00dfe: 2 mm<\/li>\n<li>Eye-Tracking-Geschwindigkeit: 60 Hz<\/li>\n<li>OCT-A maximale Einzelaufnahmegr\u00f6\u00dfe (Netzhaut): 15 \u00d7 15 mm<\/li>\n<li>OCT-A maximale Einzelaufnahmegr\u00f6\u00dfe (Vorderabschnitt): 18 \u00d7 18 mm<\/li>\n<li>OCT-A maximale Aufl\u00f6sung (Einzelscan): 1024 \u00d7 1024<\/li>\n<li>Vorderabschnitt-Quantifizierung<\/li>\n<li>Dicken- &amp; Volumenmessungen: Retina &amp; Choroidea<\/li>\n<li>Glaukom-Analyse: GMA, ONH, iHealth &amp; Winkelmessungen<\/li>\n<li>Blutfluss-Quantifizierung: Retina, Choroidea, Papille und Vorderabschnitt<\/li>\n<li>Posteriore Netzhautkr\u00fcmmung<\/li>\n<li>3D-Struktur &amp; 3D-Gef\u00e4\u00dfe<\/li>\n<\/ul>\n","protected":false},"excerpt":{"rendered":"<p>Der YAlkaid\u00a0von TowardPi stellt eine neue Generation von Swept-Source-OCT (SS-OCT) vor \u2013 mit einer beeindruckenden Geschwindigkeit von 100 kHz. Sein herausragendes Merkmal ist die fortschrittliche Full-Range-SS-Technologie, die eine Scantiefe von 6 mm f\u00fcr Glask\u00f6rper, Retina und Choroidea sowie au\u00dfergew\u00f6hnliche 14 mm f\u00fcr den Vorderabschnitt erm\u00f6glicht. Mit einer optischen Aufl\u00f6sung von 3,8 Mikrometern liefert er hochdetaillierte [&hellip;]<\/p>\n","protected":false},"featured_media":11459,"comment_status":"closed","ping_status":"closed","template":"","meta":{"_acf_changed":false,"inline_featured_image":false},"product_manufacturers":[879],"product_brand":[],"product_cat":[384,52],"product_tag":[809,889,888,884,887,858,747,882,750,881,857,886,883,885],"class_list":{"0":"post-11454","1":"product","2":"type-product","3":"status-publish","4":"has-post-thumbnail","6":"product_cat-optische-koharenztomographen-oct","7":"product_cat-retina-2","8":"product_tag-augenheilkunde","9":"product_tag-cupdisc","10":"product_tag-fovea","11":"product_tag-fullrange","12":"product_tag-makula","13":"product_tag-netzhaut","14":"product_tag-oct","15":"product_tag-octa","16":"product_tag-ophthalmologie","17":"product_tag-ophthalmology","18":"product_tag-retina","19":"product_tag-retinopathie","20":"product_tag-swept-source","21":"product_tag-towardpi","22":"pa_european-authorized-represen-mednet-ec-rep-gmbh-borkstrasse-10-48163-muenster-germany","24":"first","25":"instock","26":"taxable","27":"shipping-taxable","28":"product-type-simple"},"acf":[],"yoast_head":"<!-- This site is optimized with the Yoast SEO plugin v27.0 - https:\/\/yoast.com\/product\/yoast-seo-wordpress\/ -->\n<title>TowardPi YAlkaid - Full-Range Swept-Source-OCT\/A mit 100kHz Scangeschwindigkeit - bon Optic - Partner auf Augenh\u00f6he<\/title>\n<meta name=\"description\" content=\"YAlkaid - Das Full-Range OCT\/OCT-A von TowardPi mit 100kHz\" \/>\n<meta name=\"robots\" content=\"index, follow, max-snippet:-1, max-image-preview:large, max-video-preview:-1\" \/>\n<link rel=\"canonical\" href=\"https:\/\/bon.de\/produkt\/towardpi-yalkaid-full-range-swept-source-oct-a-mit-100khz-scangeschwindigkeit\/\" \/>\n<meta property=\"og:locale\" content=\"en_US\" \/>\n<meta property=\"og:type\" content=\"article\" \/>\n<meta property=\"og:title\" content=\"TowardPi YAlkaid - Full-Range Swept-Source-OCT\/A mit 100kHz Scangeschwindigkeit - bon Optic - Partner auf Augenh\u00f6he\" \/>\n<meta property=\"og:description\" content=\"YAlkaid - Das Full-Range OCT\/OCT-A von TowardPi mit 100kHz\" \/>\n<meta property=\"og:url\" content=\"https:\/\/bon.de\/produkt\/towardpi-yalkaid-full-range-swept-source-oct-a-mit-100khz-scangeschwindigkeit\/\" \/>\n<meta property=\"og:site_name\" content=\"bon Optic - Partner auf Augenh\u00f6he\" \/>\n<meta property=\"article:modified_time\" content=\"2026-02-06T09:11:21+00:00\" \/>\n<meta property=\"og:image\" content=\"https:\/\/bon.de\/wp-content\/uploads\/2025\/11\/TowardPi-YAlkaid.jpg\" \/>\n\t<meta property=\"og:image:width\" content=\"2045\" \/>\n\t<meta property=\"og:image:height\" content=\"2045\" \/>\n\t<meta property=\"og:image:type\" content=\"image\/jpeg\" \/>\n<meta name=\"twitter:card\" content=\"summary_large_image\" \/>\n<meta name=\"twitter:label1\" content=\"Est. reading time\" \/>\n\t<meta name=\"twitter:data1\" content=\"4 minutes\" \/>\n<script type=\"application\/ld+json\" class=\"yoast-schema-graph\">{\"@context\":\"https:\/\/schema.org\",\"@graph\":[{\"@type\":\"WebPage\",\"@id\":\"https:\/\/bon.de\/produkt\/towardpi-yalkaid-full-range-swept-source-oct-a-mit-100khz-scangeschwindigkeit\/\",\"url\":\"https:\/\/bon.de\/produkt\/towardpi-yalkaid-full-range-swept-source-oct-a-mit-100khz-scangeschwindigkeit\/\",\"name\":\"TowardPi YAlkaid - Full-Range Swept-Source-OCT\/A mit 100kHz Scangeschwindigkeit - bon Optic - Partner auf Augenh\u00f6he\",\"isPartOf\":{\"@id\":\"https:\/\/bon.de\/#website\"},\"primaryImageOfPage\":{\"@id\":\"https:\/\/bon.de\/produkt\/towardpi-yalkaid-full-range-swept-source-oct-a-mit-100khz-scangeschwindigkeit\/#primaryimage\"},\"image\":{\"@id\":\"https:\/\/bon.de\/produkt\/towardpi-yalkaid-full-range-swept-source-oct-a-mit-100khz-scangeschwindigkeit\/#primaryimage\"},\"thumbnailUrl\":\"https:\/\/bon.de\/wp-content\/uploads\/2025\/11\/TowardPi-YAlkaid.jpg\",\"datePublished\":\"2025-11-07T11:51:43+00:00\",\"dateModified\":\"2026-02-06T09:11:21+00:00\",\"description\":\"YAlkaid - Das Full-Range OCT\/OCT-A von TowardPi mit 100kHz\",\"breadcrumb\":{\"@id\":\"https:\/\/bon.de\/produkt\/towardpi-yalkaid-full-range-swept-source-oct-a-mit-100khz-scangeschwindigkeit\/#breadcrumb\"},\"inLanguage\":\"en-US\",\"potentialAction\":[{\"@type\":\"ReadAction\",\"target\":[\"https:\/\/bon.de\/produkt\/towardpi-yalkaid-full-range-swept-source-oct-a-mit-100khz-scangeschwindigkeit\/\"]}]},{\"@type\":\"ImageObject\",\"inLanguage\":\"en-US\",\"@id\":\"https:\/\/bon.de\/produkt\/towardpi-yalkaid-full-range-swept-source-oct-a-mit-100khz-scangeschwindigkeit\/#primaryimage\",\"url\":\"https:\/\/bon.de\/wp-content\/uploads\/2025\/11\/TowardPi-YAlkaid.jpg\",\"contentUrl\":\"https:\/\/bon.de\/wp-content\/uploads\/2025\/11\/TowardPi-YAlkaid.jpg\",\"width\":2045,\"height\":2045},{\"@type\":\"BreadcrumbList\",\"@id\":\"https:\/\/bon.de\/produkt\/towardpi-yalkaid-full-range-swept-source-oct-a-mit-100khz-scangeschwindigkeit\/#breadcrumb\",\"itemListElement\":[{\"@type\":\"ListItem\",\"position\":1,\"name\":\"Home\",\"item\":\"https:\/\/bon.de\/en\/\"},{\"@type\":\"ListItem\",\"position\":2,\"name\":\"Shop\",\"item\":\"https:\/\/bon.de\/en\/shop-2-2\/\"},{\"@type\":\"ListItem\",\"position\":3,\"name\":\"TowardPi YAlkaid &#8211; Full-Range Swept-Source-OCT\/A mit 100kHz Scangeschwindigkeit\"}]},{\"@type\":\"WebSite\",\"@id\":\"https:\/\/bon.de\/#website\",\"url\":\"https:\/\/bon.de\/\",\"name\":\"bon Optic - Partner auf Augenh\u00f6he\",\"description\":\"\",\"publisher\":{\"@id\":\"https:\/\/bon.de\/#organization\"},\"potentialAction\":[{\"@type\":\"SearchAction\",\"target\":{\"@type\":\"EntryPoint\",\"urlTemplate\":\"https:\/\/bon.de\/?s={search_term_string}\"},\"query-input\":{\"@type\":\"PropertyValueSpecification\",\"valueRequired\":true,\"valueName\":\"search_term_string\"}}],\"inLanguage\":\"en-US\"},{\"@type\":\"Organization\",\"@id\":\"https:\/\/bon.de\/#organization\",\"name\":\"bon Optic Vertriebsgesellschaft mbH\",\"url\":\"https:\/\/bon.de\/\",\"logo\":{\"@type\":\"ImageObject\",\"inLanguage\":\"en-US\",\"@id\":\"https:\/\/bon.de\/#\/schema\/logo\/image\/\",\"url\":\"https:\/\/bon.de\/wp-content\/uploads\/2021\/06\/bon-Logo_512x512px.png\",\"contentUrl\":\"https:\/\/bon.de\/wp-content\/uploads\/2021\/06\/bon-Logo_512x512px.png\",\"width\":512,\"height\":512,\"caption\":\"bon Optic Vertriebsgesellschaft mbH\"},\"image\":{\"@id\":\"https:\/\/bon.de\/#\/schema\/logo\/image\/\"},\"sameAs\":[\"https:\/\/www.linkedin.com\/company\/bon-optic-vertriebsgesellschaft-mbh\/\",\"https:\/\/www.youtube.com\/channel\/UCSURhENDItKaH88bvn8LlcA\"]}]}<\/script>\n<!-- \/ Yoast SEO plugin. -->","yoast_head_json":{"title":"TowardPi YAlkaid - Full-Range Swept-Source-OCT\/A mit 100kHz Scangeschwindigkeit - bon Optic - Partner auf Augenh\u00f6he","description":"YAlkaid - Das Full-Range OCT\/OCT-A von TowardPi mit 100kHz","robots":{"index":"index","follow":"follow","max-snippet":"max-snippet:-1","max-image-preview":"max-image-preview:large","max-video-preview":"max-video-preview:-1"},"canonical":"https:\/\/bon.de\/produkt\/towardpi-yalkaid-full-range-swept-source-oct-a-mit-100khz-scangeschwindigkeit\/","og_locale":"en_US","og_type":"article","og_title":"TowardPi YAlkaid - Full-Range Swept-Source-OCT\/A mit 100kHz Scangeschwindigkeit - bon Optic - Partner auf Augenh\u00f6he","og_description":"YAlkaid - Das Full-Range OCT\/OCT-A von TowardPi mit 100kHz","og_url":"https:\/\/bon.de\/produkt\/towardpi-yalkaid-full-range-swept-source-oct-a-mit-100khz-scangeschwindigkeit\/","og_site_name":"bon Optic - Partner auf Augenh\u00f6he","article_modified_time":"2026-02-06T09:11:21+00:00","og_image":[{"width":2045,"height":2045,"url":"https:\/\/bon.de\/wp-content\/uploads\/2025\/11\/TowardPi-YAlkaid.jpg","type":"image\/jpeg"}],"twitter_card":"summary_large_image","twitter_misc":{"Est. reading time":"4 minutes"},"schema":{"@context":"https:\/\/schema.org","@graph":[{"@type":"WebPage","@id":"https:\/\/bon.de\/produkt\/towardpi-yalkaid-full-range-swept-source-oct-a-mit-100khz-scangeschwindigkeit\/","url":"https:\/\/bon.de\/produkt\/towardpi-yalkaid-full-range-swept-source-oct-a-mit-100khz-scangeschwindigkeit\/","name":"TowardPi YAlkaid - Full-Range Swept-Source-OCT\/A mit 100kHz Scangeschwindigkeit - bon Optic - Partner auf Augenh\u00f6he","isPartOf":{"@id":"https:\/\/bon.de\/#website"},"primaryImageOfPage":{"@id":"https:\/\/bon.de\/produkt\/towardpi-yalkaid-full-range-swept-source-oct-a-mit-100khz-scangeschwindigkeit\/#primaryimage"},"image":{"@id":"https:\/\/bon.de\/produkt\/towardpi-yalkaid-full-range-swept-source-oct-a-mit-100khz-scangeschwindigkeit\/#primaryimage"},"thumbnailUrl":"https:\/\/bon.de\/wp-content\/uploads\/2025\/11\/TowardPi-YAlkaid.jpg","datePublished":"2025-11-07T11:51:43+00:00","dateModified":"2026-02-06T09:11:21+00:00","description":"YAlkaid - Das Full-Range OCT\/OCT-A von TowardPi mit 100kHz","breadcrumb":{"@id":"https:\/\/bon.de\/produkt\/towardpi-yalkaid-full-range-swept-source-oct-a-mit-100khz-scangeschwindigkeit\/#breadcrumb"},"inLanguage":"en-US","potentialAction":[{"@type":"ReadAction","target":["https:\/\/bon.de\/produkt\/towardpi-yalkaid-full-range-swept-source-oct-a-mit-100khz-scangeschwindigkeit\/"]}]},{"@type":"ImageObject","inLanguage":"en-US","@id":"https:\/\/bon.de\/produkt\/towardpi-yalkaid-full-range-swept-source-oct-a-mit-100khz-scangeschwindigkeit\/#primaryimage","url":"https:\/\/bon.de\/wp-content\/uploads\/2025\/11\/TowardPi-YAlkaid.jpg","contentUrl":"https:\/\/bon.de\/wp-content\/uploads\/2025\/11\/TowardPi-YAlkaid.jpg","width":2045,"height":2045},{"@type":"BreadcrumbList","@id":"https:\/\/bon.de\/produkt\/towardpi-yalkaid-full-range-swept-source-oct-a-mit-100khz-scangeschwindigkeit\/#breadcrumb","itemListElement":[{"@type":"ListItem","position":1,"name":"Home","item":"https:\/\/bon.de\/en\/"},{"@type":"ListItem","position":2,"name":"Shop","item":"https:\/\/bon.de\/en\/shop-2-2\/"},{"@type":"ListItem","position":3,"name":"TowardPi YAlkaid &#8211; Full-Range Swept-Source-OCT\/A mit 100kHz Scangeschwindigkeit"}]},{"@type":"WebSite","@id":"https:\/\/bon.de\/#website","url":"https:\/\/bon.de\/","name":"bon Optic - Partner auf Augenh\u00f6he","description":"","publisher":{"@id":"https:\/\/bon.de\/#organization"},"potentialAction":[{"@type":"SearchAction","target":{"@type":"EntryPoint","urlTemplate":"https:\/\/bon.de\/?s={search_term_string}"},"query-input":{"@type":"PropertyValueSpecification","valueRequired":true,"valueName":"search_term_string"}}],"inLanguage":"en-US"},{"@type":"Organization","@id":"https:\/\/bon.de\/#organization","name":"bon Optic Vertriebsgesellschaft mbH","url":"https:\/\/bon.de\/","logo":{"@type":"ImageObject","inLanguage":"en-US","@id":"https:\/\/bon.de\/#\/schema\/logo\/image\/","url":"https:\/\/bon.de\/wp-content\/uploads\/2021\/06\/bon-Logo_512x512px.png","contentUrl":"https:\/\/bon.de\/wp-content\/uploads\/2021\/06\/bon-Logo_512x512px.png","width":512,"height":512,"caption":"bon Optic Vertriebsgesellschaft mbH"},"image":{"@id":"https:\/\/bon.de\/#\/schema\/logo\/image\/"},"sameAs":["https:\/\/www.linkedin.com\/company\/bon-optic-vertriebsgesellschaft-mbh\/","https:\/\/www.youtube.com\/channel\/UCSURhENDItKaH88bvn8LlcA"]}]}},"_links":{"self":[{"href":"https:\/\/bon.de\/en\/wp-json\/wp\/v2\/product\/11454","targetHints":{"allow":["GET"]}}],"collection":[{"href":"https:\/\/bon.de\/en\/wp-json\/wp\/v2\/product"}],"about":[{"href":"https:\/\/bon.de\/en\/wp-json\/wp\/v2\/types\/product"}],"replies":[{"embeddable":true,"href":"https:\/\/bon.de\/en\/wp-json\/wp\/v2\/comments?post=11454"}],"wp:featuredmedia":[{"embeddable":true,"href":"https:\/\/bon.de\/en\/wp-json\/wp\/v2\/media\/11459"}],"wp:attachment":[{"href":"https:\/\/bon.de\/en\/wp-json\/wp\/v2\/media?parent=11454"}],"wp:term":[{"taxonomy":"product_manufacturers","embeddable":true,"href":"https:\/\/bon.de\/en\/wp-json\/wp\/v2\/product_manufacturers?post=11454"},{"taxonomy":"product_brand","embeddable":true,"href":"https:\/\/bon.de\/en\/wp-json\/wp\/v2\/product_brand?post=11454"},{"taxonomy":"product_cat","embeddable":true,"href":"https:\/\/bon.de\/en\/wp-json\/wp\/v2\/product_cat?post=11454"},{"taxonomy":"product_tag","embeddable":true,"href":"https:\/\/bon.de\/en\/wp-json\/wp\/v2\/product_tag?post=11454"}],"curies":[{"name":"wp","href":"https:\/\/api.w.org\/{rel}","templated":true}]}}