{"id":1211,"date":"2013-10-29T16:05:42","date_gmt":"2013-10-29T16:05:42","guid":{"rendered":"https:\/\/bon.de\/?post_type=product&#038;p=1211"},"modified":"2021-01-11T12:24:54","modified_gmt":"2021-01-11T12:24:54","slug":"heine-skiaskop-retinoskop-trainer-2","status":"publish","type":"product","link":"https:\/\/bon.de\/en\/product\/heine-skiaskop-retinoskop-trainer-2\/","title":{"rendered":"Heine Skiaskop \/ Retinoskop Trainer"},"content":{"rendered":"<p>Der Heine Skiaskopie-Trainer ist ideal zum \u00dcben und f\u00fcr den Lehrbetrieb.<\/p>\n<p>Der Pupillendurchmeser und die Refraktion sind genau einstellbar und reproduzierbar.<br \/>\n<br \/>Der vordere Halter fasst zwei Probiergl\u00e4ser. Zylindergl\u00e4ser k\u00f6nnen an der Winkelskala bestimmt werden.<\/p>\n<li>Refraktionsskala: stufenlos einstellbar von -7 bis 6 Dpt. in 0,5 Dpt. Schritten\n<li>Skala: 0 bis 180\u00b0 f\u00fcr Zylindergl\u00e4ser\n<li>Pupillendurchmesser: einstellbar 2, 3, 4, 5, 6 und 8 mm\n<li>Linse:Achromat aus Silikatglas, F=32 mm\n<li>Grundk\u00f6rper: Metall-standsicher und langlebig\n<li>Untersuchungsachse: einstellbar<br \/>\n","protected":false},"excerpt":{"rendered":"<p>Der Heine Skiaskopie-Trainer ist ideal zum \u00dcben und f\u00fcr den Lehrbetrieb. Der Pupillendurchmeser und die Refraktion sind genau einstellbar und reproduzierbar. Der vordere Halter fasst zwei Probiergl\u00e4ser. Zylindergl\u00e4ser k\u00f6nnen an der Winkelskala bestimmt werden. Refraktionsskala: stufenlos einstellbar von -7 bis 6 Dpt. in 0,5 Dpt. Schritten Skala: 0 bis 180\u00b0 f\u00fcr Zylindergl\u00e4ser Pupillendurchmesser: einstellbar 2, [&hellip;]<\/p>\n","protected":false},"featured_media":1212,"comment_status":"open","ping_status":"closed","template":"","meta":{"_acf_changed":false,"inline_featured_image":false},"product_manufacturers":[467],"product_brand":[],"product_cat":[185,215],"product_tag":[],"class_list":{"0":"post-1211","1":"product","2":"type-product","3":"status-publish","4":"has-post-thumbnail","6":"product_cat-bon-shop-2","7":"product_cat-handles-and-power-supplies-2","9":"first","10":"instock","11":"taxable","12":"shipping-taxable","13":"purchasable","14":"product-type-simple"},"acf":[],"yoast_head":"<!-- This site is optimized with the Yoast SEO plugin v27.0 - https:\/\/yoast.com\/product\/yoast-seo-wordpress\/ -->\n<title>Heine Skia-Retinoscope Trainer<\/title>\n<meta name=\"robots\" content=\"index, follow, max-snippet:-1, max-image-preview:large, max-video-preview:-1\" \/>\n<link rel=\"canonical\" href=\"https:\/\/bon.de\/en\/product\/heine-skiaskop-retinoskop-trainer-2\/\" \/>\n<meta property=\"og:locale\" content=\"en_US\" \/>\n<meta property=\"og:type\" content=\"article\" \/>\n<meta property=\"og:title\" content=\"Heine Skia-Retinoscope Trainer\" \/>\n<meta property=\"og:description\" content=\"Der Heine Skiaskopie-Trainer ist ideal zum \u00dcben und f\u00fcr den Lehrbetrieb. Der Pupillendurchmeser und die Refraktion sind genau einstellbar und reproduzierbar. Der vordere Halter fasst zwei Probiergl\u00e4ser. Zylindergl\u00e4ser k\u00f6nnen an der Winkelskala bestimmt werden. Refraktionsskala: stufenlos einstellbar von -7 bis 6 Dpt. in 0,5 Dpt. Schritten Skala: 0 bis 180\u00b0 f\u00fcr Zylindergl\u00e4ser Pupillendurchmesser: einstellbar 2, [&hellip;]\" \/>\n<meta property=\"og:url\" content=\"https:\/\/bon.de\/en\/product\/heine-skiaskop-retinoskop-trainer-2\/\" \/>\n<meta property=\"og:site_name\" content=\"bon Optic - Partner auf Augenh\u00f6he\" \/>\n<meta property=\"article:modified_time\" content=\"2021-01-11T12:24:54+00:00\" \/>\n<meta property=\"og:image\" content=\"https:\/\/bon.de\/wp-content\/uploads\/2013\/11\/products-modeleye-1.jpg\" \/>\n\t<meta property=\"og:image:width\" content=\"330\" \/>\n\t<meta property=\"og:image:height\" content=\"330\" \/>\n\t<meta property=\"og:image:type\" content=\"image\/jpeg\" \/>\n<meta name=\"twitter:card\" content=\"summary_large_image\" \/>\n<script type=\"application\/ld+json\" class=\"yoast-schema-graph\">{\"@context\":\"https:\/\/schema.org\",\"@graph\":[{\"@type\":\"WebPage\",\"@id\":\"https:\/\/bon.de\/en\/product\/heine-skiaskop-retinoskop-trainer-2\/\",\"url\":\"https:\/\/bon.de\/en\/product\/heine-skiaskop-retinoskop-trainer-2\/\",\"name\":\"Heine Skia-Retinoscope Trainer\",\"isPartOf\":{\"@id\":\"https:\/\/bon.de\/#website\"},\"primaryImageOfPage\":{\"@id\":\"https:\/\/bon.de\/en\/product\/heine-skiaskop-retinoskop-trainer-2\/#primaryimage\"},\"image\":{\"@id\":\"https:\/\/bon.de\/en\/product\/heine-skiaskop-retinoskop-trainer-2\/#primaryimage\"},\"thumbnailUrl\":\"https:\/\/bon.de\/wp-content\/uploads\/2013\/11\/products-modeleye-1.jpg\",\"datePublished\":\"2013-10-29T16:05:42+00:00\",\"dateModified\":\"2021-01-11T12:24:54+00:00\",\"breadcrumb\":{\"@id\":\"https:\/\/bon.de\/en\/product\/heine-skiaskop-retinoskop-trainer-2\/#breadcrumb\"},\"inLanguage\":\"en-US\",\"potentialAction\":[{\"@type\":\"ReadAction\",\"target\":[\"https:\/\/bon.de\/en\/product\/heine-skiaskop-retinoskop-trainer-2\/\"]}]},{\"@type\":\"ImageObject\",\"inLanguage\":\"en-US\",\"@id\":\"https:\/\/bon.de\/en\/product\/heine-skiaskop-retinoskop-trainer-2\/#primaryimage\",\"url\":\"https:\/\/bon.de\/wp-content\/uploads\/2013\/11\/products-modeleye-1.jpg\",\"contentUrl\":\"https:\/\/bon.de\/wp-content\/uploads\/2013\/11\/products-modeleye-1.jpg\",\"width\":330,\"height\":330},{\"@type\":\"BreadcrumbList\",\"@id\":\"https:\/\/bon.de\/en\/product\/heine-skiaskop-retinoskop-trainer-2\/#breadcrumb\",\"itemListElement\":[{\"@type\":\"ListItem\",\"position\":1,\"name\":\"Home\",\"item\":\"https:\/\/bon.de\/en\/\"},{\"@type\":\"ListItem\",\"position\":2,\"name\":\"Shop\",\"item\":\"https:\/\/bon.de\/en\/shop-2-2\/\"},{\"@type\":\"ListItem\",\"position\":3,\"name\":\"Heine Skiaskop \/ Retinoskop Trainer\"}]},{\"@type\":\"WebSite\",\"@id\":\"https:\/\/bon.de\/#website\",\"url\":\"https:\/\/bon.de\/\",\"name\":\"bon Optic - Partner auf Augenh\u00f6he\",\"description\":\"\",\"publisher\":{\"@id\":\"https:\/\/bon.de\/#organization\"},\"potentialAction\":[{\"@type\":\"SearchAction\",\"target\":{\"@type\":\"EntryPoint\",\"urlTemplate\":\"https:\/\/bon.de\/?s={search_term_string}\"},\"query-input\":{\"@type\":\"PropertyValueSpecification\",\"valueRequired\":true,\"valueName\":\"search_term_string\"}}],\"inLanguage\":\"en-US\"},{\"@type\":\"Organization\",\"@id\":\"https:\/\/bon.de\/#organization\",\"name\":\"bon Optic Vertriebsgesellschaft mbH\",\"url\":\"https:\/\/bon.de\/\",\"logo\":{\"@type\":\"ImageObject\",\"inLanguage\":\"en-US\",\"@id\":\"https:\/\/bon.de\/#\/schema\/logo\/image\/\",\"url\":\"https:\/\/bon.de\/wp-content\/uploads\/2021\/06\/bon-Logo_512x512px.png\",\"contentUrl\":\"https:\/\/bon.de\/wp-content\/uploads\/2021\/06\/bon-Logo_512x512px.png\",\"width\":512,\"height\":512,\"caption\":\"bon Optic Vertriebsgesellschaft mbH\"},\"image\":{\"@id\":\"https:\/\/bon.de\/#\/schema\/logo\/image\/\"},\"sameAs\":[\"https:\/\/www.linkedin.com\/company\/bon-optic-vertriebsgesellschaft-mbh\/\",\"https:\/\/www.youtube.com\/channel\/UCSURhENDItKaH88bvn8LlcA\"]}]}<\/script>\n<!-- \/ Yoast SEO plugin. -->","yoast_head_json":{"title":"Heine Skia-Retinoscope Trainer","robots":{"index":"index","follow":"follow","max-snippet":"max-snippet:-1","max-image-preview":"max-image-preview:large","max-video-preview":"max-video-preview:-1"},"canonical":"https:\/\/bon.de\/en\/product\/heine-skiaskop-retinoskop-trainer-2\/","og_locale":"en_US","og_type":"article","og_title":"Heine Skia-Retinoscope Trainer","og_description":"Der Heine Skiaskopie-Trainer ist ideal zum \u00dcben und f\u00fcr den Lehrbetrieb. Der Pupillendurchmeser und die Refraktion sind genau einstellbar und reproduzierbar. Der vordere Halter fasst zwei Probiergl\u00e4ser. Zylindergl\u00e4ser k\u00f6nnen an der Winkelskala bestimmt werden. Refraktionsskala: stufenlos einstellbar von -7 bis 6 Dpt. in 0,5 Dpt. Schritten Skala: 0 bis 180\u00b0 f\u00fcr Zylindergl\u00e4ser Pupillendurchmesser: einstellbar 2, [&hellip;]","og_url":"https:\/\/bon.de\/en\/product\/heine-skiaskop-retinoskop-trainer-2\/","og_site_name":"bon Optic - Partner auf Augenh\u00f6he","article_modified_time":"2021-01-11T12:24:54+00:00","og_image":[{"width":330,"height":330,"url":"https:\/\/bon.de\/wp-content\/uploads\/2013\/11\/products-modeleye-1.jpg","type":"image\/jpeg"}],"twitter_card":"summary_large_image","schema":{"@context":"https:\/\/schema.org","@graph":[{"@type":"WebPage","@id":"https:\/\/bon.de\/en\/product\/heine-skiaskop-retinoskop-trainer-2\/","url":"https:\/\/bon.de\/en\/product\/heine-skiaskop-retinoskop-trainer-2\/","name":"Heine Skia-Retinoscope Trainer","isPartOf":{"@id":"https:\/\/bon.de\/#website"},"primaryImageOfPage":{"@id":"https:\/\/bon.de\/en\/product\/heine-skiaskop-retinoskop-trainer-2\/#primaryimage"},"image":{"@id":"https:\/\/bon.de\/en\/product\/heine-skiaskop-retinoskop-trainer-2\/#primaryimage"},"thumbnailUrl":"https:\/\/bon.de\/wp-content\/uploads\/2013\/11\/products-modeleye-1.jpg","datePublished":"2013-10-29T16:05:42+00:00","dateModified":"2021-01-11T12:24:54+00:00","breadcrumb":{"@id":"https:\/\/bon.de\/en\/product\/heine-skiaskop-retinoskop-trainer-2\/#breadcrumb"},"inLanguage":"en-US","potentialAction":[{"@type":"ReadAction","target":["https:\/\/bon.de\/en\/product\/heine-skiaskop-retinoskop-trainer-2\/"]}]},{"@type":"ImageObject","inLanguage":"en-US","@id":"https:\/\/bon.de\/en\/product\/heine-skiaskop-retinoskop-trainer-2\/#primaryimage","url":"https:\/\/bon.de\/wp-content\/uploads\/2013\/11\/products-modeleye-1.jpg","contentUrl":"https:\/\/bon.de\/wp-content\/uploads\/2013\/11\/products-modeleye-1.jpg","width":330,"height":330},{"@type":"BreadcrumbList","@id":"https:\/\/bon.de\/en\/product\/heine-skiaskop-retinoskop-trainer-2\/#breadcrumb","itemListElement":[{"@type":"ListItem","position":1,"name":"Home","item":"https:\/\/bon.de\/en\/"},{"@type":"ListItem","position":2,"name":"Shop","item":"https:\/\/bon.de\/en\/shop-2-2\/"},{"@type":"ListItem","position":3,"name":"Heine Skiaskop \/ Retinoskop Trainer"}]},{"@type":"WebSite","@id":"https:\/\/bon.de\/#website","url":"https:\/\/bon.de\/","name":"bon Optic - Partner auf Augenh\u00f6he","description":"","publisher":{"@id":"https:\/\/bon.de\/#organization"},"potentialAction":[{"@type":"SearchAction","target":{"@type":"EntryPoint","urlTemplate":"https:\/\/bon.de\/?s={search_term_string}"},"query-input":{"@type":"PropertyValueSpecification","valueRequired":true,"valueName":"search_term_string"}}],"inLanguage":"en-US"},{"@type":"Organization","@id":"https:\/\/bon.de\/#organization","name":"bon Optic Vertriebsgesellschaft mbH","url":"https:\/\/bon.de\/","logo":{"@type":"ImageObject","inLanguage":"en-US","@id":"https:\/\/bon.de\/#\/schema\/logo\/image\/","url":"https:\/\/bon.de\/wp-content\/uploads\/2021\/06\/bon-Logo_512x512px.png","contentUrl":"https:\/\/bon.de\/wp-content\/uploads\/2021\/06\/bon-Logo_512x512px.png","width":512,"height":512,"caption":"bon Optic Vertriebsgesellschaft mbH"},"image":{"@id":"https:\/\/bon.de\/#\/schema\/logo\/image\/"},"sameAs":["https:\/\/www.linkedin.com\/company\/bon-optic-vertriebsgesellschaft-mbh\/","https:\/\/www.youtube.com\/channel\/UCSURhENDItKaH88bvn8LlcA"]}]}},"_links":{"self":[{"href":"https:\/\/bon.de\/en\/wp-json\/wp\/v2\/product\/1211","targetHints":{"allow":["GET"]}}],"collection":[{"href":"https:\/\/bon.de\/en\/wp-json\/wp\/v2\/product"}],"about":[{"href":"https:\/\/bon.de\/en\/wp-json\/wp\/v2\/types\/product"}],"replies":[{"embeddable":true,"href":"https:\/\/bon.de\/en\/wp-json\/wp\/v2\/comments?post=1211"}],"wp:featuredmedia":[{"embeddable":true,"href":"https:\/\/bon.de\/en\/wp-json\/wp\/v2\/media\/1212"}],"wp:attachment":[{"href":"https:\/\/bon.de\/en\/wp-json\/wp\/v2\/media?parent=1211"}],"wp:term":[{"taxonomy":"product_manufacturers","embeddable":true,"href":"https:\/\/bon.de\/en\/wp-json\/wp\/v2\/product_manufacturers?post=1211"},{"taxonomy":"product_brand","embeddable":true,"href":"https:\/\/bon.de\/en\/wp-json\/wp\/v2\/product_brand?post=1211"},{"taxonomy":"product_cat","embeddable":true,"href":"https:\/\/bon.de\/en\/wp-json\/wp\/v2\/product_cat?post=1211"},{"taxonomy":"product_tag","embeddable":true,"href":"https:\/\/bon.de\/en\/wp-json\/wp\/v2\/product_tag?post=1211"}],"curies":[{"name":"wp","href":"https:\/\/api.w.org\/{rel}","templated":true}]}}