{"id":12248,"date":"2026-04-22T07:57:59","date_gmt":"2026-04-22T06:57:59","guid":{"rendered":"https:\/\/bon.de\/?post_type=product&#038;p=12248"},"modified":"2026-04-22T08:31:58","modified_gmt":"2026-04-22T07:31:58","slug":"visionix-optovue-autofusion-die-effiziente-kombination-aus-80khz-oct-und-12mp-funduskamera","status":"publish","type":"product","link":"https:\/\/bon.de\/en\/produkt\/visionix-optovue-autofusion-die-effiziente-kombination-aus-80khz-oct-und-12mp-funduskamera\/","title":{"rendered":"Optovue Autofusion &#8211; Die effiziente Kombination aus 80kHz OCT und 12MP Funduskamera"},"content":{"rendered":"<h4>OCT + Funduskamera = Optovue Autofusion<\/h4>\n<h4>Die perfekte Bildgebungskombination f\u00fcr die Netzhaut<\/h4>\n<p>Der Optovue Autofusion kombiniert ber\u00fchrungslose, hochaufl\u00f6sende optische Koh\u00e4renztomographie (OCT) mit einer Funduskamera und bietet so eine umfassende, benutzerfreundliche L\u00f6sung zur Analyse des vorderen und hinteren Augenabschnitts. Entwickelt f\u00fcr nahtlose Integration in Ihre Klinik liefert dieses Ger\u00e4t leistungsstarke diagnostische Einblicke ohne die Komplexit\u00e4t herk\u00f6mmlicher Bildgebungssysteme.<\/p>\n<p>&nbsp;<\/p>\n<ul>\n<li>80 kHz OCT<\/li>\n<li>12 MP Funduskamera<\/li>\n<li>3D Auto-Nachf\u00fchrung<\/li>\n<li>10 Scan-Modes<\/li>\n<li>Touchscreen<\/li>\n<li>Nachverfolgungsbericht<\/li>\n<li>DICOM-Kompatibel<\/li>\n<li>Neigbarer Bildschirm<\/li>\n<\/ul>\n<p>&nbsp;<\/p>\n<p><img loading=\"lazy\" decoding=\"async\" class=\"alignnone wp-image-12249 size-full\" src=\"https:\/\/bon.de\/wp-content\/uploads\/2026\/04\/Autofusion_1.jpg\" alt=\"\" width=\"1024\" height=\"724\" srcset=\"https:\/\/bon.de\/wp-content\/uploads\/2026\/04\/Autofusion_1.jpg 1024w, https:\/\/bon.de\/wp-content\/uploads\/2026\/04\/Autofusion_1-300x212.jpg 300w, https:\/\/bon.de\/wp-content\/uploads\/2026\/04\/Autofusion_1-768x543.jpg 768w, https:\/\/bon.de\/wp-content\/uploads\/2026\/04\/Autofusion_1-600x424.jpg 600w\" sizes=\"auto, (max-width: 1024px) 100vw, 1024px\" \/><\/p>\n<h4>Umfassende Analyseberichte f\u00fcr jeden Scan-Modus<\/h4>\n<p>Optovue Autofusion bietet eine Analyse des Sehnervs und der Makula anhand eines einzigen 3D-Wide-Scans. Der individuelle Sehnervscan liefert eine fortschreitende Bewertung der RNFL- und ONH-Parameter. Der 3D-Makulascan umfasst fortschreitende ETDRS-DICKENkarten und eine GCC-Analyse. Weitere hintere Berichte beinhalten den 5-Line Cross-, Line-, Wide Line-Modus und radiale Scans. Vordere Berichte umfassen Hornhautdicke und Winkel. Detaillierte und vorformatierte Berichte k\u00f6nnen einfach exportiert, gedruckt oder geteilt werden.<\/p>\n<p>&nbsp;<\/p>\n<h4>Vollautomatische Ausrichtung und Bildaufnahme mit nur einem Fingertipp<\/h4>\n<p>Mit nur einem Fingertipp richtet sich der Optovue Autofusion automatisch aus, fokussiert, verfolgt, nimmt Bilder auf und liefert die Ergebnisse f\u00fcr Makula- und Papillen-OCT-Untersuchungen. In Kombination mit dem optionalen CAM-Zubeh\u00f6r f\u00fchrt er auch Pachymetrie-OCT-Messungen durch. Dank 3D-Tracking, Autofokus und Fundusbildaufnahme vereinfacht er den Untersuchungsprozess f\u00fcr \u00c4rzte und verbessert gleichzeitig das Patientenerlebnis. Erfassung von Makula- und Sehnervwerten in einem einzigen Scan: Je nach klinischem Bedarf k\u00f6nnen die beiden Erfassungsprozesse zu einem einzigen, durchg\u00e4ngigen Workflow kombiniert werden \u2013 f\u00fcr maximale Effizienz.<\/p>\n<p>&nbsp;<\/p>\n<h4>Erfassung der Makula- und Sehnervwerte in einem einzigen Scan<\/h4>\n<p>Der Autofusion revolutioniert ophthalmologische Untersuchungen, indem es Einfachheit und Effizienz verbindet. Dadurch wird die Delegation erleichtert und es eignet sich perfekt, um den steigenden Anforderungen des medizinischen Sektors gerecht zu werden.<\/p>\n<p><strong>Intuitive Bedienung<\/strong><br \/>\nEinfach zu bedienen, sowohl f\u00fcr erfahrene als auch f\u00fcr neue Benutzer.<\/p>\n<p><strong>Volle Autonomie<\/strong><br \/>\nEin integriertes Ger\u00e4t ohne Bedarf an einem externen PC reduziert Unordnung und technische Risiken.<\/p>\n<p><strong>Einfache Implementierung<\/strong><br \/>\nEine einzige Verbindung und ein integrierter Bildschirm f\u00fcr eine klare Anzeige der Ergebnisse.<\/p>\n<p><strong>Vollautomatischer Prozess<\/strong><br \/>\nEin einzelner Knopf zum Starten der Untersuchung.<\/p>\n<p>&nbsp;<\/p>\n<div style=\"width: 1920px;\" class=\"wp-video\"><video class=\"wp-video-shortcode\" id=\"video-12248-1\" width=\"1920\" height=\"1080\" poster=\"https:\/\/bon.de\/wp-content\/uploads\/2026\/04\/Autofusion-lifestyle.jpg\" preload=\"metadata\" controls=\"controls\"><source type=\"video\/mp4\" src=\"https:\/\/bon.de\/wp-content\/uploads\/2026\/04\/Optovue-Autofusion-introduction.mp4?_=1\" \/><a href=\"https:\/\/bon.de\/wp-content\/uploads\/2026\/04\/Optovue-Autofusion-introduction.mp4\">https:\/\/bon.de\/wp-content\/uploads\/2026\/04\/Optovue-Autofusion-introduction.mp4<\/a><\/video><\/div>\n","protected":false},"excerpt":{"rendered":"<p>OCT + Funduskamera = Optovue Autofusion Die perfekte Bildgebungskombination f\u00fcr die Netzhaut Der Optovue Autofusion kombiniert ber\u00fchrungslose, hochaufl\u00f6sende optische Koh\u00e4renztomographie (OCT) mit einer Funduskamera und bietet so eine umfassende, benutzerfreundliche L\u00f6sung zur Analyse des vorderen und hinteren Augenabschnitts. Entwickelt f\u00fcr nahtlose Integration in Ihre Klinik liefert dieses Ger\u00e4t leistungsstarke diagnostische Einblicke ohne die Komplexit\u00e4t herk\u00f6mmlicher [&hellip;]<\/p>\n","protected":false},"featured_media":12254,"comment_status":"closed","ping_status":"closed","template":"","meta":{"_acf_changed":false,"inline_featured_image":false},"product_manufacturers":[487],"product_brand":[],"product_cat":[256,384,382,52],"product_tag":[809,856,858,747,750,857],"class_list":{"0":"post-12248","1":"product","2":"type-product","3":"status-publish","4":"has-post-thumbnail","6":"product_cat-funduskameras","7":"product_cat-optische-koharenztomographen-oct","8":"product_cat-optovue","9":"product_cat-retina-2","10":"product_tag-augenheilkunde","11":"product_tag-funduskamera","12":"product_tag-netzhaut","13":"product_tag-oct","14":"product_tag-ophthalmologie","15":"product_tag-retina","17":"first","18":"instock","19":"taxable","20":"shipping-taxable","21":"product-type-simple"},"acf":[],"yoast_head":"<!-- This site is optimized with the Yoast SEO plugin v27.0 - https:\/\/yoast.com\/product\/yoast-seo-wordpress\/ -->\n<title>Optovue Autofusion - Die effiziente Kombination aus 80kHz OCT und 12MP Funduskamera - bon Optic - Zukunft beginnt mit Qualit\u00e4t.<\/title>\n<meta name=\"robots\" content=\"index, follow, max-snippet:-1, max-image-preview:large, max-video-preview:-1\" \/>\n<link rel=\"canonical\" href=\"https:\/\/bon.de\/produkt\/visionix-optovue-autofusion-die-effiziente-kombination-aus-80khz-oct-und-12mp-funduskamera\/\" \/>\n<meta property=\"og:locale\" content=\"en_US\" \/>\n<meta property=\"og:type\" content=\"article\" \/>\n<meta property=\"og:title\" content=\"Optovue Autofusion - Die effiziente Kombination aus 80kHz OCT und 12MP Funduskamera - bon Optic - Zukunft beginnt mit Qualit\u00e4t.\" \/>\n<meta property=\"og:description\" content=\"OCT + Funduskamera = Optovue Autofusion Die perfekte Bildgebungskombination f\u00fcr die Netzhaut Der Optovue Autofusion kombiniert ber\u00fchrungslose, hochaufl\u00f6sende optische Koh\u00e4renztomographie (OCT) mit einer Funduskamera und bietet so eine umfassende, benutzerfreundliche L\u00f6sung zur Analyse des vorderen und hinteren Augenabschnitts. Entwickelt f\u00fcr nahtlose Integration in Ihre Klinik liefert dieses Ger\u00e4t leistungsstarke diagnostische Einblicke ohne die Komplexit\u00e4t herk\u00f6mmlicher [&hellip;]\" \/>\n<meta property=\"og:url\" content=\"https:\/\/bon.de\/produkt\/visionix-optovue-autofusion-die-effiziente-kombination-aus-80khz-oct-und-12mp-funduskamera\/\" \/>\n<meta property=\"og:site_name\" content=\"bon Optic - Zukunft beginnt mit Qualit\u00e4t.\" \/>\n<meta property=\"article:modified_time\" content=\"2026-04-22T07:31:58+00:00\" \/>\n<meta property=\"og:image\" content=\"https:\/\/bon.de\/wp-content\/uploads\/2026\/04\/Visionix_AutoFusion_OCTFunduskamera.jpg\" \/>\n\t<meta property=\"og:image:width\" content=\"1058\" \/>\n\t<meta property=\"og:image:height\" content=\"1058\" \/>\n\t<meta property=\"og:image:type\" content=\"image\/jpeg\" \/>\n<meta name=\"twitter:card\" content=\"summary_large_image\" \/>\n<meta name=\"twitter:label1\" content=\"Est. reading time\" \/>\n\t<meta name=\"twitter:data1\" content=\"3 minutes\" \/>\n<script type=\"application\/ld+json\" class=\"yoast-schema-graph\">{\"@context\":\"https:\/\/schema.org\",\"@graph\":[{\"@type\":\"WebPage\",\"@id\":\"https:\/\/bon.de\/produkt\/visionix-optovue-autofusion-die-effiziente-kombination-aus-80khz-oct-und-12mp-funduskamera\/\",\"url\":\"https:\/\/bon.de\/produkt\/visionix-optovue-autofusion-die-effiziente-kombination-aus-80khz-oct-und-12mp-funduskamera\/\",\"name\":\"Optovue Autofusion - Die effiziente Kombination aus 80kHz OCT und 12MP Funduskamera - bon Optic - Zukunft beginnt mit Qualit\u00e4t.\",\"isPartOf\":{\"@id\":\"https:\/\/bon.de\/#website\"},\"primaryImageOfPage\":{\"@id\":\"https:\/\/bon.de\/produkt\/visionix-optovue-autofusion-die-effiziente-kombination-aus-80khz-oct-und-12mp-funduskamera\/#primaryimage\"},\"image\":{\"@id\":\"https:\/\/bon.de\/produkt\/visionix-optovue-autofusion-die-effiziente-kombination-aus-80khz-oct-und-12mp-funduskamera\/#primaryimage\"},\"thumbnailUrl\":\"https:\/\/bon.de\/wp-content\/uploads\/2026\/04\/Visionix_AutoFusion_OCTFunduskamera.jpg\",\"datePublished\":\"2026-04-22T06:57:59+00:00\",\"dateModified\":\"2026-04-22T07:31:58+00:00\",\"breadcrumb\":{\"@id\":\"https:\/\/bon.de\/produkt\/visionix-optovue-autofusion-die-effiziente-kombination-aus-80khz-oct-und-12mp-funduskamera\/#breadcrumb\"},\"inLanguage\":\"en-US\",\"potentialAction\":[{\"@type\":\"ReadAction\",\"target\":[\"https:\/\/bon.de\/produkt\/visionix-optovue-autofusion-die-effiziente-kombination-aus-80khz-oct-und-12mp-funduskamera\/\"]}]},{\"@type\":\"ImageObject\",\"inLanguage\":\"en-US\",\"@id\":\"https:\/\/bon.de\/produkt\/visionix-optovue-autofusion-die-effiziente-kombination-aus-80khz-oct-und-12mp-funduskamera\/#primaryimage\",\"url\":\"https:\/\/bon.de\/wp-content\/uploads\/2026\/04\/Visionix_AutoFusion_OCTFunduskamera.jpg\",\"contentUrl\":\"https:\/\/bon.de\/wp-content\/uploads\/2026\/04\/Visionix_AutoFusion_OCTFunduskamera.jpg\",\"width\":1058,\"height\":1058},{\"@type\":\"BreadcrumbList\",\"@id\":\"https:\/\/bon.de\/produkt\/visionix-optovue-autofusion-die-effiziente-kombination-aus-80khz-oct-und-12mp-funduskamera\/#breadcrumb\",\"itemListElement\":[{\"@type\":\"ListItem\",\"position\":1,\"name\":\"Home\",\"item\":\"https:\/\/bon.de\/en\/\"},{\"@type\":\"ListItem\",\"position\":2,\"name\":\"Shop\",\"item\":\"https:\/\/bon.de\/en\/shop-2-2\/\"},{\"@type\":\"ListItem\",\"position\":3,\"name\":\"Optovue Autofusion &#8211; Die effiziente Kombination aus 80kHz OCT und 12MP Funduskamera\"}]},{\"@type\":\"WebSite\",\"@id\":\"https:\/\/bon.de\/#website\",\"url\":\"https:\/\/bon.de\/\",\"name\":\"bon Optic - Zukunft beginnt mit Qualit\u00e4t.\",\"description\":\"\",\"publisher\":{\"@id\":\"https:\/\/bon.de\/#organization\"},\"potentialAction\":[{\"@type\":\"SearchAction\",\"target\":{\"@type\":\"EntryPoint\",\"urlTemplate\":\"https:\/\/bon.de\/?s={search_term_string}\"},\"query-input\":{\"@type\":\"PropertyValueSpecification\",\"valueRequired\":true,\"valueName\":\"search_term_string\"}}],\"inLanguage\":\"en-US\"},{\"@type\":\"Organization\",\"@id\":\"https:\/\/bon.de\/#organization\",\"name\":\"bon Optic Vertriebsgesellschaft mbH\",\"url\":\"https:\/\/bon.de\/\",\"logo\":{\"@type\":\"ImageObject\",\"inLanguage\":\"en-US\",\"@id\":\"https:\/\/bon.de\/#\/schema\/logo\/image\/\",\"url\":\"https:\/\/bon.de\/wp-content\/uploads\/2021\/06\/bon-Logo_512x512px.png\",\"contentUrl\":\"https:\/\/bon.de\/wp-content\/uploads\/2021\/06\/bon-Logo_512x512px.png\",\"width\":512,\"height\":512,\"caption\":\"bon Optic Vertriebsgesellschaft mbH\"},\"image\":{\"@id\":\"https:\/\/bon.de\/#\/schema\/logo\/image\/\"},\"sameAs\":[\"https:\/\/www.linkedin.com\/company\/bon-optic-vertriebsgesellschaft-mbh\/\",\"https:\/\/www.youtube.com\/channel\/UCSURhENDItKaH88bvn8LlcA\"]}]}<\/script>\n<!-- \/ Yoast SEO plugin. -->","yoast_head_json":{"title":"Optovue Autofusion - Die effiziente Kombination aus 80kHz OCT und 12MP Funduskamera - bon Optic - Zukunft beginnt mit Qualit\u00e4t.","robots":{"index":"index","follow":"follow","max-snippet":"max-snippet:-1","max-image-preview":"max-image-preview:large","max-video-preview":"max-video-preview:-1"},"canonical":"https:\/\/bon.de\/produkt\/visionix-optovue-autofusion-die-effiziente-kombination-aus-80khz-oct-und-12mp-funduskamera\/","og_locale":"en_US","og_type":"article","og_title":"Optovue Autofusion - Die effiziente Kombination aus 80kHz OCT und 12MP Funduskamera - bon Optic - Zukunft beginnt mit Qualit\u00e4t.","og_description":"OCT + Funduskamera = Optovue Autofusion Die perfekte Bildgebungskombination f\u00fcr die Netzhaut Der Optovue Autofusion kombiniert ber\u00fchrungslose, hochaufl\u00f6sende optische Koh\u00e4renztomographie (OCT) mit einer Funduskamera und bietet so eine umfassende, benutzerfreundliche L\u00f6sung zur Analyse des vorderen und hinteren Augenabschnitts. Entwickelt f\u00fcr nahtlose Integration in Ihre Klinik liefert dieses Ger\u00e4t leistungsstarke diagnostische Einblicke ohne die Komplexit\u00e4t herk\u00f6mmlicher [&hellip;]","og_url":"https:\/\/bon.de\/produkt\/visionix-optovue-autofusion-die-effiziente-kombination-aus-80khz-oct-und-12mp-funduskamera\/","og_site_name":"bon Optic - Zukunft beginnt mit Qualit\u00e4t.","article_modified_time":"2026-04-22T07:31:58+00:00","og_image":[{"width":1058,"height":1058,"url":"https:\/\/bon.de\/wp-content\/uploads\/2026\/04\/Visionix_AutoFusion_OCTFunduskamera.jpg","type":"image\/jpeg"}],"twitter_card":"summary_large_image","twitter_misc":{"Est. reading time":"3 minutes"},"schema":{"@context":"https:\/\/schema.org","@graph":[{"@type":"WebPage","@id":"https:\/\/bon.de\/produkt\/visionix-optovue-autofusion-die-effiziente-kombination-aus-80khz-oct-und-12mp-funduskamera\/","url":"https:\/\/bon.de\/produkt\/visionix-optovue-autofusion-die-effiziente-kombination-aus-80khz-oct-und-12mp-funduskamera\/","name":"Optovue Autofusion - Die effiziente Kombination aus 80kHz OCT und 12MP Funduskamera - bon Optic - Zukunft beginnt mit Qualit\u00e4t.","isPartOf":{"@id":"https:\/\/bon.de\/#website"},"primaryImageOfPage":{"@id":"https:\/\/bon.de\/produkt\/visionix-optovue-autofusion-die-effiziente-kombination-aus-80khz-oct-und-12mp-funduskamera\/#primaryimage"},"image":{"@id":"https:\/\/bon.de\/produkt\/visionix-optovue-autofusion-die-effiziente-kombination-aus-80khz-oct-und-12mp-funduskamera\/#primaryimage"},"thumbnailUrl":"https:\/\/bon.de\/wp-content\/uploads\/2026\/04\/Visionix_AutoFusion_OCTFunduskamera.jpg","datePublished":"2026-04-22T06:57:59+00:00","dateModified":"2026-04-22T07:31:58+00:00","breadcrumb":{"@id":"https:\/\/bon.de\/produkt\/visionix-optovue-autofusion-die-effiziente-kombination-aus-80khz-oct-und-12mp-funduskamera\/#breadcrumb"},"inLanguage":"en-US","potentialAction":[{"@type":"ReadAction","target":["https:\/\/bon.de\/produkt\/visionix-optovue-autofusion-die-effiziente-kombination-aus-80khz-oct-und-12mp-funduskamera\/"]}]},{"@type":"ImageObject","inLanguage":"en-US","@id":"https:\/\/bon.de\/produkt\/visionix-optovue-autofusion-die-effiziente-kombination-aus-80khz-oct-und-12mp-funduskamera\/#primaryimage","url":"https:\/\/bon.de\/wp-content\/uploads\/2026\/04\/Visionix_AutoFusion_OCTFunduskamera.jpg","contentUrl":"https:\/\/bon.de\/wp-content\/uploads\/2026\/04\/Visionix_AutoFusion_OCTFunduskamera.jpg","width":1058,"height":1058},{"@type":"BreadcrumbList","@id":"https:\/\/bon.de\/produkt\/visionix-optovue-autofusion-die-effiziente-kombination-aus-80khz-oct-und-12mp-funduskamera\/#breadcrumb","itemListElement":[{"@type":"ListItem","position":1,"name":"Home","item":"https:\/\/bon.de\/en\/"},{"@type":"ListItem","position":2,"name":"Shop","item":"https:\/\/bon.de\/en\/shop-2-2\/"},{"@type":"ListItem","position":3,"name":"Optovue Autofusion &#8211; Die effiziente Kombination aus 80kHz OCT und 12MP Funduskamera"}]},{"@type":"WebSite","@id":"https:\/\/bon.de\/#website","url":"https:\/\/bon.de\/","name":"bon Optic - Zukunft beginnt mit Qualit\u00e4t.","description":"","publisher":{"@id":"https:\/\/bon.de\/#organization"},"potentialAction":[{"@type":"SearchAction","target":{"@type":"EntryPoint","urlTemplate":"https:\/\/bon.de\/?s={search_term_string}"},"query-input":{"@type":"PropertyValueSpecification","valueRequired":true,"valueName":"search_term_string"}}],"inLanguage":"en-US"},{"@type":"Organization","@id":"https:\/\/bon.de\/#organization","name":"bon Optic Vertriebsgesellschaft mbH","url":"https:\/\/bon.de\/","logo":{"@type":"ImageObject","inLanguage":"en-US","@id":"https:\/\/bon.de\/#\/schema\/logo\/image\/","url":"https:\/\/bon.de\/wp-content\/uploads\/2021\/06\/bon-Logo_512x512px.png","contentUrl":"https:\/\/bon.de\/wp-content\/uploads\/2021\/06\/bon-Logo_512x512px.png","width":512,"height":512,"caption":"bon Optic Vertriebsgesellschaft mbH"},"image":{"@id":"https:\/\/bon.de\/#\/schema\/logo\/image\/"},"sameAs":["https:\/\/www.linkedin.com\/company\/bon-optic-vertriebsgesellschaft-mbh\/","https:\/\/www.youtube.com\/channel\/UCSURhENDItKaH88bvn8LlcA"]}]}},"_links":{"self":[{"href":"https:\/\/bon.de\/en\/wp-json\/wp\/v2\/product\/12248","targetHints":{"allow":["GET"]}}],"collection":[{"href":"https:\/\/bon.de\/en\/wp-json\/wp\/v2\/product"}],"about":[{"href":"https:\/\/bon.de\/en\/wp-json\/wp\/v2\/types\/product"}],"replies":[{"embeddable":true,"href":"https:\/\/bon.de\/en\/wp-json\/wp\/v2\/comments?post=12248"}],"wp:featuredmedia":[{"embeddable":true,"href":"https:\/\/bon.de\/en\/wp-json\/wp\/v2\/media\/12254"}],"wp:attachment":[{"href":"https:\/\/bon.de\/en\/wp-json\/wp\/v2\/media?parent=12248"}],"wp:term":[{"taxonomy":"product_manufacturers","embeddable":true,"href":"https:\/\/bon.de\/en\/wp-json\/wp\/v2\/product_manufacturers?post=12248"},{"taxonomy":"product_brand","embeddable":true,"href":"https:\/\/bon.de\/en\/wp-json\/wp\/v2\/product_brand?post=12248"},{"taxonomy":"product_cat","embeddable":true,"href":"https:\/\/bon.de\/en\/wp-json\/wp\/v2\/product_cat?post=12248"},{"taxonomy":"product_tag","embeddable":true,"href":"https:\/\/bon.de\/en\/wp-json\/wp\/v2\/product_tag?post=12248"}],"curies":[{"name":"wp","href":"https:\/\/api.w.org\/{rel}","templated":true}]}}