{"id":1309,"date":"2013-11-12T11:46:45","date_gmt":"2013-11-12T11:46:45","guid":{"rendered":"https:\/\/bon.de\/?post_type=product&#038;p=1309"},"modified":"2018-01-29T12:26:48","modified_gmt":"2018-01-29T12:26:48","slug":"kinnpapier-130-x-40-mm-univeral-2","status":"publish","type":"product","link":"https:\/\/bon.de\/en\/product\/kinnpapier-130-x-40-mm-univeral-2\/","title":{"rendered":"Kinnpapier 130 x 40 mm univeral"},"content":{"rendered":"<p>Kinnpapier <\/p>\n<p><BR>Ma\u00dfe: 130 x 40 mm<\/p>\n<p><BR>gelocht, Lochabstand: 93 mm<\/p>\n<p><BR>Packung \u00e1 1.000 Blatt<\/p>\n<p><BR>f\u00fcr Haag-Streit Ger\u00e4te, Topcon-Ger\u00e4te,<\/p>\n<p>Shin-Nippon SL-202, QR-007, NRK-8000,<\/p>\n<p>NR-1000\/5500, Nidek SL-1600, AR-800,<\/p>\n<p>AR-1200, ARK-2000 etc.<\/p>\n","protected":false},"excerpt":{"rendered":"<p>Kinnpapier Ma\u00dfe: 130 x 40 mm gelocht, Lochabstand: 93 mm Packung \u00e1 1.000 Blatt f\u00fcr Haag-Streit Ger\u00e4te, Topcon-Ger\u00e4te, Shin-Nippon SL-202, QR-007, NRK-8000, NR-1000\/5500, Nidek SL-1600, AR-800, AR-1200, ARK-2000 etc.<\/p>\n","protected":false},"featured_media":1310,"comment_status":"open","ping_status":"closed","template":"","meta":{"_acf_changed":false,"inline_featured_image":false},"product_manufacturers":[],"product_brand":[],"product_cat":[175],"product_tag":[],"class_list":{"0":"post-1309","1":"product","2":"type-product","3":"status-publish","4":"has-post-thumbnail","6":"product_cat-chin-rest-paper","8":"first","9":"instock","10":"taxable","11":"shipping-taxable","12":"purchasable","13":"product-type-simple"},"acf":[],"yoast_head":"<!-- This site is optimized with the Yoast SEO plugin v27.0 - https:\/\/yoast.com\/product\/yoast-seo-wordpress\/ -->\n<title>Kinnpapier 130 x 40 mm univeral - bon Optic - Partner auf Augenh\u00f6he<\/title>\n<meta name=\"robots\" content=\"index, follow, max-snippet:-1, max-image-preview:large, max-video-preview:-1\" \/>\n<link rel=\"canonical\" href=\"https:\/\/bon.de\/en\/product\/kinnpapier-130-x-40-mm-univeral-2\/\" \/>\n<meta property=\"og:locale\" content=\"en_US\" \/>\n<meta property=\"og:type\" content=\"article\" \/>\n<meta property=\"og:title\" content=\"Kinnpapier 130 x 40 mm univeral - bon Optic - Partner auf Augenh\u00f6he\" \/>\n<meta property=\"og:description\" content=\"Kinnpapier Ma\u00dfe: 130 x 40 mm gelocht, Lochabstand: 93 mm Packung \u00e1 1.000 Blatt f\u00fcr Haag-Streit Ger\u00e4te, Topcon-Ger\u00e4te, Shin-Nippon SL-202, QR-007, NRK-8000, NR-1000\/5500, Nidek SL-1600, AR-800, AR-1200, ARK-2000 etc.\" \/>\n<meta property=\"og:url\" content=\"https:\/\/bon.de\/en\/product\/kinnpapier-130-x-40-mm-univeral-2\/\" \/>\n<meta property=\"og:site_name\" content=\"bon Optic - Partner auf Augenh\u00f6he\" \/>\n<meta property=\"article:modified_time\" content=\"2018-01-29T12:26:48+00:00\" \/>\n<meta property=\"og:image\" content=\"https:\/\/bon.de\/wp-content\/uploads\/2013\/11\/products-kipa130x40-1.jpg\" \/>\n\t<meta property=\"og:image:width\" content=\"444\" \/>\n\t<meta property=\"og:image:height\" content=\"444\" \/>\n\t<meta property=\"og:image:type\" content=\"image\/jpeg\" \/>\n<meta name=\"twitter:card\" content=\"summary_large_image\" \/>\n<script type=\"application\/ld+json\" class=\"yoast-schema-graph\">{\"@context\":\"https:\/\/schema.org\",\"@graph\":[{\"@type\":\"WebPage\",\"@id\":\"https:\/\/bon.de\/en\/product\/kinnpapier-130-x-40-mm-univeral-2\/\",\"url\":\"https:\/\/bon.de\/en\/product\/kinnpapier-130-x-40-mm-univeral-2\/\",\"name\":\"Kinnpapier 130 x 40 mm univeral - bon Optic - Partner auf Augenh\u00f6he\",\"isPartOf\":{\"@id\":\"https:\/\/bon.de\/#website\"},\"primaryImageOfPage\":{\"@id\":\"https:\/\/bon.de\/en\/product\/kinnpapier-130-x-40-mm-univeral-2\/#primaryimage\"},\"image\":{\"@id\":\"https:\/\/bon.de\/en\/product\/kinnpapier-130-x-40-mm-univeral-2\/#primaryimage\"},\"thumbnailUrl\":\"https:\/\/bon.de\/wp-content\/uploads\/2013\/11\/products-kipa130x40-1.jpg\",\"datePublished\":\"2013-11-12T11:46:45+00:00\",\"dateModified\":\"2018-01-29T12:26:48+00:00\",\"breadcrumb\":{\"@id\":\"https:\/\/bon.de\/en\/product\/kinnpapier-130-x-40-mm-univeral-2\/#breadcrumb\"},\"inLanguage\":\"en-US\",\"potentialAction\":[{\"@type\":\"ReadAction\",\"target\":[\"https:\/\/bon.de\/en\/product\/kinnpapier-130-x-40-mm-univeral-2\/\"]}]},{\"@type\":\"ImageObject\",\"inLanguage\":\"en-US\",\"@id\":\"https:\/\/bon.de\/en\/product\/kinnpapier-130-x-40-mm-univeral-2\/#primaryimage\",\"url\":\"https:\/\/bon.de\/wp-content\/uploads\/2013\/11\/products-kipa130x40-1.jpg\",\"contentUrl\":\"https:\/\/bon.de\/wp-content\/uploads\/2013\/11\/products-kipa130x40-1.jpg\",\"width\":444,\"height\":444},{\"@type\":\"BreadcrumbList\",\"@id\":\"https:\/\/bon.de\/en\/product\/kinnpapier-130-x-40-mm-univeral-2\/#breadcrumb\",\"itemListElement\":[{\"@type\":\"ListItem\",\"position\":1,\"name\":\"Home\",\"item\":\"https:\/\/bon.de\/en\/\"},{\"@type\":\"ListItem\",\"position\":2,\"name\":\"Shop\",\"item\":\"https:\/\/bon.de\/en\/shop-2-2\/\"},{\"@type\":\"ListItem\",\"position\":3,\"name\":\"Kinnpapier 130 x 40 mm univeral\"}]},{\"@type\":\"WebSite\",\"@id\":\"https:\/\/bon.de\/#website\",\"url\":\"https:\/\/bon.de\/\",\"name\":\"bon Optic - Partner auf Augenh\u00f6he\",\"description\":\"\",\"publisher\":{\"@id\":\"https:\/\/bon.de\/#organization\"},\"potentialAction\":[{\"@type\":\"SearchAction\",\"target\":{\"@type\":\"EntryPoint\",\"urlTemplate\":\"https:\/\/bon.de\/?s={search_term_string}\"},\"query-input\":{\"@type\":\"PropertyValueSpecification\",\"valueRequired\":true,\"valueName\":\"search_term_string\"}}],\"inLanguage\":\"en-US\"},{\"@type\":\"Organization\",\"@id\":\"https:\/\/bon.de\/#organization\",\"name\":\"bon Optic Vertriebsgesellschaft mbH\",\"url\":\"https:\/\/bon.de\/\",\"logo\":{\"@type\":\"ImageObject\",\"inLanguage\":\"en-US\",\"@id\":\"https:\/\/bon.de\/#\/schema\/logo\/image\/\",\"url\":\"https:\/\/bon.de\/wp-content\/uploads\/2021\/06\/bon-Logo_512x512px.png\",\"contentUrl\":\"https:\/\/bon.de\/wp-content\/uploads\/2021\/06\/bon-Logo_512x512px.png\",\"width\":512,\"height\":512,\"caption\":\"bon Optic Vertriebsgesellschaft mbH\"},\"image\":{\"@id\":\"https:\/\/bon.de\/#\/schema\/logo\/image\/\"},\"sameAs\":[\"https:\/\/www.linkedin.com\/company\/bon-optic-vertriebsgesellschaft-mbh\/\",\"https:\/\/www.youtube.com\/channel\/UCSURhENDItKaH88bvn8LlcA\"]}]}<\/script>\n<!-- \/ Yoast SEO plugin. -->","yoast_head_json":{"title":"Kinnpapier 130 x 40 mm univeral - bon Optic - Partner auf Augenh\u00f6he","robots":{"index":"index","follow":"follow","max-snippet":"max-snippet:-1","max-image-preview":"max-image-preview:large","max-video-preview":"max-video-preview:-1"},"canonical":"https:\/\/bon.de\/en\/product\/kinnpapier-130-x-40-mm-univeral-2\/","og_locale":"en_US","og_type":"article","og_title":"Kinnpapier 130 x 40 mm univeral - bon Optic - Partner auf Augenh\u00f6he","og_description":"Kinnpapier Ma\u00dfe: 130 x 40 mm gelocht, Lochabstand: 93 mm Packung \u00e1 1.000 Blatt f\u00fcr Haag-Streit Ger\u00e4te, Topcon-Ger\u00e4te, Shin-Nippon SL-202, QR-007, NRK-8000, NR-1000\/5500, Nidek SL-1600, AR-800, AR-1200, ARK-2000 etc.","og_url":"https:\/\/bon.de\/en\/product\/kinnpapier-130-x-40-mm-univeral-2\/","og_site_name":"bon Optic - Partner auf Augenh\u00f6he","article_modified_time":"2018-01-29T12:26:48+00:00","og_image":[{"width":444,"height":444,"url":"https:\/\/bon.de\/wp-content\/uploads\/2013\/11\/products-kipa130x40-1.jpg","type":"image\/jpeg"}],"twitter_card":"summary_large_image","schema":{"@context":"https:\/\/schema.org","@graph":[{"@type":"WebPage","@id":"https:\/\/bon.de\/en\/product\/kinnpapier-130-x-40-mm-univeral-2\/","url":"https:\/\/bon.de\/en\/product\/kinnpapier-130-x-40-mm-univeral-2\/","name":"Kinnpapier 130 x 40 mm univeral - bon Optic - Partner auf Augenh\u00f6he","isPartOf":{"@id":"https:\/\/bon.de\/#website"},"primaryImageOfPage":{"@id":"https:\/\/bon.de\/en\/product\/kinnpapier-130-x-40-mm-univeral-2\/#primaryimage"},"image":{"@id":"https:\/\/bon.de\/en\/product\/kinnpapier-130-x-40-mm-univeral-2\/#primaryimage"},"thumbnailUrl":"https:\/\/bon.de\/wp-content\/uploads\/2013\/11\/products-kipa130x40-1.jpg","datePublished":"2013-11-12T11:46:45+00:00","dateModified":"2018-01-29T12:26:48+00:00","breadcrumb":{"@id":"https:\/\/bon.de\/en\/product\/kinnpapier-130-x-40-mm-univeral-2\/#breadcrumb"},"inLanguage":"en-US","potentialAction":[{"@type":"ReadAction","target":["https:\/\/bon.de\/en\/product\/kinnpapier-130-x-40-mm-univeral-2\/"]}]},{"@type":"ImageObject","inLanguage":"en-US","@id":"https:\/\/bon.de\/en\/product\/kinnpapier-130-x-40-mm-univeral-2\/#primaryimage","url":"https:\/\/bon.de\/wp-content\/uploads\/2013\/11\/products-kipa130x40-1.jpg","contentUrl":"https:\/\/bon.de\/wp-content\/uploads\/2013\/11\/products-kipa130x40-1.jpg","width":444,"height":444},{"@type":"BreadcrumbList","@id":"https:\/\/bon.de\/en\/product\/kinnpapier-130-x-40-mm-univeral-2\/#breadcrumb","itemListElement":[{"@type":"ListItem","position":1,"name":"Home","item":"https:\/\/bon.de\/en\/"},{"@type":"ListItem","position":2,"name":"Shop","item":"https:\/\/bon.de\/en\/shop-2-2\/"},{"@type":"ListItem","position":3,"name":"Kinnpapier 130 x 40 mm univeral"}]},{"@type":"WebSite","@id":"https:\/\/bon.de\/#website","url":"https:\/\/bon.de\/","name":"bon Optic - Partner auf Augenh\u00f6he","description":"","publisher":{"@id":"https:\/\/bon.de\/#organization"},"potentialAction":[{"@type":"SearchAction","target":{"@type":"EntryPoint","urlTemplate":"https:\/\/bon.de\/?s={search_term_string}"},"query-input":{"@type":"PropertyValueSpecification","valueRequired":true,"valueName":"search_term_string"}}],"inLanguage":"en-US"},{"@type":"Organization","@id":"https:\/\/bon.de\/#organization","name":"bon Optic Vertriebsgesellschaft mbH","url":"https:\/\/bon.de\/","logo":{"@type":"ImageObject","inLanguage":"en-US","@id":"https:\/\/bon.de\/#\/schema\/logo\/image\/","url":"https:\/\/bon.de\/wp-content\/uploads\/2021\/06\/bon-Logo_512x512px.png","contentUrl":"https:\/\/bon.de\/wp-content\/uploads\/2021\/06\/bon-Logo_512x512px.png","width":512,"height":512,"caption":"bon Optic Vertriebsgesellschaft mbH"},"image":{"@id":"https:\/\/bon.de\/#\/schema\/logo\/image\/"},"sameAs":["https:\/\/www.linkedin.com\/company\/bon-optic-vertriebsgesellschaft-mbh\/","https:\/\/www.youtube.com\/channel\/UCSURhENDItKaH88bvn8LlcA"]}]}},"_links":{"self":[{"href":"https:\/\/bon.de\/en\/wp-json\/wp\/v2\/product\/1309","targetHints":{"allow":["GET"]}}],"collection":[{"href":"https:\/\/bon.de\/en\/wp-json\/wp\/v2\/product"}],"about":[{"href":"https:\/\/bon.de\/en\/wp-json\/wp\/v2\/types\/product"}],"replies":[{"embeddable":true,"href":"https:\/\/bon.de\/en\/wp-json\/wp\/v2\/comments?post=1309"}],"wp:featuredmedia":[{"embeddable":true,"href":"https:\/\/bon.de\/en\/wp-json\/wp\/v2\/media\/1310"}],"wp:attachment":[{"href":"https:\/\/bon.de\/en\/wp-json\/wp\/v2\/media?parent=1309"}],"wp:term":[{"taxonomy":"product_manufacturers","embeddable":true,"href":"https:\/\/bon.de\/en\/wp-json\/wp\/v2\/product_manufacturers?post=1309"},{"taxonomy":"product_brand","embeddable":true,"href":"https:\/\/bon.de\/en\/wp-json\/wp\/v2\/product_brand?post=1309"},{"taxonomy":"product_cat","embeddable":true,"href":"https:\/\/bon.de\/en\/wp-json\/wp\/v2\/product_cat?post=1309"},{"taxonomy":"product_tag","embeddable":true,"href":"https:\/\/bon.de\/en\/wp-json\/wp\/v2\/product_tag?post=1309"}],"curies":[{"name":"wp","href":"https:\/\/api.w.org\/{rel}","templated":true}]}}