{"id":1459,"date":"2013-11-12T11:48:30","date_gmt":"2013-11-12T11:48:30","guid":{"rendered":"https:\/\/bon.de\/?post_type=product&#038;p=1459"},"modified":"2021-05-27T08:26:16","modified_gmt":"2021-05-27T08:26:16","slug":"untersuchungsstuhl-frastema-88ad-optometrist-deluxe-2","status":"publish","type":"product","link":"https:\/\/bon.de\/en\/product\/untersuchungsstuhl-frastema-88ad-optometrist-deluxe-2\/","title":{"rendered":"Untersuchungsstuhl Frastema 88AD OPTOMETRIST DELUXE"},"content":{"rendered":"<p>Untersuchungsstuhl Frastema 88AD &#8220;OPTOMETRIST DELUXE&#8221;<\/p>\n<p>mit elektrohydraulischer H\u00f6henverstellung,<\/p>\n<p>mit fest integrierter, klappbarer Fu\u00dfst\u00fctze,<\/p>\n<p>mit herausnehmbarer, verstellbarer Kopfst\u00fctze<\/p>\n<p>Der Sitz ist um 90\u00b0 in jede Richtung drehbar<\/p>\n<p>und in jeder Position arretierbar.<\/p>\n<p>Die R\u00fcckenlehne ist ca. 60\u00b0 stufenlos neigbar.<\/p>\n<p>Die Bedienung erfolgt per Fu\u00dfschalter.<\/p>\n<p>Farben: <\/p>\n<p>Rahmen: wei\u00df      <\/p>\n<p>Bezug: Kunstleder, Farbe frei w\u00e4hlbar gem\u00e4\u00df Farbmusterkarte<\/p>\n","protected":false},"excerpt":{"rendered":"<p>Untersuchungsstuhl Frastema 88AD &#8220;OPTOMETRIST DELUXE&#8221; mit elektrohydraulischer H\u00f6henverstellung, mit fest integrierter, klappbarer Fu\u00dfst\u00fctze, mit herausnehmbarer, verstellbarer Kopfst\u00fctze Der Sitz ist um 90\u00b0 in jede Richtung drehbar und in jeder Position arretierbar. Die R\u00fcckenlehne ist ca. 60\u00b0 stufenlos neigbar. Die Bedienung erfolgt per Fu\u00dfschalter. Farben: Rahmen: wei\u00df Bezug: Kunstleder, Farbe frei w\u00e4hlbar gem\u00e4\u00df Farbmusterkarte<\/p>\n","protected":false},"featured_media":1460,"comment_status":"open","ping_status":"closed","template":"","meta":{"_acf_changed":false,"inline_featured_image":false},"product_manufacturers":[718],"product_brand":[],"product_cat":[107,123],"product_tag":[],"class_list":{"0":"post-1459","1":"product","2":"type-product","3":"status-publish","4":"has-post-thumbnail","6":"product_cat-furniture","7":"product_cat-patient-chairs","9":"first","10":"instock","11":"taxable","12":"shipping-taxable","13":"product-type-simple"},"acf":[],"yoast_head":"<!-- This site is optimized with the Yoast SEO plugin v27.0 - https:\/\/yoast.com\/product\/yoast-seo-wordpress\/ -->\n<title>Untersuchungsstuhl Frastema 88AD OPTOMETRIST DELUXE - bon Optic - Partner auf Augenh\u00f6he<\/title>\n<meta name=\"robots\" content=\"index, follow, max-snippet:-1, max-image-preview:large, max-video-preview:-1\" \/>\n<link rel=\"canonical\" href=\"https:\/\/bon.de\/en\/product\/untersuchungsstuhl-frastema-88ad-optometrist-deluxe-2\/\" \/>\n<meta property=\"og:locale\" content=\"en_US\" \/>\n<meta property=\"og:type\" content=\"article\" \/>\n<meta property=\"og:title\" content=\"Untersuchungsstuhl Frastema 88AD OPTOMETRIST DELUXE - bon Optic - Partner auf Augenh\u00f6he\" \/>\n<meta property=\"og:description\" content=\"Untersuchungsstuhl Frastema 88AD &#8220;OPTOMETRIST DELUXE&#8221; mit elektrohydraulischer H\u00f6henverstellung, mit fest integrierter, klappbarer Fu\u00dfst\u00fctze, mit herausnehmbarer, verstellbarer Kopfst\u00fctze Der Sitz ist um 90\u00b0 in jede Richtung drehbar und in jeder Position arretierbar. Die R\u00fcckenlehne ist ca. 60\u00b0 stufenlos neigbar. Die Bedienung erfolgt per Fu\u00dfschalter. Farben: Rahmen: wei\u00df Bezug: Kunstleder, Farbe frei w\u00e4hlbar gem\u00e4\u00df Farbmusterkarte\" \/>\n<meta property=\"og:url\" content=\"https:\/\/bon.de\/en\/product\/untersuchungsstuhl-frastema-88ad-optometrist-deluxe-2\/\" \/>\n<meta property=\"og:site_name\" content=\"bon Optic - Partner auf Augenh\u00f6he\" \/>\n<meta property=\"article:modified_time\" content=\"2021-05-27T08:26:16+00:00\" \/>\n<meta property=\"og:image\" content=\"https:\/\/bon.de\/wp-content\/uploads\/2013\/11\/products-us15-1.jpg\" \/>\n\t<meta property=\"og:image:width\" content=\"444\" \/>\n\t<meta property=\"og:image:height\" content=\"444\" \/>\n\t<meta property=\"og:image:type\" content=\"image\/jpeg\" \/>\n<meta name=\"twitter:card\" content=\"summary_large_image\" \/>\n<script type=\"application\/ld+json\" class=\"yoast-schema-graph\">{\"@context\":\"https:\/\/schema.org\",\"@graph\":[{\"@type\":\"WebPage\",\"@id\":\"https:\/\/bon.de\/en\/product\/untersuchungsstuhl-frastema-88ad-optometrist-deluxe-2\/\",\"url\":\"https:\/\/bon.de\/en\/product\/untersuchungsstuhl-frastema-88ad-optometrist-deluxe-2\/\",\"name\":\"Untersuchungsstuhl Frastema 88AD OPTOMETRIST DELUXE - bon Optic - Partner auf Augenh\u00f6he\",\"isPartOf\":{\"@id\":\"https:\/\/bon.de\/#website\"},\"primaryImageOfPage\":{\"@id\":\"https:\/\/bon.de\/en\/product\/untersuchungsstuhl-frastema-88ad-optometrist-deluxe-2\/#primaryimage\"},\"image\":{\"@id\":\"https:\/\/bon.de\/en\/product\/untersuchungsstuhl-frastema-88ad-optometrist-deluxe-2\/#primaryimage\"},\"thumbnailUrl\":\"https:\/\/bon.de\/wp-content\/uploads\/2013\/11\/products-us15-1.jpg\",\"datePublished\":\"2013-11-12T11:48:30+00:00\",\"dateModified\":\"2021-05-27T08:26:16+00:00\",\"breadcrumb\":{\"@id\":\"https:\/\/bon.de\/en\/product\/untersuchungsstuhl-frastema-88ad-optometrist-deluxe-2\/#breadcrumb\"},\"inLanguage\":\"en-US\",\"potentialAction\":[{\"@type\":\"ReadAction\",\"target\":[\"https:\/\/bon.de\/en\/product\/untersuchungsstuhl-frastema-88ad-optometrist-deluxe-2\/\"]}]},{\"@type\":\"ImageObject\",\"inLanguage\":\"en-US\",\"@id\":\"https:\/\/bon.de\/en\/product\/untersuchungsstuhl-frastema-88ad-optometrist-deluxe-2\/#primaryimage\",\"url\":\"https:\/\/bon.de\/wp-content\/uploads\/2013\/11\/products-us15-1.jpg\",\"contentUrl\":\"https:\/\/bon.de\/wp-content\/uploads\/2013\/11\/products-us15-1.jpg\",\"width\":444,\"height\":444},{\"@type\":\"BreadcrumbList\",\"@id\":\"https:\/\/bon.de\/en\/product\/untersuchungsstuhl-frastema-88ad-optometrist-deluxe-2\/#breadcrumb\",\"itemListElement\":[{\"@type\":\"ListItem\",\"position\":1,\"name\":\"Home\",\"item\":\"https:\/\/bon.de\/en\/\"},{\"@type\":\"ListItem\",\"position\":2,\"name\":\"Shop\",\"item\":\"https:\/\/bon.de\/en\/shop-2-2\/\"},{\"@type\":\"ListItem\",\"position\":3,\"name\":\"Untersuchungsstuhl Frastema 88AD OPTOMETRIST DELUXE\"}]},{\"@type\":\"WebSite\",\"@id\":\"https:\/\/bon.de\/#website\",\"url\":\"https:\/\/bon.de\/\",\"name\":\"bon Optic - Partner auf Augenh\u00f6he\",\"description\":\"\",\"publisher\":{\"@id\":\"https:\/\/bon.de\/#organization\"},\"potentialAction\":[{\"@type\":\"SearchAction\",\"target\":{\"@type\":\"EntryPoint\",\"urlTemplate\":\"https:\/\/bon.de\/?s={search_term_string}\"},\"query-input\":{\"@type\":\"PropertyValueSpecification\",\"valueRequired\":true,\"valueName\":\"search_term_string\"}}],\"inLanguage\":\"en-US\"},{\"@type\":\"Organization\",\"@id\":\"https:\/\/bon.de\/#organization\",\"name\":\"bon Optic Vertriebsgesellschaft mbH\",\"url\":\"https:\/\/bon.de\/\",\"logo\":{\"@type\":\"ImageObject\",\"inLanguage\":\"en-US\",\"@id\":\"https:\/\/bon.de\/#\/schema\/logo\/image\/\",\"url\":\"https:\/\/bon.de\/wp-content\/uploads\/2021\/06\/bon-Logo_512x512px.png\",\"contentUrl\":\"https:\/\/bon.de\/wp-content\/uploads\/2021\/06\/bon-Logo_512x512px.png\",\"width\":512,\"height\":512,\"caption\":\"bon Optic Vertriebsgesellschaft mbH\"},\"image\":{\"@id\":\"https:\/\/bon.de\/#\/schema\/logo\/image\/\"},\"sameAs\":[\"https:\/\/www.linkedin.com\/company\/bon-optic-vertriebsgesellschaft-mbh\/\",\"https:\/\/www.youtube.com\/channel\/UCSURhENDItKaH88bvn8LlcA\"]}]}<\/script>\n<!-- \/ Yoast SEO plugin. -->","yoast_head_json":{"title":"Untersuchungsstuhl Frastema 88AD OPTOMETRIST DELUXE - bon Optic - Partner auf Augenh\u00f6he","robots":{"index":"index","follow":"follow","max-snippet":"max-snippet:-1","max-image-preview":"max-image-preview:large","max-video-preview":"max-video-preview:-1"},"canonical":"https:\/\/bon.de\/en\/product\/untersuchungsstuhl-frastema-88ad-optometrist-deluxe-2\/","og_locale":"en_US","og_type":"article","og_title":"Untersuchungsstuhl Frastema 88AD OPTOMETRIST DELUXE - bon Optic - Partner auf Augenh\u00f6he","og_description":"Untersuchungsstuhl Frastema 88AD &#8220;OPTOMETRIST DELUXE&#8221; mit elektrohydraulischer H\u00f6henverstellung, mit fest integrierter, klappbarer Fu\u00dfst\u00fctze, mit herausnehmbarer, verstellbarer Kopfst\u00fctze Der Sitz ist um 90\u00b0 in jede Richtung drehbar und in jeder Position arretierbar. Die R\u00fcckenlehne ist ca. 60\u00b0 stufenlos neigbar. Die Bedienung erfolgt per Fu\u00dfschalter. Farben: Rahmen: wei\u00df Bezug: Kunstleder, Farbe frei w\u00e4hlbar gem\u00e4\u00df Farbmusterkarte","og_url":"https:\/\/bon.de\/en\/product\/untersuchungsstuhl-frastema-88ad-optometrist-deluxe-2\/","og_site_name":"bon Optic - Partner auf Augenh\u00f6he","article_modified_time":"2021-05-27T08:26:16+00:00","og_image":[{"width":444,"height":444,"url":"https:\/\/bon.de\/wp-content\/uploads\/2013\/11\/products-us15-1.jpg","type":"image\/jpeg"}],"twitter_card":"summary_large_image","schema":{"@context":"https:\/\/schema.org","@graph":[{"@type":"WebPage","@id":"https:\/\/bon.de\/en\/product\/untersuchungsstuhl-frastema-88ad-optometrist-deluxe-2\/","url":"https:\/\/bon.de\/en\/product\/untersuchungsstuhl-frastema-88ad-optometrist-deluxe-2\/","name":"Untersuchungsstuhl Frastema 88AD OPTOMETRIST DELUXE - bon Optic - Partner auf Augenh\u00f6he","isPartOf":{"@id":"https:\/\/bon.de\/#website"},"primaryImageOfPage":{"@id":"https:\/\/bon.de\/en\/product\/untersuchungsstuhl-frastema-88ad-optometrist-deluxe-2\/#primaryimage"},"image":{"@id":"https:\/\/bon.de\/en\/product\/untersuchungsstuhl-frastema-88ad-optometrist-deluxe-2\/#primaryimage"},"thumbnailUrl":"https:\/\/bon.de\/wp-content\/uploads\/2013\/11\/products-us15-1.jpg","datePublished":"2013-11-12T11:48:30+00:00","dateModified":"2021-05-27T08:26:16+00:00","breadcrumb":{"@id":"https:\/\/bon.de\/en\/product\/untersuchungsstuhl-frastema-88ad-optometrist-deluxe-2\/#breadcrumb"},"inLanguage":"en-US","potentialAction":[{"@type":"ReadAction","target":["https:\/\/bon.de\/en\/product\/untersuchungsstuhl-frastema-88ad-optometrist-deluxe-2\/"]}]},{"@type":"ImageObject","inLanguage":"en-US","@id":"https:\/\/bon.de\/en\/product\/untersuchungsstuhl-frastema-88ad-optometrist-deluxe-2\/#primaryimage","url":"https:\/\/bon.de\/wp-content\/uploads\/2013\/11\/products-us15-1.jpg","contentUrl":"https:\/\/bon.de\/wp-content\/uploads\/2013\/11\/products-us15-1.jpg","width":444,"height":444},{"@type":"BreadcrumbList","@id":"https:\/\/bon.de\/en\/product\/untersuchungsstuhl-frastema-88ad-optometrist-deluxe-2\/#breadcrumb","itemListElement":[{"@type":"ListItem","position":1,"name":"Home","item":"https:\/\/bon.de\/en\/"},{"@type":"ListItem","position":2,"name":"Shop","item":"https:\/\/bon.de\/en\/shop-2-2\/"},{"@type":"ListItem","position":3,"name":"Untersuchungsstuhl Frastema 88AD OPTOMETRIST DELUXE"}]},{"@type":"WebSite","@id":"https:\/\/bon.de\/#website","url":"https:\/\/bon.de\/","name":"bon Optic - Partner auf Augenh\u00f6he","description":"","publisher":{"@id":"https:\/\/bon.de\/#organization"},"potentialAction":[{"@type":"SearchAction","target":{"@type":"EntryPoint","urlTemplate":"https:\/\/bon.de\/?s={search_term_string}"},"query-input":{"@type":"PropertyValueSpecification","valueRequired":true,"valueName":"search_term_string"}}],"inLanguage":"en-US"},{"@type":"Organization","@id":"https:\/\/bon.de\/#organization","name":"bon Optic Vertriebsgesellschaft mbH","url":"https:\/\/bon.de\/","logo":{"@type":"ImageObject","inLanguage":"en-US","@id":"https:\/\/bon.de\/#\/schema\/logo\/image\/","url":"https:\/\/bon.de\/wp-content\/uploads\/2021\/06\/bon-Logo_512x512px.png","contentUrl":"https:\/\/bon.de\/wp-content\/uploads\/2021\/06\/bon-Logo_512x512px.png","width":512,"height":512,"caption":"bon Optic Vertriebsgesellschaft mbH"},"image":{"@id":"https:\/\/bon.de\/#\/schema\/logo\/image\/"},"sameAs":["https:\/\/www.linkedin.com\/company\/bon-optic-vertriebsgesellschaft-mbh\/","https:\/\/www.youtube.com\/channel\/UCSURhENDItKaH88bvn8LlcA"]}]}},"_links":{"self":[{"href":"https:\/\/bon.de\/en\/wp-json\/wp\/v2\/product\/1459","targetHints":{"allow":["GET"]}}],"collection":[{"href":"https:\/\/bon.de\/en\/wp-json\/wp\/v2\/product"}],"about":[{"href":"https:\/\/bon.de\/en\/wp-json\/wp\/v2\/types\/product"}],"replies":[{"embeddable":true,"href":"https:\/\/bon.de\/en\/wp-json\/wp\/v2\/comments?post=1459"}],"wp:featuredmedia":[{"embeddable":true,"href":"https:\/\/bon.de\/en\/wp-json\/wp\/v2\/media\/1460"}],"wp:attachment":[{"href":"https:\/\/bon.de\/en\/wp-json\/wp\/v2\/media?parent=1459"}],"wp:term":[{"taxonomy":"product_manufacturers","embeddable":true,"href":"https:\/\/bon.de\/en\/wp-json\/wp\/v2\/product_manufacturers?post=1459"},{"taxonomy":"product_brand","embeddable":true,"href":"https:\/\/bon.de\/en\/wp-json\/wp\/v2\/product_brand?post=1459"},{"taxonomy":"product_cat","embeddable":true,"href":"https:\/\/bon.de\/en\/wp-json\/wp\/v2\/product_cat?post=1459"},{"taxonomy":"product_tag","embeddable":true,"href":"https:\/\/bon.de\/en\/wp-json\/wp\/v2\/product_tag?post=1459"}],"curies":[{"name":"wp","href":"https:\/\/api.w.org\/{rel}","templated":true}]}}