{"id":1473,"date":"2013-11-12T11:48:35","date_gmt":"2013-11-12T11:48:35","guid":{"rendered":"https:\/\/bon.de\/?post_type=product&#038;p=1473"},"modified":"2023-03-01T00:00:03","modified_gmt":"2023-02-28T22:00:03","slug":"kopfophthalmoskop-keeler-vantage-wireless-plus-led-2","status":"publish","type":"product","link":"https:\/\/bon.de\/en\/product\/kopfophthalmoskop-keeler-vantage-wireless-plus-led-2\/","title":{"rendered":"Kopfophthalmoskop Keeler Vantage wireless plus LED"},"content":{"rendered":"<h4>Indirektes binokulares Kopf-Ophthalmoskop Vantage wireless plus LED<\/h4>\n<p>Das exklusive Topmodell des Weltmarktf\u00fchrers Keeler.<\/p>\n<h4>Kabellose Freiheit.<\/h4>\n<p>U1, U2, U3&#8230; ? &#8211; Sie entscheiden selbst, wo die n\u00e4chste Untersuchung stattfindet!<br \/>\nDie Keeler \u201ewireless\u201c Technologie erlaubt Ihnen, sich vollkommen frei von Raum zu Raum zu bewegen. Ohne sperrige Akkubox in Ihrer Kitteltasche und ohne nach einem passenden Stecker suchen zu m\u00fcssen.<\/p>\n<h4>Qualit\u00e4t and Effizienz<\/h4>\n<p>Die LED Lichtquelle bietet in Kombination mit der neuentwickelten Optik hellere, klarer definierte Fundusbilder. Sie erkennen dadurch deutlich mehr Details und kleinste retinalen Ver\u00e4nderungen, die bei herk\u00f6mmlichen Ophthalmoskopen unsichtbar geblieben w\u00e4ren.<br \/>\nDank eines \u00e4u\u00dferst geringen Energieverbrauchs erm\u00f6glicht sie zus\u00e4tzlich eine deutlich l\u00e4ngere Lebensdauer der Ladebatterie.<\/p>\n<h4>LED Beleuchtung<\/h4>\n<p>Dank seinem modernen LED Leuchtmittel ist das Vantage 25 % heller als herk\u00f6mmliche Ophthalmoskope mit Xenon- oder Halogenbeleuchtung. Die Farbtemperatur ist f\u00fcr bessere Detailerkennbarkeit optimiert. LEDs haben eine au\u00dfergew\u00f6hnlich hohe Lebenserwartung von mehr als 10.000 Stunden, das bedeutet: praktisch nie mehr Lampen wechseln!<\/p>\n<p>&nbsp;<\/p>\n<div style=\"width: 1920px;\" class=\"wp-video\"><video class=\"wp-video-shortcode\" id=\"video-1473-1\" width=\"1920\" height=\"1080\" loop autoplay preload=\"metadata\" controls=\"controls\"><source type=\"video\/mp4\" src=\"https:\/\/bon.de\/wp-content\/uploads\/2013\/11\/Keeler-Vantage-wireless-plus-LED-BIO-Video.mp4?_=1\" \/><a href=\"https:\/\/bon.de\/wp-content\/uploads\/2013\/11\/Keeler-Vantage-wireless-plus-LED-BIO-Video.mp4\">https:\/\/bon.de\/wp-content\/uploads\/2013\/11\/Keeler-Vantage-wireless-plus-LED-BIO-Video.mp4<\/a><\/video><\/div>\n<p>&nbsp;<\/p>\n<h4>Betriebsdauer<\/h4>\n<p>Herk\u00f6mmliches Kopf Ophthalmoskop mit normaler Akkubox und Xenon-Leuchtmittel ca. 2 \u00bd Stunden *)<\/p>\n<p>Keeler Vantage Plus mit Slimline Lithium-Akku und LED-Beleuchtung ca. 6 Stunden *)<\/p>\n<p>*) Die Werte basieren auf einer durchschnittlichen Beleuchtungsst\u00e4rke, die bei \u00fcblichen Untersuchungen Verwendung findet.<\/p>\n<h4>Neue, kontrastreichere Optik<\/h4>\n<p>Die neuentwickelte Optik des Vantage Plus ist deutlich kompakter und bietet zudem ein kontrastreicheres Bild. Die moderne LED Beleuchtung erm\u00f6glicht Ihnen bei jeder Untersuchung einen ausgezeichneten Blick auf den Fundus &#8211; kristallklar und blendfrei. Die PD ist dabei von 52 bis 76 mm frei einstellbar.<\/p>\n<h4>15% leichter<\/h4>\n<p>Keeler verwendet moderne, fortschrittliche Materialien, um Ihnen ein leichteres und kompakteres Instrument in die Hand zu geben. Das Vantage Plus steht somit kompromisslos f\u00fcr die Leitlinien des britischen Traditionsherstellers Keeler: Robustheit, Verl\u00e4sslichkeit und Qualit\u00e4t.<\/p>\n<h4>Komfortabel und perfekt ausbalanciert<\/h4>\n<p>Das neue Kopfband ist besonders bequem gepolstert. Es l\u00e4sst sich f\u00fcr jede Kopfform perfekt passend justieren.<br \/>\nDer \u201eSlimline\u201c Akku zur Stromversorgung des Vantage befindet sich hinten am Kopfband. Er wirkt dort wie ein Gegengewicht zum Optikteil und balanciert deshalb das gesamte System perfekt aus.<\/p>\n<h4>Immer volle Leistung<\/h4>\n<p>Bei den Keeler wireless Systemen geh\u00f6ren standardm\u00e4\u00dfig immer zwei Ladebatterien zum Lieferumfang.<br \/>\nDie formsch\u00f6nen \u201eSlimline\u201c Ladestationen lassen sich an die Wand montieren oder einfach auf den Tisch stellen. Sie k\u00f6nnen damit gleichzeitig den zweiten Lithium-Akku aufladen, so dass sie stets eine Reserve haben.<\/p>\n<h4>Intelligentes Optiksystem (IOS)<\/h4>\n<p>Wenn Sie beim Vantage die Blende wechseln, passen sich Optik und Spiegel automatisch an, ohne dass Sie einen weiteren Hebel bedienen m\u00fcssen.<br \/>\nDer patentierte IOS Mechanismus bewirkt bei allen Pupillengr\u00f6\u00dfen stets optimale stereoskopische 3D retinale Ansichten. Diese neuartige Einhebel-Bedienung erm\u00f6glicht Ihnen leichtere und schnellere Untersuchungen.<\/p>\n<p>Das einzigartige I.O.S. erlaubt uneingeschr\u00e4nkten Blick durch kleine Pupillen:<\/p>\n<h4>Filter und Blenden<\/h4>\n<p>IR- und UV-Sperren sind bereits in die Optik des Vantage Plus integriert, ebenso wie ein Gr\u00fcnfilter, drei Blenden sowie ein Lichtdiffusor.<\/p>\n<h4>HiMag\u2122 Lens<\/h4>\n<p>Nur das Vantage Plus ist mit der einmaligen HiMag\u2122 Vorsatzlupe ausgestattet. Sie wird einfach vorgeschwenkt und liefert eine 1,6x fache Zusatzvergr\u00f6\u00dferung, bei gleichbleibend hervorragendem Stereobild. Der HiMag\u2122Vorsatz bietet eine kratzgesch\u00fctzte Beschichtung, die auch langfristig eine konstant gute Bildqualit\u00e4t gew\u00e4hrleistet. Wenn sie nicht ben\u00f6tigt wird, schwenken Sie die Lupe einfach nach oben weg.<\/p>\n<h4>Transport-Trolley (optional)<\/h4>\n<p>Transportieren Sie Ihr Instrument sicher und stilsicher zugleich. Entscheiden Sie dabei selbst, ob Sie lieber Rollen benutzen oder es auf Ihrer Schulter tragen m\u00f6chten.<\/p>\n<h4>Der Mitbeobachterspiegel (optional)<\/h4>\n<p>\u2026l\u00e4sst sich ganz leicht aufschieben und erm\u00f6glicht dann zwei Betrachtern gleichzeitig den Blick auf die Retina.<\/p>\n<p>Ebenso als Zubeh\u00f6r sind abnehmbare, sterilisierbare Einstellhebel lieferbar.<\/p>\n","protected":false},"excerpt":{"rendered":"<p>Indirektes binokulares Kopf-Ophthalmoskop Vantage wireless plus LED Das exklusive Topmodell des Weltmarktf\u00fchrers Keeler. Kabellose Freiheit. U1, U2, U3&#8230; ? &#8211; Sie entscheiden selbst, wo die n\u00e4chste Untersuchung stattfindet! Die Keeler \u201ewireless\u201c Technologie erlaubt Ihnen, sich vollkommen frei von Raum zu Raum zu bewegen. Ohne sperrige Akkubox in Ihrer Kitteltasche und ohne nach einem passenden Stecker [&hellip;]<\/p>\n","protected":false},"featured_media":1474,"comment_status":"open","ping_status":"closed","template":"","meta":{"_acf_changed":false,"inline_featured_image":false},"product_manufacturers":[466],"product_brand":[],"product_cat":[247,321],"product_tag":[],"class_list":{"0":"post-1473","1":"product","2":"type-product","3":"status-publish","4":"has-post-thumbnail","6":"product_cat-retina","7":"product_cat-ophthalmoscopes-3","9":"first","10":"instock","11":"taxable","12":"shipping-taxable","13":"purchasable","14":"product-type-simple"},"acf":[],"yoast_head":"<!-- This site is optimized with the Yoast SEO plugin v27.0 - https:\/\/yoast.com\/product\/yoast-seo-wordpress\/ -->\n<title>Kopfophthalmoskop Keeler Vantage wireless plus LED<\/title>\n<meta name=\"description\" content=\"Indirektes binokulares Kopf-Ophthalmoskop Vantage wireless plus LEDDas exklusive Topmodell des Weltmarktf\u00fchrers Keeler.Kabellose Freiheit.U1, U2, U3... ? - Sie entscheiden selbst, wo die n\u00e4chste...\" \/>\n<meta name=\"robots\" content=\"index, follow, max-snippet:-1, max-image-preview:large, max-video-preview:-1\" \/>\n<link rel=\"canonical\" href=\"https:\/\/bon.de\/produkt\/kopfophthalmoskop-keeler-vantage-wireless-plus-led\/\" \/>\n<meta property=\"og:locale\" content=\"en_US\" \/>\n<meta property=\"og:type\" content=\"article\" \/>\n<meta property=\"og:title\" content=\"Kopfophthalmoskop Keeler Vantage wireless plus LED\" \/>\n<meta property=\"og:description\" content=\"Indirektes binokulares Kopf-Ophthalmoskop Vantage wireless plus LEDDas exklusive Topmodell des Weltmarktf\u00fchrers Keeler.Kabellose Freiheit.U1, U2, U3... ? - Sie entscheiden selbst, wo die n\u00e4chste...\" \/>\n<meta property=\"og:url\" content=\"https:\/\/bon.de\/produkt\/kopfophthalmoskop-keeler-vantage-wireless-plus-led\/\" \/>\n<meta property=\"og:site_name\" content=\"bon Optic - Partner auf Augenh\u00f6he\" \/>\n<meta property=\"article:modified_time\" content=\"2023-02-28T22:00:03+00:00\" \/>\n<meta property=\"og:image\" content=\"https:\/\/bon.de\/wp-content\/uploads\/2013\/11\/products-vantageplus-1.jpg\" \/>\n\t<meta property=\"og:image:width\" content=\"500\" \/>\n\t<meta property=\"og:image:height\" content=\"500\" \/>\n\t<meta property=\"og:image:type\" content=\"image\/jpeg\" \/>\n<meta name=\"twitter:card\" content=\"summary_large_image\" \/>\n<meta name=\"twitter:label1\" content=\"Est. reading time\" \/>\n\t<meta name=\"twitter:data1\" content=\"4 minutes\" \/>\n<script type=\"application\/ld+json\" class=\"yoast-schema-graph\">{\"@context\":\"https:\/\/schema.org\",\"@graph\":[{\"@type\":\"WebPage\",\"@id\":\"https:\/\/bon.de\/produkt\/kopfophthalmoskop-keeler-vantage-wireless-plus-led\/\",\"url\":\"https:\/\/bon.de\/produkt\/kopfophthalmoskop-keeler-vantage-wireless-plus-led\/\",\"name\":\"Kopfophthalmoskop Keeler Vantage wireless plus LED\",\"isPartOf\":{\"@id\":\"https:\/\/bon.de\/#website\"},\"primaryImageOfPage\":{\"@id\":\"https:\/\/bon.de\/produkt\/kopfophthalmoskop-keeler-vantage-wireless-plus-led\/#primaryimage\"},\"image\":{\"@id\":\"https:\/\/bon.de\/produkt\/kopfophthalmoskop-keeler-vantage-wireless-plus-led\/#primaryimage\"},\"thumbnailUrl\":\"https:\/\/bon.de\/wp-content\/uploads\/2013\/11\/products-vantageplus-1.jpg\",\"datePublished\":\"2013-11-12T11:48:35+00:00\",\"dateModified\":\"2023-02-28T22:00:03+00:00\",\"description\":\"Indirektes binokulares Kopf-Ophthalmoskop Vantage wireless plus LEDDas exklusive Topmodell des Weltmarktf\u00fchrers Keeler.Kabellose Freiheit.U1, U2, U3... ? - Sie entscheiden selbst, wo die n\u00e4chste...\",\"breadcrumb\":{\"@id\":\"https:\/\/bon.de\/produkt\/kopfophthalmoskop-keeler-vantage-wireless-plus-led\/#breadcrumb\"},\"inLanguage\":\"en-US\",\"potentialAction\":[{\"@type\":\"ReadAction\",\"target\":[\"https:\/\/bon.de\/produkt\/kopfophthalmoskop-keeler-vantage-wireless-plus-led\/\"]}]},{\"@type\":\"ImageObject\",\"inLanguage\":\"en-US\",\"@id\":\"https:\/\/bon.de\/produkt\/kopfophthalmoskop-keeler-vantage-wireless-plus-led\/#primaryimage\",\"url\":\"https:\/\/bon.de\/wp-content\/uploads\/2013\/11\/products-vantageplus-1.jpg\",\"contentUrl\":\"https:\/\/bon.de\/wp-content\/uploads\/2013\/11\/products-vantageplus-1.jpg\",\"width\":500,\"height\":500,\"caption\":\"Kopfophthalmoskop Keeler Vantage wireless plus LED\"},{\"@type\":\"BreadcrumbList\",\"@id\":\"https:\/\/bon.de\/produkt\/kopfophthalmoskop-keeler-vantage-wireless-plus-led\/#breadcrumb\",\"itemListElement\":[{\"@type\":\"ListItem\",\"position\":1,\"name\":\"Home\",\"item\":\"https:\/\/bon.de\/en\/\"},{\"@type\":\"ListItem\",\"position\":2,\"name\":\"Shop\",\"item\":\"https:\/\/bon.de\/en\/shop-2-2\/\"},{\"@type\":\"ListItem\",\"position\":3,\"name\":\"Kopfophthalmoskop Keeler Vantage wireless plus LED\"}]},{\"@type\":\"WebSite\",\"@id\":\"https:\/\/bon.de\/#website\",\"url\":\"https:\/\/bon.de\/\",\"name\":\"bon Optic - Partner auf Augenh\u00f6he\",\"description\":\"\",\"publisher\":{\"@id\":\"https:\/\/bon.de\/#organization\"},\"potentialAction\":[{\"@type\":\"SearchAction\",\"target\":{\"@type\":\"EntryPoint\",\"urlTemplate\":\"https:\/\/bon.de\/?s={search_term_string}\"},\"query-input\":{\"@type\":\"PropertyValueSpecification\",\"valueRequired\":true,\"valueName\":\"search_term_string\"}}],\"inLanguage\":\"en-US\"},{\"@type\":\"Organization\",\"@id\":\"https:\/\/bon.de\/#organization\",\"name\":\"bon Optic Vertriebsgesellschaft mbH\",\"url\":\"https:\/\/bon.de\/\",\"logo\":{\"@type\":\"ImageObject\",\"inLanguage\":\"en-US\",\"@id\":\"https:\/\/bon.de\/#\/schema\/logo\/image\/\",\"url\":\"https:\/\/bon.de\/wp-content\/uploads\/2021\/06\/bon-Logo_512x512px.png\",\"contentUrl\":\"https:\/\/bon.de\/wp-content\/uploads\/2021\/06\/bon-Logo_512x512px.png\",\"width\":512,\"height\":512,\"caption\":\"bon Optic Vertriebsgesellschaft mbH\"},\"image\":{\"@id\":\"https:\/\/bon.de\/#\/schema\/logo\/image\/\"},\"sameAs\":[\"https:\/\/www.linkedin.com\/company\/bon-optic-vertriebsgesellschaft-mbh\/\",\"https:\/\/www.youtube.com\/channel\/UCSURhENDItKaH88bvn8LlcA\"]}]}<\/script>\n<!-- \/ Yoast SEO plugin. -->","yoast_head_json":{"title":"Kopfophthalmoskop Keeler Vantage wireless plus LED","description":"Indirektes binokulares Kopf-Ophthalmoskop Vantage wireless plus LEDDas exklusive Topmodell des Weltmarktf\u00fchrers Keeler.Kabellose Freiheit.U1, U2, U3... ? - Sie entscheiden selbst, wo die n\u00e4chste...","robots":{"index":"index","follow":"follow","max-snippet":"max-snippet:-1","max-image-preview":"max-image-preview:large","max-video-preview":"max-video-preview:-1"},"canonical":"https:\/\/bon.de\/produkt\/kopfophthalmoskop-keeler-vantage-wireless-plus-led\/","og_locale":"en_US","og_type":"article","og_title":"Kopfophthalmoskop Keeler Vantage wireless plus LED","og_description":"Indirektes binokulares Kopf-Ophthalmoskop Vantage wireless plus LEDDas exklusive Topmodell des Weltmarktf\u00fchrers Keeler.Kabellose Freiheit.U1, U2, U3... ? - Sie entscheiden selbst, wo die n\u00e4chste...","og_url":"https:\/\/bon.de\/produkt\/kopfophthalmoskop-keeler-vantage-wireless-plus-led\/","og_site_name":"bon Optic - Partner auf Augenh\u00f6he","article_modified_time":"2023-02-28T22:00:03+00:00","og_image":[{"width":500,"height":500,"url":"https:\/\/bon.de\/wp-content\/uploads\/2013\/11\/products-vantageplus-1.jpg","type":"image\/jpeg"}],"twitter_card":"summary_large_image","twitter_misc":{"Est. reading time":"4 minutes"},"schema":{"@context":"https:\/\/schema.org","@graph":[{"@type":"WebPage","@id":"https:\/\/bon.de\/produkt\/kopfophthalmoskop-keeler-vantage-wireless-plus-led\/","url":"https:\/\/bon.de\/produkt\/kopfophthalmoskop-keeler-vantage-wireless-plus-led\/","name":"Kopfophthalmoskop Keeler Vantage wireless plus LED","isPartOf":{"@id":"https:\/\/bon.de\/#website"},"primaryImageOfPage":{"@id":"https:\/\/bon.de\/produkt\/kopfophthalmoskop-keeler-vantage-wireless-plus-led\/#primaryimage"},"image":{"@id":"https:\/\/bon.de\/produkt\/kopfophthalmoskop-keeler-vantage-wireless-plus-led\/#primaryimage"},"thumbnailUrl":"https:\/\/bon.de\/wp-content\/uploads\/2013\/11\/products-vantageplus-1.jpg","datePublished":"2013-11-12T11:48:35+00:00","dateModified":"2023-02-28T22:00:03+00:00","description":"Indirektes binokulares Kopf-Ophthalmoskop Vantage wireless plus LEDDas exklusive Topmodell des Weltmarktf\u00fchrers Keeler.Kabellose Freiheit.U1, U2, U3... ? - Sie entscheiden selbst, wo die n\u00e4chste...","breadcrumb":{"@id":"https:\/\/bon.de\/produkt\/kopfophthalmoskop-keeler-vantage-wireless-plus-led\/#breadcrumb"},"inLanguage":"en-US","potentialAction":[{"@type":"ReadAction","target":["https:\/\/bon.de\/produkt\/kopfophthalmoskop-keeler-vantage-wireless-plus-led\/"]}]},{"@type":"ImageObject","inLanguage":"en-US","@id":"https:\/\/bon.de\/produkt\/kopfophthalmoskop-keeler-vantage-wireless-plus-led\/#primaryimage","url":"https:\/\/bon.de\/wp-content\/uploads\/2013\/11\/products-vantageplus-1.jpg","contentUrl":"https:\/\/bon.de\/wp-content\/uploads\/2013\/11\/products-vantageplus-1.jpg","width":500,"height":500,"caption":"Kopfophthalmoskop Keeler Vantage wireless plus LED"},{"@type":"BreadcrumbList","@id":"https:\/\/bon.de\/produkt\/kopfophthalmoskop-keeler-vantage-wireless-plus-led\/#breadcrumb","itemListElement":[{"@type":"ListItem","position":1,"name":"Home","item":"https:\/\/bon.de\/en\/"},{"@type":"ListItem","position":2,"name":"Shop","item":"https:\/\/bon.de\/en\/shop-2-2\/"},{"@type":"ListItem","position":3,"name":"Kopfophthalmoskop Keeler Vantage wireless plus LED"}]},{"@type":"WebSite","@id":"https:\/\/bon.de\/#website","url":"https:\/\/bon.de\/","name":"bon Optic - Partner auf Augenh\u00f6he","description":"","publisher":{"@id":"https:\/\/bon.de\/#organization"},"potentialAction":[{"@type":"SearchAction","target":{"@type":"EntryPoint","urlTemplate":"https:\/\/bon.de\/?s={search_term_string}"},"query-input":{"@type":"PropertyValueSpecification","valueRequired":true,"valueName":"search_term_string"}}],"inLanguage":"en-US"},{"@type":"Organization","@id":"https:\/\/bon.de\/#organization","name":"bon Optic Vertriebsgesellschaft mbH","url":"https:\/\/bon.de\/","logo":{"@type":"ImageObject","inLanguage":"en-US","@id":"https:\/\/bon.de\/#\/schema\/logo\/image\/","url":"https:\/\/bon.de\/wp-content\/uploads\/2021\/06\/bon-Logo_512x512px.png","contentUrl":"https:\/\/bon.de\/wp-content\/uploads\/2021\/06\/bon-Logo_512x512px.png","width":512,"height":512,"caption":"bon Optic Vertriebsgesellschaft mbH"},"image":{"@id":"https:\/\/bon.de\/#\/schema\/logo\/image\/"},"sameAs":["https:\/\/www.linkedin.com\/company\/bon-optic-vertriebsgesellschaft-mbh\/","https:\/\/www.youtube.com\/channel\/UCSURhENDItKaH88bvn8LlcA"]}]}},"_links":{"self":[{"href":"https:\/\/bon.de\/en\/wp-json\/wp\/v2\/product\/1473","targetHints":{"allow":["GET"]}}],"collection":[{"href":"https:\/\/bon.de\/en\/wp-json\/wp\/v2\/product"}],"about":[{"href":"https:\/\/bon.de\/en\/wp-json\/wp\/v2\/types\/product"}],"replies":[{"embeddable":true,"href":"https:\/\/bon.de\/en\/wp-json\/wp\/v2\/comments?post=1473"}],"wp:featuredmedia":[{"embeddable":true,"href":"https:\/\/bon.de\/en\/wp-json\/wp\/v2\/media\/1474"}],"wp:attachment":[{"href":"https:\/\/bon.de\/en\/wp-json\/wp\/v2\/media?parent=1473"}],"wp:term":[{"taxonomy":"product_manufacturers","embeddable":true,"href":"https:\/\/bon.de\/en\/wp-json\/wp\/v2\/product_manufacturers?post=1473"},{"taxonomy":"product_brand","embeddable":true,"href":"https:\/\/bon.de\/en\/wp-json\/wp\/v2\/product_brand?post=1473"},{"taxonomy":"product_cat","embeddable":true,"href":"https:\/\/bon.de\/en\/wp-json\/wp\/v2\/product_cat?post=1473"},{"taxonomy":"product_tag","embeddable":true,"href":"https:\/\/bon.de\/en\/wp-json\/wp\/v2\/product_tag?post=1473"}],"curies":[{"name":"wp","href":"https:\/\/api.w.org\/{rel}","templated":true}]}}