{"id":1553,"date":"2013-11-12T11:49:41","date_gmt":"2013-11-12T11:49:41","guid":{"rendered":"https:\/\/bon.de\/?post_type=product&#038;p=1553"},"modified":"2021-01-11T11:37:30","modified_gmt":"2021-01-11T11:37:30","slug":"universal-refraktions-messbrille-oculus-ub-3-2","status":"publish","type":"product","link":"https:\/\/bon.de\/en\/product\/universal-refraktions-messbrille-oculus-ub-3-2\/","title":{"rendered":"Universal Refraktions Messbrille Oculus UB-3+"},"content":{"rendered":"<p>Oculus Universal Messbrille UB 3 PLUS<\/p>\n<p>Die Neuauflage des bew\u00e4hrten Klassikers,<br \/>\n<br \/>PD 48-80 mm, getrennt einstellbar, bis zu 5 Paar Gl\u00e4ser<\/p>\n","protected":false},"excerpt":{"rendered":"<p>Oculus Universal Messbrille UB 3 PLUS Die Neuauflage des bew\u00e4hrten Klassikers, PD 48-80 mm, getrennt einstellbar, bis zu 5 Paar Gl\u00e4ser<\/p>\n","protected":false},"featured_media":7157,"comment_status":"open","ping_status":"closed","template":"","meta":{"_acf_changed":false,"inline_featured_image":false},"product_manufacturers":[702],"product_brand":[],"product_cat":[113,217,185,323,327],"product_tag":[],"class_list":{"0":"post-1553","1":"product","2":"type-product","3":"status-publish","4":"has-post-thumbnail","6":"product_cat-refraction-2","7":"product_cat-trial-frames","8":"product_cat-bon-shop-2","9":"product_cat-refraction-sight-testing-2","10":"product_cat-trial-frames-2","12":"first","13":"instock","14":"taxable","15":"shipping-taxable","16":"purchasable","17":"product-type-simple"},"acf":[],"yoast_head":"<!-- This site is optimized with the Yoast SEO plugin v27.0 - https:\/\/yoast.com\/product\/yoast-seo-wordpress\/ -->\n<title>Universal Refraktions Messbrille Oculus UB-3+ - bon Optic - Partner auf Augenh\u00f6he<\/title>\n<meta name=\"robots\" content=\"index, follow, max-snippet:-1, max-image-preview:large, max-video-preview:-1\" \/>\n<link rel=\"canonical\" href=\"https:\/\/bon.de\/en\/product\/universal-refraktions-messbrille-oculus-ub-3-2\/\" \/>\n<meta property=\"og:locale\" content=\"en_US\" \/>\n<meta property=\"og:type\" content=\"article\" \/>\n<meta property=\"og:title\" content=\"Universal Refraktions Messbrille Oculus UB-3+ - bon Optic - Partner auf Augenh\u00f6he\" \/>\n<meta property=\"og:description\" content=\"Oculus Universal Messbrille UB 3 PLUS Die Neuauflage des bew\u00e4hrten Klassikers, PD 48-80 mm, getrennt einstellbar, bis zu 5 Paar Gl\u00e4ser\" \/>\n<meta property=\"og:url\" content=\"https:\/\/bon.de\/en\/product\/universal-refraktions-messbrille-oculus-ub-3-2\/\" \/>\n<meta property=\"og:site_name\" content=\"bon Optic - Partner auf Augenh\u00f6he\" \/>\n<meta property=\"article:modified_time\" content=\"2021-01-11T11:37:30+00:00\" \/>\n<meta property=\"og:image\" content=\"https:\/\/bon.de\/wp-content\/uploads\/2013\/11\/UB3plus_42100_201904_03.jpg\" \/>\n\t<meta property=\"og:image:width\" content=\"2000\" \/>\n\t<meta property=\"og:image:height\" content=\"1425\" \/>\n\t<meta property=\"og:image:type\" content=\"image\/jpeg\" \/>\n<meta name=\"twitter:card\" content=\"summary_large_image\" \/>\n<script type=\"application\/ld+json\" class=\"yoast-schema-graph\">{\"@context\":\"https:\/\/schema.org\",\"@graph\":[{\"@type\":\"WebPage\",\"@id\":\"https:\/\/bon.de\/en\/product\/universal-refraktions-messbrille-oculus-ub-3-2\/\",\"url\":\"https:\/\/bon.de\/en\/product\/universal-refraktions-messbrille-oculus-ub-3-2\/\",\"name\":\"Universal Refraktions Messbrille Oculus UB-3+ - bon Optic - Partner auf Augenh\u00f6he\",\"isPartOf\":{\"@id\":\"https:\/\/bon.de\/#website\"},\"primaryImageOfPage\":{\"@id\":\"https:\/\/bon.de\/en\/product\/universal-refraktions-messbrille-oculus-ub-3-2\/#primaryimage\"},\"image\":{\"@id\":\"https:\/\/bon.de\/en\/product\/universal-refraktions-messbrille-oculus-ub-3-2\/#primaryimage\"},\"thumbnailUrl\":\"https:\/\/bon.de\/wp-content\/uploads\/2013\/11\/UB3plus_42100_201904_03.jpg\",\"datePublished\":\"2013-11-12T11:49:41+00:00\",\"dateModified\":\"2021-01-11T11:37:30+00:00\",\"breadcrumb\":{\"@id\":\"https:\/\/bon.de\/en\/product\/universal-refraktions-messbrille-oculus-ub-3-2\/#breadcrumb\"},\"inLanguage\":\"en-US\",\"potentialAction\":[{\"@type\":\"ReadAction\",\"target\":[\"https:\/\/bon.de\/en\/product\/universal-refraktions-messbrille-oculus-ub-3-2\/\"]}]},{\"@type\":\"ImageObject\",\"inLanguage\":\"en-US\",\"@id\":\"https:\/\/bon.de\/en\/product\/universal-refraktions-messbrille-oculus-ub-3-2\/#primaryimage\",\"url\":\"https:\/\/bon.de\/wp-content\/uploads\/2013\/11\/UB3plus_42100_201904_03.jpg\",\"contentUrl\":\"https:\/\/bon.de\/wp-content\/uploads\/2013\/11\/UB3plus_42100_201904_03.jpg\",\"width\":2000,\"height\":1425,\"caption\":\"Universal-Messbrille UB 3+ zur Brillenglasbestimmung und Refraktion, 100 % Made in Germany und sorgsam von Hand montiert f\u00fcr Perfektion bis ins kleinste Detail\"},{\"@type\":\"BreadcrumbList\",\"@id\":\"https:\/\/bon.de\/en\/product\/universal-refraktions-messbrille-oculus-ub-3-2\/#breadcrumb\",\"itemListElement\":[{\"@type\":\"ListItem\",\"position\":1,\"name\":\"Home\",\"item\":\"https:\/\/bon.de\/en\/\"},{\"@type\":\"ListItem\",\"position\":2,\"name\":\"Shop\",\"item\":\"https:\/\/bon.de\/en\/shop-2-2\/\"},{\"@type\":\"ListItem\",\"position\":3,\"name\":\"Universal Refraktions Messbrille Oculus UB-3+\"}]},{\"@type\":\"WebSite\",\"@id\":\"https:\/\/bon.de\/#website\",\"url\":\"https:\/\/bon.de\/\",\"name\":\"bon Optic - Partner auf Augenh\u00f6he\",\"description\":\"\",\"publisher\":{\"@id\":\"https:\/\/bon.de\/#organization\"},\"potentialAction\":[{\"@type\":\"SearchAction\",\"target\":{\"@type\":\"EntryPoint\",\"urlTemplate\":\"https:\/\/bon.de\/?s={search_term_string}\"},\"query-input\":{\"@type\":\"PropertyValueSpecification\",\"valueRequired\":true,\"valueName\":\"search_term_string\"}}],\"inLanguage\":\"en-US\"},{\"@type\":\"Organization\",\"@id\":\"https:\/\/bon.de\/#organization\",\"name\":\"bon Optic Vertriebsgesellschaft mbH\",\"url\":\"https:\/\/bon.de\/\",\"logo\":{\"@type\":\"ImageObject\",\"inLanguage\":\"en-US\",\"@id\":\"https:\/\/bon.de\/#\/schema\/logo\/image\/\",\"url\":\"https:\/\/bon.de\/wp-content\/uploads\/2021\/06\/bon-Logo_512x512px.png\",\"contentUrl\":\"https:\/\/bon.de\/wp-content\/uploads\/2021\/06\/bon-Logo_512x512px.png\",\"width\":512,\"height\":512,\"caption\":\"bon Optic Vertriebsgesellschaft mbH\"},\"image\":{\"@id\":\"https:\/\/bon.de\/#\/schema\/logo\/image\/\"},\"sameAs\":[\"https:\/\/www.linkedin.com\/company\/bon-optic-vertriebsgesellschaft-mbh\/\",\"https:\/\/www.youtube.com\/channel\/UCSURhENDItKaH88bvn8LlcA\"]}]}<\/script>\n<!-- \/ Yoast SEO plugin. -->","yoast_head_json":{"title":"Universal Refraktions Messbrille Oculus UB-3+ - bon Optic - Partner auf Augenh\u00f6he","robots":{"index":"index","follow":"follow","max-snippet":"max-snippet:-1","max-image-preview":"max-image-preview:large","max-video-preview":"max-video-preview:-1"},"canonical":"https:\/\/bon.de\/en\/product\/universal-refraktions-messbrille-oculus-ub-3-2\/","og_locale":"en_US","og_type":"article","og_title":"Universal Refraktions Messbrille Oculus UB-3+ - bon Optic - Partner auf Augenh\u00f6he","og_description":"Oculus Universal Messbrille UB 3 PLUS Die Neuauflage des bew\u00e4hrten Klassikers, PD 48-80 mm, getrennt einstellbar, bis zu 5 Paar Gl\u00e4ser","og_url":"https:\/\/bon.de\/en\/product\/universal-refraktions-messbrille-oculus-ub-3-2\/","og_site_name":"bon Optic - Partner auf Augenh\u00f6he","article_modified_time":"2021-01-11T11:37:30+00:00","og_image":[{"width":2000,"height":1425,"url":"https:\/\/bon.de\/wp-content\/uploads\/2013\/11\/UB3plus_42100_201904_03.jpg","type":"image\/jpeg"}],"twitter_card":"summary_large_image","schema":{"@context":"https:\/\/schema.org","@graph":[{"@type":"WebPage","@id":"https:\/\/bon.de\/en\/product\/universal-refraktions-messbrille-oculus-ub-3-2\/","url":"https:\/\/bon.de\/en\/product\/universal-refraktions-messbrille-oculus-ub-3-2\/","name":"Universal Refraktions Messbrille Oculus UB-3+ - bon Optic - Partner auf Augenh\u00f6he","isPartOf":{"@id":"https:\/\/bon.de\/#website"},"primaryImageOfPage":{"@id":"https:\/\/bon.de\/en\/product\/universal-refraktions-messbrille-oculus-ub-3-2\/#primaryimage"},"image":{"@id":"https:\/\/bon.de\/en\/product\/universal-refraktions-messbrille-oculus-ub-3-2\/#primaryimage"},"thumbnailUrl":"https:\/\/bon.de\/wp-content\/uploads\/2013\/11\/UB3plus_42100_201904_03.jpg","datePublished":"2013-11-12T11:49:41+00:00","dateModified":"2021-01-11T11:37:30+00:00","breadcrumb":{"@id":"https:\/\/bon.de\/en\/product\/universal-refraktions-messbrille-oculus-ub-3-2\/#breadcrumb"},"inLanguage":"en-US","potentialAction":[{"@type":"ReadAction","target":["https:\/\/bon.de\/en\/product\/universal-refraktions-messbrille-oculus-ub-3-2\/"]}]},{"@type":"ImageObject","inLanguage":"en-US","@id":"https:\/\/bon.de\/en\/product\/universal-refraktions-messbrille-oculus-ub-3-2\/#primaryimage","url":"https:\/\/bon.de\/wp-content\/uploads\/2013\/11\/UB3plus_42100_201904_03.jpg","contentUrl":"https:\/\/bon.de\/wp-content\/uploads\/2013\/11\/UB3plus_42100_201904_03.jpg","width":2000,"height":1425,"caption":"Universal-Messbrille UB 3+ zur Brillenglasbestimmung und Refraktion, 100 % Made in Germany und sorgsam von Hand montiert f\u00fcr Perfektion bis ins kleinste Detail"},{"@type":"BreadcrumbList","@id":"https:\/\/bon.de\/en\/product\/universal-refraktions-messbrille-oculus-ub-3-2\/#breadcrumb","itemListElement":[{"@type":"ListItem","position":1,"name":"Home","item":"https:\/\/bon.de\/en\/"},{"@type":"ListItem","position":2,"name":"Shop","item":"https:\/\/bon.de\/en\/shop-2-2\/"},{"@type":"ListItem","position":3,"name":"Universal Refraktions Messbrille Oculus UB-3+"}]},{"@type":"WebSite","@id":"https:\/\/bon.de\/#website","url":"https:\/\/bon.de\/","name":"bon Optic - Partner auf Augenh\u00f6he","description":"","publisher":{"@id":"https:\/\/bon.de\/#organization"},"potentialAction":[{"@type":"SearchAction","target":{"@type":"EntryPoint","urlTemplate":"https:\/\/bon.de\/?s={search_term_string}"},"query-input":{"@type":"PropertyValueSpecification","valueRequired":true,"valueName":"search_term_string"}}],"inLanguage":"en-US"},{"@type":"Organization","@id":"https:\/\/bon.de\/#organization","name":"bon Optic Vertriebsgesellschaft mbH","url":"https:\/\/bon.de\/","logo":{"@type":"ImageObject","inLanguage":"en-US","@id":"https:\/\/bon.de\/#\/schema\/logo\/image\/","url":"https:\/\/bon.de\/wp-content\/uploads\/2021\/06\/bon-Logo_512x512px.png","contentUrl":"https:\/\/bon.de\/wp-content\/uploads\/2021\/06\/bon-Logo_512x512px.png","width":512,"height":512,"caption":"bon Optic Vertriebsgesellschaft mbH"},"image":{"@id":"https:\/\/bon.de\/#\/schema\/logo\/image\/"},"sameAs":["https:\/\/www.linkedin.com\/company\/bon-optic-vertriebsgesellschaft-mbh\/","https:\/\/www.youtube.com\/channel\/UCSURhENDItKaH88bvn8LlcA"]}]}},"_links":{"self":[{"href":"https:\/\/bon.de\/en\/wp-json\/wp\/v2\/product\/1553","targetHints":{"allow":["GET"]}}],"collection":[{"href":"https:\/\/bon.de\/en\/wp-json\/wp\/v2\/product"}],"about":[{"href":"https:\/\/bon.de\/en\/wp-json\/wp\/v2\/types\/product"}],"replies":[{"embeddable":true,"href":"https:\/\/bon.de\/en\/wp-json\/wp\/v2\/comments?post=1553"}],"wp:featuredmedia":[{"embeddable":true,"href":"https:\/\/bon.de\/en\/wp-json\/wp\/v2\/media\/7157"}],"wp:attachment":[{"href":"https:\/\/bon.de\/en\/wp-json\/wp\/v2\/media?parent=1553"}],"wp:term":[{"taxonomy":"product_manufacturers","embeddable":true,"href":"https:\/\/bon.de\/en\/wp-json\/wp\/v2\/product_manufacturers?post=1553"},{"taxonomy":"product_brand","embeddable":true,"href":"https:\/\/bon.de\/en\/wp-json\/wp\/v2\/product_brand?post=1553"},{"taxonomy":"product_cat","embeddable":true,"href":"https:\/\/bon.de\/en\/wp-json\/wp\/v2\/product_cat?post=1553"},{"taxonomy":"product_tag","embeddable":true,"href":"https:\/\/bon.de\/en\/wp-json\/wp\/v2\/product_tag?post=1553"}],"curies":[{"name":"wp","href":"https:\/\/api.w.org\/{rel}","templated":true}]}}