{"id":1691,"date":"2013-11-12T11:51:29","date_gmt":"2013-11-12T11:51:29","guid":{"rendered":"https:\/\/bon.de\/?post_type=product&#038;p=1691"},"modified":"2019-11-04T15:49:58","modified_gmt":"2019-11-04T15:49:58","slug":"volk-digital-wide-field-2","status":"publish","type":"product","link":"https:\/\/bon.de\/en\/product\/volk-digital-wide-field-2\/","title":{"rendered":"Volk Digital Wide Field"},"content":{"rendered":"<p>Die Digital Wide Field Linse kombiniert ein gro\u00dfes Blickfeld mit hoher Vergr\u00f6\u00dferung. Das Doppelt-asph\u00e4rische Linsendesign und die Mehrfachentspiegelung erm\u00f6glichen hochaufl\u00f6sende stereoskopische Bilder der Netzhaut durch eine kleine Pupille mit einem Minimum an st\u00f6renden Reflexen. Diese einzigartigen Eigenschaften machen sie zur idealen Linse f\u00fcr die Diagnose und zur Dokumentation der Spaltlampenbilder. \u00c4rzte nennen sie die \u201eunverzichtbare\u201c Linse.<\/p>\n<p>&#8211; 0,72x Vergr\u00f6\u00dferung<\/p>\n<p>&#8211; 103\u00b0 statisches \/ 124\u00b0 dynamisches Blickfeld<\/p>\n","protected":false},"excerpt":{"rendered":"<p>Die Digital Wide Field Linse kombiniert ein gro\u00dfes Blickfeld mit hoher Vergr\u00f6\u00dferung. Das Doppelt-asph\u00e4rische Linsendesign und die Mehrfachentspiegelung erm\u00f6glichen hochaufl\u00f6sende stereoskopische Bilder der Netzhaut durch eine kleine Pupille mit einem Minimum an st\u00f6renden Reflexen. Diese einzigartigen Eigenschaften machen sie zur idealen Linse f\u00fcr die Diagnose und zur Dokumentation der Spaltlampenbilder. \u00c4rzte nennen sie die \u201eunverzichtbare\u201c [&hellip;]<\/p>\n","protected":false},"featured_media":1692,"comment_status":"open","ping_status":"closed","template":"","meta":{"_acf_changed":false,"inline_featured_image":false},"product_manufacturers":[472],"product_brand":[],"product_cat":[361,151],"product_tag":[],"class_list":{"0":"post-1691","1":"product","2":"type-product","3":"status-publish","4":"has-post-thumbnail","6":"product_cat-volk-lenses-loupes","7":"product_cat-volk-non-contact-lenses","8":"pa_european-authorized-represen-rudolf-riester-gmbh-bruckstrasse-31-72417-jungingen-germany","10":"first","11":"instock","12":"taxable","13":"shipping-taxable","14":"purchasable","15":"product-type-variable","16":"has-default-attributes"},"acf":[],"yoast_head":"<!-- This site is optimized with the Yoast SEO plugin v27.0 - https:\/\/yoast.com\/product\/yoast-seo-wordpress\/ -->\n<title>Volk Digital Wide Field - bon Optic - Partner auf Augenh\u00f6he<\/title>\n<meta name=\"robots\" content=\"index, follow, max-snippet:-1, max-image-preview:large, max-video-preview:-1\" \/>\n<link rel=\"canonical\" href=\"https:\/\/bon.de\/en\/product\/volk-digital-wide-field-2\/\" \/>\n<meta property=\"og:locale\" content=\"en_US\" \/>\n<meta property=\"og:type\" content=\"article\" \/>\n<meta property=\"og:title\" content=\"Volk Digital Wide Field - bon Optic - Partner auf Augenh\u00f6he\" \/>\n<meta property=\"og:description\" content=\"Die Digital Wide Field Linse kombiniert ein gro\u00dfes Blickfeld mit hoher Vergr\u00f6\u00dferung. Das Doppelt-asph\u00e4rische Linsendesign und die Mehrfachentspiegelung erm\u00f6glichen hochaufl\u00f6sende stereoskopische Bilder der Netzhaut durch eine kleine Pupille mit einem Minimum an st\u00f6renden Reflexen. Diese einzigartigen Eigenschaften machen sie zur idealen Linse f\u00fcr die Diagnose und zur Dokumentation der Spaltlampenbilder. \u00c4rzte nennen sie die \u201eunverzichtbare\u201c [&hellip;]\" \/>\n<meta property=\"og:url\" content=\"https:\/\/bon.de\/en\/product\/volk-digital-wide-field-2\/\" \/>\n<meta property=\"og:site_name\" content=\"bon Optic - Partner auf Augenh\u00f6he\" \/>\n<meta property=\"article:modified_time\" content=\"2019-11-04T15:49:58+00:00\" \/>\n<meta property=\"og:image\" content=\"https:\/\/bon.de\/wp-content\/uploads\/2013\/11\/products-digitalwidefield-1.jpg\" \/>\n\t<meta property=\"og:image:width\" content=\"360\" \/>\n\t<meta property=\"og:image:height\" content=\"360\" \/>\n\t<meta property=\"og:image:type\" content=\"image\/jpeg\" \/>\n<meta name=\"twitter:card\" content=\"summary_large_image\" \/>\n<script type=\"application\/ld+json\" class=\"yoast-schema-graph\">{\"@context\":\"https:\/\/schema.org\",\"@graph\":[{\"@type\":\"WebPage\",\"@id\":\"https:\/\/bon.de\/en\/product\/volk-digital-wide-field-2\/\",\"url\":\"https:\/\/bon.de\/en\/product\/volk-digital-wide-field-2\/\",\"name\":\"Volk Digital Wide Field - bon Optic - Partner auf Augenh\u00f6he\",\"isPartOf\":{\"@id\":\"https:\/\/bon.de\/#website\"},\"primaryImageOfPage\":{\"@id\":\"https:\/\/bon.de\/en\/product\/volk-digital-wide-field-2\/#primaryimage\"},\"image\":{\"@id\":\"https:\/\/bon.de\/en\/product\/volk-digital-wide-field-2\/#primaryimage\"},\"thumbnailUrl\":\"https:\/\/bon.de\/wp-content\/uploads\/2013\/11\/products-digitalwidefield-1.jpg\",\"datePublished\":\"2013-11-12T11:51:29+00:00\",\"dateModified\":\"2019-11-04T15:49:58+00:00\",\"breadcrumb\":{\"@id\":\"https:\/\/bon.de\/en\/product\/volk-digital-wide-field-2\/#breadcrumb\"},\"inLanguage\":\"en-US\",\"potentialAction\":[{\"@type\":\"ReadAction\",\"target\":[\"https:\/\/bon.de\/en\/product\/volk-digital-wide-field-2\/\"]}]},{\"@type\":\"ImageObject\",\"inLanguage\":\"en-US\",\"@id\":\"https:\/\/bon.de\/en\/product\/volk-digital-wide-field-2\/#primaryimage\",\"url\":\"https:\/\/bon.de\/wp-content\/uploads\/2013\/11\/products-digitalwidefield-1.jpg\",\"contentUrl\":\"https:\/\/bon.de\/wp-content\/uploads\/2013\/11\/products-digitalwidefield-1.jpg\",\"width\":360,\"height\":360},{\"@type\":\"BreadcrumbList\",\"@id\":\"https:\/\/bon.de\/en\/product\/volk-digital-wide-field-2\/#breadcrumb\",\"itemListElement\":[{\"@type\":\"ListItem\",\"position\":1,\"name\":\"Home\",\"item\":\"https:\/\/bon.de\/en\/\"},{\"@type\":\"ListItem\",\"position\":2,\"name\":\"Shop\",\"item\":\"https:\/\/bon.de\/en\/shop-2-2\/\"},{\"@type\":\"ListItem\",\"position\":3,\"name\":\"Volk Digital Wide Field\"}]},{\"@type\":\"WebSite\",\"@id\":\"https:\/\/bon.de\/#website\",\"url\":\"https:\/\/bon.de\/\",\"name\":\"bon Optic - Partner auf Augenh\u00f6he\",\"description\":\"\",\"publisher\":{\"@id\":\"https:\/\/bon.de\/#organization\"},\"potentialAction\":[{\"@type\":\"SearchAction\",\"target\":{\"@type\":\"EntryPoint\",\"urlTemplate\":\"https:\/\/bon.de\/?s={search_term_string}\"},\"query-input\":{\"@type\":\"PropertyValueSpecification\",\"valueRequired\":true,\"valueName\":\"search_term_string\"}}],\"inLanguage\":\"en-US\"},{\"@type\":\"Organization\",\"@id\":\"https:\/\/bon.de\/#organization\",\"name\":\"bon Optic Vertriebsgesellschaft mbH\",\"url\":\"https:\/\/bon.de\/\",\"logo\":{\"@type\":\"ImageObject\",\"inLanguage\":\"en-US\",\"@id\":\"https:\/\/bon.de\/#\/schema\/logo\/image\/\",\"url\":\"https:\/\/bon.de\/wp-content\/uploads\/2021\/06\/bon-Logo_512x512px.png\",\"contentUrl\":\"https:\/\/bon.de\/wp-content\/uploads\/2021\/06\/bon-Logo_512x512px.png\",\"width\":512,\"height\":512,\"caption\":\"bon Optic Vertriebsgesellschaft mbH\"},\"image\":{\"@id\":\"https:\/\/bon.de\/#\/schema\/logo\/image\/\"},\"sameAs\":[\"https:\/\/www.linkedin.com\/company\/bon-optic-vertriebsgesellschaft-mbh\/\",\"https:\/\/www.youtube.com\/channel\/UCSURhENDItKaH88bvn8LlcA\"]}]}<\/script>\n<!-- \/ Yoast SEO plugin. -->","yoast_head_json":{"title":"Volk Digital Wide Field - bon Optic - Partner auf Augenh\u00f6he","robots":{"index":"index","follow":"follow","max-snippet":"max-snippet:-1","max-image-preview":"max-image-preview:large","max-video-preview":"max-video-preview:-1"},"canonical":"https:\/\/bon.de\/en\/product\/volk-digital-wide-field-2\/","og_locale":"en_US","og_type":"article","og_title":"Volk Digital Wide Field - bon Optic - Partner auf Augenh\u00f6he","og_description":"Die Digital Wide Field Linse kombiniert ein gro\u00dfes Blickfeld mit hoher Vergr\u00f6\u00dferung. Das Doppelt-asph\u00e4rische Linsendesign und die Mehrfachentspiegelung erm\u00f6glichen hochaufl\u00f6sende stereoskopische Bilder der Netzhaut durch eine kleine Pupille mit einem Minimum an st\u00f6renden Reflexen. Diese einzigartigen Eigenschaften machen sie zur idealen Linse f\u00fcr die Diagnose und zur Dokumentation der Spaltlampenbilder. \u00c4rzte nennen sie die \u201eunverzichtbare\u201c [&hellip;]","og_url":"https:\/\/bon.de\/en\/product\/volk-digital-wide-field-2\/","og_site_name":"bon Optic - Partner auf Augenh\u00f6he","article_modified_time":"2019-11-04T15:49:58+00:00","og_image":[{"width":360,"height":360,"url":"https:\/\/bon.de\/wp-content\/uploads\/2013\/11\/products-digitalwidefield-1.jpg","type":"image\/jpeg"}],"twitter_card":"summary_large_image","schema":{"@context":"https:\/\/schema.org","@graph":[{"@type":"WebPage","@id":"https:\/\/bon.de\/en\/product\/volk-digital-wide-field-2\/","url":"https:\/\/bon.de\/en\/product\/volk-digital-wide-field-2\/","name":"Volk Digital Wide Field - bon Optic - Partner auf Augenh\u00f6he","isPartOf":{"@id":"https:\/\/bon.de\/#website"},"primaryImageOfPage":{"@id":"https:\/\/bon.de\/en\/product\/volk-digital-wide-field-2\/#primaryimage"},"image":{"@id":"https:\/\/bon.de\/en\/product\/volk-digital-wide-field-2\/#primaryimage"},"thumbnailUrl":"https:\/\/bon.de\/wp-content\/uploads\/2013\/11\/products-digitalwidefield-1.jpg","datePublished":"2013-11-12T11:51:29+00:00","dateModified":"2019-11-04T15:49:58+00:00","breadcrumb":{"@id":"https:\/\/bon.de\/en\/product\/volk-digital-wide-field-2\/#breadcrumb"},"inLanguage":"en-US","potentialAction":[{"@type":"ReadAction","target":["https:\/\/bon.de\/en\/product\/volk-digital-wide-field-2\/"]}]},{"@type":"ImageObject","inLanguage":"en-US","@id":"https:\/\/bon.de\/en\/product\/volk-digital-wide-field-2\/#primaryimage","url":"https:\/\/bon.de\/wp-content\/uploads\/2013\/11\/products-digitalwidefield-1.jpg","contentUrl":"https:\/\/bon.de\/wp-content\/uploads\/2013\/11\/products-digitalwidefield-1.jpg","width":360,"height":360},{"@type":"BreadcrumbList","@id":"https:\/\/bon.de\/en\/product\/volk-digital-wide-field-2\/#breadcrumb","itemListElement":[{"@type":"ListItem","position":1,"name":"Home","item":"https:\/\/bon.de\/en\/"},{"@type":"ListItem","position":2,"name":"Shop","item":"https:\/\/bon.de\/en\/shop-2-2\/"},{"@type":"ListItem","position":3,"name":"Volk Digital Wide Field"}]},{"@type":"WebSite","@id":"https:\/\/bon.de\/#website","url":"https:\/\/bon.de\/","name":"bon Optic - Partner auf Augenh\u00f6he","description":"","publisher":{"@id":"https:\/\/bon.de\/#organization"},"potentialAction":[{"@type":"SearchAction","target":{"@type":"EntryPoint","urlTemplate":"https:\/\/bon.de\/?s={search_term_string}"},"query-input":{"@type":"PropertyValueSpecification","valueRequired":true,"valueName":"search_term_string"}}],"inLanguage":"en-US"},{"@type":"Organization","@id":"https:\/\/bon.de\/#organization","name":"bon Optic Vertriebsgesellschaft mbH","url":"https:\/\/bon.de\/","logo":{"@type":"ImageObject","inLanguage":"en-US","@id":"https:\/\/bon.de\/#\/schema\/logo\/image\/","url":"https:\/\/bon.de\/wp-content\/uploads\/2021\/06\/bon-Logo_512x512px.png","contentUrl":"https:\/\/bon.de\/wp-content\/uploads\/2021\/06\/bon-Logo_512x512px.png","width":512,"height":512,"caption":"bon Optic Vertriebsgesellschaft mbH"},"image":{"@id":"https:\/\/bon.de\/#\/schema\/logo\/image\/"},"sameAs":["https:\/\/www.linkedin.com\/company\/bon-optic-vertriebsgesellschaft-mbh\/","https:\/\/www.youtube.com\/channel\/UCSURhENDItKaH88bvn8LlcA"]}]}},"_links":{"self":[{"href":"https:\/\/bon.de\/en\/wp-json\/wp\/v2\/product\/1691","targetHints":{"allow":["GET"]}}],"collection":[{"href":"https:\/\/bon.de\/en\/wp-json\/wp\/v2\/product"}],"about":[{"href":"https:\/\/bon.de\/en\/wp-json\/wp\/v2\/types\/product"}],"replies":[{"embeddable":true,"href":"https:\/\/bon.de\/en\/wp-json\/wp\/v2\/comments?post=1691"}],"wp:featuredmedia":[{"embeddable":true,"href":"https:\/\/bon.de\/en\/wp-json\/wp\/v2\/media\/1692"}],"wp:attachment":[{"href":"https:\/\/bon.de\/en\/wp-json\/wp\/v2\/media?parent=1691"}],"wp:term":[{"taxonomy":"product_manufacturers","embeddable":true,"href":"https:\/\/bon.de\/en\/wp-json\/wp\/v2\/product_manufacturers?post=1691"},{"taxonomy":"product_brand","embeddable":true,"href":"https:\/\/bon.de\/en\/wp-json\/wp\/v2\/product_brand?post=1691"},{"taxonomy":"product_cat","embeddable":true,"href":"https:\/\/bon.de\/en\/wp-json\/wp\/v2\/product_cat?post=1691"},{"taxonomy":"product_tag","embeddable":true,"href":"https:\/\/bon.de\/en\/wp-json\/wp\/v2\/product_tag?post=1691"}],"curies":[{"name":"wp","href":"https:\/\/api.w.org\/{rel}","templated":true}]}}