{"id":1699,"date":"2013-11-12T11:51:34","date_gmt":"2013-11-12T11:51:34","guid":{"rendered":"https:\/\/bon.de\/?post_type=product&#038;p=1699"},"modified":"2019-03-01T10:50:15","modified_gmt":"2019-03-01T10:50:15","slug":"volk-superfield-nc-2","status":"publish","type":"product","link":"https:\/\/bon.de\/en\/product\/volk-superfield-nc-2\/","title":{"rendered":"Volk SuperField NC"},"content":{"rendered":"<p>\u00c4rzte nennen sie auch gern die \u201eSuper 90\u201c. Volks Super Field wurde f\u00fcr die heutigen kritischen Anwender zum Standard bei der Fundusdiagnose mit der Spaltlampe. Durch ihre 0.76fache Vergr\u00f6\u00dferung und das gro\u00dfe Blickfeld wird sie zur grundlegenden hochaufl\u00f6senden Funduskopielinse. Die Linse wurde speziell f\u00fcr gr\u00f6\u00dfere Entfernung zur Hornhaut (7mm) entwickelt und ist besser in der Anwendung als die vergleichbare Panfundus Linse. Mit einem Fassungsdurchmesser von 30,2 mm , eignet sich diese Linse sehr gut f\u00fcr die dynamische Funduskopie, da die Linse gut beweglich ist und somit ein Blickfeld von 116\u00b0 erm\u00f6glicht. Dar\u00fcber hinaus verbessert das optionale Volk Super Field Multi Adapter Set die M\u00f6glichkeiten der Super Field.<\/p>\n","protected":false},"excerpt":{"rendered":"<p>\u00c4rzte nennen sie auch gern die \u201eSuper 90\u201c. Volks Super Field wurde f\u00fcr die heutigen kritischen Anwender zum Standard bei der Fundusdiagnose mit der Spaltlampe. Durch ihre 0.76fache Vergr\u00f6\u00dferung und das gro\u00dfe Blickfeld wird sie zur grundlegenden hochaufl\u00f6senden Funduskopielinse. Die Linse wurde speziell f\u00fcr gr\u00f6\u00dfere Entfernung zur Hornhaut (7mm) entwickelt und ist besser in der [&hellip;]<\/p>\n","protected":false},"featured_media":1700,"comment_status":"open","ping_status":"closed","template":"","meta":{"_acf_changed":false,"inline_featured_image":false},"product_manufacturers":[701],"product_brand":[],"product_cat":[361,151],"product_tag":[],"class_list":{"0":"post-1699","1":"product","2":"type-product","3":"status-publish","4":"has-post-thumbnail","6":"product_cat-volk-lenses-loupes","7":"product_cat-volk-non-contact-lenses","8":"pa_european-authorized-represen-rudolf-riester-gmbh-bruckstrasse-31-72417-jungingen-germany","10":"first","11":"instock","12":"taxable","13":"shipping-taxable","14":"purchasable","15":"product-type-variable","16":"has-default-attributes"},"acf":[],"yoast_head":"<!-- This site is optimized with the Yoast SEO plugin v27.0 - https:\/\/yoast.com\/product\/yoast-seo-wordpress\/ -->\n<title>Volk SuperField NC - bon Optic - Partner auf Augenh\u00f6he<\/title>\n<meta name=\"robots\" content=\"index, follow, max-snippet:-1, max-image-preview:large, max-video-preview:-1\" \/>\n<link rel=\"canonical\" href=\"https:\/\/bon.de\/en\/product\/volk-superfield-nc-2\/\" \/>\n<meta property=\"og:locale\" content=\"en_US\" \/>\n<meta property=\"og:type\" content=\"article\" \/>\n<meta property=\"og:title\" content=\"Volk SuperField NC - bon Optic - Partner auf Augenh\u00f6he\" \/>\n<meta property=\"og:description\" content=\"\u00c4rzte nennen sie auch gern die \u201eSuper 90\u201c. Volks Super Field wurde f\u00fcr die heutigen kritischen Anwender zum Standard bei der Fundusdiagnose mit der Spaltlampe. Durch ihre 0.76fache Vergr\u00f6\u00dferung und das gro\u00dfe Blickfeld wird sie zur grundlegenden hochaufl\u00f6senden Funduskopielinse. Die Linse wurde speziell f\u00fcr gr\u00f6\u00dfere Entfernung zur Hornhaut (7mm) entwickelt und ist besser in der [&hellip;]\" \/>\n<meta property=\"og:url\" content=\"https:\/\/bon.de\/en\/product\/volk-superfield-nc-2\/\" \/>\n<meta property=\"og:site_name\" content=\"bon Optic - Partner auf Augenh\u00f6he\" \/>\n<meta property=\"article:modified_time\" content=\"2019-03-01T10:50:15+00:00\" \/>\n<meta property=\"og:image\" content=\"https:\/\/bon.de\/wp-content\/uploads\/2013\/11\/products-superfieldnc-1.jpg\" \/>\n\t<meta property=\"og:image:width\" content=\"350\" \/>\n\t<meta property=\"og:image:height\" content=\"350\" \/>\n\t<meta property=\"og:image:type\" content=\"image\/jpeg\" \/>\n<meta name=\"twitter:card\" content=\"summary_large_image\" \/>\n<meta name=\"twitter:label1\" content=\"Est. reading time\" \/>\n\t<meta name=\"twitter:data1\" content=\"1 minute\" \/>\n<script type=\"application\/ld+json\" class=\"yoast-schema-graph\">{\"@context\":\"https:\/\/schema.org\",\"@graph\":[{\"@type\":\"WebPage\",\"@id\":\"https:\/\/bon.de\/en\/product\/volk-superfield-nc-2\/\",\"url\":\"https:\/\/bon.de\/en\/product\/volk-superfield-nc-2\/\",\"name\":\"Volk SuperField NC - bon Optic - Partner auf Augenh\u00f6he\",\"isPartOf\":{\"@id\":\"https:\/\/bon.de\/#website\"},\"primaryImageOfPage\":{\"@id\":\"https:\/\/bon.de\/en\/product\/volk-superfield-nc-2\/#primaryimage\"},\"image\":{\"@id\":\"https:\/\/bon.de\/en\/product\/volk-superfield-nc-2\/#primaryimage\"},\"thumbnailUrl\":\"https:\/\/bon.de\/wp-content\/uploads\/2013\/11\/products-superfieldnc-1.jpg\",\"datePublished\":\"2013-11-12T11:51:34+00:00\",\"dateModified\":\"2019-03-01T10:50:15+00:00\",\"breadcrumb\":{\"@id\":\"https:\/\/bon.de\/en\/product\/volk-superfield-nc-2\/#breadcrumb\"},\"inLanguage\":\"en-US\",\"potentialAction\":[{\"@type\":\"ReadAction\",\"target\":[\"https:\/\/bon.de\/en\/product\/volk-superfield-nc-2\/\"]}]},{\"@type\":\"ImageObject\",\"inLanguage\":\"en-US\",\"@id\":\"https:\/\/bon.de\/en\/product\/volk-superfield-nc-2\/#primaryimage\",\"url\":\"https:\/\/bon.de\/wp-content\/uploads\/2013\/11\/products-superfieldnc-1.jpg\",\"contentUrl\":\"https:\/\/bon.de\/wp-content\/uploads\/2013\/11\/products-superfieldnc-1.jpg\",\"width\":350,\"height\":350},{\"@type\":\"BreadcrumbList\",\"@id\":\"https:\/\/bon.de\/en\/product\/volk-superfield-nc-2\/#breadcrumb\",\"itemListElement\":[{\"@type\":\"ListItem\",\"position\":1,\"name\":\"Home\",\"item\":\"https:\/\/bon.de\/en\/\"},{\"@type\":\"ListItem\",\"position\":2,\"name\":\"Shop\",\"item\":\"https:\/\/bon.de\/en\/shop-2-2\/\"},{\"@type\":\"ListItem\",\"position\":3,\"name\":\"Volk SuperField NC\"}]},{\"@type\":\"WebSite\",\"@id\":\"https:\/\/bon.de\/#website\",\"url\":\"https:\/\/bon.de\/\",\"name\":\"bon Optic - Partner auf Augenh\u00f6he\",\"description\":\"\",\"publisher\":{\"@id\":\"https:\/\/bon.de\/#organization\"},\"potentialAction\":[{\"@type\":\"SearchAction\",\"target\":{\"@type\":\"EntryPoint\",\"urlTemplate\":\"https:\/\/bon.de\/?s={search_term_string}\"},\"query-input\":{\"@type\":\"PropertyValueSpecification\",\"valueRequired\":true,\"valueName\":\"search_term_string\"}}],\"inLanguage\":\"en-US\"},{\"@type\":\"Organization\",\"@id\":\"https:\/\/bon.de\/#organization\",\"name\":\"bon Optic Vertriebsgesellschaft mbH\",\"url\":\"https:\/\/bon.de\/\",\"logo\":{\"@type\":\"ImageObject\",\"inLanguage\":\"en-US\",\"@id\":\"https:\/\/bon.de\/#\/schema\/logo\/image\/\",\"url\":\"https:\/\/bon.de\/wp-content\/uploads\/2021\/06\/bon-Logo_512x512px.png\",\"contentUrl\":\"https:\/\/bon.de\/wp-content\/uploads\/2021\/06\/bon-Logo_512x512px.png\",\"width\":512,\"height\":512,\"caption\":\"bon Optic Vertriebsgesellschaft mbH\"},\"image\":{\"@id\":\"https:\/\/bon.de\/#\/schema\/logo\/image\/\"},\"sameAs\":[\"https:\/\/www.linkedin.com\/company\/bon-optic-vertriebsgesellschaft-mbh\/\",\"https:\/\/www.youtube.com\/channel\/UCSURhENDItKaH88bvn8LlcA\"]}]}<\/script>\n<!-- \/ Yoast SEO plugin. -->","yoast_head_json":{"title":"Volk SuperField NC - bon Optic - Partner auf Augenh\u00f6he","robots":{"index":"index","follow":"follow","max-snippet":"max-snippet:-1","max-image-preview":"max-image-preview:large","max-video-preview":"max-video-preview:-1"},"canonical":"https:\/\/bon.de\/en\/product\/volk-superfield-nc-2\/","og_locale":"en_US","og_type":"article","og_title":"Volk SuperField NC - bon Optic - Partner auf Augenh\u00f6he","og_description":"\u00c4rzte nennen sie auch gern die \u201eSuper 90\u201c. Volks Super Field wurde f\u00fcr die heutigen kritischen Anwender zum Standard bei der Fundusdiagnose mit der Spaltlampe. Durch ihre 0.76fache Vergr\u00f6\u00dferung und das gro\u00dfe Blickfeld wird sie zur grundlegenden hochaufl\u00f6senden Funduskopielinse. Die Linse wurde speziell f\u00fcr gr\u00f6\u00dfere Entfernung zur Hornhaut (7mm) entwickelt und ist besser in der [&hellip;]","og_url":"https:\/\/bon.de\/en\/product\/volk-superfield-nc-2\/","og_site_name":"bon Optic - Partner auf Augenh\u00f6he","article_modified_time":"2019-03-01T10:50:15+00:00","og_image":[{"width":350,"height":350,"url":"https:\/\/bon.de\/wp-content\/uploads\/2013\/11\/products-superfieldnc-1.jpg","type":"image\/jpeg"}],"twitter_card":"summary_large_image","twitter_misc":{"Est. reading time":"1 minute"},"schema":{"@context":"https:\/\/schema.org","@graph":[{"@type":"WebPage","@id":"https:\/\/bon.de\/en\/product\/volk-superfield-nc-2\/","url":"https:\/\/bon.de\/en\/product\/volk-superfield-nc-2\/","name":"Volk SuperField NC - bon Optic - Partner auf Augenh\u00f6he","isPartOf":{"@id":"https:\/\/bon.de\/#website"},"primaryImageOfPage":{"@id":"https:\/\/bon.de\/en\/product\/volk-superfield-nc-2\/#primaryimage"},"image":{"@id":"https:\/\/bon.de\/en\/product\/volk-superfield-nc-2\/#primaryimage"},"thumbnailUrl":"https:\/\/bon.de\/wp-content\/uploads\/2013\/11\/products-superfieldnc-1.jpg","datePublished":"2013-11-12T11:51:34+00:00","dateModified":"2019-03-01T10:50:15+00:00","breadcrumb":{"@id":"https:\/\/bon.de\/en\/product\/volk-superfield-nc-2\/#breadcrumb"},"inLanguage":"en-US","potentialAction":[{"@type":"ReadAction","target":["https:\/\/bon.de\/en\/product\/volk-superfield-nc-2\/"]}]},{"@type":"ImageObject","inLanguage":"en-US","@id":"https:\/\/bon.de\/en\/product\/volk-superfield-nc-2\/#primaryimage","url":"https:\/\/bon.de\/wp-content\/uploads\/2013\/11\/products-superfieldnc-1.jpg","contentUrl":"https:\/\/bon.de\/wp-content\/uploads\/2013\/11\/products-superfieldnc-1.jpg","width":350,"height":350},{"@type":"BreadcrumbList","@id":"https:\/\/bon.de\/en\/product\/volk-superfield-nc-2\/#breadcrumb","itemListElement":[{"@type":"ListItem","position":1,"name":"Home","item":"https:\/\/bon.de\/en\/"},{"@type":"ListItem","position":2,"name":"Shop","item":"https:\/\/bon.de\/en\/shop-2-2\/"},{"@type":"ListItem","position":3,"name":"Volk SuperField NC"}]},{"@type":"WebSite","@id":"https:\/\/bon.de\/#website","url":"https:\/\/bon.de\/","name":"bon Optic - Partner auf Augenh\u00f6he","description":"","publisher":{"@id":"https:\/\/bon.de\/#organization"},"potentialAction":[{"@type":"SearchAction","target":{"@type":"EntryPoint","urlTemplate":"https:\/\/bon.de\/?s={search_term_string}"},"query-input":{"@type":"PropertyValueSpecification","valueRequired":true,"valueName":"search_term_string"}}],"inLanguage":"en-US"},{"@type":"Organization","@id":"https:\/\/bon.de\/#organization","name":"bon Optic Vertriebsgesellschaft mbH","url":"https:\/\/bon.de\/","logo":{"@type":"ImageObject","inLanguage":"en-US","@id":"https:\/\/bon.de\/#\/schema\/logo\/image\/","url":"https:\/\/bon.de\/wp-content\/uploads\/2021\/06\/bon-Logo_512x512px.png","contentUrl":"https:\/\/bon.de\/wp-content\/uploads\/2021\/06\/bon-Logo_512x512px.png","width":512,"height":512,"caption":"bon Optic Vertriebsgesellschaft mbH"},"image":{"@id":"https:\/\/bon.de\/#\/schema\/logo\/image\/"},"sameAs":["https:\/\/www.linkedin.com\/company\/bon-optic-vertriebsgesellschaft-mbh\/","https:\/\/www.youtube.com\/channel\/UCSURhENDItKaH88bvn8LlcA"]}]}},"_links":{"self":[{"href":"https:\/\/bon.de\/en\/wp-json\/wp\/v2\/product\/1699","targetHints":{"allow":["GET"]}}],"collection":[{"href":"https:\/\/bon.de\/en\/wp-json\/wp\/v2\/product"}],"about":[{"href":"https:\/\/bon.de\/en\/wp-json\/wp\/v2\/types\/product"}],"replies":[{"embeddable":true,"href":"https:\/\/bon.de\/en\/wp-json\/wp\/v2\/comments?post=1699"}],"wp:featuredmedia":[{"embeddable":true,"href":"https:\/\/bon.de\/en\/wp-json\/wp\/v2\/media\/1700"}],"wp:attachment":[{"href":"https:\/\/bon.de\/en\/wp-json\/wp\/v2\/media?parent=1699"}],"wp:term":[{"taxonomy":"product_manufacturers","embeddable":true,"href":"https:\/\/bon.de\/en\/wp-json\/wp\/v2\/product_manufacturers?post=1699"},{"taxonomy":"product_brand","embeddable":true,"href":"https:\/\/bon.de\/en\/wp-json\/wp\/v2\/product_brand?post=1699"},{"taxonomy":"product_cat","embeddable":true,"href":"https:\/\/bon.de\/en\/wp-json\/wp\/v2\/product_cat?post=1699"},{"taxonomy":"product_tag","embeddable":true,"href":"https:\/\/bon.de\/en\/wp-json\/wp\/v2\/product_tag?post=1699"}],"curies":[{"name":"wp","href":"https:\/\/api.w.org\/{rel}","templated":true}]}}