{"id":1707,"date":"2013-11-12T11:51:41","date_gmt":"2013-11-12T11:51:41","guid":{"rendered":"https:\/\/bon.de\/?post_type=product&#038;p=1707"},"modified":"2025-07-08T00:00:05","modified_gmt":"2025-07-07T23:00:05","slug":"volk-superpupil-xl-2","status":"publish","type":"product","link":"https:\/\/bon.de\/en\/product\/volk-superpupil-xl-2\/","title":{"rendered":"Volk SuperPupil XL"},"content":{"rendered":"<p>Die SuperPupil XL liefert das gr\u00f6\u00dften Blickfeld von allen kontaktfreien Fundus Linsen \u2013 mehr als 100\u00b0 mit einem Blick. Die XL Weitwinkel- und hochaufl\u00f6sende Optik erm\u00f6glicht eine genaue Betrachtung des hinteren Augenpoles genauso wie periphere Ver\u00e4nderungen und Netzhautabl\u00f6sungen. Ihr optimiertes optisches Design liefert ein 25 mm Durchmesser gro\u00dfes Blickfeld bei undilatierter (nicht weitgetropfter) Pupille \u2013 eine echte Weitwinkel-Linse!<\/p>\n","protected":false},"excerpt":{"rendered":"<p>Die SuperPupil XL liefert das gr\u00f6\u00dften Blickfeld von allen kontaktfreien Fundus Linsen \u2013 mehr als 100\u00b0 mit einem Blick. Die XL Weitwinkel- und hochaufl\u00f6sende Optik erm\u00f6glicht eine genaue Betrachtung des hinteren Augenpoles genauso wie periphere Ver\u00e4nderungen und Netzhautabl\u00f6sungen. Ihr optimiertes optisches Design liefert ein 25 mm Durchmesser gro\u00dfes Blickfeld bei undilatierter (nicht weitgetropfter) Pupille \u2013 [&hellip;]<\/p>\n","protected":false},"featured_media":10764,"comment_status":"open","ping_status":"closed","template":"","meta":{"_acf_changed":false,"inline_featured_image":false},"product_manufacturers":[472],"product_brand":[],"product_cat":[361,151,185],"product_tag":[],"class_list":{"0":"post-1707","1":"product","2":"type-product","3":"status-publish","4":"has-post-thumbnail","6":"product_cat-volk-lenses-loupes","7":"product_cat-volk-non-contact-lenses","8":"product_cat-bon-shop-2","9":"pa_european-authorized-represen-rudolf-riester-gmbh-bruckstrasse-31-72417-jungingen-germany","11":"first","12":"instock","13":"taxable","14":"shipping-taxable","15":"purchasable","16":"product-type-simple"},"acf":[],"yoast_head":"<!-- This site is optimized with the Yoast SEO plugin v27.0 - https:\/\/yoast.com\/product\/yoast-seo-wordpress\/ -->\n<title>Volk SuperPupil XL - bon Optic - Partner auf Augenh\u00f6he<\/title>\n<meta name=\"robots\" content=\"index, follow, max-snippet:-1, max-image-preview:large, max-video-preview:-1\" \/>\n<link rel=\"canonical\" href=\"https:\/\/bon.de\/en\/product\/volk-superpupil-xl-2\/\" \/>\n<meta property=\"og:locale\" content=\"en_US\" \/>\n<meta property=\"og:type\" content=\"article\" \/>\n<meta property=\"og:title\" content=\"Volk SuperPupil XL - bon Optic - Partner auf Augenh\u00f6he\" \/>\n<meta property=\"og:description\" content=\"Die SuperPupil XL liefert das gr\u00f6\u00dften Blickfeld von allen kontaktfreien Fundus Linsen \u2013 mehr als 100\u00b0 mit einem Blick. Die XL Weitwinkel- und hochaufl\u00f6sende Optik erm\u00f6glicht eine genaue Betrachtung des hinteren Augenpoles genauso wie periphere Ver\u00e4nderungen und Netzhautabl\u00f6sungen. Ihr optimiertes optisches Design liefert ein 25 mm Durchmesser gro\u00dfes Blickfeld bei undilatierter (nicht weitgetropfter) Pupille \u2013 [&hellip;]\" \/>\n<meta property=\"og:url\" content=\"https:\/\/bon.de\/en\/product\/volk-superpupil-xl-2\/\" \/>\n<meta property=\"og:site_name\" content=\"bon Optic - Partner auf Augenh\u00f6he\" \/>\n<meta property=\"article:modified_time\" content=\"2025-07-07T23:00:05+00:00\" \/>\n<meta property=\"og:image\" content=\"https:\/\/bon.de\/wp-content\/uploads\/2025\/05\/volksuperpupilx_1.jpg\" \/>\n\t<meta property=\"og:image:width\" content=\"550\" \/>\n\t<meta property=\"og:image:height\" content=\"550\" \/>\n\t<meta property=\"og:image:type\" content=\"image\/jpeg\" \/>\n<meta name=\"twitter:card\" content=\"summary_large_image\" \/>\n<script type=\"application\/ld+json\" class=\"yoast-schema-graph\">{\"@context\":\"https:\/\/schema.org\",\"@graph\":[{\"@type\":\"WebPage\",\"@id\":\"https:\/\/bon.de\/en\/product\/volk-superpupil-xl-2\/\",\"url\":\"https:\/\/bon.de\/en\/product\/volk-superpupil-xl-2\/\",\"name\":\"Volk SuperPupil XL - bon Optic - Partner auf Augenh\u00f6he\",\"isPartOf\":{\"@id\":\"https:\/\/bon.de\/#website\"},\"primaryImageOfPage\":{\"@id\":\"https:\/\/bon.de\/en\/product\/volk-superpupil-xl-2\/#primaryimage\"},\"image\":{\"@id\":\"https:\/\/bon.de\/en\/product\/volk-superpupil-xl-2\/#primaryimage\"},\"thumbnailUrl\":\"https:\/\/bon.de\/wp-content\/uploads\/2025\/05\/volksuperpupilx_1.jpg\",\"datePublished\":\"2013-11-12T11:51:41+00:00\",\"dateModified\":\"2025-07-07T23:00:05+00:00\",\"breadcrumb\":{\"@id\":\"https:\/\/bon.de\/en\/product\/volk-superpupil-xl-2\/#breadcrumb\"},\"inLanguage\":\"en-US\",\"potentialAction\":[{\"@type\":\"ReadAction\",\"target\":[\"https:\/\/bon.de\/en\/product\/volk-superpupil-xl-2\/\"]}]},{\"@type\":\"ImageObject\",\"inLanguage\":\"en-US\",\"@id\":\"https:\/\/bon.de\/en\/product\/volk-superpupil-xl-2\/#primaryimage\",\"url\":\"https:\/\/bon.de\/wp-content\/uploads\/2025\/05\/volksuperpupilx_1.jpg\",\"contentUrl\":\"https:\/\/bon.de\/wp-content\/uploads\/2025\/05\/volksuperpupilx_1.jpg\",\"width\":550,\"height\":550},{\"@type\":\"BreadcrumbList\",\"@id\":\"https:\/\/bon.de\/en\/product\/volk-superpupil-xl-2\/#breadcrumb\",\"itemListElement\":[{\"@type\":\"ListItem\",\"position\":1,\"name\":\"Home\",\"item\":\"https:\/\/bon.de\/en\/\"},{\"@type\":\"ListItem\",\"position\":2,\"name\":\"Shop\",\"item\":\"https:\/\/bon.de\/en\/shop-2-2\/\"},{\"@type\":\"ListItem\",\"position\":3,\"name\":\"Volk SuperPupil XL\"}]},{\"@type\":\"WebSite\",\"@id\":\"https:\/\/bon.de\/#website\",\"url\":\"https:\/\/bon.de\/\",\"name\":\"bon Optic - Partner auf Augenh\u00f6he\",\"description\":\"\",\"publisher\":{\"@id\":\"https:\/\/bon.de\/#organization\"},\"potentialAction\":[{\"@type\":\"SearchAction\",\"target\":{\"@type\":\"EntryPoint\",\"urlTemplate\":\"https:\/\/bon.de\/?s={search_term_string}\"},\"query-input\":{\"@type\":\"PropertyValueSpecification\",\"valueRequired\":true,\"valueName\":\"search_term_string\"}}],\"inLanguage\":\"en-US\"},{\"@type\":\"Organization\",\"@id\":\"https:\/\/bon.de\/#organization\",\"name\":\"bon Optic Vertriebsgesellschaft mbH\",\"url\":\"https:\/\/bon.de\/\",\"logo\":{\"@type\":\"ImageObject\",\"inLanguage\":\"en-US\",\"@id\":\"https:\/\/bon.de\/#\/schema\/logo\/image\/\",\"url\":\"https:\/\/bon.de\/wp-content\/uploads\/2021\/06\/bon-Logo_512x512px.png\",\"contentUrl\":\"https:\/\/bon.de\/wp-content\/uploads\/2021\/06\/bon-Logo_512x512px.png\",\"width\":512,\"height\":512,\"caption\":\"bon Optic Vertriebsgesellschaft mbH\"},\"image\":{\"@id\":\"https:\/\/bon.de\/#\/schema\/logo\/image\/\"},\"sameAs\":[\"https:\/\/www.linkedin.com\/company\/bon-optic-vertriebsgesellschaft-mbh\/\",\"https:\/\/www.youtube.com\/channel\/UCSURhENDItKaH88bvn8LlcA\"]}]}<\/script>\n<!-- \/ Yoast SEO plugin. -->","yoast_head_json":{"title":"Volk SuperPupil XL - bon Optic - Partner auf Augenh\u00f6he","robots":{"index":"index","follow":"follow","max-snippet":"max-snippet:-1","max-image-preview":"max-image-preview:large","max-video-preview":"max-video-preview:-1"},"canonical":"https:\/\/bon.de\/en\/product\/volk-superpupil-xl-2\/","og_locale":"en_US","og_type":"article","og_title":"Volk SuperPupil XL - bon Optic - Partner auf Augenh\u00f6he","og_description":"Die SuperPupil XL liefert das gr\u00f6\u00dften Blickfeld von allen kontaktfreien Fundus Linsen \u2013 mehr als 100\u00b0 mit einem Blick. Die XL Weitwinkel- und hochaufl\u00f6sende Optik erm\u00f6glicht eine genaue Betrachtung des hinteren Augenpoles genauso wie periphere Ver\u00e4nderungen und Netzhautabl\u00f6sungen. Ihr optimiertes optisches Design liefert ein 25 mm Durchmesser gro\u00dfes Blickfeld bei undilatierter (nicht weitgetropfter) Pupille \u2013 [&hellip;]","og_url":"https:\/\/bon.de\/en\/product\/volk-superpupil-xl-2\/","og_site_name":"bon Optic - Partner auf Augenh\u00f6he","article_modified_time":"2025-07-07T23:00:05+00:00","og_image":[{"width":550,"height":550,"url":"https:\/\/bon.de\/wp-content\/uploads\/2025\/05\/volksuperpupilx_1.jpg","type":"image\/jpeg"}],"twitter_card":"summary_large_image","schema":{"@context":"https:\/\/schema.org","@graph":[{"@type":"WebPage","@id":"https:\/\/bon.de\/en\/product\/volk-superpupil-xl-2\/","url":"https:\/\/bon.de\/en\/product\/volk-superpupil-xl-2\/","name":"Volk SuperPupil XL - bon Optic - Partner auf Augenh\u00f6he","isPartOf":{"@id":"https:\/\/bon.de\/#website"},"primaryImageOfPage":{"@id":"https:\/\/bon.de\/en\/product\/volk-superpupil-xl-2\/#primaryimage"},"image":{"@id":"https:\/\/bon.de\/en\/product\/volk-superpupil-xl-2\/#primaryimage"},"thumbnailUrl":"https:\/\/bon.de\/wp-content\/uploads\/2025\/05\/volksuperpupilx_1.jpg","datePublished":"2013-11-12T11:51:41+00:00","dateModified":"2025-07-07T23:00:05+00:00","breadcrumb":{"@id":"https:\/\/bon.de\/en\/product\/volk-superpupil-xl-2\/#breadcrumb"},"inLanguage":"en-US","potentialAction":[{"@type":"ReadAction","target":["https:\/\/bon.de\/en\/product\/volk-superpupil-xl-2\/"]}]},{"@type":"ImageObject","inLanguage":"en-US","@id":"https:\/\/bon.de\/en\/product\/volk-superpupil-xl-2\/#primaryimage","url":"https:\/\/bon.de\/wp-content\/uploads\/2025\/05\/volksuperpupilx_1.jpg","contentUrl":"https:\/\/bon.de\/wp-content\/uploads\/2025\/05\/volksuperpupilx_1.jpg","width":550,"height":550},{"@type":"BreadcrumbList","@id":"https:\/\/bon.de\/en\/product\/volk-superpupil-xl-2\/#breadcrumb","itemListElement":[{"@type":"ListItem","position":1,"name":"Home","item":"https:\/\/bon.de\/en\/"},{"@type":"ListItem","position":2,"name":"Shop","item":"https:\/\/bon.de\/en\/shop-2-2\/"},{"@type":"ListItem","position":3,"name":"Volk SuperPupil XL"}]},{"@type":"WebSite","@id":"https:\/\/bon.de\/#website","url":"https:\/\/bon.de\/","name":"bon Optic - Partner auf Augenh\u00f6he","description":"","publisher":{"@id":"https:\/\/bon.de\/#organization"},"potentialAction":[{"@type":"SearchAction","target":{"@type":"EntryPoint","urlTemplate":"https:\/\/bon.de\/?s={search_term_string}"},"query-input":{"@type":"PropertyValueSpecification","valueRequired":true,"valueName":"search_term_string"}}],"inLanguage":"en-US"},{"@type":"Organization","@id":"https:\/\/bon.de\/#organization","name":"bon Optic Vertriebsgesellschaft mbH","url":"https:\/\/bon.de\/","logo":{"@type":"ImageObject","inLanguage":"en-US","@id":"https:\/\/bon.de\/#\/schema\/logo\/image\/","url":"https:\/\/bon.de\/wp-content\/uploads\/2021\/06\/bon-Logo_512x512px.png","contentUrl":"https:\/\/bon.de\/wp-content\/uploads\/2021\/06\/bon-Logo_512x512px.png","width":512,"height":512,"caption":"bon Optic Vertriebsgesellschaft mbH"},"image":{"@id":"https:\/\/bon.de\/#\/schema\/logo\/image\/"},"sameAs":["https:\/\/www.linkedin.com\/company\/bon-optic-vertriebsgesellschaft-mbh\/","https:\/\/www.youtube.com\/channel\/UCSURhENDItKaH88bvn8LlcA"]}]}},"_links":{"self":[{"href":"https:\/\/bon.de\/en\/wp-json\/wp\/v2\/product\/1707","targetHints":{"allow":["GET"]}}],"collection":[{"href":"https:\/\/bon.de\/en\/wp-json\/wp\/v2\/product"}],"about":[{"href":"https:\/\/bon.de\/en\/wp-json\/wp\/v2\/types\/product"}],"replies":[{"embeddable":true,"href":"https:\/\/bon.de\/en\/wp-json\/wp\/v2\/comments?post=1707"}],"wp:featuredmedia":[{"embeddable":true,"href":"https:\/\/bon.de\/en\/wp-json\/wp\/v2\/media\/10764"}],"wp:attachment":[{"href":"https:\/\/bon.de\/en\/wp-json\/wp\/v2\/media?parent=1707"}],"wp:term":[{"taxonomy":"product_manufacturers","embeddable":true,"href":"https:\/\/bon.de\/en\/wp-json\/wp\/v2\/product_manufacturers?post=1707"},{"taxonomy":"product_brand","embeddable":true,"href":"https:\/\/bon.de\/en\/wp-json\/wp\/v2\/product_brand?post=1707"},{"taxonomy":"product_cat","embeddable":true,"href":"https:\/\/bon.de\/en\/wp-json\/wp\/v2\/product_cat?post=1707"},{"taxonomy":"product_tag","embeddable":true,"href":"https:\/\/bon.de\/en\/wp-json\/wp\/v2\/product_tag?post=1707"}],"curies":[{"name":"wp","href":"https:\/\/api.w.org\/{rel}","templated":true}]}}