{"id":2147,"date":"2013-11-12T11:57:11","date_gmt":"2013-11-12T11:57:11","guid":{"rendered":"https:\/\/bon.de\/?post_type=product&#038;p=2147"},"modified":"2021-01-11T12:32:45","modified_gmt":"2021-01-11T12:32:45","slug":"heine-indirektes-hand-ophthalmoskop-monokular-2","status":"publish","type":"product","link":"https:\/\/bon.de\/en\/product\/heine-indirektes-hand-ophthalmoskop-monokular-2\/","title":{"rendered":"Heine indirektes Hand-Ophthalmoskop monokular"},"content":{"rendered":"<p>Ein kompaktes indirektes Hand-Ophthalmoskop, das sich vor allem in monokularer Ausf\u00fchrung f\u00fcr die Visite und unterwegs bew\u00e4hrt.<\/p>\n<p>&#8211; Solide Metall-Ausf\u00fchrung. Lange Lebensdauer.<\/p>\n<p>&#8211; Integriertes Interferenz-Rotfrei-Filter. Kontrasterh\u00f6hendes Rotfreilicht.<\/p>\n<p>&#8211; Optische Bauteile aus verg\u00fctetem optischen Glas. Qualitativ hochwertiges Bild,<\/p>\n<p>hohe Beleuchtungsst\u00e4rke.<\/p>\n<p>&#8211; Beleuchtungsstrahlengang einstellbar. Auch bei engen Pupillen einsetzbar.<\/p>\n<p>&#8211; Einhandbedienung. S\u00e4mtliche Bedienelemente sind bequem mit dem Daumen zu<\/p>\n<p>erreichen.<\/p>\n<p>&#8211; +3D Lupenaufsatz. Akkomodationshilfe f\u00fcr presbyope Untersucher, Vergr\u00f6\u00dferung<\/p>\n<p>des Fundusbildes.<\/p>\n<p>&#8211; Aufsteckbarer Binokular-Aufsatz. Instrument ausbauf\u00e4hig.<\/p>\n<p>&#8211; Idealer Ersatz f\u00fcr das alte, nicht mehr lieferbare &quot;Bonoskop&quot;<\/p>\n<p>Lieferbar f\u00fcr 3,5 V Ladegriff oder Kabelgriff (6 V Anschluss), f\u00fcr Tischtransformator EN20-1 oder die Accubox II 6V\/10W. Als 6 V Ausf\u00fchrung besonders zum Einbau in ophthalmologische Untersuchungspl\u00e4tze geeignet.<\/p>\n","protected":false},"excerpt":{"rendered":"<p>Ein kompaktes indirektes Hand-Ophthalmoskop, das sich vor allem in monokularer Ausf\u00fchrung f\u00fcr die Visite und unterwegs bew\u00e4hrt. &#8211; Solide Metall-Ausf\u00fchrung. Lange Lebensdauer. &#8211; Integriertes Interferenz-Rotfrei-Filter. Kontrasterh\u00f6hendes Rotfreilicht. &#8211; Optische Bauteile aus verg\u00fctetem optischen Glas. Qualitativ hochwertiges Bild, hohe Beleuchtungsst\u00e4rke. &#8211; Beleuchtungsstrahlengang einstellbar. Auch bei engen Pupillen einsetzbar. &#8211; Einhandbedienung. S\u00e4mtliche Bedienelemente sind bequem mit dem [&hellip;]<\/p>\n","protected":false},"featured_media":2148,"comment_status":"open","ping_status":"closed","template":"","meta":{"_acf_changed":false,"inline_featured_image":false},"product_manufacturers":[467],"product_brand":[],"product_cat":[321,185,149],"product_tag":[],"class_list":{"0":"post-2147","1":"product","2":"type-product","3":"status-publish","4":"has-post-thumbnail","6":"product_cat-ophthalmoscopes-3","7":"product_cat-bon-shop-2","8":"product_cat-handhelds","10":"first","11":"instock","12":"taxable","13":"shipping-taxable","14":"purchasable","15":"product-type-simple"},"acf":[],"yoast_head":"<!-- This site is optimized with the Yoast SEO plugin v27.0 - https:\/\/yoast.com\/product\/yoast-seo-wordpress\/ -->\n<title>Heine indirektes Hand-Ophthalmoskop monokular - bon Optic - Partner auf Augenh\u00f6he<\/title>\n<meta name=\"robots\" content=\"index, follow, max-snippet:-1, max-image-preview:large, max-video-preview:-1\" \/>\n<link rel=\"canonical\" href=\"https:\/\/bon.de\/en\/product\/heine-indirektes-hand-ophthalmoskop-monokular-2\/\" \/>\n<meta property=\"og:locale\" content=\"en_US\" \/>\n<meta property=\"og:type\" content=\"article\" \/>\n<meta property=\"og:title\" content=\"Heine indirektes Hand-Ophthalmoskop monokular - bon Optic - Partner auf Augenh\u00f6he\" \/>\n<meta property=\"og:description\" content=\"Ein kompaktes indirektes Hand-Ophthalmoskop, das sich vor allem in monokularer Ausf\u00fchrung f\u00fcr die Visite und unterwegs bew\u00e4hrt. &#8211; Solide Metall-Ausf\u00fchrung. Lange Lebensdauer. &#8211; Integriertes Interferenz-Rotfrei-Filter. Kontrasterh\u00f6hendes Rotfreilicht. &#8211; Optische Bauteile aus verg\u00fctetem optischen Glas. Qualitativ hochwertiges Bild, hohe Beleuchtungsst\u00e4rke. &#8211; Beleuchtungsstrahlengang einstellbar. Auch bei engen Pupillen einsetzbar. &#8211; Einhandbedienung. S\u00e4mtliche Bedienelemente sind bequem mit dem [&hellip;]\" \/>\n<meta property=\"og:url\" content=\"https:\/\/bon.de\/en\/product\/heine-indirektes-hand-ophthalmoskop-monokular-2\/\" \/>\n<meta property=\"og:site_name\" content=\"bon Optic - Partner auf Augenh\u00f6he\" \/>\n<meta property=\"article:modified_time\" content=\"2021-01-11T12:32:45+00:00\" \/>\n<meta property=\"og:image\" content=\"https:\/\/bon.de\/wp-content\/uploads\/2013\/11\/products-heineindmono-1.gif\" \/>\n\t<meta property=\"og:image:width\" content=\"240\" \/>\n\t<meta property=\"og:image:height\" content=\"240\" \/>\n\t<meta property=\"og:image:type\" content=\"image\/jpeg\" \/>\n<meta name=\"twitter:card\" content=\"summary_large_image\" \/>\n<meta name=\"twitter:label1\" content=\"Est. reading time\" \/>\n\t<meta name=\"twitter:data1\" content=\"1 minute\" \/>\n<script type=\"application\/ld+json\" class=\"yoast-schema-graph\">{\"@context\":\"https:\/\/schema.org\",\"@graph\":[{\"@type\":\"WebPage\",\"@id\":\"https:\/\/bon.de\/en\/product\/heine-indirektes-hand-ophthalmoskop-monokular-2\/\",\"url\":\"https:\/\/bon.de\/en\/product\/heine-indirektes-hand-ophthalmoskop-monokular-2\/\",\"name\":\"Heine indirektes Hand-Ophthalmoskop monokular - bon Optic - Partner auf Augenh\u00f6he\",\"isPartOf\":{\"@id\":\"https:\/\/bon.de\/#website\"},\"primaryImageOfPage\":{\"@id\":\"https:\/\/bon.de\/en\/product\/heine-indirektes-hand-ophthalmoskop-monokular-2\/#primaryimage\"},\"image\":{\"@id\":\"https:\/\/bon.de\/en\/product\/heine-indirektes-hand-ophthalmoskop-monokular-2\/#primaryimage\"},\"thumbnailUrl\":\"https:\/\/bon.de\/wp-content\/uploads\/2013\/11\/products-heineindmono-1.gif\",\"datePublished\":\"2013-11-12T11:57:11+00:00\",\"dateModified\":\"2021-01-11T12:32:45+00:00\",\"breadcrumb\":{\"@id\":\"https:\/\/bon.de\/en\/product\/heine-indirektes-hand-ophthalmoskop-monokular-2\/#breadcrumb\"},\"inLanguage\":\"en-US\",\"potentialAction\":[{\"@type\":\"ReadAction\",\"target\":[\"https:\/\/bon.de\/en\/product\/heine-indirektes-hand-ophthalmoskop-monokular-2\/\"]}]},{\"@type\":\"ImageObject\",\"inLanguage\":\"en-US\",\"@id\":\"https:\/\/bon.de\/en\/product\/heine-indirektes-hand-ophthalmoskop-monokular-2\/#primaryimage\",\"url\":\"https:\/\/bon.de\/wp-content\/uploads\/2013\/11\/products-heineindmono-1.gif\",\"contentUrl\":\"https:\/\/bon.de\/wp-content\/uploads\/2013\/11\/products-heineindmono-1.gif\",\"width\":240,\"height\":240},{\"@type\":\"BreadcrumbList\",\"@id\":\"https:\/\/bon.de\/en\/product\/heine-indirektes-hand-ophthalmoskop-monokular-2\/#breadcrumb\",\"itemListElement\":[{\"@type\":\"ListItem\",\"position\":1,\"name\":\"Home\",\"item\":\"https:\/\/bon.de\/en\/\"},{\"@type\":\"ListItem\",\"position\":2,\"name\":\"Shop\",\"item\":\"https:\/\/bon.de\/en\/shop-2-2\/\"},{\"@type\":\"ListItem\",\"position\":3,\"name\":\"Heine indirektes Hand-Ophthalmoskop monokular\"}]},{\"@type\":\"WebSite\",\"@id\":\"https:\/\/bon.de\/#website\",\"url\":\"https:\/\/bon.de\/\",\"name\":\"bon Optic - Partner auf Augenh\u00f6he\",\"description\":\"\",\"publisher\":{\"@id\":\"https:\/\/bon.de\/#organization\"},\"potentialAction\":[{\"@type\":\"SearchAction\",\"target\":{\"@type\":\"EntryPoint\",\"urlTemplate\":\"https:\/\/bon.de\/?s={search_term_string}\"},\"query-input\":{\"@type\":\"PropertyValueSpecification\",\"valueRequired\":true,\"valueName\":\"search_term_string\"}}],\"inLanguage\":\"en-US\"},{\"@type\":\"Organization\",\"@id\":\"https:\/\/bon.de\/#organization\",\"name\":\"bon Optic Vertriebsgesellschaft mbH\",\"url\":\"https:\/\/bon.de\/\",\"logo\":{\"@type\":\"ImageObject\",\"inLanguage\":\"en-US\",\"@id\":\"https:\/\/bon.de\/#\/schema\/logo\/image\/\",\"url\":\"https:\/\/bon.de\/wp-content\/uploads\/2021\/06\/bon-Logo_512x512px.png\",\"contentUrl\":\"https:\/\/bon.de\/wp-content\/uploads\/2021\/06\/bon-Logo_512x512px.png\",\"width\":512,\"height\":512,\"caption\":\"bon Optic Vertriebsgesellschaft mbH\"},\"image\":{\"@id\":\"https:\/\/bon.de\/#\/schema\/logo\/image\/\"},\"sameAs\":[\"https:\/\/www.linkedin.com\/company\/bon-optic-vertriebsgesellschaft-mbh\/\",\"https:\/\/www.youtube.com\/channel\/UCSURhENDItKaH88bvn8LlcA\"]}]}<\/script>\n<!-- \/ Yoast SEO plugin. -->","yoast_head_json":{"title":"Heine indirektes Hand-Ophthalmoskop monokular - bon Optic - Partner auf Augenh\u00f6he","robots":{"index":"index","follow":"follow","max-snippet":"max-snippet:-1","max-image-preview":"max-image-preview:large","max-video-preview":"max-video-preview:-1"},"canonical":"https:\/\/bon.de\/en\/product\/heine-indirektes-hand-ophthalmoskop-monokular-2\/","og_locale":"en_US","og_type":"article","og_title":"Heine indirektes Hand-Ophthalmoskop monokular - bon Optic - Partner auf Augenh\u00f6he","og_description":"Ein kompaktes indirektes Hand-Ophthalmoskop, das sich vor allem in monokularer Ausf\u00fchrung f\u00fcr die Visite und unterwegs bew\u00e4hrt. &#8211; Solide Metall-Ausf\u00fchrung. Lange Lebensdauer. &#8211; Integriertes Interferenz-Rotfrei-Filter. Kontrasterh\u00f6hendes Rotfreilicht. &#8211; Optische Bauteile aus verg\u00fctetem optischen Glas. Qualitativ hochwertiges Bild, hohe Beleuchtungsst\u00e4rke. &#8211; Beleuchtungsstrahlengang einstellbar. Auch bei engen Pupillen einsetzbar. &#8211; Einhandbedienung. S\u00e4mtliche Bedienelemente sind bequem mit dem [&hellip;]","og_url":"https:\/\/bon.de\/en\/product\/heine-indirektes-hand-ophthalmoskop-monokular-2\/","og_site_name":"bon Optic - Partner auf Augenh\u00f6he","article_modified_time":"2021-01-11T12:32:45+00:00","og_image":[{"width":240,"height":240,"url":"https:\/\/bon.de\/wp-content\/uploads\/2013\/11\/products-heineindmono-1.gif","type":"image\/jpeg"}],"twitter_card":"summary_large_image","twitter_misc":{"Est. reading time":"1 minute"},"schema":{"@context":"https:\/\/schema.org","@graph":[{"@type":"WebPage","@id":"https:\/\/bon.de\/en\/product\/heine-indirektes-hand-ophthalmoskop-monokular-2\/","url":"https:\/\/bon.de\/en\/product\/heine-indirektes-hand-ophthalmoskop-monokular-2\/","name":"Heine indirektes Hand-Ophthalmoskop monokular - bon Optic - Partner auf Augenh\u00f6he","isPartOf":{"@id":"https:\/\/bon.de\/#website"},"primaryImageOfPage":{"@id":"https:\/\/bon.de\/en\/product\/heine-indirektes-hand-ophthalmoskop-monokular-2\/#primaryimage"},"image":{"@id":"https:\/\/bon.de\/en\/product\/heine-indirektes-hand-ophthalmoskop-monokular-2\/#primaryimage"},"thumbnailUrl":"https:\/\/bon.de\/wp-content\/uploads\/2013\/11\/products-heineindmono-1.gif","datePublished":"2013-11-12T11:57:11+00:00","dateModified":"2021-01-11T12:32:45+00:00","breadcrumb":{"@id":"https:\/\/bon.de\/en\/product\/heine-indirektes-hand-ophthalmoskop-monokular-2\/#breadcrumb"},"inLanguage":"en-US","potentialAction":[{"@type":"ReadAction","target":["https:\/\/bon.de\/en\/product\/heine-indirektes-hand-ophthalmoskop-monokular-2\/"]}]},{"@type":"ImageObject","inLanguage":"en-US","@id":"https:\/\/bon.de\/en\/product\/heine-indirektes-hand-ophthalmoskop-monokular-2\/#primaryimage","url":"https:\/\/bon.de\/wp-content\/uploads\/2013\/11\/products-heineindmono-1.gif","contentUrl":"https:\/\/bon.de\/wp-content\/uploads\/2013\/11\/products-heineindmono-1.gif","width":240,"height":240},{"@type":"BreadcrumbList","@id":"https:\/\/bon.de\/en\/product\/heine-indirektes-hand-ophthalmoskop-monokular-2\/#breadcrumb","itemListElement":[{"@type":"ListItem","position":1,"name":"Home","item":"https:\/\/bon.de\/en\/"},{"@type":"ListItem","position":2,"name":"Shop","item":"https:\/\/bon.de\/en\/shop-2-2\/"},{"@type":"ListItem","position":3,"name":"Heine indirektes Hand-Ophthalmoskop monokular"}]},{"@type":"WebSite","@id":"https:\/\/bon.de\/#website","url":"https:\/\/bon.de\/","name":"bon Optic - Partner auf Augenh\u00f6he","description":"","publisher":{"@id":"https:\/\/bon.de\/#organization"},"potentialAction":[{"@type":"SearchAction","target":{"@type":"EntryPoint","urlTemplate":"https:\/\/bon.de\/?s={search_term_string}"},"query-input":{"@type":"PropertyValueSpecification","valueRequired":true,"valueName":"search_term_string"}}],"inLanguage":"en-US"},{"@type":"Organization","@id":"https:\/\/bon.de\/#organization","name":"bon Optic Vertriebsgesellschaft mbH","url":"https:\/\/bon.de\/","logo":{"@type":"ImageObject","inLanguage":"en-US","@id":"https:\/\/bon.de\/#\/schema\/logo\/image\/","url":"https:\/\/bon.de\/wp-content\/uploads\/2021\/06\/bon-Logo_512x512px.png","contentUrl":"https:\/\/bon.de\/wp-content\/uploads\/2021\/06\/bon-Logo_512x512px.png","width":512,"height":512,"caption":"bon Optic Vertriebsgesellschaft mbH"},"image":{"@id":"https:\/\/bon.de\/#\/schema\/logo\/image\/"},"sameAs":["https:\/\/www.linkedin.com\/company\/bon-optic-vertriebsgesellschaft-mbh\/","https:\/\/www.youtube.com\/channel\/UCSURhENDItKaH88bvn8LlcA"]}]}},"_links":{"self":[{"href":"https:\/\/bon.de\/en\/wp-json\/wp\/v2\/product\/2147","targetHints":{"allow":["GET"]}}],"collection":[{"href":"https:\/\/bon.de\/en\/wp-json\/wp\/v2\/product"}],"about":[{"href":"https:\/\/bon.de\/en\/wp-json\/wp\/v2\/types\/product"}],"replies":[{"embeddable":true,"href":"https:\/\/bon.de\/en\/wp-json\/wp\/v2\/comments?post=2147"}],"wp:featuredmedia":[{"embeddable":true,"href":"https:\/\/bon.de\/en\/wp-json\/wp\/v2\/media\/2148"}],"wp:attachment":[{"href":"https:\/\/bon.de\/en\/wp-json\/wp\/v2\/media?parent=2147"}],"wp:term":[{"taxonomy":"product_manufacturers","embeddable":true,"href":"https:\/\/bon.de\/en\/wp-json\/wp\/v2\/product_manufacturers?post=2147"},{"taxonomy":"product_brand","embeddable":true,"href":"https:\/\/bon.de\/en\/wp-json\/wp\/v2\/product_brand?post=2147"},{"taxonomy":"product_cat","embeddable":true,"href":"https:\/\/bon.de\/en\/wp-json\/wp\/v2\/product_cat?post=2147"},{"taxonomy":"product_tag","embeddable":true,"href":"https:\/\/bon.de\/en\/wp-json\/wp\/v2\/product_tag?post=2147"}],"curies":[{"name":"wp","href":"https:\/\/api.w.org\/{rel}","templated":true}]}}