{"id":2199,"date":"2013-11-12T11:57:53","date_gmt":"2013-11-12T11:57:53","guid":{"rendered":"https:\/\/bon.de\/?post_type=product&#038;p=2199"},"modified":"2021-01-11T12:44:27","modified_gmt":"2021-01-11T12:44:27","slug":"heine-beta4-usb-handgriff-ladegriff-li-io-mit-trafo-2","status":"publish","type":"product","link":"https:\/\/bon.de\/en\/product\/heine-beta4-usb-handgriff-ladegriff-li-io-mit-trafo-2\/","title":{"rendered":"Heine BETA4 USB Handgriff \/ Ladegriff Li-IO mit Trafo"},"content":{"rendered":"<p>Heine BETA4 USB Handgriff \/ Ladegriff inklusive Lithium-Ionen Akku, USB Kabel und medizinisch zugelassenem Steckernetzeil <\/p>\n<p>H\u00f6chste Sicherheit und Flexibilit\u00e4t.<br \/>\n<br \/>Der HEINE BETA4 USB Griff kann bedenkenlos mit jedem USB-Stecker oder einer anderen USB Energiequelle aufgeladen werden.<br \/>\n<br \/>Das integrierte einzigartige galvanische Trennungsmodul sch\u00fctzt den Griff und den Anwender vor den Folgen von defekten Steckern. So wird zuverl\u00e4ssig verhindert, dass der Netzstrom direkt in den Griff flie\u00dft. <\/p>\n<p> Li-ion Technologie: kein Memory-Effekt, bedenkenloses Aufladen ohne R\u00fccksicht auf den Ladezustand.<br \/>\n<br \/> Hohe Kapazit\u00e4t: mehr als die doppelte Kapazit\u00e4t im Vergleich zu NiMH-Akkus.<br \/>\n<br \/> Schnellladen: ca. 4 Stunden Ladezeit.<br \/>\n<br \/> Hochwertige Metallkonstruktion f\u00fcr hohe Stabilit\u00e4t und lange Lebensdauer<\/p>\n","protected":false},"excerpt":{"rendered":"<p>Heine BETA4 USB Handgriff \/ Ladegriff inklusive Lithium-Ionen Akku, USB Kabel und medizinisch zugelassenem Steckernetzeil H\u00f6chste Sicherheit und Flexibilit\u00e4t. Der HEINE BETA4 USB Griff kann bedenkenlos mit jedem USB-Stecker oder einer anderen USB Energiequelle aufgeladen werden. Das integrierte einzigartige galvanische Trennungsmodul sch\u00fctzt den Griff und den Anwender vor den Folgen von defekten Steckern. So wird [&hellip;]<\/p>\n","protected":false},"featured_media":2200,"comment_status":"open","ping_status":"closed","template":"","meta":{"_acf_changed":false,"inline_featured_image":false},"product_manufacturers":[467],"product_brand":[],"product_cat":[185,149,211],"product_tag":[],"class_list":{"0":"post-2199","1":"product","2":"type-product","3":"status-publish","4":"has-post-thumbnail","6":"product_cat-bon-shop-2","7":"product_cat-handhelds","8":"product_cat-handles-and-power-supplies","10":"first","11":"instock","12":"taxable","13":"shipping-taxable","14":"purchasable","15":"product-type-simple"},"acf":[],"yoast_head":"<!-- This site is optimized with the Yoast SEO plugin v27.0 - https:\/\/yoast.com\/product\/yoast-seo-wordpress\/ -->\n<title>Heine Beta4 USB Ladegriff<\/title>\n<meta name=\"robots\" content=\"index, follow, max-snippet:-1, max-image-preview:large, max-video-preview:-1\" \/>\n<link rel=\"canonical\" href=\"https:\/\/bon.de\/en\/product\/heine-beta4-usb-handgriff-ladegriff-li-io-mit-trafo-2\/\" \/>\n<meta property=\"og:locale\" content=\"en_US\" \/>\n<meta property=\"og:type\" content=\"article\" \/>\n<meta property=\"og:title\" content=\"Heine Beta4 USB Ladegriff\" \/>\n<meta property=\"og:description\" content=\"Heine BETA4 USB Handgriff \/ Ladegriff inklusive Lithium-Ionen Akku, USB Kabel und medizinisch zugelassenem Steckernetzeil H\u00f6chste Sicherheit und Flexibilit\u00e4t. Der HEINE BETA4 USB Griff kann bedenkenlos mit jedem USB-Stecker oder einer anderen USB Energiequelle aufgeladen werden. Das integrierte einzigartige galvanische Trennungsmodul sch\u00fctzt den Griff und den Anwender vor den Folgen von defekten Steckern. So wird [&hellip;]\" \/>\n<meta property=\"og:url\" content=\"https:\/\/bon.de\/en\/product\/heine-beta4-usb-handgriff-ladegriff-li-io-mit-trafo-2\/\" \/>\n<meta property=\"og:site_name\" content=\"bon Optic - Partner auf Augenh\u00f6he\" \/>\n<meta property=\"article:modified_time\" content=\"2021-01-11T12:44:27+00:00\" \/>\n<meta property=\"og:image\" content=\"https:\/\/bon.de\/wp-content\/uploads\/2016\/08\/products-x00799388-1.jpg\" \/>\n\t<meta property=\"og:image:width\" content=\"464\" \/>\n\t<meta property=\"og:image:height\" content=\"560\" \/>\n\t<meta property=\"og:image:type\" content=\"image\/jpeg\" \/>\n<meta name=\"twitter:card\" content=\"summary_large_image\" \/>\n<meta name=\"twitter:label1\" content=\"Est. reading time\" \/>\n\t<meta name=\"twitter:data1\" content=\"1 minute\" \/>\n<script type=\"application\/ld+json\" class=\"yoast-schema-graph\">{\"@context\":\"https:\/\/schema.org\",\"@graph\":[{\"@type\":\"WebPage\",\"@id\":\"https:\/\/bon.de\/en\/product\/heine-beta4-usb-handgriff-ladegriff-li-io-mit-trafo-2\/\",\"url\":\"https:\/\/bon.de\/en\/product\/heine-beta4-usb-handgriff-ladegriff-li-io-mit-trafo-2\/\",\"name\":\"Heine Beta4 USB Ladegriff\",\"isPartOf\":{\"@id\":\"https:\/\/bon.de\/#website\"},\"primaryImageOfPage\":{\"@id\":\"https:\/\/bon.de\/en\/product\/heine-beta4-usb-handgriff-ladegriff-li-io-mit-trafo-2\/#primaryimage\"},\"image\":{\"@id\":\"https:\/\/bon.de\/en\/product\/heine-beta4-usb-handgriff-ladegriff-li-io-mit-trafo-2\/#primaryimage\"},\"thumbnailUrl\":\"https:\/\/bon.de\/wp-content\/uploads\/2016\/08\/products-x00799388-1.jpg\",\"datePublished\":\"2013-11-12T11:57:53+00:00\",\"dateModified\":\"2021-01-11T12:44:27+00:00\",\"breadcrumb\":{\"@id\":\"https:\/\/bon.de\/en\/product\/heine-beta4-usb-handgriff-ladegriff-li-io-mit-trafo-2\/#breadcrumb\"},\"inLanguage\":\"en-US\",\"potentialAction\":[{\"@type\":\"ReadAction\",\"target\":[\"https:\/\/bon.de\/en\/product\/heine-beta4-usb-handgriff-ladegriff-li-io-mit-trafo-2\/\"]}]},{\"@type\":\"ImageObject\",\"inLanguage\":\"en-US\",\"@id\":\"https:\/\/bon.de\/en\/product\/heine-beta4-usb-handgriff-ladegriff-li-io-mit-trafo-2\/#primaryimage\",\"url\":\"https:\/\/bon.de\/wp-content\/uploads\/2016\/08\/products-x00799388-1.jpg\",\"contentUrl\":\"https:\/\/bon.de\/wp-content\/uploads\/2016\/08\/products-x00799388-1.jpg\",\"width\":464,\"height\":560,\"caption\":\"Heine BETA 4 USB Handgriff \/ Ladegriff\"},{\"@type\":\"BreadcrumbList\",\"@id\":\"https:\/\/bon.de\/en\/product\/heine-beta4-usb-handgriff-ladegriff-li-io-mit-trafo-2\/#breadcrumb\",\"itemListElement\":[{\"@type\":\"ListItem\",\"position\":1,\"name\":\"Home\",\"item\":\"https:\/\/bon.de\/en\/\"},{\"@type\":\"ListItem\",\"position\":2,\"name\":\"Shop\",\"item\":\"https:\/\/bon.de\/en\/shop-2-2\/\"},{\"@type\":\"ListItem\",\"position\":3,\"name\":\"Heine BETA4 USB Handgriff \/ Ladegriff Li-IO mit Trafo\"}]},{\"@type\":\"WebSite\",\"@id\":\"https:\/\/bon.de\/#website\",\"url\":\"https:\/\/bon.de\/\",\"name\":\"bon Optic - Partner auf Augenh\u00f6he\",\"description\":\"\",\"publisher\":{\"@id\":\"https:\/\/bon.de\/#organization\"},\"potentialAction\":[{\"@type\":\"SearchAction\",\"target\":{\"@type\":\"EntryPoint\",\"urlTemplate\":\"https:\/\/bon.de\/?s={search_term_string}\"},\"query-input\":{\"@type\":\"PropertyValueSpecification\",\"valueRequired\":true,\"valueName\":\"search_term_string\"}}],\"inLanguage\":\"en-US\"},{\"@type\":\"Organization\",\"@id\":\"https:\/\/bon.de\/#organization\",\"name\":\"bon Optic Vertriebsgesellschaft mbH\",\"url\":\"https:\/\/bon.de\/\",\"logo\":{\"@type\":\"ImageObject\",\"inLanguage\":\"en-US\",\"@id\":\"https:\/\/bon.de\/#\/schema\/logo\/image\/\",\"url\":\"https:\/\/bon.de\/wp-content\/uploads\/2021\/06\/bon-Logo_512x512px.png\",\"contentUrl\":\"https:\/\/bon.de\/wp-content\/uploads\/2021\/06\/bon-Logo_512x512px.png\",\"width\":512,\"height\":512,\"caption\":\"bon Optic Vertriebsgesellschaft mbH\"},\"image\":{\"@id\":\"https:\/\/bon.de\/#\/schema\/logo\/image\/\"},\"sameAs\":[\"https:\/\/www.linkedin.com\/company\/bon-optic-vertriebsgesellschaft-mbh\/\",\"https:\/\/www.youtube.com\/channel\/UCSURhENDItKaH88bvn8LlcA\"]}]}<\/script>\n<!-- \/ Yoast SEO plugin. -->","yoast_head_json":{"title":"Heine Beta4 USB Ladegriff","robots":{"index":"index","follow":"follow","max-snippet":"max-snippet:-1","max-image-preview":"max-image-preview:large","max-video-preview":"max-video-preview:-1"},"canonical":"https:\/\/bon.de\/en\/product\/heine-beta4-usb-handgriff-ladegriff-li-io-mit-trafo-2\/","og_locale":"en_US","og_type":"article","og_title":"Heine Beta4 USB Ladegriff","og_description":"Heine BETA4 USB Handgriff \/ Ladegriff inklusive Lithium-Ionen Akku, USB Kabel und medizinisch zugelassenem Steckernetzeil H\u00f6chste Sicherheit und Flexibilit\u00e4t. Der HEINE BETA4 USB Griff kann bedenkenlos mit jedem USB-Stecker oder einer anderen USB Energiequelle aufgeladen werden. Das integrierte einzigartige galvanische Trennungsmodul sch\u00fctzt den Griff und den Anwender vor den Folgen von defekten Steckern. So wird [&hellip;]","og_url":"https:\/\/bon.de\/en\/product\/heine-beta4-usb-handgriff-ladegriff-li-io-mit-trafo-2\/","og_site_name":"bon Optic - Partner auf Augenh\u00f6he","article_modified_time":"2021-01-11T12:44:27+00:00","og_image":[{"width":464,"height":560,"url":"https:\/\/bon.de\/wp-content\/uploads\/2016\/08\/products-x00799388-1.jpg","type":"image\/jpeg"}],"twitter_card":"summary_large_image","twitter_misc":{"Est. reading time":"1 minute"},"schema":{"@context":"https:\/\/schema.org","@graph":[{"@type":"WebPage","@id":"https:\/\/bon.de\/en\/product\/heine-beta4-usb-handgriff-ladegriff-li-io-mit-trafo-2\/","url":"https:\/\/bon.de\/en\/product\/heine-beta4-usb-handgriff-ladegriff-li-io-mit-trafo-2\/","name":"Heine Beta4 USB Ladegriff","isPartOf":{"@id":"https:\/\/bon.de\/#website"},"primaryImageOfPage":{"@id":"https:\/\/bon.de\/en\/product\/heine-beta4-usb-handgriff-ladegriff-li-io-mit-trafo-2\/#primaryimage"},"image":{"@id":"https:\/\/bon.de\/en\/product\/heine-beta4-usb-handgriff-ladegriff-li-io-mit-trafo-2\/#primaryimage"},"thumbnailUrl":"https:\/\/bon.de\/wp-content\/uploads\/2016\/08\/products-x00799388-1.jpg","datePublished":"2013-11-12T11:57:53+00:00","dateModified":"2021-01-11T12:44:27+00:00","breadcrumb":{"@id":"https:\/\/bon.de\/en\/product\/heine-beta4-usb-handgriff-ladegriff-li-io-mit-trafo-2\/#breadcrumb"},"inLanguage":"en-US","potentialAction":[{"@type":"ReadAction","target":["https:\/\/bon.de\/en\/product\/heine-beta4-usb-handgriff-ladegriff-li-io-mit-trafo-2\/"]}]},{"@type":"ImageObject","inLanguage":"en-US","@id":"https:\/\/bon.de\/en\/product\/heine-beta4-usb-handgriff-ladegriff-li-io-mit-trafo-2\/#primaryimage","url":"https:\/\/bon.de\/wp-content\/uploads\/2016\/08\/products-x00799388-1.jpg","contentUrl":"https:\/\/bon.de\/wp-content\/uploads\/2016\/08\/products-x00799388-1.jpg","width":464,"height":560,"caption":"Heine BETA 4 USB Handgriff \/ Ladegriff"},{"@type":"BreadcrumbList","@id":"https:\/\/bon.de\/en\/product\/heine-beta4-usb-handgriff-ladegriff-li-io-mit-trafo-2\/#breadcrumb","itemListElement":[{"@type":"ListItem","position":1,"name":"Home","item":"https:\/\/bon.de\/en\/"},{"@type":"ListItem","position":2,"name":"Shop","item":"https:\/\/bon.de\/en\/shop-2-2\/"},{"@type":"ListItem","position":3,"name":"Heine BETA4 USB Handgriff \/ Ladegriff Li-IO mit Trafo"}]},{"@type":"WebSite","@id":"https:\/\/bon.de\/#website","url":"https:\/\/bon.de\/","name":"bon Optic - Partner auf Augenh\u00f6he","description":"","publisher":{"@id":"https:\/\/bon.de\/#organization"},"potentialAction":[{"@type":"SearchAction","target":{"@type":"EntryPoint","urlTemplate":"https:\/\/bon.de\/?s={search_term_string}"},"query-input":{"@type":"PropertyValueSpecification","valueRequired":true,"valueName":"search_term_string"}}],"inLanguage":"en-US"},{"@type":"Organization","@id":"https:\/\/bon.de\/#organization","name":"bon Optic Vertriebsgesellschaft mbH","url":"https:\/\/bon.de\/","logo":{"@type":"ImageObject","inLanguage":"en-US","@id":"https:\/\/bon.de\/#\/schema\/logo\/image\/","url":"https:\/\/bon.de\/wp-content\/uploads\/2021\/06\/bon-Logo_512x512px.png","contentUrl":"https:\/\/bon.de\/wp-content\/uploads\/2021\/06\/bon-Logo_512x512px.png","width":512,"height":512,"caption":"bon Optic Vertriebsgesellschaft mbH"},"image":{"@id":"https:\/\/bon.de\/#\/schema\/logo\/image\/"},"sameAs":["https:\/\/www.linkedin.com\/company\/bon-optic-vertriebsgesellschaft-mbh\/","https:\/\/www.youtube.com\/channel\/UCSURhENDItKaH88bvn8LlcA"]}]}},"_links":{"self":[{"href":"https:\/\/bon.de\/en\/wp-json\/wp\/v2\/product\/2199","targetHints":{"allow":["GET"]}}],"collection":[{"href":"https:\/\/bon.de\/en\/wp-json\/wp\/v2\/product"}],"about":[{"href":"https:\/\/bon.de\/en\/wp-json\/wp\/v2\/types\/product"}],"replies":[{"embeddable":true,"href":"https:\/\/bon.de\/en\/wp-json\/wp\/v2\/comments?post=2199"}],"wp:featuredmedia":[{"embeddable":true,"href":"https:\/\/bon.de\/en\/wp-json\/wp\/v2\/media\/2200"}],"wp:attachment":[{"href":"https:\/\/bon.de\/en\/wp-json\/wp\/v2\/media?parent=2199"}],"wp:term":[{"taxonomy":"product_manufacturers","embeddable":true,"href":"https:\/\/bon.de\/en\/wp-json\/wp\/v2\/product_manufacturers?post=2199"},{"taxonomy":"product_brand","embeddable":true,"href":"https:\/\/bon.de\/en\/wp-json\/wp\/v2\/product_brand?post=2199"},{"taxonomy":"product_cat","embeddable":true,"href":"https:\/\/bon.de\/en\/wp-json\/wp\/v2\/product_cat?post=2199"},{"taxonomy":"product_tag","embeddable":true,"href":"https:\/\/bon.de\/en\/wp-json\/wp\/v2\/product_tag?post=2199"}],"curies":[{"name":"wp","href":"https:\/\/api.w.org\/{rel}","templated":true}]}}