{"id":2435,"date":"2013-11-12T12:00:47","date_gmt":"2013-11-12T12:00:47","guid":{"rendered":"https:\/\/bon.de\/?post_type=product&#038;p=2435"},"modified":"2019-11-04T15:58:51","modified_gmt":"2019-11-04T15:58:51","slug":"volk-h-r-wide-field-2","status":"publish","type":"product","link":"https:\/\/bon.de\/en\/product\/volk-h-r-wide-field-2\/","title":{"rendered":"Volk H-R Wide Field"},"content":{"rendered":"<p>Das Volk H-R Wide Field ist ein indirektes Kontaktglas f\u00fcr die panretinale Laserkoagulation. Es bietet h\u00f6chste Aufl\u00f6sung, reduziert Reflexionen bei einem Blickwinkel bis dynamisch 155\u00b0. Das kleine Geh\u00e4use erleichtert das dynamische Arbeiten. <\/p>\n<p>Dieses Kontaktglas ist eine Weiterentwicklung zum popul\u00e4ren Rodenstock &quot;Panfunduskop&quot;.<\/p>\n","protected":false},"excerpt":{"rendered":"<p>Das Volk H-R Wide Field ist ein indirektes Kontaktglas f\u00fcr die panretinale Laserkoagulation. Es bietet h\u00f6chste Aufl\u00f6sung, reduziert Reflexionen bei einem Blickwinkel bis dynamisch 155\u00b0. Das kleine Geh\u00e4use erleichtert das dynamische Arbeiten. Dieses Kontaktglas ist eine Weiterentwicklung zum popul\u00e4ren Rodenstock &quot;Panfunduskop&quot;.<\/p>\n","protected":false},"featured_media":2436,"comment_status":"open","ping_status":"closed","template":"","meta":{"_acf_changed":false,"inline_featured_image":false},"product_manufacturers":[472],"product_brand":[],"product_cat":[185],"product_tag":[],"class_list":{"0":"post-2435","1":"product","2":"type-product","3":"status-publish","4":"has-post-thumbnail","6":"product_cat-bon-shop-2","7":"pa_european-authorized-represen-rudolf-riester-gmbh-bruckstrasse-31-72417-jungingen-germany","9":"first","10":"instock","11":"taxable","12":"shipping-taxable","13":"purchasable","14":"product-type-simple"},"acf":[],"yoast_head":"<!-- This site is optimized with the Yoast SEO plugin v27.0 - https:\/\/yoast.com\/product\/yoast-seo-wordpress\/ -->\n<title>Volk H-R Wide Field - bon Optic - Partner auf Augenh\u00f6he<\/title>\n<meta name=\"robots\" content=\"index, follow, max-snippet:-1, max-image-preview:large, max-video-preview:-1\" \/>\n<link rel=\"canonical\" href=\"https:\/\/bon.de\/produkt\/volk-h-r-wide-field\/\" \/>\n<meta property=\"og:locale\" content=\"en_US\" \/>\n<meta property=\"og:type\" content=\"article\" \/>\n<meta property=\"og:title\" content=\"Volk H-R Wide Field - bon Optic - Partner auf Augenh\u00f6he\" \/>\n<meta property=\"og:description\" content=\"Das Volk H-R Wide Field ist ein indirektes Kontaktglas f\u00fcr die panretinale Laserkoagulation. Es bietet h\u00f6chste Aufl\u00f6sung, reduziert Reflexionen bei einem Blickwinkel bis dynamisch 155\u00b0. Das kleine Geh\u00e4use erleichtert das dynamische Arbeiten. Dieses Kontaktglas ist eine Weiterentwicklung zum popul\u00e4ren Rodenstock &quot;Panfunduskop&quot;.\" \/>\n<meta property=\"og:url\" content=\"https:\/\/bon.de\/produkt\/volk-h-r-wide-field\/\" \/>\n<meta property=\"og:site_name\" content=\"bon Optic - Partner auf Augenh\u00f6he\" \/>\n<meta property=\"article:modified_time\" content=\"2019-11-04T15:58:51+00:00\" \/>\n<meta property=\"og:image\" content=\"https:\/\/bon.de\/wp-content\/uploads\/2013\/11\/products-volk-h-r-wide-field-1.jpg\" \/>\n\t<meta property=\"og:image:width\" content=\"333\" \/>\n\t<meta property=\"og:image:height\" content=\"333\" \/>\n\t<meta property=\"og:image:type\" content=\"image\/jpeg\" \/>\n<meta name=\"twitter:card\" content=\"summary_large_image\" \/>\n<script type=\"application\/ld+json\" class=\"yoast-schema-graph\">{\"@context\":\"https:\/\/schema.org\",\"@graph\":[{\"@type\":\"WebPage\",\"@id\":\"https:\/\/bon.de\/produkt\/volk-h-r-wide-field\/\",\"url\":\"https:\/\/bon.de\/produkt\/volk-h-r-wide-field\/\",\"name\":\"Volk H-R Wide Field - bon Optic - Partner auf Augenh\u00f6he\",\"isPartOf\":{\"@id\":\"https:\/\/bon.de\/#website\"},\"primaryImageOfPage\":{\"@id\":\"https:\/\/bon.de\/produkt\/volk-h-r-wide-field\/#primaryimage\"},\"image\":{\"@id\":\"https:\/\/bon.de\/produkt\/volk-h-r-wide-field\/#primaryimage\"},\"thumbnailUrl\":\"https:\/\/bon.de\/wp-content\/uploads\/2013\/11\/products-volk-h-r-wide-field-1.jpg\",\"datePublished\":\"2013-11-12T12:00:47+00:00\",\"dateModified\":\"2019-11-04T15:58:51+00:00\",\"breadcrumb\":{\"@id\":\"https:\/\/bon.de\/produkt\/volk-h-r-wide-field\/#breadcrumb\"},\"inLanguage\":\"en-US\",\"potentialAction\":[{\"@type\":\"ReadAction\",\"target\":[\"https:\/\/bon.de\/produkt\/volk-h-r-wide-field\/\"]}]},{\"@type\":\"ImageObject\",\"inLanguage\":\"en-US\",\"@id\":\"https:\/\/bon.de\/produkt\/volk-h-r-wide-field\/#primaryimage\",\"url\":\"https:\/\/bon.de\/wp-content\/uploads\/2013\/11\/products-volk-h-r-wide-field-1.jpg\",\"contentUrl\":\"https:\/\/bon.de\/wp-content\/uploads\/2013\/11\/products-volk-h-r-wide-field-1.jpg\",\"width\":333,\"height\":333},{\"@type\":\"BreadcrumbList\",\"@id\":\"https:\/\/bon.de\/produkt\/volk-h-r-wide-field\/#breadcrumb\",\"itemListElement\":[{\"@type\":\"ListItem\",\"position\":1,\"name\":\"Home\",\"item\":\"https:\/\/bon.de\/en\/\"},{\"@type\":\"ListItem\",\"position\":2,\"name\":\"Shop\",\"item\":\"https:\/\/bon.de\/en\/shop-2-2\/\"},{\"@type\":\"ListItem\",\"position\":3,\"name\":\"Volk H-R Wide Field\"}]},{\"@type\":\"WebSite\",\"@id\":\"https:\/\/bon.de\/#website\",\"url\":\"https:\/\/bon.de\/\",\"name\":\"bon Optic - Partner auf Augenh\u00f6he\",\"description\":\"\",\"publisher\":{\"@id\":\"https:\/\/bon.de\/#organization\"},\"potentialAction\":[{\"@type\":\"SearchAction\",\"target\":{\"@type\":\"EntryPoint\",\"urlTemplate\":\"https:\/\/bon.de\/?s={search_term_string}\"},\"query-input\":{\"@type\":\"PropertyValueSpecification\",\"valueRequired\":true,\"valueName\":\"search_term_string\"}}],\"inLanguage\":\"en-US\"},{\"@type\":\"Organization\",\"@id\":\"https:\/\/bon.de\/#organization\",\"name\":\"bon Optic Vertriebsgesellschaft mbH\",\"url\":\"https:\/\/bon.de\/\",\"logo\":{\"@type\":\"ImageObject\",\"inLanguage\":\"en-US\",\"@id\":\"https:\/\/bon.de\/#\/schema\/logo\/image\/\",\"url\":\"https:\/\/bon.de\/wp-content\/uploads\/2021\/06\/bon-Logo_512x512px.png\",\"contentUrl\":\"https:\/\/bon.de\/wp-content\/uploads\/2021\/06\/bon-Logo_512x512px.png\",\"width\":512,\"height\":512,\"caption\":\"bon Optic Vertriebsgesellschaft mbH\"},\"image\":{\"@id\":\"https:\/\/bon.de\/#\/schema\/logo\/image\/\"},\"sameAs\":[\"https:\/\/www.linkedin.com\/company\/bon-optic-vertriebsgesellschaft-mbh\/\",\"https:\/\/www.youtube.com\/channel\/UCSURhENDItKaH88bvn8LlcA\"]}]}<\/script>\n<!-- \/ Yoast SEO plugin. -->","yoast_head_json":{"title":"Volk H-R Wide Field - bon Optic - Partner auf Augenh\u00f6he","robots":{"index":"index","follow":"follow","max-snippet":"max-snippet:-1","max-image-preview":"max-image-preview:large","max-video-preview":"max-video-preview:-1"},"canonical":"https:\/\/bon.de\/produkt\/volk-h-r-wide-field\/","og_locale":"en_US","og_type":"article","og_title":"Volk H-R Wide Field - bon Optic - Partner auf Augenh\u00f6he","og_description":"Das Volk H-R Wide Field ist ein indirektes Kontaktglas f\u00fcr die panretinale Laserkoagulation. Es bietet h\u00f6chste Aufl\u00f6sung, reduziert Reflexionen bei einem Blickwinkel bis dynamisch 155\u00b0. Das kleine Geh\u00e4use erleichtert das dynamische Arbeiten. Dieses Kontaktglas ist eine Weiterentwicklung zum popul\u00e4ren Rodenstock &quot;Panfunduskop&quot;.","og_url":"https:\/\/bon.de\/produkt\/volk-h-r-wide-field\/","og_site_name":"bon Optic - Partner auf Augenh\u00f6he","article_modified_time":"2019-11-04T15:58:51+00:00","og_image":[{"width":333,"height":333,"url":"https:\/\/bon.de\/wp-content\/uploads\/2013\/11\/products-volk-h-r-wide-field-1.jpg","type":"image\/jpeg"}],"twitter_card":"summary_large_image","schema":{"@context":"https:\/\/schema.org","@graph":[{"@type":"WebPage","@id":"https:\/\/bon.de\/produkt\/volk-h-r-wide-field\/","url":"https:\/\/bon.de\/produkt\/volk-h-r-wide-field\/","name":"Volk H-R Wide Field - bon Optic - Partner auf Augenh\u00f6he","isPartOf":{"@id":"https:\/\/bon.de\/#website"},"primaryImageOfPage":{"@id":"https:\/\/bon.de\/produkt\/volk-h-r-wide-field\/#primaryimage"},"image":{"@id":"https:\/\/bon.de\/produkt\/volk-h-r-wide-field\/#primaryimage"},"thumbnailUrl":"https:\/\/bon.de\/wp-content\/uploads\/2013\/11\/products-volk-h-r-wide-field-1.jpg","datePublished":"2013-11-12T12:00:47+00:00","dateModified":"2019-11-04T15:58:51+00:00","breadcrumb":{"@id":"https:\/\/bon.de\/produkt\/volk-h-r-wide-field\/#breadcrumb"},"inLanguage":"en-US","potentialAction":[{"@type":"ReadAction","target":["https:\/\/bon.de\/produkt\/volk-h-r-wide-field\/"]}]},{"@type":"ImageObject","inLanguage":"en-US","@id":"https:\/\/bon.de\/produkt\/volk-h-r-wide-field\/#primaryimage","url":"https:\/\/bon.de\/wp-content\/uploads\/2013\/11\/products-volk-h-r-wide-field-1.jpg","contentUrl":"https:\/\/bon.de\/wp-content\/uploads\/2013\/11\/products-volk-h-r-wide-field-1.jpg","width":333,"height":333},{"@type":"BreadcrumbList","@id":"https:\/\/bon.de\/produkt\/volk-h-r-wide-field\/#breadcrumb","itemListElement":[{"@type":"ListItem","position":1,"name":"Home","item":"https:\/\/bon.de\/en\/"},{"@type":"ListItem","position":2,"name":"Shop","item":"https:\/\/bon.de\/en\/shop-2-2\/"},{"@type":"ListItem","position":3,"name":"Volk H-R Wide Field"}]},{"@type":"WebSite","@id":"https:\/\/bon.de\/#website","url":"https:\/\/bon.de\/","name":"bon Optic - Partner auf Augenh\u00f6he","description":"","publisher":{"@id":"https:\/\/bon.de\/#organization"},"potentialAction":[{"@type":"SearchAction","target":{"@type":"EntryPoint","urlTemplate":"https:\/\/bon.de\/?s={search_term_string}"},"query-input":{"@type":"PropertyValueSpecification","valueRequired":true,"valueName":"search_term_string"}}],"inLanguage":"en-US"},{"@type":"Organization","@id":"https:\/\/bon.de\/#organization","name":"bon Optic Vertriebsgesellschaft mbH","url":"https:\/\/bon.de\/","logo":{"@type":"ImageObject","inLanguage":"en-US","@id":"https:\/\/bon.de\/#\/schema\/logo\/image\/","url":"https:\/\/bon.de\/wp-content\/uploads\/2021\/06\/bon-Logo_512x512px.png","contentUrl":"https:\/\/bon.de\/wp-content\/uploads\/2021\/06\/bon-Logo_512x512px.png","width":512,"height":512,"caption":"bon Optic Vertriebsgesellschaft mbH"},"image":{"@id":"https:\/\/bon.de\/#\/schema\/logo\/image\/"},"sameAs":["https:\/\/www.linkedin.com\/company\/bon-optic-vertriebsgesellschaft-mbh\/","https:\/\/www.youtube.com\/channel\/UCSURhENDItKaH88bvn8LlcA"]}]}},"_links":{"self":[{"href":"https:\/\/bon.de\/en\/wp-json\/wp\/v2\/product\/2435","targetHints":{"allow":["GET"]}}],"collection":[{"href":"https:\/\/bon.de\/en\/wp-json\/wp\/v2\/product"}],"about":[{"href":"https:\/\/bon.de\/en\/wp-json\/wp\/v2\/types\/product"}],"replies":[{"embeddable":true,"href":"https:\/\/bon.de\/en\/wp-json\/wp\/v2\/comments?post=2435"}],"wp:featuredmedia":[{"embeddable":true,"href":"https:\/\/bon.de\/en\/wp-json\/wp\/v2\/media\/2436"}],"wp:attachment":[{"href":"https:\/\/bon.de\/en\/wp-json\/wp\/v2\/media?parent=2435"}],"wp:term":[{"taxonomy":"product_manufacturers","embeddable":true,"href":"https:\/\/bon.de\/en\/wp-json\/wp\/v2\/product_manufacturers?post=2435"},{"taxonomy":"product_brand","embeddable":true,"href":"https:\/\/bon.de\/en\/wp-json\/wp\/v2\/product_brand?post=2435"},{"taxonomy":"product_cat","embeddable":true,"href":"https:\/\/bon.de\/en\/wp-json\/wp\/v2\/product_cat?post=2435"},{"taxonomy":"product_tag","embeddable":true,"href":"https:\/\/bon.de\/en\/wp-json\/wp\/v2\/product_tag?post=2435"}],"curies":[{"name":"wp","href":"https:\/\/api.w.org\/{rel}","templated":true}]}}