{"id":2686,"date":"2013-11-12T12:03:25","date_gmt":"2013-11-12T12:03:25","guid":{"rendered":"https:\/\/bon.de\/?post_type=product&#038;p=2686"},"modified":"2025-09-25T00:00:01","modified_gmt":"2025-09-24T23:00:01","slug":"heine-tischladegerat-beta-nt4-fur-zwei-beta4nt-handgriffe-2","status":"publish","type":"product","link":"https:\/\/bon.de\/en\/product\/heine-tischladegerat-beta-nt4-fur-zwei-beta4nt-handgriffe-2\/","title":{"rendered":"HEINE Tischladeger\u00e4t BETA NT4 f\u00fcr zwei Beta4NT Handgriffe"},"content":{"rendered":"<p>Mit entsprechenden Adaptern oder Reduzier-S\u00e4tzen k\u00f6nnen alle BETA4 NT und BETA4 SLIM NT Ladegriffe im NT 4 Tisch-Ladeger\u00e4t aufgeladen werden. Ebenso alle Standard F.O. 4 NT, F.O. 4 SLIM NT und F.O. 4 SHORT NT Laryngoskop-Ladegriffe. <\/p>\n<li> Innovatives, kompaktes Design.\n<li> Standfeste Aufbewahrung der Instrumente.\n<li> Platzsparend.\n<li> Zwei getrennte Ladek\u00f6cher.\n<li> Voller Funktionsnutzen mit einem oder zwei Griffen.\n<li> Gleichzeitiges Laden von zwei Griffen m\u00f6glich.\n<li> Automatischer Ladevorgang. Unabh\u00e4ngig vom Ladestand der Ladebatterie. Gew\u00e4hrleistet eine lange Lebensdauer der Ladebatterien.\n<li> \u00dcberladeschutz. Ladevorgang schaltet automatisch ab, sobald die Ladebatterie vollst\u00e4ndig geladen ist.\n<li> Ladeanzeige.Pulsierendes Licht des K\u00f6chers signalisiert anhaltenden Ladevorgang: Dauerlicht signalisiert abgeschlossenen Ladevorgang\n<p>Abmessungen: Breite 142 mm, H\u00f6he 61 mm, Tiefe 66 mm<br \/>\n<br \/>Gewicht 235 g. <\/p>\n","protected":false},"excerpt":{"rendered":"<p>Mit entsprechenden Adaptern oder Reduzier-S\u00e4tzen k\u00f6nnen alle BETA4 NT und BETA4 SLIM NT Ladegriffe im NT 4 Tisch-Ladeger\u00e4t aufgeladen werden. Ebenso alle Standard F.O. 4 NT, F.O. 4 SLIM NT und F.O. 4 SHORT NT Laryngoskop-Ladegriffe. Innovatives, kompaktes Design. Standfeste Aufbewahrung der Instrumente. Platzsparend. Zwei getrennte Ladek\u00f6cher. Voller Funktionsnutzen mit einem oder zwei Griffen. Gleichzeitiges [&hellip;]<\/p>\n","protected":false},"featured_media":2687,"comment_status":"open","ping_status":"closed","template":"","meta":{"_acf_changed":false,"inline_featured_image":false},"product_manufacturers":[697],"product_brand":[],"product_cat":[185,149,211],"product_tag":[],"class_list":{"0":"post-2686","1":"product","2":"type-product","3":"status-publish","4":"has-post-thumbnail","6":"product_cat-bon-shop-2","7":"product_cat-handhelds","8":"product_cat-handles-and-power-supplies","10":"first","11":"instock","12":"taxable","13":"shipping-taxable","14":"purchasable","15":"product-type-simple"},"acf":[],"yoast_head":"<!-- This site is optimized with the Yoast SEO plugin v27.0 - https:\/\/yoast.com\/product\/yoast-seo-wordpress\/ -->\n<title>HEINE Tischladeger\u00e4t BETA NT4 f\u00fcr zwei Beta4NT Handgriffe - bon Optic - Partner auf Augenh\u00f6he<\/title>\n<meta name=\"robots\" content=\"index, follow, max-snippet:-1, max-image-preview:large, max-video-preview:-1\" \/>\n<link rel=\"canonical\" href=\"https:\/\/bon.de\/en\/product\/heine-tischladegerat-beta-nt4-fur-zwei-beta4nt-handgriffe-2\/\" \/>\n<meta property=\"og:locale\" content=\"en_US\" \/>\n<meta property=\"og:type\" content=\"article\" \/>\n<meta property=\"og:title\" content=\"HEINE Tischladeger\u00e4t BETA NT4 f\u00fcr zwei Beta4NT Handgriffe - bon Optic - Partner auf Augenh\u00f6he\" \/>\n<meta property=\"og:description\" content=\"Mit entsprechenden Adaptern oder Reduzier-S\u00e4tzen k\u00f6nnen alle BETA4 NT und BETA4 SLIM NT Ladegriffe im NT 4 Tisch-Ladeger\u00e4t aufgeladen werden. Ebenso alle Standard F.O. 4 NT, F.O. 4 SLIM NT und F.O. 4 SHORT NT Laryngoskop-Ladegriffe. Innovatives, kompaktes Design. Standfeste Aufbewahrung der Instrumente. Platzsparend. Zwei getrennte Ladek\u00f6cher. Voller Funktionsnutzen mit einem oder zwei Griffen. Gleichzeitiges [&hellip;]\" \/>\n<meta property=\"og:url\" content=\"https:\/\/bon.de\/en\/product\/heine-tischladegerat-beta-nt4-fur-zwei-beta4nt-handgriffe-2\/\" \/>\n<meta property=\"og:site_name\" content=\"bon Optic - Partner auf Augenh\u00f6he\" \/>\n<meta property=\"article:modified_time\" content=\"2025-09-24T23:00:01+00:00\" \/>\n<meta property=\"og:image\" content=\"https:\/\/bon.de\/wp-content\/uploads\/2016\/08\/products-x00299494-1.jpg\" \/>\n\t<meta property=\"og:image:width\" content=\"803\" \/>\n\t<meta property=\"og:image:height\" content=\"448\" \/>\n\t<meta property=\"og:image:type\" content=\"image\/jpeg\" \/>\n<meta name=\"twitter:card\" content=\"summary_large_image\" \/>\n<meta name=\"twitter:label1\" content=\"Est. reading time\" \/>\n\t<meta name=\"twitter:data1\" content=\"1 minute\" \/>\n<script type=\"application\/ld+json\" class=\"yoast-schema-graph\">{\"@context\":\"https:\/\/schema.org\",\"@graph\":[{\"@type\":\"WebPage\",\"@id\":\"https:\/\/bon.de\/en\/product\/heine-tischladegerat-beta-nt4-fur-zwei-beta4nt-handgriffe-2\/\",\"url\":\"https:\/\/bon.de\/en\/product\/heine-tischladegerat-beta-nt4-fur-zwei-beta4nt-handgriffe-2\/\",\"name\":\"HEINE Tischladeger\u00e4t BETA NT4 f\u00fcr zwei Beta4NT Handgriffe - bon Optic - Partner auf Augenh\u00f6he\",\"isPartOf\":{\"@id\":\"https:\/\/bon.de\/#website\"},\"primaryImageOfPage\":{\"@id\":\"https:\/\/bon.de\/en\/product\/heine-tischladegerat-beta-nt4-fur-zwei-beta4nt-handgriffe-2\/#primaryimage\"},\"image\":{\"@id\":\"https:\/\/bon.de\/en\/product\/heine-tischladegerat-beta-nt4-fur-zwei-beta4nt-handgriffe-2\/#primaryimage\"},\"thumbnailUrl\":\"https:\/\/bon.de\/wp-content\/uploads\/2016\/08\/products-x00299494-1.jpg\",\"datePublished\":\"2013-11-12T12:03:25+00:00\",\"dateModified\":\"2025-09-24T23:00:01+00:00\",\"breadcrumb\":{\"@id\":\"https:\/\/bon.de\/en\/product\/heine-tischladegerat-beta-nt4-fur-zwei-beta4nt-handgriffe-2\/#breadcrumb\"},\"inLanguage\":\"en-US\",\"potentialAction\":[{\"@type\":\"ReadAction\",\"target\":[\"https:\/\/bon.de\/en\/product\/heine-tischladegerat-beta-nt4-fur-zwei-beta4nt-handgriffe-2\/\"]}]},{\"@type\":\"ImageObject\",\"inLanguage\":\"en-US\",\"@id\":\"https:\/\/bon.de\/en\/product\/heine-tischladegerat-beta-nt4-fur-zwei-beta4nt-handgriffe-2\/#primaryimage\",\"url\":\"https:\/\/bon.de\/wp-content\/uploads\/2016\/08\/products-x00299494-1.jpg\",\"contentUrl\":\"https:\/\/bon.de\/wp-content\/uploads\/2016\/08\/products-x00299494-1.jpg\",\"width\":803,\"height\":448,\"caption\":\"HEINE Tischladeger\u00e4t BETA NT4 f\u00fcr zwei Handgriffe\"},{\"@type\":\"BreadcrumbList\",\"@id\":\"https:\/\/bon.de\/en\/product\/heine-tischladegerat-beta-nt4-fur-zwei-beta4nt-handgriffe-2\/#breadcrumb\",\"itemListElement\":[{\"@type\":\"ListItem\",\"position\":1,\"name\":\"Home\",\"item\":\"https:\/\/bon.de\/en\/\"},{\"@type\":\"ListItem\",\"position\":2,\"name\":\"Shop\",\"item\":\"https:\/\/bon.de\/en\/shop-2-2\/\"},{\"@type\":\"ListItem\",\"position\":3,\"name\":\"HEINE Tischladeger\u00e4t BETA NT4 f\u00fcr zwei Beta4NT Handgriffe\"}]},{\"@type\":\"WebSite\",\"@id\":\"https:\/\/bon.de\/#website\",\"url\":\"https:\/\/bon.de\/\",\"name\":\"bon Optic - Partner auf Augenh\u00f6he\",\"description\":\"\",\"publisher\":{\"@id\":\"https:\/\/bon.de\/#organization\"},\"potentialAction\":[{\"@type\":\"SearchAction\",\"target\":{\"@type\":\"EntryPoint\",\"urlTemplate\":\"https:\/\/bon.de\/?s={search_term_string}\"},\"query-input\":{\"@type\":\"PropertyValueSpecification\",\"valueRequired\":true,\"valueName\":\"search_term_string\"}}],\"inLanguage\":\"en-US\"},{\"@type\":\"Organization\",\"@id\":\"https:\/\/bon.de\/#organization\",\"name\":\"bon Optic Vertriebsgesellschaft mbH\",\"url\":\"https:\/\/bon.de\/\",\"logo\":{\"@type\":\"ImageObject\",\"inLanguage\":\"en-US\",\"@id\":\"https:\/\/bon.de\/#\/schema\/logo\/image\/\",\"url\":\"https:\/\/bon.de\/wp-content\/uploads\/2021\/06\/bon-Logo_512x512px.png\",\"contentUrl\":\"https:\/\/bon.de\/wp-content\/uploads\/2021\/06\/bon-Logo_512x512px.png\",\"width\":512,\"height\":512,\"caption\":\"bon Optic Vertriebsgesellschaft mbH\"},\"image\":{\"@id\":\"https:\/\/bon.de\/#\/schema\/logo\/image\/\"},\"sameAs\":[\"https:\/\/www.linkedin.com\/company\/bon-optic-vertriebsgesellschaft-mbh\/\",\"https:\/\/www.youtube.com\/channel\/UCSURhENDItKaH88bvn8LlcA\"]}]}<\/script>\n<!-- \/ Yoast SEO plugin. -->","yoast_head_json":{"title":"HEINE Tischladeger\u00e4t BETA NT4 f\u00fcr zwei Beta4NT Handgriffe - bon Optic - Partner auf Augenh\u00f6he","robots":{"index":"index","follow":"follow","max-snippet":"max-snippet:-1","max-image-preview":"max-image-preview:large","max-video-preview":"max-video-preview:-1"},"canonical":"https:\/\/bon.de\/en\/product\/heine-tischladegerat-beta-nt4-fur-zwei-beta4nt-handgriffe-2\/","og_locale":"en_US","og_type":"article","og_title":"HEINE Tischladeger\u00e4t BETA NT4 f\u00fcr zwei Beta4NT Handgriffe - bon Optic - Partner auf Augenh\u00f6he","og_description":"Mit entsprechenden Adaptern oder Reduzier-S\u00e4tzen k\u00f6nnen alle BETA4 NT und BETA4 SLIM NT Ladegriffe im NT 4 Tisch-Ladeger\u00e4t aufgeladen werden. Ebenso alle Standard F.O. 4 NT, F.O. 4 SLIM NT und F.O. 4 SHORT NT Laryngoskop-Ladegriffe. Innovatives, kompaktes Design. Standfeste Aufbewahrung der Instrumente. Platzsparend. Zwei getrennte Ladek\u00f6cher. Voller Funktionsnutzen mit einem oder zwei Griffen. Gleichzeitiges [&hellip;]","og_url":"https:\/\/bon.de\/en\/product\/heine-tischladegerat-beta-nt4-fur-zwei-beta4nt-handgriffe-2\/","og_site_name":"bon Optic - Partner auf Augenh\u00f6he","article_modified_time":"2025-09-24T23:00:01+00:00","og_image":[{"width":803,"height":448,"url":"https:\/\/bon.de\/wp-content\/uploads\/2016\/08\/products-x00299494-1.jpg","type":"image\/jpeg"}],"twitter_card":"summary_large_image","twitter_misc":{"Est. reading time":"1 minute"},"schema":{"@context":"https:\/\/schema.org","@graph":[{"@type":"WebPage","@id":"https:\/\/bon.de\/en\/product\/heine-tischladegerat-beta-nt4-fur-zwei-beta4nt-handgriffe-2\/","url":"https:\/\/bon.de\/en\/product\/heine-tischladegerat-beta-nt4-fur-zwei-beta4nt-handgriffe-2\/","name":"HEINE Tischladeger\u00e4t BETA NT4 f\u00fcr zwei Beta4NT Handgriffe - bon Optic - Partner auf Augenh\u00f6he","isPartOf":{"@id":"https:\/\/bon.de\/#website"},"primaryImageOfPage":{"@id":"https:\/\/bon.de\/en\/product\/heine-tischladegerat-beta-nt4-fur-zwei-beta4nt-handgriffe-2\/#primaryimage"},"image":{"@id":"https:\/\/bon.de\/en\/product\/heine-tischladegerat-beta-nt4-fur-zwei-beta4nt-handgriffe-2\/#primaryimage"},"thumbnailUrl":"https:\/\/bon.de\/wp-content\/uploads\/2016\/08\/products-x00299494-1.jpg","datePublished":"2013-11-12T12:03:25+00:00","dateModified":"2025-09-24T23:00:01+00:00","breadcrumb":{"@id":"https:\/\/bon.de\/en\/product\/heine-tischladegerat-beta-nt4-fur-zwei-beta4nt-handgriffe-2\/#breadcrumb"},"inLanguage":"en-US","potentialAction":[{"@type":"ReadAction","target":["https:\/\/bon.de\/en\/product\/heine-tischladegerat-beta-nt4-fur-zwei-beta4nt-handgriffe-2\/"]}]},{"@type":"ImageObject","inLanguage":"en-US","@id":"https:\/\/bon.de\/en\/product\/heine-tischladegerat-beta-nt4-fur-zwei-beta4nt-handgriffe-2\/#primaryimage","url":"https:\/\/bon.de\/wp-content\/uploads\/2016\/08\/products-x00299494-1.jpg","contentUrl":"https:\/\/bon.de\/wp-content\/uploads\/2016\/08\/products-x00299494-1.jpg","width":803,"height":448,"caption":"HEINE Tischladeger\u00e4t BETA NT4 f\u00fcr zwei Handgriffe"},{"@type":"BreadcrumbList","@id":"https:\/\/bon.de\/en\/product\/heine-tischladegerat-beta-nt4-fur-zwei-beta4nt-handgriffe-2\/#breadcrumb","itemListElement":[{"@type":"ListItem","position":1,"name":"Home","item":"https:\/\/bon.de\/en\/"},{"@type":"ListItem","position":2,"name":"Shop","item":"https:\/\/bon.de\/en\/shop-2-2\/"},{"@type":"ListItem","position":3,"name":"HEINE Tischladeger\u00e4t BETA NT4 f\u00fcr zwei Beta4NT Handgriffe"}]},{"@type":"WebSite","@id":"https:\/\/bon.de\/#website","url":"https:\/\/bon.de\/","name":"bon Optic - Partner auf Augenh\u00f6he","description":"","publisher":{"@id":"https:\/\/bon.de\/#organization"},"potentialAction":[{"@type":"SearchAction","target":{"@type":"EntryPoint","urlTemplate":"https:\/\/bon.de\/?s={search_term_string}"},"query-input":{"@type":"PropertyValueSpecification","valueRequired":true,"valueName":"search_term_string"}}],"inLanguage":"en-US"},{"@type":"Organization","@id":"https:\/\/bon.de\/#organization","name":"bon Optic Vertriebsgesellschaft mbH","url":"https:\/\/bon.de\/","logo":{"@type":"ImageObject","inLanguage":"en-US","@id":"https:\/\/bon.de\/#\/schema\/logo\/image\/","url":"https:\/\/bon.de\/wp-content\/uploads\/2021\/06\/bon-Logo_512x512px.png","contentUrl":"https:\/\/bon.de\/wp-content\/uploads\/2021\/06\/bon-Logo_512x512px.png","width":512,"height":512,"caption":"bon Optic Vertriebsgesellschaft mbH"},"image":{"@id":"https:\/\/bon.de\/#\/schema\/logo\/image\/"},"sameAs":["https:\/\/www.linkedin.com\/company\/bon-optic-vertriebsgesellschaft-mbh\/","https:\/\/www.youtube.com\/channel\/UCSURhENDItKaH88bvn8LlcA"]}]}},"_links":{"self":[{"href":"https:\/\/bon.de\/en\/wp-json\/wp\/v2\/product\/2686","targetHints":{"allow":["GET"]}}],"collection":[{"href":"https:\/\/bon.de\/en\/wp-json\/wp\/v2\/product"}],"about":[{"href":"https:\/\/bon.de\/en\/wp-json\/wp\/v2\/types\/product"}],"replies":[{"embeddable":true,"href":"https:\/\/bon.de\/en\/wp-json\/wp\/v2\/comments?post=2686"}],"wp:featuredmedia":[{"embeddable":true,"href":"https:\/\/bon.de\/en\/wp-json\/wp\/v2\/media\/2687"}],"wp:attachment":[{"href":"https:\/\/bon.de\/en\/wp-json\/wp\/v2\/media?parent=2686"}],"wp:term":[{"taxonomy":"product_manufacturers","embeddable":true,"href":"https:\/\/bon.de\/en\/wp-json\/wp\/v2\/product_manufacturers?post=2686"},{"taxonomy":"product_brand","embeddable":true,"href":"https:\/\/bon.de\/en\/wp-json\/wp\/v2\/product_brand?post=2686"},{"taxonomy":"product_cat","embeddable":true,"href":"https:\/\/bon.de\/en\/wp-json\/wp\/v2\/product_cat?post=2686"},{"taxonomy":"product_tag","embeddable":true,"href":"https:\/\/bon.de\/en\/wp-json\/wp\/v2\/product_tag?post=2686"}],"curies":[{"name":"wp","href":"https:\/\/api.w.org\/{rel}","templated":true}]}}