{"id":2767,"date":"2013-11-12T12:04:17","date_gmt":"2013-11-12T12:04:17","guid":{"rendered":"https:\/\/bon.de\/?post_type=product&#038;p=2767"},"modified":"2024-05-30T12:17:07","modified_gmt":"2024-05-30T11:17:07","slug":"volk-slt-kontaktglas-2","status":"publish","type":"product","link":"https:\/\/bon.de\/en\/product\/volk-slt-kontaktglas-2\/","title":{"rendered":"Volk SLT Kontaktglas"},"content":{"rendered":"<p>Volk SLT Kontaktglas<\/p>\n<p>&nbsp;<\/p>\n<p>Dieses Kontaktglas wurde vom Marktf\u00fchrer Volk f\u00fcr die selektive trabekuloplastische Laserbehandlung (SLT) entwickelt, speziell zur Drucksenkung bei Glaukompatienten. Sie k\u00f6nnen es ebenso f\u00fcr andere Anwendungen wie ALT, MDLT und PLT einsetzen.<\/p>\n<p>&nbsp;<\/p>\n<p>Seine Details wie Vergr\u00f6\u00dferungsfaktor (1x), Facettenwinkel (63\u00b0) und Kontaktfl\u00e4che (15mm) erf\u00fcllen alle Voraussetzungen f\u00fcr erfolgreiche SLT Anwendungen.<\/p>\n<p>&nbsp;<\/p>\n<p>Dank des fortschrittlichen Linsendesigns trifft der 400 \u00b5m Laserpunkt immer perfekt kreisf\u00f6rmig auf das Trabekelwerk.<\/p>\n<p>&nbsp;<\/p>\n<p>Die gro\u00dfe reflektierende Fl\u00e4che erm\u00f6glicht eine un\u00fcbertroffene Sicht in den Kammerwinkel. S\u00e4mtliche anderen Oberfl\u00e4chen sind extrem geschw\u00e4rzt und eliminieren dadurch unerw\u00fcnschte Lichtstreuung.<\/p>\n","protected":false},"excerpt":{"rendered":"<p>Volk SLT Kontaktglas &nbsp; Dieses Kontaktglas wurde vom Marktf\u00fchrer Volk f\u00fcr die selektive trabekuloplastische Laserbehandlung (SLT) entwickelt, speziell zur Drucksenkung bei Glaukompatienten. Sie k\u00f6nnen es ebenso f\u00fcr andere Anwendungen wie ALT, MDLT und PLT einsetzen. &nbsp; Seine Details wie Vergr\u00f6\u00dferungsfaktor (1x), Facettenwinkel (63\u00b0) und Kontaktfl\u00e4che (15mm) erf\u00fcllen alle Voraussetzungen f\u00fcr erfolgreiche SLT Anwendungen. &nbsp; Dank [&hellip;]<\/p>\n","protected":false},"featured_media":2768,"comment_status":"open","ping_status":"closed","template":"","meta":{"_acf_changed":false,"inline_featured_image":false},"product_manufacturers":[472],"product_brand":[],"product_cat":[247,319,185],"product_tag":[],"class_list":{"0":"post-2767","1":"product","2":"type-product","3":"status-publish","4":"has-post-thumbnail","6":"product_cat-retina","7":"product_cat-volk-contact-lenses","8":"product_cat-bon-shop-2","10":"first","11":"instock","12":"taxable","13":"shipping-taxable","14":"purchasable","15":"product-type-simple"},"acf":[],"yoast_head":"<!-- This site is optimized with the Yoast SEO plugin v27.0 - https:\/\/yoast.com\/product\/yoast-seo-wordpress\/ -->\n<title>Volk SLT Kontaktglas - bon Optic - Partner auf Augenh\u00f6he<\/title>\n<meta name=\"robots\" content=\"index, follow, max-snippet:-1, max-image-preview:large, max-video-preview:-1\" \/>\n<link rel=\"canonical\" href=\"https:\/\/bon.de\/en\/product\/volk-slt-kontaktglas-2\/\" \/>\n<meta property=\"og:locale\" content=\"en_US\" \/>\n<meta property=\"og:type\" content=\"article\" \/>\n<meta property=\"og:title\" content=\"Volk SLT Kontaktglas - bon Optic - Partner auf Augenh\u00f6he\" \/>\n<meta property=\"og:description\" content=\"Volk SLT Kontaktglas &nbsp; Dieses Kontaktglas wurde vom Marktf\u00fchrer Volk f\u00fcr die selektive trabekuloplastische Laserbehandlung (SLT) entwickelt, speziell zur Drucksenkung bei Glaukompatienten. Sie k\u00f6nnen es ebenso f\u00fcr andere Anwendungen wie ALT, MDLT und PLT einsetzen. &nbsp; Seine Details wie Vergr\u00f6\u00dferungsfaktor (1x), Facettenwinkel (63\u00b0) und Kontaktfl\u00e4che (15mm) erf\u00fcllen alle Voraussetzungen f\u00fcr erfolgreiche SLT Anwendungen. &nbsp; Dank [&hellip;]\" \/>\n<meta property=\"og:url\" content=\"https:\/\/bon.de\/en\/product\/volk-slt-kontaktglas-2\/\" \/>\n<meta property=\"og:site_name\" content=\"bon Optic - Partner auf Augenh\u00f6he\" \/>\n<meta property=\"article:modified_time\" content=\"2024-05-30T11:17:07+00:00\" \/>\n<meta property=\"og:image\" content=\"https:\/\/bon.de\/wp-content\/uploads\/2013\/11\/products-Volk_SLT-1.jpg\" \/>\n\t<meta property=\"og:image:width\" content=\"421\" \/>\n\t<meta property=\"og:image:height\" content=\"421\" \/>\n\t<meta property=\"og:image:type\" content=\"image\/jpeg\" \/>\n<meta name=\"twitter:card\" content=\"summary_large_image\" \/>\n<meta name=\"twitter:label1\" content=\"Est. reading time\" \/>\n\t<meta name=\"twitter:data1\" content=\"1 minute\" \/>\n<script type=\"application\/ld+json\" class=\"yoast-schema-graph\">{\"@context\":\"https:\/\/schema.org\",\"@graph\":[{\"@type\":\"WebPage\",\"@id\":\"https:\/\/bon.de\/en\/product\/volk-slt-kontaktglas-2\/\",\"url\":\"https:\/\/bon.de\/en\/product\/volk-slt-kontaktglas-2\/\",\"name\":\"Volk SLT Kontaktglas - bon Optic - Partner auf Augenh\u00f6he\",\"isPartOf\":{\"@id\":\"https:\/\/bon.de\/#website\"},\"primaryImageOfPage\":{\"@id\":\"https:\/\/bon.de\/en\/product\/volk-slt-kontaktglas-2\/#primaryimage\"},\"image\":{\"@id\":\"https:\/\/bon.de\/en\/product\/volk-slt-kontaktglas-2\/#primaryimage\"},\"thumbnailUrl\":\"https:\/\/bon.de\/wp-content\/uploads\/2013\/11\/products-Volk_SLT-1.jpg\",\"datePublished\":\"2013-11-12T12:04:17+00:00\",\"dateModified\":\"2024-05-30T11:17:07+00:00\",\"breadcrumb\":{\"@id\":\"https:\/\/bon.de\/en\/product\/volk-slt-kontaktglas-2\/#breadcrumb\"},\"inLanguage\":\"en-US\",\"potentialAction\":[{\"@type\":\"ReadAction\",\"target\":[\"https:\/\/bon.de\/en\/product\/volk-slt-kontaktglas-2\/\"]}]},{\"@type\":\"ImageObject\",\"inLanguage\":\"en-US\",\"@id\":\"https:\/\/bon.de\/en\/product\/volk-slt-kontaktglas-2\/#primaryimage\",\"url\":\"https:\/\/bon.de\/wp-content\/uploads\/2013\/11\/products-Volk_SLT-1.jpg\",\"contentUrl\":\"https:\/\/bon.de\/wp-content\/uploads\/2013\/11\/products-Volk_SLT-1.jpg\",\"width\":421,\"height\":421},{\"@type\":\"BreadcrumbList\",\"@id\":\"https:\/\/bon.de\/en\/product\/volk-slt-kontaktglas-2\/#breadcrumb\",\"itemListElement\":[{\"@type\":\"ListItem\",\"position\":1,\"name\":\"Home\",\"item\":\"https:\/\/bon.de\/en\/\"},{\"@type\":\"ListItem\",\"position\":2,\"name\":\"Shop\",\"item\":\"https:\/\/bon.de\/en\/shop-2-2\/\"},{\"@type\":\"ListItem\",\"position\":3,\"name\":\"Volk SLT Kontaktglas\"}]},{\"@type\":\"WebSite\",\"@id\":\"https:\/\/bon.de\/#website\",\"url\":\"https:\/\/bon.de\/\",\"name\":\"bon Optic - Partner auf Augenh\u00f6he\",\"description\":\"\",\"publisher\":{\"@id\":\"https:\/\/bon.de\/#organization\"},\"potentialAction\":[{\"@type\":\"SearchAction\",\"target\":{\"@type\":\"EntryPoint\",\"urlTemplate\":\"https:\/\/bon.de\/?s={search_term_string}\"},\"query-input\":{\"@type\":\"PropertyValueSpecification\",\"valueRequired\":true,\"valueName\":\"search_term_string\"}}],\"inLanguage\":\"en-US\"},{\"@type\":\"Organization\",\"@id\":\"https:\/\/bon.de\/#organization\",\"name\":\"bon Optic Vertriebsgesellschaft mbH\",\"url\":\"https:\/\/bon.de\/\",\"logo\":{\"@type\":\"ImageObject\",\"inLanguage\":\"en-US\",\"@id\":\"https:\/\/bon.de\/#\/schema\/logo\/image\/\",\"url\":\"https:\/\/bon.de\/wp-content\/uploads\/2021\/06\/bon-Logo_512x512px.png\",\"contentUrl\":\"https:\/\/bon.de\/wp-content\/uploads\/2021\/06\/bon-Logo_512x512px.png\",\"width\":512,\"height\":512,\"caption\":\"bon Optic Vertriebsgesellschaft mbH\"},\"image\":{\"@id\":\"https:\/\/bon.de\/#\/schema\/logo\/image\/\"},\"sameAs\":[\"https:\/\/www.linkedin.com\/company\/bon-optic-vertriebsgesellschaft-mbh\/\",\"https:\/\/www.youtube.com\/channel\/UCSURhENDItKaH88bvn8LlcA\"]}]}<\/script>\n<!-- \/ Yoast SEO plugin. -->","yoast_head_json":{"title":"Volk SLT Kontaktglas - bon Optic - Partner auf Augenh\u00f6he","robots":{"index":"index","follow":"follow","max-snippet":"max-snippet:-1","max-image-preview":"max-image-preview:large","max-video-preview":"max-video-preview:-1"},"canonical":"https:\/\/bon.de\/en\/product\/volk-slt-kontaktglas-2\/","og_locale":"en_US","og_type":"article","og_title":"Volk SLT Kontaktglas - bon Optic - Partner auf Augenh\u00f6he","og_description":"Volk SLT Kontaktglas &nbsp; Dieses Kontaktglas wurde vom Marktf\u00fchrer Volk f\u00fcr die selektive trabekuloplastische Laserbehandlung (SLT) entwickelt, speziell zur Drucksenkung bei Glaukompatienten. Sie k\u00f6nnen es ebenso f\u00fcr andere Anwendungen wie ALT, MDLT und PLT einsetzen. &nbsp; Seine Details wie Vergr\u00f6\u00dferungsfaktor (1x), Facettenwinkel (63\u00b0) und Kontaktfl\u00e4che (15mm) erf\u00fcllen alle Voraussetzungen f\u00fcr erfolgreiche SLT Anwendungen. &nbsp; Dank [&hellip;]","og_url":"https:\/\/bon.de\/en\/product\/volk-slt-kontaktglas-2\/","og_site_name":"bon Optic - Partner auf Augenh\u00f6he","article_modified_time":"2024-05-30T11:17:07+00:00","og_image":[{"width":421,"height":421,"url":"https:\/\/bon.de\/wp-content\/uploads\/2013\/11\/products-Volk_SLT-1.jpg","type":"image\/jpeg"}],"twitter_card":"summary_large_image","twitter_misc":{"Est. reading time":"1 minute"},"schema":{"@context":"https:\/\/schema.org","@graph":[{"@type":"WebPage","@id":"https:\/\/bon.de\/en\/product\/volk-slt-kontaktglas-2\/","url":"https:\/\/bon.de\/en\/product\/volk-slt-kontaktglas-2\/","name":"Volk SLT Kontaktglas - bon Optic - Partner auf Augenh\u00f6he","isPartOf":{"@id":"https:\/\/bon.de\/#website"},"primaryImageOfPage":{"@id":"https:\/\/bon.de\/en\/product\/volk-slt-kontaktglas-2\/#primaryimage"},"image":{"@id":"https:\/\/bon.de\/en\/product\/volk-slt-kontaktglas-2\/#primaryimage"},"thumbnailUrl":"https:\/\/bon.de\/wp-content\/uploads\/2013\/11\/products-Volk_SLT-1.jpg","datePublished":"2013-11-12T12:04:17+00:00","dateModified":"2024-05-30T11:17:07+00:00","breadcrumb":{"@id":"https:\/\/bon.de\/en\/product\/volk-slt-kontaktglas-2\/#breadcrumb"},"inLanguage":"en-US","potentialAction":[{"@type":"ReadAction","target":["https:\/\/bon.de\/en\/product\/volk-slt-kontaktglas-2\/"]}]},{"@type":"ImageObject","inLanguage":"en-US","@id":"https:\/\/bon.de\/en\/product\/volk-slt-kontaktglas-2\/#primaryimage","url":"https:\/\/bon.de\/wp-content\/uploads\/2013\/11\/products-Volk_SLT-1.jpg","contentUrl":"https:\/\/bon.de\/wp-content\/uploads\/2013\/11\/products-Volk_SLT-1.jpg","width":421,"height":421},{"@type":"BreadcrumbList","@id":"https:\/\/bon.de\/en\/product\/volk-slt-kontaktglas-2\/#breadcrumb","itemListElement":[{"@type":"ListItem","position":1,"name":"Home","item":"https:\/\/bon.de\/en\/"},{"@type":"ListItem","position":2,"name":"Shop","item":"https:\/\/bon.de\/en\/shop-2-2\/"},{"@type":"ListItem","position":3,"name":"Volk SLT Kontaktglas"}]},{"@type":"WebSite","@id":"https:\/\/bon.de\/#website","url":"https:\/\/bon.de\/","name":"bon Optic - Partner auf Augenh\u00f6he","description":"","publisher":{"@id":"https:\/\/bon.de\/#organization"},"potentialAction":[{"@type":"SearchAction","target":{"@type":"EntryPoint","urlTemplate":"https:\/\/bon.de\/?s={search_term_string}"},"query-input":{"@type":"PropertyValueSpecification","valueRequired":true,"valueName":"search_term_string"}}],"inLanguage":"en-US"},{"@type":"Organization","@id":"https:\/\/bon.de\/#organization","name":"bon Optic Vertriebsgesellschaft mbH","url":"https:\/\/bon.de\/","logo":{"@type":"ImageObject","inLanguage":"en-US","@id":"https:\/\/bon.de\/#\/schema\/logo\/image\/","url":"https:\/\/bon.de\/wp-content\/uploads\/2021\/06\/bon-Logo_512x512px.png","contentUrl":"https:\/\/bon.de\/wp-content\/uploads\/2021\/06\/bon-Logo_512x512px.png","width":512,"height":512,"caption":"bon Optic Vertriebsgesellschaft mbH"},"image":{"@id":"https:\/\/bon.de\/#\/schema\/logo\/image\/"},"sameAs":["https:\/\/www.linkedin.com\/company\/bon-optic-vertriebsgesellschaft-mbh\/","https:\/\/www.youtube.com\/channel\/UCSURhENDItKaH88bvn8LlcA"]}]}},"_links":{"self":[{"href":"https:\/\/bon.de\/en\/wp-json\/wp\/v2\/product\/2767","targetHints":{"allow":["GET"]}}],"collection":[{"href":"https:\/\/bon.de\/en\/wp-json\/wp\/v2\/product"}],"about":[{"href":"https:\/\/bon.de\/en\/wp-json\/wp\/v2\/types\/product"}],"replies":[{"embeddable":true,"href":"https:\/\/bon.de\/en\/wp-json\/wp\/v2\/comments?post=2767"}],"wp:featuredmedia":[{"embeddable":true,"href":"https:\/\/bon.de\/en\/wp-json\/wp\/v2\/media\/2768"}],"wp:attachment":[{"href":"https:\/\/bon.de\/en\/wp-json\/wp\/v2\/media?parent=2767"}],"wp:term":[{"taxonomy":"product_manufacturers","embeddable":true,"href":"https:\/\/bon.de\/en\/wp-json\/wp\/v2\/product_manufacturers?post=2767"},{"taxonomy":"product_brand","embeddable":true,"href":"https:\/\/bon.de\/en\/wp-json\/wp\/v2\/product_brand?post=2767"},{"taxonomy":"product_cat","embeddable":true,"href":"https:\/\/bon.de\/en\/wp-json\/wp\/v2\/product_cat?post=2767"},{"taxonomy":"product_tag","embeddable":true,"href":"https:\/\/bon.de\/en\/wp-json\/wp\/v2\/product_tag?post=2767"}],"curies":[{"name":"wp","href":"https:\/\/api.w.org\/{rel}","templated":true}]}}