{"id":2784,"date":"2013-11-12T12:04:27","date_gmt":"2013-11-12T12:04:27","guid":{"rendered":"https:\/\/bon.de\/?post_type=product&#038;p=2784"},"modified":"2024-04-01T00:03:28","modified_gmt":"2024-03-31T23:03:28","slug":"mobile-led-slit-lamp-keeler-psl-including-charging-station","status":"publish","type":"product","link":"https:\/\/bon.de\/en\/product\/mobile-led-slit-lamp-keeler-psl-including-charging-station\/","title":{"rendered":"mobile LED slit lamp Keeler PSL Classic 10x +16x including charging station"},"content":{"rendered":"<h4>Excellence in optics, versatility and portability are key benefits of the Keeler PSL Classic<\/h4>\n<p>The PSL Classic comes with 10x and 16x Magnification for greater acuity.<\/p>\n<p>Keeler designed and manufactured with the strength to withstand the daily traumas of the demanding ophthalmic environment, the PSL is lightweight, durable and robust.<\/p>\n<p>Unique features such as the fixation targets, and the 1mm square light patch for assessing a\/c flare set the new standard for Portable Slit Lamps.<\/p>\n<h4>Features<\/h4>\n<ul>\n<li>Precision machined aluminium chassis<\/li>\n<li>Advanced optics, 10x &amp; 16x magnification<\/li>\n<li>Controllable illumination from maximum to zero<\/li>\n<li>Big Slit Lamp features, portable usability<\/li>\n<li>Keeler optics<\/li>\n<li>British built<\/li>\n<li>Stylish and contemporary design<\/li>\n<li>1mm Square aperture for Uveitis assessment<\/li>\n<li>Continuously variable halogen illumination<\/li>\n<li>Fixation targets<\/li>\n<\/ul>\n<h4>\nDomiciliary demands<\/h4>\n<p>Perfect for visiting the elderly and the infirm where dry eye and lid and skin concerns are in commonplace.<\/p>\n<h4>Little and large<\/h4>\n<p>Ideal for the smaller younger patients and those of a more portly demeanour where a conventional Slit Lamp is totally impractical or impossible to use.<\/p>\n<h4>The busy practice<\/h4>\n<p>The PSL is so versatile it can be used for emergencies, mobility challenges to make assessments when clinics or rooms are fully booked.<\/p>\n<h4>Controllable illumination<\/h4>\n<p>Halogen illumination, with illumination levels controlled by a rheostat, gives you total control of your light levels. From zero to maximum, you choose.<\/p>\n<h4>Big Slit Lamp features, portable usability<\/h4>\n<p>Unique features such as the fixation targets, and the 1mm square light patch for assessing a\/c flare set the new standard for Portable Slit Lamps.<\/p>\n","protected":false},"excerpt":{"rendered":"<p>Excellence in optics, versatility and portability are key benefits of the Keeler PSL Classic The PSL Classic comes with 10x and 16x Magnification for greater acuity. Keeler designed and manufactured with the strength to withstand the daily traumas of the demanding ophthalmic environment, the PSL is lightweight, durable and robust. Unique features such as the [&hellip;]<\/p>\n","protected":false},"featured_media":2785,"comment_status":"open","ping_status":"closed","template":"","meta":{"_acf_changed":false,"inline_featured_image":false},"product_manufacturers":[466],"product_brand":[],"product_cat":[683,682],"product_tag":[],"class_list":{"0":"post-2784","1":"product","2":"type-product","3":"status-publish","4":"has-post-thumbnail","6":"product_cat-mobile-slitlamps-2","7":"product_cat-mobile-slitlamps","9":"first","10":"instock","11":"taxable","12":"shipping-taxable","13":"product-type-simple"},"acf":[],"yoast_head":"<!-- This site is optimized with the Yoast SEO plugin v27.0 - https:\/\/yoast.com\/product\/yoast-seo-wordpress\/ -->\n<title>mobile LED slit lamp Keeler PSL Classic 10x +16x including charging station - bon Optic - Partner auf Augenh\u00f6he<\/title>\n<meta name=\"description\" content=\"Die Akku Hand-Spaltlampe Keeler PSL, bietet Ihnen fortschrittliche LED-Beleuchtung, 10x und 16x Vergr\u00f6\u00dferung, Rotfrei- und Blaufilter.\" \/>\n<meta name=\"robots\" content=\"index, follow, max-snippet:-1, max-image-preview:large, max-video-preview:-1\" \/>\n<link rel=\"canonical\" href=\"https:\/\/bon.de\/en\/product\/mobile-led-slit-lamp-keeler-psl-including-charging-station\/\" \/>\n<meta property=\"og:locale\" content=\"en_US\" \/>\n<meta property=\"og:type\" content=\"article\" \/>\n<meta property=\"og:title\" content=\"mobile LED slit lamp Keeler PSL Classic 10x +16x including charging station - bon Optic - Partner auf Augenh\u00f6he\" \/>\n<meta property=\"og:description\" content=\"Die Akku Hand-Spaltlampe Keeler PSL, bietet Ihnen fortschrittliche LED-Beleuchtung, 10x und 16x Vergr\u00f6\u00dferung, Rotfrei- und Blaufilter.\" \/>\n<meta property=\"og:url\" content=\"https:\/\/bon.de\/en\/product\/mobile-led-slit-lamp-keeler-psl-including-charging-station\/\" \/>\n<meta property=\"og:site_name\" content=\"bon Optic - Partner auf Augenh\u00f6he\" \/>\n<meta property=\"article:modified_time\" content=\"2024-03-31T23:03:28+00:00\" \/>\n<meta property=\"og:image\" content=\"https:\/\/bon.de\/wp-content\/uploads\/2013\/11\/products-Keeler_PSL-1.jpg\" \/>\n\t<meta property=\"og:image:width\" content=\"444\" \/>\n\t<meta property=\"og:image:height\" content=\"442\" \/>\n\t<meta property=\"og:image:type\" content=\"image\/jpeg\" \/>\n<meta name=\"twitter:card\" content=\"summary_large_image\" \/>\n<meta name=\"twitter:label1\" content=\"Est. reading time\" \/>\n\t<meta name=\"twitter:data1\" content=\"2 minutes\" \/>\n<script type=\"application\/ld+json\" class=\"yoast-schema-graph\">{\"@context\":\"https:\/\/schema.org\",\"@graph\":[{\"@type\":\"WebPage\",\"@id\":\"https:\/\/bon.de\/en\/product\/mobile-led-slit-lamp-keeler-psl-including-charging-station\/\",\"url\":\"https:\/\/bon.de\/en\/product\/mobile-led-slit-lamp-keeler-psl-including-charging-station\/\",\"name\":\"mobile LED slit lamp Keeler PSL Classic 10x +16x including charging station - bon Optic - Partner auf Augenh\u00f6he\",\"isPartOf\":{\"@id\":\"https:\/\/bon.de\/#website\"},\"primaryImageOfPage\":{\"@id\":\"https:\/\/bon.de\/en\/product\/mobile-led-slit-lamp-keeler-psl-including-charging-station\/#primaryimage\"},\"image\":{\"@id\":\"https:\/\/bon.de\/en\/product\/mobile-led-slit-lamp-keeler-psl-including-charging-station\/#primaryimage\"},\"thumbnailUrl\":\"https:\/\/bon.de\/wp-content\/uploads\/2013\/11\/products-Keeler_PSL-1.jpg\",\"datePublished\":\"2013-11-12T12:04:27+00:00\",\"dateModified\":\"2024-03-31T23:03:28+00:00\",\"description\":\"Die Akku Hand-Spaltlampe Keeler PSL, bietet Ihnen fortschrittliche LED-Beleuchtung, 10x und 16x Vergr\u00f6\u00dferung, Rotfrei- und Blaufilter.\",\"breadcrumb\":{\"@id\":\"https:\/\/bon.de\/en\/product\/mobile-led-slit-lamp-keeler-psl-including-charging-station\/#breadcrumb\"},\"inLanguage\":\"en-US\",\"potentialAction\":[{\"@type\":\"ReadAction\",\"target\":[\"https:\/\/bon.de\/en\/product\/mobile-led-slit-lamp-keeler-psl-including-charging-station\/\"]}]},{\"@type\":\"ImageObject\",\"inLanguage\":\"en-US\",\"@id\":\"https:\/\/bon.de\/en\/product\/mobile-led-slit-lamp-keeler-psl-including-charging-station\/#primaryimage\",\"url\":\"https:\/\/bon.de\/wp-content\/uploads\/2013\/11\/products-Keeler_PSL-1.jpg\",\"contentUrl\":\"https:\/\/bon.de\/wp-content\/uploads\/2013\/11\/products-Keeler_PSL-1.jpg\",\"width\":444,\"height\":442},{\"@type\":\"BreadcrumbList\",\"@id\":\"https:\/\/bon.de\/en\/product\/mobile-led-slit-lamp-keeler-psl-including-charging-station\/#breadcrumb\",\"itemListElement\":[{\"@type\":\"ListItem\",\"position\":1,\"name\":\"Home\",\"item\":\"https:\/\/bon.de\/en\/\"},{\"@type\":\"ListItem\",\"position\":2,\"name\":\"Shop\",\"item\":\"https:\/\/bon.de\/en\/shop-2-2\/\"},{\"@type\":\"ListItem\",\"position\":3,\"name\":\"mobile LED slit lamp Keeler PSL Classic 10x +16x including charging station\"}]},{\"@type\":\"WebSite\",\"@id\":\"https:\/\/bon.de\/#website\",\"url\":\"https:\/\/bon.de\/\",\"name\":\"bon Optic - Partner auf Augenh\u00f6he\",\"description\":\"\",\"publisher\":{\"@id\":\"https:\/\/bon.de\/#organization\"},\"potentialAction\":[{\"@type\":\"SearchAction\",\"target\":{\"@type\":\"EntryPoint\",\"urlTemplate\":\"https:\/\/bon.de\/?s={search_term_string}\"},\"query-input\":{\"@type\":\"PropertyValueSpecification\",\"valueRequired\":true,\"valueName\":\"search_term_string\"}}],\"inLanguage\":\"en-US\"},{\"@type\":\"Organization\",\"@id\":\"https:\/\/bon.de\/#organization\",\"name\":\"bon Optic Vertriebsgesellschaft mbH\",\"url\":\"https:\/\/bon.de\/\",\"logo\":{\"@type\":\"ImageObject\",\"inLanguage\":\"en-US\",\"@id\":\"https:\/\/bon.de\/#\/schema\/logo\/image\/\",\"url\":\"https:\/\/bon.de\/wp-content\/uploads\/2021\/06\/bon-Logo_512x512px.png\",\"contentUrl\":\"https:\/\/bon.de\/wp-content\/uploads\/2021\/06\/bon-Logo_512x512px.png\",\"width\":512,\"height\":512,\"caption\":\"bon Optic Vertriebsgesellschaft mbH\"},\"image\":{\"@id\":\"https:\/\/bon.de\/#\/schema\/logo\/image\/\"},\"sameAs\":[\"https:\/\/www.linkedin.com\/company\/bon-optic-vertriebsgesellschaft-mbh\/\",\"https:\/\/www.youtube.com\/channel\/UCSURhENDItKaH88bvn8LlcA\"]}]}<\/script>\n<!-- \/ Yoast SEO plugin. -->","yoast_head_json":{"title":"mobile LED slit lamp Keeler PSL Classic 10x +16x including charging station - bon Optic - Partner auf Augenh\u00f6he","description":"Die Akku Hand-Spaltlampe Keeler PSL, bietet Ihnen fortschrittliche LED-Beleuchtung, 10x und 16x Vergr\u00f6\u00dferung, Rotfrei- und Blaufilter.","robots":{"index":"index","follow":"follow","max-snippet":"max-snippet:-1","max-image-preview":"max-image-preview:large","max-video-preview":"max-video-preview:-1"},"canonical":"https:\/\/bon.de\/en\/product\/mobile-led-slit-lamp-keeler-psl-including-charging-station\/","og_locale":"en_US","og_type":"article","og_title":"mobile LED slit lamp Keeler PSL Classic 10x +16x including charging station - bon Optic - Partner auf Augenh\u00f6he","og_description":"Die Akku Hand-Spaltlampe Keeler PSL, bietet Ihnen fortschrittliche LED-Beleuchtung, 10x und 16x Vergr\u00f6\u00dferung, Rotfrei- und Blaufilter.","og_url":"https:\/\/bon.de\/en\/product\/mobile-led-slit-lamp-keeler-psl-including-charging-station\/","og_site_name":"bon Optic - Partner auf Augenh\u00f6he","article_modified_time":"2024-03-31T23:03:28+00:00","og_image":[{"width":444,"height":442,"url":"https:\/\/bon.de\/wp-content\/uploads\/2013\/11\/products-Keeler_PSL-1.jpg","type":"image\/jpeg"}],"twitter_card":"summary_large_image","twitter_misc":{"Est. reading time":"2 minutes"},"schema":{"@context":"https:\/\/schema.org","@graph":[{"@type":"WebPage","@id":"https:\/\/bon.de\/en\/product\/mobile-led-slit-lamp-keeler-psl-including-charging-station\/","url":"https:\/\/bon.de\/en\/product\/mobile-led-slit-lamp-keeler-psl-including-charging-station\/","name":"mobile LED slit lamp Keeler PSL Classic 10x +16x including charging station - bon Optic - Partner auf Augenh\u00f6he","isPartOf":{"@id":"https:\/\/bon.de\/#website"},"primaryImageOfPage":{"@id":"https:\/\/bon.de\/en\/product\/mobile-led-slit-lamp-keeler-psl-including-charging-station\/#primaryimage"},"image":{"@id":"https:\/\/bon.de\/en\/product\/mobile-led-slit-lamp-keeler-psl-including-charging-station\/#primaryimage"},"thumbnailUrl":"https:\/\/bon.de\/wp-content\/uploads\/2013\/11\/products-Keeler_PSL-1.jpg","datePublished":"2013-11-12T12:04:27+00:00","dateModified":"2024-03-31T23:03:28+00:00","description":"Die Akku Hand-Spaltlampe Keeler PSL, bietet Ihnen fortschrittliche LED-Beleuchtung, 10x und 16x Vergr\u00f6\u00dferung, Rotfrei- und Blaufilter.","breadcrumb":{"@id":"https:\/\/bon.de\/en\/product\/mobile-led-slit-lamp-keeler-psl-including-charging-station\/#breadcrumb"},"inLanguage":"en-US","potentialAction":[{"@type":"ReadAction","target":["https:\/\/bon.de\/en\/product\/mobile-led-slit-lamp-keeler-psl-including-charging-station\/"]}]},{"@type":"ImageObject","inLanguage":"en-US","@id":"https:\/\/bon.de\/en\/product\/mobile-led-slit-lamp-keeler-psl-including-charging-station\/#primaryimage","url":"https:\/\/bon.de\/wp-content\/uploads\/2013\/11\/products-Keeler_PSL-1.jpg","contentUrl":"https:\/\/bon.de\/wp-content\/uploads\/2013\/11\/products-Keeler_PSL-1.jpg","width":444,"height":442},{"@type":"BreadcrumbList","@id":"https:\/\/bon.de\/en\/product\/mobile-led-slit-lamp-keeler-psl-including-charging-station\/#breadcrumb","itemListElement":[{"@type":"ListItem","position":1,"name":"Home","item":"https:\/\/bon.de\/en\/"},{"@type":"ListItem","position":2,"name":"Shop","item":"https:\/\/bon.de\/en\/shop-2-2\/"},{"@type":"ListItem","position":3,"name":"mobile LED slit lamp Keeler PSL Classic 10x +16x including charging station"}]},{"@type":"WebSite","@id":"https:\/\/bon.de\/#website","url":"https:\/\/bon.de\/","name":"bon Optic - Partner auf Augenh\u00f6he","description":"","publisher":{"@id":"https:\/\/bon.de\/#organization"},"potentialAction":[{"@type":"SearchAction","target":{"@type":"EntryPoint","urlTemplate":"https:\/\/bon.de\/?s={search_term_string}"},"query-input":{"@type":"PropertyValueSpecification","valueRequired":true,"valueName":"search_term_string"}}],"inLanguage":"en-US"},{"@type":"Organization","@id":"https:\/\/bon.de\/#organization","name":"bon Optic Vertriebsgesellschaft mbH","url":"https:\/\/bon.de\/","logo":{"@type":"ImageObject","inLanguage":"en-US","@id":"https:\/\/bon.de\/#\/schema\/logo\/image\/","url":"https:\/\/bon.de\/wp-content\/uploads\/2021\/06\/bon-Logo_512x512px.png","contentUrl":"https:\/\/bon.de\/wp-content\/uploads\/2021\/06\/bon-Logo_512x512px.png","width":512,"height":512,"caption":"bon Optic Vertriebsgesellschaft mbH"},"image":{"@id":"https:\/\/bon.de\/#\/schema\/logo\/image\/"},"sameAs":["https:\/\/www.linkedin.com\/company\/bon-optic-vertriebsgesellschaft-mbh\/","https:\/\/www.youtube.com\/channel\/UCSURhENDItKaH88bvn8LlcA"]}]}},"_links":{"self":[{"href":"https:\/\/bon.de\/en\/wp-json\/wp\/v2\/product\/2784","targetHints":{"allow":["GET"]}}],"collection":[{"href":"https:\/\/bon.de\/en\/wp-json\/wp\/v2\/product"}],"about":[{"href":"https:\/\/bon.de\/en\/wp-json\/wp\/v2\/types\/product"}],"replies":[{"embeddable":true,"href":"https:\/\/bon.de\/en\/wp-json\/wp\/v2\/comments?post=2784"}],"wp:featuredmedia":[{"embeddable":true,"href":"https:\/\/bon.de\/en\/wp-json\/wp\/v2\/media\/2785"}],"wp:attachment":[{"href":"https:\/\/bon.de\/en\/wp-json\/wp\/v2\/media?parent=2784"}],"wp:term":[{"taxonomy":"product_manufacturers","embeddable":true,"href":"https:\/\/bon.de\/en\/wp-json\/wp\/v2\/product_manufacturers?post=2784"},{"taxonomy":"product_brand","embeddable":true,"href":"https:\/\/bon.de\/en\/wp-json\/wp\/v2\/product_brand?post=2784"},{"taxonomy":"product_cat","embeddable":true,"href":"https:\/\/bon.de\/en\/wp-json\/wp\/v2\/product_cat?post=2784"},{"taxonomy":"product_tag","embeddable":true,"href":"https:\/\/bon.de\/en\/wp-json\/wp\/v2\/product_tag?post=2784"}],"curies":[{"name":"wp","href":"https:\/\/api.w.org\/{rel}","templated":true}]}}