{"id":2809,"date":"2013-11-12T12:04:41","date_gmt":"2013-11-12T12:04:41","guid":{"rendered":"https:\/\/bon.de\/?post_type=product&#038;p=2809"},"modified":"2019-11-04T16:01:45","modified_gmt":"2019-11-04T16:01:45","slug":"volk-6-spiegel-gonio-kontaktglas-2","status":"publish","type":"product","link":"https:\/\/bon.de\/en\/product\/volk-6-spiegel-gonio-kontaktglas-2\/","title":{"rendered":"VOLK 6-Spiegel Gonio Kontaktglas"},"content":{"rendered":"<p><b>VOLK 6-Spiegel Gonio Kontaktglas<\/b><\/p>\n<p>prim\u00e4re Anwendung: statische und dynamische Gonioskopie<\/p>\n<p>Eigenschaften &amp; Vorteile:<\/p>\n<p><\/p>\n<li>Sechs eng aneinander liegende Spiegel verhindern L\u00fccken im Sichtfeld und erm\u00f6glichen einen echten 360\u00b0 Rundumblick\n<li>Ein vollst\u00e4ndiges, \u00fcbersichtliches Bild vermeidet Neupositionierung an der Spaltlampe und spart somit Untersuchungszeit.\n<li>Durch das angeschr\u00e4gte Profil muss das Patientenauge weniger gepresst werden.\n<li>Die kleine Fassung l\u00e4sst sich leicht in der Augenh\u00f6hle bewegen.\n<p>Sichtfeld \/ Spiegel: 6&#215;63\u00b0<\/p>\n<p>Vergr\u00f6\u00dferung: 1,0x<\/p>\n<p>Laser spot: 1,0x<\/p>\n<p>Durchmesser der Kontaktfl\u00e4che: 8,4 mm (No Flange Design)<\/p>\n<p>Alternativ auch mit Handgriff erh\u00e4ltlich<\/p>\n","protected":false},"excerpt":{"rendered":"<p>VOLK 6-Spiegel Gonio Kontaktglas prim\u00e4re Anwendung: statische und dynamische Gonioskopie Eigenschaften &amp; Vorteile: Sechs eng aneinander liegende Spiegel verhindern L\u00fccken im Sichtfeld und erm\u00f6glichen einen echten 360\u00b0 Rundumblick Ein vollst\u00e4ndiges, \u00fcbersichtliches Bild vermeidet Neupositionierung an der Spaltlampe und spart somit Untersuchungszeit. Durch das angeschr\u00e4gte Profil muss das Patientenauge weniger gepresst werden. Die kleine Fassung l\u00e4sst [&hellip;]<\/p>\n","protected":false},"featured_media":2810,"comment_status":"open","ping_status":"closed","template":"","meta":{"_acf_changed":false,"inline_featured_image":false},"product_manufacturers":[472],"product_brand":[],"product_cat":[247,319,185],"product_tag":[],"class_list":{"0":"post-2809","1":"product","2":"type-product","3":"status-publish","4":"has-post-thumbnail","6":"product_cat-retina","7":"product_cat-volk-contact-lenses","8":"product_cat-bon-shop-2","10":"first","11":"instock","12":"taxable","13":"shipping-taxable","14":"purchasable","15":"product-type-simple"},"acf":[],"yoast_head":"<!-- This site is optimized with the Yoast SEO plugin v27.0 - https:\/\/yoast.com\/product\/yoast-seo-wordpress\/ -->\n<title>VOLK 6-Spiegel Gonio Kontaktglas - bon Optic - Partner auf Augenh\u00f6he<\/title>\n<meta name=\"robots\" content=\"index, follow, max-snippet:-1, max-image-preview:large, max-video-preview:-1\" \/>\n<link rel=\"canonical\" href=\"https:\/\/bon.de\/en\/product\/volk-6-spiegel-gonio-kontaktglas-2\/\" \/>\n<meta property=\"og:locale\" content=\"en_US\" \/>\n<meta property=\"og:type\" content=\"article\" \/>\n<meta property=\"og:title\" content=\"VOLK 6-Spiegel Gonio Kontaktglas - bon Optic - Partner auf Augenh\u00f6he\" \/>\n<meta property=\"og:description\" content=\"VOLK 6-Spiegel Gonio Kontaktglas prim\u00e4re Anwendung: statische und dynamische Gonioskopie Eigenschaften &amp; Vorteile: Sechs eng aneinander liegende Spiegel verhindern L\u00fccken im Sichtfeld und erm\u00f6glichen einen echten 360\u00b0 Rundumblick Ein vollst\u00e4ndiges, \u00fcbersichtliches Bild vermeidet Neupositionierung an der Spaltlampe und spart somit Untersuchungszeit. Durch das angeschr\u00e4gte Profil muss das Patientenauge weniger gepresst werden. Die kleine Fassung l\u00e4sst [&hellip;]\" \/>\n<meta property=\"og:url\" content=\"https:\/\/bon.de\/en\/product\/volk-6-spiegel-gonio-kontaktglas-2\/\" \/>\n<meta property=\"og:site_name\" content=\"bon Optic - Partner auf Augenh\u00f6he\" \/>\n<meta property=\"article:modified_time\" content=\"2019-11-04T16:01:45+00:00\" \/>\n<meta property=\"og:image\" content=\"https:\/\/bon.de\/wp-content\/uploads\/2013\/11\/products-Volk_6-Spiegel-1.jpg\" \/>\n\t<meta property=\"og:image:width\" content=\"360\" \/>\n\t<meta property=\"og:image:height\" content=\"360\" \/>\n\t<meta property=\"og:image:type\" content=\"image\/jpeg\" \/>\n<meta name=\"twitter:card\" content=\"summary_large_image\" \/>\n<script type=\"application\/ld+json\" class=\"yoast-schema-graph\">{\"@context\":\"https:\/\/schema.org\",\"@graph\":[{\"@type\":\"WebPage\",\"@id\":\"https:\/\/bon.de\/en\/product\/volk-6-spiegel-gonio-kontaktglas-2\/\",\"url\":\"https:\/\/bon.de\/en\/product\/volk-6-spiegel-gonio-kontaktglas-2\/\",\"name\":\"VOLK 6-Spiegel Gonio Kontaktglas - bon Optic - Partner auf Augenh\u00f6he\",\"isPartOf\":{\"@id\":\"https:\/\/bon.de\/#website\"},\"primaryImageOfPage\":{\"@id\":\"https:\/\/bon.de\/en\/product\/volk-6-spiegel-gonio-kontaktglas-2\/#primaryimage\"},\"image\":{\"@id\":\"https:\/\/bon.de\/en\/product\/volk-6-spiegel-gonio-kontaktglas-2\/#primaryimage\"},\"thumbnailUrl\":\"https:\/\/bon.de\/wp-content\/uploads\/2013\/11\/products-Volk_6-Spiegel-1.jpg\",\"datePublished\":\"2013-11-12T12:04:41+00:00\",\"dateModified\":\"2019-11-04T16:01:45+00:00\",\"breadcrumb\":{\"@id\":\"https:\/\/bon.de\/en\/product\/volk-6-spiegel-gonio-kontaktglas-2\/#breadcrumb\"},\"inLanguage\":\"en-US\",\"potentialAction\":[{\"@type\":\"ReadAction\",\"target\":[\"https:\/\/bon.de\/en\/product\/volk-6-spiegel-gonio-kontaktglas-2\/\"]}]},{\"@type\":\"ImageObject\",\"inLanguage\":\"en-US\",\"@id\":\"https:\/\/bon.de\/en\/product\/volk-6-spiegel-gonio-kontaktglas-2\/#primaryimage\",\"url\":\"https:\/\/bon.de\/wp-content\/uploads\/2013\/11\/products-Volk_6-Spiegel-1.jpg\",\"contentUrl\":\"https:\/\/bon.de\/wp-content\/uploads\/2013\/11\/products-Volk_6-Spiegel-1.jpg\",\"width\":360,\"height\":360},{\"@type\":\"BreadcrumbList\",\"@id\":\"https:\/\/bon.de\/en\/product\/volk-6-spiegel-gonio-kontaktglas-2\/#breadcrumb\",\"itemListElement\":[{\"@type\":\"ListItem\",\"position\":1,\"name\":\"Home\",\"item\":\"https:\/\/bon.de\/en\/\"},{\"@type\":\"ListItem\",\"position\":2,\"name\":\"Shop\",\"item\":\"https:\/\/bon.de\/en\/shop-2-2\/\"},{\"@type\":\"ListItem\",\"position\":3,\"name\":\"VOLK 6-Spiegel Gonio Kontaktglas\"}]},{\"@type\":\"WebSite\",\"@id\":\"https:\/\/bon.de\/#website\",\"url\":\"https:\/\/bon.de\/\",\"name\":\"bon Optic - Partner auf Augenh\u00f6he\",\"description\":\"\",\"publisher\":{\"@id\":\"https:\/\/bon.de\/#organization\"},\"potentialAction\":[{\"@type\":\"SearchAction\",\"target\":{\"@type\":\"EntryPoint\",\"urlTemplate\":\"https:\/\/bon.de\/?s={search_term_string}\"},\"query-input\":{\"@type\":\"PropertyValueSpecification\",\"valueRequired\":true,\"valueName\":\"search_term_string\"}}],\"inLanguage\":\"en-US\"},{\"@type\":\"Organization\",\"@id\":\"https:\/\/bon.de\/#organization\",\"name\":\"bon Optic Vertriebsgesellschaft mbH\",\"url\":\"https:\/\/bon.de\/\",\"logo\":{\"@type\":\"ImageObject\",\"inLanguage\":\"en-US\",\"@id\":\"https:\/\/bon.de\/#\/schema\/logo\/image\/\",\"url\":\"https:\/\/bon.de\/wp-content\/uploads\/2021\/06\/bon-Logo_512x512px.png\",\"contentUrl\":\"https:\/\/bon.de\/wp-content\/uploads\/2021\/06\/bon-Logo_512x512px.png\",\"width\":512,\"height\":512,\"caption\":\"bon Optic Vertriebsgesellschaft mbH\"},\"image\":{\"@id\":\"https:\/\/bon.de\/#\/schema\/logo\/image\/\"},\"sameAs\":[\"https:\/\/www.linkedin.com\/company\/bon-optic-vertriebsgesellschaft-mbh\/\",\"https:\/\/www.youtube.com\/channel\/UCSURhENDItKaH88bvn8LlcA\"]}]}<\/script>\n<!-- \/ Yoast SEO plugin. -->","yoast_head_json":{"title":"VOLK 6-Spiegel Gonio Kontaktglas - bon Optic - Partner auf Augenh\u00f6he","robots":{"index":"index","follow":"follow","max-snippet":"max-snippet:-1","max-image-preview":"max-image-preview:large","max-video-preview":"max-video-preview:-1"},"canonical":"https:\/\/bon.de\/en\/product\/volk-6-spiegel-gonio-kontaktglas-2\/","og_locale":"en_US","og_type":"article","og_title":"VOLK 6-Spiegel Gonio Kontaktglas - bon Optic - Partner auf Augenh\u00f6he","og_description":"VOLK 6-Spiegel Gonio Kontaktglas prim\u00e4re Anwendung: statische und dynamische Gonioskopie Eigenschaften &amp; Vorteile: Sechs eng aneinander liegende Spiegel verhindern L\u00fccken im Sichtfeld und erm\u00f6glichen einen echten 360\u00b0 Rundumblick Ein vollst\u00e4ndiges, \u00fcbersichtliches Bild vermeidet Neupositionierung an der Spaltlampe und spart somit Untersuchungszeit. Durch das angeschr\u00e4gte Profil muss das Patientenauge weniger gepresst werden. Die kleine Fassung l\u00e4sst [&hellip;]","og_url":"https:\/\/bon.de\/en\/product\/volk-6-spiegel-gonio-kontaktglas-2\/","og_site_name":"bon Optic - Partner auf Augenh\u00f6he","article_modified_time":"2019-11-04T16:01:45+00:00","og_image":[{"width":360,"height":360,"url":"https:\/\/bon.de\/wp-content\/uploads\/2013\/11\/products-Volk_6-Spiegel-1.jpg","type":"image\/jpeg"}],"twitter_card":"summary_large_image","schema":{"@context":"https:\/\/schema.org","@graph":[{"@type":"WebPage","@id":"https:\/\/bon.de\/en\/product\/volk-6-spiegel-gonio-kontaktglas-2\/","url":"https:\/\/bon.de\/en\/product\/volk-6-spiegel-gonio-kontaktglas-2\/","name":"VOLK 6-Spiegel Gonio Kontaktglas - bon Optic - Partner auf Augenh\u00f6he","isPartOf":{"@id":"https:\/\/bon.de\/#website"},"primaryImageOfPage":{"@id":"https:\/\/bon.de\/en\/product\/volk-6-spiegel-gonio-kontaktglas-2\/#primaryimage"},"image":{"@id":"https:\/\/bon.de\/en\/product\/volk-6-spiegel-gonio-kontaktglas-2\/#primaryimage"},"thumbnailUrl":"https:\/\/bon.de\/wp-content\/uploads\/2013\/11\/products-Volk_6-Spiegel-1.jpg","datePublished":"2013-11-12T12:04:41+00:00","dateModified":"2019-11-04T16:01:45+00:00","breadcrumb":{"@id":"https:\/\/bon.de\/en\/product\/volk-6-spiegel-gonio-kontaktglas-2\/#breadcrumb"},"inLanguage":"en-US","potentialAction":[{"@type":"ReadAction","target":["https:\/\/bon.de\/en\/product\/volk-6-spiegel-gonio-kontaktglas-2\/"]}]},{"@type":"ImageObject","inLanguage":"en-US","@id":"https:\/\/bon.de\/en\/product\/volk-6-spiegel-gonio-kontaktglas-2\/#primaryimage","url":"https:\/\/bon.de\/wp-content\/uploads\/2013\/11\/products-Volk_6-Spiegel-1.jpg","contentUrl":"https:\/\/bon.de\/wp-content\/uploads\/2013\/11\/products-Volk_6-Spiegel-1.jpg","width":360,"height":360},{"@type":"BreadcrumbList","@id":"https:\/\/bon.de\/en\/product\/volk-6-spiegel-gonio-kontaktglas-2\/#breadcrumb","itemListElement":[{"@type":"ListItem","position":1,"name":"Home","item":"https:\/\/bon.de\/en\/"},{"@type":"ListItem","position":2,"name":"Shop","item":"https:\/\/bon.de\/en\/shop-2-2\/"},{"@type":"ListItem","position":3,"name":"VOLK 6-Spiegel Gonio Kontaktglas"}]},{"@type":"WebSite","@id":"https:\/\/bon.de\/#website","url":"https:\/\/bon.de\/","name":"bon Optic - Partner auf Augenh\u00f6he","description":"","publisher":{"@id":"https:\/\/bon.de\/#organization"},"potentialAction":[{"@type":"SearchAction","target":{"@type":"EntryPoint","urlTemplate":"https:\/\/bon.de\/?s={search_term_string}"},"query-input":{"@type":"PropertyValueSpecification","valueRequired":true,"valueName":"search_term_string"}}],"inLanguage":"en-US"},{"@type":"Organization","@id":"https:\/\/bon.de\/#organization","name":"bon Optic Vertriebsgesellschaft mbH","url":"https:\/\/bon.de\/","logo":{"@type":"ImageObject","inLanguage":"en-US","@id":"https:\/\/bon.de\/#\/schema\/logo\/image\/","url":"https:\/\/bon.de\/wp-content\/uploads\/2021\/06\/bon-Logo_512x512px.png","contentUrl":"https:\/\/bon.de\/wp-content\/uploads\/2021\/06\/bon-Logo_512x512px.png","width":512,"height":512,"caption":"bon Optic Vertriebsgesellschaft mbH"},"image":{"@id":"https:\/\/bon.de\/#\/schema\/logo\/image\/"},"sameAs":["https:\/\/www.linkedin.com\/company\/bon-optic-vertriebsgesellschaft-mbh\/","https:\/\/www.youtube.com\/channel\/UCSURhENDItKaH88bvn8LlcA"]}]}},"_links":{"self":[{"href":"https:\/\/bon.de\/en\/wp-json\/wp\/v2\/product\/2809","targetHints":{"allow":["GET"]}}],"collection":[{"href":"https:\/\/bon.de\/en\/wp-json\/wp\/v2\/product"}],"about":[{"href":"https:\/\/bon.de\/en\/wp-json\/wp\/v2\/types\/product"}],"replies":[{"embeddable":true,"href":"https:\/\/bon.de\/en\/wp-json\/wp\/v2\/comments?post=2809"}],"wp:featuredmedia":[{"embeddable":true,"href":"https:\/\/bon.de\/en\/wp-json\/wp\/v2\/media\/2810"}],"wp:attachment":[{"href":"https:\/\/bon.de\/en\/wp-json\/wp\/v2\/media?parent=2809"}],"wp:term":[{"taxonomy":"product_manufacturers","embeddable":true,"href":"https:\/\/bon.de\/en\/wp-json\/wp\/v2\/product_manufacturers?post=2809"},{"taxonomy":"product_brand","embeddable":true,"href":"https:\/\/bon.de\/en\/wp-json\/wp\/v2\/product_brand?post=2809"},{"taxonomy":"product_cat","embeddable":true,"href":"https:\/\/bon.de\/en\/wp-json\/wp\/v2\/product_cat?post=2809"},{"taxonomy":"product_tag","embeddable":true,"href":"https:\/\/bon.de\/en\/wp-json\/wp\/v2\/product_tag?post=2809"}],"curies":[{"name":"wp","href":"https:\/\/api.w.org\/{rel}","templated":true}]}}