{"id":2852,"date":"2013-11-12T12:05:00","date_gmt":"2013-11-12T12:05:00","guid":{"rendered":"https:\/\/bon.de\/?post_type=product&#038;p=2852"},"modified":"2023-12-14T11:03:43","modified_gmt":"2023-12-14T10:03:43","slug":"rexxam-autorefraktometer-accuref-r-800-2","status":"publish","type":"product","link":"https:\/\/bon.de\/en\/product\/rexxam-autorefraktometer-accuref-r-800-2\/","title":{"rendered":"REXXAM Autorefraktometer Accuref R-800"},"content":{"rendered":"<p><b>Die neue Generation von REXXAM beweist Style und Design<\/b><br \/><\n\nAusgezeichnete Qualit\u00e4t und faszinierende Details. \u2013 Durchdachte Formen mit sanften Rundungen und attraktive Farbgestaltung in hochwertiger Metallic-Perleffekt-Lackierung schmeicheln jeder Einrichtung und schaffen eine angenehme, vertrauensvolle Atmosph\u00e4re.\n\n\n\n<b>Touch-Interface<\/b><\/p>\n<p>Federleicht ansprechende Sensor-Tasten erm\u00f6glichen einfache, intuitive Bedienung durch sanftes Ber\u00fchren.<\/p>\n<p><b>Optik mit verbesserter Pr\u00e4zision<\/b><\/p>\n<p>Die komplett neu konstruierte optische Einheit erm\u00f6glicht bereits bei einer 2,0 mm Pupille h\u00f6chst pr\u00e4zise Messergebnisse. Zus\u00e4tzlich unterst\u00fctzt Sie das Display mit weiteren n\u00fctzlichen Informationen, wie z.B. ein Indikator f\u00fcr die Verl\u00e4sslichkeit der Messwerte.<\/p>\n<p><b>Lichtblenden &#038; verbesserte Kopfst\u00fctze<\/b><\/p>\n<p>An den Seiten montierte Blenden verhindern st\u00f6renden Lichteinfall und steigern dadurch die Genauigkeit. Die ergonomisch umgestaltete Form des Kopfhalters bewirkt ein sp\u00fcrbar verbessertes Wohlbefinden des Probanden.<\/p>\n<p><b>Neuer Joystick<\/b><\/p>\n<p>Dank seines ge\u00e4nderten Designs erlaubt der Joystick eine au\u00dfergew\u00f6hnlich pr\u00e4zise und instinktive Kontrolle der Messeinheit.<\/p>\n<p><b>Neuer IOL Modus<\/b><\/p>\n<p>Der neu gestalteten IOL Modus verspricht besonders leichtes Messen von Probanden mit Intraokularlinsen. Auch hierbei erweisen sich die farbigen Fokusier-Marken als ausgesprochen hilfreich.<\/p>\n<p><b>Skotopisch &#038; Photopisch<\/b><\/p>\n<p>Sowohl skotopische als auch photopische Messungen des Pupillendurchmessers sind m\u00f6glich.<\/p>\n<p><b>Einzigartiger LCD Monitor<\/b><\/p>\n<p>Der bewegliche Bildschirm l\u00e4sst sich um 30\u00b0 schwenken und sogar um 40\u00b0 neigen. Dadurch messen Sie aus praktisch jeder Position, zum Beispiel auch, w\u00e4hrend Sie mit dem Probanden interagieren.<\/p>\n","protected":false},"excerpt":{"rendered":"<p>Die neue Generation von REXXAM beweist Style und Design< Ausgezeichnete Qualit\u00e4t und faszinierende Details. \u2013 Durchdachte Formen mit sanften Rundungen und attraktive Farbgestaltung in hochwertiger Metallic-Perleffekt-Lackierung schmeicheln jeder Einrichtung und schaffen eine angenehme, vertrauensvolle Atmosph\u00e4re. Touch-Interface Federleicht ansprechende Sensor-Tasten erm\u00f6glichen einfache, intuitive Bedienung durch sanftes Ber\u00fchren. Optik mit verbesserter Pr\u00e4zision Die komplett neu konstruierte optische [&hellip;]\n<\/p>\n","protected":false},"featured_media":2853,"comment_status":"open","ping_status":"closed","template":"","meta":{"_acf_changed":false,"inline_featured_image":false},"product_manufacturers":[704],"product_brand":[],"product_cat":[113,676],"product_tag":[],"class_list":{"0":"post-2852","1":"product","2":"type-product","3":"status-publish","4":"has-post-thumbnail","6":"product_cat-refraction-2","7":"product_cat-autorefractometer","9":"first","10":"instock","11":"taxable","12":"shipping-taxable","13":"product-type-simple"},"acf":[],"yoast_head":"<!-- This site is optimized with the Yoast SEO plugin v27.0 - https:\/\/yoast.com\/product\/yoast-seo-wordpress\/ -->\n<title>REXXAM Autorefraktometer Accuref R-800 - bon Optic - Partner auf Augenh\u00f6he<\/title>\n<meta name=\"robots\" content=\"index, follow, max-snippet:-1, max-image-preview:large, max-video-preview:-1\" \/>\n<link rel=\"canonical\" href=\"https:\/\/bon.de\/en\/product\/rexxam-autorefraktometer-accuref-r-800-2\/\" \/>\n<meta property=\"og:locale\" content=\"en_US\" \/>\n<meta property=\"og:type\" content=\"article\" \/>\n<meta property=\"og:title\" content=\"REXXAM Autorefraktometer Accuref R-800 - bon Optic - Partner auf Augenh\u00f6he\" \/>\n<meta property=\"og:description\" content=\"Die neue Generation von REXXAM beweist Style und Design&lt; Ausgezeichnete Qualit\u00e4t und faszinierende Details. \u2013 Durchdachte Formen mit sanften Rundungen und attraktive Farbgestaltung in hochwertiger Metallic-Perleffekt-Lackierung schmeicheln jeder Einrichtung und schaffen eine angenehme, vertrauensvolle Atmosph\u00e4re. Touch-Interface Federleicht ansprechende Sensor-Tasten erm\u00f6glichen einfache, intuitive Bedienung durch sanftes Ber\u00fchren. Optik mit verbesserter Pr\u00e4zision Die komplett neu konstruierte optische [&hellip;]\" \/>\n<meta property=\"og:url\" content=\"https:\/\/bon.de\/en\/product\/rexxam-autorefraktometer-accuref-r-800-2\/\" \/>\n<meta property=\"og:site_name\" content=\"bon Optic - Partner auf Augenh\u00f6he\" \/>\n<meta property=\"article:modified_time\" content=\"2023-12-14T10:03:43+00:00\" \/>\n<meta property=\"og:image\" content=\"https:\/\/bon.de\/wp-content\/uploads\/2013\/11\/products-accuref-r800-k900-1.jpg\" \/>\n\t<meta property=\"og:image:width\" content=\"456\" \/>\n\t<meta property=\"og:image:height\" content=\"456\" \/>\n\t<meta property=\"og:image:type\" content=\"image\/jpeg\" \/>\n<meta name=\"twitter:card\" content=\"summary_large_image\" \/>\n<meta name=\"twitter:label1\" content=\"Est. reading time\" \/>\n\t<meta name=\"twitter:data1\" content=\"1 minute\" \/>\n<script type=\"application\/ld+json\" class=\"yoast-schema-graph\">{\"@context\":\"https:\/\/schema.org\",\"@graph\":[{\"@type\":\"WebPage\",\"@id\":\"https:\/\/bon.de\/en\/product\/rexxam-autorefraktometer-accuref-r-800-2\/\",\"url\":\"https:\/\/bon.de\/en\/product\/rexxam-autorefraktometer-accuref-r-800-2\/\",\"name\":\"REXXAM Autorefraktometer Accuref R-800 - bon Optic - Partner auf Augenh\u00f6he\",\"isPartOf\":{\"@id\":\"https:\/\/bon.de\/#website\"},\"primaryImageOfPage\":{\"@id\":\"https:\/\/bon.de\/en\/product\/rexxam-autorefraktometer-accuref-r-800-2\/#primaryimage\"},\"image\":{\"@id\":\"https:\/\/bon.de\/en\/product\/rexxam-autorefraktometer-accuref-r-800-2\/#primaryimage\"},\"thumbnailUrl\":\"https:\/\/bon.de\/wp-content\/uploads\/2013\/11\/products-accuref-r800-k900-1.jpg\",\"datePublished\":\"2013-11-12T12:05:00+00:00\",\"dateModified\":\"2023-12-14T10:03:43+00:00\",\"breadcrumb\":{\"@id\":\"https:\/\/bon.de\/en\/product\/rexxam-autorefraktometer-accuref-r-800-2\/#breadcrumb\"},\"inLanguage\":\"en-US\",\"potentialAction\":[{\"@type\":\"ReadAction\",\"target\":[\"https:\/\/bon.de\/en\/product\/rexxam-autorefraktometer-accuref-r-800-2\/\"]}]},{\"@type\":\"ImageObject\",\"inLanguage\":\"en-US\",\"@id\":\"https:\/\/bon.de\/en\/product\/rexxam-autorefraktometer-accuref-r-800-2\/#primaryimage\",\"url\":\"https:\/\/bon.de\/wp-content\/uploads\/2013\/11\/products-accuref-r800-k900-1.jpg\",\"contentUrl\":\"https:\/\/bon.de\/wp-content\/uploads\/2013\/11\/products-accuref-r800-k900-1.jpg\",\"width\":456,\"height\":456},{\"@type\":\"BreadcrumbList\",\"@id\":\"https:\/\/bon.de\/en\/product\/rexxam-autorefraktometer-accuref-r-800-2\/#breadcrumb\",\"itemListElement\":[{\"@type\":\"ListItem\",\"position\":1,\"name\":\"Home\",\"item\":\"https:\/\/bon.de\/en\/\"},{\"@type\":\"ListItem\",\"position\":2,\"name\":\"Shop\",\"item\":\"https:\/\/bon.de\/en\/shop-2-2\/\"},{\"@type\":\"ListItem\",\"position\":3,\"name\":\"REXXAM Autorefraktometer Accuref R-800\"}]},{\"@type\":\"WebSite\",\"@id\":\"https:\/\/bon.de\/#website\",\"url\":\"https:\/\/bon.de\/\",\"name\":\"bon Optic - Partner auf Augenh\u00f6he\",\"description\":\"\",\"publisher\":{\"@id\":\"https:\/\/bon.de\/#organization\"},\"potentialAction\":[{\"@type\":\"SearchAction\",\"target\":{\"@type\":\"EntryPoint\",\"urlTemplate\":\"https:\/\/bon.de\/?s={search_term_string}\"},\"query-input\":{\"@type\":\"PropertyValueSpecification\",\"valueRequired\":true,\"valueName\":\"search_term_string\"}}],\"inLanguage\":\"en-US\"},{\"@type\":\"Organization\",\"@id\":\"https:\/\/bon.de\/#organization\",\"name\":\"bon Optic Vertriebsgesellschaft mbH\",\"url\":\"https:\/\/bon.de\/\",\"logo\":{\"@type\":\"ImageObject\",\"inLanguage\":\"en-US\",\"@id\":\"https:\/\/bon.de\/#\/schema\/logo\/image\/\",\"url\":\"https:\/\/bon.de\/wp-content\/uploads\/2021\/06\/bon-Logo_512x512px.png\",\"contentUrl\":\"https:\/\/bon.de\/wp-content\/uploads\/2021\/06\/bon-Logo_512x512px.png\",\"width\":512,\"height\":512,\"caption\":\"bon Optic Vertriebsgesellschaft mbH\"},\"image\":{\"@id\":\"https:\/\/bon.de\/#\/schema\/logo\/image\/\"},\"sameAs\":[\"https:\/\/www.linkedin.com\/company\/bon-optic-vertriebsgesellschaft-mbh\/\",\"https:\/\/www.youtube.com\/channel\/UCSURhENDItKaH88bvn8LlcA\"]}]}<\/script>\n<!-- \/ Yoast SEO plugin. -->","yoast_head_json":{"title":"REXXAM Autorefraktometer Accuref R-800 - bon Optic - Partner auf Augenh\u00f6he","robots":{"index":"index","follow":"follow","max-snippet":"max-snippet:-1","max-image-preview":"max-image-preview:large","max-video-preview":"max-video-preview:-1"},"canonical":"https:\/\/bon.de\/en\/product\/rexxam-autorefraktometer-accuref-r-800-2\/","og_locale":"en_US","og_type":"article","og_title":"REXXAM Autorefraktometer Accuref R-800 - bon Optic - Partner auf Augenh\u00f6he","og_description":"Die neue Generation von REXXAM beweist Style und Design< Ausgezeichnete Qualit\u00e4t und faszinierende Details. \u2013 Durchdachte Formen mit sanften Rundungen und attraktive Farbgestaltung in hochwertiger Metallic-Perleffekt-Lackierung schmeicheln jeder Einrichtung und schaffen eine angenehme, vertrauensvolle Atmosph\u00e4re. Touch-Interface Federleicht ansprechende Sensor-Tasten erm\u00f6glichen einfache, intuitive Bedienung durch sanftes Ber\u00fchren. Optik mit verbesserter Pr\u00e4zision Die komplett neu konstruierte optische [&hellip;]","og_url":"https:\/\/bon.de\/en\/product\/rexxam-autorefraktometer-accuref-r-800-2\/","og_site_name":"bon Optic - Partner auf Augenh\u00f6he","article_modified_time":"2023-12-14T10:03:43+00:00","og_image":[{"width":456,"height":456,"url":"https:\/\/bon.de\/wp-content\/uploads\/2013\/11\/products-accuref-r800-k900-1.jpg","type":"image\/jpeg"}],"twitter_card":"summary_large_image","twitter_misc":{"Est. reading time":"1 minute"},"schema":{"@context":"https:\/\/schema.org","@graph":[{"@type":"WebPage","@id":"https:\/\/bon.de\/en\/product\/rexxam-autorefraktometer-accuref-r-800-2\/","url":"https:\/\/bon.de\/en\/product\/rexxam-autorefraktometer-accuref-r-800-2\/","name":"REXXAM Autorefraktometer Accuref R-800 - bon Optic - Partner auf Augenh\u00f6he","isPartOf":{"@id":"https:\/\/bon.de\/#website"},"primaryImageOfPage":{"@id":"https:\/\/bon.de\/en\/product\/rexxam-autorefraktometer-accuref-r-800-2\/#primaryimage"},"image":{"@id":"https:\/\/bon.de\/en\/product\/rexxam-autorefraktometer-accuref-r-800-2\/#primaryimage"},"thumbnailUrl":"https:\/\/bon.de\/wp-content\/uploads\/2013\/11\/products-accuref-r800-k900-1.jpg","datePublished":"2013-11-12T12:05:00+00:00","dateModified":"2023-12-14T10:03:43+00:00","breadcrumb":{"@id":"https:\/\/bon.de\/en\/product\/rexxam-autorefraktometer-accuref-r-800-2\/#breadcrumb"},"inLanguage":"en-US","potentialAction":[{"@type":"ReadAction","target":["https:\/\/bon.de\/en\/product\/rexxam-autorefraktometer-accuref-r-800-2\/"]}]},{"@type":"ImageObject","inLanguage":"en-US","@id":"https:\/\/bon.de\/en\/product\/rexxam-autorefraktometer-accuref-r-800-2\/#primaryimage","url":"https:\/\/bon.de\/wp-content\/uploads\/2013\/11\/products-accuref-r800-k900-1.jpg","contentUrl":"https:\/\/bon.de\/wp-content\/uploads\/2013\/11\/products-accuref-r800-k900-1.jpg","width":456,"height":456},{"@type":"BreadcrumbList","@id":"https:\/\/bon.de\/en\/product\/rexxam-autorefraktometer-accuref-r-800-2\/#breadcrumb","itemListElement":[{"@type":"ListItem","position":1,"name":"Home","item":"https:\/\/bon.de\/en\/"},{"@type":"ListItem","position":2,"name":"Shop","item":"https:\/\/bon.de\/en\/shop-2-2\/"},{"@type":"ListItem","position":3,"name":"REXXAM Autorefraktometer Accuref R-800"}]},{"@type":"WebSite","@id":"https:\/\/bon.de\/#website","url":"https:\/\/bon.de\/","name":"bon Optic - Partner auf Augenh\u00f6he","description":"","publisher":{"@id":"https:\/\/bon.de\/#organization"},"potentialAction":[{"@type":"SearchAction","target":{"@type":"EntryPoint","urlTemplate":"https:\/\/bon.de\/?s={search_term_string}"},"query-input":{"@type":"PropertyValueSpecification","valueRequired":true,"valueName":"search_term_string"}}],"inLanguage":"en-US"},{"@type":"Organization","@id":"https:\/\/bon.de\/#organization","name":"bon Optic Vertriebsgesellschaft mbH","url":"https:\/\/bon.de\/","logo":{"@type":"ImageObject","inLanguage":"en-US","@id":"https:\/\/bon.de\/#\/schema\/logo\/image\/","url":"https:\/\/bon.de\/wp-content\/uploads\/2021\/06\/bon-Logo_512x512px.png","contentUrl":"https:\/\/bon.de\/wp-content\/uploads\/2021\/06\/bon-Logo_512x512px.png","width":512,"height":512,"caption":"bon Optic Vertriebsgesellschaft mbH"},"image":{"@id":"https:\/\/bon.de\/#\/schema\/logo\/image\/"},"sameAs":["https:\/\/www.linkedin.com\/company\/bon-optic-vertriebsgesellschaft-mbh\/","https:\/\/www.youtube.com\/channel\/UCSURhENDItKaH88bvn8LlcA"]}]}},"_links":{"self":[{"href":"https:\/\/bon.de\/en\/wp-json\/wp\/v2\/product\/2852","targetHints":{"allow":["GET"]}}],"collection":[{"href":"https:\/\/bon.de\/en\/wp-json\/wp\/v2\/product"}],"about":[{"href":"https:\/\/bon.de\/en\/wp-json\/wp\/v2\/types\/product"}],"replies":[{"embeddable":true,"href":"https:\/\/bon.de\/en\/wp-json\/wp\/v2\/comments?post=2852"}],"wp:featuredmedia":[{"embeddable":true,"href":"https:\/\/bon.de\/en\/wp-json\/wp\/v2\/media\/2853"}],"wp:attachment":[{"href":"https:\/\/bon.de\/en\/wp-json\/wp\/v2\/media?parent=2852"}],"wp:term":[{"taxonomy":"product_manufacturers","embeddable":true,"href":"https:\/\/bon.de\/en\/wp-json\/wp\/v2\/product_manufacturers?post=2852"},{"taxonomy":"product_brand","embeddable":true,"href":"https:\/\/bon.de\/en\/wp-json\/wp\/v2\/product_brand?post=2852"},{"taxonomy":"product_cat","embeddable":true,"href":"https:\/\/bon.de\/en\/wp-json\/wp\/v2\/product_cat?post=2852"},{"taxonomy":"product_tag","embeddable":true,"href":"https:\/\/bon.de\/en\/wp-json\/wp\/v2\/product_tag?post=2852"}],"curies":[{"name":"wp","href":"https:\/\/api.w.org\/{rel}","templated":true}]}}