{"id":2913,"date":"2013-11-12T12:05:27","date_gmt":"2013-11-12T12:05:27","guid":{"rendered":"https:\/\/bon.de\/?post_type=product&#038;p=2913"},"modified":"2023-03-01T00:00:03","modified_gmt":"2023-02-28T22:00:03","slug":"led-brillenophthalmoskop-spectra-iris-mit-accu-und-ladestation-2","status":"publish","type":"product","link":"https:\/\/bon.de\/en\/product\/led-brillenophthalmoskop-spectra-iris-mit-accu-und-ladestation-2\/","title":{"rendered":"LED-Brillenophthalmoskop Spectra IRIS mit Accu und Ladestation"},"content":{"rendered":"<p><b>Keeler Spectra Iris &#8211; Alles, was Sie von einem modernen Ophthalmoskop erwarten &#8211; und mehr!<\/b><\/br><br \/>\nMit dem professionellen Spectra IRIS erhalten Sie ein sehr kompaktes und leichtes indirektes Brillenophthalmoskop mit gro\u00dfen Vorteilen, besonders im mobilen Einsatz.\n<\/p>\n<p><b>Stufenlose Blende<\/b><\/br><br \/>\nEin \u00fcberzeugendes Argument f\u00fcr das Spectra IRIS ist die integrierte Iris-Blende.<br \/>\nWie die Iris in Ihrem Auge l\u00e4sst sich die Blende stufenlos anpassen. Sie erm\u00f6glicht Ihnen so einen einzigartig leichten Blick auf die Netzhaut, egal ob durch eine gro\u00dfe oder kleine Pupille.\n<\/p>\n<p><b>Keeler Sport-Gestell<\/b><\/br><br \/>\nDie neuen Sportb\u00fcgel des Spectra IRIS sehen nicht nur attraktiv aus, sondern sind auch au\u00dfergew\u00f6hnlich bequem und versprechen eine angenehme Gewichtsverteilung.\n<\/p>\n<p><b>Passt perfekt \u00fcber Ihre Brille<\/b><\/br><br \/>\nSie brauchen Ihre Brille f\u00fcr die Untersuchung nicht abnehmen, sondern setzen das Spectra IRIS einfach ganz bequem dar\u00fcber.\n<\/p>\n<p><b>Schwenkbare Optik<\/b><\/br><br \/>\nDie komplette optische Einheit kann einfach hoch geschwenkt werden. So behalten Sie jederzeit Augenkontakt zu Ihren Patienten und k\u00f6nnen schnell Notizen schreiben, ohne das Ophthalmoskop auf- und absetzen zu m\u00fcssen.\n<\/p>\n<p><b>Neue Konstruktion<\/b><\/br><br \/>\nDank einer neu konstruierten Aufh\u00e4ngung sitzt die Optik dichter an Ihren Augen. Spectra IRIS erlaubt Ihnen dadurch bessere Betrachtung und optimalen Tragekomfort.<\/p>\n<p><b>Variable PD<\/b><\/br><br \/>\nPassen Sie die Pupillendistanz einfach Ihren Bed\u00fcrfnissen an. Ohne Einschr\u00e4nkungen. Spectra IRIS bietet Ihnen daf\u00fcr einen gro\u00dfz\u00fcgigen Einstellbereich zwischen 48 und 76 mm.<br \/>\nDiese Eigenschaft ist besonders vorteilhaft, wenn sich mehrere Benutzer ein Ophthalmoskop teilen.\n<\/p>\n<p><b>N\u00fctzliche Filter<\/b><\/br><br \/>\nIm modernen Spectra IRIS steckt die jahrzehntelange Erfahrung des britischen Traditionsherstellers Keeler.<br \/>\nDer B.I.O. Weltmarktf\u00fchrer hat dem Spectra IRIS neben einer brillianten Optik auch praktisch zuschaltbare Gr\u00fcn- \/ Rotfrei- und UV-Filter spendiert.\n<\/p>\n<p><b>Langlebige LED Beleuchtung<\/b><\/br><br \/>\nDie Keeler LED Technologie garantiert besonders helles, wei\u00dfes Licht mit gleichm\u00e4\u00dfiger Ausleuchtung.<br \/>\nLED bedeutet auch: nie wieder Lampen wechseln!\n<\/p>\n<p><b>Leichter Lithium-Ionen Akku<\/b><\/br><br \/>\nDen kleinen, leichten Lithium-Ionen Akku tragen Sie ganz bequem am G\u00fcrtel. Wenn er nicht ben\u00f6tigt wird, stellen Sie ihn einfach in die Ladestation.<br \/>\nDie fortschrittliche Technologie der Ladebatterie erm\u00f6glicht Ihnen bis zu 4 Stunden durchgehende Untersuchung bei voller Beleuchtungsst\u00e4rke.\n<\/p>\n<p><b>Sicher verwahrt<\/b><\/br><br \/>\nWenn das Spectra IRIS einmal nicht gebraucht wird, verwahren Sie es in der praktischen Transporttasche oder tragen es mit der Trageschlaufe bequem um Ihren Hals.<br \/>\n(Die Transporttasche ist optional gegen Aufpreis erh\u00e4ltlich.)<\/p>\n","protected":false},"excerpt":{"rendered":"<p>Keeler Spectra Iris &#8211; Alles, was Sie von einem modernen Ophthalmoskop erwarten &#8211; und mehr! Mit dem professionellen Spectra IRIS erhalten Sie ein sehr kompaktes und leichtes indirektes Brillenophthalmoskop mit gro\u00dfen Vorteilen, besonders im mobilen Einsatz. Stufenlose Blende Ein \u00fcberzeugendes Argument f\u00fcr das Spectra IRIS ist die integrierte Iris-Blende. Wie die Iris in Ihrem Auge [&hellip;]<\/p>\n","protected":false},"featured_media":2914,"comment_status":"open","ping_status":"closed","template":"","meta":{"_acf_changed":false,"inline_featured_image":false},"product_manufacturers":[466],"product_brand":[],"product_cat":[247,321],"product_tag":[],"class_list":{"0":"post-2913","1":"product","2":"type-product","3":"status-publish","4":"has-post-thumbnail","6":"product_cat-retina","7":"product_cat-ophthalmoscopes-3","9":"first","10":"instock","11":"taxable","12":"shipping-taxable","13":"purchasable","14":"product-type-simple"},"acf":[],"yoast_head":"<!-- This site is optimized with the Yoast SEO plugin v27.0 - https:\/\/yoast.com\/product\/yoast-seo-wordpress\/ -->\n<title>LED-Brillenophthalmoskop Keeler Spectra IRIS mit Accu und Ladestation<\/title>\n<meta name=\"robots\" content=\"index, follow, max-snippet:-1, max-image-preview:large, max-video-preview:-1\" \/>\n<link rel=\"canonical\" href=\"https:\/\/bon.de\/en\/product\/led-brillenophthalmoskop-spectra-iris-mit-accu-und-ladestation-2\/\" \/>\n<meta property=\"og:locale\" content=\"en_US\" \/>\n<meta property=\"og:type\" content=\"article\" \/>\n<meta property=\"og:title\" content=\"LED-Brillenophthalmoskop Keeler Spectra IRIS mit Accu und Ladestation\" \/>\n<meta property=\"og:description\" content=\"Keeler Spectra Iris &#8211; Alles, was Sie von einem modernen Ophthalmoskop erwarten &#8211; und mehr! Mit dem professionellen Spectra IRIS erhalten Sie ein sehr kompaktes und leichtes indirektes Brillenophthalmoskop mit gro\u00dfen Vorteilen, besonders im mobilen Einsatz. Stufenlose Blende Ein \u00fcberzeugendes Argument f\u00fcr das Spectra IRIS ist die integrierte Iris-Blende. Wie die Iris in Ihrem Auge [&hellip;]\" \/>\n<meta property=\"og:url\" content=\"https:\/\/bon.de\/en\/product\/led-brillenophthalmoskop-spectra-iris-mit-accu-und-ladestation-2\/\" \/>\n<meta property=\"og:site_name\" content=\"bon Optic - Partner auf Augenh\u00f6he\" \/>\n<meta property=\"article:modified_time\" content=\"2023-02-28T22:00:03+00:00\" \/>\n<meta property=\"og:image\" content=\"https:\/\/bon.de\/wp-content\/uploads\/2015\/10\/products-2625108-1.jpg\" \/>\n\t<meta property=\"og:image:width\" content=\"967\" \/>\n\t<meta property=\"og:image:height\" content=\"539\" \/>\n\t<meta property=\"og:image:type\" content=\"image\/jpeg\" \/>\n<meta name=\"twitter:card\" content=\"summary_large_image\" \/>\n<meta name=\"twitter:label1\" content=\"Est. reading time\" \/>\n\t<meta name=\"twitter:data1\" content=\"2 minutes\" \/>\n<script type=\"application\/ld+json\" class=\"yoast-schema-graph\">{\"@context\":\"https:\/\/schema.org\",\"@graph\":[{\"@type\":\"WebPage\",\"@id\":\"https:\/\/bon.de\/en\/product\/led-brillenophthalmoskop-spectra-iris-mit-accu-und-ladestation-2\/\",\"url\":\"https:\/\/bon.de\/en\/product\/led-brillenophthalmoskop-spectra-iris-mit-accu-und-ladestation-2\/\",\"name\":\"LED-Brillenophthalmoskop Keeler Spectra IRIS mit Accu und Ladestation\",\"isPartOf\":{\"@id\":\"https:\/\/bon.de\/#website\"},\"primaryImageOfPage\":{\"@id\":\"https:\/\/bon.de\/en\/product\/led-brillenophthalmoskop-spectra-iris-mit-accu-und-ladestation-2\/#primaryimage\"},\"image\":{\"@id\":\"https:\/\/bon.de\/en\/product\/led-brillenophthalmoskop-spectra-iris-mit-accu-und-ladestation-2\/#primaryimage\"},\"thumbnailUrl\":\"https:\/\/bon.de\/wp-content\/uploads\/2015\/10\/products-2625108-1.jpg\",\"datePublished\":\"2013-11-12T12:05:27+00:00\",\"dateModified\":\"2023-02-28T22:00:03+00:00\",\"breadcrumb\":{\"@id\":\"https:\/\/bon.de\/en\/product\/led-brillenophthalmoskop-spectra-iris-mit-accu-und-ladestation-2\/#breadcrumb\"},\"inLanguage\":\"en-US\",\"potentialAction\":[{\"@type\":\"ReadAction\",\"target\":[\"https:\/\/bon.de\/en\/product\/led-brillenophthalmoskop-spectra-iris-mit-accu-und-ladestation-2\/\"]}]},{\"@type\":\"ImageObject\",\"inLanguage\":\"en-US\",\"@id\":\"https:\/\/bon.de\/en\/product\/led-brillenophthalmoskop-spectra-iris-mit-accu-und-ladestation-2\/#primaryimage\",\"url\":\"https:\/\/bon.de\/wp-content\/uploads\/2015\/10\/products-2625108-1.jpg\",\"contentUrl\":\"https:\/\/bon.de\/wp-content\/uploads\/2015\/10\/products-2625108-1.jpg\",\"width\":967,\"height\":539},{\"@type\":\"BreadcrumbList\",\"@id\":\"https:\/\/bon.de\/en\/product\/led-brillenophthalmoskop-spectra-iris-mit-accu-und-ladestation-2\/#breadcrumb\",\"itemListElement\":[{\"@type\":\"ListItem\",\"position\":1,\"name\":\"Home\",\"item\":\"https:\/\/bon.de\/en\/\"},{\"@type\":\"ListItem\",\"position\":2,\"name\":\"Shop\",\"item\":\"https:\/\/bon.de\/en\/shop-2-2\/\"},{\"@type\":\"ListItem\",\"position\":3,\"name\":\"LED-Brillenophthalmoskop Spectra IRIS mit Accu und Ladestation\"}]},{\"@type\":\"WebSite\",\"@id\":\"https:\/\/bon.de\/#website\",\"url\":\"https:\/\/bon.de\/\",\"name\":\"bon Optic - Partner auf Augenh\u00f6he\",\"description\":\"\",\"publisher\":{\"@id\":\"https:\/\/bon.de\/#organization\"},\"potentialAction\":[{\"@type\":\"SearchAction\",\"target\":{\"@type\":\"EntryPoint\",\"urlTemplate\":\"https:\/\/bon.de\/?s={search_term_string}\"},\"query-input\":{\"@type\":\"PropertyValueSpecification\",\"valueRequired\":true,\"valueName\":\"search_term_string\"}}],\"inLanguage\":\"en-US\"},{\"@type\":\"Organization\",\"@id\":\"https:\/\/bon.de\/#organization\",\"name\":\"bon Optic Vertriebsgesellschaft mbH\",\"url\":\"https:\/\/bon.de\/\",\"logo\":{\"@type\":\"ImageObject\",\"inLanguage\":\"en-US\",\"@id\":\"https:\/\/bon.de\/#\/schema\/logo\/image\/\",\"url\":\"https:\/\/bon.de\/wp-content\/uploads\/2021\/06\/bon-Logo_512x512px.png\",\"contentUrl\":\"https:\/\/bon.de\/wp-content\/uploads\/2021\/06\/bon-Logo_512x512px.png\",\"width\":512,\"height\":512,\"caption\":\"bon Optic Vertriebsgesellschaft mbH\"},\"image\":{\"@id\":\"https:\/\/bon.de\/#\/schema\/logo\/image\/\"},\"sameAs\":[\"https:\/\/www.linkedin.com\/company\/bon-optic-vertriebsgesellschaft-mbh\/\",\"https:\/\/www.youtube.com\/channel\/UCSURhENDItKaH88bvn8LlcA\"]}]}<\/script>\n<!-- \/ Yoast SEO plugin. -->","yoast_head_json":{"title":"LED-Brillenophthalmoskop Keeler Spectra IRIS mit Accu und Ladestation","robots":{"index":"index","follow":"follow","max-snippet":"max-snippet:-1","max-image-preview":"max-image-preview:large","max-video-preview":"max-video-preview:-1"},"canonical":"https:\/\/bon.de\/en\/product\/led-brillenophthalmoskop-spectra-iris-mit-accu-und-ladestation-2\/","og_locale":"en_US","og_type":"article","og_title":"LED-Brillenophthalmoskop Keeler Spectra IRIS mit Accu und Ladestation","og_description":"Keeler Spectra Iris &#8211; Alles, was Sie von einem modernen Ophthalmoskop erwarten &#8211; und mehr! Mit dem professionellen Spectra IRIS erhalten Sie ein sehr kompaktes und leichtes indirektes Brillenophthalmoskop mit gro\u00dfen Vorteilen, besonders im mobilen Einsatz. Stufenlose Blende Ein \u00fcberzeugendes Argument f\u00fcr das Spectra IRIS ist die integrierte Iris-Blende. Wie die Iris in Ihrem Auge [&hellip;]","og_url":"https:\/\/bon.de\/en\/product\/led-brillenophthalmoskop-spectra-iris-mit-accu-und-ladestation-2\/","og_site_name":"bon Optic - Partner auf Augenh\u00f6he","article_modified_time":"2023-02-28T22:00:03+00:00","og_image":[{"width":967,"height":539,"url":"https:\/\/bon.de\/wp-content\/uploads\/2015\/10\/products-2625108-1.jpg","type":"image\/jpeg"}],"twitter_card":"summary_large_image","twitter_misc":{"Est. reading time":"2 minutes"},"schema":{"@context":"https:\/\/schema.org","@graph":[{"@type":"WebPage","@id":"https:\/\/bon.de\/en\/product\/led-brillenophthalmoskop-spectra-iris-mit-accu-und-ladestation-2\/","url":"https:\/\/bon.de\/en\/product\/led-brillenophthalmoskop-spectra-iris-mit-accu-und-ladestation-2\/","name":"LED-Brillenophthalmoskop Keeler Spectra IRIS mit Accu und Ladestation","isPartOf":{"@id":"https:\/\/bon.de\/#website"},"primaryImageOfPage":{"@id":"https:\/\/bon.de\/en\/product\/led-brillenophthalmoskop-spectra-iris-mit-accu-und-ladestation-2\/#primaryimage"},"image":{"@id":"https:\/\/bon.de\/en\/product\/led-brillenophthalmoskop-spectra-iris-mit-accu-und-ladestation-2\/#primaryimage"},"thumbnailUrl":"https:\/\/bon.de\/wp-content\/uploads\/2015\/10\/products-2625108-1.jpg","datePublished":"2013-11-12T12:05:27+00:00","dateModified":"2023-02-28T22:00:03+00:00","breadcrumb":{"@id":"https:\/\/bon.de\/en\/product\/led-brillenophthalmoskop-spectra-iris-mit-accu-und-ladestation-2\/#breadcrumb"},"inLanguage":"en-US","potentialAction":[{"@type":"ReadAction","target":["https:\/\/bon.de\/en\/product\/led-brillenophthalmoskop-spectra-iris-mit-accu-und-ladestation-2\/"]}]},{"@type":"ImageObject","inLanguage":"en-US","@id":"https:\/\/bon.de\/en\/product\/led-brillenophthalmoskop-spectra-iris-mit-accu-und-ladestation-2\/#primaryimage","url":"https:\/\/bon.de\/wp-content\/uploads\/2015\/10\/products-2625108-1.jpg","contentUrl":"https:\/\/bon.de\/wp-content\/uploads\/2015\/10\/products-2625108-1.jpg","width":967,"height":539},{"@type":"BreadcrumbList","@id":"https:\/\/bon.de\/en\/product\/led-brillenophthalmoskop-spectra-iris-mit-accu-und-ladestation-2\/#breadcrumb","itemListElement":[{"@type":"ListItem","position":1,"name":"Home","item":"https:\/\/bon.de\/en\/"},{"@type":"ListItem","position":2,"name":"Shop","item":"https:\/\/bon.de\/en\/shop-2-2\/"},{"@type":"ListItem","position":3,"name":"LED-Brillenophthalmoskop Spectra IRIS mit Accu und Ladestation"}]},{"@type":"WebSite","@id":"https:\/\/bon.de\/#website","url":"https:\/\/bon.de\/","name":"bon Optic - Partner auf Augenh\u00f6he","description":"","publisher":{"@id":"https:\/\/bon.de\/#organization"},"potentialAction":[{"@type":"SearchAction","target":{"@type":"EntryPoint","urlTemplate":"https:\/\/bon.de\/?s={search_term_string}"},"query-input":{"@type":"PropertyValueSpecification","valueRequired":true,"valueName":"search_term_string"}}],"inLanguage":"en-US"},{"@type":"Organization","@id":"https:\/\/bon.de\/#organization","name":"bon Optic Vertriebsgesellschaft mbH","url":"https:\/\/bon.de\/","logo":{"@type":"ImageObject","inLanguage":"en-US","@id":"https:\/\/bon.de\/#\/schema\/logo\/image\/","url":"https:\/\/bon.de\/wp-content\/uploads\/2021\/06\/bon-Logo_512x512px.png","contentUrl":"https:\/\/bon.de\/wp-content\/uploads\/2021\/06\/bon-Logo_512x512px.png","width":512,"height":512,"caption":"bon Optic Vertriebsgesellschaft mbH"},"image":{"@id":"https:\/\/bon.de\/#\/schema\/logo\/image\/"},"sameAs":["https:\/\/www.linkedin.com\/company\/bon-optic-vertriebsgesellschaft-mbh\/","https:\/\/www.youtube.com\/channel\/UCSURhENDItKaH88bvn8LlcA"]}]}},"_links":{"self":[{"href":"https:\/\/bon.de\/en\/wp-json\/wp\/v2\/product\/2913","targetHints":{"allow":["GET"]}}],"collection":[{"href":"https:\/\/bon.de\/en\/wp-json\/wp\/v2\/product"}],"about":[{"href":"https:\/\/bon.de\/en\/wp-json\/wp\/v2\/types\/product"}],"replies":[{"embeddable":true,"href":"https:\/\/bon.de\/en\/wp-json\/wp\/v2\/comments?post=2913"}],"wp:featuredmedia":[{"embeddable":true,"href":"https:\/\/bon.de\/en\/wp-json\/wp\/v2\/media\/2914"}],"wp:attachment":[{"href":"https:\/\/bon.de\/en\/wp-json\/wp\/v2\/media?parent=2913"}],"wp:term":[{"taxonomy":"product_manufacturers","embeddable":true,"href":"https:\/\/bon.de\/en\/wp-json\/wp\/v2\/product_manufacturers?post=2913"},{"taxonomy":"product_brand","embeddable":true,"href":"https:\/\/bon.de\/en\/wp-json\/wp\/v2\/product_brand?post=2913"},{"taxonomy":"product_cat","embeddable":true,"href":"https:\/\/bon.de\/en\/wp-json\/wp\/v2\/product_cat?post=2913"},{"taxonomy":"product_tag","embeddable":true,"href":"https:\/\/bon.de\/en\/wp-json\/wp\/v2\/product_tag?post=2913"}],"curies":[{"name":"wp","href":"https:\/\/api.w.org\/{rel}","templated":true}]}}