{"id":2964,"date":"2013-11-12T12:06:02","date_gmt":"2013-11-12T12:06:02","guid":{"rendered":"https:\/\/bon.de\/?post_type=product&#038;p=2964"},"modified":"2020-06-05T09:55:54","modified_gmt":"2020-06-05T09:55:54","slug":"accutome-by-keeler-a-scan-plus-connect-2","status":"publish","type":"product","link":"https:\/\/bon.de\/en\/product\/accutome-by-keeler-a-scan-plus-connect-2\/","title":{"rendered":"Accutome by Keeler A-Scan PLUS connect"},"content":{"rendered":"<h4>Verbesserte Effizienz<\/h4>\n<p>\nDas Accutome by Keeler A-Scan Plus Connect zeichnet sich durch eine benutzerfreundliche Schnittstelle und eine sehr gute Bedienung aus. Dies f\u00fchrt zu schnelleren Messungen und bietet so die M\u00f6glichkeit, mehr Patienten in einem k\u00fcrzeren Zeitraum zu behandeln.<\/p>\n<p><\/p>\n<h4>einfacher Informationsaustausch<\/h4>\n<p>Das Accutome by Keeler A-Scan Plus Connect l\u00e4sst sich direkt an Ihren PC, Ihr Tablet oder Ihren Laptop anschlie\u00dfen, so dass Patienteninformationen einfach gespeichert, gemailt oder gedruckt werden k\u00f6nnen.<br \/>\nAu\u00dferdem k\u00f6nnen Daten direkt in elektronische medizinische Datenbanken \u00fcbertragen werden.<\/p>\n<p><\/p>\n<h4>zuverl\u00e4ssig und akkurat<\/h4>\n<p>Das A-Scan Plus Connect zeichnet sich durch Zuverl\u00e4ssigkeit, Genauigkeit und eine branchenf\u00fchrende Aufl\u00f6sung aus.<br \/>\nEs verf\u00fcgt \u00fcber intuitive Software und verbesserte Hardware, um die Genauigkeitsanforderungen f\u00fcr hochqualitative IOLMessungen zu erf\u00fcllen.<\/p>\n<p><\/p>\n<h4>Merkmale Accutome by Keeler A-Scan Plus Connect:<\/h4>\n<p><\/p>\n<li> A-Bild Ultraschallger\u00e4t (10 MHz) f\u00fcr die Biometrie\n<li> Geeignet f\u00fcr Kontakt &#8211; und Immersionsmessungen\n<li> 100%-ige Messf\u00e4higkeit ungeachtet der Linsentr\u00fcbung oder Fixierungsprobleme\n<li> Branchenf\u00fchrende Aufl\u00f6sung und Messgenauigkeit f\u00fcr pr\u00e4zise Ergebnisse\n<li> Moderne Formeln der dritten und vierten Generation, einschlie\u00dflich Hoffer\u00aeQ, SRK\/T, Holladay I, Haigis und neuen, postrefraktiven Formeln\n<li> Vereinfachte Personalisierung der Linsenkonstanten f\u00fcr die besten<br \/>\nOperationsergebnisse<\/p>\n<li> K\u00fcrzere Behandlungszeiten der einzelnen Patienten durch sehr schnelle<br \/>\nMessungen f\u00fchren zu einer erh\u00f6hten Behandlungskapazit\u00e4t<\/p>\n<li> Automatische Ausrichtung und Sklera-Erkennung gleichen schlecht ausgerichtete Scans aus\n<div class=\"brlbs-cmpnt-container brlbs-cmpnt-content-blocker brlbs-cmpnt-with-individual-styles\" data-borlabs-cookie-content-blocker-id=\"youtube-content-blocker\" data-borlabs-cookie-content=\"PGlmcmFtZSB3aWR0aD0iODUzIiBoZWlnaHQ9IjQ4MCIgc3JjPSIvL3d3dy55b3V0dWJlLW5vY29va2llLmNvbS9lbWJlZC9uTjFYak9nbW45Zz9zaG93aW5mbz0wJmFtcDtyZWw9MCIgZnJhbWVib3JkZXI9IjAiIGFsbG93ZnVsbHNjcmVlbj48L2lmcmFtZT4=\">\n<div class=\"brlbs-cmpnt-cb-preset-c brlbs-cmpnt-cb-youtube\">\n<div class=\"brlbs-cmpnt-cb-thumbnail\" style=\"background-image: url('https:\/\/bon.de\/wp-content\/uploads\/borlabs-cookie\/1\/yt_nN1XjOgmn9g_hqdefault.jpg')\"><\/div>\n<div class=\"brlbs-cmpnt-cb-main\">\n<div class=\"brlbs-cmpnt-cb-play-button\"><\/div>\n<div class=\"brlbs-cmpnt-cb-content\">\n<p class=\"brlbs-cmpnt-cb-description\">You are currently viewing a placeholder content from <strong>YouTube<\/strong>. To access the actual content, click the button below. Please note that doing so will share data with third-party providers.<\/p>\n<p> <a class=\"brlbs-cmpnt-cb-provider-toggle\" href=\"#\" data-borlabs-cookie-show-provider-information role=\"button\">More Information<\/a> <\/div>\n<div class=\"brlbs-cmpnt-cb-buttons\"> <a class=\"brlbs-cmpnt-cb-btn\" href=\"#\" data-borlabs-cookie-unblock role=\"button\">Unblock content<\/a> <a class=\"brlbs-cmpnt-cb-btn\" href=\"#\" data-borlabs-cookie-accept-service role=\"button\" style=\"display: inherit\">Accept required service and unblock content<\/a> <\/div><\/div><\/div>\n<\/div>\n<p><\/p>\n","protected":false},"excerpt":{"rendered":"<p>Verbesserte Effizienz Das Accutome by Keeler A-Scan Plus Connect zeichnet sich durch eine benutzerfreundliche Schnittstelle und eine sehr gute Bedienung aus. Dies f\u00fchrt zu schnelleren Messungen und bietet so die M\u00f6glichkeit, mehr Patienten in einem k\u00fcrzeren Zeitraum zu behandeln. einfacher Informationsaustausch Das Accutome by Keeler A-Scan Plus Connect l\u00e4sst sich direkt an Ihren PC, Ihr [&hellip;]<\/p>\n","protected":false},"featured_media":2965,"comment_status":"open","ping_status":"closed","template":"","meta":{"_acf_changed":false,"inline_featured_image":false},"product_manufacturers":[709],"product_brand":[],"product_cat":[245],"product_tag":[],"class_list":{"0":"post-2964","1":"product","2":"type-product","3":"status-publish","4":"has-post-thumbnail","6":"product_cat-cornea","8":"first","9":"instock","10":"taxable","11":"shipping-taxable","12":"product-type-simple"},"acf":[],"yoast_head":"<!-- This site is optimized with the Yoast SEO plugin v27.0 - https:\/\/yoast.com\/product\/yoast-seo-wordpress\/ -->\n<title>Accutome by Keeler A-Scan PLUS connect - bon Optic - Partner auf Augenh\u00f6he<\/title>\n<meta name=\"robots\" content=\"index, follow, max-snippet:-1, max-image-preview:large, max-video-preview:-1\" \/>\n<link rel=\"canonical\" href=\"https:\/\/bon.de\/en\/product\/accutome-by-keeler-a-scan-plus-connect-2\/\" \/>\n<meta property=\"og:locale\" content=\"en_US\" \/>\n<meta property=\"og:type\" content=\"article\" \/>\n<meta property=\"og:title\" content=\"Accutome by Keeler A-Scan PLUS connect - bon Optic - Partner auf Augenh\u00f6he\" \/>\n<meta property=\"og:description\" content=\"Verbesserte Effizienz Das Accutome by Keeler A-Scan Plus Connect zeichnet sich durch eine benutzerfreundliche Schnittstelle und eine sehr gute Bedienung aus. Dies f\u00fchrt zu schnelleren Messungen und bietet so die M\u00f6glichkeit, mehr Patienten in einem k\u00fcrzeren Zeitraum zu behandeln. einfacher Informationsaustausch Das Accutome by Keeler A-Scan Plus Connect l\u00e4sst sich direkt an Ihren PC, Ihr [&hellip;]\" \/>\n<meta property=\"og:url\" content=\"https:\/\/bon.de\/en\/product\/accutome-by-keeler-a-scan-plus-connect-2\/\" \/>\n<meta property=\"og:site_name\" content=\"bon Optic - Partner auf Augenh\u00f6he\" \/>\n<meta property=\"article:modified_time\" content=\"2020-06-05T09:55:54+00:00\" \/>\n<meta property=\"og:image\" content=\"https:\/\/bon.de\/wp-content\/uploads\/2013\/11\/products-Accutome_A-Scan_PLUS_connect-1.jpg\" \/>\n\t<meta property=\"og:image:width\" content=\"555\" \/>\n\t<meta property=\"og:image:height\" content=\"555\" \/>\n\t<meta property=\"og:image:type\" content=\"image\/jpeg\" \/>\n<meta name=\"twitter:card\" content=\"summary_large_image\" \/>\n<meta name=\"twitter:label1\" content=\"Est. reading time\" \/>\n\t<meta name=\"twitter:data1\" content=\"1 minute\" \/>\n<script type=\"application\/ld+json\" class=\"yoast-schema-graph\">{\"@context\":\"https:\/\/schema.org\",\"@graph\":[{\"@type\":\"WebPage\",\"@id\":\"https:\/\/bon.de\/en\/product\/accutome-by-keeler-a-scan-plus-connect-2\/\",\"url\":\"https:\/\/bon.de\/en\/product\/accutome-by-keeler-a-scan-plus-connect-2\/\",\"name\":\"Accutome by Keeler A-Scan PLUS connect - bon Optic - Partner auf Augenh\u00f6he\",\"isPartOf\":{\"@id\":\"https:\/\/bon.de\/#website\"},\"primaryImageOfPage\":{\"@id\":\"https:\/\/bon.de\/en\/product\/accutome-by-keeler-a-scan-plus-connect-2\/#primaryimage\"},\"image\":{\"@id\":\"https:\/\/bon.de\/en\/product\/accutome-by-keeler-a-scan-plus-connect-2\/#primaryimage\"},\"thumbnailUrl\":\"https:\/\/bon.de\/wp-content\/uploads\/2013\/11\/products-Accutome_A-Scan_PLUS_connect-1.jpg\",\"datePublished\":\"2013-11-12T12:06:02+00:00\",\"dateModified\":\"2020-06-05T09:55:54+00:00\",\"breadcrumb\":{\"@id\":\"https:\/\/bon.de\/en\/product\/accutome-by-keeler-a-scan-plus-connect-2\/#breadcrumb\"},\"inLanguage\":\"en-US\",\"potentialAction\":[{\"@type\":\"ReadAction\",\"target\":[\"https:\/\/bon.de\/en\/product\/accutome-by-keeler-a-scan-plus-connect-2\/\"]}]},{\"@type\":\"ImageObject\",\"inLanguage\":\"en-US\",\"@id\":\"https:\/\/bon.de\/en\/product\/accutome-by-keeler-a-scan-plus-connect-2\/#primaryimage\",\"url\":\"https:\/\/bon.de\/wp-content\/uploads\/2013\/11\/products-Accutome_A-Scan_PLUS_connect-1.jpg\",\"contentUrl\":\"https:\/\/bon.de\/wp-content\/uploads\/2013\/11\/products-Accutome_A-Scan_PLUS_connect-1.jpg\",\"width\":555,\"height\":555},{\"@type\":\"BreadcrumbList\",\"@id\":\"https:\/\/bon.de\/en\/product\/accutome-by-keeler-a-scan-plus-connect-2\/#breadcrumb\",\"itemListElement\":[{\"@type\":\"ListItem\",\"position\":1,\"name\":\"Home\",\"item\":\"https:\/\/bon.de\/en\/\"},{\"@type\":\"ListItem\",\"position\":2,\"name\":\"Shop\",\"item\":\"https:\/\/bon.de\/en\/shop-2-2\/\"},{\"@type\":\"ListItem\",\"position\":3,\"name\":\"Accutome by Keeler A-Scan PLUS connect\"}]},{\"@type\":\"WebSite\",\"@id\":\"https:\/\/bon.de\/#website\",\"url\":\"https:\/\/bon.de\/\",\"name\":\"bon Optic - Partner auf Augenh\u00f6he\",\"description\":\"\",\"publisher\":{\"@id\":\"https:\/\/bon.de\/#organization\"},\"potentialAction\":[{\"@type\":\"SearchAction\",\"target\":{\"@type\":\"EntryPoint\",\"urlTemplate\":\"https:\/\/bon.de\/?s={search_term_string}\"},\"query-input\":{\"@type\":\"PropertyValueSpecification\",\"valueRequired\":true,\"valueName\":\"search_term_string\"}}],\"inLanguage\":\"en-US\"},{\"@type\":\"Organization\",\"@id\":\"https:\/\/bon.de\/#organization\",\"name\":\"bon Optic Vertriebsgesellschaft mbH\",\"url\":\"https:\/\/bon.de\/\",\"logo\":{\"@type\":\"ImageObject\",\"inLanguage\":\"en-US\",\"@id\":\"https:\/\/bon.de\/#\/schema\/logo\/image\/\",\"url\":\"https:\/\/bon.de\/wp-content\/uploads\/2021\/06\/bon-Logo_512x512px.png\",\"contentUrl\":\"https:\/\/bon.de\/wp-content\/uploads\/2021\/06\/bon-Logo_512x512px.png\",\"width\":512,\"height\":512,\"caption\":\"bon Optic Vertriebsgesellschaft mbH\"},\"image\":{\"@id\":\"https:\/\/bon.de\/#\/schema\/logo\/image\/\"},\"sameAs\":[\"https:\/\/www.linkedin.com\/company\/bon-optic-vertriebsgesellschaft-mbh\/\",\"https:\/\/www.youtube.com\/channel\/UCSURhENDItKaH88bvn8LlcA\"]}]}<\/script>\n<!-- \/ Yoast SEO plugin. -->","yoast_head_json":{"title":"Accutome by Keeler A-Scan PLUS connect - bon Optic - Partner auf Augenh\u00f6he","robots":{"index":"index","follow":"follow","max-snippet":"max-snippet:-1","max-image-preview":"max-image-preview:large","max-video-preview":"max-video-preview:-1"},"canonical":"https:\/\/bon.de\/en\/product\/accutome-by-keeler-a-scan-plus-connect-2\/","og_locale":"en_US","og_type":"article","og_title":"Accutome by Keeler A-Scan PLUS connect - bon Optic - Partner auf Augenh\u00f6he","og_description":"Verbesserte Effizienz Das Accutome by Keeler A-Scan Plus Connect zeichnet sich durch eine benutzerfreundliche Schnittstelle und eine sehr gute Bedienung aus. Dies f\u00fchrt zu schnelleren Messungen und bietet so die M\u00f6glichkeit, mehr Patienten in einem k\u00fcrzeren Zeitraum zu behandeln. einfacher Informationsaustausch Das Accutome by Keeler A-Scan Plus Connect l\u00e4sst sich direkt an Ihren PC, Ihr [&hellip;]","og_url":"https:\/\/bon.de\/en\/product\/accutome-by-keeler-a-scan-plus-connect-2\/","og_site_name":"bon Optic - Partner auf Augenh\u00f6he","article_modified_time":"2020-06-05T09:55:54+00:00","og_image":[{"width":555,"height":555,"url":"https:\/\/bon.de\/wp-content\/uploads\/2013\/11\/products-Accutome_A-Scan_PLUS_connect-1.jpg","type":"image\/jpeg"}],"twitter_card":"summary_large_image","twitter_misc":{"Est. reading time":"1 minute"},"schema":{"@context":"https:\/\/schema.org","@graph":[{"@type":"WebPage","@id":"https:\/\/bon.de\/en\/product\/accutome-by-keeler-a-scan-plus-connect-2\/","url":"https:\/\/bon.de\/en\/product\/accutome-by-keeler-a-scan-plus-connect-2\/","name":"Accutome by Keeler A-Scan PLUS connect - bon Optic - Partner auf Augenh\u00f6he","isPartOf":{"@id":"https:\/\/bon.de\/#website"},"primaryImageOfPage":{"@id":"https:\/\/bon.de\/en\/product\/accutome-by-keeler-a-scan-plus-connect-2\/#primaryimage"},"image":{"@id":"https:\/\/bon.de\/en\/product\/accutome-by-keeler-a-scan-plus-connect-2\/#primaryimage"},"thumbnailUrl":"https:\/\/bon.de\/wp-content\/uploads\/2013\/11\/products-Accutome_A-Scan_PLUS_connect-1.jpg","datePublished":"2013-11-12T12:06:02+00:00","dateModified":"2020-06-05T09:55:54+00:00","breadcrumb":{"@id":"https:\/\/bon.de\/en\/product\/accutome-by-keeler-a-scan-plus-connect-2\/#breadcrumb"},"inLanguage":"en-US","potentialAction":[{"@type":"ReadAction","target":["https:\/\/bon.de\/en\/product\/accutome-by-keeler-a-scan-plus-connect-2\/"]}]},{"@type":"ImageObject","inLanguage":"en-US","@id":"https:\/\/bon.de\/en\/product\/accutome-by-keeler-a-scan-plus-connect-2\/#primaryimage","url":"https:\/\/bon.de\/wp-content\/uploads\/2013\/11\/products-Accutome_A-Scan_PLUS_connect-1.jpg","contentUrl":"https:\/\/bon.de\/wp-content\/uploads\/2013\/11\/products-Accutome_A-Scan_PLUS_connect-1.jpg","width":555,"height":555},{"@type":"BreadcrumbList","@id":"https:\/\/bon.de\/en\/product\/accutome-by-keeler-a-scan-plus-connect-2\/#breadcrumb","itemListElement":[{"@type":"ListItem","position":1,"name":"Home","item":"https:\/\/bon.de\/en\/"},{"@type":"ListItem","position":2,"name":"Shop","item":"https:\/\/bon.de\/en\/shop-2-2\/"},{"@type":"ListItem","position":3,"name":"Accutome by Keeler A-Scan PLUS connect"}]},{"@type":"WebSite","@id":"https:\/\/bon.de\/#website","url":"https:\/\/bon.de\/","name":"bon Optic - Partner auf Augenh\u00f6he","description":"","publisher":{"@id":"https:\/\/bon.de\/#organization"},"potentialAction":[{"@type":"SearchAction","target":{"@type":"EntryPoint","urlTemplate":"https:\/\/bon.de\/?s={search_term_string}"},"query-input":{"@type":"PropertyValueSpecification","valueRequired":true,"valueName":"search_term_string"}}],"inLanguage":"en-US"},{"@type":"Organization","@id":"https:\/\/bon.de\/#organization","name":"bon Optic Vertriebsgesellschaft mbH","url":"https:\/\/bon.de\/","logo":{"@type":"ImageObject","inLanguage":"en-US","@id":"https:\/\/bon.de\/#\/schema\/logo\/image\/","url":"https:\/\/bon.de\/wp-content\/uploads\/2021\/06\/bon-Logo_512x512px.png","contentUrl":"https:\/\/bon.de\/wp-content\/uploads\/2021\/06\/bon-Logo_512x512px.png","width":512,"height":512,"caption":"bon Optic Vertriebsgesellschaft mbH"},"image":{"@id":"https:\/\/bon.de\/#\/schema\/logo\/image\/"},"sameAs":["https:\/\/www.linkedin.com\/company\/bon-optic-vertriebsgesellschaft-mbh\/","https:\/\/www.youtube.com\/channel\/UCSURhENDItKaH88bvn8LlcA"]}]}},"_links":{"self":[{"href":"https:\/\/bon.de\/en\/wp-json\/wp\/v2\/product\/2964","targetHints":{"allow":["GET"]}}],"collection":[{"href":"https:\/\/bon.de\/en\/wp-json\/wp\/v2\/product"}],"about":[{"href":"https:\/\/bon.de\/en\/wp-json\/wp\/v2\/types\/product"}],"replies":[{"embeddable":true,"href":"https:\/\/bon.de\/en\/wp-json\/wp\/v2\/comments?post=2964"}],"wp:featuredmedia":[{"embeddable":true,"href":"https:\/\/bon.de\/en\/wp-json\/wp\/v2\/media\/2965"}],"wp:attachment":[{"href":"https:\/\/bon.de\/en\/wp-json\/wp\/v2\/media?parent=2964"}],"wp:term":[{"taxonomy":"product_manufacturers","embeddable":true,"href":"https:\/\/bon.de\/en\/wp-json\/wp\/v2\/product_manufacturers?post=2964"},{"taxonomy":"product_brand","embeddable":true,"href":"https:\/\/bon.de\/en\/wp-json\/wp\/v2\/product_brand?post=2964"},{"taxonomy":"product_cat","embeddable":true,"href":"https:\/\/bon.de\/en\/wp-json\/wp\/v2\/product_cat?post=2964"},{"taxonomy":"product_tag","embeddable":true,"href":"https:\/\/bon.de\/en\/wp-json\/wp\/v2\/product_tag?post=2964"}],"curies":[{"name":"wp","href":"https:\/\/api.w.org\/{rel}","templated":true}]}}