{"id":3017,"date":"2014-01-08T18:08:50","date_gmt":"2014-01-08T18:08:50","guid":{"rendered":"https:\/\/bon.de\/?post_type=product&#038;p=3017"},"modified":"2023-03-01T00:00:04","modified_gmt":"2023-02-28T22:00:04","slug":"volk-20d-2","status":"publish","type":"product","link":"https:\/\/bon.de\/en\/product\/volk-20d-2\/","title":{"rendered":"Volk 20D"},"content":{"rendered":"<p>Die 20D Linse ist optimal berechnet f\u00fcr die Korrektur von Bildfeldw\u00f6lbung, Astigmatismus Schiefer B\u00fcndel und Koma. So wird mit ihr ein optimales Bild der Netzhaut erzeugt. <br \/>\nDas doppelt asph\u00e4rische Linsendesign liefert eine lineare Bildvergr\u00f6\u00dferung und eine optimal scharfe Abbildung des gesamten Blickfeldes f\u00fcr beste Fundusuntersuchungen.<\/p>\n","protected":false},"excerpt":{"rendered":"<p>Die 20D Linse ist optimal berechnet f\u00fcr die Korrektur von Bildfeldw\u00f6lbung, Astigmatismus Schiefer B\u00fcndel und Koma. So wird mit ihr ein optimales Bild der Netzhaut erzeugt. Das doppelt asph\u00e4rische Linsendesign liefert eine lineare Bildvergr\u00f6\u00dferung und eine optimal scharfe Abbildung des gesamten Blickfeldes f\u00fcr beste Fundusuntersuchungen.<\/p>\n","protected":false},"featured_media":3018,"comment_status":"open","ping_status":"closed","template":"","meta":{"_acf_changed":false,"inline_featured_image":false},"product_manufacturers":[472],"product_brand":[],"product_cat":[247,361,151,185],"product_tag":[],"class_list":{"0":"post-3017","1":"product","2":"type-product","3":"status-publish","4":"has-post-thumbnail","6":"product_cat-retina","7":"product_cat-volk-lenses-loupes","8":"product_cat-volk-non-contact-lenses","9":"product_cat-bon-shop-2","10":"pa_european-authorized-represen-rudolf-riester-gmbh-bruckstrabe-31-72417-jungingen-germany","12":"first","13":"instock","14":"taxable","15":"shipping-taxable","16":"purchasable","17":"product-type-variable","18":"has-default-attributes"},"acf":[],"yoast_head":"<!-- This site is optimized with the Yoast SEO plugin v27.0 - https:\/\/yoast.com\/product\/yoast-seo-wordpress\/ -->\n<title>Volk 20D - bon Optic - Partner auf Augenh\u00f6he<\/title>\n<meta name=\"robots\" content=\"index, follow, max-snippet:-1, max-image-preview:large, max-video-preview:-1\" \/>\n<link rel=\"canonical\" href=\"https:\/\/bon.de\/en\/product\/volk-20d-2\/\" \/>\n<meta property=\"og:locale\" content=\"en_US\" \/>\n<meta property=\"og:type\" content=\"article\" \/>\n<meta property=\"og:title\" content=\"Volk 20D - bon Optic - Partner auf Augenh\u00f6he\" \/>\n<meta property=\"og:description\" content=\"Die 20D Linse ist optimal berechnet f\u00fcr die Korrektur von Bildfeldw\u00f6lbung, Astigmatismus Schiefer B\u00fcndel und Koma. So wird mit ihr ein optimales Bild der Netzhaut erzeugt. Das doppelt asph\u00e4rische Linsendesign liefert eine lineare Bildvergr\u00f6\u00dferung und eine optimal scharfe Abbildung des gesamten Blickfeldes f\u00fcr beste Fundusuntersuchungen.\" \/>\n<meta property=\"og:url\" content=\"https:\/\/bon.de\/en\/product\/volk-20d-2\/\" \/>\n<meta property=\"og:site_name\" content=\"bon Optic - Partner auf Augenh\u00f6he\" \/>\n<meta property=\"article:modified_time\" content=\"2023-02-28T22:00:04+00:00\" \/>\n<meta property=\"og:image\" content=\"https:\/\/bon.de\/wp-content\/uploads\/2016\/10\/products-4033005-1.jpg\" \/>\n\t<meta property=\"og:image:width\" content=\"620\" \/>\n\t<meta property=\"og:image:height\" content=\"620\" \/>\n\t<meta property=\"og:image:type\" content=\"image\/jpeg\" \/>\n<meta name=\"twitter:card\" content=\"summary_large_image\" \/>\n<script type=\"application\/ld+json\" class=\"yoast-schema-graph\">{\"@context\":\"https:\/\/schema.org\",\"@graph\":[{\"@type\":\"WebPage\",\"@id\":\"https:\/\/bon.de\/en\/product\/volk-20d-2\/\",\"url\":\"https:\/\/bon.de\/en\/product\/volk-20d-2\/\",\"name\":\"Volk 20D - bon Optic - Partner auf Augenh\u00f6he\",\"isPartOf\":{\"@id\":\"https:\/\/bon.de\/#website\"},\"primaryImageOfPage\":{\"@id\":\"https:\/\/bon.de\/en\/product\/volk-20d-2\/#primaryimage\"},\"image\":{\"@id\":\"https:\/\/bon.de\/en\/product\/volk-20d-2\/#primaryimage\"},\"thumbnailUrl\":\"https:\/\/bon.de\/wp-content\/uploads\/2016\/10\/products-4033005-1.jpg\",\"datePublished\":\"2014-01-08T18:08:50+00:00\",\"dateModified\":\"2023-02-28T22:00:04+00:00\",\"breadcrumb\":{\"@id\":\"https:\/\/bon.de\/en\/product\/volk-20d-2\/#breadcrumb\"},\"inLanguage\":\"en-US\",\"potentialAction\":[{\"@type\":\"ReadAction\",\"target\":[\"https:\/\/bon.de\/en\/product\/volk-20d-2\/\"]}]},{\"@type\":\"ImageObject\",\"inLanguage\":\"en-US\",\"@id\":\"https:\/\/bon.de\/en\/product\/volk-20d-2\/#primaryimage\",\"url\":\"https:\/\/bon.de\/wp-content\/uploads\/2016\/10\/products-4033005-1.jpg\",\"contentUrl\":\"https:\/\/bon.de\/wp-content\/uploads\/2016\/10\/products-4033005-1.jpg\",\"width\":620,\"height\":620,\"caption\":\"Volk 2D Ophthalmoskopier-Lupe\"},{\"@type\":\"BreadcrumbList\",\"@id\":\"https:\/\/bon.de\/en\/product\/volk-20d-2\/#breadcrumb\",\"itemListElement\":[{\"@type\":\"ListItem\",\"position\":1,\"name\":\"Home\",\"item\":\"https:\/\/bon.de\/en\/\"},{\"@type\":\"ListItem\",\"position\":2,\"name\":\"Shop\",\"item\":\"https:\/\/bon.de\/en\/shop-2-2\/\"},{\"@type\":\"ListItem\",\"position\":3,\"name\":\"Volk 20D\"}]},{\"@type\":\"WebSite\",\"@id\":\"https:\/\/bon.de\/#website\",\"url\":\"https:\/\/bon.de\/\",\"name\":\"bon Optic - Partner auf Augenh\u00f6he\",\"description\":\"\",\"publisher\":{\"@id\":\"https:\/\/bon.de\/#organization\"},\"potentialAction\":[{\"@type\":\"SearchAction\",\"target\":{\"@type\":\"EntryPoint\",\"urlTemplate\":\"https:\/\/bon.de\/?s={search_term_string}\"},\"query-input\":{\"@type\":\"PropertyValueSpecification\",\"valueRequired\":true,\"valueName\":\"search_term_string\"}}],\"inLanguage\":\"en-US\"},{\"@type\":\"Organization\",\"@id\":\"https:\/\/bon.de\/#organization\",\"name\":\"bon Optic Vertriebsgesellschaft mbH\",\"url\":\"https:\/\/bon.de\/\",\"logo\":{\"@type\":\"ImageObject\",\"inLanguage\":\"en-US\",\"@id\":\"https:\/\/bon.de\/#\/schema\/logo\/image\/\",\"url\":\"https:\/\/bon.de\/wp-content\/uploads\/2021\/06\/bon-Logo_512x512px.png\",\"contentUrl\":\"https:\/\/bon.de\/wp-content\/uploads\/2021\/06\/bon-Logo_512x512px.png\",\"width\":512,\"height\":512,\"caption\":\"bon Optic Vertriebsgesellschaft mbH\"},\"image\":{\"@id\":\"https:\/\/bon.de\/#\/schema\/logo\/image\/\"},\"sameAs\":[\"https:\/\/www.linkedin.com\/company\/bon-optic-vertriebsgesellschaft-mbh\/\",\"https:\/\/www.youtube.com\/channel\/UCSURhENDItKaH88bvn8LlcA\"]}]}<\/script>\n<!-- \/ Yoast SEO plugin. -->","yoast_head_json":{"title":"Volk 20D - bon Optic - Partner auf Augenh\u00f6he","robots":{"index":"index","follow":"follow","max-snippet":"max-snippet:-1","max-image-preview":"max-image-preview:large","max-video-preview":"max-video-preview:-1"},"canonical":"https:\/\/bon.de\/en\/product\/volk-20d-2\/","og_locale":"en_US","og_type":"article","og_title":"Volk 20D - bon Optic - Partner auf Augenh\u00f6he","og_description":"Die 20D Linse ist optimal berechnet f\u00fcr die Korrektur von Bildfeldw\u00f6lbung, Astigmatismus Schiefer B\u00fcndel und Koma. So wird mit ihr ein optimales Bild der Netzhaut erzeugt. Das doppelt asph\u00e4rische Linsendesign liefert eine lineare Bildvergr\u00f6\u00dferung und eine optimal scharfe Abbildung des gesamten Blickfeldes f\u00fcr beste Fundusuntersuchungen.","og_url":"https:\/\/bon.de\/en\/product\/volk-20d-2\/","og_site_name":"bon Optic - Partner auf Augenh\u00f6he","article_modified_time":"2023-02-28T22:00:04+00:00","og_image":[{"width":620,"height":620,"url":"https:\/\/bon.de\/wp-content\/uploads\/2016\/10\/products-4033005-1.jpg","type":"image\/jpeg"}],"twitter_card":"summary_large_image","schema":{"@context":"https:\/\/schema.org","@graph":[{"@type":"WebPage","@id":"https:\/\/bon.de\/en\/product\/volk-20d-2\/","url":"https:\/\/bon.de\/en\/product\/volk-20d-2\/","name":"Volk 20D - bon Optic - Partner auf Augenh\u00f6he","isPartOf":{"@id":"https:\/\/bon.de\/#website"},"primaryImageOfPage":{"@id":"https:\/\/bon.de\/en\/product\/volk-20d-2\/#primaryimage"},"image":{"@id":"https:\/\/bon.de\/en\/product\/volk-20d-2\/#primaryimage"},"thumbnailUrl":"https:\/\/bon.de\/wp-content\/uploads\/2016\/10\/products-4033005-1.jpg","datePublished":"2014-01-08T18:08:50+00:00","dateModified":"2023-02-28T22:00:04+00:00","breadcrumb":{"@id":"https:\/\/bon.de\/en\/product\/volk-20d-2\/#breadcrumb"},"inLanguage":"en-US","potentialAction":[{"@type":"ReadAction","target":["https:\/\/bon.de\/en\/product\/volk-20d-2\/"]}]},{"@type":"ImageObject","inLanguage":"en-US","@id":"https:\/\/bon.de\/en\/product\/volk-20d-2\/#primaryimage","url":"https:\/\/bon.de\/wp-content\/uploads\/2016\/10\/products-4033005-1.jpg","contentUrl":"https:\/\/bon.de\/wp-content\/uploads\/2016\/10\/products-4033005-1.jpg","width":620,"height":620,"caption":"Volk 2D Ophthalmoskopier-Lupe"},{"@type":"BreadcrumbList","@id":"https:\/\/bon.de\/en\/product\/volk-20d-2\/#breadcrumb","itemListElement":[{"@type":"ListItem","position":1,"name":"Home","item":"https:\/\/bon.de\/en\/"},{"@type":"ListItem","position":2,"name":"Shop","item":"https:\/\/bon.de\/en\/shop-2-2\/"},{"@type":"ListItem","position":3,"name":"Volk 20D"}]},{"@type":"WebSite","@id":"https:\/\/bon.de\/#website","url":"https:\/\/bon.de\/","name":"bon Optic - Partner auf Augenh\u00f6he","description":"","publisher":{"@id":"https:\/\/bon.de\/#organization"},"potentialAction":[{"@type":"SearchAction","target":{"@type":"EntryPoint","urlTemplate":"https:\/\/bon.de\/?s={search_term_string}"},"query-input":{"@type":"PropertyValueSpecification","valueRequired":true,"valueName":"search_term_string"}}],"inLanguage":"en-US"},{"@type":"Organization","@id":"https:\/\/bon.de\/#organization","name":"bon Optic Vertriebsgesellschaft mbH","url":"https:\/\/bon.de\/","logo":{"@type":"ImageObject","inLanguage":"en-US","@id":"https:\/\/bon.de\/#\/schema\/logo\/image\/","url":"https:\/\/bon.de\/wp-content\/uploads\/2021\/06\/bon-Logo_512x512px.png","contentUrl":"https:\/\/bon.de\/wp-content\/uploads\/2021\/06\/bon-Logo_512x512px.png","width":512,"height":512,"caption":"bon Optic Vertriebsgesellschaft mbH"},"image":{"@id":"https:\/\/bon.de\/#\/schema\/logo\/image\/"},"sameAs":["https:\/\/www.linkedin.com\/company\/bon-optic-vertriebsgesellschaft-mbh\/","https:\/\/www.youtube.com\/channel\/UCSURhENDItKaH88bvn8LlcA"]}]}},"_links":{"self":[{"href":"https:\/\/bon.de\/en\/wp-json\/wp\/v2\/product\/3017","targetHints":{"allow":["GET"]}}],"collection":[{"href":"https:\/\/bon.de\/en\/wp-json\/wp\/v2\/product"}],"about":[{"href":"https:\/\/bon.de\/en\/wp-json\/wp\/v2\/types\/product"}],"replies":[{"embeddable":true,"href":"https:\/\/bon.de\/en\/wp-json\/wp\/v2\/comments?post=3017"}],"wp:featuredmedia":[{"embeddable":true,"href":"https:\/\/bon.de\/en\/wp-json\/wp\/v2\/media\/3018"}],"wp:attachment":[{"href":"https:\/\/bon.de\/en\/wp-json\/wp\/v2\/media?parent=3017"}],"wp:term":[{"taxonomy":"product_manufacturers","embeddable":true,"href":"https:\/\/bon.de\/en\/wp-json\/wp\/v2\/product_manufacturers?post=3017"},{"taxonomy":"product_brand","embeddable":true,"href":"https:\/\/bon.de\/en\/wp-json\/wp\/v2\/product_brand?post=3017"},{"taxonomy":"product_cat","embeddable":true,"href":"https:\/\/bon.de\/en\/wp-json\/wp\/v2\/product_cat?post=3017"},{"taxonomy":"product_tag","embeddable":true,"href":"https:\/\/bon.de\/en\/wp-json\/wp\/v2\/product_tag?post=3017"}],"curies":[{"name":"wp","href":"https:\/\/api.w.org\/{rel}","templated":true}]}}