{"id":3021,"date":"2014-01-08T18:12:52","date_gmt":"2014-01-08T18:12:52","guid":{"rendered":"https:\/\/bon.de\/?post_type=product&#038;p=3021"},"modified":"2019-03-01T11:06:48","modified_gmt":"2019-03-01T11:06:48","slug":"volk-magplus-iridectomy-lens-2","status":"publish","type":"product","link":"https:\/\/bon.de\/en\/product\/volk-magplus-iridectomy-lens-2\/","title":{"rendered":"Volk MagPlus Iridectomy Lens"},"content":{"rendered":"<p>Volks MagPlus Iridectomy Lens verbessert Iridektomien aufgrund ihres vergr\u00f6\u00dferten Blickfeldes mit ausgezeichneter Bildsch\u00e4rfe und einer hohen Aufl\u00f6sung. Die Kontaktfl\u00e4che dieser Linse wurde auf 11,7mm gegen\u00fcber herk\u00f6mmlichen Iridektomielinsen vergr\u00f6\u00dfert.<br \/>\nDie MagPlus wird standardm\u00e4\u00dfig mit dem \u201eLaserWindow\u201c (Schutzglas) geliefert, wodurch eine optimale Laserstrahltransmission und der Schutz des optischen Systems gew\u00e4hrleistet sind.<br \/>\nWeitere Daten zur Mag-Plus: Vergr\u00f6\u00dferung: 1,6x, Laser-Spotvergr\u00f6\u00dferung: 0,63x<\/p>\n","protected":false},"excerpt":{"rendered":"<p>Volks MagPlus Iridectomy Lens verbessert Iridektomien aufgrund ihres vergr\u00f6\u00dferten Blickfeldes mit ausgezeichneter Bildsch\u00e4rfe und einer hohen Aufl\u00f6sung. Die Kontaktfl\u00e4che dieser Linse wurde auf 11,7mm gegen\u00fcber herk\u00f6mmlichen Iridektomielinsen vergr\u00f6\u00dfert. Die MagPlus wird standardm\u00e4\u00dfig mit dem \u201eLaserWindow\u201c (Schutzglas) geliefert, wodurch eine optimale Laserstrahltransmission und der Schutz des optischen Systems gew\u00e4hrleistet sind. Weitere Daten zur Mag-Plus: Vergr\u00f6\u00dferung: 1,6x, [&hellip;]<\/p>\n","protected":false},"featured_media":3022,"comment_status":"open","ping_status":"closed","template":"","meta":{"_acf_changed":false,"inline_featured_image":false},"product_manufacturers":[472],"product_brand":[],"product_cat":[247,361,319,185],"product_tag":[],"class_list":{"0":"post-3021","1":"product","2":"type-product","3":"status-publish","4":"has-post-thumbnail","6":"product_cat-retina","7":"product_cat-volk-lenses-loupes","8":"product_cat-volk-contact-lenses","9":"product_cat-bon-shop-2","10":"pa_european-authorized-represen-rudolf-riester-gmbh-bruckstrabe-31-72417-jungingen-germany","12":"first","13":"instock","14":"taxable","15":"shipping-taxable","16":"purchasable","17":"product-type-simple"},"acf":[],"yoast_head":"<!-- This site is optimized with the Yoast SEO plugin v27.0 - https:\/\/yoast.com\/product\/yoast-seo-wordpress\/ -->\n<title>Volk MagPlus Iridectomy Lens - bon Optic - Partner auf Augenh\u00f6he<\/title>\n<meta name=\"robots\" content=\"index, follow, max-snippet:-1, max-image-preview:large, max-video-preview:-1\" \/>\n<link rel=\"canonical\" href=\"https:\/\/bon.de\/en\/product\/volk-magplus-iridectomy-lens-2\/\" \/>\n<meta property=\"og:locale\" content=\"en_US\" \/>\n<meta property=\"og:type\" content=\"article\" \/>\n<meta property=\"og:title\" content=\"Volk MagPlus Iridectomy Lens - bon Optic - Partner auf Augenh\u00f6he\" \/>\n<meta property=\"og:description\" content=\"Volks MagPlus Iridectomy Lens verbessert Iridektomien aufgrund ihres vergr\u00f6\u00dferten Blickfeldes mit ausgezeichneter Bildsch\u00e4rfe und einer hohen Aufl\u00f6sung. Die Kontaktfl\u00e4che dieser Linse wurde auf 11,7mm gegen\u00fcber herk\u00f6mmlichen Iridektomielinsen vergr\u00f6\u00dfert. Die MagPlus wird standardm\u00e4\u00dfig mit dem \u201eLaserWindow\u201c (Schutzglas) geliefert, wodurch eine optimale Laserstrahltransmission und der Schutz des optischen Systems gew\u00e4hrleistet sind. Weitere Daten zur Mag-Plus: Vergr\u00f6\u00dferung: 1,6x, [&hellip;]\" \/>\n<meta property=\"og:url\" content=\"https:\/\/bon.de\/en\/product\/volk-magplus-iridectomy-lens-2\/\" \/>\n<meta property=\"og:site_name\" content=\"bon Optic - Partner auf Augenh\u00f6he\" \/>\n<meta property=\"article:modified_time\" content=\"2019-03-01T11:06:48+00:00\" \/>\n<meta property=\"og:image\" content=\"https:\/\/bon.de\/wp-content\/uploads\/2014\/01\/products-magplus-1.jpg\" \/>\n\t<meta property=\"og:image:width\" content=\"330\" \/>\n\t<meta property=\"og:image:height\" content=\"330\" \/>\n\t<meta property=\"og:image:type\" content=\"image\/jpeg\" \/>\n<meta name=\"twitter:card\" content=\"summary_large_image\" \/>\n<script type=\"application\/ld+json\" class=\"yoast-schema-graph\">{\"@context\":\"https:\/\/schema.org\",\"@graph\":[{\"@type\":\"WebPage\",\"@id\":\"https:\/\/bon.de\/en\/product\/volk-magplus-iridectomy-lens-2\/\",\"url\":\"https:\/\/bon.de\/en\/product\/volk-magplus-iridectomy-lens-2\/\",\"name\":\"Volk MagPlus Iridectomy Lens - bon Optic - Partner auf Augenh\u00f6he\",\"isPartOf\":{\"@id\":\"https:\/\/bon.de\/#website\"},\"primaryImageOfPage\":{\"@id\":\"https:\/\/bon.de\/en\/product\/volk-magplus-iridectomy-lens-2\/#primaryimage\"},\"image\":{\"@id\":\"https:\/\/bon.de\/en\/product\/volk-magplus-iridectomy-lens-2\/#primaryimage\"},\"thumbnailUrl\":\"https:\/\/bon.de\/wp-content\/uploads\/2014\/01\/products-magplus-1.jpg\",\"datePublished\":\"2014-01-08T18:12:52+00:00\",\"dateModified\":\"2019-03-01T11:06:48+00:00\",\"breadcrumb\":{\"@id\":\"https:\/\/bon.de\/en\/product\/volk-magplus-iridectomy-lens-2\/#breadcrumb\"},\"inLanguage\":\"en-US\",\"potentialAction\":[{\"@type\":\"ReadAction\",\"target\":[\"https:\/\/bon.de\/en\/product\/volk-magplus-iridectomy-lens-2\/\"]}]},{\"@type\":\"ImageObject\",\"inLanguage\":\"en-US\",\"@id\":\"https:\/\/bon.de\/en\/product\/volk-magplus-iridectomy-lens-2\/#primaryimage\",\"url\":\"https:\/\/bon.de\/wp-content\/uploads\/2014\/01\/products-magplus-1.jpg\",\"contentUrl\":\"https:\/\/bon.de\/wp-content\/uploads\/2014\/01\/products-magplus-1.jpg\",\"width\":330,\"height\":330},{\"@type\":\"BreadcrumbList\",\"@id\":\"https:\/\/bon.de\/en\/product\/volk-magplus-iridectomy-lens-2\/#breadcrumb\",\"itemListElement\":[{\"@type\":\"ListItem\",\"position\":1,\"name\":\"Home\",\"item\":\"https:\/\/bon.de\/en\/\"},{\"@type\":\"ListItem\",\"position\":2,\"name\":\"Shop\",\"item\":\"https:\/\/bon.de\/en\/shop-2-2\/\"},{\"@type\":\"ListItem\",\"position\":3,\"name\":\"Volk MagPlus Iridectomy Lens\"}]},{\"@type\":\"WebSite\",\"@id\":\"https:\/\/bon.de\/#website\",\"url\":\"https:\/\/bon.de\/\",\"name\":\"bon Optic - Partner auf Augenh\u00f6he\",\"description\":\"\",\"publisher\":{\"@id\":\"https:\/\/bon.de\/#organization\"},\"potentialAction\":[{\"@type\":\"SearchAction\",\"target\":{\"@type\":\"EntryPoint\",\"urlTemplate\":\"https:\/\/bon.de\/?s={search_term_string}\"},\"query-input\":{\"@type\":\"PropertyValueSpecification\",\"valueRequired\":true,\"valueName\":\"search_term_string\"}}],\"inLanguage\":\"en-US\"},{\"@type\":\"Organization\",\"@id\":\"https:\/\/bon.de\/#organization\",\"name\":\"bon Optic Vertriebsgesellschaft mbH\",\"url\":\"https:\/\/bon.de\/\",\"logo\":{\"@type\":\"ImageObject\",\"inLanguage\":\"en-US\",\"@id\":\"https:\/\/bon.de\/#\/schema\/logo\/image\/\",\"url\":\"https:\/\/bon.de\/wp-content\/uploads\/2021\/06\/bon-Logo_512x512px.png\",\"contentUrl\":\"https:\/\/bon.de\/wp-content\/uploads\/2021\/06\/bon-Logo_512x512px.png\",\"width\":512,\"height\":512,\"caption\":\"bon Optic Vertriebsgesellschaft mbH\"},\"image\":{\"@id\":\"https:\/\/bon.de\/#\/schema\/logo\/image\/\"},\"sameAs\":[\"https:\/\/www.linkedin.com\/company\/bon-optic-vertriebsgesellschaft-mbh\/\",\"https:\/\/www.youtube.com\/channel\/UCSURhENDItKaH88bvn8LlcA\"]}]}<\/script>\n<!-- \/ Yoast SEO plugin. -->","yoast_head_json":{"title":"Volk MagPlus Iridectomy Lens - bon Optic - Partner auf Augenh\u00f6he","robots":{"index":"index","follow":"follow","max-snippet":"max-snippet:-1","max-image-preview":"max-image-preview:large","max-video-preview":"max-video-preview:-1"},"canonical":"https:\/\/bon.de\/en\/product\/volk-magplus-iridectomy-lens-2\/","og_locale":"en_US","og_type":"article","og_title":"Volk MagPlus Iridectomy Lens - bon Optic - Partner auf Augenh\u00f6he","og_description":"Volks MagPlus Iridectomy Lens verbessert Iridektomien aufgrund ihres vergr\u00f6\u00dferten Blickfeldes mit ausgezeichneter Bildsch\u00e4rfe und einer hohen Aufl\u00f6sung. Die Kontaktfl\u00e4che dieser Linse wurde auf 11,7mm gegen\u00fcber herk\u00f6mmlichen Iridektomielinsen vergr\u00f6\u00dfert. Die MagPlus wird standardm\u00e4\u00dfig mit dem \u201eLaserWindow\u201c (Schutzglas) geliefert, wodurch eine optimale Laserstrahltransmission und der Schutz des optischen Systems gew\u00e4hrleistet sind. Weitere Daten zur Mag-Plus: Vergr\u00f6\u00dferung: 1,6x, [&hellip;]","og_url":"https:\/\/bon.de\/en\/product\/volk-magplus-iridectomy-lens-2\/","og_site_name":"bon Optic - Partner auf Augenh\u00f6he","article_modified_time":"2019-03-01T11:06:48+00:00","og_image":[{"width":330,"height":330,"url":"https:\/\/bon.de\/wp-content\/uploads\/2014\/01\/products-magplus-1.jpg","type":"image\/jpeg"}],"twitter_card":"summary_large_image","schema":{"@context":"https:\/\/schema.org","@graph":[{"@type":"WebPage","@id":"https:\/\/bon.de\/en\/product\/volk-magplus-iridectomy-lens-2\/","url":"https:\/\/bon.de\/en\/product\/volk-magplus-iridectomy-lens-2\/","name":"Volk MagPlus Iridectomy Lens - bon Optic - Partner auf Augenh\u00f6he","isPartOf":{"@id":"https:\/\/bon.de\/#website"},"primaryImageOfPage":{"@id":"https:\/\/bon.de\/en\/product\/volk-magplus-iridectomy-lens-2\/#primaryimage"},"image":{"@id":"https:\/\/bon.de\/en\/product\/volk-magplus-iridectomy-lens-2\/#primaryimage"},"thumbnailUrl":"https:\/\/bon.de\/wp-content\/uploads\/2014\/01\/products-magplus-1.jpg","datePublished":"2014-01-08T18:12:52+00:00","dateModified":"2019-03-01T11:06:48+00:00","breadcrumb":{"@id":"https:\/\/bon.de\/en\/product\/volk-magplus-iridectomy-lens-2\/#breadcrumb"},"inLanguage":"en-US","potentialAction":[{"@type":"ReadAction","target":["https:\/\/bon.de\/en\/product\/volk-magplus-iridectomy-lens-2\/"]}]},{"@type":"ImageObject","inLanguage":"en-US","@id":"https:\/\/bon.de\/en\/product\/volk-magplus-iridectomy-lens-2\/#primaryimage","url":"https:\/\/bon.de\/wp-content\/uploads\/2014\/01\/products-magplus-1.jpg","contentUrl":"https:\/\/bon.de\/wp-content\/uploads\/2014\/01\/products-magplus-1.jpg","width":330,"height":330},{"@type":"BreadcrumbList","@id":"https:\/\/bon.de\/en\/product\/volk-magplus-iridectomy-lens-2\/#breadcrumb","itemListElement":[{"@type":"ListItem","position":1,"name":"Home","item":"https:\/\/bon.de\/en\/"},{"@type":"ListItem","position":2,"name":"Shop","item":"https:\/\/bon.de\/en\/shop-2-2\/"},{"@type":"ListItem","position":3,"name":"Volk MagPlus Iridectomy Lens"}]},{"@type":"WebSite","@id":"https:\/\/bon.de\/#website","url":"https:\/\/bon.de\/","name":"bon Optic - Partner auf Augenh\u00f6he","description":"","publisher":{"@id":"https:\/\/bon.de\/#organization"},"potentialAction":[{"@type":"SearchAction","target":{"@type":"EntryPoint","urlTemplate":"https:\/\/bon.de\/?s={search_term_string}"},"query-input":{"@type":"PropertyValueSpecification","valueRequired":true,"valueName":"search_term_string"}}],"inLanguage":"en-US"},{"@type":"Organization","@id":"https:\/\/bon.de\/#organization","name":"bon Optic Vertriebsgesellschaft mbH","url":"https:\/\/bon.de\/","logo":{"@type":"ImageObject","inLanguage":"en-US","@id":"https:\/\/bon.de\/#\/schema\/logo\/image\/","url":"https:\/\/bon.de\/wp-content\/uploads\/2021\/06\/bon-Logo_512x512px.png","contentUrl":"https:\/\/bon.de\/wp-content\/uploads\/2021\/06\/bon-Logo_512x512px.png","width":512,"height":512,"caption":"bon Optic Vertriebsgesellschaft mbH"},"image":{"@id":"https:\/\/bon.de\/#\/schema\/logo\/image\/"},"sameAs":["https:\/\/www.linkedin.com\/company\/bon-optic-vertriebsgesellschaft-mbh\/","https:\/\/www.youtube.com\/channel\/UCSURhENDItKaH88bvn8LlcA"]}]}},"_links":{"self":[{"href":"https:\/\/bon.de\/en\/wp-json\/wp\/v2\/product\/3021","targetHints":{"allow":["GET"]}}],"collection":[{"href":"https:\/\/bon.de\/en\/wp-json\/wp\/v2\/product"}],"about":[{"href":"https:\/\/bon.de\/en\/wp-json\/wp\/v2\/types\/product"}],"replies":[{"embeddable":true,"href":"https:\/\/bon.de\/en\/wp-json\/wp\/v2\/comments?post=3021"}],"wp:featuredmedia":[{"embeddable":true,"href":"https:\/\/bon.de\/en\/wp-json\/wp\/v2\/media\/3022"}],"wp:attachment":[{"href":"https:\/\/bon.de\/en\/wp-json\/wp\/v2\/media?parent=3021"}],"wp:term":[{"taxonomy":"product_manufacturers","embeddable":true,"href":"https:\/\/bon.de\/en\/wp-json\/wp\/v2\/product_manufacturers?post=3021"},{"taxonomy":"product_brand","embeddable":true,"href":"https:\/\/bon.de\/en\/wp-json\/wp\/v2\/product_brand?post=3021"},{"taxonomy":"product_cat","embeddable":true,"href":"https:\/\/bon.de\/en\/wp-json\/wp\/v2\/product_cat?post=3021"},{"taxonomy":"product_tag","embeddable":true,"href":"https:\/\/bon.de\/en\/wp-json\/wp\/v2\/product_tag?post=3021"}],"curies":[{"name":"wp","href":"https:\/\/api.w.org\/{rel}","templated":true}]}}