{"id":3045,"date":"2014-01-08T18:37:28","date_gmt":"2014-01-08T18:37:28","guid":{"rendered":"https:\/\/bon.de\/?post_type=product&#038;p=3045"},"modified":"2019-11-04T16:00:26","modified_gmt":"2019-11-04T16:00:26","slug":"volk-g1-trabeculum-1-spiegel-kontaktglas-mit-flange-2","status":"publish","type":"product","link":"https:\/\/bon.de\/en\/product\/volk-g1-trabeculum-1-spiegel-kontaktglas-mit-flange-2\/","title":{"rendered":"Volk G1 Trabeculum 1-Spiegel Kontaktglas mit Flange"},"content":{"rendered":"<p>Dieses 1-Spiegel-Kontaktglas von VOLK bietet Ihnen die <b>h\u00f6chste Vergr\u00f6\u00dferung aller markt\u00fcblicher Gonioskope.<\/b><br \/>\n<br \/>Es ist perfekt geeignet f\u00fcr die Betrachtung und Behandlung des Trabekelwerks. <\/p>\n<p>Der Spiegel erm\u00f6glicht eine ausgezeichnete Sicht auf den vorderen Kammerwinkel, w\u00e4hrend der zentrale Bereich gleichzeitig einen Blick auf den hinteren Augenpol erlaubt, um Anzeichen f\u00fcr Glaukom und anderen retinalen Erkrankungen besser erkennen zu k\u00f6nnen. <\/p>\n<p>Das Lupengeh\u00e4use ist optimiert f\u00fcr statische und dynamische Gonioskopie. Es erm\u00f6glicht besonders leichte Handhabung und erlaubt dadurch erm\u00fcdungsfreieres Arbeiten. <\/p>\n<p>Neben der abgebildeten Standardversion mit Kontaktrand (&#8220;Flanged&#8221;) ist das Volk G-1 alternativ auch als ohne Kontaktrand erh\u00e4ltlich.<\/p>\n<p>Spiegelwinkel: 62\u00b0<br \/>\nBildvergr\u00f6\u00dferung: 1,5x<br \/>\nLaser-Spot: 0,67x<br \/>\nKontaktfl\u00e4chendurchmesser: 15 mm<\/p>\n","protected":false},"excerpt":{"rendered":"<p>Dieses 1-Spiegel-Kontaktglas von VOLK bietet Ihnen die h\u00f6chste Vergr\u00f6\u00dferung aller markt\u00fcblicher Gonioskope. Es ist perfekt geeignet f\u00fcr die Betrachtung und Behandlung des Trabekelwerks. Der Spiegel erm\u00f6glicht eine ausgezeichnete Sicht auf den vorderen Kammerwinkel, w\u00e4hrend der zentrale Bereich gleichzeitig einen Blick auf den hinteren Augenpol erlaubt, um Anzeichen f\u00fcr Glaukom und anderen retinalen Erkrankungen besser erkennen [&hellip;]<\/p>\n","protected":false},"featured_media":3046,"comment_status":"open","ping_status":"closed","template":"","meta":{"_acf_changed":false,"inline_featured_image":false},"product_manufacturers":[472],"product_brand":[],"product_cat":[247,361,319,185],"product_tag":[],"class_list":{"0":"post-3045","1":"product","2":"type-product","3":"status-publish","4":"has-post-thumbnail","6":"product_cat-retina","7":"product_cat-volk-lenses-loupes","8":"product_cat-volk-contact-lenses","9":"product_cat-bon-shop-2","11":"first","12":"instock","13":"taxable","14":"shipping-taxable","15":"purchasable","16":"product-type-simple"},"acf":[],"yoast_head":"<!-- This site is optimized with the Yoast SEO plugin v27.0 - https:\/\/yoast.com\/product\/yoast-seo-wordpress\/ -->\n<title>Volk G1 Trabeculum 1-Spiegel Kontaktglas mit Flange - bon Optic - Partner auf Augenh\u00f6he<\/title>\n<meta name=\"robots\" content=\"index, follow, max-snippet:-1, max-image-preview:large, max-video-preview:-1\" \/>\n<link rel=\"canonical\" href=\"https:\/\/bon.de\/produkt\/volk-g1-trabeculum-1-spiegel-kontaktglas-mit-flange\/\" \/>\n<meta property=\"og:locale\" content=\"en_US\" \/>\n<meta property=\"og:type\" content=\"article\" \/>\n<meta property=\"og:title\" content=\"Volk G1 Trabeculum 1-Spiegel Kontaktglas mit Flange - bon Optic - Partner auf Augenh\u00f6he\" \/>\n<meta property=\"og:description\" content=\"Dieses 1-Spiegel-Kontaktglas von VOLK bietet Ihnen die h\u00f6chste Vergr\u00f6\u00dferung aller markt\u00fcblicher Gonioskope. Es ist perfekt geeignet f\u00fcr die Betrachtung und Behandlung des Trabekelwerks. Der Spiegel erm\u00f6glicht eine ausgezeichnete Sicht auf den vorderen Kammerwinkel, w\u00e4hrend der zentrale Bereich gleichzeitig einen Blick auf den hinteren Augenpol erlaubt, um Anzeichen f\u00fcr Glaukom und anderen retinalen Erkrankungen besser erkennen [&hellip;]\" \/>\n<meta property=\"og:url\" content=\"https:\/\/bon.de\/produkt\/volk-g1-trabeculum-1-spiegel-kontaktglas-mit-flange\/\" \/>\n<meta property=\"og:site_name\" content=\"bon Optic - Partner auf Augenh\u00f6he\" \/>\n<meta property=\"article:modified_time\" content=\"2019-11-04T16:00:26+00:00\" \/>\n<meta property=\"og:image\" content=\"https:\/\/bon.de\/wp-content\/uploads\/2014\/01\/products-g1_trabeculum-1.jpg\" \/>\n\t<meta property=\"og:image:width\" content=\"350\" \/>\n\t<meta property=\"og:image:height\" content=\"350\" \/>\n\t<meta property=\"og:image:type\" content=\"image\/jpeg\" \/>\n<meta name=\"twitter:card\" content=\"summary_large_image\" \/>\n<meta name=\"twitter:label1\" content=\"Est. reading time\" \/>\n\t<meta name=\"twitter:data1\" content=\"1 minute\" \/>\n<script type=\"application\/ld+json\" class=\"yoast-schema-graph\">{\"@context\":\"https:\/\/schema.org\",\"@graph\":[{\"@type\":\"WebPage\",\"@id\":\"https:\/\/bon.de\/produkt\/volk-g1-trabeculum-1-spiegel-kontaktglas-mit-flange\/\",\"url\":\"https:\/\/bon.de\/produkt\/volk-g1-trabeculum-1-spiegel-kontaktglas-mit-flange\/\",\"name\":\"Volk G1 Trabeculum 1-Spiegel Kontaktglas mit Flange - bon Optic - Partner auf Augenh\u00f6he\",\"isPartOf\":{\"@id\":\"https:\/\/bon.de\/#website\"},\"primaryImageOfPage\":{\"@id\":\"https:\/\/bon.de\/produkt\/volk-g1-trabeculum-1-spiegel-kontaktglas-mit-flange\/#primaryimage\"},\"image\":{\"@id\":\"https:\/\/bon.de\/produkt\/volk-g1-trabeculum-1-spiegel-kontaktglas-mit-flange\/#primaryimage\"},\"thumbnailUrl\":\"https:\/\/bon.de\/wp-content\/uploads\/2014\/01\/products-g1_trabeculum-1.jpg\",\"datePublished\":\"2014-01-08T18:37:28+00:00\",\"dateModified\":\"2019-11-04T16:00:26+00:00\",\"breadcrumb\":{\"@id\":\"https:\/\/bon.de\/produkt\/volk-g1-trabeculum-1-spiegel-kontaktglas-mit-flange\/#breadcrumb\"},\"inLanguage\":\"en-US\",\"potentialAction\":[{\"@type\":\"ReadAction\",\"target\":[\"https:\/\/bon.de\/produkt\/volk-g1-trabeculum-1-spiegel-kontaktglas-mit-flange\/\"]}]},{\"@type\":\"ImageObject\",\"inLanguage\":\"en-US\",\"@id\":\"https:\/\/bon.de\/produkt\/volk-g1-trabeculum-1-spiegel-kontaktglas-mit-flange\/#primaryimage\",\"url\":\"https:\/\/bon.de\/wp-content\/uploads\/2014\/01\/products-g1_trabeculum-1.jpg\",\"contentUrl\":\"https:\/\/bon.de\/wp-content\/uploads\/2014\/01\/products-g1_trabeculum-1.jpg\",\"width\":350,\"height\":350,\"caption\":\"Volk G1 Trabeculum 1-Spiegel Kontaktglas mit Flange\"},{\"@type\":\"BreadcrumbList\",\"@id\":\"https:\/\/bon.de\/produkt\/volk-g1-trabeculum-1-spiegel-kontaktglas-mit-flange\/#breadcrumb\",\"itemListElement\":[{\"@type\":\"ListItem\",\"position\":1,\"name\":\"Home\",\"item\":\"https:\/\/bon.de\/en\/\"},{\"@type\":\"ListItem\",\"position\":2,\"name\":\"Shop\",\"item\":\"https:\/\/bon.de\/en\/shop-2-2\/\"},{\"@type\":\"ListItem\",\"position\":3,\"name\":\"Volk G1 Trabeculum 1-Spiegel Kontaktglas mit Flange\"}]},{\"@type\":\"WebSite\",\"@id\":\"https:\/\/bon.de\/#website\",\"url\":\"https:\/\/bon.de\/\",\"name\":\"bon Optic - Partner auf Augenh\u00f6he\",\"description\":\"\",\"publisher\":{\"@id\":\"https:\/\/bon.de\/#organization\"},\"potentialAction\":[{\"@type\":\"SearchAction\",\"target\":{\"@type\":\"EntryPoint\",\"urlTemplate\":\"https:\/\/bon.de\/?s={search_term_string}\"},\"query-input\":{\"@type\":\"PropertyValueSpecification\",\"valueRequired\":true,\"valueName\":\"search_term_string\"}}],\"inLanguage\":\"en-US\"},{\"@type\":\"Organization\",\"@id\":\"https:\/\/bon.de\/#organization\",\"name\":\"bon Optic Vertriebsgesellschaft mbH\",\"url\":\"https:\/\/bon.de\/\",\"logo\":{\"@type\":\"ImageObject\",\"inLanguage\":\"en-US\",\"@id\":\"https:\/\/bon.de\/#\/schema\/logo\/image\/\",\"url\":\"https:\/\/bon.de\/wp-content\/uploads\/2021\/06\/bon-Logo_512x512px.png\",\"contentUrl\":\"https:\/\/bon.de\/wp-content\/uploads\/2021\/06\/bon-Logo_512x512px.png\",\"width\":512,\"height\":512,\"caption\":\"bon Optic Vertriebsgesellschaft mbH\"},\"image\":{\"@id\":\"https:\/\/bon.de\/#\/schema\/logo\/image\/\"},\"sameAs\":[\"https:\/\/www.linkedin.com\/company\/bon-optic-vertriebsgesellschaft-mbh\/\",\"https:\/\/www.youtube.com\/channel\/UCSURhENDItKaH88bvn8LlcA\"]}]}<\/script>\n<!-- \/ Yoast SEO plugin. -->","yoast_head_json":{"title":"Volk G1 Trabeculum 1-Spiegel Kontaktglas mit Flange - bon Optic - Partner auf Augenh\u00f6he","robots":{"index":"index","follow":"follow","max-snippet":"max-snippet:-1","max-image-preview":"max-image-preview:large","max-video-preview":"max-video-preview:-1"},"canonical":"https:\/\/bon.de\/produkt\/volk-g1-trabeculum-1-spiegel-kontaktglas-mit-flange\/","og_locale":"en_US","og_type":"article","og_title":"Volk G1 Trabeculum 1-Spiegel Kontaktglas mit Flange - bon Optic - Partner auf Augenh\u00f6he","og_description":"Dieses 1-Spiegel-Kontaktglas von VOLK bietet Ihnen die h\u00f6chste Vergr\u00f6\u00dferung aller markt\u00fcblicher Gonioskope. Es ist perfekt geeignet f\u00fcr die Betrachtung und Behandlung des Trabekelwerks. Der Spiegel erm\u00f6glicht eine ausgezeichnete Sicht auf den vorderen Kammerwinkel, w\u00e4hrend der zentrale Bereich gleichzeitig einen Blick auf den hinteren Augenpol erlaubt, um Anzeichen f\u00fcr Glaukom und anderen retinalen Erkrankungen besser erkennen [&hellip;]","og_url":"https:\/\/bon.de\/produkt\/volk-g1-trabeculum-1-spiegel-kontaktglas-mit-flange\/","og_site_name":"bon Optic - Partner auf Augenh\u00f6he","article_modified_time":"2019-11-04T16:00:26+00:00","og_image":[{"width":350,"height":350,"url":"https:\/\/bon.de\/wp-content\/uploads\/2014\/01\/products-g1_trabeculum-1.jpg","type":"image\/jpeg"}],"twitter_card":"summary_large_image","twitter_misc":{"Est. reading time":"1 minute"},"schema":{"@context":"https:\/\/schema.org","@graph":[{"@type":"WebPage","@id":"https:\/\/bon.de\/produkt\/volk-g1-trabeculum-1-spiegel-kontaktglas-mit-flange\/","url":"https:\/\/bon.de\/produkt\/volk-g1-trabeculum-1-spiegel-kontaktglas-mit-flange\/","name":"Volk G1 Trabeculum 1-Spiegel Kontaktglas mit Flange - bon Optic - Partner auf Augenh\u00f6he","isPartOf":{"@id":"https:\/\/bon.de\/#website"},"primaryImageOfPage":{"@id":"https:\/\/bon.de\/produkt\/volk-g1-trabeculum-1-spiegel-kontaktglas-mit-flange\/#primaryimage"},"image":{"@id":"https:\/\/bon.de\/produkt\/volk-g1-trabeculum-1-spiegel-kontaktglas-mit-flange\/#primaryimage"},"thumbnailUrl":"https:\/\/bon.de\/wp-content\/uploads\/2014\/01\/products-g1_trabeculum-1.jpg","datePublished":"2014-01-08T18:37:28+00:00","dateModified":"2019-11-04T16:00:26+00:00","breadcrumb":{"@id":"https:\/\/bon.de\/produkt\/volk-g1-trabeculum-1-spiegel-kontaktglas-mit-flange\/#breadcrumb"},"inLanguage":"en-US","potentialAction":[{"@type":"ReadAction","target":["https:\/\/bon.de\/produkt\/volk-g1-trabeculum-1-spiegel-kontaktglas-mit-flange\/"]}]},{"@type":"ImageObject","inLanguage":"en-US","@id":"https:\/\/bon.de\/produkt\/volk-g1-trabeculum-1-spiegel-kontaktglas-mit-flange\/#primaryimage","url":"https:\/\/bon.de\/wp-content\/uploads\/2014\/01\/products-g1_trabeculum-1.jpg","contentUrl":"https:\/\/bon.de\/wp-content\/uploads\/2014\/01\/products-g1_trabeculum-1.jpg","width":350,"height":350,"caption":"Volk G1 Trabeculum 1-Spiegel Kontaktglas mit Flange"},{"@type":"BreadcrumbList","@id":"https:\/\/bon.de\/produkt\/volk-g1-trabeculum-1-spiegel-kontaktglas-mit-flange\/#breadcrumb","itemListElement":[{"@type":"ListItem","position":1,"name":"Home","item":"https:\/\/bon.de\/en\/"},{"@type":"ListItem","position":2,"name":"Shop","item":"https:\/\/bon.de\/en\/shop-2-2\/"},{"@type":"ListItem","position":3,"name":"Volk G1 Trabeculum 1-Spiegel Kontaktglas mit Flange"}]},{"@type":"WebSite","@id":"https:\/\/bon.de\/#website","url":"https:\/\/bon.de\/","name":"bon Optic - Partner auf Augenh\u00f6he","description":"","publisher":{"@id":"https:\/\/bon.de\/#organization"},"potentialAction":[{"@type":"SearchAction","target":{"@type":"EntryPoint","urlTemplate":"https:\/\/bon.de\/?s={search_term_string}"},"query-input":{"@type":"PropertyValueSpecification","valueRequired":true,"valueName":"search_term_string"}}],"inLanguage":"en-US"},{"@type":"Organization","@id":"https:\/\/bon.de\/#organization","name":"bon Optic Vertriebsgesellschaft mbH","url":"https:\/\/bon.de\/","logo":{"@type":"ImageObject","inLanguage":"en-US","@id":"https:\/\/bon.de\/#\/schema\/logo\/image\/","url":"https:\/\/bon.de\/wp-content\/uploads\/2021\/06\/bon-Logo_512x512px.png","contentUrl":"https:\/\/bon.de\/wp-content\/uploads\/2021\/06\/bon-Logo_512x512px.png","width":512,"height":512,"caption":"bon Optic Vertriebsgesellschaft mbH"},"image":{"@id":"https:\/\/bon.de\/#\/schema\/logo\/image\/"},"sameAs":["https:\/\/www.linkedin.com\/company\/bon-optic-vertriebsgesellschaft-mbh\/","https:\/\/www.youtube.com\/channel\/UCSURhENDItKaH88bvn8LlcA"]}]}},"_links":{"self":[{"href":"https:\/\/bon.de\/en\/wp-json\/wp\/v2\/product\/3045","targetHints":{"allow":["GET"]}}],"collection":[{"href":"https:\/\/bon.de\/en\/wp-json\/wp\/v2\/product"}],"about":[{"href":"https:\/\/bon.de\/en\/wp-json\/wp\/v2\/types\/product"}],"replies":[{"embeddable":true,"href":"https:\/\/bon.de\/en\/wp-json\/wp\/v2\/comments?post=3045"}],"wp:featuredmedia":[{"embeddable":true,"href":"https:\/\/bon.de\/en\/wp-json\/wp\/v2\/media\/3046"}],"wp:attachment":[{"href":"https:\/\/bon.de\/en\/wp-json\/wp\/v2\/media?parent=3045"}],"wp:term":[{"taxonomy":"product_manufacturers","embeddable":true,"href":"https:\/\/bon.de\/en\/wp-json\/wp\/v2\/product_manufacturers?post=3045"},{"taxonomy":"product_brand","embeddable":true,"href":"https:\/\/bon.de\/en\/wp-json\/wp\/v2\/product_brand?post=3045"},{"taxonomy":"product_cat","embeddable":true,"href":"https:\/\/bon.de\/en\/wp-json\/wp\/v2\/product_cat?post=3045"},{"taxonomy":"product_tag","embeddable":true,"href":"https:\/\/bon.de\/en\/wp-json\/wp\/v2\/product_tag?post=3045"}],"curies":[{"name":"wp","href":"https:\/\/api.w.org\/{rel}","templated":true}]}}