{"id":3061,"date":"2014-01-09T12:12:26","date_gmt":"2014-01-09T12:12:26","guid":{"rendered":"https:\/\/bon.de\/?post_type=product&#038;p=3061"},"modified":"2019-11-04T15:48:07","modified_gmt":"2019-11-04T15:48:07","slug":"volk-macula-plus-5-5-2","status":"publish","type":"product","link":"https:\/\/bon.de\/en\/product\/volk-macula-plus-5-5-2\/","title":{"rendered":"Volk Macula Plus\u00ae 5.5"},"content":{"rendered":"<p>Die Macula Plus 5.5 ist ausgezeichnet f\u00fcr die Untersuchung des Sehnervenkopfes und der Makula geeignet. Benutzen Sie sie z.B. mit Ihrer F\u00f6rsterbrille um Neovaskularisationen der Netzhaut, Makula\u00f6deme, Netzhautabl\u00f6sungen oder andere Abnormalit\u00e4ten der Makula zu diagnostizieren.<\/p>\n","protected":false},"excerpt":{"rendered":"<p>Die Macula Plus 5.5 ist ausgezeichnet f\u00fcr die Untersuchung des Sehnervenkopfes und der Makula geeignet. Benutzen Sie sie z.B. mit Ihrer F\u00f6rsterbrille um Neovaskularisationen der Netzhaut, Makula\u00f6deme, Netzhautabl\u00f6sungen oder andere Abnormalit\u00e4ten der Makula zu diagnostizieren.<\/p>\n","protected":false},"featured_media":3062,"comment_status":"open","ping_status":"closed","template":"","meta":{"_acf_changed":false,"inline_featured_image":false},"product_manufacturers":[472],"product_brand":[],"product_cat":[247,361,151],"product_tag":[],"class_list":{"0":"post-3061","1":"product","2":"type-product","3":"status-publish","4":"has-post-thumbnail","6":"product_cat-retina","7":"product_cat-volk-lenses-loupes","8":"product_cat-volk-non-contact-lenses","10":"first","11":"instock","12":"taxable","13":"shipping-taxable","14":"purchasable","15":"product-type-simple"},"acf":[],"yoast_head":"<!-- This site is optimized with the Yoast SEO plugin v27.0 - https:\/\/yoast.com\/product\/yoast-seo-wordpress\/ -->\n<title>Volk Macula Plus\u00ae 5.5 - bon Optic - Partner auf Augenh\u00f6he<\/title>\n<meta name=\"robots\" content=\"index, follow, max-snippet:-1, max-image-preview:large, max-video-preview:-1\" \/>\n<link rel=\"canonical\" href=\"https:\/\/bon.de\/en\/product\/volk-macula-plus-5-5-2\/\" \/>\n<meta property=\"og:locale\" content=\"en_US\" \/>\n<meta property=\"og:type\" content=\"article\" \/>\n<meta property=\"og:title\" content=\"Volk Macula Plus\u00ae 5.5 - bon Optic - Partner auf Augenh\u00f6he\" \/>\n<meta property=\"og:description\" content=\"Die Macula Plus 5.5 ist ausgezeichnet f\u00fcr die Untersuchung des Sehnervenkopfes und der Makula geeignet. Benutzen Sie sie z.B. mit Ihrer F\u00f6rsterbrille um Neovaskularisationen der Netzhaut, Makula\u00f6deme, Netzhautabl\u00f6sungen oder andere Abnormalit\u00e4ten der Makula zu diagnostizieren.\" \/>\n<meta property=\"og:url\" content=\"https:\/\/bon.de\/en\/product\/volk-macula-plus-5-5-2\/\" \/>\n<meta property=\"og:site_name\" content=\"bon Optic - Partner auf Augenh\u00f6he\" \/>\n<meta property=\"article:modified_time\" content=\"2019-11-04T15:48:07+00:00\" \/>\n<meta property=\"og:image\" content=\"https:\/\/bon.de\/wp-content\/uploads\/2014\/01\/products-maculaplus55-1.jpg\" \/>\n\t<meta property=\"og:image:width\" content=\"350\" \/>\n\t<meta property=\"og:image:height\" content=\"350\" \/>\n\t<meta property=\"og:image:type\" content=\"image\/jpeg\" \/>\n<meta name=\"twitter:card\" content=\"summary_large_image\" \/>\n<script type=\"application\/ld+json\" class=\"yoast-schema-graph\">{\"@context\":\"https:\/\/schema.org\",\"@graph\":[{\"@type\":\"WebPage\",\"@id\":\"https:\/\/bon.de\/en\/product\/volk-macula-plus-5-5-2\/\",\"url\":\"https:\/\/bon.de\/en\/product\/volk-macula-plus-5-5-2\/\",\"name\":\"Volk Macula Plus\u00ae 5.5 - bon Optic - Partner auf Augenh\u00f6he\",\"isPartOf\":{\"@id\":\"https:\/\/bon.de\/#website\"},\"primaryImageOfPage\":{\"@id\":\"https:\/\/bon.de\/en\/product\/volk-macula-plus-5-5-2\/#primaryimage\"},\"image\":{\"@id\":\"https:\/\/bon.de\/en\/product\/volk-macula-plus-5-5-2\/#primaryimage\"},\"thumbnailUrl\":\"https:\/\/bon.de\/wp-content\/uploads\/2014\/01\/products-maculaplus55-1.jpg\",\"datePublished\":\"2014-01-09T12:12:26+00:00\",\"dateModified\":\"2019-11-04T15:48:07+00:00\",\"breadcrumb\":{\"@id\":\"https:\/\/bon.de\/en\/product\/volk-macula-plus-5-5-2\/#breadcrumb\"},\"inLanguage\":\"en-US\",\"potentialAction\":[{\"@type\":\"ReadAction\",\"target\":[\"https:\/\/bon.de\/en\/product\/volk-macula-plus-5-5-2\/\"]}]},{\"@type\":\"ImageObject\",\"inLanguage\":\"en-US\",\"@id\":\"https:\/\/bon.de\/en\/product\/volk-macula-plus-5-5-2\/#primaryimage\",\"url\":\"https:\/\/bon.de\/wp-content\/uploads\/2014\/01\/products-maculaplus55-1.jpg\",\"contentUrl\":\"https:\/\/bon.de\/wp-content\/uploads\/2014\/01\/products-maculaplus55-1.jpg\",\"width\":350,\"height\":350},{\"@type\":\"BreadcrumbList\",\"@id\":\"https:\/\/bon.de\/en\/product\/volk-macula-plus-5-5-2\/#breadcrumb\",\"itemListElement\":[{\"@type\":\"ListItem\",\"position\":1,\"name\":\"Home\",\"item\":\"https:\/\/bon.de\/en\/\"},{\"@type\":\"ListItem\",\"position\":2,\"name\":\"Shop\",\"item\":\"https:\/\/bon.de\/en\/shop-2-2\/\"},{\"@type\":\"ListItem\",\"position\":3,\"name\":\"Volk Macula Plus\u00ae 5.5\"}]},{\"@type\":\"WebSite\",\"@id\":\"https:\/\/bon.de\/#website\",\"url\":\"https:\/\/bon.de\/\",\"name\":\"bon Optic - Partner auf Augenh\u00f6he\",\"description\":\"\",\"publisher\":{\"@id\":\"https:\/\/bon.de\/#organization\"},\"potentialAction\":[{\"@type\":\"SearchAction\",\"target\":{\"@type\":\"EntryPoint\",\"urlTemplate\":\"https:\/\/bon.de\/?s={search_term_string}\"},\"query-input\":{\"@type\":\"PropertyValueSpecification\",\"valueRequired\":true,\"valueName\":\"search_term_string\"}}],\"inLanguage\":\"en-US\"},{\"@type\":\"Organization\",\"@id\":\"https:\/\/bon.de\/#organization\",\"name\":\"bon Optic Vertriebsgesellschaft mbH\",\"url\":\"https:\/\/bon.de\/\",\"logo\":{\"@type\":\"ImageObject\",\"inLanguage\":\"en-US\",\"@id\":\"https:\/\/bon.de\/#\/schema\/logo\/image\/\",\"url\":\"https:\/\/bon.de\/wp-content\/uploads\/2021\/06\/bon-Logo_512x512px.png\",\"contentUrl\":\"https:\/\/bon.de\/wp-content\/uploads\/2021\/06\/bon-Logo_512x512px.png\",\"width\":512,\"height\":512,\"caption\":\"bon Optic Vertriebsgesellschaft mbH\"},\"image\":{\"@id\":\"https:\/\/bon.de\/#\/schema\/logo\/image\/\"},\"sameAs\":[\"https:\/\/www.linkedin.com\/company\/bon-optic-vertriebsgesellschaft-mbh\/\",\"https:\/\/www.youtube.com\/channel\/UCSURhENDItKaH88bvn8LlcA\"]}]}<\/script>\n<!-- \/ Yoast SEO plugin. -->","yoast_head_json":{"title":"Volk Macula Plus\u00ae 5.5 - bon Optic - Partner auf Augenh\u00f6he","robots":{"index":"index","follow":"follow","max-snippet":"max-snippet:-1","max-image-preview":"max-image-preview:large","max-video-preview":"max-video-preview:-1"},"canonical":"https:\/\/bon.de\/en\/product\/volk-macula-plus-5-5-2\/","og_locale":"en_US","og_type":"article","og_title":"Volk Macula Plus\u00ae 5.5 - bon Optic - Partner auf Augenh\u00f6he","og_description":"Die Macula Plus 5.5 ist ausgezeichnet f\u00fcr die Untersuchung des Sehnervenkopfes und der Makula geeignet. Benutzen Sie sie z.B. mit Ihrer F\u00f6rsterbrille um Neovaskularisationen der Netzhaut, Makula\u00f6deme, Netzhautabl\u00f6sungen oder andere Abnormalit\u00e4ten der Makula zu diagnostizieren.","og_url":"https:\/\/bon.de\/en\/product\/volk-macula-plus-5-5-2\/","og_site_name":"bon Optic - Partner auf Augenh\u00f6he","article_modified_time":"2019-11-04T15:48:07+00:00","og_image":[{"width":350,"height":350,"url":"https:\/\/bon.de\/wp-content\/uploads\/2014\/01\/products-maculaplus55-1.jpg","type":"image\/jpeg"}],"twitter_card":"summary_large_image","schema":{"@context":"https:\/\/schema.org","@graph":[{"@type":"WebPage","@id":"https:\/\/bon.de\/en\/product\/volk-macula-plus-5-5-2\/","url":"https:\/\/bon.de\/en\/product\/volk-macula-plus-5-5-2\/","name":"Volk Macula Plus\u00ae 5.5 - bon Optic - Partner auf Augenh\u00f6he","isPartOf":{"@id":"https:\/\/bon.de\/#website"},"primaryImageOfPage":{"@id":"https:\/\/bon.de\/en\/product\/volk-macula-plus-5-5-2\/#primaryimage"},"image":{"@id":"https:\/\/bon.de\/en\/product\/volk-macula-plus-5-5-2\/#primaryimage"},"thumbnailUrl":"https:\/\/bon.de\/wp-content\/uploads\/2014\/01\/products-maculaplus55-1.jpg","datePublished":"2014-01-09T12:12:26+00:00","dateModified":"2019-11-04T15:48:07+00:00","breadcrumb":{"@id":"https:\/\/bon.de\/en\/product\/volk-macula-plus-5-5-2\/#breadcrumb"},"inLanguage":"en-US","potentialAction":[{"@type":"ReadAction","target":["https:\/\/bon.de\/en\/product\/volk-macula-plus-5-5-2\/"]}]},{"@type":"ImageObject","inLanguage":"en-US","@id":"https:\/\/bon.de\/en\/product\/volk-macula-plus-5-5-2\/#primaryimage","url":"https:\/\/bon.de\/wp-content\/uploads\/2014\/01\/products-maculaplus55-1.jpg","contentUrl":"https:\/\/bon.de\/wp-content\/uploads\/2014\/01\/products-maculaplus55-1.jpg","width":350,"height":350},{"@type":"BreadcrumbList","@id":"https:\/\/bon.de\/en\/product\/volk-macula-plus-5-5-2\/#breadcrumb","itemListElement":[{"@type":"ListItem","position":1,"name":"Home","item":"https:\/\/bon.de\/en\/"},{"@type":"ListItem","position":2,"name":"Shop","item":"https:\/\/bon.de\/en\/shop-2-2\/"},{"@type":"ListItem","position":3,"name":"Volk Macula Plus\u00ae 5.5"}]},{"@type":"WebSite","@id":"https:\/\/bon.de\/#website","url":"https:\/\/bon.de\/","name":"bon Optic - Partner auf Augenh\u00f6he","description":"","publisher":{"@id":"https:\/\/bon.de\/#organization"},"potentialAction":[{"@type":"SearchAction","target":{"@type":"EntryPoint","urlTemplate":"https:\/\/bon.de\/?s={search_term_string}"},"query-input":{"@type":"PropertyValueSpecification","valueRequired":true,"valueName":"search_term_string"}}],"inLanguage":"en-US"},{"@type":"Organization","@id":"https:\/\/bon.de\/#organization","name":"bon Optic Vertriebsgesellschaft mbH","url":"https:\/\/bon.de\/","logo":{"@type":"ImageObject","inLanguage":"en-US","@id":"https:\/\/bon.de\/#\/schema\/logo\/image\/","url":"https:\/\/bon.de\/wp-content\/uploads\/2021\/06\/bon-Logo_512x512px.png","contentUrl":"https:\/\/bon.de\/wp-content\/uploads\/2021\/06\/bon-Logo_512x512px.png","width":512,"height":512,"caption":"bon Optic Vertriebsgesellschaft mbH"},"image":{"@id":"https:\/\/bon.de\/#\/schema\/logo\/image\/"},"sameAs":["https:\/\/www.linkedin.com\/company\/bon-optic-vertriebsgesellschaft-mbh\/","https:\/\/www.youtube.com\/channel\/UCSURhENDItKaH88bvn8LlcA"]}]}},"_links":{"self":[{"href":"https:\/\/bon.de\/en\/wp-json\/wp\/v2\/product\/3061","targetHints":{"allow":["GET"]}}],"collection":[{"href":"https:\/\/bon.de\/en\/wp-json\/wp\/v2\/product"}],"about":[{"href":"https:\/\/bon.de\/en\/wp-json\/wp\/v2\/types\/product"}],"replies":[{"embeddable":true,"href":"https:\/\/bon.de\/en\/wp-json\/wp\/v2\/comments?post=3061"}],"wp:featuredmedia":[{"embeddable":true,"href":"https:\/\/bon.de\/en\/wp-json\/wp\/v2\/media\/3062"}],"wp:attachment":[{"href":"https:\/\/bon.de\/en\/wp-json\/wp\/v2\/media?parent=3061"}],"wp:term":[{"taxonomy":"product_manufacturers","embeddable":true,"href":"https:\/\/bon.de\/en\/wp-json\/wp\/v2\/product_manufacturers?post=3061"},{"taxonomy":"product_brand","embeddable":true,"href":"https:\/\/bon.de\/en\/wp-json\/wp\/v2\/product_brand?post=3061"},{"taxonomy":"product_cat","embeddable":true,"href":"https:\/\/bon.de\/en\/wp-json\/wp\/v2\/product_cat?post=3061"},{"taxonomy":"product_tag","embeddable":true,"href":"https:\/\/bon.de\/en\/wp-json\/wp\/v2\/product_tag?post=3061"}],"curies":[{"name":"wp","href":"https:\/\/api.w.org\/{rel}","templated":true}]}}