{"id":3065,"date":"2014-01-09T12:16:01","date_gmt":"2014-01-09T12:16:01","guid":{"rendered":"https:\/\/bon.de\/?post_type=product&#038;p=3065"},"modified":"2019-03-01T10:49:31","modified_gmt":"2019-03-01T10:49:31","slug":"volk-super66-stereo-fundus-2","status":"publish","type":"product","link":"https:\/\/bon.de\/en\/product\/volk-super66-stereo-fundus-2\/","title":{"rendered":"Volk Super66 Stereo Fundus"},"content":{"rendered":"<p>Die Super 66 stereo Fundus Linse ist konstruiert f\u00fcr hohe Aufl\u00f6sungen und hohe Vergr\u00f6\u00dferungen bei der Betrachtung der zentralen Netzhautbereiche. Ihr erweitertes 3D Design erm\u00f6glicht es kleinste Details der Makula und des Sehnervenkopfes zu erkennen. Sie ist damit ideal zum Erkennen von Ver\u00e4nderungen der choroidalen Gef\u00e4\u00dfmembranen, Makula\u00f6demen, Netzhautabl\u00f6sungen und anderen Anomalit\u00e4ten der Makula. Sie eignet sich um Neovaskularisationen des Sehnervs bei Glaukompatienten zu erkennen. Das patentierte Doppelt-Asph\u00e4rische Design der Volk Linse bietet ein vergr\u00f6\u00dfertes Blickfeld von 96\u00b0 bei dynamischer Betrachtung. Die Volk Super 66 wurde speziell f\u00fcr eine unkritische Positionierung der Linse beim Gebrauch entwickelt. Sie ist in Bezug auf Arbeitsabstand vergleichbar mit der 78D Linse, hat aber eine h\u00f6here Aufl\u00f6sung, Bildqualit\u00e4t und erm\u00f6glicht bessere Tiefenwahrnehmung.u diagnostizieren.<\/p>\n","protected":false},"excerpt":{"rendered":"<p>Die Super 66 stereo Fundus Linse ist konstruiert f\u00fcr hohe Aufl\u00f6sungen und hohe Vergr\u00f6\u00dferungen bei der Betrachtung der zentralen Netzhautbereiche. Ihr erweitertes 3D Design erm\u00f6glicht es kleinste Details der Makula und des Sehnervenkopfes zu erkennen. Sie ist damit ideal zum Erkennen von Ver\u00e4nderungen der choroidalen Gef\u00e4\u00dfmembranen, Makula\u00f6demen, Netzhautabl\u00f6sungen und anderen Anomalit\u00e4ten der Makula. Sie eignet [&hellip;]<\/p>\n","protected":false},"featured_media":3066,"comment_status":"open","ping_status":"closed","template":"","meta":{"_acf_changed":false,"inline_featured_image":false},"product_manufacturers":[472],"product_brand":[],"product_cat":[247,361,151],"product_tag":[],"class_list":{"0":"post-3065","1":"product","2":"type-product","3":"status-publish","4":"has-post-thumbnail","6":"product_cat-retina","7":"product_cat-volk-lenses-loupes","8":"product_cat-volk-non-contact-lenses","9":"pa_european-authorized-represen-rudolf-riester-gmbh-bruckstrabe-31-72417-jungingen-germany","11":"first","12":"instock","13":"taxable","14":"shipping-taxable","15":"purchasable","16":"product-type-variable","17":"has-default-attributes"},"acf":[],"yoast_head":"<!-- This site is optimized with the Yoast SEO plugin v27.0 - https:\/\/yoast.com\/product\/yoast-seo-wordpress\/ -->\n<title>Volk Super66 Stereo Fundus - bon Optic - Partner auf Augenh\u00f6he<\/title>\n<meta name=\"robots\" content=\"index, follow, max-snippet:-1, max-image-preview:large, max-video-preview:-1\" \/>\n<link rel=\"canonical\" href=\"https:\/\/bon.de\/en\/product\/volk-super66-stereo-fundus-2\/\" \/>\n<meta property=\"og:locale\" content=\"en_US\" \/>\n<meta property=\"og:type\" content=\"article\" \/>\n<meta property=\"og:title\" content=\"Volk Super66 Stereo Fundus - bon Optic - Partner auf Augenh\u00f6he\" \/>\n<meta property=\"og:description\" content=\"Die Super 66 stereo Fundus Linse ist konstruiert f\u00fcr hohe Aufl\u00f6sungen und hohe Vergr\u00f6\u00dferungen bei der Betrachtung der zentralen Netzhautbereiche. Ihr erweitertes 3D Design erm\u00f6glicht es kleinste Details der Makula und des Sehnervenkopfes zu erkennen. Sie ist damit ideal zum Erkennen von Ver\u00e4nderungen der choroidalen Gef\u00e4\u00dfmembranen, Makula\u00f6demen, Netzhautabl\u00f6sungen und anderen Anomalit\u00e4ten der Makula. Sie eignet [&hellip;]\" \/>\n<meta property=\"og:url\" content=\"https:\/\/bon.de\/en\/product\/volk-super66-stereo-fundus-2\/\" \/>\n<meta property=\"og:site_name\" content=\"bon Optic - Partner auf Augenh\u00f6he\" \/>\n<meta property=\"article:modified_time\" content=\"2019-03-01T10:49:31+00:00\" \/>\n<meta property=\"og:image\" content=\"https:\/\/bon.de\/wp-content\/uploads\/2014\/01\/products-super66-1.jpg\" \/>\n\t<meta property=\"og:image:width\" content=\"330\" \/>\n\t<meta property=\"og:image:height\" content=\"330\" \/>\n\t<meta property=\"og:image:type\" content=\"image\/jpeg\" \/>\n<meta name=\"twitter:card\" content=\"summary_large_image\" \/>\n<meta name=\"twitter:label1\" content=\"Est. reading time\" \/>\n\t<meta name=\"twitter:data1\" content=\"1 minute\" \/>\n<script type=\"application\/ld+json\" class=\"yoast-schema-graph\">{\"@context\":\"https:\/\/schema.org\",\"@graph\":[{\"@type\":\"WebPage\",\"@id\":\"https:\/\/bon.de\/en\/product\/volk-super66-stereo-fundus-2\/\",\"url\":\"https:\/\/bon.de\/en\/product\/volk-super66-stereo-fundus-2\/\",\"name\":\"Volk Super66 Stereo Fundus - bon Optic - Partner auf Augenh\u00f6he\",\"isPartOf\":{\"@id\":\"https:\/\/bon.de\/#website\"},\"primaryImageOfPage\":{\"@id\":\"https:\/\/bon.de\/en\/product\/volk-super66-stereo-fundus-2\/#primaryimage\"},\"image\":{\"@id\":\"https:\/\/bon.de\/en\/product\/volk-super66-stereo-fundus-2\/#primaryimage\"},\"thumbnailUrl\":\"https:\/\/bon.de\/wp-content\/uploads\/2014\/01\/products-super66-1.jpg\",\"datePublished\":\"2014-01-09T12:16:01+00:00\",\"dateModified\":\"2019-03-01T10:49:31+00:00\",\"breadcrumb\":{\"@id\":\"https:\/\/bon.de\/en\/product\/volk-super66-stereo-fundus-2\/#breadcrumb\"},\"inLanguage\":\"en-US\",\"potentialAction\":[{\"@type\":\"ReadAction\",\"target\":[\"https:\/\/bon.de\/en\/product\/volk-super66-stereo-fundus-2\/\"]}]},{\"@type\":\"ImageObject\",\"inLanguage\":\"en-US\",\"@id\":\"https:\/\/bon.de\/en\/product\/volk-super66-stereo-fundus-2\/#primaryimage\",\"url\":\"https:\/\/bon.de\/wp-content\/uploads\/2014\/01\/products-super66-1.jpg\",\"contentUrl\":\"https:\/\/bon.de\/wp-content\/uploads\/2014\/01\/products-super66-1.jpg\",\"width\":330,\"height\":330},{\"@type\":\"BreadcrumbList\",\"@id\":\"https:\/\/bon.de\/en\/product\/volk-super66-stereo-fundus-2\/#breadcrumb\",\"itemListElement\":[{\"@type\":\"ListItem\",\"position\":1,\"name\":\"Home\",\"item\":\"https:\/\/bon.de\/en\/\"},{\"@type\":\"ListItem\",\"position\":2,\"name\":\"Shop\",\"item\":\"https:\/\/bon.de\/en\/shop-2-2\/\"},{\"@type\":\"ListItem\",\"position\":3,\"name\":\"Volk Super66 Stereo Fundus\"}]},{\"@type\":\"WebSite\",\"@id\":\"https:\/\/bon.de\/#website\",\"url\":\"https:\/\/bon.de\/\",\"name\":\"bon Optic - Partner auf Augenh\u00f6he\",\"description\":\"\",\"publisher\":{\"@id\":\"https:\/\/bon.de\/#organization\"},\"potentialAction\":[{\"@type\":\"SearchAction\",\"target\":{\"@type\":\"EntryPoint\",\"urlTemplate\":\"https:\/\/bon.de\/?s={search_term_string}\"},\"query-input\":{\"@type\":\"PropertyValueSpecification\",\"valueRequired\":true,\"valueName\":\"search_term_string\"}}],\"inLanguage\":\"en-US\"},{\"@type\":\"Organization\",\"@id\":\"https:\/\/bon.de\/#organization\",\"name\":\"bon Optic Vertriebsgesellschaft mbH\",\"url\":\"https:\/\/bon.de\/\",\"logo\":{\"@type\":\"ImageObject\",\"inLanguage\":\"en-US\",\"@id\":\"https:\/\/bon.de\/#\/schema\/logo\/image\/\",\"url\":\"https:\/\/bon.de\/wp-content\/uploads\/2021\/06\/bon-Logo_512x512px.png\",\"contentUrl\":\"https:\/\/bon.de\/wp-content\/uploads\/2021\/06\/bon-Logo_512x512px.png\",\"width\":512,\"height\":512,\"caption\":\"bon Optic Vertriebsgesellschaft mbH\"},\"image\":{\"@id\":\"https:\/\/bon.de\/#\/schema\/logo\/image\/\"},\"sameAs\":[\"https:\/\/www.linkedin.com\/company\/bon-optic-vertriebsgesellschaft-mbh\/\",\"https:\/\/www.youtube.com\/channel\/UCSURhENDItKaH88bvn8LlcA\"]}]}<\/script>\n<!-- \/ Yoast SEO plugin. -->","yoast_head_json":{"title":"Volk Super66 Stereo Fundus - bon Optic - Partner auf Augenh\u00f6he","robots":{"index":"index","follow":"follow","max-snippet":"max-snippet:-1","max-image-preview":"max-image-preview:large","max-video-preview":"max-video-preview:-1"},"canonical":"https:\/\/bon.de\/en\/product\/volk-super66-stereo-fundus-2\/","og_locale":"en_US","og_type":"article","og_title":"Volk Super66 Stereo Fundus - bon Optic - Partner auf Augenh\u00f6he","og_description":"Die Super 66 stereo Fundus Linse ist konstruiert f\u00fcr hohe Aufl\u00f6sungen und hohe Vergr\u00f6\u00dferungen bei der Betrachtung der zentralen Netzhautbereiche. Ihr erweitertes 3D Design erm\u00f6glicht es kleinste Details der Makula und des Sehnervenkopfes zu erkennen. Sie ist damit ideal zum Erkennen von Ver\u00e4nderungen der choroidalen Gef\u00e4\u00dfmembranen, Makula\u00f6demen, Netzhautabl\u00f6sungen und anderen Anomalit\u00e4ten der Makula. Sie eignet [&hellip;]","og_url":"https:\/\/bon.de\/en\/product\/volk-super66-stereo-fundus-2\/","og_site_name":"bon Optic - Partner auf Augenh\u00f6he","article_modified_time":"2019-03-01T10:49:31+00:00","og_image":[{"width":330,"height":330,"url":"https:\/\/bon.de\/wp-content\/uploads\/2014\/01\/products-super66-1.jpg","type":"image\/jpeg"}],"twitter_card":"summary_large_image","twitter_misc":{"Est. reading time":"1 minute"},"schema":{"@context":"https:\/\/schema.org","@graph":[{"@type":"WebPage","@id":"https:\/\/bon.de\/en\/product\/volk-super66-stereo-fundus-2\/","url":"https:\/\/bon.de\/en\/product\/volk-super66-stereo-fundus-2\/","name":"Volk Super66 Stereo Fundus - bon Optic - Partner auf Augenh\u00f6he","isPartOf":{"@id":"https:\/\/bon.de\/#website"},"primaryImageOfPage":{"@id":"https:\/\/bon.de\/en\/product\/volk-super66-stereo-fundus-2\/#primaryimage"},"image":{"@id":"https:\/\/bon.de\/en\/product\/volk-super66-stereo-fundus-2\/#primaryimage"},"thumbnailUrl":"https:\/\/bon.de\/wp-content\/uploads\/2014\/01\/products-super66-1.jpg","datePublished":"2014-01-09T12:16:01+00:00","dateModified":"2019-03-01T10:49:31+00:00","breadcrumb":{"@id":"https:\/\/bon.de\/en\/product\/volk-super66-stereo-fundus-2\/#breadcrumb"},"inLanguage":"en-US","potentialAction":[{"@type":"ReadAction","target":["https:\/\/bon.de\/en\/product\/volk-super66-stereo-fundus-2\/"]}]},{"@type":"ImageObject","inLanguage":"en-US","@id":"https:\/\/bon.de\/en\/product\/volk-super66-stereo-fundus-2\/#primaryimage","url":"https:\/\/bon.de\/wp-content\/uploads\/2014\/01\/products-super66-1.jpg","contentUrl":"https:\/\/bon.de\/wp-content\/uploads\/2014\/01\/products-super66-1.jpg","width":330,"height":330},{"@type":"BreadcrumbList","@id":"https:\/\/bon.de\/en\/product\/volk-super66-stereo-fundus-2\/#breadcrumb","itemListElement":[{"@type":"ListItem","position":1,"name":"Home","item":"https:\/\/bon.de\/en\/"},{"@type":"ListItem","position":2,"name":"Shop","item":"https:\/\/bon.de\/en\/shop-2-2\/"},{"@type":"ListItem","position":3,"name":"Volk Super66 Stereo Fundus"}]},{"@type":"WebSite","@id":"https:\/\/bon.de\/#website","url":"https:\/\/bon.de\/","name":"bon Optic - Partner auf Augenh\u00f6he","description":"","publisher":{"@id":"https:\/\/bon.de\/#organization"},"potentialAction":[{"@type":"SearchAction","target":{"@type":"EntryPoint","urlTemplate":"https:\/\/bon.de\/?s={search_term_string}"},"query-input":{"@type":"PropertyValueSpecification","valueRequired":true,"valueName":"search_term_string"}}],"inLanguage":"en-US"},{"@type":"Organization","@id":"https:\/\/bon.de\/#organization","name":"bon Optic Vertriebsgesellschaft mbH","url":"https:\/\/bon.de\/","logo":{"@type":"ImageObject","inLanguage":"en-US","@id":"https:\/\/bon.de\/#\/schema\/logo\/image\/","url":"https:\/\/bon.de\/wp-content\/uploads\/2021\/06\/bon-Logo_512x512px.png","contentUrl":"https:\/\/bon.de\/wp-content\/uploads\/2021\/06\/bon-Logo_512x512px.png","width":512,"height":512,"caption":"bon Optic Vertriebsgesellschaft mbH"},"image":{"@id":"https:\/\/bon.de\/#\/schema\/logo\/image\/"},"sameAs":["https:\/\/www.linkedin.com\/company\/bon-optic-vertriebsgesellschaft-mbh\/","https:\/\/www.youtube.com\/channel\/UCSURhENDItKaH88bvn8LlcA"]}]}},"_links":{"self":[{"href":"https:\/\/bon.de\/en\/wp-json\/wp\/v2\/product\/3065","targetHints":{"allow":["GET"]}}],"collection":[{"href":"https:\/\/bon.de\/en\/wp-json\/wp\/v2\/product"}],"about":[{"href":"https:\/\/bon.de\/en\/wp-json\/wp\/v2\/types\/product"}],"replies":[{"embeddable":true,"href":"https:\/\/bon.de\/en\/wp-json\/wp\/v2\/comments?post=3065"}],"wp:featuredmedia":[{"embeddable":true,"href":"https:\/\/bon.de\/en\/wp-json\/wp\/v2\/media\/3066"}],"wp:attachment":[{"href":"https:\/\/bon.de\/en\/wp-json\/wp\/v2\/media?parent=3065"}],"wp:term":[{"taxonomy":"product_manufacturers","embeddable":true,"href":"https:\/\/bon.de\/en\/wp-json\/wp\/v2\/product_manufacturers?post=3065"},{"taxonomy":"product_brand","embeddable":true,"href":"https:\/\/bon.de\/en\/wp-json\/wp\/v2\/product_brand?post=3065"},{"taxonomy":"product_cat","embeddable":true,"href":"https:\/\/bon.de\/en\/wp-json\/wp\/v2\/product_cat?post=3065"},{"taxonomy":"product_tag","embeddable":true,"href":"https:\/\/bon.de\/en\/wp-json\/wp\/v2\/product_tag?post=3065"}],"curies":[{"name":"wp","href":"https:\/\/api.w.org\/{rel}","templated":true}]}}