{"id":3324,"date":"2014-09-02T09:57:45","date_gmt":"2014-09-02T09:57:45","guid":{"rendered":"https:\/\/bon.de\/?post_type=product&#038;p=3324"},"modified":"2025-04-29T11:12:49","modified_gmt":"2025-04-29T10:12:49","slug":"inflammadry-mmp-9-tranenfilm-test-pack-of-20-single-tests","status":"publish","type":"product","link":"https:\/\/bon.de\/en\/product\/inflammadry-mmp-9-tranenfilm-test-pack-of-20-single-tests\/","title":{"rendered":"InflammaDry MMP-9 Tr\u00e4nenfilm-Test (Pack of 20 single tests)"},"content":{"rendered":"<h3>Identify Dry Eye<\/h3>\n<h4>An In-Office test to aid in Dry Eye diagnosis<\/h4>\n<p>Dry eye disease, or dysfunctional tear syndrome, is an extremely common condition that is often under diagnosed and affects 5-30% of the population ages 50 and over. <sup>(1)<\/sup><\/p>\n<p>InflammaDry\u00ae is the first and only, rapid, in-office test that detects MMP-9, an inflammatory marker that is consistently elevated in the tears of patients with dry eye disease. <sup>(2)<\/sup><\/p>\n<p>Commit to making the right diagnosis with an easy-to use, in-office, dry eye test that gives accurate results in just 10 minutes.<\/p>\n<h3>85% Sensitivity <sup>(3)<\/sup><\/h3>\n<p>94% Specificity <sup>(3)<\/sup><\/p>\n<h4>Right Diagnosis<\/h4>\n<p>&nbsp;<\/p>\n<ul>\n<li>MMP-9 is a more sensitive diagnostic marker for dry eye than clinical signs alone. <sup>(2)<\/sup><\/li>\n<li>Inflammation is present before the clinical signs of dry eye. <sup>(4)<\/sup><\/li>\n<li>Increased MMP-9 activity in dry eyes may contribute to deranged corneal epithelial barrier function, increased corneal desquamation, and corneal surface irregularity. <sup>(4)<\/sup><br \/>\n<h4>Right Treatment<\/h4>\n<p>&nbsp;<\/li>\n<li>Dry eye disease may require an extensive treatment plan and continuous therapy.<\/li>\n<li>Artificial tears and punctal occlusion may improve signs and symptoms, while helping to decrease visual irritation. <sup>(5)<\/sup><\/li>\n<li>Anti-inflammatory therapies, such as cyclosporine, corticosteroids, and doxycycline have been shown to decrease MMP-9 activity. <sup>(6)<\/sup><br \/>\n<h4>Right Now<\/h4>\n<p>&nbsp;<\/li>\n<li><b>Results in 10 minutes.<\/b><b>InflammaDry<\/b> is the only rapid, in-office dry eye test that detects MMP-9, a biomarker for inflammation that is consistently elevated in the tears of dry eye patients. <sup>(2)<\/sup> All other dry eye tests measure tear production and stability.\n<p><b>InflammaDry<\/b> recognizes elevated levels of MMP-9 to identify patients that may otherwise be missed with other dry eye testing methods.<\/p>\n<h4>Inflamma-Dry<\/h4>\n<p>&nbsp;<\/li>\n<li>Detects elevated levels of MMP-9 in tear fluid, to identify inflammation.<\/li>\n<li>Provides rapid results in just 10 minutes.<\/li>\n<li>Accurate, with higher positive agreement (sensitivity) and higher negative agreement (specificity) than other dry eye tests.<br \/>\n<h4>Clinical Benefits of identifying Dry Eye<\/h4>\n<p>&nbsp;<\/li>\n<li>By identifying and treating patients with dry eye, pre-surgical measurements are more accurate and post-surgical outcomes are improved. <sup>(7)<\/sup><\/li>\n<li>Reduce post-surgical complications, such as corneal wound healing, by identifying dry eye prior to surgery. <sup>(4)<\/sup><\/li>\n<li>Therapeutic treatment of Dry Eye will improve patient quality of life. <sup>(8)<\/sup><br \/>\n<h4>Confidence in Dry Eye diagnosis<\/h4>\n<p>&nbsp;<\/li>\n<li>Disposable, in-office diagnostic test that requires just 4 easy steps.<\/li>\n<li>Low cost test requires no additional equipment to administer or interpret.\n<div class=\"brlbs-cmpnt-container brlbs-cmpnt-content-blocker brlbs-cmpnt-with-individual-styles\" data-borlabs-cookie-content-blocker-id=\"vimeo-content-blocker\" data-borlabs-cookie-content=\"PGlmcmFtZSBzcmM9Ii8vcGxheWVyLnZpbWVvLmNvbS92aWRlby85NzczNTU5NyIgd2lkdGg9IjY0MCIgaGVpZ2h0PSIzNTYiIGZyYW1lYm9yZGVyPSIwIiBhbGxvd2Z1bGxzY3JlZW49ImFsbG93ZnVsbHNjcmVlbiI+PC9pZnJhbWU+\">\n<div class=\"brlbs-cmpnt-cb-preset-c brlbs-cmpnt-cb-vimeo\">\n<div class=\"brlbs-cmpnt-cb-thumbnail\" style=\"background-image: url('https:\/\/bon.de\/wp-content\/uploads\/borlabs-cookie\/1\/brlbs-cb-vimeo-main.png')\"><\/div>\n<div class=\"brlbs-cmpnt-cb-main\">\n<div class=\"brlbs-cmpnt-cb-play-button\"><\/div>\n<div class=\"brlbs-cmpnt-cb-content\">\n<p class=\"brlbs-cmpnt-cb-description\">You are currently viewing a placeholder content from <strong>Vimeo<\/strong>. To access the actual content, click the button below. Please note that doing so will share data with third-party providers.<\/p>\n<p> <a class=\"brlbs-cmpnt-cb-provider-toggle\" href=\"#\" data-borlabs-cookie-show-provider-information role=\"button\">More Information<\/a> <\/div>\n<div class=\"brlbs-cmpnt-cb-buttons\"> <a class=\"brlbs-cmpnt-cb-btn\" href=\"#\" data-borlabs-cookie-unblock role=\"button\">Unblock content<\/a> <a class=\"brlbs-cmpnt-cb-btn\" href=\"#\" data-borlabs-cookie-accept-service role=\"button\" style=\"display: inherit\">Accept required service and unblock content<\/a> <\/div><\/div><\/div>\n<\/div>\n<h4>References<\/h4>\n<p>&nbsp;<\/p>\n<p>[1] The epidemiology of dry eye disease: report of the Epidemiology Subcommittee of the International Dry Eye WorkShop (2007). Ocul Surf.<br \/>\n2007 Apr;5(2):93-107.<\/p>\n<p>[2] Chotikavanich S, de Paiva CS, Li de Q, et al. Production and activity of matrix metalloproteinase-9 on the ocular surface increase in<br \/>\ndysfunctional tear syndrome. Invest Ophthalmol Vis Sci. 2009 Jul;50(7):3203-9.<\/p>\n<p>[3] RPS InflammaDry sensitivity and specificity was compared to clinical truth in RPS clinical study: protocol #100310.<\/p>\n<p>[4] Sambursky R, O\u2019Brien TP. MMP-9 and the perioperative management of LASIK surgery. Curr Opin Ophthalmol. 2011 Jul;22(4):294-303.<\/p>\n<p>[5] Marsh P, Pflugfelder SC. Topical nonpreserved methylprednisolone therapy for keratoconjunctivitis sicca in Sj\u00f6gren syndrome.<br \/>\nOphthalmology. 1999 Apr;106(4):811-6.<\/p>\n<p>[6] Kaufman HE. The practical detection of mmp-9 diagnoses ocular surface disease and may help prevent its complications. Cornea. 2013<br \/>\nFeb;32(2):211-6.<\/p>\n<p>[7] Shtein RM. Post-LASIK dry eye. Expert Rev Ophthalmol. 2011 Oct;6(5):575-582.<\/p>\n<p>[8] Schiffman RM, Walt JG, Jacobsen G, et al. Utility assessment among patients with dry eye disease. Ophthalmology. 2003 Jul;110(7):1412-9.<\/li>\n<\/ul>\n","protected":false},"excerpt":{"rendered":"<p>Identify Dry Eye An In-Office test to aid in Dry Eye diagnosis Dry eye disease, or dysfunctional tear syndrome, is an extremely common condition that is often under diagnosed and affects 5-30% of the population ages 50 and over. (1) InflammaDry\u00ae is the first and only, rapid, in-office test that detects MMP-9, an inflammatory marker [&hellip;]<\/p>\n","protected":false},"featured_media":3325,"comment_status":"open","ping_status":"closed","template":"","meta":{"_acf_changed":false,"inline_featured_image":false},"product_manufacturers":[488],"product_brand":[],"product_cat":[117],"product_tag":[],"class_list":{"0":"post-3324","1":"product","2":"type-product","3":"status-publish","4":"has-post-thumbnail","6":"product_cat-consumables","8":"first","9":"instock","10":"taxable","11":"shipping-taxable","12":"purchasable","13":"product-type-simple"},"acf":[],"yoast_head":"<!-- This site is optimized with the Yoast SEO plugin v27.0 - https:\/\/yoast.com\/product\/yoast-seo-wordpress\/ -->\n<title>Inflammadry MMP-9 Dry Eye Test<\/title>\n<meta name=\"description\" content=\"Der InflammaDry MMP-9 Tr\u00e4nenfilm-Test gibt schnelle Auskunft \u00fcber Entz\u00fcndungen im Auge.\" \/>\n<meta name=\"robots\" content=\"index, follow, max-snippet:-1, max-image-preview:large, max-video-preview:-1\" \/>\n<link rel=\"canonical\" href=\"https:\/\/bon.de\/en\/product\/inflammadry-mmp-9-tranenfilm-test-pack-of-20-single-tests\/\" \/>\n<meta property=\"og:locale\" content=\"en_US\" \/>\n<meta property=\"og:type\" content=\"article\" \/>\n<meta property=\"og:title\" content=\"Inflammadry MMP-9 Dry Eye Test\" \/>\n<meta property=\"og:description\" content=\"Der InflammaDry MMP-9 Tr\u00e4nenfilm-Test gibt schnelle Auskunft \u00fcber Entz\u00fcndungen im Auge.\" \/>\n<meta property=\"og:url\" content=\"https:\/\/bon.de\/en\/product\/inflammadry-mmp-9-tranenfilm-test-pack-of-20-single-tests\/\" \/>\n<meta property=\"og:site_name\" content=\"bon Optic - Partner auf Augenh\u00f6he\" \/>\n<meta property=\"article:modified_time\" content=\"2025-04-29T10:12:49+00:00\" \/>\n<meta property=\"og:image\" content=\"https:\/\/bon.de\/wp-content\/uploads\/2019\/02\/products-7999002-1.jpg\" \/>\n\t<meta property=\"og:image:width\" content=\"941\" \/>\n\t<meta property=\"og:image:height\" content=\"952\" \/>\n\t<meta property=\"og:image:type\" content=\"image\/jpeg\" \/>\n<meta name=\"twitter:card\" content=\"summary_large_image\" \/>\n<meta name=\"twitter:label1\" content=\"Est. reading time\" \/>\n\t<meta name=\"twitter:data1\" content=\"4 minutes\" \/>\n<script type=\"application\/ld+json\" class=\"yoast-schema-graph\">{\"@context\":\"https:\/\/schema.org\",\"@graph\":[{\"@type\":\"WebPage\",\"@id\":\"https:\/\/bon.de\/en\/product\/inflammadry-mmp-9-tranenfilm-test-pack-of-20-single-tests\/\",\"url\":\"https:\/\/bon.de\/en\/product\/inflammadry-mmp-9-tranenfilm-test-pack-of-20-single-tests\/\",\"name\":\"Inflammadry MMP-9 Dry Eye Test\",\"isPartOf\":{\"@id\":\"https:\/\/bon.de\/#website\"},\"primaryImageOfPage\":{\"@id\":\"https:\/\/bon.de\/en\/product\/inflammadry-mmp-9-tranenfilm-test-pack-of-20-single-tests\/#primaryimage\"},\"image\":{\"@id\":\"https:\/\/bon.de\/en\/product\/inflammadry-mmp-9-tranenfilm-test-pack-of-20-single-tests\/#primaryimage\"},\"thumbnailUrl\":\"https:\/\/bon.de\/wp-content\/uploads\/2019\/02\/products-7999002-1.jpg\",\"datePublished\":\"2014-09-02T09:57:45+00:00\",\"dateModified\":\"2025-04-29T10:12:49+00:00\",\"description\":\"Der InflammaDry MMP-9 Tr\u00e4nenfilm-Test gibt schnelle Auskunft \u00fcber Entz\u00fcndungen im Auge.\",\"breadcrumb\":{\"@id\":\"https:\/\/bon.de\/en\/product\/inflammadry-mmp-9-tranenfilm-test-pack-of-20-single-tests\/#breadcrumb\"},\"inLanguage\":\"en-US\",\"potentialAction\":[{\"@type\":\"ReadAction\",\"target\":[\"https:\/\/bon.de\/en\/product\/inflammadry-mmp-9-tranenfilm-test-pack-of-20-single-tests\/\"]}]},{\"@type\":\"ImageObject\",\"inLanguage\":\"en-US\",\"@id\":\"https:\/\/bon.de\/en\/product\/inflammadry-mmp-9-tranenfilm-test-pack-of-20-single-tests\/#primaryimage\",\"url\":\"https:\/\/bon.de\/wp-content\/uploads\/2019\/02\/products-7999002-1.jpg\",\"contentUrl\":\"https:\/\/bon.de\/wp-content\/uploads\/2019\/02\/products-7999002-1.jpg\",\"width\":941,\"height\":952,\"caption\":\"InflammaDry MMP-9 Tr\u00e4nenfilm-Test\"},{\"@type\":\"BreadcrumbList\",\"@id\":\"https:\/\/bon.de\/en\/product\/inflammadry-mmp-9-tranenfilm-test-pack-of-20-single-tests\/#breadcrumb\",\"itemListElement\":[{\"@type\":\"ListItem\",\"position\":1,\"name\":\"Home\",\"item\":\"https:\/\/bon.de\/en\/\"},{\"@type\":\"ListItem\",\"position\":2,\"name\":\"Shop\",\"item\":\"https:\/\/bon.de\/en\/shop-2-2\/\"},{\"@type\":\"ListItem\",\"position\":3,\"name\":\"InflammaDry MMP-9 Tr\u00e4nenfilm-Test (Pack of 20 single tests)\"}]},{\"@type\":\"WebSite\",\"@id\":\"https:\/\/bon.de\/#website\",\"url\":\"https:\/\/bon.de\/\",\"name\":\"bon Optic - Partner auf Augenh\u00f6he\",\"description\":\"\",\"publisher\":{\"@id\":\"https:\/\/bon.de\/#organization\"},\"potentialAction\":[{\"@type\":\"SearchAction\",\"target\":{\"@type\":\"EntryPoint\",\"urlTemplate\":\"https:\/\/bon.de\/?s={search_term_string}\"},\"query-input\":{\"@type\":\"PropertyValueSpecification\",\"valueRequired\":true,\"valueName\":\"search_term_string\"}}],\"inLanguage\":\"en-US\"},{\"@type\":\"Organization\",\"@id\":\"https:\/\/bon.de\/#organization\",\"name\":\"bon Optic Vertriebsgesellschaft mbH\",\"url\":\"https:\/\/bon.de\/\",\"logo\":{\"@type\":\"ImageObject\",\"inLanguage\":\"en-US\",\"@id\":\"https:\/\/bon.de\/#\/schema\/logo\/image\/\",\"url\":\"https:\/\/bon.de\/wp-content\/uploads\/2021\/06\/bon-Logo_512x512px.png\",\"contentUrl\":\"https:\/\/bon.de\/wp-content\/uploads\/2021\/06\/bon-Logo_512x512px.png\",\"width\":512,\"height\":512,\"caption\":\"bon Optic Vertriebsgesellschaft mbH\"},\"image\":{\"@id\":\"https:\/\/bon.de\/#\/schema\/logo\/image\/\"},\"sameAs\":[\"https:\/\/www.linkedin.com\/company\/bon-optic-vertriebsgesellschaft-mbh\/\",\"https:\/\/www.youtube.com\/channel\/UCSURhENDItKaH88bvn8LlcA\"]}]}<\/script>\n<!-- \/ Yoast SEO plugin. -->","yoast_head_json":{"title":"Inflammadry MMP-9 Dry Eye Test","description":"Der InflammaDry MMP-9 Tr\u00e4nenfilm-Test gibt schnelle Auskunft \u00fcber Entz\u00fcndungen im Auge.","robots":{"index":"index","follow":"follow","max-snippet":"max-snippet:-1","max-image-preview":"max-image-preview:large","max-video-preview":"max-video-preview:-1"},"canonical":"https:\/\/bon.de\/en\/product\/inflammadry-mmp-9-tranenfilm-test-pack-of-20-single-tests\/","og_locale":"en_US","og_type":"article","og_title":"Inflammadry MMP-9 Dry Eye Test","og_description":"Der InflammaDry MMP-9 Tr\u00e4nenfilm-Test gibt schnelle Auskunft \u00fcber Entz\u00fcndungen im Auge.","og_url":"https:\/\/bon.de\/en\/product\/inflammadry-mmp-9-tranenfilm-test-pack-of-20-single-tests\/","og_site_name":"bon Optic - Partner auf Augenh\u00f6he","article_modified_time":"2025-04-29T10:12:49+00:00","og_image":[{"width":941,"height":952,"url":"https:\/\/bon.de\/wp-content\/uploads\/2019\/02\/products-7999002-1.jpg","type":"image\/jpeg"}],"twitter_card":"summary_large_image","twitter_misc":{"Est. reading time":"4 minutes"},"schema":{"@context":"https:\/\/schema.org","@graph":[{"@type":"WebPage","@id":"https:\/\/bon.de\/en\/product\/inflammadry-mmp-9-tranenfilm-test-pack-of-20-single-tests\/","url":"https:\/\/bon.de\/en\/product\/inflammadry-mmp-9-tranenfilm-test-pack-of-20-single-tests\/","name":"Inflammadry MMP-9 Dry Eye Test","isPartOf":{"@id":"https:\/\/bon.de\/#website"},"primaryImageOfPage":{"@id":"https:\/\/bon.de\/en\/product\/inflammadry-mmp-9-tranenfilm-test-pack-of-20-single-tests\/#primaryimage"},"image":{"@id":"https:\/\/bon.de\/en\/product\/inflammadry-mmp-9-tranenfilm-test-pack-of-20-single-tests\/#primaryimage"},"thumbnailUrl":"https:\/\/bon.de\/wp-content\/uploads\/2019\/02\/products-7999002-1.jpg","datePublished":"2014-09-02T09:57:45+00:00","dateModified":"2025-04-29T10:12:49+00:00","description":"Der InflammaDry MMP-9 Tr\u00e4nenfilm-Test gibt schnelle Auskunft \u00fcber Entz\u00fcndungen im Auge.","breadcrumb":{"@id":"https:\/\/bon.de\/en\/product\/inflammadry-mmp-9-tranenfilm-test-pack-of-20-single-tests\/#breadcrumb"},"inLanguage":"en-US","potentialAction":[{"@type":"ReadAction","target":["https:\/\/bon.de\/en\/product\/inflammadry-mmp-9-tranenfilm-test-pack-of-20-single-tests\/"]}]},{"@type":"ImageObject","inLanguage":"en-US","@id":"https:\/\/bon.de\/en\/product\/inflammadry-mmp-9-tranenfilm-test-pack-of-20-single-tests\/#primaryimage","url":"https:\/\/bon.de\/wp-content\/uploads\/2019\/02\/products-7999002-1.jpg","contentUrl":"https:\/\/bon.de\/wp-content\/uploads\/2019\/02\/products-7999002-1.jpg","width":941,"height":952,"caption":"InflammaDry MMP-9 Tr\u00e4nenfilm-Test"},{"@type":"BreadcrumbList","@id":"https:\/\/bon.de\/en\/product\/inflammadry-mmp-9-tranenfilm-test-pack-of-20-single-tests\/#breadcrumb","itemListElement":[{"@type":"ListItem","position":1,"name":"Home","item":"https:\/\/bon.de\/en\/"},{"@type":"ListItem","position":2,"name":"Shop","item":"https:\/\/bon.de\/en\/shop-2-2\/"},{"@type":"ListItem","position":3,"name":"InflammaDry MMP-9 Tr\u00e4nenfilm-Test (Pack of 20 single tests)"}]},{"@type":"WebSite","@id":"https:\/\/bon.de\/#website","url":"https:\/\/bon.de\/","name":"bon Optic - Partner auf Augenh\u00f6he","description":"","publisher":{"@id":"https:\/\/bon.de\/#organization"},"potentialAction":[{"@type":"SearchAction","target":{"@type":"EntryPoint","urlTemplate":"https:\/\/bon.de\/?s={search_term_string}"},"query-input":{"@type":"PropertyValueSpecification","valueRequired":true,"valueName":"search_term_string"}}],"inLanguage":"en-US"},{"@type":"Organization","@id":"https:\/\/bon.de\/#organization","name":"bon Optic Vertriebsgesellschaft mbH","url":"https:\/\/bon.de\/","logo":{"@type":"ImageObject","inLanguage":"en-US","@id":"https:\/\/bon.de\/#\/schema\/logo\/image\/","url":"https:\/\/bon.de\/wp-content\/uploads\/2021\/06\/bon-Logo_512x512px.png","contentUrl":"https:\/\/bon.de\/wp-content\/uploads\/2021\/06\/bon-Logo_512x512px.png","width":512,"height":512,"caption":"bon Optic Vertriebsgesellschaft mbH"},"image":{"@id":"https:\/\/bon.de\/#\/schema\/logo\/image\/"},"sameAs":["https:\/\/www.linkedin.com\/company\/bon-optic-vertriebsgesellschaft-mbh\/","https:\/\/www.youtube.com\/channel\/UCSURhENDItKaH88bvn8LlcA"]}]}},"_links":{"self":[{"href":"https:\/\/bon.de\/en\/wp-json\/wp\/v2\/product\/3324","targetHints":{"allow":["GET"]}}],"collection":[{"href":"https:\/\/bon.de\/en\/wp-json\/wp\/v2\/product"}],"about":[{"href":"https:\/\/bon.de\/en\/wp-json\/wp\/v2\/types\/product"}],"replies":[{"embeddable":true,"href":"https:\/\/bon.de\/en\/wp-json\/wp\/v2\/comments?post=3324"}],"wp:featuredmedia":[{"embeddable":true,"href":"https:\/\/bon.de\/en\/wp-json\/wp\/v2\/media\/3325"}],"wp:attachment":[{"href":"https:\/\/bon.de\/en\/wp-json\/wp\/v2\/media?parent=3324"}],"wp:term":[{"taxonomy":"product_manufacturers","embeddable":true,"href":"https:\/\/bon.de\/en\/wp-json\/wp\/v2\/product_manufacturers?post=3324"},{"taxonomy":"product_brand","embeddable":true,"href":"https:\/\/bon.de\/en\/wp-json\/wp\/v2\/product_brand?post=3324"},{"taxonomy":"product_cat","embeddable":true,"href":"https:\/\/bon.de\/en\/wp-json\/wp\/v2\/product_cat?post=3324"},{"taxonomy":"product_tag","embeddable":true,"href":"https:\/\/bon.de\/en\/wp-json\/wp\/v2\/product_tag?post=3324"}],"curies":[{"name":"wp","href":"https:\/\/api.w.org\/{rel}","templated":true}]}}