{"id":3639,"date":"2015-09-21T09:17:40","date_gmt":"2015-09-21T09:17:40","guid":{"rendered":"https:\/\/bon.de\/?post_type=product&#038;p=3639"},"modified":"2021-04-30T12:09:24","modified_gmt":"2021-04-30T12:09:24","slug":"katena-einweg-suture-ring-packung-a-10-stuck-2","status":"publish","type":"product","link":"https:\/\/bon.de\/en\/product\/katena-einweg-suture-ring-packung-a-10-stuck-2\/","title":{"rendered":"Katena Einweg Suture Ring (Packung \u00e0 10 St\u00fcck)"},"content":{"rendered":"<p>Katena Einweg  Suture Ring (Version ohne Tabs)<\/p>\n<p><b>Packung \u00e0 10 St\u00fcck, einzeln steril verpackt<\/b><\/p>\n<p><i>Bitte beachten Sie, dass die R\u00fcckgabe von Sterilprodukten gem\u00e4\u00df MPG (Medizinproduktgesetz) ausgeschlossen ist.<\/i><\/p>\n","protected":false},"excerpt":{"rendered":"<p>Katena Einweg Suture Ring (Version ohne Tabs) Packung \u00e0 10 St\u00fcck, einzeln steril verpackt Bitte beachten Sie, dass die R\u00fcckgabe von Sterilprodukten gem\u00e4\u00df MPG (Medizinproduktgesetz) ausgeschlossen ist.<\/p>\n","protected":false},"featured_media":3640,"comment_status":"open","ping_status":"closed","template":"","meta":{"_acf_changed":false,"inline_featured_image":false},"product_manufacturers":[710],"product_brand":[],"product_cat":[369,199,413],"product_tag":[],"class_list":{"0":"post-3639","1":"product","2":"type-product","3":"status-publish","4":"has-post-thumbnail","6":"product_cat-disposable-ophthalmic-lenses","7":"product_cat-disposables","8":"product_cat-ophthalmic-lenses-disposable","10":"first","11":"instock","12":"taxable","13":"shipping-taxable","14":"purchasable","15":"product-type-simple"},"acf":[],"yoast_head":"<!-- This site is optimized with the Yoast SEO plugin v27.0 - https:\/\/yoast.com\/product\/yoast-seo-wordpress\/ -->\n<title>Katena Einweg Suture Ring (Packung \u00e0 10 St\u00fcck) - bon Optic - Partner auf Augenh\u00f6he<\/title>\n<meta name=\"robots\" content=\"index, follow, max-snippet:-1, max-image-preview:large, max-video-preview:-1\" \/>\n<link rel=\"canonical\" href=\"https:\/\/bon.de\/en\/product\/katena-einweg-suture-ring-packung-a-10-stuck-2\/\" \/>\n<meta property=\"og:locale\" content=\"en_US\" \/>\n<meta property=\"og:type\" content=\"article\" \/>\n<meta property=\"og:title\" content=\"Katena Einweg Suture Ring (Packung \u00e0 10 St\u00fcck) - bon Optic - Partner auf Augenh\u00f6he\" \/>\n<meta property=\"og:description\" content=\"Katena Einweg Suture Ring (Version ohne Tabs) Packung \u00e0 10 St\u00fcck, einzeln steril verpackt Bitte beachten Sie, dass die R\u00fcckgabe von Sterilprodukten gem\u00e4\u00df MPG (Medizinproduktgesetz) ausgeschlossen ist.\" \/>\n<meta property=\"og:url\" content=\"https:\/\/bon.de\/en\/product\/katena-einweg-suture-ring-packung-a-10-stuck-2\/\" \/>\n<meta property=\"og:site_name\" content=\"bon Optic - Partner auf Augenh\u00f6he\" \/>\n<meta property=\"article:modified_time\" content=\"2021-04-30T12:09:24+00:00\" \/>\n<meta property=\"og:image\" content=\"https:\/\/bon.de\/wp-content\/uploads\/2015\/09\/products-suturering-1.jpg\" \/>\n\t<meta property=\"og:image:width\" content=\"797\" \/>\n\t<meta property=\"og:image:height\" content=\"420\" \/>\n\t<meta property=\"og:image:type\" content=\"image\/jpeg\" \/>\n<meta name=\"twitter:card\" content=\"summary_large_image\" \/>\n<script type=\"application\/ld+json\" class=\"yoast-schema-graph\">{\"@context\":\"https:\/\/schema.org\",\"@graph\":[{\"@type\":\"WebPage\",\"@id\":\"https:\/\/bon.de\/en\/product\/katena-einweg-suture-ring-packung-a-10-stuck-2\/\",\"url\":\"https:\/\/bon.de\/en\/product\/katena-einweg-suture-ring-packung-a-10-stuck-2\/\",\"name\":\"Katena Einweg Suture Ring (Packung \u00e0 10 St\u00fcck) - bon Optic - Partner auf Augenh\u00f6he\",\"isPartOf\":{\"@id\":\"https:\/\/bon.de\/#website\"},\"primaryImageOfPage\":{\"@id\":\"https:\/\/bon.de\/en\/product\/katena-einweg-suture-ring-packung-a-10-stuck-2\/#primaryimage\"},\"image\":{\"@id\":\"https:\/\/bon.de\/en\/product\/katena-einweg-suture-ring-packung-a-10-stuck-2\/#primaryimage\"},\"thumbnailUrl\":\"https:\/\/bon.de\/wp-content\/uploads\/2015\/09\/products-suturering-1.jpg\",\"datePublished\":\"2015-09-21T09:17:40+00:00\",\"dateModified\":\"2021-04-30T12:09:24+00:00\",\"breadcrumb\":{\"@id\":\"https:\/\/bon.de\/en\/product\/katena-einweg-suture-ring-packung-a-10-stuck-2\/#breadcrumb\"},\"inLanguage\":\"en-US\",\"potentialAction\":[{\"@type\":\"ReadAction\",\"target\":[\"https:\/\/bon.de\/en\/product\/katena-einweg-suture-ring-packung-a-10-stuck-2\/\"]}]},{\"@type\":\"ImageObject\",\"inLanguage\":\"en-US\",\"@id\":\"https:\/\/bon.de\/en\/product\/katena-einweg-suture-ring-packung-a-10-stuck-2\/#primaryimage\",\"url\":\"https:\/\/bon.de\/wp-content\/uploads\/2015\/09\/products-suturering-1.jpg\",\"contentUrl\":\"https:\/\/bon.de\/wp-content\/uploads\/2015\/09\/products-suturering-1.jpg\",\"width\":797,\"height\":420,\"caption\":\"SMT Einweg Suture Ring (Version ohne Tabs)\"},{\"@type\":\"BreadcrumbList\",\"@id\":\"https:\/\/bon.de\/en\/product\/katena-einweg-suture-ring-packung-a-10-stuck-2\/#breadcrumb\",\"itemListElement\":[{\"@type\":\"ListItem\",\"position\":1,\"name\":\"Home\",\"item\":\"https:\/\/bon.de\/en\/\"},{\"@type\":\"ListItem\",\"position\":2,\"name\":\"Shop\",\"item\":\"https:\/\/bon.de\/en\/shop-2-2\/\"},{\"@type\":\"ListItem\",\"position\":3,\"name\":\"Katena Einweg Suture Ring (Packung \u00e0 10 St\u00fcck)\"}]},{\"@type\":\"WebSite\",\"@id\":\"https:\/\/bon.de\/#website\",\"url\":\"https:\/\/bon.de\/\",\"name\":\"bon Optic - Partner auf Augenh\u00f6he\",\"description\":\"\",\"publisher\":{\"@id\":\"https:\/\/bon.de\/#organization\"},\"potentialAction\":[{\"@type\":\"SearchAction\",\"target\":{\"@type\":\"EntryPoint\",\"urlTemplate\":\"https:\/\/bon.de\/?s={search_term_string}\"},\"query-input\":{\"@type\":\"PropertyValueSpecification\",\"valueRequired\":true,\"valueName\":\"search_term_string\"}}],\"inLanguage\":\"en-US\"},{\"@type\":\"Organization\",\"@id\":\"https:\/\/bon.de\/#organization\",\"name\":\"bon Optic Vertriebsgesellschaft mbH\",\"url\":\"https:\/\/bon.de\/\",\"logo\":{\"@type\":\"ImageObject\",\"inLanguage\":\"en-US\",\"@id\":\"https:\/\/bon.de\/#\/schema\/logo\/image\/\",\"url\":\"https:\/\/bon.de\/wp-content\/uploads\/2021\/06\/bon-Logo_512x512px.png\",\"contentUrl\":\"https:\/\/bon.de\/wp-content\/uploads\/2021\/06\/bon-Logo_512x512px.png\",\"width\":512,\"height\":512,\"caption\":\"bon Optic Vertriebsgesellschaft mbH\"},\"image\":{\"@id\":\"https:\/\/bon.de\/#\/schema\/logo\/image\/\"},\"sameAs\":[\"https:\/\/www.linkedin.com\/company\/bon-optic-vertriebsgesellschaft-mbh\/\",\"https:\/\/www.youtube.com\/channel\/UCSURhENDItKaH88bvn8LlcA\"]}]}<\/script>\n<!-- \/ Yoast SEO plugin. -->","yoast_head_json":{"title":"Katena Einweg Suture Ring (Packung \u00e0 10 St\u00fcck) - bon Optic - Partner auf Augenh\u00f6he","robots":{"index":"index","follow":"follow","max-snippet":"max-snippet:-1","max-image-preview":"max-image-preview:large","max-video-preview":"max-video-preview:-1"},"canonical":"https:\/\/bon.de\/en\/product\/katena-einweg-suture-ring-packung-a-10-stuck-2\/","og_locale":"en_US","og_type":"article","og_title":"Katena Einweg Suture Ring (Packung \u00e0 10 St\u00fcck) - bon Optic - Partner auf Augenh\u00f6he","og_description":"Katena Einweg Suture Ring (Version ohne Tabs) Packung \u00e0 10 St\u00fcck, einzeln steril verpackt Bitte beachten Sie, dass die R\u00fcckgabe von Sterilprodukten gem\u00e4\u00df MPG (Medizinproduktgesetz) ausgeschlossen ist.","og_url":"https:\/\/bon.de\/en\/product\/katena-einweg-suture-ring-packung-a-10-stuck-2\/","og_site_name":"bon Optic - Partner auf Augenh\u00f6he","article_modified_time":"2021-04-30T12:09:24+00:00","og_image":[{"width":797,"height":420,"url":"https:\/\/bon.de\/wp-content\/uploads\/2015\/09\/products-suturering-1.jpg","type":"image\/jpeg"}],"twitter_card":"summary_large_image","schema":{"@context":"https:\/\/schema.org","@graph":[{"@type":"WebPage","@id":"https:\/\/bon.de\/en\/product\/katena-einweg-suture-ring-packung-a-10-stuck-2\/","url":"https:\/\/bon.de\/en\/product\/katena-einweg-suture-ring-packung-a-10-stuck-2\/","name":"Katena Einweg Suture Ring (Packung \u00e0 10 St\u00fcck) - bon Optic - Partner auf Augenh\u00f6he","isPartOf":{"@id":"https:\/\/bon.de\/#website"},"primaryImageOfPage":{"@id":"https:\/\/bon.de\/en\/product\/katena-einweg-suture-ring-packung-a-10-stuck-2\/#primaryimage"},"image":{"@id":"https:\/\/bon.de\/en\/product\/katena-einweg-suture-ring-packung-a-10-stuck-2\/#primaryimage"},"thumbnailUrl":"https:\/\/bon.de\/wp-content\/uploads\/2015\/09\/products-suturering-1.jpg","datePublished":"2015-09-21T09:17:40+00:00","dateModified":"2021-04-30T12:09:24+00:00","breadcrumb":{"@id":"https:\/\/bon.de\/en\/product\/katena-einweg-suture-ring-packung-a-10-stuck-2\/#breadcrumb"},"inLanguage":"en-US","potentialAction":[{"@type":"ReadAction","target":["https:\/\/bon.de\/en\/product\/katena-einweg-suture-ring-packung-a-10-stuck-2\/"]}]},{"@type":"ImageObject","inLanguage":"en-US","@id":"https:\/\/bon.de\/en\/product\/katena-einweg-suture-ring-packung-a-10-stuck-2\/#primaryimage","url":"https:\/\/bon.de\/wp-content\/uploads\/2015\/09\/products-suturering-1.jpg","contentUrl":"https:\/\/bon.de\/wp-content\/uploads\/2015\/09\/products-suturering-1.jpg","width":797,"height":420,"caption":"SMT Einweg Suture Ring (Version ohne Tabs)"},{"@type":"BreadcrumbList","@id":"https:\/\/bon.de\/en\/product\/katena-einweg-suture-ring-packung-a-10-stuck-2\/#breadcrumb","itemListElement":[{"@type":"ListItem","position":1,"name":"Home","item":"https:\/\/bon.de\/en\/"},{"@type":"ListItem","position":2,"name":"Shop","item":"https:\/\/bon.de\/en\/shop-2-2\/"},{"@type":"ListItem","position":3,"name":"Katena Einweg Suture Ring (Packung \u00e0 10 St\u00fcck)"}]},{"@type":"WebSite","@id":"https:\/\/bon.de\/#website","url":"https:\/\/bon.de\/","name":"bon Optic - Partner auf Augenh\u00f6he","description":"","publisher":{"@id":"https:\/\/bon.de\/#organization"},"potentialAction":[{"@type":"SearchAction","target":{"@type":"EntryPoint","urlTemplate":"https:\/\/bon.de\/?s={search_term_string}"},"query-input":{"@type":"PropertyValueSpecification","valueRequired":true,"valueName":"search_term_string"}}],"inLanguage":"en-US"},{"@type":"Organization","@id":"https:\/\/bon.de\/#organization","name":"bon Optic Vertriebsgesellschaft mbH","url":"https:\/\/bon.de\/","logo":{"@type":"ImageObject","inLanguage":"en-US","@id":"https:\/\/bon.de\/#\/schema\/logo\/image\/","url":"https:\/\/bon.de\/wp-content\/uploads\/2021\/06\/bon-Logo_512x512px.png","contentUrl":"https:\/\/bon.de\/wp-content\/uploads\/2021\/06\/bon-Logo_512x512px.png","width":512,"height":512,"caption":"bon Optic Vertriebsgesellschaft mbH"},"image":{"@id":"https:\/\/bon.de\/#\/schema\/logo\/image\/"},"sameAs":["https:\/\/www.linkedin.com\/company\/bon-optic-vertriebsgesellschaft-mbh\/","https:\/\/www.youtube.com\/channel\/UCSURhENDItKaH88bvn8LlcA"]}]}},"_links":{"self":[{"href":"https:\/\/bon.de\/en\/wp-json\/wp\/v2\/product\/3639","targetHints":{"allow":["GET"]}}],"collection":[{"href":"https:\/\/bon.de\/en\/wp-json\/wp\/v2\/product"}],"about":[{"href":"https:\/\/bon.de\/en\/wp-json\/wp\/v2\/types\/product"}],"replies":[{"embeddable":true,"href":"https:\/\/bon.de\/en\/wp-json\/wp\/v2\/comments?post=3639"}],"wp:featuredmedia":[{"embeddable":true,"href":"https:\/\/bon.de\/en\/wp-json\/wp\/v2\/media\/3640"}],"wp:attachment":[{"href":"https:\/\/bon.de\/en\/wp-json\/wp\/v2\/media?parent=3639"}],"wp:term":[{"taxonomy":"product_manufacturers","embeddable":true,"href":"https:\/\/bon.de\/en\/wp-json\/wp\/v2\/product_manufacturers?post=3639"},{"taxonomy":"product_brand","embeddable":true,"href":"https:\/\/bon.de\/en\/wp-json\/wp\/v2\/product_brand?post=3639"},{"taxonomy":"product_cat","embeddable":true,"href":"https:\/\/bon.de\/en\/wp-json\/wp\/v2\/product_cat?post=3639"},{"taxonomy":"product_tag","embeddable":true,"href":"https:\/\/bon.de\/en\/wp-json\/wp\/v2\/product_tag?post=3639"}],"curies":[{"name":"wp","href":"https:\/\/api.w.org\/{rel}","templated":true}]}}