{"id":3679,"date":"2015-11-19T12:38:38","date_gmt":"2015-11-19T12:38:38","guid":{"rendered":"https:\/\/bon.de\/?post_type=product&#038;p=3679"},"modified":"2025-09-25T00:00:01","modified_gmt":"2025-09-24T23:00:01","slug":"heine-beta-200-led-ophthalmoskop-2","status":"publish","type":"product","link":"https:\/\/bon.de\/en\/product\/heine-beta-200-led-ophthalmoskop-2\/","title":{"rendered":"Heine BETA 200 LED Ophthalmoskop"},"content":{"rendered":"<h4>HEINE BETA\u00ae 200 LED Ophthalmoskop  &#8211;  \u00dcberlegene asph\u00e4rische Optik<\/h4>\n<p>f\u00fcr 3,5V Ladegriff<\/p>\n<p>Das einzigartige staubdichte Design sch\u00fctzt die Pr\u00e4zisionsoptik und erm\u00f6glicht einen wartungsfreien Gebrauch.<br \/>\n<br \/>Die BETA200 \/ 200 S Ophthalmoskope sind die einzigen mit einem Aluminium-Tr\u00e4gerelement. Die optischen Komponenten sind fl\u00e4chenb\u00fcndig in einen Rahmen aus Aluminiumguss integriert, wodurch eine Dezentrierung verhindert und das Instrument resistent gegen\u00fcber St\u00f6\u00dfen wird.<br \/>\n<br \/>Das BETA200 LED hat eine LED mit praktisch unbegrenzter Lebensdauer (bis zu 100 000 Stunden), kein Lampenwechsel n\u00f6tig.<br \/>\n<\/p>\n<li> Refraktionsausgleich: 27 Linsen im Bereich von-35D bis +40D.\n<li> Ohne Makulablende (MicroSpot).\n<li> Einzigartige stufenlose Helligkeitsregelung zwischen 100 % und 3 % (Patent angemeldet) mit Einfinger-Bedienung.\n<li> Kein Streulicht dank des versenkten, mehrfach verg\u00fcteten Sichtfensters \u2013 f\u00fcr eine sichere Diagnose.\n<li> Pr\u00e4zise Bedienung des Instruments mit einer Hand.\n<li> Das ergonomische Design bietet Flexibilit\u00e4t bei der Untersuchung. Sowohl f\u00fcr weite als auch f\u00fcr nicht geweitete Pupillen einsetzbar.\n<li> Die ergonomische Form passt sich bequem an die Orbita an und schirmt das Umgebungslicht ab.\n<li> LED HQ\n<li> Aluminium-Tr\u00e4gerelement\n<li> Reflexfreie Optik\n<li> Optimal f\u00fcr kleine Pupillen\n<li> Staubdicht<br \/>\n","protected":false},"excerpt":{"rendered":"<p>HEINE BETA\u00ae 200 LED Ophthalmoskop &#8211; \u00dcberlegene asph\u00e4rische Optik f\u00fcr 3,5V Ladegriff Das einzigartige staubdichte Design sch\u00fctzt die Pr\u00e4zisionsoptik und erm\u00f6glicht einen wartungsfreien Gebrauch. Die BETA200 \/ 200 S Ophthalmoskope sind die einzigen mit einem Aluminium-Tr\u00e4gerelement. Die optischen Komponenten sind fl\u00e4chenb\u00fcndig in einen Rahmen aus Aluminiumguss integriert, wodurch eine Dezentrierung verhindert und das Instrument resistent [&hellip;]<\/p>\n","protected":false},"featured_media":3680,"comment_status":"open","ping_status":"closed","template":"","meta":{"_acf_changed":false,"inline_featured_image":false},"product_manufacturers":[467],"product_brand":[],"product_cat":[321,185,149,417],"product_tag":[],"class_list":{"0":"post-3679","1":"product","2":"type-product","3":"status-publish","4":"has-post-thumbnail","6":"product_cat-ophthalmoscopes-3","7":"product_cat-bon-shop-2","8":"product_cat-handhelds","9":"product_cat-ophthalmoscopes-4","11":"first","12":"instock","13":"taxable","14":"shipping-taxable","15":"purchasable","16":"product-type-simple"},"acf":[],"yoast_head":"<!-- This site is optimized with the Yoast SEO plugin v27.0 - https:\/\/yoast.com\/product\/yoast-seo-wordpress\/ -->\n<title>Heine BETA 200 LED Ophthalmoskop<\/title>\n<meta name=\"robots\" content=\"index, follow, max-snippet:-1, max-image-preview:large, max-video-preview:-1\" \/>\n<link rel=\"canonical\" href=\"https:\/\/bon.de\/en\/product\/heine-beta-200-led-ophthalmoskop-2\/\" \/>\n<meta property=\"og:locale\" content=\"en_US\" \/>\n<meta property=\"og:type\" content=\"article\" \/>\n<meta property=\"og:title\" content=\"Heine BETA 200 LED Ophthalmoskop\" \/>\n<meta property=\"og:description\" content=\"HEINE BETA\u00ae 200 LED Ophthalmoskop &#8211; \u00dcberlegene asph\u00e4rische Optik f\u00fcr 3,5V Ladegriff Das einzigartige staubdichte Design sch\u00fctzt die Pr\u00e4zisionsoptik und erm\u00f6glicht einen wartungsfreien Gebrauch. Die BETA200 \/ 200 S Ophthalmoskope sind die einzigen mit einem Aluminium-Tr\u00e4gerelement. Die optischen Komponenten sind fl\u00e4chenb\u00fcndig in einen Rahmen aus Aluminiumguss integriert, wodurch eine Dezentrierung verhindert und das Instrument resistent [&hellip;]\" \/>\n<meta property=\"og:url\" content=\"https:\/\/bon.de\/en\/product\/heine-beta-200-led-ophthalmoskop-2\/\" \/>\n<meta property=\"og:site_name\" content=\"bon Optic - Partner auf Augenh\u00f6he\" \/>\n<meta property=\"article:modified_time\" content=\"2025-09-24T23:00:01+00:00\" \/>\n<meta property=\"og:image\" content=\"https:\/\/bon.de\/wp-content\/uploads\/2016\/08\/products-c00830100-1.jpg\" \/>\n\t<meta property=\"og:image:width\" content=\"673\" \/>\n\t<meta property=\"og:image:height\" content=\"658\" \/>\n\t<meta property=\"og:image:type\" content=\"image\/jpeg\" \/>\n<meta name=\"twitter:card\" content=\"summary_large_image\" \/>\n<meta name=\"twitter:label1\" content=\"Est. reading time\" \/>\n\t<meta name=\"twitter:data1\" content=\"1 minute\" \/>\n<script type=\"application\/ld+json\" class=\"yoast-schema-graph\">{\"@context\":\"https:\/\/schema.org\",\"@graph\":[{\"@type\":\"WebPage\",\"@id\":\"https:\/\/bon.de\/en\/product\/heine-beta-200-led-ophthalmoskop-2\/\",\"url\":\"https:\/\/bon.de\/en\/product\/heine-beta-200-led-ophthalmoskop-2\/\",\"name\":\"Heine BETA 200 LED Ophthalmoskop\",\"isPartOf\":{\"@id\":\"https:\/\/bon.de\/#website\"},\"primaryImageOfPage\":{\"@id\":\"https:\/\/bon.de\/en\/product\/heine-beta-200-led-ophthalmoskop-2\/#primaryimage\"},\"image\":{\"@id\":\"https:\/\/bon.de\/en\/product\/heine-beta-200-led-ophthalmoskop-2\/#primaryimage\"},\"thumbnailUrl\":\"https:\/\/bon.de\/wp-content\/uploads\/2016\/08\/products-c00830100-1.jpg\",\"datePublished\":\"2015-11-19T12:38:38+00:00\",\"dateModified\":\"2025-09-24T23:00:01+00:00\",\"breadcrumb\":{\"@id\":\"https:\/\/bon.de\/en\/product\/heine-beta-200-led-ophthalmoskop-2\/#breadcrumb\"},\"inLanguage\":\"en-US\",\"potentialAction\":[{\"@type\":\"ReadAction\",\"target\":[\"https:\/\/bon.de\/en\/product\/heine-beta-200-led-ophthalmoskop-2\/\"]}]},{\"@type\":\"ImageObject\",\"inLanguage\":\"en-US\",\"@id\":\"https:\/\/bon.de\/en\/product\/heine-beta-200-led-ophthalmoskop-2\/#primaryimage\",\"url\":\"https:\/\/bon.de\/wp-content\/uploads\/2016\/08\/products-c00830100-1.jpg\",\"contentUrl\":\"https:\/\/bon.de\/wp-content\/uploads\/2016\/08\/products-c00830100-1.jpg\",\"width\":673,\"height\":658,\"caption\":\"Heine Beta 200 LED Ophthalmoskop-Kopf\"},{\"@type\":\"BreadcrumbList\",\"@id\":\"https:\/\/bon.de\/en\/product\/heine-beta-200-led-ophthalmoskop-2\/#breadcrumb\",\"itemListElement\":[{\"@type\":\"ListItem\",\"position\":1,\"name\":\"Home\",\"item\":\"https:\/\/bon.de\/en\/\"},{\"@type\":\"ListItem\",\"position\":2,\"name\":\"Shop\",\"item\":\"https:\/\/bon.de\/en\/shop-2-2\/\"},{\"@type\":\"ListItem\",\"position\":3,\"name\":\"Heine BETA 200 LED Ophthalmoskop\"}]},{\"@type\":\"WebSite\",\"@id\":\"https:\/\/bon.de\/#website\",\"url\":\"https:\/\/bon.de\/\",\"name\":\"bon Optic - Partner auf Augenh\u00f6he\",\"description\":\"\",\"publisher\":{\"@id\":\"https:\/\/bon.de\/#organization\"},\"potentialAction\":[{\"@type\":\"SearchAction\",\"target\":{\"@type\":\"EntryPoint\",\"urlTemplate\":\"https:\/\/bon.de\/?s={search_term_string}\"},\"query-input\":{\"@type\":\"PropertyValueSpecification\",\"valueRequired\":true,\"valueName\":\"search_term_string\"}}],\"inLanguage\":\"en-US\"},{\"@type\":\"Organization\",\"@id\":\"https:\/\/bon.de\/#organization\",\"name\":\"bon Optic Vertriebsgesellschaft mbH\",\"url\":\"https:\/\/bon.de\/\",\"logo\":{\"@type\":\"ImageObject\",\"inLanguage\":\"en-US\",\"@id\":\"https:\/\/bon.de\/#\/schema\/logo\/image\/\",\"url\":\"https:\/\/bon.de\/wp-content\/uploads\/2021\/06\/bon-Logo_512x512px.png\",\"contentUrl\":\"https:\/\/bon.de\/wp-content\/uploads\/2021\/06\/bon-Logo_512x512px.png\",\"width\":512,\"height\":512,\"caption\":\"bon Optic Vertriebsgesellschaft mbH\"},\"image\":{\"@id\":\"https:\/\/bon.de\/#\/schema\/logo\/image\/\"},\"sameAs\":[\"https:\/\/www.linkedin.com\/company\/bon-optic-vertriebsgesellschaft-mbh\/\",\"https:\/\/www.youtube.com\/channel\/UCSURhENDItKaH88bvn8LlcA\"]}]}<\/script>\n<!-- \/ Yoast SEO plugin. -->","yoast_head_json":{"title":"Heine BETA 200 LED Ophthalmoskop","robots":{"index":"index","follow":"follow","max-snippet":"max-snippet:-1","max-image-preview":"max-image-preview:large","max-video-preview":"max-video-preview:-1"},"canonical":"https:\/\/bon.de\/en\/product\/heine-beta-200-led-ophthalmoskop-2\/","og_locale":"en_US","og_type":"article","og_title":"Heine BETA 200 LED Ophthalmoskop","og_description":"HEINE BETA\u00ae 200 LED Ophthalmoskop &#8211; \u00dcberlegene asph\u00e4rische Optik f\u00fcr 3,5V Ladegriff Das einzigartige staubdichte Design sch\u00fctzt die Pr\u00e4zisionsoptik und erm\u00f6glicht einen wartungsfreien Gebrauch. Die BETA200 \/ 200 S Ophthalmoskope sind die einzigen mit einem Aluminium-Tr\u00e4gerelement. Die optischen Komponenten sind fl\u00e4chenb\u00fcndig in einen Rahmen aus Aluminiumguss integriert, wodurch eine Dezentrierung verhindert und das Instrument resistent [&hellip;]","og_url":"https:\/\/bon.de\/en\/product\/heine-beta-200-led-ophthalmoskop-2\/","og_site_name":"bon Optic - Partner auf Augenh\u00f6he","article_modified_time":"2025-09-24T23:00:01+00:00","og_image":[{"width":673,"height":658,"url":"https:\/\/bon.de\/wp-content\/uploads\/2016\/08\/products-c00830100-1.jpg","type":"image\/jpeg"}],"twitter_card":"summary_large_image","twitter_misc":{"Est. reading time":"1 minute"},"schema":{"@context":"https:\/\/schema.org","@graph":[{"@type":"WebPage","@id":"https:\/\/bon.de\/en\/product\/heine-beta-200-led-ophthalmoskop-2\/","url":"https:\/\/bon.de\/en\/product\/heine-beta-200-led-ophthalmoskop-2\/","name":"Heine BETA 200 LED Ophthalmoskop","isPartOf":{"@id":"https:\/\/bon.de\/#website"},"primaryImageOfPage":{"@id":"https:\/\/bon.de\/en\/product\/heine-beta-200-led-ophthalmoskop-2\/#primaryimage"},"image":{"@id":"https:\/\/bon.de\/en\/product\/heine-beta-200-led-ophthalmoskop-2\/#primaryimage"},"thumbnailUrl":"https:\/\/bon.de\/wp-content\/uploads\/2016\/08\/products-c00830100-1.jpg","datePublished":"2015-11-19T12:38:38+00:00","dateModified":"2025-09-24T23:00:01+00:00","breadcrumb":{"@id":"https:\/\/bon.de\/en\/product\/heine-beta-200-led-ophthalmoskop-2\/#breadcrumb"},"inLanguage":"en-US","potentialAction":[{"@type":"ReadAction","target":["https:\/\/bon.de\/en\/product\/heine-beta-200-led-ophthalmoskop-2\/"]}]},{"@type":"ImageObject","inLanguage":"en-US","@id":"https:\/\/bon.de\/en\/product\/heine-beta-200-led-ophthalmoskop-2\/#primaryimage","url":"https:\/\/bon.de\/wp-content\/uploads\/2016\/08\/products-c00830100-1.jpg","contentUrl":"https:\/\/bon.de\/wp-content\/uploads\/2016\/08\/products-c00830100-1.jpg","width":673,"height":658,"caption":"Heine Beta 200 LED Ophthalmoskop-Kopf"},{"@type":"BreadcrumbList","@id":"https:\/\/bon.de\/en\/product\/heine-beta-200-led-ophthalmoskop-2\/#breadcrumb","itemListElement":[{"@type":"ListItem","position":1,"name":"Home","item":"https:\/\/bon.de\/en\/"},{"@type":"ListItem","position":2,"name":"Shop","item":"https:\/\/bon.de\/en\/shop-2-2\/"},{"@type":"ListItem","position":3,"name":"Heine BETA 200 LED Ophthalmoskop"}]},{"@type":"WebSite","@id":"https:\/\/bon.de\/#website","url":"https:\/\/bon.de\/","name":"bon Optic - Partner auf Augenh\u00f6he","description":"","publisher":{"@id":"https:\/\/bon.de\/#organization"},"potentialAction":[{"@type":"SearchAction","target":{"@type":"EntryPoint","urlTemplate":"https:\/\/bon.de\/?s={search_term_string}"},"query-input":{"@type":"PropertyValueSpecification","valueRequired":true,"valueName":"search_term_string"}}],"inLanguage":"en-US"},{"@type":"Organization","@id":"https:\/\/bon.de\/#organization","name":"bon Optic Vertriebsgesellschaft mbH","url":"https:\/\/bon.de\/","logo":{"@type":"ImageObject","inLanguage":"en-US","@id":"https:\/\/bon.de\/#\/schema\/logo\/image\/","url":"https:\/\/bon.de\/wp-content\/uploads\/2021\/06\/bon-Logo_512x512px.png","contentUrl":"https:\/\/bon.de\/wp-content\/uploads\/2021\/06\/bon-Logo_512x512px.png","width":512,"height":512,"caption":"bon Optic Vertriebsgesellschaft mbH"},"image":{"@id":"https:\/\/bon.de\/#\/schema\/logo\/image\/"},"sameAs":["https:\/\/www.linkedin.com\/company\/bon-optic-vertriebsgesellschaft-mbh\/","https:\/\/www.youtube.com\/channel\/UCSURhENDItKaH88bvn8LlcA"]}]}},"_links":{"self":[{"href":"https:\/\/bon.de\/en\/wp-json\/wp\/v2\/product\/3679","targetHints":{"allow":["GET"]}}],"collection":[{"href":"https:\/\/bon.de\/en\/wp-json\/wp\/v2\/product"}],"about":[{"href":"https:\/\/bon.de\/en\/wp-json\/wp\/v2\/types\/product"}],"replies":[{"embeddable":true,"href":"https:\/\/bon.de\/en\/wp-json\/wp\/v2\/comments?post=3679"}],"wp:featuredmedia":[{"embeddable":true,"href":"https:\/\/bon.de\/en\/wp-json\/wp\/v2\/media\/3680"}],"wp:attachment":[{"href":"https:\/\/bon.de\/en\/wp-json\/wp\/v2\/media?parent=3679"}],"wp:term":[{"taxonomy":"product_manufacturers","embeddable":true,"href":"https:\/\/bon.de\/en\/wp-json\/wp\/v2\/product_manufacturers?post=3679"},{"taxonomy":"product_brand","embeddable":true,"href":"https:\/\/bon.de\/en\/wp-json\/wp\/v2\/product_brand?post=3679"},{"taxonomy":"product_cat","embeddable":true,"href":"https:\/\/bon.de\/en\/wp-json\/wp\/v2\/product_cat?post=3679"},{"taxonomy":"product_tag","embeddable":true,"href":"https:\/\/bon.de\/en\/wp-json\/wp\/v2\/product_tag?post=3679"}],"curies":[{"name":"wp","href":"https:\/\/api.w.org\/{rel}","templated":true}]}}