{"id":3684,"date":"2015-11-19T14:41:45","date_gmt":"2015-11-19T14:41:45","guid":{"rendered":"https:\/\/bon.de\/?post_type=product&#038;p=3684"},"modified":"2021-01-11T12:35:48","modified_gmt":"2021-01-11T12:35:48","slug":"heine-sigma-250-m2-led-brillenophthalmoskop-mit-akkubox-und-ladetrafo-2","status":"publish","type":"product","link":"https:\/\/bon.de\/en\/product\/heine-sigma-250-m2-led-brillenophthalmoskop-mit-akkubox-und-ladetrafo-2\/","title":{"rendered":"Heine SIGMA 250 M2 LED Brillenophthalmoskop mit Akkubox und Ladetrafo"},"content":{"rendered":"<p>Das indirekte binokulare brillengetragene Ophthalmoskop \u2013 jetzt mit LED in HQ (&#8220;Heine-Quality&#8221;)<\/p>\n<p>Das indirekte Brillenophthalmoskop f\u00fcr alle Pupillengr\u00f6\u00dfen. Mit zwei Schiebern w\u00e4hlen Sie die optimale Einstellung der Parallaxe und Konvergenz f\u00fcr jede Pupille. F\u00fcr vollst\u00e4ndig ausgeleuchtete, stereoskopische Einblicke bei Pupillengr\u00f6\u00dfen bis zu 2 mm und in die Peripherie. Der Beleuchtungsstrahlengang l\u00e4sst sich um \u00b1\u20053\u00ba schwenken, um Reflexe zu eliminieren.<\/p>\n<li>Sehr leicht, 110\u2005g ohne Brillengestell. Bequem und handlich.\n<li>LED in HQ \u2013 der neue Standard in der LED Beleuchtung liefert ein absolut homogenes und helles Licht mit getreuer Farbwiedergabe f\u00fcr pr\u00e4zise Diagnostik.\n<li>Carbon-Fiber Rahmen. Perfekte Kombination von Haltbarkeit und geringem Gewicht.\n<li>Beleuchtungs-Strahlengang vertikal justierbar \u00b1\u20053\u00b0. Eliminiert Reflexe.\n<li>Integrierter Rotfrei-Filter. Erh\u00f6ht Kontraste.\n<li>Blau- und Gelbfilter aufsetzbar. F\u00fcr Fluoreszenz-Angioskopie.\n<li>Gro\u00dfe und kleine Blende.\n<li>Staubdicht. Wartungsfrei.\n<li>P.D. asymmetrisch von 47 bis 72\u2005mm einstellbar. Optimale Anpassung an<br \/>\n     Benutzer\u00adanatomie.<\/p>\n<li>Nach oben schwenkbare Optik. Unbehinderte Sicht.\n<li>Optionale \u201eclip-in\u201c-Korrektur\u00adfassung f\u00fcr optische Korrekturgl\u00e4ser.\n<li>Lithium-Ionen Batterietechnologie in der &#8220;mPack LL&#8221; Akkubox \u2013 f\u00fcr 23 Stunden Stromversorgung bei maximaler Lichtst\u00e4rke.\n<li>inklusive Ladetrafo<br \/>\n","protected":false},"excerpt":{"rendered":"<p>Das indirekte binokulare brillengetragene Ophthalmoskop \u2013 jetzt mit LED in HQ (&#8220;Heine-Quality&#8221;) Das indirekte Brillenophthalmoskop f\u00fcr alle Pupillengr\u00f6\u00dfen. Mit zwei Schiebern w\u00e4hlen Sie die optimale Einstellung der Parallaxe und Konvergenz f\u00fcr jede Pupille. F\u00fcr vollst\u00e4ndig ausgeleuchtete, stereoskopische Einblicke bei Pupillengr\u00f6\u00dfen bis zu 2 mm und in die Peripherie. Der Beleuchtungsstrahlengang l\u00e4sst sich um \u00b1\u20053\u00ba schwenken, [&hellip;]<\/p>\n","protected":false},"featured_media":3685,"comment_status":"open","ping_status":"closed","template":"","meta":{"_acf_changed":false,"inline_featured_image":false},"product_manufacturers":[467],"product_brand":[],"product_cat":[247,321],"product_tag":[],"class_list":{"0":"post-3684","1":"product","2":"type-product","3":"status-publish","4":"has-post-thumbnail","6":"product_cat-retina","7":"product_cat-ophthalmoscopes-3","9":"first","10":"instock","11":"taxable","12":"shipping-taxable","13":"purchasable","14":"product-type-simple"},"acf":[],"yoast_head":"<!-- This site is optimized with the Yoast SEO plugin v27.0 - https:\/\/yoast.com\/product\/yoast-seo-wordpress\/ -->\n<title>Heine SIGMA 250 M2 LED Brillenophthalmoskop mit Akkubox und Ladetrafo - bon Optic - Partner auf Augenh\u00f6he<\/title>\n<meta name=\"robots\" content=\"index, follow, max-snippet:-1, max-image-preview:large, max-video-preview:-1\" \/>\n<link rel=\"canonical\" href=\"https:\/\/bon.de\/en\/product\/heine-sigma-250-m2-led-brillenophthalmoskop-mit-akkubox-und-ladetrafo-2\/\" \/>\n<meta property=\"og:locale\" content=\"en_US\" \/>\n<meta property=\"og:type\" content=\"article\" \/>\n<meta property=\"og:title\" content=\"Heine SIGMA 250 M2 LED Brillenophthalmoskop mit Akkubox und Ladetrafo - bon Optic - Partner auf Augenh\u00f6he\" \/>\n<meta property=\"og:description\" content=\"Das indirekte binokulare brillengetragene Ophthalmoskop \u2013 jetzt mit LED in HQ (&#8220;Heine-Quality&#8221;) Das indirekte Brillenophthalmoskop f\u00fcr alle Pupillengr\u00f6\u00dfen. Mit zwei Schiebern w\u00e4hlen Sie die optimale Einstellung der Parallaxe und Konvergenz f\u00fcr jede Pupille. F\u00fcr vollst\u00e4ndig ausgeleuchtete, stereoskopische Einblicke bei Pupillengr\u00f6\u00dfen bis zu 2 mm und in die Peripherie. Der Beleuchtungsstrahlengang l\u00e4sst sich um \u00b1\u20053\u00ba schwenken, [&hellip;]\" \/>\n<meta property=\"og:url\" content=\"https:\/\/bon.de\/en\/product\/heine-sigma-250-m2-led-brillenophthalmoskop-mit-akkubox-und-ladetrafo-2\/\" \/>\n<meta property=\"og:site_name\" content=\"bon Optic - Partner auf Augenh\u00f6he\" \/>\n<meta property=\"article:modified_time\" content=\"2021-01-11T12:35:48+00:00\" \/>\n<meta property=\"og:image\" content=\"https:\/\/bon.de\/wp-content\/uploads\/2015\/11\/products-heinesigma250-1.jpg\" \/>\n\t<meta property=\"og:image:width\" content=\"806\" \/>\n\t<meta property=\"og:image:height\" content=\"480\" \/>\n\t<meta property=\"og:image:type\" content=\"image\/jpeg\" \/>\n<meta name=\"twitter:card\" content=\"summary_large_image\" \/>\n<meta name=\"twitter:label1\" content=\"Est. reading time\" \/>\n\t<meta name=\"twitter:data1\" content=\"1 minute\" \/>\n<script type=\"application\/ld+json\" class=\"yoast-schema-graph\">{\"@context\":\"https:\/\/schema.org\",\"@graph\":[{\"@type\":\"WebPage\",\"@id\":\"https:\/\/bon.de\/en\/product\/heine-sigma-250-m2-led-brillenophthalmoskop-mit-akkubox-und-ladetrafo-2\/\",\"url\":\"https:\/\/bon.de\/en\/product\/heine-sigma-250-m2-led-brillenophthalmoskop-mit-akkubox-und-ladetrafo-2\/\",\"name\":\"Heine SIGMA 250 M2 LED Brillenophthalmoskop mit Akkubox und Ladetrafo - bon Optic - Partner auf Augenh\u00f6he\",\"isPartOf\":{\"@id\":\"https:\/\/bon.de\/#website\"},\"primaryImageOfPage\":{\"@id\":\"https:\/\/bon.de\/en\/product\/heine-sigma-250-m2-led-brillenophthalmoskop-mit-akkubox-und-ladetrafo-2\/#primaryimage\"},\"image\":{\"@id\":\"https:\/\/bon.de\/en\/product\/heine-sigma-250-m2-led-brillenophthalmoskop-mit-akkubox-und-ladetrafo-2\/#primaryimage\"},\"thumbnailUrl\":\"https:\/\/bon.de\/wp-content\/uploads\/2015\/11\/products-heinesigma250-1.jpg\",\"datePublished\":\"2015-11-19T14:41:45+00:00\",\"dateModified\":\"2021-01-11T12:35:48+00:00\",\"breadcrumb\":{\"@id\":\"https:\/\/bon.de\/en\/product\/heine-sigma-250-m2-led-brillenophthalmoskop-mit-akkubox-und-ladetrafo-2\/#breadcrumb\"},\"inLanguage\":\"en-US\",\"potentialAction\":[{\"@type\":\"ReadAction\",\"target\":[\"https:\/\/bon.de\/en\/product\/heine-sigma-250-m2-led-brillenophthalmoskop-mit-akkubox-und-ladetrafo-2\/\"]}]},{\"@type\":\"ImageObject\",\"inLanguage\":\"en-US\",\"@id\":\"https:\/\/bon.de\/en\/product\/heine-sigma-250-m2-led-brillenophthalmoskop-mit-akkubox-und-ladetrafo-2\/#primaryimage\",\"url\":\"https:\/\/bon.de\/wp-content\/uploads\/2015\/11\/products-heinesigma250-1.jpg\",\"contentUrl\":\"https:\/\/bon.de\/wp-content\/uploads\/2015\/11\/products-heinesigma250-1.jpg\",\"width\":806,\"height\":480,\"caption\":\"Heine SIGMA 250 LED Brillenophthalmoskop\"},{\"@type\":\"BreadcrumbList\",\"@id\":\"https:\/\/bon.de\/en\/product\/heine-sigma-250-m2-led-brillenophthalmoskop-mit-akkubox-und-ladetrafo-2\/#breadcrumb\",\"itemListElement\":[{\"@type\":\"ListItem\",\"position\":1,\"name\":\"Home\",\"item\":\"https:\/\/bon.de\/en\/\"},{\"@type\":\"ListItem\",\"position\":2,\"name\":\"Shop\",\"item\":\"https:\/\/bon.de\/en\/shop-2-2\/\"},{\"@type\":\"ListItem\",\"position\":3,\"name\":\"Heine SIGMA 250 M2 LED Brillenophthalmoskop mit Akkubox und Ladetrafo\"}]},{\"@type\":\"WebSite\",\"@id\":\"https:\/\/bon.de\/#website\",\"url\":\"https:\/\/bon.de\/\",\"name\":\"bon Optic - Partner auf Augenh\u00f6he\",\"description\":\"\",\"publisher\":{\"@id\":\"https:\/\/bon.de\/#organization\"},\"potentialAction\":[{\"@type\":\"SearchAction\",\"target\":{\"@type\":\"EntryPoint\",\"urlTemplate\":\"https:\/\/bon.de\/?s={search_term_string}\"},\"query-input\":{\"@type\":\"PropertyValueSpecification\",\"valueRequired\":true,\"valueName\":\"search_term_string\"}}],\"inLanguage\":\"en-US\"},{\"@type\":\"Organization\",\"@id\":\"https:\/\/bon.de\/#organization\",\"name\":\"bon Optic Vertriebsgesellschaft mbH\",\"url\":\"https:\/\/bon.de\/\",\"logo\":{\"@type\":\"ImageObject\",\"inLanguage\":\"en-US\",\"@id\":\"https:\/\/bon.de\/#\/schema\/logo\/image\/\",\"url\":\"https:\/\/bon.de\/wp-content\/uploads\/2021\/06\/bon-Logo_512x512px.png\",\"contentUrl\":\"https:\/\/bon.de\/wp-content\/uploads\/2021\/06\/bon-Logo_512x512px.png\",\"width\":512,\"height\":512,\"caption\":\"bon Optic Vertriebsgesellschaft mbH\"},\"image\":{\"@id\":\"https:\/\/bon.de\/#\/schema\/logo\/image\/\"},\"sameAs\":[\"https:\/\/www.linkedin.com\/company\/bon-optic-vertriebsgesellschaft-mbh\/\",\"https:\/\/www.youtube.com\/channel\/UCSURhENDItKaH88bvn8LlcA\"]}]}<\/script>\n<!-- \/ Yoast SEO plugin. -->","yoast_head_json":{"title":"Heine SIGMA 250 M2 LED Brillenophthalmoskop mit Akkubox und Ladetrafo - bon Optic - Partner auf Augenh\u00f6he","robots":{"index":"index","follow":"follow","max-snippet":"max-snippet:-1","max-image-preview":"max-image-preview:large","max-video-preview":"max-video-preview:-1"},"canonical":"https:\/\/bon.de\/en\/product\/heine-sigma-250-m2-led-brillenophthalmoskop-mit-akkubox-und-ladetrafo-2\/","og_locale":"en_US","og_type":"article","og_title":"Heine SIGMA 250 M2 LED Brillenophthalmoskop mit Akkubox und Ladetrafo - bon Optic - Partner auf Augenh\u00f6he","og_description":"Das indirekte binokulare brillengetragene Ophthalmoskop \u2013 jetzt mit LED in HQ (&#8220;Heine-Quality&#8221;) Das indirekte Brillenophthalmoskop f\u00fcr alle Pupillengr\u00f6\u00dfen. Mit zwei Schiebern w\u00e4hlen Sie die optimale Einstellung der Parallaxe und Konvergenz f\u00fcr jede Pupille. F\u00fcr vollst\u00e4ndig ausgeleuchtete, stereoskopische Einblicke bei Pupillengr\u00f6\u00dfen bis zu 2 mm und in die Peripherie. Der Beleuchtungsstrahlengang l\u00e4sst sich um \u00b1\u20053\u00ba schwenken, [&hellip;]","og_url":"https:\/\/bon.de\/en\/product\/heine-sigma-250-m2-led-brillenophthalmoskop-mit-akkubox-und-ladetrafo-2\/","og_site_name":"bon Optic - Partner auf Augenh\u00f6he","article_modified_time":"2021-01-11T12:35:48+00:00","og_image":[{"width":806,"height":480,"url":"https:\/\/bon.de\/wp-content\/uploads\/2015\/11\/products-heinesigma250-1.jpg","type":"image\/jpeg"}],"twitter_card":"summary_large_image","twitter_misc":{"Est. reading time":"1 minute"},"schema":{"@context":"https:\/\/schema.org","@graph":[{"@type":"WebPage","@id":"https:\/\/bon.de\/en\/product\/heine-sigma-250-m2-led-brillenophthalmoskop-mit-akkubox-und-ladetrafo-2\/","url":"https:\/\/bon.de\/en\/product\/heine-sigma-250-m2-led-brillenophthalmoskop-mit-akkubox-und-ladetrafo-2\/","name":"Heine SIGMA 250 M2 LED Brillenophthalmoskop mit Akkubox und Ladetrafo - bon Optic - Partner auf Augenh\u00f6he","isPartOf":{"@id":"https:\/\/bon.de\/#website"},"primaryImageOfPage":{"@id":"https:\/\/bon.de\/en\/product\/heine-sigma-250-m2-led-brillenophthalmoskop-mit-akkubox-und-ladetrafo-2\/#primaryimage"},"image":{"@id":"https:\/\/bon.de\/en\/product\/heine-sigma-250-m2-led-brillenophthalmoskop-mit-akkubox-und-ladetrafo-2\/#primaryimage"},"thumbnailUrl":"https:\/\/bon.de\/wp-content\/uploads\/2015\/11\/products-heinesigma250-1.jpg","datePublished":"2015-11-19T14:41:45+00:00","dateModified":"2021-01-11T12:35:48+00:00","breadcrumb":{"@id":"https:\/\/bon.de\/en\/product\/heine-sigma-250-m2-led-brillenophthalmoskop-mit-akkubox-und-ladetrafo-2\/#breadcrumb"},"inLanguage":"en-US","potentialAction":[{"@type":"ReadAction","target":["https:\/\/bon.de\/en\/product\/heine-sigma-250-m2-led-brillenophthalmoskop-mit-akkubox-und-ladetrafo-2\/"]}]},{"@type":"ImageObject","inLanguage":"en-US","@id":"https:\/\/bon.de\/en\/product\/heine-sigma-250-m2-led-brillenophthalmoskop-mit-akkubox-und-ladetrafo-2\/#primaryimage","url":"https:\/\/bon.de\/wp-content\/uploads\/2015\/11\/products-heinesigma250-1.jpg","contentUrl":"https:\/\/bon.de\/wp-content\/uploads\/2015\/11\/products-heinesigma250-1.jpg","width":806,"height":480,"caption":"Heine SIGMA 250 LED Brillenophthalmoskop"},{"@type":"BreadcrumbList","@id":"https:\/\/bon.de\/en\/product\/heine-sigma-250-m2-led-brillenophthalmoskop-mit-akkubox-und-ladetrafo-2\/#breadcrumb","itemListElement":[{"@type":"ListItem","position":1,"name":"Home","item":"https:\/\/bon.de\/en\/"},{"@type":"ListItem","position":2,"name":"Shop","item":"https:\/\/bon.de\/en\/shop-2-2\/"},{"@type":"ListItem","position":3,"name":"Heine SIGMA 250 M2 LED Brillenophthalmoskop mit Akkubox und Ladetrafo"}]},{"@type":"WebSite","@id":"https:\/\/bon.de\/#website","url":"https:\/\/bon.de\/","name":"bon Optic - Partner auf Augenh\u00f6he","description":"","publisher":{"@id":"https:\/\/bon.de\/#organization"},"potentialAction":[{"@type":"SearchAction","target":{"@type":"EntryPoint","urlTemplate":"https:\/\/bon.de\/?s={search_term_string}"},"query-input":{"@type":"PropertyValueSpecification","valueRequired":true,"valueName":"search_term_string"}}],"inLanguage":"en-US"},{"@type":"Organization","@id":"https:\/\/bon.de\/#organization","name":"bon Optic Vertriebsgesellschaft mbH","url":"https:\/\/bon.de\/","logo":{"@type":"ImageObject","inLanguage":"en-US","@id":"https:\/\/bon.de\/#\/schema\/logo\/image\/","url":"https:\/\/bon.de\/wp-content\/uploads\/2021\/06\/bon-Logo_512x512px.png","contentUrl":"https:\/\/bon.de\/wp-content\/uploads\/2021\/06\/bon-Logo_512x512px.png","width":512,"height":512,"caption":"bon Optic Vertriebsgesellschaft mbH"},"image":{"@id":"https:\/\/bon.de\/#\/schema\/logo\/image\/"},"sameAs":["https:\/\/www.linkedin.com\/company\/bon-optic-vertriebsgesellschaft-mbh\/","https:\/\/www.youtube.com\/channel\/UCSURhENDItKaH88bvn8LlcA"]}]}},"_links":{"self":[{"href":"https:\/\/bon.de\/en\/wp-json\/wp\/v2\/product\/3684","targetHints":{"allow":["GET"]}}],"collection":[{"href":"https:\/\/bon.de\/en\/wp-json\/wp\/v2\/product"}],"about":[{"href":"https:\/\/bon.de\/en\/wp-json\/wp\/v2\/types\/product"}],"replies":[{"embeddable":true,"href":"https:\/\/bon.de\/en\/wp-json\/wp\/v2\/comments?post=3684"}],"wp:featuredmedia":[{"embeddable":true,"href":"https:\/\/bon.de\/en\/wp-json\/wp\/v2\/media\/3685"}],"wp:attachment":[{"href":"https:\/\/bon.de\/en\/wp-json\/wp\/v2\/media?parent=3684"}],"wp:term":[{"taxonomy":"product_manufacturers","embeddable":true,"href":"https:\/\/bon.de\/en\/wp-json\/wp\/v2\/product_manufacturers?post=3684"},{"taxonomy":"product_brand","embeddable":true,"href":"https:\/\/bon.de\/en\/wp-json\/wp\/v2\/product_brand?post=3684"},{"taxonomy":"product_cat","embeddable":true,"href":"https:\/\/bon.de\/en\/wp-json\/wp\/v2\/product_cat?post=3684"},{"taxonomy":"product_tag","embeddable":true,"href":"https:\/\/bon.de\/en\/wp-json\/wp\/v2\/product_tag?post=3684"}],"curies":[{"name":"wp","href":"https:\/\/api.w.org\/{rel}","templated":true}]}}