{"id":3713,"date":"2016-02-04T11:03:44","date_gmt":"2016-02-04T11:03:44","guid":{"rendered":"https:\/\/bon.de\/?post_type=product&#038;p=3713"},"modified":"2020-06-05T09:51:43","modified_gmt":"2020-06-05T09:51:43","slug":"accutome-by-keeler-b-scan-plus-2","status":"publish","type":"product","link":"https:\/\/bon.de\/en\/product\/accutome-by-keeler-b-scan-plus-2\/","title":{"rendered":"Accutome by Keeler B-Scan PLUS"},"content":{"rendered":"<p>Merkmale Accutome by Keeler B-Scan PLUS:<\/p>\n<li> Branchenf\u00fchrende Aufl\u00f6sung \u2013 0.015 mm\n<\/li>\n<li> Ultramodernes Sondendesign \u2013<br \/>\nsch\u00e4rfere und st\u00e4rker fokussierte Bilder dank Elimination von Signalverlusten\n<\/li>\n<li> Un\u00fcbertroffene Datenanalyse \u2013 enth\u00e4lt 8 n\u00fctzliche<br \/>\nBilddiagnosemessungen mit entsprechendem A-Vektor\n<\/li>\n<li> Stufenlose Zoom-Funktion \u2013 das einzige Ger\u00e4t mit 2-fach Zoom ohne Verzerrung der Bilder\n<\/li>\n<li> Verpasse niemals ein Bild \u2013 unbegrenzte 34-Sekunden Filmaufnahme\n<\/li>\n<li> Unbegrenzte Speicherkapazit\u00e4ten\n<div class=\"brlbs-cmpnt-container brlbs-cmpnt-content-blocker brlbs-cmpnt-with-individual-styles\" data-borlabs-cookie-content-blocker-id=\"youtube-content-blocker\" data-borlabs-cookie-content=\"PGlmcmFtZSBzcmM9Ii8vd3d3LnlvdXR1YmUtbm9jb29raWUuY29tL2VtYmVkL2FZUUFMZWhZWFZnP3Nob3dpbmZvPTAmYW1wO3JlbD0wIiBhbGxvd2Z1bGxzY3JlZW49IiIgZnJhbWVib3JkZXI9IjAiIGhlaWdodD0iNDgwIiB3aWR0aD0iODUzIj48L2lmcmFtZT4=\">\n<div class=\"brlbs-cmpnt-cb-preset-c brlbs-cmpnt-cb-youtube\">\n<div class=\"brlbs-cmpnt-cb-thumbnail\" style=\"background-image: url('https:\/\/bon.de\/wp-content\/uploads\/borlabs-cookie\/1\/yt_aYQALehYXVg_hqdefault.jpg')\"><\/div>\n<div class=\"brlbs-cmpnt-cb-main\">\n<div class=\"brlbs-cmpnt-cb-play-button\"><\/div>\n<div class=\"brlbs-cmpnt-cb-content\">\n<p class=\"brlbs-cmpnt-cb-description\">You are currently viewing a placeholder content from <strong>YouTube<\/strong>. To access the actual content, click the button below. Please note that doing so will share data with third-party providers.<\/p>\n<p> <a class=\"brlbs-cmpnt-cb-provider-toggle\" href=\"#\" data-borlabs-cookie-show-provider-information role=\"button\">More Information<\/a> <\/div>\n<div class=\"brlbs-cmpnt-cb-buttons\"> <a class=\"brlbs-cmpnt-cb-btn\" href=\"#\" data-borlabs-cookie-unblock role=\"button\">Unblock content<\/a> <a class=\"brlbs-cmpnt-cb-btn\" href=\"#\" data-borlabs-cookie-accept-service role=\"button\" style=\"display: inherit\">Accept required service and unblock content<\/a> <\/div><\/div><\/div>\n<\/div>\n<h4>Wussen Sie schon?<\/h4>\n<p>\nNach einer intensiven Schulung unseres Technikteams sind wir das <b>autorisierte Service-Center<\/b> f\u00fcr die B-Scan Sonden von Keeler (ehemals Accutome) in Deutschland.<br \/>\nAb sofort m\u00fcssen die Ger\u00e4te im Servicefall nicht mehr zeitraubend nach England eingeschickt werden. Die Ersatzteile f\u00fcr die Ultraschalldiagnostikger\u00e4te stehen an unserem Lager jederzeit sofort griffbereit zur Verf\u00fcgung.<br \/>\n<br \/>Dadurch k\u00f6nnen Reparaturen an Ihrem B-Scan jetzt besonders schnell ausgef\u00fchrt werden.<br \/><\/p>\n","protected":false},"excerpt":{"rendered":"<p>Merkmale Accutome by Keeler B-Scan PLUS: Branchenf\u00fchrende Aufl\u00f6sung \u2013 0.015 mm Ultramodernes Sondendesign \u2013 sch\u00e4rfere und st\u00e4rker fokussierte Bilder dank Elimination von Signalverlusten Un\u00fcbertroffene Datenanalyse \u2013 enth\u00e4lt 8 n\u00fctzliche Bilddiagnosemessungen mit entsprechendem A-Vektor Stufenlose Zoom-Funktion \u2013 das einzige Ger\u00e4t mit 2-fach Zoom ohne Verzerrung der Bilder Verpasse niemals ein Bild \u2013 unbegrenzte 34-Sekunden Filmaufnahme Unbegrenzte [&hellip;]<\/p>\n","protected":false},"featured_media":3714,"comment_status":"open","ping_status":"closed","template":"","meta":{"_acf_changed":false,"inline_featured_image":false},"product_manufacturers":[709],"product_brand":[],"product_cat":[245],"product_tag":[],"class_list":{"0":"post-3713","1":"product","2":"type-product","3":"status-publish","4":"has-post-thumbnail","6":"product_cat-cornea","8":"first","9":"instock","10":"taxable","11":"shipping-taxable","12":"product-type-simple"},"acf":[],"yoast_head":"<!-- This site is optimized with the Yoast SEO plugin v27.0 - https:\/\/yoast.com\/product\/yoast-seo-wordpress\/ -->\n<title>Accutome by Keeler B-Scan PLUS  - bon Optic - Partner auf Augenh\u00f6he<\/title>\n<meta name=\"robots\" content=\"index, follow, max-snippet:-1, max-image-preview:large, max-video-preview:-1\" \/>\n<link rel=\"canonical\" href=\"https:\/\/bon.de\/en\/product\/accutome-by-keeler-b-scan-plus-2\/\" \/>\n<meta property=\"og:locale\" content=\"en_US\" \/>\n<meta property=\"og:type\" content=\"article\" \/>\n<meta property=\"og:title\" content=\"Accutome by Keeler B-Scan PLUS  - bon Optic - Partner auf Augenh\u00f6he\" \/>\n<meta property=\"og:description\" content=\"Merkmale Accutome by Keeler B-Scan PLUS: Branchenf\u00fchrende Aufl\u00f6sung \u2013 0.015 mm Ultramodernes Sondendesign \u2013 sch\u00e4rfere und st\u00e4rker fokussierte Bilder dank Elimination von Signalverlusten Un\u00fcbertroffene Datenanalyse \u2013 enth\u00e4lt 8 n\u00fctzliche Bilddiagnosemessungen mit entsprechendem A-Vektor Stufenlose Zoom-Funktion \u2013 das einzige Ger\u00e4t mit 2-fach Zoom ohne Verzerrung der Bilder Verpasse niemals ein Bild \u2013 unbegrenzte 34-Sekunden Filmaufnahme Unbegrenzte [&hellip;]\" \/>\n<meta property=\"og:url\" content=\"https:\/\/bon.de\/en\/product\/accutome-by-keeler-b-scan-plus-2\/\" \/>\n<meta property=\"og:site_name\" content=\"bon Optic - Partner auf Augenh\u00f6he\" \/>\n<meta property=\"article:modified_time\" content=\"2020-06-05T09:51:43+00:00\" \/>\n<meta property=\"og:image\" content=\"https:\/\/bon.de\/wp-content\/uploads\/2016\/02\/products-accutome_b-scan_plus-1.jpg\" \/>\n\t<meta property=\"og:image:width\" content=\"555\" \/>\n\t<meta property=\"og:image:height\" content=\"555\" \/>\n\t<meta property=\"og:image:type\" content=\"image\/jpeg\" \/>\n<meta name=\"twitter:card\" content=\"summary_large_image\" \/>\n<meta name=\"twitter:label1\" content=\"Est. reading time\" \/>\n\t<meta name=\"twitter:data1\" content=\"1 minute\" \/>\n<script type=\"application\/ld+json\" class=\"yoast-schema-graph\">{\"@context\":\"https:\/\/schema.org\",\"@graph\":[{\"@type\":\"WebPage\",\"@id\":\"https:\/\/bon.de\/en\/product\/accutome-by-keeler-b-scan-plus-2\/\",\"url\":\"https:\/\/bon.de\/en\/product\/accutome-by-keeler-b-scan-plus-2\/\",\"name\":\"Accutome by Keeler B-Scan PLUS - bon Optic - Partner auf Augenh\u00f6he\",\"isPartOf\":{\"@id\":\"https:\/\/bon.de\/#website\"},\"primaryImageOfPage\":{\"@id\":\"https:\/\/bon.de\/en\/product\/accutome-by-keeler-b-scan-plus-2\/#primaryimage\"},\"image\":{\"@id\":\"https:\/\/bon.de\/en\/product\/accutome-by-keeler-b-scan-plus-2\/#primaryimage\"},\"thumbnailUrl\":\"https:\/\/bon.de\/wp-content\/uploads\/2016\/02\/products-accutome_b-scan_plus-1.jpg\",\"datePublished\":\"2016-02-04T11:03:44+00:00\",\"dateModified\":\"2020-06-05T09:51:43+00:00\",\"breadcrumb\":{\"@id\":\"https:\/\/bon.de\/en\/product\/accutome-by-keeler-b-scan-plus-2\/#breadcrumb\"},\"inLanguage\":\"en-US\",\"potentialAction\":[{\"@type\":\"ReadAction\",\"target\":[\"https:\/\/bon.de\/en\/product\/accutome-by-keeler-b-scan-plus-2\/\"]}]},{\"@type\":\"ImageObject\",\"inLanguage\":\"en-US\",\"@id\":\"https:\/\/bon.de\/en\/product\/accutome-by-keeler-b-scan-plus-2\/#primaryimage\",\"url\":\"https:\/\/bon.de\/wp-content\/uploads\/2016\/02\/products-accutome_b-scan_plus-1.jpg\",\"contentUrl\":\"https:\/\/bon.de\/wp-content\/uploads\/2016\/02\/products-accutome_b-scan_plus-1.jpg\",\"width\":555,\"height\":555,\"caption\":\"Accutome B-Scan plus\"},{\"@type\":\"BreadcrumbList\",\"@id\":\"https:\/\/bon.de\/en\/product\/accutome-by-keeler-b-scan-plus-2\/#breadcrumb\",\"itemListElement\":[{\"@type\":\"ListItem\",\"position\":1,\"name\":\"Home\",\"item\":\"https:\/\/bon.de\/en\/\"},{\"@type\":\"ListItem\",\"position\":2,\"name\":\"Shop\",\"item\":\"https:\/\/bon.de\/en\/shop-2-2\/\"},{\"@type\":\"ListItem\",\"position\":3,\"name\":\"Accutome by Keeler B-Scan PLUS\"}]},{\"@type\":\"WebSite\",\"@id\":\"https:\/\/bon.de\/#website\",\"url\":\"https:\/\/bon.de\/\",\"name\":\"bon Optic - Partner auf Augenh\u00f6he\",\"description\":\"\",\"publisher\":{\"@id\":\"https:\/\/bon.de\/#organization\"},\"potentialAction\":[{\"@type\":\"SearchAction\",\"target\":{\"@type\":\"EntryPoint\",\"urlTemplate\":\"https:\/\/bon.de\/?s={search_term_string}\"},\"query-input\":{\"@type\":\"PropertyValueSpecification\",\"valueRequired\":true,\"valueName\":\"search_term_string\"}}],\"inLanguage\":\"en-US\"},{\"@type\":\"Organization\",\"@id\":\"https:\/\/bon.de\/#organization\",\"name\":\"bon Optic Vertriebsgesellschaft mbH\",\"url\":\"https:\/\/bon.de\/\",\"logo\":{\"@type\":\"ImageObject\",\"inLanguage\":\"en-US\",\"@id\":\"https:\/\/bon.de\/#\/schema\/logo\/image\/\",\"url\":\"https:\/\/bon.de\/wp-content\/uploads\/2021\/06\/bon-Logo_512x512px.png\",\"contentUrl\":\"https:\/\/bon.de\/wp-content\/uploads\/2021\/06\/bon-Logo_512x512px.png\",\"width\":512,\"height\":512,\"caption\":\"bon Optic Vertriebsgesellschaft mbH\"},\"image\":{\"@id\":\"https:\/\/bon.de\/#\/schema\/logo\/image\/\"},\"sameAs\":[\"https:\/\/www.linkedin.com\/company\/bon-optic-vertriebsgesellschaft-mbh\/\",\"https:\/\/www.youtube.com\/channel\/UCSURhENDItKaH88bvn8LlcA\"]}]}<\/script>\n<!-- \/ Yoast SEO plugin. -->","yoast_head_json":{"title":"Accutome by Keeler B-Scan PLUS  - bon Optic - Partner auf Augenh\u00f6he","robots":{"index":"index","follow":"follow","max-snippet":"max-snippet:-1","max-image-preview":"max-image-preview:large","max-video-preview":"max-video-preview:-1"},"canonical":"https:\/\/bon.de\/en\/product\/accutome-by-keeler-b-scan-plus-2\/","og_locale":"en_US","og_type":"article","og_title":"Accutome by Keeler B-Scan PLUS  - bon Optic - Partner auf Augenh\u00f6he","og_description":"Merkmale Accutome by Keeler B-Scan PLUS: Branchenf\u00fchrende Aufl\u00f6sung \u2013 0.015 mm Ultramodernes Sondendesign \u2013 sch\u00e4rfere und st\u00e4rker fokussierte Bilder dank Elimination von Signalverlusten Un\u00fcbertroffene Datenanalyse \u2013 enth\u00e4lt 8 n\u00fctzliche Bilddiagnosemessungen mit entsprechendem A-Vektor Stufenlose Zoom-Funktion \u2013 das einzige Ger\u00e4t mit 2-fach Zoom ohne Verzerrung der Bilder Verpasse niemals ein Bild \u2013 unbegrenzte 34-Sekunden Filmaufnahme Unbegrenzte [&hellip;]","og_url":"https:\/\/bon.de\/en\/product\/accutome-by-keeler-b-scan-plus-2\/","og_site_name":"bon Optic - Partner auf Augenh\u00f6he","article_modified_time":"2020-06-05T09:51:43+00:00","og_image":[{"width":555,"height":555,"url":"https:\/\/bon.de\/wp-content\/uploads\/2016\/02\/products-accutome_b-scan_plus-1.jpg","type":"image\/jpeg"}],"twitter_card":"summary_large_image","twitter_misc":{"Est. reading time":"1 minute"},"schema":{"@context":"https:\/\/schema.org","@graph":[{"@type":"WebPage","@id":"https:\/\/bon.de\/en\/product\/accutome-by-keeler-b-scan-plus-2\/","url":"https:\/\/bon.de\/en\/product\/accutome-by-keeler-b-scan-plus-2\/","name":"Accutome by Keeler B-Scan PLUS - bon Optic - Partner auf Augenh\u00f6he","isPartOf":{"@id":"https:\/\/bon.de\/#website"},"primaryImageOfPage":{"@id":"https:\/\/bon.de\/en\/product\/accutome-by-keeler-b-scan-plus-2\/#primaryimage"},"image":{"@id":"https:\/\/bon.de\/en\/product\/accutome-by-keeler-b-scan-plus-2\/#primaryimage"},"thumbnailUrl":"https:\/\/bon.de\/wp-content\/uploads\/2016\/02\/products-accutome_b-scan_plus-1.jpg","datePublished":"2016-02-04T11:03:44+00:00","dateModified":"2020-06-05T09:51:43+00:00","breadcrumb":{"@id":"https:\/\/bon.de\/en\/product\/accutome-by-keeler-b-scan-plus-2\/#breadcrumb"},"inLanguage":"en-US","potentialAction":[{"@type":"ReadAction","target":["https:\/\/bon.de\/en\/product\/accutome-by-keeler-b-scan-plus-2\/"]}]},{"@type":"ImageObject","inLanguage":"en-US","@id":"https:\/\/bon.de\/en\/product\/accutome-by-keeler-b-scan-plus-2\/#primaryimage","url":"https:\/\/bon.de\/wp-content\/uploads\/2016\/02\/products-accutome_b-scan_plus-1.jpg","contentUrl":"https:\/\/bon.de\/wp-content\/uploads\/2016\/02\/products-accutome_b-scan_plus-1.jpg","width":555,"height":555,"caption":"Accutome B-Scan plus"},{"@type":"BreadcrumbList","@id":"https:\/\/bon.de\/en\/product\/accutome-by-keeler-b-scan-plus-2\/#breadcrumb","itemListElement":[{"@type":"ListItem","position":1,"name":"Home","item":"https:\/\/bon.de\/en\/"},{"@type":"ListItem","position":2,"name":"Shop","item":"https:\/\/bon.de\/en\/shop-2-2\/"},{"@type":"ListItem","position":3,"name":"Accutome by Keeler B-Scan PLUS"}]},{"@type":"WebSite","@id":"https:\/\/bon.de\/#website","url":"https:\/\/bon.de\/","name":"bon Optic - Partner auf Augenh\u00f6he","description":"","publisher":{"@id":"https:\/\/bon.de\/#organization"},"potentialAction":[{"@type":"SearchAction","target":{"@type":"EntryPoint","urlTemplate":"https:\/\/bon.de\/?s={search_term_string}"},"query-input":{"@type":"PropertyValueSpecification","valueRequired":true,"valueName":"search_term_string"}}],"inLanguage":"en-US"},{"@type":"Organization","@id":"https:\/\/bon.de\/#organization","name":"bon Optic Vertriebsgesellschaft mbH","url":"https:\/\/bon.de\/","logo":{"@type":"ImageObject","inLanguage":"en-US","@id":"https:\/\/bon.de\/#\/schema\/logo\/image\/","url":"https:\/\/bon.de\/wp-content\/uploads\/2021\/06\/bon-Logo_512x512px.png","contentUrl":"https:\/\/bon.de\/wp-content\/uploads\/2021\/06\/bon-Logo_512x512px.png","width":512,"height":512,"caption":"bon Optic Vertriebsgesellschaft mbH"},"image":{"@id":"https:\/\/bon.de\/#\/schema\/logo\/image\/"},"sameAs":["https:\/\/www.linkedin.com\/company\/bon-optic-vertriebsgesellschaft-mbh\/","https:\/\/www.youtube.com\/channel\/UCSURhENDItKaH88bvn8LlcA"]}]}},"_links":{"self":[{"href":"https:\/\/bon.de\/en\/wp-json\/wp\/v2\/product\/3713","targetHints":{"allow":["GET"]}}],"collection":[{"href":"https:\/\/bon.de\/en\/wp-json\/wp\/v2\/product"}],"about":[{"href":"https:\/\/bon.de\/en\/wp-json\/wp\/v2\/types\/product"}],"replies":[{"embeddable":true,"href":"https:\/\/bon.de\/en\/wp-json\/wp\/v2\/comments?post=3713"}],"wp:featuredmedia":[{"embeddable":true,"href":"https:\/\/bon.de\/en\/wp-json\/wp\/v2\/media\/3714"}],"wp:attachment":[{"href":"https:\/\/bon.de\/en\/wp-json\/wp\/v2\/media?parent=3713"}],"wp:term":[{"taxonomy":"product_manufacturers","embeddable":true,"href":"https:\/\/bon.de\/en\/wp-json\/wp\/v2\/product_manufacturers?post=3713"},{"taxonomy":"product_brand","embeddable":true,"href":"https:\/\/bon.de\/en\/wp-json\/wp\/v2\/product_brand?post=3713"},{"taxonomy":"product_cat","embeddable":true,"href":"https:\/\/bon.de\/en\/wp-json\/wp\/v2\/product_cat?post=3713"},{"taxonomy":"product_tag","embeddable":true,"href":"https:\/\/bon.de\/en\/wp-json\/wp\/v2\/product_tag?post=3713"}],"curies":[{"name":"wp","href":"https:\/\/api.w.org\/{rel}","templated":true}]}}