{"id":3725,"date":"2016-02-11T15:46:54","date_gmt":"2016-02-11T15:46:54","guid":{"rendered":"https:\/\/bon.de\/?post_type=product&#038;p=3725"},"modified":"2016-09-06T08:30:21","modified_gmt":"2016-09-06T08:30:21","slug":"kopfophthalmoskop-mit-videofunktion-keeler-vantage-plus-led-digital-wireless-2","status":"publish","type":"product","link":"https:\/\/bon.de\/en\/product\/kopfophthalmoskop-mit-videofunktion-keeler-vantage-plus-led-digital-wireless-2\/","title":{"rendered":"Kopfophthalmoskop mit Videofunktion Keeler Vantage plus LED DIGITAL wireless"},"content":{"rendered":"<h4>indirektes binokulares Kopf-Ophthalmoskop mit integrierter Digitalkamera<\/h4>\n<p>\nDas &#8220;Vantage plus LED DIGITAL wireless&#8221; ist exklusive Topmodell des britischen Weltmarktf\u00fchrers Keeler.<br \/>\n<br \/>\nEs bietet Ihnen moderne, digitale Bilderfassung in Ihrem Untersuchungszimmer, im Operatiossaal oder wo immer sie m\u00f6chten.<br \/>\n<br \/>\nDie Live-Bild\u00fcbertragung des Vantage Plus LED Digital Wireless ist auch perfekt f\u00fcr den Lehrbetrieb geeignet.<\/p>\n<p>Die intuitive und leistungsstarke Keeler Software erlaubt die Verwendung auf einem Laptop oder einem anderen Computers mit USB Schnittstelle.<br \/>\n<br \/>\nMit den Bildern und Videos optimieren Sie Ihre Dokumentation und Verlaufskontrolle.<br \/>\nBei der Diagnose als auch bei der Patientenaufkl\u00e4rung werden sie Ihnen eine gro\u00dfe Hilfe sein.<\/p>\n<p><\/p>\n<h4>Das Paket beinhaltet<\/h4>\n<p><\/p>\n<li>indirektes binokulares Kopf-Ophthalmoskop Vantage Plus slimline LED Wireless\n<li>Kamera mit USB Interface\n<li>Keeler Software\n<li>Fernbedienung\n<li>2x  Slim-Line Akkus\n<li>Ladestation mit Netzteil\n<li>Transport-Trolley\n<li>Gebrauchsanweisung\n<div class=\"brlbs-cmpnt-container brlbs-cmpnt-content-blocker brlbs-cmpnt-with-individual-styles\" data-borlabs-cookie-content-blocker-id=\"youtube-content-blocker\" data-borlabs-cookie-content=\"PGlmcmFtZSB3aWR0aD0iNTYwIiBoZWlnaHQ9IjMxNSIgc3JjPSJodHRwczovL3d3dy55b3V0dWJlLW5vY29va2llLmNvbS9lbWJlZC9xYjVpZ1dnenZPOD9saXN0PVBMUnhvdFR4WjVKM0d0cEhzZ2lfeXdOdVJnNS1JY2lPMDA\/cmVsPTAmYW1wO3Nob3dpbmZvPTAiIGZyYW1lYm9yZGVyPSIwIiBhbGxvd2Z1bGxzY3JlZW4+PC9pZnJhbWU+\">\n<div class=\"brlbs-cmpnt-cb-preset-c brlbs-cmpnt-cb-youtube\">\n<div class=\"brlbs-cmpnt-cb-thumbnail\" style=\"background-image: url('https:\/\/bon.de\/wp-content\/uploads\/borlabs-cookie\/1\/yt_qb5igWgzvO8_hqdefault.jpg')\"><\/div>\n<div class=\"brlbs-cmpnt-cb-main\">\n<div class=\"brlbs-cmpnt-cb-play-button\"><\/div>\n<div class=\"brlbs-cmpnt-cb-content\">\n<p class=\"brlbs-cmpnt-cb-description\">You are currently viewing a placeholder content from <strong>YouTube<\/strong>. To access the actual content, click the button below. Please note that doing so will share data with third-party providers.<\/p>\n<p> <a class=\"brlbs-cmpnt-cb-provider-toggle\" href=\"#\" data-borlabs-cookie-show-provider-information role=\"button\">More Information<\/a> <\/div>\n<div class=\"brlbs-cmpnt-cb-buttons\"> <a class=\"brlbs-cmpnt-cb-btn\" href=\"#\" data-borlabs-cookie-unblock role=\"button\">Unblock content<\/a> <a class=\"brlbs-cmpnt-cb-btn\" href=\"#\" data-borlabs-cookie-accept-service role=\"button\" style=\"display: inherit\">Accept required service and unblock content<\/a> <\/div><\/div><\/div>\n<\/div>\n<p><\/p>\n","protected":false},"excerpt":{"rendered":"<p>indirektes binokulares Kopf-Ophthalmoskop mit integrierter Digitalkamera Das &#8220;Vantage plus LED DIGITAL wireless&#8221; ist exklusive Topmodell des britischen Weltmarktf\u00fchrers Keeler. Es bietet Ihnen moderne, digitale Bilderfassung in Ihrem Untersuchungszimmer, im Operatiossaal oder wo immer sie m\u00f6chten. Die Live-Bild\u00fcbertragung des Vantage Plus LED Digital Wireless ist auch perfekt f\u00fcr den Lehrbetrieb geeignet. Die intuitive und leistungsstarke Keeler [&hellip;]<\/p>\n","protected":false},"featured_media":9883,"comment_status":"open","ping_status":"closed","template":"","meta":{"_acf_changed":false,"inline_featured_image":false},"product_manufacturers":[466],"product_brand":[],"product_cat":[247,321],"product_tag":[],"class_list":{"0":"post-3725","1":"product","2":"type-product","3":"status-publish","4":"has-post-thumbnail","6":"product_cat-retina","7":"product_cat-ophthalmoscopes-3","9":"first","10":"instock","11":"taxable","12":"shipping-taxable","13":"product-type-simple"},"acf":[],"yoast_head":"<!-- This site is optimized with the Yoast SEO plugin v27.0 - https:\/\/yoast.com\/product\/yoast-seo-wordpress\/ -->\n<title>Kopfophthalmoskop mit Videofunktion Keeler Vantage plus LED DIGITAL wireless<\/title>\n<meta name=\"description\" content=\"Das indirekte binokulare Kopf-Ophthalmoskop &quot;Vantage plus LED DIGITAL wireless&quot; mit integrierter Digitalkamera ist das Topmodel des britischen Weltmarktf\u00fchrers Keeler.\" \/>\n<meta name=\"robots\" content=\"index, follow, max-snippet:-1, max-image-preview:large, max-video-preview:-1\" \/>\n<link rel=\"canonical\" href=\"https:\/\/bon.de\/en\/product\/kopfophthalmoskop-mit-videofunktion-keeler-vantage-plus-led-digital-wireless-2\/\" \/>\n<meta property=\"og:locale\" content=\"en_US\" \/>\n<meta property=\"og:type\" content=\"article\" \/>\n<meta property=\"og:title\" content=\"Kopfophthalmoskop mit Videofunktion Keeler Vantage plus LED DIGITAL wireless\" \/>\n<meta property=\"og:description\" content=\"Das indirekte binokulare Kopf-Ophthalmoskop &quot;Vantage plus LED DIGITAL wireless&quot; mit integrierter Digitalkamera ist das Topmodel des britischen Weltmarktf\u00fchrers Keeler.\" \/>\n<meta property=\"og:url\" content=\"https:\/\/bon.de\/en\/product\/kopfophthalmoskop-mit-videofunktion-keeler-vantage-plus-led-digital-wireless-2\/\" \/>\n<meta property=\"og:site_name\" content=\"bon Optic - Partner auf Augenh\u00f6he\" \/>\n<meta property=\"article:modified_time\" content=\"2016-09-06T08:30:21+00:00\" \/>\n<meta property=\"og:image\" content=\"https:\/\/bon.de\/wp-content\/uploads\/2016\/02\/Keeler-VANTAGE-Wireless-Plus-Digital.jpg\" \/>\n\t<meta property=\"og:image:width\" content=\"1127\" \/>\n\t<meta property=\"og:image:height\" content=\"1127\" \/>\n\t<meta property=\"og:image:type\" content=\"image\/jpeg\" \/>\n<meta name=\"twitter:card\" content=\"summary_large_image\" \/>\n<meta name=\"twitter:label1\" content=\"Est. reading time\" \/>\n\t<meta name=\"twitter:data1\" content=\"1 minute\" \/>\n<script type=\"application\/ld+json\" class=\"yoast-schema-graph\">{\"@context\":\"https:\/\/schema.org\",\"@graph\":[{\"@type\":\"WebPage\",\"@id\":\"https:\/\/bon.de\/en\/product\/kopfophthalmoskop-mit-videofunktion-keeler-vantage-plus-led-digital-wireless-2\/\",\"url\":\"https:\/\/bon.de\/en\/product\/kopfophthalmoskop-mit-videofunktion-keeler-vantage-plus-led-digital-wireless-2\/\",\"name\":\"Kopfophthalmoskop mit Videofunktion Keeler Vantage plus LED DIGITAL wireless\",\"isPartOf\":{\"@id\":\"https:\/\/bon.de\/#website\"},\"primaryImageOfPage\":{\"@id\":\"https:\/\/bon.de\/en\/product\/kopfophthalmoskop-mit-videofunktion-keeler-vantage-plus-led-digital-wireless-2\/#primaryimage\"},\"image\":{\"@id\":\"https:\/\/bon.de\/en\/product\/kopfophthalmoskop-mit-videofunktion-keeler-vantage-plus-led-digital-wireless-2\/#primaryimage\"},\"thumbnailUrl\":\"https:\/\/bon.de\/wp-content\/uploads\/2016\/02\/Keeler-VANTAGE-Wireless-Plus-Digital.jpg\",\"datePublished\":\"2016-02-11T15:46:54+00:00\",\"dateModified\":\"2016-09-06T08:30:21+00:00\",\"description\":\"Das indirekte binokulare Kopf-Ophthalmoskop \\\"Vantage plus LED DIGITAL wireless\\\" mit integrierter Digitalkamera ist das Topmodel des britischen Weltmarktf\u00fchrers Keeler.\",\"breadcrumb\":{\"@id\":\"https:\/\/bon.de\/en\/product\/kopfophthalmoskop-mit-videofunktion-keeler-vantage-plus-led-digital-wireless-2\/#breadcrumb\"},\"inLanguage\":\"en-US\",\"potentialAction\":[{\"@type\":\"ReadAction\",\"target\":[\"https:\/\/bon.de\/en\/product\/kopfophthalmoskop-mit-videofunktion-keeler-vantage-plus-led-digital-wireless-2\/\"]}]},{\"@type\":\"ImageObject\",\"inLanguage\":\"en-US\",\"@id\":\"https:\/\/bon.de\/en\/product\/kopfophthalmoskop-mit-videofunktion-keeler-vantage-plus-led-digital-wireless-2\/#primaryimage\",\"url\":\"https:\/\/bon.de\/wp-content\/uploads\/2016\/02\/Keeler-VANTAGE-Wireless-Plus-Digital.jpg\",\"contentUrl\":\"https:\/\/bon.de\/wp-content\/uploads\/2016\/02\/Keeler-VANTAGE-Wireless-Plus-Digital.jpg\",\"width\":1127,\"height\":1127},{\"@type\":\"BreadcrumbList\",\"@id\":\"https:\/\/bon.de\/en\/product\/kopfophthalmoskop-mit-videofunktion-keeler-vantage-plus-led-digital-wireless-2\/#breadcrumb\",\"itemListElement\":[{\"@type\":\"ListItem\",\"position\":1,\"name\":\"Home\",\"item\":\"https:\/\/bon.de\/en\/\"},{\"@type\":\"ListItem\",\"position\":2,\"name\":\"Shop\",\"item\":\"https:\/\/bon.de\/en\/shop-2-2\/\"},{\"@type\":\"ListItem\",\"position\":3,\"name\":\"Kopfophthalmoskop mit Videofunktion Keeler Vantage plus LED DIGITAL wireless\"}]},{\"@type\":\"WebSite\",\"@id\":\"https:\/\/bon.de\/#website\",\"url\":\"https:\/\/bon.de\/\",\"name\":\"bon Optic - Partner auf Augenh\u00f6he\",\"description\":\"\",\"publisher\":{\"@id\":\"https:\/\/bon.de\/#organization\"},\"potentialAction\":[{\"@type\":\"SearchAction\",\"target\":{\"@type\":\"EntryPoint\",\"urlTemplate\":\"https:\/\/bon.de\/?s={search_term_string}\"},\"query-input\":{\"@type\":\"PropertyValueSpecification\",\"valueRequired\":true,\"valueName\":\"search_term_string\"}}],\"inLanguage\":\"en-US\"},{\"@type\":\"Organization\",\"@id\":\"https:\/\/bon.de\/#organization\",\"name\":\"bon Optic Vertriebsgesellschaft mbH\",\"url\":\"https:\/\/bon.de\/\",\"logo\":{\"@type\":\"ImageObject\",\"inLanguage\":\"en-US\",\"@id\":\"https:\/\/bon.de\/#\/schema\/logo\/image\/\",\"url\":\"https:\/\/bon.de\/wp-content\/uploads\/2021\/06\/bon-Logo_512x512px.png\",\"contentUrl\":\"https:\/\/bon.de\/wp-content\/uploads\/2021\/06\/bon-Logo_512x512px.png\",\"width\":512,\"height\":512,\"caption\":\"bon Optic Vertriebsgesellschaft mbH\"},\"image\":{\"@id\":\"https:\/\/bon.de\/#\/schema\/logo\/image\/\"},\"sameAs\":[\"https:\/\/www.linkedin.com\/company\/bon-optic-vertriebsgesellschaft-mbh\/\",\"https:\/\/www.youtube.com\/channel\/UCSURhENDItKaH88bvn8LlcA\"]}]}<\/script>\n<!-- \/ Yoast SEO plugin. -->","yoast_head_json":{"title":"Kopfophthalmoskop mit Videofunktion Keeler Vantage plus LED DIGITAL wireless","description":"Das indirekte binokulare Kopf-Ophthalmoskop \"Vantage plus LED DIGITAL wireless\" mit integrierter Digitalkamera ist das Topmodel des britischen Weltmarktf\u00fchrers Keeler.","robots":{"index":"index","follow":"follow","max-snippet":"max-snippet:-1","max-image-preview":"max-image-preview:large","max-video-preview":"max-video-preview:-1"},"canonical":"https:\/\/bon.de\/en\/product\/kopfophthalmoskop-mit-videofunktion-keeler-vantage-plus-led-digital-wireless-2\/","og_locale":"en_US","og_type":"article","og_title":"Kopfophthalmoskop mit Videofunktion Keeler Vantage plus LED DIGITAL wireless","og_description":"Das indirekte binokulare Kopf-Ophthalmoskop \"Vantage plus LED DIGITAL wireless\" mit integrierter Digitalkamera ist das Topmodel des britischen Weltmarktf\u00fchrers Keeler.","og_url":"https:\/\/bon.de\/en\/product\/kopfophthalmoskop-mit-videofunktion-keeler-vantage-plus-led-digital-wireless-2\/","og_site_name":"bon Optic - Partner auf Augenh\u00f6he","article_modified_time":"2016-09-06T08:30:21+00:00","og_image":[{"width":1127,"height":1127,"url":"https:\/\/bon.de\/wp-content\/uploads\/2016\/02\/Keeler-VANTAGE-Wireless-Plus-Digital.jpg","type":"image\/jpeg"}],"twitter_card":"summary_large_image","twitter_misc":{"Est. reading time":"1 minute"},"schema":{"@context":"https:\/\/schema.org","@graph":[{"@type":"WebPage","@id":"https:\/\/bon.de\/en\/product\/kopfophthalmoskop-mit-videofunktion-keeler-vantage-plus-led-digital-wireless-2\/","url":"https:\/\/bon.de\/en\/product\/kopfophthalmoskop-mit-videofunktion-keeler-vantage-plus-led-digital-wireless-2\/","name":"Kopfophthalmoskop mit Videofunktion Keeler Vantage plus LED DIGITAL wireless","isPartOf":{"@id":"https:\/\/bon.de\/#website"},"primaryImageOfPage":{"@id":"https:\/\/bon.de\/en\/product\/kopfophthalmoskop-mit-videofunktion-keeler-vantage-plus-led-digital-wireless-2\/#primaryimage"},"image":{"@id":"https:\/\/bon.de\/en\/product\/kopfophthalmoskop-mit-videofunktion-keeler-vantage-plus-led-digital-wireless-2\/#primaryimage"},"thumbnailUrl":"https:\/\/bon.de\/wp-content\/uploads\/2016\/02\/Keeler-VANTAGE-Wireless-Plus-Digital.jpg","datePublished":"2016-02-11T15:46:54+00:00","dateModified":"2016-09-06T08:30:21+00:00","description":"Das indirekte binokulare Kopf-Ophthalmoskop \"Vantage plus LED DIGITAL wireless\" mit integrierter Digitalkamera ist das Topmodel des britischen Weltmarktf\u00fchrers Keeler.","breadcrumb":{"@id":"https:\/\/bon.de\/en\/product\/kopfophthalmoskop-mit-videofunktion-keeler-vantage-plus-led-digital-wireless-2\/#breadcrumb"},"inLanguage":"en-US","potentialAction":[{"@type":"ReadAction","target":["https:\/\/bon.de\/en\/product\/kopfophthalmoskop-mit-videofunktion-keeler-vantage-plus-led-digital-wireless-2\/"]}]},{"@type":"ImageObject","inLanguage":"en-US","@id":"https:\/\/bon.de\/en\/product\/kopfophthalmoskop-mit-videofunktion-keeler-vantage-plus-led-digital-wireless-2\/#primaryimage","url":"https:\/\/bon.de\/wp-content\/uploads\/2016\/02\/Keeler-VANTAGE-Wireless-Plus-Digital.jpg","contentUrl":"https:\/\/bon.de\/wp-content\/uploads\/2016\/02\/Keeler-VANTAGE-Wireless-Plus-Digital.jpg","width":1127,"height":1127},{"@type":"BreadcrumbList","@id":"https:\/\/bon.de\/en\/product\/kopfophthalmoskop-mit-videofunktion-keeler-vantage-plus-led-digital-wireless-2\/#breadcrumb","itemListElement":[{"@type":"ListItem","position":1,"name":"Home","item":"https:\/\/bon.de\/en\/"},{"@type":"ListItem","position":2,"name":"Shop","item":"https:\/\/bon.de\/en\/shop-2-2\/"},{"@type":"ListItem","position":3,"name":"Kopfophthalmoskop mit Videofunktion Keeler Vantage plus LED DIGITAL wireless"}]},{"@type":"WebSite","@id":"https:\/\/bon.de\/#website","url":"https:\/\/bon.de\/","name":"bon Optic - Partner auf Augenh\u00f6he","description":"","publisher":{"@id":"https:\/\/bon.de\/#organization"},"potentialAction":[{"@type":"SearchAction","target":{"@type":"EntryPoint","urlTemplate":"https:\/\/bon.de\/?s={search_term_string}"},"query-input":{"@type":"PropertyValueSpecification","valueRequired":true,"valueName":"search_term_string"}}],"inLanguage":"en-US"},{"@type":"Organization","@id":"https:\/\/bon.de\/#organization","name":"bon Optic Vertriebsgesellschaft mbH","url":"https:\/\/bon.de\/","logo":{"@type":"ImageObject","inLanguage":"en-US","@id":"https:\/\/bon.de\/#\/schema\/logo\/image\/","url":"https:\/\/bon.de\/wp-content\/uploads\/2021\/06\/bon-Logo_512x512px.png","contentUrl":"https:\/\/bon.de\/wp-content\/uploads\/2021\/06\/bon-Logo_512x512px.png","width":512,"height":512,"caption":"bon Optic Vertriebsgesellschaft mbH"},"image":{"@id":"https:\/\/bon.de\/#\/schema\/logo\/image\/"},"sameAs":["https:\/\/www.linkedin.com\/company\/bon-optic-vertriebsgesellschaft-mbh\/","https:\/\/www.youtube.com\/channel\/UCSURhENDItKaH88bvn8LlcA"]}]}},"_links":{"self":[{"href":"https:\/\/bon.de\/en\/wp-json\/wp\/v2\/product\/3725","targetHints":{"allow":["GET"]}}],"collection":[{"href":"https:\/\/bon.de\/en\/wp-json\/wp\/v2\/product"}],"about":[{"href":"https:\/\/bon.de\/en\/wp-json\/wp\/v2\/types\/product"}],"replies":[{"embeddable":true,"href":"https:\/\/bon.de\/en\/wp-json\/wp\/v2\/comments?post=3725"}],"wp:featuredmedia":[{"embeddable":true,"href":"https:\/\/bon.de\/en\/wp-json\/wp\/v2\/media\/9883"}],"wp:attachment":[{"href":"https:\/\/bon.de\/en\/wp-json\/wp\/v2\/media?parent=3725"}],"wp:term":[{"taxonomy":"product_manufacturers","embeddable":true,"href":"https:\/\/bon.de\/en\/wp-json\/wp\/v2\/product_manufacturers?post=3725"},{"taxonomy":"product_brand","embeddable":true,"href":"https:\/\/bon.de\/en\/wp-json\/wp\/v2\/product_brand?post=3725"},{"taxonomy":"product_cat","embeddable":true,"href":"https:\/\/bon.de\/en\/wp-json\/wp\/v2\/product_cat?post=3725"},{"taxonomy":"product_tag","embeddable":true,"href":"https:\/\/bon.de\/en\/wp-json\/wp\/v2\/product_tag?post=3725"}],"curies":[{"name":"wp","href":"https:\/\/api.w.org\/{rel}","templated":true}]}}