{"id":3863,"date":"2016-07-18T07:29:40","date_gmt":"2016-07-18T07:29:40","guid":{"rendered":"https:\/\/bon.de\/?post_type=product&#038;p=3863"},"modified":"2022-01-11T12:28:42","modified_gmt":"2022-01-11T12:28:42","slug":"fachbuch-trockenes-auge-k-s-kunert-w-sickenberger-h-brewitt-hrsg-2","status":"publish","type":"product","link":"https:\/\/bon.de\/en\/product\/fachbuch-trockenes-auge-k-s-kunert-w-sickenberger-h-brewitt-hrsg-2\/","title":{"rendered":"Textbook &#8220;Trockenes Auge&#8221;,  K.S. Kunert, W. Sickenberger,  H. Brewitt (Hrsg.)"},"content":{"rendered":"<ul>\n<li>280 Seiten, 93 Abbildungen, gebunden<\/li>\n<li>ISBN 978-3-942825-48-1<\/li>\n<li>Autoren: Kathleen S. Kunert, Wolfgang Sickenberger, Horst Brewitt (Herausgeber)<\/li>\n<li>Erscheinungsjahr: 2016\n<p>Der Begriff \u201eTrockenes Auge\u201c kennzeichnet verschiedene Erkrankungen des Tr\u00e4nenfilms, die mit Sch\u00e4den der Funktion und der Schutzmechanismen des \u00e4u\u00dferen Auges einhergehen. Eine gesunde Augenoberfl\u00e4che mit intaktem Tr\u00e4nenfilm ist das Ergebnis eines optimal abgestimmten Zusammenwirkens der Tr\u00e4nendr\u00fcsen, der Augenoberfl\u00e4che, der Lider und der ableitenden Tr\u00e4nenwege sowie deren nervaler und immunologischer Steuerung. Das Gleichgewicht dieser sog. Tr\u00e4nenfunktionseinheit kann durch eine Vielzahl von Faktoren gest\u00f6rt werden, was letztlich zu einem Trockenen Auge, einer Keratoconjunctivitis sicca, f\u00fchrt.<\/p>\n<p>Von dieser Augenoberfl\u00e4chenerkrankung sind in Deutschland Hochrechnungen zufolge 10 Millionen sowie in \u00d6sterreich und der Schweiz je 1 Million Personen betroffen. Die h\u00e4ufigsten Beschwerden sind Bindehautr\u00f6tung, Augenbrennen, Fremdk\u00f6rpergef\u00fchl, \u201em\u00fcde\u201c Augen und Lichtscheu.<\/p>\n<p>Herausragende Bedeutung hat der Zustand des Tr\u00e4nenfilms auch f\u00fcr das Tragen von Kontaktlinsen: Kontaktlinsen werden nur vertragen, wenn ein stabiler Tr\u00e4nenfilm vorhanden ist. Aus diesem Grunde ist eine ausf\u00fchrliche Tr\u00e4nenfilmdiagnostik vor der Kontaktlinsenanpassung und regelm\u00e4\u00dfig w\u00e4hrend des Tragens dringend erforderlich.<\/p>\n<p>Im vorliegenden Buch werden aktuelle Vorstellungen zu Anatomie, Physiologie, Pathogenese, Epidemiologie, Klinik, Diagnostik und Therapie des Trockenen Auges abgehandelt. Die Beitr\u00e4ge namhafter Wissenschaftler und Kliniker sind f\u00fcr Augen\u00e4rzte in der Klinik wie f\u00fcr niedergelassene Augen\u00e4rzte, aber nicht zuletzt auch f\u00fcr Kontaktlinsen anpassende Augenoptiker sowie Studierende aus diesen Disziplinen gedacht.<\/p>\n<p><a href=\"https:\/\/oscb-berlin.org\/deu-home-index\" target=\"_blank\" rel=\"noopener\"><\/p>\n<p><\/a><\/p>\n<h4>TIPP:<\/h4>\n<p>Die Website des <i>Ocular Surface Center Berlin<\/i> bietet Ihnen umfassende Informationen zum Thema &#8220;Trockenes Auge&#8221;.<br \/>\n<img decoding=\"async\" src=\"https:\/\/bon.de\/\/pub\/media\/wysiwyg\/Home\/oscb.jpg\" alt=\"\" \/><\/li>\n<\/ul>\n","protected":false},"excerpt":{"rendered":"<p>280 Seiten, 93 Abbildungen, gebunden ISBN 978-3-942825-48-1 Autoren: Kathleen S. Kunert, Wolfgang Sickenberger, Horst Brewitt (Herausgeber) Erscheinungsjahr: 2016 Der Begriff \u201eTrockenes Auge\u201c kennzeichnet verschiedene Erkrankungen des Tr\u00e4nenfilms, die mit Sch\u00e4den der Funktion und der Schutzmechanismen des \u00e4u\u00dferen Auges einhergehen. Eine gesunde Augenoberfl\u00e4che mit intaktem Tr\u00e4nenfilm ist das Ergebnis eines optimal abgestimmten Zusammenwirkens der Tr\u00e4nendr\u00fcsen, der [&hellip;]<\/p>\n","protected":false},"featured_media":3864,"comment_status":"open","ping_status":"closed","template":"","meta":{"_acf_changed":false,"inline_featured_image":false},"product_manufacturers":[],"product_brand":[],"product_cat":[245],"product_tag":[],"class_list":{"0":"post-3863","1":"product","2":"type-product","3":"status-publish","4":"has-post-thumbnail","6":"product_cat-cornea","8":"first","9":"instock","10":"taxable","11":"shipping-taxable","12":"purchasable","13":"product-type-simple"},"acf":[],"yoast_head":"<!-- This site is optimized with the Yoast SEO plugin v27.0 - https:\/\/yoast.com\/product\/yoast-seo-wordpress\/ -->\n<title>Fachbuch - Trockenes Auge<\/title>\n<meta name=\"description\" content=\"Im vorliegenden Buch werden aktuelle Vorstellungen zu Anatomie, Physiologie, Pathogenese, Epidemiologie, Klinik, Diagnostik und Therapie des Trockenen Auges abgehandelt.\" \/>\n<meta name=\"robots\" content=\"index, follow, max-snippet:-1, max-image-preview:large, max-video-preview:-1\" \/>\n<link rel=\"canonical\" href=\"https:\/\/bon.de\/en\/product\/fachbuch-trockenes-auge-k-s-kunert-w-sickenberger-h-brewitt-hrsg-2\/\" \/>\n<meta property=\"og:locale\" content=\"en_US\" \/>\n<meta property=\"og:type\" content=\"article\" \/>\n<meta property=\"og:title\" content=\"Fachbuch - Trockenes Auge\" \/>\n<meta property=\"og:description\" content=\"Im vorliegenden Buch werden aktuelle Vorstellungen zu Anatomie, Physiologie, Pathogenese, Epidemiologie, Klinik, Diagnostik und Therapie des Trockenen Auges abgehandelt.\" \/>\n<meta property=\"og:url\" content=\"https:\/\/bon.de\/en\/product\/fachbuch-trockenes-auge-k-s-kunert-w-sickenberger-h-brewitt-hrsg-2\/\" \/>\n<meta property=\"og:site_name\" content=\"bon Optic - Partner auf Augenh\u00f6he\" \/>\n<meta property=\"article:modified_time\" content=\"2022-01-11T12:28:42+00:00\" \/>\n<meta property=\"og:image\" content=\"https:\/\/bon.de\/wp-content\/uploads\/2016\/07\/products-7999500-1.jpg\" \/>\n\t<meta property=\"og:image:width\" content=\"626\" \/>\n\t<meta property=\"og:image:height\" content=\"900\" \/>\n\t<meta property=\"og:image:type\" content=\"image\/jpeg\" \/>\n<meta name=\"twitter:card\" content=\"summary_large_image\" \/>\n<meta name=\"twitter:label1\" content=\"Est. reading time\" \/>\n\t<meta name=\"twitter:data1\" content=\"1 minute\" \/>\n<script type=\"application\/ld+json\" class=\"yoast-schema-graph\">{\"@context\":\"https:\/\/schema.org\",\"@graph\":[{\"@type\":\"WebPage\",\"@id\":\"https:\/\/bon.de\/en\/product\/fachbuch-trockenes-auge-k-s-kunert-w-sickenberger-h-brewitt-hrsg-2\/\",\"url\":\"https:\/\/bon.de\/en\/product\/fachbuch-trockenes-auge-k-s-kunert-w-sickenberger-h-brewitt-hrsg-2\/\",\"name\":\"Fachbuch - Trockenes Auge\",\"isPartOf\":{\"@id\":\"https:\/\/bon.de\/#website\"},\"primaryImageOfPage\":{\"@id\":\"https:\/\/bon.de\/en\/product\/fachbuch-trockenes-auge-k-s-kunert-w-sickenberger-h-brewitt-hrsg-2\/#primaryimage\"},\"image\":{\"@id\":\"https:\/\/bon.de\/en\/product\/fachbuch-trockenes-auge-k-s-kunert-w-sickenberger-h-brewitt-hrsg-2\/#primaryimage\"},\"thumbnailUrl\":\"https:\/\/bon.de\/wp-content\/uploads\/2016\/07\/products-7999500-1.jpg\",\"datePublished\":\"2016-07-18T07:29:40+00:00\",\"dateModified\":\"2022-01-11T12:28:42+00:00\",\"description\":\"Im vorliegenden Buch werden aktuelle Vorstellungen zu Anatomie, Physiologie, Pathogenese, Epidemiologie, Klinik, Diagnostik und Therapie des Trockenen Auges abgehandelt.\",\"breadcrumb\":{\"@id\":\"https:\/\/bon.de\/en\/product\/fachbuch-trockenes-auge-k-s-kunert-w-sickenberger-h-brewitt-hrsg-2\/#breadcrumb\"},\"inLanguage\":\"en-US\",\"potentialAction\":[{\"@type\":\"ReadAction\",\"target\":[\"https:\/\/bon.de\/en\/product\/fachbuch-trockenes-auge-k-s-kunert-w-sickenberger-h-brewitt-hrsg-2\/\"]}]},{\"@type\":\"ImageObject\",\"inLanguage\":\"en-US\",\"@id\":\"https:\/\/bon.de\/en\/product\/fachbuch-trockenes-auge-k-s-kunert-w-sickenberger-h-brewitt-hrsg-2\/#primaryimage\",\"url\":\"https:\/\/bon.de\/wp-content\/uploads\/2016\/07\/products-7999500-1.jpg\",\"contentUrl\":\"https:\/\/bon.de\/wp-content\/uploads\/2016\/07\/products-7999500-1.jpg\",\"width\":626,\"height\":900,\"caption\":\"Fachbuch \\\"Trockenes Auge\\\"\"},{\"@type\":\"BreadcrumbList\",\"@id\":\"https:\/\/bon.de\/en\/product\/fachbuch-trockenes-auge-k-s-kunert-w-sickenberger-h-brewitt-hrsg-2\/#breadcrumb\",\"itemListElement\":[{\"@type\":\"ListItem\",\"position\":1,\"name\":\"Home\",\"item\":\"https:\/\/bon.de\/en\/\"},{\"@type\":\"ListItem\",\"position\":2,\"name\":\"Shop\",\"item\":\"https:\/\/bon.de\/en\/shop-2-2\/\"},{\"@type\":\"ListItem\",\"position\":3,\"name\":\"Textbook &#8220;Trockenes Auge&#8221;, K.S. Kunert, W. Sickenberger, H. Brewitt (Hrsg.)\"}]},{\"@type\":\"WebSite\",\"@id\":\"https:\/\/bon.de\/#website\",\"url\":\"https:\/\/bon.de\/\",\"name\":\"bon Optic - Partner auf Augenh\u00f6he\",\"description\":\"\",\"publisher\":{\"@id\":\"https:\/\/bon.de\/#organization\"},\"potentialAction\":[{\"@type\":\"SearchAction\",\"target\":{\"@type\":\"EntryPoint\",\"urlTemplate\":\"https:\/\/bon.de\/?s={search_term_string}\"},\"query-input\":{\"@type\":\"PropertyValueSpecification\",\"valueRequired\":true,\"valueName\":\"search_term_string\"}}],\"inLanguage\":\"en-US\"},{\"@type\":\"Organization\",\"@id\":\"https:\/\/bon.de\/#organization\",\"name\":\"bon Optic Vertriebsgesellschaft mbH\",\"url\":\"https:\/\/bon.de\/\",\"logo\":{\"@type\":\"ImageObject\",\"inLanguage\":\"en-US\",\"@id\":\"https:\/\/bon.de\/#\/schema\/logo\/image\/\",\"url\":\"https:\/\/bon.de\/wp-content\/uploads\/2021\/06\/bon-Logo_512x512px.png\",\"contentUrl\":\"https:\/\/bon.de\/wp-content\/uploads\/2021\/06\/bon-Logo_512x512px.png\",\"width\":512,\"height\":512,\"caption\":\"bon Optic Vertriebsgesellschaft mbH\"},\"image\":{\"@id\":\"https:\/\/bon.de\/#\/schema\/logo\/image\/\"},\"sameAs\":[\"https:\/\/www.linkedin.com\/company\/bon-optic-vertriebsgesellschaft-mbh\/\",\"https:\/\/www.youtube.com\/channel\/UCSURhENDItKaH88bvn8LlcA\"]}]}<\/script>\n<!-- \/ Yoast SEO plugin. -->","yoast_head_json":{"title":"Fachbuch - Trockenes Auge","description":"Im vorliegenden Buch werden aktuelle Vorstellungen zu Anatomie, Physiologie, Pathogenese, Epidemiologie, Klinik, Diagnostik und Therapie des Trockenen Auges abgehandelt.","robots":{"index":"index","follow":"follow","max-snippet":"max-snippet:-1","max-image-preview":"max-image-preview:large","max-video-preview":"max-video-preview:-1"},"canonical":"https:\/\/bon.de\/en\/product\/fachbuch-trockenes-auge-k-s-kunert-w-sickenberger-h-brewitt-hrsg-2\/","og_locale":"en_US","og_type":"article","og_title":"Fachbuch - Trockenes Auge","og_description":"Im vorliegenden Buch werden aktuelle Vorstellungen zu Anatomie, Physiologie, Pathogenese, Epidemiologie, Klinik, Diagnostik und Therapie des Trockenen Auges abgehandelt.","og_url":"https:\/\/bon.de\/en\/product\/fachbuch-trockenes-auge-k-s-kunert-w-sickenberger-h-brewitt-hrsg-2\/","og_site_name":"bon Optic - Partner auf Augenh\u00f6he","article_modified_time":"2022-01-11T12:28:42+00:00","og_image":[{"width":626,"height":900,"url":"https:\/\/bon.de\/wp-content\/uploads\/2016\/07\/products-7999500-1.jpg","type":"image\/jpeg"}],"twitter_card":"summary_large_image","twitter_misc":{"Est. reading time":"1 minute"},"schema":{"@context":"https:\/\/schema.org","@graph":[{"@type":"WebPage","@id":"https:\/\/bon.de\/en\/product\/fachbuch-trockenes-auge-k-s-kunert-w-sickenberger-h-brewitt-hrsg-2\/","url":"https:\/\/bon.de\/en\/product\/fachbuch-trockenes-auge-k-s-kunert-w-sickenberger-h-brewitt-hrsg-2\/","name":"Fachbuch - Trockenes Auge","isPartOf":{"@id":"https:\/\/bon.de\/#website"},"primaryImageOfPage":{"@id":"https:\/\/bon.de\/en\/product\/fachbuch-trockenes-auge-k-s-kunert-w-sickenberger-h-brewitt-hrsg-2\/#primaryimage"},"image":{"@id":"https:\/\/bon.de\/en\/product\/fachbuch-trockenes-auge-k-s-kunert-w-sickenberger-h-brewitt-hrsg-2\/#primaryimage"},"thumbnailUrl":"https:\/\/bon.de\/wp-content\/uploads\/2016\/07\/products-7999500-1.jpg","datePublished":"2016-07-18T07:29:40+00:00","dateModified":"2022-01-11T12:28:42+00:00","description":"Im vorliegenden Buch werden aktuelle Vorstellungen zu Anatomie, Physiologie, Pathogenese, Epidemiologie, Klinik, Diagnostik und Therapie des Trockenen Auges abgehandelt.","breadcrumb":{"@id":"https:\/\/bon.de\/en\/product\/fachbuch-trockenes-auge-k-s-kunert-w-sickenberger-h-brewitt-hrsg-2\/#breadcrumb"},"inLanguage":"en-US","potentialAction":[{"@type":"ReadAction","target":["https:\/\/bon.de\/en\/product\/fachbuch-trockenes-auge-k-s-kunert-w-sickenberger-h-brewitt-hrsg-2\/"]}]},{"@type":"ImageObject","inLanguage":"en-US","@id":"https:\/\/bon.de\/en\/product\/fachbuch-trockenes-auge-k-s-kunert-w-sickenberger-h-brewitt-hrsg-2\/#primaryimage","url":"https:\/\/bon.de\/wp-content\/uploads\/2016\/07\/products-7999500-1.jpg","contentUrl":"https:\/\/bon.de\/wp-content\/uploads\/2016\/07\/products-7999500-1.jpg","width":626,"height":900,"caption":"Fachbuch \"Trockenes Auge\""},{"@type":"BreadcrumbList","@id":"https:\/\/bon.de\/en\/product\/fachbuch-trockenes-auge-k-s-kunert-w-sickenberger-h-brewitt-hrsg-2\/#breadcrumb","itemListElement":[{"@type":"ListItem","position":1,"name":"Home","item":"https:\/\/bon.de\/en\/"},{"@type":"ListItem","position":2,"name":"Shop","item":"https:\/\/bon.de\/en\/shop-2-2\/"},{"@type":"ListItem","position":3,"name":"Textbook &#8220;Trockenes Auge&#8221;, K.S. Kunert, W. Sickenberger, H. Brewitt (Hrsg.)"}]},{"@type":"WebSite","@id":"https:\/\/bon.de\/#website","url":"https:\/\/bon.de\/","name":"bon Optic - Partner auf Augenh\u00f6he","description":"","publisher":{"@id":"https:\/\/bon.de\/#organization"},"potentialAction":[{"@type":"SearchAction","target":{"@type":"EntryPoint","urlTemplate":"https:\/\/bon.de\/?s={search_term_string}"},"query-input":{"@type":"PropertyValueSpecification","valueRequired":true,"valueName":"search_term_string"}}],"inLanguage":"en-US"},{"@type":"Organization","@id":"https:\/\/bon.de\/#organization","name":"bon Optic Vertriebsgesellschaft mbH","url":"https:\/\/bon.de\/","logo":{"@type":"ImageObject","inLanguage":"en-US","@id":"https:\/\/bon.de\/#\/schema\/logo\/image\/","url":"https:\/\/bon.de\/wp-content\/uploads\/2021\/06\/bon-Logo_512x512px.png","contentUrl":"https:\/\/bon.de\/wp-content\/uploads\/2021\/06\/bon-Logo_512x512px.png","width":512,"height":512,"caption":"bon Optic Vertriebsgesellschaft mbH"},"image":{"@id":"https:\/\/bon.de\/#\/schema\/logo\/image\/"},"sameAs":["https:\/\/www.linkedin.com\/company\/bon-optic-vertriebsgesellschaft-mbh\/","https:\/\/www.youtube.com\/channel\/UCSURhENDItKaH88bvn8LlcA"]}]}},"_links":{"self":[{"href":"https:\/\/bon.de\/en\/wp-json\/wp\/v2\/product\/3863","targetHints":{"allow":["GET"]}}],"collection":[{"href":"https:\/\/bon.de\/en\/wp-json\/wp\/v2\/product"}],"about":[{"href":"https:\/\/bon.de\/en\/wp-json\/wp\/v2\/types\/product"}],"replies":[{"embeddable":true,"href":"https:\/\/bon.de\/en\/wp-json\/wp\/v2\/comments?post=3863"}],"wp:featuredmedia":[{"embeddable":true,"href":"https:\/\/bon.de\/en\/wp-json\/wp\/v2\/media\/3864"}],"wp:attachment":[{"href":"https:\/\/bon.de\/en\/wp-json\/wp\/v2\/media?parent=3863"}],"wp:term":[{"taxonomy":"product_manufacturers","embeddable":true,"href":"https:\/\/bon.de\/en\/wp-json\/wp\/v2\/product_manufacturers?post=3863"},{"taxonomy":"product_brand","embeddable":true,"href":"https:\/\/bon.de\/en\/wp-json\/wp\/v2\/product_brand?post=3863"},{"taxonomy":"product_cat","embeddable":true,"href":"https:\/\/bon.de\/en\/wp-json\/wp\/v2\/product_cat?post=3863"},{"taxonomy":"product_tag","embeddable":true,"href":"https:\/\/bon.de\/en\/wp-json\/wp\/v2\/product_tag?post=3863"}],"curies":[{"name":"wp","href":"https:\/\/api.w.org\/{rel}","templated":true}]}}