{"id":3958,"date":"2017-02-20T14:09:04","date_gmt":"2017-02-20T14:09:04","guid":{"rendered":"https:\/\/bon.de\/?post_type=product&#038;p=3958"},"modified":"2023-08-31T09:51:40","modified_gmt":"2023-08-31T08:51:40","slug":"icare-eidon-af-konfokaler-truecolor-widefield-netzhautscanner-mit-autofluoreszenz-2","status":"publish","type":"product","link":"https:\/\/bon.de\/en\/product\/icare-eidon-af-konfokaler-truecolor-widefield-netzhautscanner-mit-autofluoreszenz-2\/","title":{"rendered":"iCare EIDON AF &#8211; konfokaler TrueColor WideField Netzhautscanner mit Autofluoreszenz"},"content":{"rendered":"<h4>EIDON AF &#8211; Mehr sehen mit Autofluoreszenz.<\/h4>\n<p><b>Das Eidon AF ist die nat\u00fcrliche Evolutionsstufe des erfolgreichen True Colour Confocal Scanners Eidon von iCare (vormals Centervue).<\/b><\/p>\n<p>Es bietet Ihnen alle Funktionen und Features, sowie die un\u00fcbertroffene Bildqualit\u00e4t des Standardmodells, erweitert um hochqualitativer Autofluoreszenzaufnahmen.<\/p>\n<h4>Die Bedeutung der Autofluoreszenz in der klinischen Praxis<\/h4>\n<p>Mit der nicht-invasiven Fundus Autofluoreszenz Bildgebung (FAF) gewinnen Sie wertvolle Informationen \u00fcber den retinalen Metabolismus und Ver\u00e4nderungen der retinalen Pigment-Epithel-Schicht (RPE).<\/p>\n<p>Das Verfahren kann dazu beitragen, metabolische Ver\u00e4nderungen des Pigment-Epithels innerhalb der Pathogenese von Netzhautst\u00f6rungen besser zu verstehen.<\/p>\n<h4>Die Funktionsweise der Autofluoreszenz<\/h4>\n<p>Die Bildgebungsmethode liefert klinisch n\u00fctzliche Informationen durch die Erstellung eines Bildes auf Grundlage des Verteilungsmusters fluoreszierender Pigmente (z.B. Lipofuszin) im RPE.<\/p>\n<ul>\n<li>RPE Dysfunktion bewirkt eine Lipofuszin-Ansammlung. Dies verursacht ein st\u00e4rkeres Signal und dadurch hellere Bereiche.<\/li>\n<li>Tote RPE- oder Photorezeptorzellen sammeln kaum Lipofuscin an und resultieren deshalb in dunklen Stellen.<br \/>\n<h4>Der Autofluoreszenz-Modus basierend auf der Eidon Technologie<\/h4>\n<p>Die Autofluoreszenz-Funktion macht das Eidon AF zu einem einzigartigen Werkzeug. Sie erlangen damit vielf\u00e4ltige wertvolle Informationen, Dank seiner verschiedenen Bildgebungsmodalit\u00e4ten.<\/li>\n<li>Wei\u00dfe Beleuchtung liefert qualitativ hochwertige TrueColor Aufnahmen.<\/li>\n<li>Rotfrei hebt die Details der retinalen Gef\u00e4\u00dfe und der Nervenfaserschicht hervor.<\/li>\n<li>Infrarotlicht dient insbesondere der Darstellung der Aderhaut.<\/li>\n<li>Autofluoreszenz erlaubt die Beurteilung der retinalen Pigment-Epithel-Schicht (RPE).<br \/>\n<h4>Vorteile der Eidon AF Autofluoreszenz-Bildgebung<\/h4>\n<p>konfokaler Scan \u25ba bietet einen h\u00f6heren Kontrast als nicht konfokale Systeme<\/p>\n<p>konfokales Sytem mit der h\u00f6chsten Pixel-Aufl\u00f6sung \u25ba f\u00fcr fein detaillierte Aufnahmen mit starken Kontrastwerten<\/p>\n<p>90\u00b0 Autofluoreszenz-Bild mit nur einer einzigen Aufnahme \u25ba erlaubt unverf\u00e4lschte Bildaufnahme in h\u00f6chster Qualit\u00e4t mit verbessertem Patientenkomfort<\/p>\n<p>Widefield-Aufnahmen bis 160\u00b0 mithilfe der Mosaik Funktion, auch im Autofluoreszenz-Modus \u25ba erm\u00f6glicht einen beeindruckenden Panoramablick auf die Autofluoreszenz der Retina<\/p>\n<p>vollautomatische Bilderfassung \u25ba einfachste Bedienung, bessere, reproduzierbare Aufnahmen<\/p>\n<h4>Was ist Eidon?<\/h4>\n<p>&nbsp;<\/li>\n<li>herausragende Bildqualit\u00e4t<\/li>\n<li>vollautomatischer Weitwinkel<\/li>\n<li>minimale Pupillenanforderungen<\/li>\n<li>einfachste HandhabungDas Eidon kombiniert die Vorteile von konventioneller Photographie mit der SLO Technologie und \u00fcberzeugt als einziges System mit Echtfarben Aufnahmen.Eidon liefert brillante 90\u00b0 Bilder bei enger Pupille mit nur einer einzelnen Aufnahme.Das vollautomatische System l\u00e4sst sich intuitiv per Tablett steuern.<br \/>\n<h4>konfokal vs. non konfokal<\/h4>\n<p><b>Verbesserung der konfokalen Bildqualit\u00e4t<\/b><\/p>\n<p>Die SLO Technologie bietet gegen\u00fcber der konventionellen Photographie viele Vorteile. Kleine Pupillen und Medientr\u00fcbungen (z.B. Katarakt, Hornhautnarben, Glask\u00f6rpertr\u00fcbungen)<br \/>\nstellen f\u00fcr das Eidon kein Hindernis dar. Sie erhalten stets hochwertige Aufnahmen in herausragender Qualit\u00e4t.<\/p>\n<p>Anders als bei gew\u00f6hnlichen SLO Systemen mit monochromatischen Lasern wird beim Eidon eine wei\u00dfe LED-Lichtquelle verwendet. Das Ergebniss ist einmalig. Sie erhalten Echtfarbenaufnahmen in unvergleichbarer Bildqualit\u00e4t.<\/p>\n<h4>Die Besonderheiten der konfokalen True-Colour Bildgebung<\/h4>\n<p>Die spezielle Technologie erleichtert die Diagnose und \u00dcberwachung von Netzhauterkrankungen wie<br \/>\ndiabetischer Retinopathie, altersbedingter Makuladegeneration und Glaukom. EIDON verbessert Ihre<br \/>\nretinalen Diagnosem\u00f6glichkeiten, durch eine Reihe von Vorteilen:<\/li>\n<li>st\u00e4rkerer Kontrast als bei gew\u00f6hnlichen Funduskameras<\/li>\n<li>unempfindlich gegen Katarakt und andere Medientr\u00fcbungen<\/li>\n<li>High Resolution Image<\/li>\n<li>minimale Pupillenanforderung nur 2.5mm<\/li>\n<li>keine Rot\u00fcbers\u00e4ttigung wie bei gew\u00f6hnlichen Funduskameras<br \/>\n<h4>Eidon liefert Ihnen ein echtes Bild<\/h4>\n<p>Die einzigartige Kombination von konfokalem Scannen<br \/>\nmit einer wei\u00dfen Lichtquelle bietet \u00fcberragende Bildqualit\u00e4t mit Echtfarbendarstellung. Die Retina sieht aus wie sie wirklich ist. \u2013 Keine nachtr\u00e4gliche Colorierung. Die Aufnahme besteht bereits aus dem sichtbaren Lichtspektrum.<\/p>\n<h4>Weitwinkelaufnahmen<\/h4>\n<p>&nbsp;<\/li>\n<li>Weitwinkeloptiken erm\u00f6glichen zentrale und periphere Aufnahmen.<\/li>\n<li>Das Fixierungsziel kann bei Bedarf auf dem IR Vorschaubild auf dem Tablet individuell positioniert werden.<\/li>\n<li>Im Automatikmodus k\u00f6nnen Aufnahmen bis 160\u00b0 erstellt werden.<br \/>\n<h4>Multimodale Bildgebung<\/h4>\n<p>Eidon kombiniert verschiedene Bildgebungen und enth\u00fcllt damit ausf\u00fchrlichere Informationen der verschiedenen Schichten.<\/li>\n<li>Rot-frei verbessert die Sichtbarkeit der Netzhautvaskulatur und der Nervenfaserschicht.<\/li>\n<li>Infrarot (825 &#8211; 870 nm) liefert Informationen der tieferen Schichten (Choroidea)<\/li>\n<li>True-Colour Aufnahmen werden mit wei\u00dfer Beleuchtung (440 &#8211; 650 nm) erreicht.<\/li>\n<li>Das Modell Eidon AF erm\u00f6glicht zus\u00e4tzlich Autofluoreszenz.<br \/>\n<h4>Sie entscheiden: vollautomatisch \/ manuell<\/h4>\n<p>Erleben Sie leichte und intuitive Bedienung bei jeder Aufnahme, ob manuell oder automatisch. Sie bleiben flexibel und behalten die volle Kontrolle: bei Bedarf k\u00f6nnen Sie jederzeit die Automatik unterbrechen und manuell steuern. Der Autofokus bleibt dabei auf Wunsch unterst\u00fctzend aktiv.<\/p>\n<p><b>Der Automatik-Modus<\/b><\/li>\n<li>automatische Zentrierung<\/li>\n<li>automatische Fokussierung mit sph\u00e4rischem<br \/>\nAusgleich (-12D bis +15D)<\/li>\n<li>automatische Belichtung und Erfassung von einzelnen oder mehreren Bereichen, im einfachen Modus und Dual-Modus (Farbe und\/oder Infrarot)<b>Der manuelle Modus<\/b><\/li>\n<li>deaktiviert die automatische Ausrichtung<\/li>\n<li>deaktiviert die automatische Fokussierung<\/li>\n<li>erm\u00f6glicht freie Positionierung der Fixiermarken<\/li>\n<li>deaktiviert die automatische Ausl\u00f6sung<br \/>\n<h4>h\u00f6chste Konnektivit\u00e4t &#8211; jederzeit &amp; \u00fcberall<\/h4>\n<p>EIDON bietet integrierte Verbindungsm\u00f6glichkeiten f\u00fcr Netzwerk und Internet, sowohl per Kabel als auch als drahtlose Wi-Fi Verbindung. Eine zuverl\u00e4ssige \u00dcbertragung f\u00fcr die Datensicherung und f\u00fcr den Fernzugriff auf die Untersuchungen ist damit stets gew\u00e4hrleistet.<\/p>\n<h4>sp\u00fcrbar verbesserter Patientenkomfort und beschleunigter Praxisworkflow<\/h4>\n<p>Die einzigartig sanfte LED-Technologie garantiert maximalen Patientenkomfort. Sie reduziert au\u00dferdem die Pupillenverengung und erleichtert dadurch die Bilderfassung in schwierigen F\u00e4llen.<\/li>\n<li>anwenderfreundliches Software-Interface<\/li>\n<li>sehr schnell erlernbar \/ delegierbar<\/li>\n<li>voll automatisiert<\/li>\n<li>kompaktes Design &#8211; kein externer Computer notwendig<\/li>\n<li>kurze Untersuchungszeiten unter einer Minute pro Auge (Single Field)<\/li>\n<li>hoch aufl\u00f6sender Tablet-PC<br \/>\n<h4>Technische Details EIDON AF<\/h4>\n<p><b>Medizinprodukt-Klasse<\/b><\/p>\n<p>1 B gem\u00e4\u00df EN 60601-1<\/p>\n<p><b>Bilderfassung:<\/b><\/li>\n<li>non-mydriatisch (min. Pupillengr\u00f6\u00dfe 2,5 mm)<\/li>\n<li>Bildwinkel (Einzelbild): 90\u00b0 aufgenommen bei einer einzelnen Belichtung<\/li>\n<li>Sensor Aufl\u00f6sung: 14 Mpixel (4608 x 3288)<\/li>\n<li>Lichtquellen: infrarot (825 &#8211; 870 nm), blau (440 &#8211; 475 nm) und wei\u00df (440 &#8211; 650 nm)<\/li>\n<li>Arbeitsabstand: 28 mm<\/li>\n<li>Aufl\u00f6sung: 60 Pixel\/deg<\/li>\n<li>optische Aufl\u00f6sung auf der Retina: 15 Micron<\/li>\n<li>Pixelabstand: 4,9 Micron<\/li>\n<li><b>andere Eigenschaften:<\/b><\/li>\n<li>Bildmodi: Farbe, Infrarot, Rotfrei, Autofluoreszenz<\/li>\n<li>automatischer Modus f\u00fcr Ausrichtung, Fokussierung, Belichtung und Ausl\u00f6sung<\/li>\n<li>Autofokus-Bereich: -12D bis +15D<\/li>\n<li>dynamische, programmierbare interne Fixationsziele in jeder Position des Sichtbereichs<\/li>\n<li>Bedienung mit einem modernen Tablet-PC mit 10.1\u201d Multi-Touch Farbdisplay<\/li>\n<li>feste Netzwerk Verbindung (LAN) am Ger\u00e4t<\/li>\n<li>integrierter 256 GB SSD Festplattenspeicher<b>Abmessungen:<\/b><\/li>\n<li>B 620 x H 590 x T 360 mm<\/li>\n<li>Gewicht: 25 kg<b>Energieversorgung:<\/b><\/li>\n<li>100-240 VAC, 50-60 Hz<\/li>\n<li>Energieaufnahme: 80 W (siehe Typenschild)<\/li>\n<\/ul>\n","protected":false},"excerpt":{"rendered":"<p>EIDON AF &#8211; Mehr sehen mit Autofluoreszenz. Das Eidon AF ist die nat\u00fcrliche Evolutionsstufe des erfolgreichen True Colour Confocal Scanners Eidon von iCare (vormals Centervue). Es bietet Ihnen alle Funktionen und Features, sowie die un\u00fcbertroffene Bildqualit\u00e4t des Standardmodells, erweitert um hochqualitativer Autofluoreszenzaufnahmen. Die Bedeutung der Autofluoreszenz in der klinischen Praxis Mit der nicht-invasiven Fundus Autofluoreszenz [&hellip;]<\/p>\n","protected":false},"featured_media":3959,"comment_status":"open","ping_status":"closed","template":"","meta":{"_acf_changed":false,"inline_featured_image":false},"product_manufacturers":[463],"product_brand":[],"product_cat":[247,257,515],"product_tag":[],"class_list":{"0":"post-3958","1":"product","2":"type-product","3":"status-publish","4":"has-post-thumbnail","6":"product_cat-retina","7":"product_cat-fundus-cameras","8":"product_cat-netzhaut-en","10":"first","11":"instock","12":"taxable","13":"shipping-taxable","14":"product-type-simple"},"acf":[],"yoast_head":"<!-- This site is optimized with the Yoast SEO plugin v27.0 - https:\/\/yoast.com\/product\/yoast-seo-wordpress\/ -->\n<title>CenterVue EIDON AF - konfokaler TrueColor Netzhautscanner mit Autofluoreszenzfunktion<\/title>\n<meta name=\"description\" content=\"CenterVue EIDON AF - konfokaler TrueColor Netzhautscanner mit Autofluoreszenz\" \/>\n<meta name=\"robots\" content=\"index, follow, max-snippet:-1, max-image-preview:large, max-video-preview:-1\" \/>\n<link rel=\"canonical\" href=\"https:\/\/bon.de\/en\/product\/icare-eidon-af-konfokaler-truecolor-widefield-netzhautscanner-mit-autofluoreszenz-2\/\" \/>\n<meta property=\"og:locale\" content=\"en_US\" \/>\n<meta property=\"og:type\" content=\"article\" \/>\n<meta property=\"og:title\" content=\"CenterVue EIDON AF - konfokaler TrueColor Netzhautscanner mit Autofluoreszenzfunktion\" \/>\n<meta property=\"og:description\" content=\"CenterVue EIDON AF - konfokaler TrueColor Netzhautscanner mit Autofluoreszenz\" \/>\n<meta property=\"og:url\" content=\"https:\/\/bon.de\/en\/product\/icare-eidon-af-konfokaler-truecolor-widefield-netzhautscanner-mit-autofluoreszenz-2\/\" \/>\n<meta property=\"og:site_name\" content=\"bon Optic - Partner auf Augenh\u00f6he\" \/>\n<meta property=\"article:modified_time\" content=\"2023-08-31T08:51:40+00:00\" \/>\n<meta property=\"og:image\" content=\"https:\/\/bon.de\/wp-content\/uploads\/2017\/02\/products-eidon-af_ombra_600x600-1.jpg\" \/>\n\t<meta property=\"og:image:width\" content=\"600\" \/>\n\t<meta property=\"og:image:height\" content=\"600\" \/>\n\t<meta property=\"og:image:type\" content=\"image\/jpeg\" \/>\n<meta name=\"twitter:card\" content=\"summary_large_image\" \/>\n<meta name=\"twitter:label1\" content=\"Est. reading time\" \/>\n\t<meta name=\"twitter:data1\" content=\"5 minutes\" \/>\n<script type=\"application\/ld+json\" class=\"yoast-schema-graph\">{\"@context\":\"https:\/\/schema.org\",\"@graph\":[{\"@type\":\"WebPage\",\"@id\":\"https:\/\/bon.de\/en\/product\/icare-eidon-af-konfokaler-truecolor-widefield-netzhautscanner-mit-autofluoreszenz-2\/\",\"url\":\"https:\/\/bon.de\/en\/product\/icare-eidon-af-konfokaler-truecolor-widefield-netzhautscanner-mit-autofluoreszenz-2\/\",\"name\":\"CenterVue EIDON AF - konfokaler TrueColor Netzhautscanner mit Autofluoreszenzfunktion\",\"isPartOf\":{\"@id\":\"https:\/\/bon.de\/#website\"},\"primaryImageOfPage\":{\"@id\":\"https:\/\/bon.de\/en\/product\/icare-eidon-af-konfokaler-truecolor-widefield-netzhautscanner-mit-autofluoreszenz-2\/#primaryimage\"},\"image\":{\"@id\":\"https:\/\/bon.de\/en\/product\/icare-eidon-af-konfokaler-truecolor-widefield-netzhautscanner-mit-autofluoreszenz-2\/#primaryimage\"},\"thumbnailUrl\":\"https:\/\/bon.de\/wp-content\/uploads\/2017\/02\/products-eidon-af_ombra_600x600-1.jpg\",\"datePublished\":\"2017-02-20T14:09:04+00:00\",\"dateModified\":\"2023-08-31T08:51:40+00:00\",\"description\":\"CenterVue EIDON AF - konfokaler TrueColor Netzhautscanner mit Autofluoreszenz\",\"breadcrumb\":{\"@id\":\"https:\/\/bon.de\/en\/product\/icare-eidon-af-konfokaler-truecolor-widefield-netzhautscanner-mit-autofluoreszenz-2\/#breadcrumb\"},\"inLanguage\":\"en-US\",\"potentialAction\":[{\"@type\":\"ReadAction\",\"target\":[\"https:\/\/bon.de\/en\/product\/icare-eidon-af-konfokaler-truecolor-widefield-netzhautscanner-mit-autofluoreszenz-2\/\"]}]},{\"@type\":\"ImageObject\",\"inLanguage\":\"en-US\",\"@id\":\"https:\/\/bon.de\/en\/product\/icare-eidon-af-konfokaler-truecolor-widefield-netzhautscanner-mit-autofluoreszenz-2\/#primaryimage\",\"url\":\"https:\/\/bon.de\/wp-content\/uploads\/2017\/02\/products-eidon-af_ombra_600x600-1.jpg\",\"contentUrl\":\"https:\/\/bon.de\/wp-content\/uploads\/2017\/02\/products-eidon-af_ombra_600x600-1.jpg\",\"width\":600,\"height\":600,\"caption\":\"CenterVue EIDON AF - konfokaler TrueColor Netzhautscanner mit Autofluoreszenz\"},{\"@type\":\"BreadcrumbList\",\"@id\":\"https:\/\/bon.de\/en\/product\/icare-eidon-af-konfokaler-truecolor-widefield-netzhautscanner-mit-autofluoreszenz-2\/#breadcrumb\",\"itemListElement\":[{\"@type\":\"ListItem\",\"position\":1,\"name\":\"Home\",\"item\":\"https:\/\/bon.de\/en\/\"},{\"@type\":\"ListItem\",\"position\":2,\"name\":\"Shop\",\"item\":\"https:\/\/bon.de\/en\/shop-2-2\/\"},{\"@type\":\"ListItem\",\"position\":3,\"name\":\"iCare EIDON AF &#8211; konfokaler TrueColor WideField Netzhautscanner mit Autofluoreszenz\"}]},{\"@type\":\"WebSite\",\"@id\":\"https:\/\/bon.de\/#website\",\"url\":\"https:\/\/bon.de\/\",\"name\":\"bon Optic - Partner auf Augenh\u00f6he\",\"description\":\"\",\"publisher\":{\"@id\":\"https:\/\/bon.de\/#organization\"},\"potentialAction\":[{\"@type\":\"SearchAction\",\"target\":{\"@type\":\"EntryPoint\",\"urlTemplate\":\"https:\/\/bon.de\/?s={search_term_string}\"},\"query-input\":{\"@type\":\"PropertyValueSpecification\",\"valueRequired\":true,\"valueName\":\"search_term_string\"}}],\"inLanguage\":\"en-US\"},{\"@type\":\"Organization\",\"@id\":\"https:\/\/bon.de\/#organization\",\"name\":\"bon Optic Vertriebsgesellschaft mbH\",\"url\":\"https:\/\/bon.de\/\",\"logo\":{\"@type\":\"ImageObject\",\"inLanguage\":\"en-US\",\"@id\":\"https:\/\/bon.de\/#\/schema\/logo\/image\/\",\"url\":\"https:\/\/bon.de\/wp-content\/uploads\/2021\/06\/bon-Logo_512x512px.png\",\"contentUrl\":\"https:\/\/bon.de\/wp-content\/uploads\/2021\/06\/bon-Logo_512x512px.png\",\"width\":512,\"height\":512,\"caption\":\"bon Optic Vertriebsgesellschaft mbH\"},\"image\":{\"@id\":\"https:\/\/bon.de\/#\/schema\/logo\/image\/\"},\"sameAs\":[\"https:\/\/www.linkedin.com\/company\/bon-optic-vertriebsgesellschaft-mbh\/\",\"https:\/\/www.youtube.com\/channel\/UCSURhENDItKaH88bvn8LlcA\"]}]}<\/script>\n<!-- \/ Yoast SEO plugin. -->","yoast_head_json":{"title":"CenterVue EIDON AF - konfokaler TrueColor Netzhautscanner mit Autofluoreszenzfunktion","description":"CenterVue EIDON AF - konfokaler TrueColor Netzhautscanner mit Autofluoreszenz","robots":{"index":"index","follow":"follow","max-snippet":"max-snippet:-1","max-image-preview":"max-image-preview:large","max-video-preview":"max-video-preview:-1"},"canonical":"https:\/\/bon.de\/en\/product\/icare-eidon-af-konfokaler-truecolor-widefield-netzhautscanner-mit-autofluoreszenz-2\/","og_locale":"en_US","og_type":"article","og_title":"CenterVue EIDON AF - konfokaler TrueColor Netzhautscanner mit Autofluoreszenzfunktion","og_description":"CenterVue EIDON AF - konfokaler TrueColor Netzhautscanner mit Autofluoreszenz","og_url":"https:\/\/bon.de\/en\/product\/icare-eidon-af-konfokaler-truecolor-widefield-netzhautscanner-mit-autofluoreszenz-2\/","og_site_name":"bon Optic - Partner auf Augenh\u00f6he","article_modified_time":"2023-08-31T08:51:40+00:00","og_image":[{"width":600,"height":600,"url":"https:\/\/bon.de\/wp-content\/uploads\/2017\/02\/products-eidon-af_ombra_600x600-1.jpg","type":"image\/jpeg"}],"twitter_card":"summary_large_image","twitter_misc":{"Est. reading time":"5 minutes"},"schema":{"@context":"https:\/\/schema.org","@graph":[{"@type":"WebPage","@id":"https:\/\/bon.de\/en\/product\/icare-eidon-af-konfokaler-truecolor-widefield-netzhautscanner-mit-autofluoreszenz-2\/","url":"https:\/\/bon.de\/en\/product\/icare-eidon-af-konfokaler-truecolor-widefield-netzhautscanner-mit-autofluoreszenz-2\/","name":"CenterVue EIDON AF - konfokaler TrueColor Netzhautscanner mit Autofluoreszenzfunktion","isPartOf":{"@id":"https:\/\/bon.de\/#website"},"primaryImageOfPage":{"@id":"https:\/\/bon.de\/en\/product\/icare-eidon-af-konfokaler-truecolor-widefield-netzhautscanner-mit-autofluoreszenz-2\/#primaryimage"},"image":{"@id":"https:\/\/bon.de\/en\/product\/icare-eidon-af-konfokaler-truecolor-widefield-netzhautscanner-mit-autofluoreszenz-2\/#primaryimage"},"thumbnailUrl":"https:\/\/bon.de\/wp-content\/uploads\/2017\/02\/products-eidon-af_ombra_600x600-1.jpg","datePublished":"2017-02-20T14:09:04+00:00","dateModified":"2023-08-31T08:51:40+00:00","description":"CenterVue EIDON AF - konfokaler TrueColor Netzhautscanner mit Autofluoreszenz","breadcrumb":{"@id":"https:\/\/bon.de\/en\/product\/icare-eidon-af-konfokaler-truecolor-widefield-netzhautscanner-mit-autofluoreszenz-2\/#breadcrumb"},"inLanguage":"en-US","potentialAction":[{"@type":"ReadAction","target":["https:\/\/bon.de\/en\/product\/icare-eidon-af-konfokaler-truecolor-widefield-netzhautscanner-mit-autofluoreszenz-2\/"]}]},{"@type":"ImageObject","inLanguage":"en-US","@id":"https:\/\/bon.de\/en\/product\/icare-eidon-af-konfokaler-truecolor-widefield-netzhautscanner-mit-autofluoreszenz-2\/#primaryimage","url":"https:\/\/bon.de\/wp-content\/uploads\/2017\/02\/products-eidon-af_ombra_600x600-1.jpg","contentUrl":"https:\/\/bon.de\/wp-content\/uploads\/2017\/02\/products-eidon-af_ombra_600x600-1.jpg","width":600,"height":600,"caption":"CenterVue EIDON AF - konfokaler TrueColor Netzhautscanner mit Autofluoreszenz"},{"@type":"BreadcrumbList","@id":"https:\/\/bon.de\/en\/product\/icare-eidon-af-konfokaler-truecolor-widefield-netzhautscanner-mit-autofluoreszenz-2\/#breadcrumb","itemListElement":[{"@type":"ListItem","position":1,"name":"Home","item":"https:\/\/bon.de\/en\/"},{"@type":"ListItem","position":2,"name":"Shop","item":"https:\/\/bon.de\/en\/shop-2-2\/"},{"@type":"ListItem","position":3,"name":"iCare EIDON AF &#8211; konfokaler TrueColor WideField Netzhautscanner mit Autofluoreszenz"}]},{"@type":"WebSite","@id":"https:\/\/bon.de\/#website","url":"https:\/\/bon.de\/","name":"bon Optic - Partner auf Augenh\u00f6he","description":"","publisher":{"@id":"https:\/\/bon.de\/#organization"},"potentialAction":[{"@type":"SearchAction","target":{"@type":"EntryPoint","urlTemplate":"https:\/\/bon.de\/?s={search_term_string}"},"query-input":{"@type":"PropertyValueSpecification","valueRequired":true,"valueName":"search_term_string"}}],"inLanguage":"en-US"},{"@type":"Organization","@id":"https:\/\/bon.de\/#organization","name":"bon Optic Vertriebsgesellschaft mbH","url":"https:\/\/bon.de\/","logo":{"@type":"ImageObject","inLanguage":"en-US","@id":"https:\/\/bon.de\/#\/schema\/logo\/image\/","url":"https:\/\/bon.de\/wp-content\/uploads\/2021\/06\/bon-Logo_512x512px.png","contentUrl":"https:\/\/bon.de\/wp-content\/uploads\/2021\/06\/bon-Logo_512x512px.png","width":512,"height":512,"caption":"bon Optic Vertriebsgesellschaft mbH"},"image":{"@id":"https:\/\/bon.de\/#\/schema\/logo\/image\/"},"sameAs":["https:\/\/www.linkedin.com\/company\/bon-optic-vertriebsgesellschaft-mbh\/","https:\/\/www.youtube.com\/channel\/UCSURhENDItKaH88bvn8LlcA"]}]}},"_links":{"self":[{"href":"https:\/\/bon.de\/en\/wp-json\/wp\/v2\/product\/3958","targetHints":{"allow":["GET"]}}],"collection":[{"href":"https:\/\/bon.de\/en\/wp-json\/wp\/v2\/product"}],"about":[{"href":"https:\/\/bon.de\/en\/wp-json\/wp\/v2\/types\/product"}],"replies":[{"embeddable":true,"href":"https:\/\/bon.de\/en\/wp-json\/wp\/v2\/comments?post=3958"}],"wp:featuredmedia":[{"embeddable":true,"href":"https:\/\/bon.de\/en\/wp-json\/wp\/v2\/media\/3959"}],"wp:attachment":[{"href":"https:\/\/bon.de\/en\/wp-json\/wp\/v2\/media?parent=3958"}],"wp:term":[{"taxonomy":"product_manufacturers","embeddable":true,"href":"https:\/\/bon.de\/en\/wp-json\/wp\/v2\/product_manufacturers?post=3958"},{"taxonomy":"product_brand","embeddable":true,"href":"https:\/\/bon.de\/en\/wp-json\/wp\/v2\/product_brand?post=3958"},{"taxonomy":"product_cat","embeddable":true,"href":"https:\/\/bon.de\/en\/wp-json\/wp\/v2\/product_cat?post=3958"},{"taxonomy":"product_tag","embeddable":true,"href":"https:\/\/bon.de\/en\/wp-json\/wp\/v2\/product_tag?post=3958"}],"curies":[{"name":"wp","href":"https:\/\/api.w.org\/{rel}","templated":true}]}}