{"id":4040,"date":"2017-02-23T09:24:07","date_gmt":"2017-02-23T09:24:07","guid":{"rendered":"https:\/\/bon.de\/?post_type=product&#038;p=4040"},"modified":"2024-01-13T15:37:26","modified_gmt":"2024-01-13T14:37:26","slug":"rexxam-auto-lensmeter-dl-1000-with-printer-and-measuring-of-pd-aud-uv-transmission","status":"publish","type":"product","link":"https:\/\/bon.de\/en\/product\/rexxam-auto-lensmeter-dl-1000-with-printer-and-measuring-of-pd-aud-uv-transmission\/","title":{"rendered":"REXXAM auto lensmeter DL-1000 with printer and measuring of PD aud UV-transmission"},"content":{"rendered":"<h4>Der digitale automatische Scheitelbrechwertmesser REXXAM DL-1000 bietet Funktionalit\u00e4t, Design und Benutzerfreundlichkeit in h\u00f6chster Perfektion.<\/h4>\n<p>Seine optimierte optische Einheit und die neue, intuitive Software garantieren beste Benutzerfreundlichkeit. Gr\u00fcnes LED Licht sorgt dabei stets f\u00fcr h\u00f6chste Messgenauigkeit.<\/p>\n<h4>Design &amp; Stil der neuesten Generation<\/h4>\n<p>Der DL-1000 kombiniert attraktive Formen mit weichen Kurven und ansprechenden Farben in h\u00f6chster Qualit\u00e4t. Die zweifarbige Metall- und Perlmuttlackierung wertet jede Inneneinrichtung auf und vermittelt dem Kunden eine angenehme Atmosph\u00e4re.<\/p>\n<h4>Kompaktes Design<\/h4>\n<p>Der DL-1000 ist 20% schlanker als seine Vorg\u00e4ngermodelle und l\u00e4sst sich dadurch besonders platzsparend aufstellen &#8211; auch direkt an einer Wand.<\/p>\n<h4>Schnell &amp; bequem Messen<\/h4>\n<p>Der 5.7 Zoll Flachbildschirm bietet hervorragende grafische Darstellung. Er kann bis zu 60\u00b0 geneigt werden, so dass Sie den DL-900 sitzend als auch stehend komfortabel bedienen k\u00f6nnen.<\/p>\n<h4>Sensor Tasten<\/h4>\n<p>Die federleicht bedienbaren Tasten des DL-900 sind direkt unterhalb des Bildschirms angeordnet. Sie erlauben eine sehr feinf\u00fchlige und akkurate Benutzung des Scheitels.<\/p>\n<h4>Ergonomisch verbessert<\/h4>\n<p>Glashalter und Markierstifte sind ergonomisch in das Ger\u00e4t integriert. Die verbesserte Bedienbarkeit durch gek\u00fcrzte Spitzen der Stifte erm\u00f6glicht eine h\u00f6chst pr\u00e4zise Markierung.<\/p>\n<h4>Praktisches Ablagefach<\/h4>\n<p>Perfekt zum Verstauen von Papierrollen, Anzeichenstiften und Kontaktlinsenhalter.<\/p>\n<h4>Gr\u00fcnes LED Licht<\/h4>\n<p>Die Verwendung von gr\u00fcnem anstatt herk\u00f6mmlichen roten Lichts erm\u00f6glicht pr\u00e4zisere Messungen ohne Anpassung der Abbe Zahl<\/p>\n<h4>Benutzeroberfl\u00e4che mit hervorragender Darstellung<\/h4>\n<p>Der Status der Messung wird sehr leicht erkannt werden. Nach richtiger Zentrierung \u00e4ndert sich die Farbe des Fadenkreuzes. Nach der Messung ver\u00e4ndert sich die Farbe des Daten-Fensters.<\/p>\n<h4>Intuitiver Gleitsichtmodus<\/h4>\n<p>Die Bewegungen der Linse sind perfekt mit den Bewegungen auf dem Bildschirm verkn\u00fcpft. Das macht die Messung von Gleitsichtgl\u00e4sern schnell und einfach.<\/p>\n<h4>Mehr M\u00f6glichkeiten<\/h4>\n<p>Als Topmodell der Rexxam Scheitelserie bietet der DL-1000 zus\u00e4tzlich UV-Transmissionsmessung (0 &#8211; 100 %, Schittweite 5%) und PD Bestimmung (45 &#8211; 85mm, Schrittweite 0,5mm)..<\/p>\n<h4>Die Rexxam Scheitelbrechwertmesser-Familie<\/h4>\n<p>Die preisg\u00fcnstigeren Schwestermodelle des DL-1000 ohne UV-Messung und PD Bestimmung:<\/p>\n<p><b>&#8220;DL-800&#8221;<\/b> (ohne integrierten Drucker) und <b>&#8220;DL-900&#8221;<\/b><\/p>\n","protected":false},"excerpt":{"rendered":"<p>Der digitale automatische Scheitelbrechwertmesser REXXAM DL-1000 bietet Funktionalit\u00e4t, Design und Benutzerfreundlichkeit in h\u00f6chster Perfektion. Seine optimierte optische Einheit und die neue, intuitive Software garantieren beste Benutzerfreundlichkeit. Gr\u00fcnes LED Licht sorgt dabei stets f\u00fcr h\u00f6chste Messgenauigkeit. Design &amp; Stil der neuesten Generation Der DL-1000 kombiniert attraktive Formen mit weichen Kurven und ansprechenden Farben in h\u00f6chster Qualit\u00e4t. [&hellip;]<\/p>\n","protected":false},"featured_media":4041,"comment_status":"open","ping_status":"closed","template":"","meta":{"_acf_changed":false,"inline_featured_image":false},"product_manufacturers":[475],"product_brand":[],"product_cat":[281,283,375,377],"product_tag":[],"class_list":{"0":"post-4040","1":"product","2":"type-product","3":"status-publish","4":"has-post-thumbnail","6":"product_cat-lens-meters","7":"product_cat-auto-lens-meters","8":"product_cat-lens-meters-2","9":"product_cat-auto-lens-meters-2","11":"first","12":"outofstock","13":"taxable","14":"shipping-taxable","15":"product-type-simple"},"acf":[],"yoast_head":"<!-- This site is optimized with the Yoast SEO plugin v27.0 - https:\/\/yoast.com\/product\/yoast-seo-wordpress\/ -->\n<title>Digitaler Scheitelbrechwertmesser Rexxam DL-900<\/title>\n<meta name=\"description\" content=\"Der automatische digitale Scheitelbrechwertmesser Rexxam DL-900 bietet Funktionalit\u00e4t, Design und Benutzerfreundlichkeit in h\u00f6chster Perfektion.\" \/>\n<meta name=\"robots\" content=\"index, follow, max-snippet:-1, max-image-preview:large, max-video-preview:-1\" \/>\n<link rel=\"canonical\" href=\"https:\/\/bon.de\/en\/product\/rexxam-auto-lensmeter-dl-1000-with-printer-and-measuring-of-pd-aud-uv-transmission\/\" \/>\n<meta property=\"og:locale\" content=\"en_US\" \/>\n<meta property=\"og:type\" content=\"article\" \/>\n<meta property=\"og:title\" content=\"Digitaler Scheitelbrechwertmesser Rexxam DL-900\" \/>\n<meta property=\"og:description\" content=\"Der automatische digitale Scheitelbrechwertmesser Rexxam DL-900 bietet Funktionalit\u00e4t, Design und Benutzerfreundlichkeit in h\u00f6chster Perfektion.\" \/>\n<meta property=\"og:url\" content=\"https:\/\/bon.de\/en\/product\/rexxam-auto-lensmeter-dl-1000-with-printer-and-measuring-of-pd-aud-uv-transmission\/\" \/>\n<meta property=\"og:site_name\" content=\"bon Optic - Partner auf Augenh\u00f6he\" \/>\n<meta property=\"article:modified_time\" content=\"2024-01-13T14:37:26+00:00\" \/>\n<meta property=\"og:image\" content=\"https:\/\/bon.de\/wp-content\/uploads\/2017\/02\/products-dl-900_frei_1-1.jpg\" \/>\n\t<meta property=\"og:image:width\" content=\"525\" \/>\n\t<meta property=\"og:image:height\" content=\"991\" \/>\n\t<meta property=\"og:image:type\" content=\"image\/jpeg\" \/>\n<meta name=\"twitter:card\" content=\"summary_large_image\" \/>\n<meta name=\"twitter:label1\" content=\"Est. reading time\" \/>\n\t<meta name=\"twitter:data1\" content=\"2 minutes\" \/>\n<script type=\"application\/ld+json\" class=\"yoast-schema-graph\">{\"@context\":\"https:\/\/schema.org\",\"@graph\":[{\"@type\":\"WebPage\",\"@id\":\"https:\/\/bon.de\/en\/product\/rexxam-auto-lensmeter-dl-1000-with-printer-and-measuring-of-pd-aud-uv-transmission\/\",\"url\":\"https:\/\/bon.de\/en\/product\/rexxam-auto-lensmeter-dl-1000-with-printer-and-measuring-of-pd-aud-uv-transmission\/\",\"name\":\"Digitaler Scheitelbrechwertmesser Rexxam DL-900\",\"isPartOf\":{\"@id\":\"https:\/\/bon.de\/#website\"},\"primaryImageOfPage\":{\"@id\":\"https:\/\/bon.de\/en\/product\/rexxam-auto-lensmeter-dl-1000-with-printer-and-measuring-of-pd-aud-uv-transmission\/#primaryimage\"},\"image\":{\"@id\":\"https:\/\/bon.de\/en\/product\/rexxam-auto-lensmeter-dl-1000-with-printer-and-measuring-of-pd-aud-uv-transmission\/#primaryimage\"},\"thumbnailUrl\":\"https:\/\/bon.de\/wp-content\/uploads\/2017\/02\/products-dl-900_frei_1-1.jpg\",\"datePublished\":\"2017-02-23T09:24:07+00:00\",\"dateModified\":\"2024-01-13T14:37:26+00:00\",\"description\":\"Der automatische digitale Scheitelbrechwertmesser Rexxam DL-900 bietet Funktionalit\u00e4t, Design und Benutzerfreundlichkeit in h\u00f6chster Perfektion.\",\"breadcrumb\":{\"@id\":\"https:\/\/bon.de\/en\/product\/rexxam-auto-lensmeter-dl-1000-with-printer-and-measuring-of-pd-aud-uv-transmission\/#breadcrumb\"},\"inLanguage\":\"en-US\",\"potentialAction\":[{\"@type\":\"ReadAction\",\"target\":[\"https:\/\/bon.de\/en\/product\/rexxam-auto-lensmeter-dl-1000-with-printer-and-measuring-of-pd-aud-uv-transmission\/\"]}]},{\"@type\":\"ImageObject\",\"inLanguage\":\"en-US\",\"@id\":\"https:\/\/bon.de\/en\/product\/rexxam-auto-lensmeter-dl-1000-with-printer-and-measuring-of-pd-aud-uv-transmission\/#primaryimage\",\"url\":\"https:\/\/bon.de\/wp-content\/uploads\/2017\/02\/products-dl-900_frei_1-1.jpg\",\"contentUrl\":\"https:\/\/bon.de\/wp-content\/uploads\/2017\/02\/products-dl-900_frei_1-1.jpg\",\"width\":525,\"height\":991,\"caption\":\"Digitaler Scheitelbrechwertmesser Shin-Nippon DL-1000\"},{\"@type\":\"BreadcrumbList\",\"@id\":\"https:\/\/bon.de\/en\/product\/rexxam-auto-lensmeter-dl-1000-with-printer-and-measuring-of-pd-aud-uv-transmission\/#breadcrumb\",\"itemListElement\":[{\"@type\":\"ListItem\",\"position\":1,\"name\":\"Home\",\"item\":\"https:\/\/bon.de\/en\/\"},{\"@type\":\"ListItem\",\"position\":2,\"name\":\"Shop\",\"item\":\"https:\/\/bon.de\/en\/shop-2-2\/\"},{\"@type\":\"ListItem\",\"position\":3,\"name\":\"REXXAM auto lensmeter DL-1000 with printer and measuring of PD aud UV-transmission\"}]},{\"@type\":\"WebSite\",\"@id\":\"https:\/\/bon.de\/#website\",\"url\":\"https:\/\/bon.de\/\",\"name\":\"bon Optic - Partner auf Augenh\u00f6he\",\"description\":\"\",\"publisher\":{\"@id\":\"https:\/\/bon.de\/#organization\"},\"potentialAction\":[{\"@type\":\"SearchAction\",\"target\":{\"@type\":\"EntryPoint\",\"urlTemplate\":\"https:\/\/bon.de\/?s={search_term_string}\"},\"query-input\":{\"@type\":\"PropertyValueSpecification\",\"valueRequired\":true,\"valueName\":\"search_term_string\"}}],\"inLanguage\":\"en-US\"},{\"@type\":\"Organization\",\"@id\":\"https:\/\/bon.de\/#organization\",\"name\":\"bon Optic Vertriebsgesellschaft mbH\",\"url\":\"https:\/\/bon.de\/\",\"logo\":{\"@type\":\"ImageObject\",\"inLanguage\":\"en-US\",\"@id\":\"https:\/\/bon.de\/#\/schema\/logo\/image\/\",\"url\":\"https:\/\/bon.de\/wp-content\/uploads\/2021\/06\/bon-Logo_512x512px.png\",\"contentUrl\":\"https:\/\/bon.de\/wp-content\/uploads\/2021\/06\/bon-Logo_512x512px.png\",\"width\":512,\"height\":512,\"caption\":\"bon Optic Vertriebsgesellschaft mbH\"},\"image\":{\"@id\":\"https:\/\/bon.de\/#\/schema\/logo\/image\/\"},\"sameAs\":[\"https:\/\/www.linkedin.com\/company\/bon-optic-vertriebsgesellschaft-mbh\/\",\"https:\/\/www.youtube.com\/channel\/UCSURhENDItKaH88bvn8LlcA\"]}]}<\/script>\n<!-- \/ Yoast SEO plugin. -->","yoast_head_json":{"title":"Digitaler Scheitelbrechwertmesser Rexxam DL-900","description":"Der automatische digitale Scheitelbrechwertmesser Rexxam DL-900 bietet Funktionalit\u00e4t, Design und Benutzerfreundlichkeit in h\u00f6chster Perfektion.","robots":{"index":"index","follow":"follow","max-snippet":"max-snippet:-1","max-image-preview":"max-image-preview:large","max-video-preview":"max-video-preview:-1"},"canonical":"https:\/\/bon.de\/en\/product\/rexxam-auto-lensmeter-dl-1000-with-printer-and-measuring-of-pd-aud-uv-transmission\/","og_locale":"en_US","og_type":"article","og_title":"Digitaler Scheitelbrechwertmesser Rexxam DL-900","og_description":"Der automatische digitale Scheitelbrechwertmesser Rexxam DL-900 bietet Funktionalit\u00e4t, Design und Benutzerfreundlichkeit in h\u00f6chster Perfektion.","og_url":"https:\/\/bon.de\/en\/product\/rexxam-auto-lensmeter-dl-1000-with-printer-and-measuring-of-pd-aud-uv-transmission\/","og_site_name":"bon Optic - Partner auf Augenh\u00f6he","article_modified_time":"2024-01-13T14:37:26+00:00","og_image":[{"width":525,"height":991,"url":"https:\/\/bon.de\/wp-content\/uploads\/2017\/02\/products-dl-900_frei_1-1.jpg","type":"image\/jpeg"}],"twitter_card":"summary_large_image","twitter_misc":{"Est. reading time":"2 minutes"},"schema":{"@context":"https:\/\/schema.org","@graph":[{"@type":"WebPage","@id":"https:\/\/bon.de\/en\/product\/rexxam-auto-lensmeter-dl-1000-with-printer-and-measuring-of-pd-aud-uv-transmission\/","url":"https:\/\/bon.de\/en\/product\/rexxam-auto-lensmeter-dl-1000-with-printer-and-measuring-of-pd-aud-uv-transmission\/","name":"Digitaler Scheitelbrechwertmesser Rexxam DL-900","isPartOf":{"@id":"https:\/\/bon.de\/#website"},"primaryImageOfPage":{"@id":"https:\/\/bon.de\/en\/product\/rexxam-auto-lensmeter-dl-1000-with-printer-and-measuring-of-pd-aud-uv-transmission\/#primaryimage"},"image":{"@id":"https:\/\/bon.de\/en\/product\/rexxam-auto-lensmeter-dl-1000-with-printer-and-measuring-of-pd-aud-uv-transmission\/#primaryimage"},"thumbnailUrl":"https:\/\/bon.de\/wp-content\/uploads\/2017\/02\/products-dl-900_frei_1-1.jpg","datePublished":"2017-02-23T09:24:07+00:00","dateModified":"2024-01-13T14:37:26+00:00","description":"Der automatische digitale Scheitelbrechwertmesser Rexxam DL-900 bietet Funktionalit\u00e4t, Design und Benutzerfreundlichkeit in h\u00f6chster Perfektion.","breadcrumb":{"@id":"https:\/\/bon.de\/en\/product\/rexxam-auto-lensmeter-dl-1000-with-printer-and-measuring-of-pd-aud-uv-transmission\/#breadcrumb"},"inLanguage":"en-US","potentialAction":[{"@type":"ReadAction","target":["https:\/\/bon.de\/en\/product\/rexxam-auto-lensmeter-dl-1000-with-printer-and-measuring-of-pd-aud-uv-transmission\/"]}]},{"@type":"ImageObject","inLanguage":"en-US","@id":"https:\/\/bon.de\/en\/product\/rexxam-auto-lensmeter-dl-1000-with-printer-and-measuring-of-pd-aud-uv-transmission\/#primaryimage","url":"https:\/\/bon.de\/wp-content\/uploads\/2017\/02\/products-dl-900_frei_1-1.jpg","contentUrl":"https:\/\/bon.de\/wp-content\/uploads\/2017\/02\/products-dl-900_frei_1-1.jpg","width":525,"height":991,"caption":"Digitaler Scheitelbrechwertmesser Shin-Nippon DL-1000"},{"@type":"BreadcrumbList","@id":"https:\/\/bon.de\/en\/product\/rexxam-auto-lensmeter-dl-1000-with-printer-and-measuring-of-pd-aud-uv-transmission\/#breadcrumb","itemListElement":[{"@type":"ListItem","position":1,"name":"Home","item":"https:\/\/bon.de\/en\/"},{"@type":"ListItem","position":2,"name":"Shop","item":"https:\/\/bon.de\/en\/shop-2-2\/"},{"@type":"ListItem","position":3,"name":"REXXAM auto lensmeter DL-1000 with printer and measuring of PD aud UV-transmission"}]},{"@type":"WebSite","@id":"https:\/\/bon.de\/#website","url":"https:\/\/bon.de\/","name":"bon Optic - Partner auf Augenh\u00f6he","description":"","publisher":{"@id":"https:\/\/bon.de\/#organization"},"potentialAction":[{"@type":"SearchAction","target":{"@type":"EntryPoint","urlTemplate":"https:\/\/bon.de\/?s={search_term_string}"},"query-input":{"@type":"PropertyValueSpecification","valueRequired":true,"valueName":"search_term_string"}}],"inLanguage":"en-US"},{"@type":"Organization","@id":"https:\/\/bon.de\/#organization","name":"bon Optic Vertriebsgesellschaft mbH","url":"https:\/\/bon.de\/","logo":{"@type":"ImageObject","inLanguage":"en-US","@id":"https:\/\/bon.de\/#\/schema\/logo\/image\/","url":"https:\/\/bon.de\/wp-content\/uploads\/2021\/06\/bon-Logo_512x512px.png","contentUrl":"https:\/\/bon.de\/wp-content\/uploads\/2021\/06\/bon-Logo_512x512px.png","width":512,"height":512,"caption":"bon Optic Vertriebsgesellschaft mbH"},"image":{"@id":"https:\/\/bon.de\/#\/schema\/logo\/image\/"},"sameAs":["https:\/\/www.linkedin.com\/company\/bon-optic-vertriebsgesellschaft-mbh\/","https:\/\/www.youtube.com\/channel\/UCSURhENDItKaH88bvn8LlcA"]}]}},"_links":{"self":[{"href":"https:\/\/bon.de\/en\/wp-json\/wp\/v2\/product\/4040","targetHints":{"allow":["GET"]}}],"collection":[{"href":"https:\/\/bon.de\/en\/wp-json\/wp\/v2\/product"}],"about":[{"href":"https:\/\/bon.de\/en\/wp-json\/wp\/v2\/types\/product"}],"replies":[{"embeddable":true,"href":"https:\/\/bon.de\/en\/wp-json\/wp\/v2\/comments?post=4040"}],"wp:featuredmedia":[{"embeddable":true,"href":"https:\/\/bon.de\/en\/wp-json\/wp\/v2\/media\/4041"}],"wp:attachment":[{"href":"https:\/\/bon.de\/en\/wp-json\/wp\/v2\/media?parent=4040"}],"wp:term":[{"taxonomy":"product_manufacturers","embeddable":true,"href":"https:\/\/bon.de\/en\/wp-json\/wp\/v2\/product_manufacturers?post=4040"},{"taxonomy":"product_brand","embeddable":true,"href":"https:\/\/bon.de\/en\/wp-json\/wp\/v2\/product_brand?post=4040"},{"taxonomy":"product_cat","embeddable":true,"href":"https:\/\/bon.de\/en\/wp-json\/wp\/v2\/product_cat?post=4040"},{"taxonomy":"product_tag","embeddable":true,"href":"https:\/\/bon.de\/en\/wp-json\/wp\/v2\/product_tag?post=4040"}],"curies":[{"name":"wp","href":"https:\/\/api.w.org\/{rel}","templated":true}]}}