{"id":4144,"date":"2018-06-01T10:04:00","date_gmt":"2018-06-01T10:04:00","guid":{"rendered":"https:\/\/bon.de\/?post_type=product&#038;p=4144"},"modified":"2021-01-27T11:19:23","modified_gmt":"2021-01-27T11:19:23","slug":"vela-medical-basic-fahrbarer-patientenstuhl-mit-elektrischer-hohenverstellung-2","status":"publish","type":"product","link":"https:\/\/bon.de\/en\/product\/vela-medical-basic-fahrbarer-patientenstuhl-mit-elektrischer-hohenverstellung-2\/","title":{"rendered":"VELA Medical &#8220;Basic+&#8221; fahrbarer Patientenstuhl mit elektrischer H\u00f6henverstellung"},"content":{"rendered":"<p>Der Ophthalmologiestuhl VELA &#8220;Basic+&#8221; ist optimal f\u00fcr jede Augenuntersuchung, bei der ein sicher und stabil sitzender Patient die Voraussetzung f\u00fcr eine korrekte Untersuchung und perfekte Aufnahmen ist.<\/p>\n<li>Optimale Patientenpositionierung dank feinjustierbarer elektrischer H\u00f6henverstellung f\u00fcr eine schnelle und sichere Anpassung der Stuhlh\u00f6he an jedes Ger\u00e4t\n<li>Schnelle Positionierung des Patienten auf einem sicheren, fixierten Sitz sowie effektive und einfache Anpassung an die Ger\u00e4te\n<li>Optimale Mitarbeiterergonomie und Vermeidung vorgebeugter K\u00f6rperhaltung dank Fu\u00dfbremse und feststellbarer Rollen\n<li>Das eigenst\u00e4ndige Hinsetzen und Aufstehen des Patienten wird durch die Armlehnen und den stabilen Halt des Stuhls erleichtert\n<li>Armlehnen und Feststellbremse erleichtern dem Patienten das Hinsetzen und Aufstehen\n<li>Elektrische H\u00f6henverstellung f\u00fcr schnelle und korrekte Positionierung des Patienten an den Ger\u00e4ten\n<li>Einfaches Verschieben des Stuhls zwischen den Untersuchungsger\u00e4ten dank Leichtlaufrollen\n<li>Leichte Fixierung des Stuhls mittels Fu\u00dfbremse zur Gew\u00e4hrleistung eines sicher und stabil sitzenden Patienten\n<p>Die Standardfarbe f\u00fcr den Stuhlbezug ist <b>Anthrazit<\/b>. Andere Farben sind auf Anfrage erh\u00e4ltlich.<\/p>\n<p>CE-Kennzeichnung: Der Stuhl hat eine CE-Kennzeichnung gem\u00e4\u00df der medizinischen Richtlinie MDD 93\/42\/EEC erhalten, was bedeutet, dass er s\u00e4mtlichen europ\u00e4ischen Sicherheitsanforderungen entspricht.<\/p>\n<p>EMV-Test: Die elektronischen Funktionen des Stuhls wurden gem\u00e4\u00df der neuesten Anforderungen an die elektromagnetische Vertr\u00e4glichkeit (EMV) getestet und \u2013 sowohl in Hinsicht auf die Strahlung als auch auf die Anf\u00e4lligkeit \u2013 zugelassen. Der Stuhl kann somit sicher mit s\u00e4mtlichen elektronischen Ger\u00e4ten, inklusive Herzschrittmachern und Smartphones, verwendet werden.<\/p>\n","protected":false},"excerpt":{"rendered":"<p>Der Ophthalmologiestuhl VELA &#8220;Basic+&#8221; ist optimal f\u00fcr jede Augenuntersuchung, bei der ein sicher und stabil sitzender Patient die Voraussetzung f\u00fcr eine korrekte Untersuchung und perfekte Aufnahmen ist. Optimale Patientenpositionierung dank feinjustierbarer elektrischer H\u00f6henverstellung f\u00fcr eine schnelle und sichere Anpassung der Stuhlh\u00f6he an jedes Ger\u00e4t Schnelle Positionierung des Patienten auf einem sicheren, fixierten Sitz sowie effektive [&hellip;]<\/p>\n","protected":false},"featured_media":4145,"comment_status":"open","ping_status":"closed","template":"","meta":{"_acf_changed":false,"inline_featured_image":false},"product_manufacturers":[471],"product_brand":[],"product_cat":[107,123],"product_tag":[],"class_list":{"0":"post-4144","1":"product","2":"type-product","3":"status-publish","4":"has-post-thumbnail","6":"product_cat-furniture","7":"product_cat-patient-chairs","9":"first","10":"instock","11":"taxable","12":"shipping-taxable","13":"product-type-simple"},"acf":[],"yoast_head":"<!-- This site is optimized with the Yoast SEO plugin v27.0 - https:\/\/yoast.com\/product\/yoast-seo-wordpress\/ -->\n<title>mobiler Patientenstuhl Vela Basic+ mit elektrischer H\u00f6henverstellung<\/title>\n<meta name=\"description\" content=\"Die mobilen Patientenst\u00fchle von VELA aus D\u00e4nemark bieten elektrische H\u00f6henverstellung und gr\u00f6\u00dfte Flexibilit\u00e4t.\" \/>\n<meta name=\"robots\" content=\"index, follow, max-snippet:-1, max-image-preview:large, max-video-preview:-1\" \/>\n<link rel=\"canonical\" href=\"https:\/\/bon.de\/en\/product\/vela-medical-basic-fahrbarer-patientenstuhl-mit-elektrischer-hohenverstellung-2\/\" \/>\n<meta property=\"og:locale\" content=\"en_US\" \/>\n<meta property=\"og:type\" content=\"article\" \/>\n<meta property=\"og:title\" content=\"mobiler Patientenstuhl Vela Basic+ mit elektrischer H\u00f6henverstellung\" \/>\n<meta property=\"og:description\" content=\"Die mobilen Patientenst\u00fchle von VELA aus D\u00e4nemark bieten elektrische H\u00f6henverstellung und gr\u00f6\u00dfte Flexibilit\u00e4t.\" \/>\n<meta property=\"og:url\" content=\"https:\/\/bon.de\/en\/product\/vela-medical-basic-fahrbarer-patientenstuhl-mit-elektrischer-hohenverstellung-2\/\" \/>\n<meta property=\"og:site_name\" content=\"bon Optic - Partner auf Augenh\u00f6he\" \/>\n<meta property=\"article:modified_time\" content=\"2021-01-27T11:19:23+00:00\" \/>\n<meta property=\"og:image\" content=\"https:\/\/bon.de\/wp-content\/uploads\/2021\/01\/products-untitled-5_3-1.jpg\" \/>\n\t<meta property=\"og:image:width\" content=\"623\" \/>\n\t<meta property=\"og:image:height\" content=\"900\" \/>\n\t<meta property=\"og:image:type\" content=\"image\/jpeg\" \/>\n<meta name=\"twitter:card\" content=\"summary_large_image\" \/>\n<meta name=\"twitter:label1\" content=\"Est. reading time\" \/>\n\t<meta name=\"twitter:data1\" content=\"1 minute\" \/>\n<script type=\"application\/ld+json\" class=\"yoast-schema-graph\">{\"@context\":\"https:\/\/schema.org\",\"@graph\":[{\"@type\":\"WebPage\",\"@id\":\"https:\/\/bon.de\/en\/product\/vela-medical-basic-fahrbarer-patientenstuhl-mit-elektrischer-hohenverstellung-2\/\",\"url\":\"https:\/\/bon.de\/en\/product\/vela-medical-basic-fahrbarer-patientenstuhl-mit-elektrischer-hohenverstellung-2\/\",\"name\":\"mobiler Patientenstuhl Vela Basic+ mit elektrischer H\u00f6henverstellung\",\"isPartOf\":{\"@id\":\"https:\/\/bon.de\/#website\"},\"primaryImageOfPage\":{\"@id\":\"https:\/\/bon.de\/en\/product\/vela-medical-basic-fahrbarer-patientenstuhl-mit-elektrischer-hohenverstellung-2\/#primaryimage\"},\"image\":{\"@id\":\"https:\/\/bon.de\/en\/product\/vela-medical-basic-fahrbarer-patientenstuhl-mit-elektrischer-hohenverstellung-2\/#primaryimage\"},\"thumbnailUrl\":\"https:\/\/bon.de\/wp-content\/uploads\/2021\/01\/products-untitled-5_3-1.jpg\",\"datePublished\":\"2018-06-01T10:04:00+00:00\",\"dateModified\":\"2021-01-27T11:19:23+00:00\",\"description\":\"Die mobilen Patientenst\u00fchle von VELA aus D\u00e4nemark bieten elektrische H\u00f6henverstellung und gr\u00f6\u00dfte Flexibilit\u00e4t.\",\"breadcrumb\":{\"@id\":\"https:\/\/bon.de\/en\/product\/vela-medical-basic-fahrbarer-patientenstuhl-mit-elektrischer-hohenverstellung-2\/#breadcrumb\"},\"inLanguage\":\"en-US\",\"potentialAction\":[{\"@type\":\"ReadAction\",\"target\":[\"https:\/\/bon.de\/en\/product\/vela-medical-basic-fahrbarer-patientenstuhl-mit-elektrischer-hohenverstellung-2\/\"]}]},{\"@type\":\"ImageObject\",\"inLanguage\":\"en-US\",\"@id\":\"https:\/\/bon.de\/en\/product\/vela-medical-basic-fahrbarer-patientenstuhl-mit-elektrischer-hohenverstellung-2\/#primaryimage\",\"url\":\"https:\/\/bon.de\/wp-content\/uploads\/2021\/01\/products-untitled-5_3-1.jpg\",\"contentUrl\":\"https:\/\/bon.de\/wp-content\/uploads\/2021\/01\/products-untitled-5_3-1.jpg\",\"width\":623,\"height\":900,\"caption\":\"fahrbarer Patientenstuhl VELA \\\"Basic+\\\" mit elektrischer H\u00f6henverstellung\"},{\"@type\":\"BreadcrumbList\",\"@id\":\"https:\/\/bon.de\/en\/product\/vela-medical-basic-fahrbarer-patientenstuhl-mit-elektrischer-hohenverstellung-2\/#breadcrumb\",\"itemListElement\":[{\"@type\":\"ListItem\",\"position\":1,\"name\":\"Home\",\"item\":\"https:\/\/bon.de\/en\/\"},{\"@type\":\"ListItem\",\"position\":2,\"name\":\"Shop\",\"item\":\"https:\/\/bon.de\/en\/shop-2-2\/\"},{\"@type\":\"ListItem\",\"position\":3,\"name\":\"VELA Medical &#8220;Basic+&#8221; fahrbarer Patientenstuhl mit elektrischer H\u00f6henverstellung\"}]},{\"@type\":\"WebSite\",\"@id\":\"https:\/\/bon.de\/#website\",\"url\":\"https:\/\/bon.de\/\",\"name\":\"bon Optic - Partner auf Augenh\u00f6he\",\"description\":\"\",\"publisher\":{\"@id\":\"https:\/\/bon.de\/#organization\"},\"potentialAction\":[{\"@type\":\"SearchAction\",\"target\":{\"@type\":\"EntryPoint\",\"urlTemplate\":\"https:\/\/bon.de\/?s={search_term_string}\"},\"query-input\":{\"@type\":\"PropertyValueSpecification\",\"valueRequired\":true,\"valueName\":\"search_term_string\"}}],\"inLanguage\":\"en-US\"},{\"@type\":\"Organization\",\"@id\":\"https:\/\/bon.de\/#organization\",\"name\":\"bon Optic Vertriebsgesellschaft mbH\",\"url\":\"https:\/\/bon.de\/\",\"logo\":{\"@type\":\"ImageObject\",\"inLanguage\":\"en-US\",\"@id\":\"https:\/\/bon.de\/#\/schema\/logo\/image\/\",\"url\":\"https:\/\/bon.de\/wp-content\/uploads\/2021\/06\/bon-Logo_512x512px.png\",\"contentUrl\":\"https:\/\/bon.de\/wp-content\/uploads\/2021\/06\/bon-Logo_512x512px.png\",\"width\":512,\"height\":512,\"caption\":\"bon Optic Vertriebsgesellschaft mbH\"},\"image\":{\"@id\":\"https:\/\/bon.de\/#\/schema\/logo\/image\/\"},\"sameAs\":[\"https:\/\/www.linkedin.com\/company\/bon-optic-vertriebsgesellschaft-mbh\/\",\"https:\/\/www.youtube.com\/channel\/UCSURhENDItKaH88bvn8LlcA\"]}]}<\/script>\n<!-- \/ Yoast SEO plugin. -->","yoast_head_json":{"title":"mobiler Patientenstuhl Vela Basic+ mit elektrischer H\u00f6henverstellung","description":"Die mobilen Patientenst\u00fchle von VELA aus D\u00e4nemark bieten elektrische H\u00f6henverstellung und gr\u00f6\u00dfte Flexibilit\u00e4t.","robots":{"index":"index","follow":"follow","max-snippet":"max-snippet:-1","max-image-preview":"max-image-preview:large","max-video-preview":"max-video-preview:-1"},"canonical":"https:\/\/bon.de\/en\/product\/vela-medical-basic-fahrbarer-patientenstuhl-mit-elektrischer-hohenverstellung-2\/","og_locale":"en_US","og_type":"article","og_title":"mobiler Patientenstuhl Vela Basic+ mit elektrischer H\u00f6henverstellung","og_description":"Die mobilen Patientenst\u00fchle von VELA aus D\u00e4nemark bieten elektrische H\u00f6henverstellung und gr\u00f6\u00dfte Flexibilit\u00e4t.","og_url":"https:\/\/bon.de\/en\/product\/vela-medical-basic-fahrbarer-patientenstuhl-mit-elektrischer-hohenverstellung-2\/","og_site_name":"bon Optic - Partner auf Augenh\u00f6he","article_modified_time":"2021-01-27T11:19:23+00:00","og_image":[{"width":623,"height":900,"url":"https:\/\/bon.de\/wp-content\/uploads\/2021\/01\/products-untitled-5_3-1.jpg","type":"image\/jpeg"}],"twitter_card":"summary_large_image","twitter_misc":{"Est. reading time":"1 minute"},"schema":{"@context":"https:\/\/schema.org","@graph":[{"@type":"WebPage","@id":"https:\/\/bon.de\/en\/product\/vela-medical-basic-fahrbarer-patientenstuhl-mit-elektrischer-hohenverstellung-2\/","url":"https:\/\/bon.de\/en\/product\/vela-medical-basic-fahrbarer-patientenstuhl-mit-elektrischer-hohenverstellung-2\/","name":"mobiler Patientenstuhl Vela Basic+ mit elektrischer H\u00f6henverstellung","isPartOf":{"@id":"https:\/\/bon.de\/#website"},"primaryImageOfPage":{"@id":"https:\/\/bon.de\/en\/product\/vela-medical-basic-fahrbarer-patientenstuhl-mit-elektrischer-hohenverstellung-2\/#primaryimage"},"image":{"@id":"https:\/\/bon.de\/en\/product\/vela-medical-basic-fahrbarer-patientenstuhl-mit-elektrischer-hohenverstellung-2\/#primaryimage"},"thumbnailUrl":"https:\/\/bon.de\/wp-content\/uploads\/2021\/01\/products-untitled-5_3-1.jpg","datePublished":"2018-06-01T10:04:00+00:00","dateModified":"2021-01-27T11:19:23+00:00","description":"Die mobilen Patientenst\u00fchle von VELA aus D\u00e4nemark bieten elektrische H\u00f6henverstellung und gr\u00f6\u00dfte Flexibilit\u00e4t.","breadcrumb":{"@id":"https:\/\/bon.de\/en\/product\/vela-medical-basic-fahrbarer-patientenstuhl-mit-elektrischer-hohenverstellung-2\/#breadcrumb"},"inLanguage":"en-US","potentialAction":[{"@type":"ReadAction","target":["https:\/\/bon.de\/en\/product\/vela-medical-basic-fahrbarer-patientenstuhl-mit-elektrischer-hohenverstellung-2\/"]}]},{"@type":"ImageObject","inLanguage":"en-US","@id":"https:\/\/bon.de\/en\/product\/vela-medical-basic-fahrbarer-patientenstuhl-mit-elektrischer-hohenverstellung-2\/#primaryimage","url":"https:\/\/bon.de\/wp-content\/uploads\/2021\/01\/products-untitled-5_3-1.jpg","contentUrl":"https:\/\/bon.de\/wp-content\/uploads\/2021\/01\/products-untitled-5_3-1.jpg","width":623,"height":900,"caption":"fahrbarer Patientenstuhl VELA \"Basic+\" mit elektrischer H\u00f6henverstellung"},{"@type":"BreadcrumbList","@id":"https:\/\/bon.de\/en\/product\/vela-medical-basic-fahrbarer-patientenstuhl-mit-elektrischer-hohenverstellung-2\/#breadcrumb","itemListElement":[{"@type":"ListItem","position":1,"name":"Home","item":"https:\/\/bon.de\/en\/"},{"@type":"ListItem","position":2,"name":"Shop","item":"https:\/\/bon.de\/en\/shop-2-2\/"},{"@type":"ListItem","position":3,"name":"VELA Medical &#8220;Basic+&#8221; fahrbarer Patientenstuhl mit elektrischer H\u00f6henverstellung"}]},{"@type":"WebSite","@id":"https:\/\/bon.de\/#website","url":"https:\/\/bon.de\/","name":"bon Optic - Partner auf Augenh\u00f6he","description":"","publisher":{"@id":"https:\/\/bon.de\/#organization"},"potentialAction":[{"@type":"SearchAction","target":{"@type":"EntryPoint","urlTemplate":"https:\/\/bon.de\/?s={search_term_string}"},"query-input":{"@type":"PropertyValueSpecification","valueRequired":true,"valueName":"search_term_string"}}],"inLanguage":"en-US"},{"@type":"Organization","@id":"https:\/\/bon.de\/#organization","name":"bon Optic Vertriebsgesellschaft mbH","url":"https:\/\/bon.de\/","logo":{"@type":"ImageObject","inLanguage":"en-US","@id":"https:\/\/bon.de\/#\/schema\/logo\/image\/","url":"https:\/\/bon.de\/wp-content\/uploads\/2021\/06\/bon-Logo_512x512px.png","contentUrl":"https:\/\/bon.de\/wp-content\/uploads\/2021\/06\/bon-Logo_512x512px.png","width":512,"height":512,"caption":"bon Optic Vertriebsgesellschaft mbH"},"image":{"@id":"https:\/\/bon.de\/#\/schema\/logo\/image\/"},"sameAs":["https:\/\/www.linkedin.com\/company\/bon-optic-vertriebsgesellschaft-mbh\/","https:\/\/www.youtube.com\/channel\/UCSURhENDItKaH88bvn8LlcA"]}]}},"_links":{"self":[{"href":"https:\/\/bon.de\/en\/wp-json\/wp\/v2\/product\/4144","targetHints":{"allow":["GET"]}}],"collection":[{"href":"https:\/\/bon.de\/en\/wp-json\/wp\/v2\/product"}],"about":[{"href":"https:\/\/bon.de\/en\/wp-json\/wp\/v2\/types\/product"}],"replies":[{"embeddable":true,"href":"https:\/\/bon.de\/en\/wp-json\/wp\/v2\/comments?post=4144"}],"wp:featuredmedia":[{"embeddable":true,"href":"https:\/\/bon.de\/en\/wp-json\/wp\/v2\/media\/4145"}],"wp:attachment":[{"href":"https:\/\/bon.de\/en\/wp-json\/wp\/v2\/media?parent=4144"}],"wp:term":[{"taxonomy":"product_manufacturers","embeddable":true,"href":"https:\/\/bon.de\/en\/wp-json\/wp\/v2\/product_manufacturers?post=4144"},{"taxonomy":"product_brand","embeddable":true,"href":"https:\/\/bon.de\/en\/wp-json\/wp\/v2\/product_brand?post=4144"},{"taxonomy":"product_cat","embeddable":true,"href":"https:\/\/bon.de\/en\/wp-json\/wp\/v2\/product_cat?post=4144"},{"taxonomy":"product_tag","embeddable":true,"href":"https:\/\/bon.de\/en\/wp-json\/wp\/v2\/product_tag?post=4144"}],"curies":[{"name":"wp","href":"https:\/\/api.w.org\/{rel}","templated":true}]}}