{"id":4319,"date":"2019-04-17T06:47:03","date_gmt":"2019-04-17T06:47:03","guid":{"rendered":"https:\/\/bon.de\/?post_type=product&#038;p=4319"},"modified":"2020-12-23T13:19:53","modified_gmt":"2020-12-23T13:19:53","slug":"24-zoll-sehzeichendisplay-rexxam-lcd-1000-ohne-polarisierte-stereoteste-2","status":"publish","type":"product","link":"https:\/\/bon.de\/en\/product\/24-zoll-sehzeichendisplay-rexxam-lcd-1000-ohne-polarisierte-stereoteste-2\/","title":{"rendered":"24 Zoll Sehzeichendisplay Rexxam LCD-1000 OHNE polarisierte Stereoteste"},"content":{"rendered":"<p>Das Sehzeichendisplay Rexxam  LCD-1000 bietet Ihnen verschiedenste Standard Optotypen, ETDRS Chart, Kontrasttest, Farbtest, Maddox (LED) und Vieles mehr. Es ist ideal f\u00fcr die schnelle, t\u00e4gliche Refraktion.<\/p>\n<p>Dieses Modell verzichtet im Gegensatz zum gro\u00dfen Schwestermodell LCD-1000P auf polarisierte Stereoteste, dadurch ist es preislich besonders interessant.<\/p>\n<li> hochwertiges 24 Zoll Full-HD Backlight TFT LED Display\n<li> zuverl\u00e4ssiges standalone System\n<li> Arbeitsentfernung 1 bis 8 Meter\n<li> koppelbar mit dem automatischen Phoropter &#8220;DR-900&#8221;\n<li> Lieferung inklusive IR-Fernbedienung und Wandhalterung\n<li> <b>gutachtentauglich<\/b> entsprechend ISO 8596 und DIN 58220 Teil 3<br \/>\n","protected":false},"excerpt":{"rendered":"<p>Das Sehzeichendisplay Rexxam LCD-1000 bietet Ihnen verschiedenste Standard Optotypen, ETDRS Chart, Kontrasttest, Farbtest, Maddox (LED) und Vieles mehr. Es ist ideal f\u00fcr die schnelle, t\u00e4gliche Refraktion. Dieses Modell verzichtet im Gegensatz zum gro\u00dfen Schwestermodell LCD-1000P auf polarisierte Stereoteste, dadurch ist es preislich besonders interessant. hochwertiges 24 Zoll Full-HD Backlight TFT LED Display zuverl\u00e4ssiges standalone System [&hellip;]<\/p>\n","protected":false},"featured_media":4320,"comment_status":"open","ping_status":"closed","template":"","meta":{"_acf_changed":false,"inline_featured_image":false},"product_manufacturers":[475],"product_brand":[],"product_cat":[113],"product_tag":[],"class_list":{"0":"post-4319","1":"product","2":"type-product","3":"status-publish","4":"has-post-thumbnail","6":"product_cat-refraction-2","8":"first","9":"instock","10":"taxable","11":"shipping-taxable","12":"product-type-simple"},"acf":[],"yoast_head":"<!-- This site is optimized with the Yoast SEO plugin v27.0 - https:\/\/yoast.com\/product\/yoast-seo-wordpress\/ -->\n<title>24 Zoll Sehzeichendisplay LCD-1000 P<\/title>\n<meta name=\"description\" content=\"Das Sehzeichendisplay Shin-Nippon by Rexxam LCD-1000P bietet Ihnen verschiedenste Standard Optotypen, polarisierte StereoTeste, ETDRS Chart, Kontrasttest, 3D Testbilder, Farbtest, Maddox (LED) und Vieles mehr.\" \/>\n<meta name=\"robots\" content=\"index, follow, max-snippet:-1, max-image-preview:large, max-video-preview:-1\" \/>\n<link rel=\"canonical\" href=\"https:\/\/bon.de\/en\/product\/24-zoll-sehzeichendisplay-rexxam-lcd-1000-ohne-polarisierte-stereoteste-2\/\" \/>\n<meta property=\"og:locale\" content=\"en_US\" \/>\n<meta property=\"og:type\" content=\"article\" \/>\n<meta property=\"og:title\" content=\"24 Zoll Sehzeichendisplay LCD-1000 P\" \/>\n<meta property=\"og:description\" content=\"Das Sehzeichendisplay Shin-Nippon by Rexxam LCD-1000P bietet Ihnen verschiedenste Standard Optotypen, polarisierte StereoTeste, ETDRS Chart, Kontrasttest, 3D Testbilder, Farbtest, Maddox (LED) und Vieles mehr.\" \/>\n<meta property=\"og:url\" content=\"https:\/\/bon.de\/en\/product\/24-zoll-sehzeichendisplay-rexxam-lcd-1000-ohne-polarisierte-stereoteste-2\/\" \/>\n<meta property=\"og:site_name\" content=\"bon Optic - Partner auf Augenh\u00f6he\" \/>\n<meta property=\"article:modified_time\" content=\"2020-12-23T13:19:53+00:00\" \/>\n<meta property=\"og:image\" content=\"https:\/\/bon.de\/wp-content\/uploads\/2019\/04\/products-1018051_1-1.jpg\" \/>\n\t<meta property=\"og:image:width\" content=\"1004\" \/>\n\t<meta property=\"og:image:height\" content=\"729\" \/>\n\t<meta property=\"og:image:type\" content=\"image\/jpeg\" \/>\n<meta name=\"twitter:card\" content=\"summary_large_image\" \/>\n<script type=\"application\/ld+json\" class=\"yoast-schema-graph\">{\"@context\":\"https:\/\/schema.org\",\"@graph\":[{\"@type\":\"WebPage\",\"@id\":\"https:\/\/bon.de\/en\/product\/24-zoll-sehzeichendisplay-rexxam-lcd-1000-ohne-polarisierte-stereoteste-2\/\",\"url\":\"https:\/\/bon.de\/en\/product\/24-zoll-sehzeichendisplay-rexxam-lcd-1000-ohne-polarisierte-stereoteste-2\/\",\"name\":\"24 Zoll Sehzeichendisplay LCD-1000 P\",\"isPartOf\":{\"@id\":\"https:\/\/bon.de\/#website\"},\"primaryImageOfPage\":{\"@id\":\"https:\/\/bon.de\/en\/product\/24-zoll-sehzeichendisplay-rexxam-lcd-1000-ohne-polarisierte-stereoteste-2\/#primaryimage\"},\"image\":{\"@id\":\"https:\/\/bon.de\/en\/product\/24-zoll-sehzeichendisplay-rexxam-lcd-1000-ohne-polarisierte-stereoteste-2\/#primaryimage\"},\"thumbnailUrl\":\"https:\/\/bon.de\/wp-content\/uploads\/2019\/04\/products-1018051_1-1.jpg\",\"datePublished\":\"2019-04-17T06:47:03+00:00\",\"dateModified\":\"2020-12-23T13:19:53+00:00\",\"description\":\"Das Sehzeichendisplay Shin-Nippon by Rexxam LCD-1000P bietet Ihnen verschiedenste Standard Optotypen, polarisierte StereoTeste, ETDRS Chart, Kontrasttest, 3D Testbilder, Farbtest, Maddox (LED) und Vieles mehr.\",\"breadcrumb\":{\"@id\":\"https:\/\/bon.de\/en\/product\/24-zoll-sehzeichendisplay-rexxam-lcd-1000-ohne-polarisierte-stereoteste-2\/#breadcrumb\"},\"inLanguage\":\"en-US\",\"potentialAction\":[{\"@type\":\"ReadAction\",\"target\":[\"https:\/\/bon.de\/en\/product\/24-zoll-sehzeichendisplay-rexxam-lcd-1000-ohne-polarisierte-stereoteste-2\/\"]}]},{\"@type\":\"ImageObject\",\"inLanguage\":\"en-US\",\"@id\":\"https:\/\/bon.de\/en\/product\/24-zoll-sehzeichendisplay-rexxam-lcd-1000-ohne-polarisierte-stereoteste-2\/#primaryimage\",\"url\":\"https:\/\/bon.de\/wp-content\/uploads\/2019\/04\/products-1018051_1-1.jpg\",\"contentUrl\":\"https:\/\/bon.de\/wp-content\/uploads\/2019\/04\/products-1018051_1-1.jpg\",\"width\":1004,\"height\":729,\"caption\":\"Sehzeichendisplay LCD-1000\"},{\"@type\":\"BreadcrumbList\",\"@id\":\"https:\/\/bon.de\/en\/product\/24-zoll-sehzeichendisplay-rexxam-lcd-1000-ohne-polarisierte-stereoteste-2\/#breadcrumb\",\"itemListElement\":[{\"@type\":\"ListItem\",\"position\":1,\"name\":\"Home\",\"item\":\"https:\/\/bon.de\/en\/\"},{\"@type\":\"ListItem\",\"position\":2,\"name\":\"Shop\",\"item\":\"https:\/\/bon.de\/en\/shop-2-2\/\"},{\"@type\":\"ListItem\",\"position\":3,\"name\":\"24 Zoll Sehzeichendisplay Rexxam LCD-1000 OHNE polarisierte Stereoteste\"}]},{\"@type\":\"WebSite\",\"@id\":\"https:\/\/bon.de\/#website\",\"url\":\"https:\/\/bon.de\/\",\"name\":\"bon Optic - Partner auf Augenh\u00f6he\",\"description\":\"\",\"publisher\":{\"@id\":\"https:\/\/bon.de\/#organization\"},\"potentialAction\":[{\"@type\":\"SearchAction\",\"target\":{\"@type\":\"EntryPoint\",\"urlTemplate\":\"https:\/\/bon.de\/?s={search_term_string}\"},\"query-input\":{\"@type\":\"PropertyValueSpecification\",\"valueRequired\":true,\"valueName\":\"search_term_string\"}}],\"inLanguage\":\"en-US\"},{\"@type\":\"Organization\",\"@id\":\"https:\/\/bon.de\/#organization\",\"name\":\"bon Optic Vertriebsgesellschaft mbH\",\"url\":\"https:\/\/bon.de\/\",\"logo\":{\"@type\":\"ImageObject\",\"inLanguage\":\"en-US\",\"@id\":\"https:\/\/bon.de\/#\/schema\/logo\/image\/\",\"url\":\"https:\/\/bon.de\/wp-content\/uploads\/2021\/06\/bon-Logo_512x512px.png\",\"contentUrl\":\"https:\/\/bon.de\/wp-content\/uploads\/2021\/06\/bon-Logo_512x512px.png\",\"width\":512,\"height\":512,\"caption\":\"bon Optic Vertriebsgesellschaft mbH\"},\"image\":{\"@id\":\"https:\/\/bon.de\/#\/schema\/logo\/image\/\"},\"sameAs\":[\"https:\/\/www.linkedin.com\/company\/bon-optic-vertriebsgesellschaft-mbh\/\",\"https:\/\/www.youtube.com\/channel\/UCSURhENDItKaH88bvn8LlcA\"]}]}<\/script>\n<!-- \/ Yoast SEO plugin. -->","yoast_head_json":{"title":"24 Zoll Sehzeichendisplay LCD-1000 P","description":"Das Sehzeichendisplay Shin-Nippon by Rexxam LCD-1000P bietet Ihnen verschiedenste Standard Optotypen, polarisierte StereoTeste, ETDRS Chart, Kontrasttest, 3D Testbilder, Farbtest, Maddox (LED) und Vieles mehr.","robots":{"index":"index","follow":"follow","max-snippet":"max-snippet:-1","max-image-preview":"max-image-preview:large","max-video-preview":"max-video-preview:-1"},"canonical":"https:\/\/bon.de\/en\/product\/24-zoll-sehzeichendisplay-rexxam-lcd-1000-ohne-polarisierte-stereoteste-2\/","og_locale":"en_US","og_type":"article","og_title":"24 Zoll Sehzeichendisplay LCD-1000 P","og_description":"Das Sehzeichendisplay Shin-Nippon by Rexxam LCD-1000P bietet Ihnen verschiedenste Standard Optotypen, polarisierte StereoTeste, ETDRS Chart, Kontrasttest, 3D Testbilder, Farbtest, Maddox (LED) und Vieles mehr.","og_url":"https:\/\/bon.de\/en\/product\/24-zoll-sehzeichendisplay-rexxam-lcd-1000-ohne-polarisierte-stereoteste-2\/","og_site_name":"bon Optic - Partner auf Augenh\u00f6he","article_modified_time":"2020-12-23T13:19:53+00:00","og_image":[{"width":1004,"height":729,"url":"https:\/\/bon.de\/wp-content\/uploads\/2019\/04\/products-1018051_1-1.jpg","type":"image\/jpeg"}],"twitter_card":"summary_large_image","schema":{"@context":"https:\/\/schema.org","@graph":[{"@type":"WebPage","@id":"https:\/\/bon.de\/en\/product\/24-zoll-sehzeichendisplay-rexxam-lcd-1000-ohne-polarisierte-stereoteste-2\/","url":"https:\/\/bon.de\/en\/product\/24-zoll-sehzeichendisplay-rexxam-lcd-1000-ohne-polarisierte-stereoteste-2\/","name":"24 Zoll Sehzeichendisplay LCD-1000 P","isPartOf":{"@id":"https:\/\/bon.de\/#website"},"primaryImageOfPage":{"@id":"https:\/\/bon.de\/en\/product\/24-zoll-sehzeichendisplay-rexxam-lcd-1000-ohne-polarisierte-stereoteste-2\/#primaryimage"},"image":{"@id":"https:\/\/bon.de\/en\/product\/24-zoll-sehzeichendisplay-rexxam-lcd-1000-ohne-polarisierte-stereoteste-2\/#primaryimage"},"thumbnailUrl":"https:\/\/bon.de\/wp-content\/uploads\/2019\/04\/products-1018051_1-1.jpg","datePublished":"2019-04-17T06:47:03+00:00","dateModified":"2020-12-23T13:19:53+00:00","description":"Das Sehzeichendisplay Shin-Nippon by Rexxam LCD-1000P bietet Ihnen verschiedenste Standard Optotypen, polarisierte StereoTeste, ETDRS Chart, Kontrasttest, 3D Testbilder, Farbtest, Maddox (LED) und Vieles mehr.","breadcrumb":{"@id":"https:\/\/bon.de\/en\/product\/24-zoll-sehzeichendisplay-rexxam-lcd-1000-ohne-polarisierte-stereoteste-2\/#breadcrumb"},"inLanguage":"en-US","potentialAction":[{"@type":"ReadAction","target":["https:\/\/bon.de\/en\/product\/24-zoll-sehzeichendisplay-rexxam-lcd-1000-ohne-polarisierte-stereoteste-2\/"]}]},{"@type":"ImageObject","inLanguage":"en-US","@id":"https:\/\/bon.de\/en\/product\/24-zoll-sehzeichendisplay-rexxam-lcd-1000-ohne-polarisierte-stereoteste-2\/#primaryimage","url":"https:\/\/bon.de\/wp-content\/uploads\/2019\/04\/products-1018051_1-1.jpg","contentUrl":"https:\/\/bon.de\/wp-content\/uploads\/2019\/04\/products-1018051_1-1.jpg","width":1004,"height":729,"caption":"Sehzeichendisplay LCD-1000"},{"@type":"BreadcrumbList","@id":"https:\/\/bon.de\/en\/product\/24-zoll-sehzeichendisplay-rexxam-lcd-1000-ohne-polarisierte-stereoteste-2\/#breadcrumb","itemListElement":[{"@type":"ListItem","position":1,"name":"Home","item":"https:\/\/bon.de\/en\/"},{"@type":"ListItem","position":2,"name":"Shop","item":"https:\/\/bon.de\/en\/shop-2-2\/"},{"@type":"ListItem","position":3,"name":"24 Zoll Sehzeichendisplay Rexxam LCD-1000 OHNE polarisierte Stereoteste"}]},{"@type":"WebSite","@id":"https:\/\/bon.de\/#website","url":"https:\/\/bon.de\/","name":"bon Optic - Partner auf Augenh\u00f6he","description":"","publisher":{"@id":"https:\/\/bon.de\/#organization"},"potentialAction":[{"@type":"SearchAction","target":{"@type":"EntryPoint","urlTemplate":"https:\/\/bon.de\/?s={search_term_string}"},"query-input":{"@type":"PropertyValueSpecification","valueRequired":true,"valueName":"search_term_string"}}],"inLanguage":"en-US"},{"@type":"Organization","@id":"https:\/\/bon.de\/#organization","name":"bon Optic Vertriebsgesellschaft mbH","url":"https:\/\/bon.de\/","logo":{"@type":"ImageObject","inLanguage":"en-US","@id":"https:\/\/bon.de\/#\/schema\/logo\/image\/","url":"https:\/\/bon.de\/wp-content\/uploads\/2021\/06\/bon-Logo_512x512px.png","contentUrl":"https:\/\/bon.de\/wp-content\/uploads\/2021\/06\/bon-Logo_512x512px.png","width":512,"height":512,"caption":"bon Optic Vertriebsgesellschaft mbH"},"image":{"@id":"https:\/\/bon.de\/#\/schema\/logo\/image\/"},"sameAs":["https:\/\/www.linkedin.com\/company\/bon-optic-vertriebsgesellschaft-mbh\/","https:\/\/www.youtube.com\/channel\/UCSURhENDItKaH88bvn8LlcA"]}]}},"_links":{"self":[{"href":"https:\/\/bon.de\/en\/wp-json\/wp\/v2\/product\/4319","targetHints":{"allow":["GET"]}}],"collection":[{"href":"https:\/\/bon.de\/en\/wp-json\/wp\/v2\/product"}],"about":[{"href":"https:\/\/bon.de\/en\/wp-json\/wp\/v2\/types\/product"}],"replies":[{"embeddable":true,"href":"https:\/\/bon.de\/en\/wp-json\/wp\/v2\/comments?post=4319"}],"wp:featuredmedia":[{"embeddable":true,"href":"https:\/\/bon.de\/en\/wp-json\/wp\/v2\/media\/4320"}],"wp:attachment":[{"href":"https:\/\/bon.de\/en\/wp-json\/wp\/v2\/media?parent=4319"}],"wp:term":[{"taxonomy":"product_manufacturers","embeddable":true,"href":"https:\/\/bon.de\/en\/wp-json\/wp\/v2\/product_manufacturers?post=4319"},{"taxonomy":"product_brand","embeddable":true,"href":"https:\/\/bon.de\/en\/wp-json\/wp\/v2\/product_brand?post=4319"},{"taxonomy":"product_cat","embeddable":true,"href":"https:\/\/bon.de\/en\/wp-json\/wp\/v2\/product_cat?post=4319"},{"taxonomy":"product_tag","embeddable":true,"href":"https:\/\/bon.de\/en\/wp-json\/wp\/v2\/product_tag?post=4319"}],"curies":[{"name":"wp","href":"https:\/\/api.w.org\/{rel}","templated":true}]}}