{"id":4328,"date":"2019-05-03T08:48:51","date_gmt":"2019-05-03T08:48:51","guid":{"rendered":"https:\/\/bon.de\/?post_type=product&#038;p=4328"},"modified":"2021-02-17T12:13:07","modified_gmt":"2021-02-17T12:13:07","slug":"vela-medical-move-fahrbarer-patientenstuhl-mit-elektrischer-hohenverstellung-und-schiebebugel-2","status":"publish","type":"product","link":"https:\/\/bon.de\/en\/product\/vela-medical-move-fahrbarer-patientenstuhl-mit-elektrischer-hohenverstellung-und-schiebebugel-2\/","title":{"rendered":"VELA Medical &#8220;Move+&#8221; fahrbarer Patientenstuhl mit elektrischer H\u00f6henverstellung und Schiebeb\u00fcgel"},"content":{"rendered":"<p>Der VELA \u2019Move+&#8217; Ophthalmologie Stuhl ist optimal f\u00fcr Augenuntersuchungen, die ein z\u00fcgiges und sicheres Verschieben des Patienten zwischen verschiedenen Ger\u00e4ten erfordern. Er bietet eine besonders gro\u00dfe Sitzfl\u00e4che und eine  stabile R\u00fcckenlehne.<\/p>\n<li>Schnelle Positionierung von \u00e4lteren oder funktionseingeschr\u00e4nkten Patienten auf einem sicheren, fixierten Sitz\n<li>Einfaches Verschieben des Patienten zwischen den Untersuchungsger\u00e4ten dank Leichtlaufrollen und Schiebeb\u00fcgel\n<li>Optimale Patientenpositionierung dank feinjustierbarer elektrischer H\u00f6henverstellung zur leichten Anpassung der H\u00f6he an Ger\u00e4te und Mitarbeiter\n<li>Optimale Mitarbeiterergonomie und Vermeidung einer vorgebeugten K\u00f6rperhaltung dank Feststellen der Rollen mittels Fu\u00dfbremse und H\u00f6henverstellung per Fernbedienung\n<li>Das eigenst\u00e4ndige Hinsetzen und Aufstehen des Patienten wird durch die Armlehnen und den stabilen Halt des Stuhls erleichtert\n<li>Schiebeb\u00fcgel zum bequemen Verschieben des Patienten von einem Untersuchungsger\u00e4t zum anderen\n<li>Armlehnen und <b>Feststellbremse<\/b> erleichtern dem Patienten das Hinsetzen und Aufstehen\n<li>Elektrische H\u00f6henverstellung f\u00fcr <b>schnelle und korrekte Positionierung<\/b> des Patienten an den Ger\u00e4ten\n<li>Leichte Fixierung des Stuhls mittels Fu\u00dfbremse zur Gew\u00e4hrleistung eines sicher und stabil sitzenden Patienten\n<li>Der Fu\u00dfb\u00fcgel bietet dem Patienten zus\u00e4tzlichen Halt f\u00fcr optimale Stabilit\u00e4t\n<p><\/p>\n<div class=\"brlbs-cmpnt-container brlbs-cmpnt-content-blocker brlbs-cmpnt-with-individual-styles\" data-borlabs-cookie-content-blocker-id=\"youtube-content-blocker\" data-borlabs-cookie-content=\"PGlmcmFtZSB3aWR0aD0iODUzIiBoZWlnaHQ9IjQ4MCIgc3JjPSJodHRwczovL3d3dy55b3V0dWJlLW5vY29va2llLmNvbS9lbWJlZC9RUDVOUFJMOFdERT9yZWw9MCZhbXA7c2hvd2luZm89MCIgZnJhbWVib3JkZXI9IjAiIGFsbG93ZnVsbHNjcmVlbj48L2lmcmFtZT4=\">\n<div class=\"brlbs-cmpnt-cb-preset-c brlbs-cmpnt-cb-youtube\">\n<div class=\"brlbs-cmpnt-cb-thumbnail\" style=\"background-image: url('https:\/\/bon.de\/wp-content\/uploads\/borlabs-cookie\/1\/yt_QP5NPRL8WDE_hqdefault.jpg')\"><\/div>\n<div class=\"brlbs-cmpnt-cb-main\">\n<div class=\"brlbs-cmpnt-cb-play-button\"><\/div>\n<div class=\"brlbs-cmpnt-cb-content\">\n<p class=\"brlbs-cmpnt-cb-description\">You are currently viewing a placeholder content from <strong>YouTube<\/strong>. To access the actual content, click the button below. Please note that doing so will share data with third-party providers.<\/p>\n<p> <a class=\"brlbs-cmpnt-cb-provider-toggle\" href=\"#\" data-borlabs-cookie-show-provider-information role=\"button\">More Information<\/a> <\/div>\n<div class=\"brlbs-cmpnt-cb-buttons\"> <a class=\"brlbs-cmpnt-cb-btn\" href=\"#\" data-borlabs-cookie-unblock role=\"button\">Unblock content<\/a> <a class=\"brlbs-cmpnt-cb-btn\" href=\"#\" data-borlabs-cookie-accept-service role=\"button\" style=\"display: inherit\">Accept required service and unblock content<\/a> <\/div><\/div><\/div>\n<\/div>\n<p>Die Standardfarbe des Stuhlbezugs ist <b>Anthrazit<\/b>. Andere Farben sind auf Anfrage erh\u00e4ltlich.<\/p>\n<p>CE-Kennzeichnung: Der Stuhl hat eine CE-Kennzeichnung gem\u00e4\u00df der medizinischen Richtlinie MDD 93\/42\/EEC erhalten, was bedeutet, dass er s\u00e4mtlichen europ\u00e4ischen Sicherheitsanforderungen entspricht.<\/p>\n<p>EMV-Test: Die elektronischen Funktionen des Stuhls wurden gem\u00e4\u00df der neuesten Anforderungen an die elektromagnetische Vertr\u00e4glichkeit (EMV) getestet und \u2013 sowohl in Hinsicht auf die Strahlung als auch auf die Anf\u00e4lligkeit \u2013 zugelassen. Der Stuhl kann somit sicher mit s\u00e4mtlichen elektronischen Ger\u00e4ten, inklusive Herzschrittmachern und Smartphones, verwendet werden.<\/p>\n","protected":false},"excerpt":{"rendered":"<p>Der VELA \u2019Move+&#8217; Ophthalmologie Stuhl ist optimal f\u00fcr Augenuntersuchungen, die ein z\u00fcgiges und sicheres Verschieben des Patienten zwischen verschiedenen Ger\u00e4ten erfordern. Er bietet eine besonders gro\u00dfe Sitzfl\u00e4che und eine stabile R\u00fcckenlehne. Schnelle Positionierung von \u00e4lteren oder funktionseingeschr\u00e4nkten Patienten auf einem sicheren, fixierten Sitz Einfaches Verschieben des Patienten zwischen den Untersuchungsger\u00e4ten dank Leichtlaufrollen und Schiebeb\u00fcgel Optimale [&hellip;]<\/p>\n","protected":false},"featured_media":4329,"comment_status":"open","ping_status":"closed","template":"","meta":{"_acf_changed":false,"inline_featured_image":false},"product_manufacturers":[471],"product_brand":[],"product_cat":[107,123,363],"product_tag":[],"class_list":{"0":"post-4328","1":"product","2":"type-product","3":"status-publish","4":"has-post-thumbnail","6":"product_cat-furniture","7":"product_cat-patient-chairs","8":"product_cat-new-products","10":"first","11":"instock","12":"taxable","13":"shipping-taxable","14":"product-type-simple"},"acf":[],"yoast_head":"<!-- This site is optimized with the Yoast SEO plugin v27.0 - https:\/\/yoast.com\/product\/yoast-seo-wordpress\/ -->\n<title>mobiler Patientenstuhl VELA Move plus mit elektrischer H\u00f6henverstellung<\/title>\n<meta name=\"description\" content=\"Die mobilen Patientenst\u00fchle von VELA aus D\u00e4nemark bieten elektrische H\u00f6henverstellung und gr\u00f6\u00dfte Flexibilit\u00e4t.\" \/>\n<meta name=\"robots\" content=\"index, follow, max-snippet:-1, max-image-preview:large, max-video-preview:-1\" \/>\n<link rel=\"canonical\" href=\"https:\/\/bon.de\/en\/product\/vela-medical-move-fahrbarer-patientenstuhl-mit-elektrischer-hohenverstellung-und-schiebebugel-2\/\" \/>\n<meta property=\"og:locale\" content=\"en_US\" \/>\n<meta property=\"og:type\" content=\"article\" \/>\n<meta property=\"og:title\" content=\"mobiler Patientenstuhl VELA Move plus mit elektrischer H\u00f6henverstellung\" \/>\n<meta property=\"og:description\" content=\"Die mobilen Patientenst\u00fchle von VELA aus D\u00e4nemark bieten elektrische H\u00f6henverstellung und gr\u00f6\u00dfte Flexibilit\u00e4t.\" \/>\n<meta property=\"og:url\" content=\"https:\/\/bon.de\/en\/product\/vela-medical-move-fahrbarer-patientenstuhl-mit-elektrischer-hohenverstellung-und-schiebebugel-2\/\" \/>\n<meta property=\"og:site_name\" content=\"bon Optic - Partner auf Augenh\u00f6he\" \/>\n<meta property=\"article:modified_time\" content=\"2021-02-17T12:13:07+00:00\" \/>\n<meta property=\"og:image\" content=\"https:\/\/bon.de\/wp-content\/uploads\/2021\/01\/products-untitled-1_9-1.jpg\" \/>\n\t<meta property=\"og:image:width\" content=\"661\" \/>\n\t<meta property=\"og:image:height\" content=\"900\" \/>\n\t<meta property=\"og:image:type\" content=\"image\/jpeg\" \/>\n<meta name=\"twitter:card\" content=\"summary_large_image\" \/>\n<meta name=\"twitter:label1\" content=\"Est. reading time\" \/>\n\t<meta name=\"twitter:data1\" content=\"1 minute\" \/>\n<script type=\"application\/ld+json\" class=\"yoast-schema-graph\">{\"@context\":\"https:\/\/schema.org\",\"@graph\":[{\"@type\":\"WebPage\",\"@id\":\"https:\/\/bon.de\/en\/product\/vela-medical-move-fahrbarer-patientenstuhl-mit-elektrischer-hohenverstellung-und-schiebebugel-2\/\",\"url\":\"https:\/\/bon.de\/en\/product\/vela-medical-move-fahrbarer-patientenstuhl-mit-elektrischer-hohenverstellung-und-schiebebugel-2\/\",\"name\":\"mobiler Patientenstuhl VELA Move plus mit elektrischer H\u00f6henverstellung\",\"isPartOf\":{\"@id\":\"https:\/\/bon.de\/#website\"},\"primaryImageOfPage\":{\"@id\":\"https:\/\/bon.de\/en\/product\/vela-medical-move-fahrbarer-patientenstuhl-mit-elektrischer-hohenverstellung-und-schiebebugel-2\/#primaryimage\"},\"image\":{\"@id\":\"https:\/\/bon.de\/en\/product\/vela-medical-move-fahrbarer-patientenstuhl-mit-elektrischer-hohenverstellung-und-schiebebugel-2\/#primaryimage\"},\"thumbnailUrl\":\"https:\/\/bon.de\/wp-content\/uploads\/2021\/01\/products-untitled-1_9-1.jpg\",\"datePublished\":\"2019-05-03T08:48:51+00:00\",\"dateModified\":\"2021-02-17T12:13:07+00:00\",\"description\":\"Die mobilen Patientenst\u00fchle von VELA aus D\u00e4nemark bieten elektrische H\u00f6henverstellung und gr\u00f6\u00dfte Flexibilit\u00e4t.\",\"breadcrumb\":{\"@id\":\"https:\/\/bon.de\/en\/product\/vela-medical-move-fahrbarer-patientenstuhl-mit-elektrischer-hohenverstellung-und-schiebebugel-2\/#breadcrumb\"},\"inLanguage\":\"en-US\",\"potentialAction\":[{\"@type\":\"ReadAction\",\"target\":[\"https:\/\/bon.de\/en\/product\/vela-medical-move-fahrbarer-patientenstuhl-mit-elektrischer-hohenverstellung-und-schiebebugel-2\/\"]}]},{\"@type\":\"ImageObject\",\"inLanguage\":\"en-US\",\"@id\":\"https:\/\/bon.de\/en\/product\/vela-medical-move-fahrbarer-patientenstuhl-mit-elektrischer-hohenverstellung-und-schiebebugel-2\/#primaryimage\",\"url\":\"https:\/\/bon.de\/wp-content\/uploads\/2021\/01\/products-untitled-1_9-1.jpg\",\"contentUrl\":\"https:\/\/bon.de\/wp-content\/uploads\/2021\/01\/products-untitled-1_9-1.jpg\",\"width\":661,\"height\":900,\"caption\":\"VELA Medical Move+ fahrbarer Patientenstuhl mit elektrischer H\u00f6henverstellung und Schiebeb\u00fcgel\"},{\"@type\":\"BreadcrumbList\",\"@id\":\"https:\/\/bon.de\/en\/product\/vela-medical-move-fahrbarer-patientenstuhl-mit-elektrischer-hohenverstellung-und-schiebebugel-2\/#breadcrumb\",\"itemListElement\":[{\"@type\":\"ListItem\",\"position\":1,\"name\":\"Home\",\"item\":\"https:\/\/bon.de\/en\/\"},{\"@type\":\"ListItem\",\"position\":2,\"name\":\"Shop\",\"item\":\"https:\/\/bon.de\/en\/shop-2-2\/\"},{\"@type\":\"ListItem\",\"position\":3,\"name\":\"VELA Medical &#8222;Move+&#8220; fahrbarer Patientenstuhl mit elektrischer H\u00f6henverstellung und Schiebeb\u00fcgel\"}]},{\"@type\":\"WebSite\",\"@id\":\"https:\/\/bon.de\/#website\",\"url\":\"https:\/\/bon.de\/\",\"name\":\"bon Optic - Partner auf Augenh\u00f6he\",\"description\":\"\",\"publisher\":{\"@id\":\"https:\/\/bon.de\/#organization\"},\"potentialAction\":[{\"@type\":\"SearchAction\",\"target\":{\"@type\":\"EntryPoint\",\"urlTemplate\":\"https:\/\/bon.de\/?s={search_term_string}\"},\"query-input\":{\"@type\":\"PropertyValueSpecification\",\"valueRequired\":true,\"valueName\":\"search_term_string\"}}],\"inLanguage\":\"en-US\"},{\"@type\":\"Organization\",\"@id\":\"https:\/\/bon.de\/#organization\",\"name\":\"bon Optic Vertriebsgesellschaft mbH\",\"url\":\"https:\/\/bon.de\/\",\"logo\":{\"@type\":\"ImageObject\",\"inLanguage\":\"en-US\",\"@id\":\"https:\/\/bon.de\/#\/schema\/logo\/image\/\",\"url\":\"https:\/\/bon.de\/wp-content\/uploads\/2021\/06\/bon-Logo_512x512px.png\",\"contentUrl\":\"https:\/\/bon.de\/wp-content\/uploads\/2021\/06\/bon-Logo_512x512px.png\",\"width\":512,\"height\":512,\"caption\":\"bon Optic Vertriebsgesellschaft mbH\"},\"image\":{\"@id\":\"https:\/\/bon.de\/#\/schema\/logo\/image\/\"},\"sameAs\":[\"https:\/\/www.linkedin.com\/company\/bon-optic-vertriebsgesellschaft-mbh\/\",\"https:\/\/www.youtube.com\/channel\/UCSURhENDItKaH88bvn8LlcA\"]}]}<\/script>\n<!-- \/ Yoast SEO plugin. -->","yoast_head_json":{"title":"mobiler Patientenstuhl VELA Move plus mit elektrischer H\u00f6henverstellung","description":"Die mobilen Patientenst\u00fchle von VELA aus D\u00e4nemark bieten elektrische H\u00f6henverstellung und gr\u00f6\u00dfte Flexibilit\u00e4t.","robots":{"index":"index","follow":"follow","max-snippet":"max-snippet:-1","max-image-preview":"max-image-preview:large","max-video-preview":"max-video-preview:-1"},"canonical":"https:\/\/bon.de\/en\/product\/vela-medical-move-fahrbarer-patientenstuhl-mit-elektrischer-hohenverstellung-und-schiebebugel-2\/","og_locale":"en_US","og_type":"article","og_title":"mobiler Patientenstuhl VELA Move plus mit elektrischer H\u00f6henverstellung","og_description":"Die mobilen Patientenst\u00fchle von VELA aus D\u00e4nemark bieten elektrische H\u00f6henverstellung und gr\u00f6\u00dfte Flexibilit\u00e4t.","og_url":"https:\/\/bon.de\/en\/product\/vela-medical-move-fahrbarer-patientenstuhl-mit-elektrischer-hohenverstellung-und-schiebebugel-2\/","og_site_name":"bon Optic - Partner auf Augenh\u00f6he","article_modified_time":"2021-02-17T12:13:07+00:00","og_image":[{"width":661,"height":900,"url":"https:\/\/bon.de\/wp-content\/uploads\/2021\/01\/products-untitled-1_9-1.jpg","type":"image\/jpeg"}],"twitter_card":"summary_large_image","twitter_misc":{"Est. reading time":"1 minute"},"schema":{"@context":"https:\/\/schema.org","@graph":[{"@type":"WebPage","@id":"https:\/\/bon.de\/en\/product\/vela-medical-move-fahrbarer-patientenstuhl-mit-elektrischer-hohenverstellung-und-schiebebugel-2\/","url":"https:\/\/bon.de\/en\/product\/vela-medical-move-fahrbarer-patientenstuhl-mit-elektrischer-hohenverstellung-und-schiebebugel-2\/","name":"mobiler Patientenstuhl VELA Move plus mit elektrischer H\u00f6henverstellung","isPartOf":{"@id":"https:\/\/bon.de\/#website"},"primaryImageOfPage":{"@id":"https:\/\/bon.de\/en\/product\/vela-medical-move-fahrbarer-patientenstuhl-mit-elektrischer-hohenverstellung-und-schiebebugel-2\/#primaryimage"},"image":{"@id":"https:\/\/bon.de\/en\/product\/vela-medical-move-fahrbarer-patientenstuhl-mit-elektrischer-hohenverstellung-und-schiebebugel-2\/#primaryimage"},"thumbnailUrl":"https:\/\/bon.de\/wp-content\/uploads\/2021\/01\/products-untitled-1_9-1.jpg","datePublished":"2019-05-03T08:48:51+00:00","dateModified":"2021-02-17T12:13:07+00:00","description":"Die mobilen Patientenst\u00fchle von VELA aus D\u00e4nemark bieten elektrische H\u00f6henverstellung und gr\u00f6\u00dfte Flexibilit\u00e4t.","breadcrumb":{"@id":"https:\/\/bon.de\/en\/product\/vela-medical-move-fahrbarer-patientenstuhl-mit-elektrischer-hohenverstellung-und-schiebebugel-2\/#breadcrumb"},"inLanguage":"en-US","potentialAction":[{"@type":"ReadAction","target":["https:\/\/bon.de\/en\/product\/vela-medical-move-fahrbarer-patientenstuhl-mit-elektrischer-hohenverstellung-und-schiebebugel-2\/"]}]},{"@type":"ImageObject","inLanguage":"en-US","@id":"https:\/\/bon.de\/en\/product\/vela-medical-move-fahrbarer-patientenstuhl-mit-elektrischer-hohenverstellung-und-schiebebugel-2\/#primaryimage","url":"https:\/\/bon.de\/wp-content\/uploads\/2021\/01\/products-untitled-1_9-1.jpg","contentUrl":"https:\/\/bon.de\/wp-content\/uploads\/2021\/01\/products-untitled-1_9-1.jpg","width":661,"height":900,"caption":"VELA Medical Move+ fahrbarer Patientenstuhl mit elektrischer H\u00f6henverstellung und Schiebeb\u00fcgel"},{"@type":"BreadcrumbList","@id":"https:\/\/bon.de\/en\/product\/vela-medical-move-fahrbarer-patientenstuhl-mit-elektrischer-hohenverstellung-und-schiebebugel-2\/#breadcrumb","itemListElement":[{"@type":"ListItem","position":1,"name":"Home","item":"https:\/\/bon.de\/en\/"},{"@type":"ListItem","position":2,"name":"Shop","item":"https:\/\/bon.de\/en\/shop-2-2\/"},{"@type":"ListItem","position":3,"name":"VELA Medical &#8222;Move+&#8220; fahrbarer Patientenstuhl mit elektrischer H\u00f6henverstellung und Schiebeb\u00fcgel"}]},{"@type":"WebSite","@id":"https:\/\/bon.de\/#website","url":"https:\/\/bon.de\/","name":"bon Optic - Partner auf Augenh\u00f6he","description":"","publisher":{"@id":"https:\/\/bon.de\/#organization"},"potentialAction":[{"@type":"SearchAction","target":{"@type":"EntryPoint","urlTemplate":"https:\/\/bon.de\/?s={search_term_string}"},"query-input":{"@type":"PropertyValueSpecification","valueRequired":true,"valueName":"search_term_string"}}],"inLanguage":"en-US"},{"@type":"Organization","@id":"https:\/\/bon.de\/#organization","name":"bon Optic Vertriebsgesellschaft mbH","url":"https:\/\/bon.de\/","logo":{"@type":"ImageObject","inLanguage":"en-US","@id":"https:\/\/bon.de\/#\/schema\/logo\/image\/","url":"https:\/\/bon.de\/wp-content\/uploads\/2021\/06\/bon-Logo_512x512px.png","contentUrl":"https:\/\/bon.de\/wp-content\/uploads\/2021\/06\/bon-Logo_512x512px.png","width":512,"height":512,"caption":"bon Optic Vertriebsgesellschaft mbH"},"image":{"@id":"https:\/\/bon.de\/#\/schema\/logo\/image\/"},"sameAs":["https:\/\/www.linkedin.com\/company\/bon-optic-vertriebsgesellschaft-mbh\/","https:\/\/www.youtube.com\/channel\/UCSURhENDItKaH88bvn8LlcA"]}]}},"_links":{"self":[{"href":"https:\/\/bon.de\/en\/wp-json\/wp\/v2\/product\/4328","targetHints":{"allow":["GET"]}}],"collection":[{"href":"https:\/\/bon.de\/en\/wp-json\/wp\/v2\/product"}],"about":[{"href":"https:\/\/bon.de\/en\/wp-json\/wp\/v2\/types\/product"}],"replies":[{"embeddable":true,"href":"https:\/\/bon.de\/en\/wp-json\/wp\/v2\/comments?post=4328"}],"wp:featuredmedia":[{"embeddable":true,"href":"https:\/\/bon.de\/en\/wp-json\/wp\/v2\/media\/4329"}],"wp:attachment":[{"href":"https:\/\/bon.de\/en\/wp-json\/wp\/v2\/media?parent=4328"}],"wp:term":[{"taxonomy":"product_manufacturers","embeddable":true,"href":"https:\/\/bon.de\/en\/wp-json\/wp\/v2\/product_manufacturers?post=4328"},{"taxonomy":"product_brand","embeddable":true,"href":"https:\/\/bon.de\/en\/wp-json\/wp\/v2\/product_brand?post=4328"},{"taxonomy":"product_cat","embeddable":true,"href":"https:\/\/bon.de\/en\/wp-json\/wp\/v2\/product_cat?post=4328"},{"taxonomy":"product_tag","embeddable":true,"href":"https:\/\/bon.de\/en\/wp-json\/wp\/v2\/product_tag?post=4328"}],"curies":[{"name":"wp","href":"https:\/\/api.w.org\/{rel}","templated":true}]}}