{"id":4465,"date":"2019-06-12T07:38:46","date_gmt":"2019-06-12T07:38:46","guid":{"rendered":"https:\/\/bon.de\/?post_type=product&#038;p=4465"},"modified":"2025-09-16T00:00:01","modified_gmt":"2025-09-15T23:00:01","slug":"volk-rapid-slt-kontaktglas-2","status":"publish","type":"product","link":"https:\/\/bon.de\/en\/product\/volk-rapid-slt-kontaktglas-2\/","title":{"rendered":"Volk RAPID SLT Kontaktglas"},"content":{"rendered":"<p>Volk RapidSLT Kontaktglas f\u00fcr die Beurteilung des Vorderkammerwinkels und gezielte Laser Trabekuloplastk<\/p>\n<p>Die Rapid SLT (Selective Laser Trabeculoplasty) bietet <b>vier<\/b> hochaufl\u00f6sende Ansichten des trabekul\u00e4ren Netzes (Trabekelmaschenwerk) und des irideokornealen Winkels, um schnellere Eingriffe zu erm\u00f6glichen und den Patientenkomfort w\u00e4hrend des SLT-Verfahrens zu verbessern.<\/p>\n<p>Prim\u00e4re Anwendung: Die selektive Lasertrabekuloplastik ist ein Laserverfahren zur Behandlung von Patienten mit Glaukom, die einen erh\u00f6hten Druck in ihren Augen haben. Ein solcher hoher Druck im Inneren des Auges verursacht einen irreversiblen Sehverlust, wenn er nicht rechtzeitig behoben wird. Das Glaukom ist in der Tat die zweith\u00e4ufigste Form der Erblindung weltweit.<\/p>\n<p>Vergleich mit der aktuellen Methode: Das klassische Volk SLT-Objektiv und andere h\u00e4ufig verwendete SLT-Objektive haben einen einzigen Spiegel.  Um alle 360\u02da des trabekul\u00e4ren Netzes zu behandeln, muss die Linse mehrmals auf der Augenoberfl\u00e4che gedreht werden, was zu Beschwerden f\u00fcr den Patienten, einer erh\u00f6hten Behandlungszeit f\u00fcr den Arzt und der Wahrscheinlichkeit, dass die Linse vom Auge rutscht, f\u00fchrt. Aber jetzt, mit der Rapid SLT, hat der Arzt vier gleichzeitige Ansichten des Netzwerkes und des irideokornealen Winkels, wodurch die Notwendigkeit einer Drehung der Linse minimiert wird und die Operationszeit um fast die H\u00e4lfte reduziert wird! Dies erh\u00f6ht auch den Patientenkomfort, da die Rotation der Linse auf der Augenoberfl\u00e4che des Patienten minimal ist.<\/p>\n<li>Spiegelwinkel: 62\u00b0\n<li>Vergr\u00f6\u00dferung: 1,0x\n<li>Laser-Spotvergr\u00f6\u00dferung: 1,0x\n<li>Durchmesser Kontaktfl\u00e4che: 15 mm<br \/>\n","protected":false},"excerpt":{"rendered":"<p>Volk RapidSLT Kontaktglas f\u00fcr die Beurteilung des Vorderkammerwinkels und gezielte Laser Trabekuloplastk Die Rapid SLT (Selective Laser Trabeculoplasty) bietet vier hochaufl\u00f6sende Ansichten des trabekul\u00e4ren Netzes (Trabekelmaschenwerk) und des irideokornealen Winkels, um schnellere Eingriffe zu erm\u00f6glichen und den Patientenkomfort w\u00e4hrend des SLT-Verfahrens zu verbessern. Prim\u00e4re Anwendung: Die selektive Lasertrabekuloplastik ist ein Laserverfahren zur Behandlung von Patienten [&hellip;]<\/p>\n","protected":false},"featured_media":4466,"comment_status":"open","ping_status":"closed","template":"","meta":{"_acf_changed":false,"inline_featured_image":false},"product_manufacturers":[472],"product_brand":[],"product_cat":[247,319,185],"product_tag":[],"class_list":{"0":"post-4465","1":"product","2":"type-product","3":"status-publish","4":"has-post-thumbnail","6":"product_cat-retina","7":"product_cat-volk-contact-lenses","8":"product_cat-bon-shop-2","10":"first","11":"instock","12":"taxable","13":"shipping-taxable","14":"purchasable","15":"product-type-simple"},"acf":[],"yoast_head":"<!-- This site is optimized with the Yoast SEO plugin v27.0 - https:\/\/yoast.com\/product\/yoast-seo-wordpress\/ -->\n<title>Volk RAPID SLT Lens<\/title>\n<meta name=\"robots\" content=\"index, follow, max-snippet:-1, max-image-preview:large, max-video-preview:-1\" \/>\n<link rel=\"canonical\" href=\"https:\/\/bon.de\/en\/product\/volk-rapid-slt-kontaktglas-2\/\" \/>\n<meta property=\"og:locale\" content=\"en_US\" \/>\n<meta property=\"og:type\" content=\"article\" \/>\n<meta property=\"og:title\" content=\"Volk RAPID SLT Lens\" \/>\n<meta property=\"og:description\" content=\"Volk RapidSLT Kontaktglas f\u00fcr die Beurteilung des Vorderkammerwinkels und gezielte Laser Trabekuloplastk Die Rapid SLT (Selective Laser Trabeculoplasty) bietet vier hochaufl\u00f6sende Ansichten des trabekul\u00e4ren Netzes (Trabekelmaschenwerk) und des irideokornealen Winkels, um schnellere Eingriffe zu erm\u00f6glichen und den Patientenkomfort w\u00e4hrend des SLT-Verfahrens zu verbessern. Prim\u00e4re Anwendung: Die selektive Lasertrabekuloplastik ist ein Laserverfahren zur Behandlung von Patienten [&hellip;]\" \/>\n<meta property=\"og:url\" content=\"https:\/\/bon.de\/en\/product\/volk-rapid-slt-kontaktglas-2\/\" \/>\n<meta property=\"og:site_name\" content=\"bon Optic - Partner auf Augenh\u00f6he\" \/>\n<meta property=\"article:modified_time\" content=\"2025-09-15T23:00:01+00:00\" \/>\n<meta property=\"og:image\" content=\"https:\/\/bon.de\/wp-content\/uploads\/2019\/06\/products-rslt_front-view-1.png\" \/>\n\t<meta property=\"og:image:width\" content=\"800\" \/>\n\t<meta property=\"og:image:height\" content=\"800\" \/>\n\t<meta property=\"og:image:type\" content=\"image\/jpeg\" \/>\n<meta name=\"twitter:card\" content=\"summary_large_image\" \/>\n<meta name=\"twitter:label1\" content=\"Est. reading time\" \/>\n\t<meta name=\"twitter:data1\" content=\"1 minute\" \/>\n<script type=\"application\/ld+json\" class=\"yoast-schema-graph\">{\"@context\":\"https:\/\/schema.org\",\"@graph\":[{\"@type\":\"WebPage\",\"@id\":\"https:\/\/bon.de\/en\/product\/volk-rapid-slt-kontaktglas-2\/\",\"url\":\"https:\/\/bon.de\/en\/product\/volk-rapid-slt-kontaktglas-2\/\",\"name\":\"Volk RAPID SLT Lens\",\"isPartOf\":{\"@id\":\"https:\/\/bon.de\/#website\"},\"primaryImageOfPage\":{\"@id\":\"https:\/\/bon.de\/en\/product\/volk-rapid-slt-kontaktglas-2\/#primaryimage\"},\"image\":{\"@id\":\"https:\/\/bon.de\/en\/product\/volk-rapid-slt-kontaktglas-2\/#primaryimage\"},\"thumbnailUrl\":\"https:\/\/bon.de\/wp-content\/uploads\/2019\/06\/products-rslt_front-view-1.png\",\"datePublished\":\"2019-06-12T07:38:46+00:00\",\"dateModified\":\"2025-09-15T23:00:01+00:00\",\"breadcrumb\":{\"@id\":\"https:\/\/bon.de\/en\/product\/volk-rapid-slt-kontaktglas-2\/#breadcrumb\"},\"inLanguage\":\"en-US\",\"potentialAction\":[{\"@type\":\"ReadAction\",\"target\":[\"https:\/\/bon.de\/en\/product\/volk-rapid-slt-kontaktglas-2\/\"]}]},{\"@type\":\"ImageObject\",\"inLanguage\":\"en-US\",\"@id\":\"https:\/\/bon.de\/en\/product\/volk-rapid-slt-kontaktglas-2\/#primaryimage\",\"url\":\"https:\/\/bon.de\/wp-content\/uploads\/2019\/06\/products-rslt_front-view-1.png\",\"contentUrl\":\"https:\/\/bon.de\/wp-content\/uploads\/2019\/06\/products-rslt_front-view-1.png\",\"width\":800,\"height\":800,\"caption\":\"Volk RAPID SLT Kontaktglas\"},{\"@type\":\"BreadcrumbList\",\"@id\":\"https:\/\/bon.de\/en\/product\/volk-rapid-slt-kontaktglas-2\/#breadcrumb\",\"itemListElement\":[{\"@type\":\"ListItem\",\"position\":1,\"name\":\"Home\",\"item\":\"https:\/\/bon.de\/en\/\"},{\"@type\":\"ListItem\",\"position\":2,\"name\":\"Shop\",\"item\":\"https:\/\/bon.de\/en\/shop-2-2\/\"},{\"@type\":\"ListItem\",\"position\":3,\"name\":\"Volk RAPID SLT Kontaktglas\"}]},{\"@type\":\"WebSite\",\"@id\":\"https:\/\/bon.de\/#website\",\"url\":\"https:\/\/bon.de\/\",\"name\":\"bon Optic - Partner auf Augenh\u00f6he\",\"description\":\"\",\"publisher\":{\"@id\":\"https:\/\/bon.de\/#organization\"},\"potentialAction\":[{\"@type\":\"SearchAction\",\"target\":{\"@type\":\"EntryPoint\",\"urlTemplate\":\"https:\/\/bon.de\/?s={search_term_string}\"},\"query-input\":{\"@type\":\"PropertyValueSpecification\",\"valueRequired\":true,\"valueName\":\"search_term_string\"}}],\"inLanguage\":\"en-US\"},{\"@type\":\"Organization\",\"@id\":\"https:\/\/bon.de\/#organization\",\"name\":\"bon Optic Vertriebsgesellschaft mbH\",\"url\":\"https:\/\/bon.de\/\",\"logo\":{\"@type\":\"ImageObject\",\"inLanguage\":\"en-US\",\"@id\":\"https:\/\/bon.de\/#\/schema\/logo\/image\/\",\"url\":\"https:\/\/bon.de\/wp-content\/uploads\/2021\/06\/bon-Logo_512x512px.png\",\"contentUrl\":\"https:\/\/bon.de\/wp-content\/uploads\/2021\/06\/bon-Logo_512x512px.png\",\"width\":512,\"height\":512,\"caption\":\"bon Optic Vertriebsgesellschaft mbH\"},\"image\":{\"@id\":\"https:\/\/bon.de\/#\/schema\/logo\/image\/\"},\"sameAs\":[\"https:\/\/www.linkedin.com\/company\/bon-optic-vertriebsgesellschaft-mbh\/\",\"https:\/\/www.youtube.com\/channel\/UCSURhENDItKaH88bvn8LlcA\"]}]}<\/script>\n<!-- \/ Yoast SEO plugin. -->","yoast_head_json":{"title":"Volk RAPID SLT Lens","robots":{"index":"index","follow":"follow","max-snippet":"max-snippet:-1","max-image-preview":"max-image-preview:large","max-video-preview":"max-video-preview:-1"},"canonical":"https:\/\/bon.de\/en\/product\/volk-rapid-slt-kontaktglas-2\/","og_locale":"en_US","og_type":"article","og_title":"Volk RAPID SLT Lens","og_description":"Volk RapidSLT Kontaktglas f\u00fcr die Beurteilung des Vorderkammerwinkels und gezielte Laser Trabekuloplastk Die Rapid SLT (Selective Laser Trabeculoplasty) bietet vier hochaufl\u00f6sende Ansichten des trabekul\u00e4ren Netzes (Trabekelmaschenwerk) und des irideokornealen Winkels, um schnellere Eingriffe zu erm\u00f6glichen und den Patientenkomfort w\u00e4hrend des SLT-Verfahrens zu verbessern. Prim\u00e4re Anwendung: Die selektive Lasertrabekuloplastik ist ein Laserverfahren zur Behandlung von Patienten [&hellip;]","og_url":"https:\/\/bon.de\/en\/product\/volk-rapid-slt-kontaktglas-2\/","og_site_name":"bon Optic - Partner auf Augenh\u00f6he","article_modified_time":"2025-09-15T23:00:01+00:00","og_image":[{"width":800,"height":800,"url":"https:\/\/bon.de\/wp-content\/uploads\/2019\/06\/products-rslt_front-view-1.png","type":"image\/jpeg"}],"twitter_card":"summary_large_image","twitter_misc":{"Est. reading time":"1 minute"},"schema":{"@context":"https:\/\/schema.org","@graph":[{"@type":"WebPage","@id":"https:\/\/bon.de\/en\/product\/volk-rapid-slt-kontaktglas-2\/","url":"https:\/\/bon.de\/en\/product\/volk-rapid-slt-kontaktglas-2\/","name":"Volk RAPID SLT Lens","isPartOf":{"@id":"https:\/\/bon.de\/#website"},"primaryImageOfPage":{"@id":"https:\/\/bon.de\/en\/product\/volk-rapid-slt-kontaktglas-2\/#primaryimage"},"image":{"@id":"https:\/\/bon.de\/en\/product\/volk-rapid-slt-kontaktglas-2\/#primaryimage"},"thumbnailUrl":"https:\/\/bon.de\/wp-content\/uploads\/2019\/06\/products-rslt_front-view-1.png","datePublished":"2019-06-12T07:38:46+00:00","dateModified":"2025-09-15T23:00:01+00:00","breadcrumb":{"@id":"https:\/\/bon.de\/en\/product\/volk-rapid-slt-kontaktglas-2\/#breadcrumb"},"inLanguage":"en-US","potentialAction":[{"@type":"ReadAction","target":["https:\/\/bon.de\/en\/product\/volk-rapid-slt-kontaktglas-2\/"]}]},{"@type":"ImageObject","inLanguage":"en-US","@id":"https:\/\/bon.de\/en\/product\/volk-rapid-slt-kontaktglas-2\/#primaryimage","url":"https:\/\/bon.de\/wp-content\/uploads\/2019\/06\/products-rslt_front-view-1.png","contentUrl":"https:\/\/bon.de\/wp-content\/uploads\/2019\/06\/products-rslt_front-view-1.png","width":800,"height":800,"caption":"Volk RAPID SLT Kontaktglas"},{"@type":"BreadcrumbList","@id":"https:\/\/bon.de\/en\/product\/volk-rapid-slt-kontaktglas-2\/#breadcrumb","itemListElement":[{"@type":"ListItem","position":1,"name":"Home","item":"https:\/\/bon.de\/en\/"},{"@type":"ListItem","position":2,"name":"Shop","item":"https:\/\/bon.de\/en\/shop-2-2\/"},{"@type":"ListItem","position":3,"name":"Volk RAPID SLT Kontaktglas"}]},{"@type":"WebSite","@id":"https:\/\/bon.de\/#website","url":"https:\/\/bon.de\/","name":"bon Optic - Partner auf Augenh\u00f6he","description":"","publisher":{"@id":"https:\/\/bon.de\/#organization"},"potentialAction":[{"@type":"SearchAction","target":{"@type":"EntryPoint","urlTemplate":"https:\/\/bon.de\/?s={search_term_string}"},"query-input":{"@type":"PropertyValueSpecification","valueRequired":true,"valueName":"search_term_string"}}],"inLanguage":"en-US"},{"@type":"Organization","@id":"https:\/\/bon.de\/#organization","name":"bon Optic Vertriebsgesellschaft mbH","url":"https:\/\/bon.de\/","logo":{"@type":"ImageObject","inLanguage":"en-US","@id":"https:\/\/bon.de\/#\/schema\/logo\/image\/","url":"https:\/\/bon.de\/wp-content\/uploads\/2021\/06\/bon-Logo_512x512px.png","contentUrl":"https:\/\/bon.de\/wp-content\/uploads\/2021\/06\/bon-Logo_512x512px.png","width":512,"height":512,"caption":"bon Optic Vertriebsgesellschaft mbH"},"image":{"@id":"https:\/\/bon.de\/#\/schema\/logo\/image\/"},"sameAs":["https:\/\/www.linkedin.com\/company\/bon-optic-vertriebsgesellschaft-mbh\/","https:\/\/www.youtube.com\/channel\/UCSURhENDItKaH88bvn8LlcA"]}]}},"_links":{"self":[{"href":"https:\/\/bon.de\/en\/wp-json\/wp\/v2\/product\/4465","targetHints":{"allow":["GET"]}}],"collection":[{"href":"https:\/\/bon.de\/en\/wp-json\/wp\/v2\/product"}],"about":[{"href":"https:\/\/bon.de\/en\/wp-json\/wp\/v2\/types\/product"}],"replies":[{"embeddable":true,"href":"https:\/\/bon.de\/en\/wp-json\/wp\/v2\/comments?post=4465"}],"wp:featuredmedia":[{"embeddable":true,"href":"https:\/\/bon.de\/en\/wp-json\/wp\/v2\/media\/4466"}],"wp:attachment":[{"href":"https:\/\/bon.de\/en\/wp-json\/wp\/v2\/media?parent=4465"}],"wp:term":[{"taxonomy":"product_manufacturers","embeddable":true,"href":"https:\/\/bon.de\/en\/wp-json\/wp\/v2\/product_manufacturers?post=4465"},{"taxonomy":"product_brand","embeddable":true,"href":"https:\/\/bon.de\/en\/wp-json\/wp\/v2\/product_brand?post=4465"},{"taxonomy":"product_cat","embeddable":true,"href":"https:\/\/bon.de\/en\/wp-json\/wp\/v2\/product_cat?post=4465"},{"taxonomy":"product_tag","embeddable":true,"href":"https:\/\/bon.de\/en\/wp-json\/wp\/v2\/product_tag?post=4465"}],"curies":[{"name":"wp","href":"https:\/\/api.w.org\/{rel}","templated":true}]}}