{"id":4619,"date":"2020-10-27T13:41:12","date_gmt":"2020-10-27T13:41:12","guid":{"rendered":"https:\/\/bon.de\/?post_type=product&#038;p=4619"},"modified":"2023-02-16T17:41:29","modified_gmt":"2023-02-16T15:41:29","slug":"emagine-c-eye-fur-modernes-cornea-crosslinking-an-der-spaltlampe-und-klassisch-im-op-2","status":"publish","type":"product","link":"https:\/\/bon.de\/en\/product\/emagine-c-eye-fur-modernes-cornea-crosslinking-an-der-spaltlampe-und-klassisch-im-op-2\/","title":{"rendered":"EMAGine C-Eye- f\u00fcr modern corneal Cross Linking at the slit lamp and the classical approach."},"content":{"rendered":"<h4>EMAGine C-EYE &#8211; Das flexible Crosslinkingsystem f\u00fcr alle F\u00e4lle:<\/p>\n<p>f\u00fcr modernes Cornea-Crosslinking an der Spaltlampe und klassisch im OP<\/h4>\n<p>&nbsp;<\/p>\n<h4>INNOVATIV<\/h4>\n<p>Das C-Eye\u2122 von EMAGine bringt moderne<br \/>\nCrosslinkingtechnologie an die Spaltlampe.<br \/>\nEinfach, effizient und sicher vom Einsteiger<br \/>\nbis zum erfahrenen Anwender.<\/p>\n<h4>VIELSEITIG<\/h4>\n<p>F\u00fchren Sie CXL an der Spaltlampe durch<br \/>\noder verwenden Sie das C-Eye\u2122 wie jedes<br \/>\nandere CXL-Ger\u00e4t an einem komfortabel<br \/>\npositionierbaren Schwenkarm in Ihrem<br \/>\nOperationssaal.<\/p>\n<h4>TRAGBAR<\/h4>\n<p>Sie arbeiten an mehreren Orten?<br \/>\nNehmen Sie das C-Eye\u2122 einfach mit!<\/p>\n<h4>Crosslinking an Ihrer Spaltlampe<\/h4>\n<p>F\u00fcr modernes Crosslinking <b>direkt an Ihrem<br \/>\nUntersuchungsplatz<\/b> geh\u00f6ren zum Lieferumfang<br \/>\nverschiedene Montageadapter f\u00fcr<br \/>\ndie meisten handels\u00fcblichen Spaltlampenmodelle.<br \/>\nDamit l\u00e4sst sich das C-Eye\u2122 im<br \/>\nHandumdrehen montieren und au\u00dfergew\u00f6hnlich<br \/>\nflexibel nutzen.<\/p>\n<h4>Klassisches CXL im OP<\/h4>\n<p>F\u00fcr die Standard-Anwendung bei liegenden<br \/>\nPatienten ist optional das praktische \u201eC-Stand\u201c<br \/>\nStativ f\u00fcr die Tischmontage erh\u00e4ltlich.<\/p>\n<h4>Gepulstes und kontinuierliches Licht<\/h4>\n<p>F\u00fcr verschiedene Einstellungen z.B. bei<br \/>\nKeratokonus und infekti\u00f6ser Keratitis.<\/p>\n<h4>Zertifizierte Anwendungen<\/h4>\n<p>Das C-Eye\u2122 Ger\u00e4t f\u00fcr corneales Crosslinking<br \/>\nist CE-zertifiziert f\u00fcr die folgenden<br \/>\nAnwendungsgebiete: Keratokonus, Ektasie<br \/>\nnach LASIK\/PRK, pelluzide marginale<br \/>\nHornhautdegeneration (PMD), infekti\u00f6se<br \/>\nKeratitis, sterile Hornhauteinschmelzung,<br \/>\nbulb\u00f6se Keratopathie.<\/p>\n<h4>An die Dicke angepasste Strahlungsenergie<\/h4>\n<p>Das Strahlungsprofil versorgt die \u00e4u\u00dferen<br \/>\nBereiche der Cornea mit einer h\u00f6heren<br \/>\nStrahlungsenergie.<\/p>\n<h4>Vordefinierte Protokolle<\/h4>\n<p>Integrierte Programme bieten Ihnen die<br \/>\nVoreinstellungen f\u00fcr die am h\u00e4ufigsten<br \/>\nverwendeten CXL-Verfahren.<\/p>\n<h4>Gro\u00dfer Leistungsbereich<\/h4>\n<p>Das C-Eye\u2122 liefert 3, 9, 15, 18 und 30 mW\/cm\u00b2<br \/>\nBestrahlungsst\u00e4rke.<\/p>\n<h4>Freiheit ohne Kabel<\/h4>\n<p>Ein integrierter Hochleistungsakku macht<br \/>\ndas C-Eye\u2122 au\u00dfergew\u00f6hnlich mobil, das<br \/>\nbedeutet: keine st\u00f6renden Kabel an der<br \/>\nSpaltlampe oder im OP.<\/p>\n<p>Er l\u00e4sst sich bequem \u00fcber einen normalen<br \/>\nUSB-C Anschluss aufladen oder nutzen Sie<br \/>\nunterwegs eine handels\u00fcbliche Akkubox.<\/p>\n<p>Bitte beachten Sie:<br \/>\nDas C-Eye Crosslinkingsystem kann<br \/>\nausschlie\u00dflich mit der zertifizierten<br \/>\nRiboflavinl\u00f6sung &#8220;Ribo-Ker&#8221; verwendet werden.<\/p>\n","protected":false},"excerpt":{"rendered":"<p>EMAGine C-EYE &#8211; Das flexible Crosslinkingsystem f\u00fcr alle F\u00e4lle: f\u00fcr modernes Cornea-Crosslinking an der Spaltlampe und klassisch im OP &nbsp; INNOVATIV Das C-Eye\u2122 von EMAGine bringt moderne Crosslinkingtechnologie an die Spaltlampe. Einfach, effizient und sicher vom Einsteiger bis zum erfahrenen Anwender. VIELSEITIG F\u00fchren Sie CXL an der Spaltlampe durch oder verwenden Sie das C-Eye\u2122 wie [&hellip;]<\/p>\n","protected":false},"featured_media":4620,"comment_status":"open","ping_status":"closed","template":"","meta":{"_acf_changed":false,"inline_featured_image":false},"product_manufacturers":[457],"product_brand":[],"product_cat":[137,363],"product_tag":[],"class_list":{"0":"post-4619","1":"product","2":"type-product","3":"status-publish","4":"has-post-thumbnail","6":"product_cat-crosslinking-ccl-cxl-2","7":"product_cat-new-products","9":"first","10":"instock","11":"taxable","12":"shipping-taxable","13":"product-type-simple"},"acf":[],"yoast_head":"<!-- This site is optimized with the Yoast SEO plugin v27.0 - https:\/\/yoast.com\/product\/yoast-seo-wordpress\/ -->\n<title>C-Eye f\u00fcr modernes corneales Crosslinking<\/title>\n<meta name=\"robots\" content=\"index, follow, max-snippet:-1, max-image-preview:large, max-video-preview:-1\" \/>\n<link rel=\"canonical\" href=\"https:\/\/bon.de\/en\/product\/emagine-c-eye-fur-modernes-cornea-crosslinking-an-der-spaltlampe-und-klassisch-im-op-2\/\" \/>\n<meta property=\"og:locale\" content=\"en_US\" \/>\n<meta property=\"og:type\" content=\"article\" \/>\n<meta property=\"og:title\" content=\"C-Eye f\u00fcr modernes corneales Crosslinking\" \/>\n<meta property=\"og:description\" content=\"EMAGine C-EYE &#8211; Das flexible Crosslinkingsystem f\u00fcr alle F\u00e4lle: f\u00fcr modernes Cornea-Crosslinking an der Spaltlampe und klassisch im OP &nbsp; INNOVATIV Das C-Eye\u2122 von EMAGine bringt moderne Crosslinkingtechnologie an die Spaltlampe. Einfach, effizient und sicher vom Einsteiger bis zum erfahrenen Anwender. VIELSEITIG F\u00fchren Sie CXL an der Spaltlampe durch oder verwenden Sie das C-Eye\u2122 wie [&hellip;]\" \/>\n<meta property=\"og:url\" content=\"https:\/\/bon.de\/en\/product\/emagine-c-eye-fur-modernes-cornea-crosslinking-an-der-spaltlampe-und-klassisch-im-op-2\/\" \/>\n<meta property=\"og:site_name\" content=\"bon Optic - Partner auf Augenh\u00f6he\" \/>\n<meta property=\"article:modified_time\" content=\"2023-02-16T15:41:29+00:00\" \/>\n<meta property=\"og:image\" content=\"https:\/\/bon.de\/wp-content\/uploads\/2020\/10\/products-04-c-eye_front_40_degrees_left-1.jpg\" \/>\n\t<meta property=\"og:image:width\" content=\"376\" \/>\n\t<meta property=\"og:image:height\" content=\"800\" \/>\n\t<meta property=\"og:image:type\" content=\"image\/jpeg\" \/>\n<meta name=\"twitter:card\" content=\"summary_large_image\" \/>\n<meta name=\"twitter:label1\" content=\"Est. reading time\" \/>\n\t<meta name=\"twitter:data1\" content=\"2 minutes\" \/>\n<script type=\"application\/ld+json\" class=\"yoast-schema-graph\">{\"@context\":\"https:\/\/schema.org\",\"@graph\":[{\"@type\":\"WebPage\",\"@id\":\"https:\/\/bon.de\/en\/product\/emagine-c-eye-fur-modernes-cornea-crosslinking-an-der-spaltlampe-und-klassisch-im-op-2\/\",\"url\":\"https:\/\/bon.de\/en\/product\/emagine-c-eye-fur-modernes-cornea-crosslinking-an-der-spaltlampe-und-klassisch-im-op-2\/\",\"name\":\"C-Eye f\u00fcr modernes corneales Crosslinking\",\"isPartOf\":{\"@id\":\"https:\/\/bon.de\/#website\"},\"primaryImageOfPage\":{\"@id\":\"https:\/\/bon.de\/en\/product\/emagine-c-eye-fur-modernes-cornea-crosslinking-an-der-spaltlampe-und-klassisch-im-op-2\/#primaryimage\"},\"image\":{\"@id\":\"https:\/\/bon.de\/en\/product\/emagine-c-eye-fur-modernes-cornea-crosslinking-an-der-spaltlampe-und-klassisch-im-op-2\/#primaryimage\"},\"thumbnailUrl\":\"https:\/\/bon.de\/wp-content\/uploads\/2020\/10\/products-04-c-eye_front_40_degrees_left-1.jpg\",\"datePublished\":\"2020-10-27T13:41:12+00:00\",\"dateModified\":\"2023-02-16T15:41:29+00:00\",\"breadcrumb\":{\"@id\":\"https:\/\/bon.de\/en\/product\/emagine-c-eye-fur-modernes-cornea-crosslinking-an-der-spaltlampe-und-klassisch-im-op-2\/#breadcrumb\"},\"inLanguage\":\"en-US\",\"potentialAction\":[{\"@type\":\"ReadAction\",\"target\":[\"https:\/\/bon.de\/en\/product\/emagine-c-eye-fur-modernes-cornea-crosslinking-an-der-spaltlampe-und-klassisch-im-op-2\/\"]}]},{\"@type\":\"ImageObject\",\"inLanguage\":\"en-US\",\"@id\":\"https:\/\/bon.de\/en\/product\/emagine-c-eye-fur-modernes-cornea-crosslinking-an-der-spaltlampe-und-klassisch-im-op-2\/#primaryimage\",\"url\":\"https:\/\/bon.de\/wp-content\/uploads\/2020\/10\/products-04-c-eye_front_40_degrees_left-1.jpg\",\"contentUrl\":\"https:\/\/bon.de\/wp-content\/uploads\/2020\/10\/products-04-c-eye_front_40_degrees_left-1.jpg\",\"width\":376,\"height\":800,\"caption\":\"EMAGine C-Eye - F\u00fcr modernes Cornea-Crosslinking an der Spaltlampe und klassisch im OP\"},{\"@type\":\"BreadcrumbList\",\"@id\":\"https:\/\/bon.de\/en\/product\/emagine-c-eye-fur-modernes-cornea-crosslinking-an-der-spaltlampe-und-klassisch-im-op-2\/#breadcrumb\",\"itemListElement\":[{\"@type\":\"ListItem\",\"position\":1,\"name\":\"Home\",\"item\":\"https:\/\/bon.de\/en\/\"},{\"@type\":\"ListItem\",\"position\":2,\"name\":\"Shop\",\"item\":\"https:\/\/bon.de\/en\/shop-2-2\/\"},{\"@type\":\"ListItem\",\"position\":3,\"name\":\"EMAGine C-Eye- f\u00fcr modern corneal Cross Linking at the slit lamp and the classical approach.\"}]},{\"@type\":\"WebSite\",\"@id\":\"https:\/\/bon.de\/#website\",\"url\":\"https:\/\/bon.de\/\",\"name\":\"bon Optic - Partner auf Augenh\u00f6he\",\"description\":\"\",\"publisher\":{\"@id\":\"https:\/\/bon.de\/#organization\"},\"potentialAction\":[{\"@type\":\"SearchAction\",\"target\":{\"@type\":\"EntryPoint\",\"urlTemplate\":\"https:\/\/bon.de\/?s={search_term_string}\"},\"query-input\":{\"@type\":\"PropertyValueSpecification\",\"valueRequired\":true,\"valueName\":\"search_term_string\"}}],\"inLanguage\":\"en-US\"},{\"@type\":\"Organization\",\"@id\":\"https:\/\/bon.de\/#organization\",\"name\":\"bon Optic Vertriebsgesellschaft mbH\",\"url\":\"https:\/\/bon.de\/\",\"logo\":{\"@type\":\"ImageObject\",\"inLanguage\":\"en-US\",\"@id\":\"https:\/\/bon.de\/#\/schema\/logo\/image\/\",\"url\":\"https:\/\/bon.de\/wp-content\/uploads\/2021\/06\/bon-Logo_512x512px.png\",\"contentUrl\":\"https:\/\/bon.de\/wp-content\/uploads\/2021\/06\/bon-Logo_512x512px.png\",\"width\":512,\"height\":512,\"caption\":\"bon Optic Vertriebsgesellschaft mbH\"},\"image\":{\"@id\":\"https:\/\/bon.de\/#\/schema\/logo\/image\/\"},\"sameAs\":[\"https:\/\/www.linkedin.com\/company\/bon-optic-vertriebsgesellschaft-mbh\/\",\"https:\/\/www.youtube.com\/channel\/UCSURhENDItKaH88bvn8LlcA\"]}]}<\/script>\n<!-- \/ Yoast SEO plugin. -->","yoast_head_json":{"title":"C-Eye f\u00fcr modernes corneales Crosslinking","robots":{"index":"index","follow":"follow","max-snippet":"max-snippet:-1","max-image-preview":"max-image-preview:large","max-video-preview":"max-video-preview:-1"},"canonical":"https:\/\/bon.de\/en\/product\/emagine-c-eye-fur-modernes-cornea-crosslinking-an-der-spaltlampe-und-klassisch-im-op-2\/","og_locale":"en_US","og_type":"article","og_title":"C-Eye f\u00fcr modernes corneales Crosslinking","og_description":"EMAGine C-EYE &#8211; Das flexible Crosslinkingsystem f\u00fcr alle F\u00e4lle: f\u00fcr modernes Cornea-Crosslinking an der Spaltlampe und klassisch im OP &nbsp; INNOVATIV Das C-Eye\u2122 von EMAGine bringt moderne Crosslinkingtechnologie an die Spaltlampe. Einfach, effizient und sicher vom Einsteiger bis zum erfahrenen Anwender. VIELSEITIG F\u00fchren Sie CXL an der Spaltlampe durch oder verwenden Sie das C-Eye\u2122 wie [&hellip;]","og_url":"https:\/\/bon.de\/en\/product\/emagine-c-eye-fur-modernes-cornea-crosslinking-an-der-spaltlampe-und-klassisch-im-op-2\/","og_site_name":"bon Optic - Partner auf Augenh\u00f6he","article_modified_time":"2023-02-16T15:41:29+00:00","og_image":[{"width":376,"height":800,"url":"https:\/\/bon.de\/wp-content\/uploads\/2020\/10\/products-04-c-eye_front_40_degrees_left-1.jpg","type":"image\/jpeg"}],"twitter_card":"summary_large_image","twitter_misc":{"Est. reading time":"2 minutes"},"schema":{"@context":"https:\/\/schema.org","@graph":[{"@type":"WebPage","@id":"https:\/\/bon.de\/en\/product\/emagine-c-eye-fur-modernes-cornea-crosslinking-an-der-spaltlampe-und-klassisch-im-op-2\/","url":"https:\/\/bon.de\/en\/product\/emagine-c-eye-fur-modernes-cornea-crosslinking-an-der-spaltlampe-und-klassisch-im-op-2\/","name":"C-Eye f\u00fcr modernes corneales Crosslinking","isPartOf":{"@id":"https:\/\/bon.de\/#website"},"primaryImageOfPage":{"@id":"https:\/\/bon.de\/en\/product\/emagine-c-eye-fur-modernes-cornea-crosslinking-an-der-spaltlampe-und-klassisch-im-op-2\/#primaryimage"},"image":{"@id":"https:\/\/bon.de\/en\/product\/emagine-c-eye-fur-modernes-cornea-crosslinking-an-der-spaltlampe-und-klassisch-im-op-2\/#primaryimage"},"thumbnailUrl":"https:\/\/bon.de\/wp-content\/uploads\/2020\/10\/products-04-c-eye_front_40_degrees_left-1.jpg","datePublished":"2020-10-27T13:41:12+00:00","dateModified":"2023-02-16T15:41:29+00:00","breadcrumb":{"@id":"https:\/\/bon.de\/en\/product\/emagine-c-eye-fur-modernes-cornea-crosslinking-an-der-spaltlampe-und-klassisch-im-op-2\/#breadcrumb"},"inLanguage":"en-US","potentialAction":[{"@type":"ReadAction","target":["https:\/\/bon.de\/en\/product\/emagine-c-eye-fur-modernes-cornea-crosslinking-an-der-spaltlampe-und-klassisch-im-op-2\/"]}]},{"@type":"ImageObject","inLanguage":"en-US","@id":"https:\/\/bon.de\/en\/product\/emagine-c-eye-fur-modernes-cornea-crosslinking-an-der-spaltlampe-und-klassisch-im-op-2\/#primaryimage","url":"https:\/\/bon.de\/wp-content\/uploads\/2020\/10\/products-04-c-eye_front_40_degrees_left-1.jpg","contentUrl":"https:\/\/bon.de\/wp-content\/uploads\/2020\/10\/products-04-c-eye_front_40_degrees_left-1.jpg","width":376,"height":800,"caption":"EMAGine C-Eye - F\u00fcr modernes Cornea-Crosslinking an der Spaltlampe und klassisch im OP"},{"@type":"BreadcrumbList","@id":"https:\/\/bon.de\/en\/product\/emagine-c-eye-fur-modernes-cornea-crosslinking-an-der-spaltlampe-und-klassisch-im-op-2\/#breadcrumb","itemListElement":[{"@type":"ListItem","position":1,"name":"Home","item":"https:\/\/bon.de\/en\/"},{"@type":"ListItem","position":2,"name":"Shop","item":"https:\/\/bon.de\/en\/shop-2-2\/"},{"@type":"ListItem","position":3,"name":"EMAGine C-Eye- f\u00fcr modern corneal Cross Linking at the slit lamp and the classical approach."}]},{"@type":"WebSite","@id":"https:\/\/bon.de\/#website","url":"https:\/\/bon.de\/","name":"bon Optic - Partner auf Augenh\u00f6he","description":"","publisher":{"@id":"https:\/\/bon.de\/#organization"},"potentialAction":[{"@type":"SearchAction","target":{"@type":"EntryPoint","urlTemplate":"https:\/\/bon.de\/?s={search_term_string}"},"query-input":{"@type":"PropertyValueSpecification","valueRequired":true,"valueName":"search_term_string"}}],"inLanguage":"en-US"},{"@type":"Organization","@id":"https:\/\/bon.de\/#organization","name":"bon Optic Vertriebsgesellschaft mbH","url":"https:\/\/bon.de\/","logo":{"@type":"ImageObject","inLanguage":"en-US","@id":"https:\/\/bon.de\/#\/schema\/logo\/image\/","url":"https:\/\/bon.de\/wp-content\/uploads\/2021\/06\/bon-Logo_512x512px.png","contentUrl":"https:\/\/bon.de\/wp-content\/uploads\/2021\/06\/bon-Logo_512x512px.png","width":512,"height":512,"caption":"bon Optic Vertriebsgesellschaft mbH"},"image":{"@id":"https:\/\/bon.de\/#\/schema\/logo\/image\/"},"sameAs":["https:\/\/www.linkedin.com\/company\/bon-optic-vertriebsgesellschaft-mbh\/","https:\/\/www.youtube.com\/channel\/UCSURhENDItKaH88bvn8LlcA"]}]}},"_links":{"self":[{"href":"https:\/\/bon.de\/en\/wp-json\/wp\/v2\/product\/4619","targetHints":{"allow":["GET"]}}],"collection":[{"href":"https:\/\/bon.de\/en\/wp-json\/wp\/v2\/product"}],"about":[{"href":"https:\/\/bon.de\/en\/wp-json\/wp\/v2\/types\/product"}],"replies":[{"embeddable":true,"href":"https:\/\/bon.de\/en\/wp-json\/wp\/v2\/comments?post=4619"}],"wp:featuredmedia":[{"embeddable":true,"href":"https:\/\/bon.de\/en\/wp-json\/wp\/v2\/media\/4620"}],"wp:attachment":[{"href":"https:\/\/bon.de\/en\/wp-json\/wp\/v2\/media?parent=4619"}],"wp:term":[{"taxonomy":"product_manufacturers","embeddable":true,"href":"https:\/\/bon.de\/en\/wp-json\/wp\/v2\/product_manufacturers?post=4619"},{"taxonomy":"product_brand","embeddable":true,"href":"https:\/\/bon.de\/en\/wp-json\/wp\/v2\/product_brand?post=4619"},{"taxonomy":"product_cat","embeddable":true,"href":"https:\/\/bon.de\/en\/wp-json\/wp\/v2\/product_cat?post=4619"},{"taxonomy":"product_tag","embeddable":true,"href":"https:\/\/bon.de\/en\/wp-json\/wp\/v2\/product_tag?post=4619"}],"curies":[{"name":"wp","href":"https:\/\/api.w.org\/{rel}","templated":true}]}}