{"id":4630,"date":"2020-10-29T14:51:09","date_gmt":"2020-10-29T14:51:09","guid":{"rendered":"https:\/\/bon.de\/?post_type=product&#038;p=4630"},"modified":"2022-01-11T12:26:26","modified_gmt":"2022-01-11T12:26:26","slug":"c-stand-tischstativ-fur-das-c-eye-crosslinkingsystem-2","status":"publish","type":"product","link":"https:\/\/bon.de\/en\/product\/c-stand-tischstativ-fur-das-c-eye-crosslinkingsystem-2\/","title":{"rendered":"C-Stand Table mount for the C-Eye Cross Linking System"},"content":{"rendered":"<h4>\u201eC-Stand\u201c f\u00fcr die stabile Tischmontage des C-Eye Crosslinkingsystems<\/h4>\n<p>Der \u201eC-Stand\u201c Schwenkarm mit Tischhalterung erm\u00f6glicht das klassische Crosslinking am liegenden Patienten.<\/p>\n<p>Sein Gelenkarm und sein schwenkbarer Sockel erm\u00f6glichen ein leichtes Ausrichten, um das Ger\u00e4t an die Gegebenheiten jedes Operationssaals optimal anzupassen.<\/p>\n<p>Das stabile Stativ wird mit einem montierbaren Prisma (C-Fokus) geliefert, mit dem Sie das C-Eye\u2122 perfekt im richtigen Arbeitsabstand (32 mm) vor der Hornhaut positionieren.<\/p>\n<h4>Technische Daten C-Stand<\/h4>\n<ul>\n<li>millimetergenaues vertikales Ausrichten<\/li>\n<li>Durchleitung der Spannungsversorgung<\/li>\n<li>inklusive Positionierungshilfe \u201eC-Focus\u201c<\/li>\n<li>Abmessungen 52 x 12 x 16 cm<\/li>\n<li>Gewicht 2,75kg<\/li>\n<\/ul>\n","protected":false},"excerpt":{"rendered":"<p>\u201eC-Stand\u201c f\u00fcr die stabile Tischmontage des C-Eye Crosslinkingsystems Der \u201eC-Stand\u201c Schwenkarm mit Tischhalterung erm\u00f6glicht das klassische Crosslinking am liegenden Patienten. Sein Gelenkarm und sein schwenkbarer Sockel erm\u00f6glichen ein leichtes Ausrichten, um das Ger\u00e4t an die Gegebenheiten jedes Operationssaals optimal anzupassen. Das stabile Stativ wird mit einem montierbaren Prisma (C-Fokus) geliefert, mit dem Sie das C-Eye\u2122 [&hellip;]<\/p>\n","protected":false},"featured_media":4631,"comment_status":"open","ping_status":"closed","template":"","meta":{"_acf_changed":false,"inline_featured_image":false},"product_manufacturers":[687],"product_brand":[],"product_cat":[137],"product_tag":[],"class_list":{"0":"post-4630","1":"product","2":"type-product","3":"status-publish","4":"has-post-thumbnail","6":"product_cat-crosslinking-ccl-cxl-2","8":"first","9":"instock","10":"taxable","11":"shipping-taxable","12":"product-type-simple"},"acf":[],"yoast_head":"<!-- This site is optimized with the Yoast SEO plugin v27.0 - https:\/\/yoast.com\/product\/yoast-seo-wordpress\/ -->\n<title>C-Stand Stativ f\u00fcr C-Eye f\u00fcr modernes corneales Crosslinking (CXL)<\/title>\n<meta name=\"description\" content=\"C-Stand Stativ f\u00fcr C-Eye f\u00fcr modernes corneales Crosslinking (CXL)\" \/>\n<meta name=\"robots\" content=\"index, follow, max-snippet:-1, max-image-preview:large, max-video-preview:-1\" \/>\n<link rel=\"canonical\" href=\"https:\/\/bon.de\/en\/product\/c-stand-tischstativ-fur-das-c-eye-crosslinkingsystem-2\/\" \/>\n<meta property=\"og:locale\" content=\"en_US\" \/>\n<meta property=\"og:type\" content=\"article\" \/>\n<meta property=\"og:title\" content=\"C-Stand Stativ f\u00fcr C-Eye f\u00fcr modernes corneales Crosslinking (CXL)\" \/>\n<meta property=\"og:description\" content=\"C-Stand Stativ f\u00fcr C-Eye f\u00fcr modernes corneales Crosslinking (CXL)\" \/>\n<meta property=\"og:url\" content=\"https:\/\/bon.de\/en\/product\/c-stand-tischstativ-fur-das-c-eye-crosslinkingsystem-2\/\" \/>\n<meta property=\"og:site_name\" content=\"bon Optic - Partner auf Augenh\u00f6he\" \/>\n<meta property=\"article:modified_time\" content=\"2022-01-11T12:26:26+00:00\" \/>\n<meta property=\"og:image\" content=\"https:\/\/bon.de\/wp-content\/uploads\/2020\/10\/products-3953308-1.jpg\" \/>\n\t<meta property=\"og:image:width\" content=\"472\" \/>\n\t<meta property=\"og:image:height\" content=\"638\" \/>\n\t<meta property=\"og:image:type\" content=\"image\/jpeg\" \/>\n<meta name=\"twitter:card\" content=\"summary_large_image\" \/>\n<script type=\"application\/ld+json\" class=\"yoast-schema-graph\">{\"@context\":\"https:\/\/schema.org\",\"@graph\":[{\"@type\":\"WebPage\",\"@id\":\"https:\/\/bon.de\/en\/product\/c-stand-tischstativ-fur-das-c-eye-crosslinkingsystem-2\/\",\"url\":\"https:\/\/bon.de\/en\/product\/c-stand-tischstativ-fur-das-c-eye-crosslinkingsystem-2\/\",\"name\":\"C-Stand Stativ f\u00fcr C-Eye f\u00fcr modernes corneales Crosslinking (CXL)\",\"isPartOf\":{\"@id\":\"https:\/\/bon.de\/#website\"},\"primaryImageOfPage\":{\"@id\":\"https:\/\/bon.de\/en\/product\/c-stand-tischstativ-fur-das-c-eye-crosslinkingsystem-2\/#primaryimage\"},\"image\":{\"@id\":\"https:\/\/bon.de\/en\/product\/c-stand-tischstativ-fur-das-c-eye-crosslinkingsystem-2\/#primaryimage\"},\"thumbnailUrl\":\"https:\/\/bon.de\/wp-content\/uploads\/2020\/10\/products-3953308-1.jpg\",\"datePublished\":\"2020-10-29T14:51:09+00:00\",\"dateModified\":\"2022-01-11T12:26:26+00:00\",\"description\":\"C-Stand Stativ f\u00fcr C-Eye f\u00fcr modernes corneales Crosslinking (CXL)\",\"breadcrumb\":{\"@id\":\"https:\/\/bon.de\/en\/product\/c-stand-tischstativ-fur-das-c-eye-crosslinkingsystem-2\/#breadcrumb\"},\"inLanguage\":\"en-US\",\"potentialAction\":[{\"@type\":\"ReadAction\",\"target\":[\"https:\/\/bon.de\/en\/product\/c-stand-tischstativ-fur-das-c-eye-crosslinkingsystem-2\/\"]}]},{\"@type\":\"ImageObject\",\"inLanguage\":\"en-US\",\"@id\":\"https:\/\/bon.de\/en\/product\/c-stand-tischstativ-fur-das-c-eye-crosslinkingsystem-2\/#primaryimage\",\"url\":\"https:\/\/bon.de\/wp-content\/uploads\/2020\/10\/products-3953308-1.jpg\",\"contentUrl\":\"https:\/\/bon.de\/wp-content\/uploads\/2020\/10\/products-3953308-1.jpg\",\"width\":472,\"height\":638,\"caption\":\"C-Stand - Tischstativ f\u00fcr das C-Eye Crosslinkingsystem\"},{\"@type\":\"BreadcrumbList\",\"@id\":\"https:\/\/bon.de\/en\/product\/c-stand-tischstativ-fur-das-c-eye-crosslinkingsystem-2\/#breadcrumb\",\"itemListElement\":[{\"@type\":\"ListItem\",\"position\":1,\"name\":\"Home\",\"item\":\"https:\/\/bon.de\/en\/\"},{\"@type\":\"ListItem\",\"position\":2,\"name\":\"Shop\",\"item\":\"https:\/\/bon.de\/en\/shop-2-2\/\"},{\"@type\":\"ListItem\",\"position\":3,\"name\":\"C-Stand Table mount for the C-Eye Cross Linking System\"}]},{\"@type\":\"WebSite\",\"@id\":\"https:\/\/bon.de\/#website\",\"url\":\"https:\/\/bon.de\/\",\"name\":\"bon Optic - Partner auf Augenh\u00f6he\",\"description\":\"\",\"publisher\":{\"@id\":\"https:\/\/bon.de\/#organization\"},\"potentialAction\":[{\"@type\":\"SearchAction\",\"target\":{\"@type\":\"EntryPoint\",\"urlTemplate\":\"https:\/\/bon.de\/?s={search_term_string}\"},\"query-input\":{\"@type\":\"PropertyValueSpecification\",\"valueRequired\":true,\"valueName\":\"search_term_string\"}}],\"inLanguage\":\"en-US\"},{\"@type\":\"Organization\",\"@id\":\"https:\/\/bon.de\/#organization\",\"name\":\"bon Optic Vertriebsgesellschaft mbH\",\"url\":\"https:\/\/bon.de\/\",\"logo\":{\"@type\":\"ImageObject\",\"inLanguage\":\"en-US\",\"@id\":\"https:\/\/bon.de\/#\/schema\/logo\/image\/\",\"url\":\"https:\/\/bon.de\/wp-content\/uploads\/2021\/06\/bon-Logo_512x512px.png\",\"contentUrl\":\"https:\/\/bon.de\/wp-content\/uploads\/2021\/06\/bon-Logo_512x512px.png\",\"width\":512,\"height\":512,\"caption\":\"bon Optic Vertriebsgesellschaft mbH\"},\"image\":{\"@id\":\"https:\/\/bon.de\/#\/schema\/logo\/image\/\"},\"sameAs\":[\"https:\/\/www.linkedin.com\/company\/bon-optic-vertriebsgesellschaft-mbh\/\",\"https:\/\/www.youtube.com\/channel\/UCSURhENDItKaH88bvn8LlcA\"]}]}<\/script>\n<!-- \/ Yoast SEO plugin. -->","yoast_head_json":{"title":"C-Stand Stativ f\u00fcr C-Eye f\u00fcr modernes corneales Crosslinking (CXL)","description":"C-Stand Stativ f\u00fcr C-Eye f\u00fcr modernes corneales Crosslinking (CXL)","robots":{"index":"index","follow":"follow","max-snippet":"max-snippet:-1","max-image-preview":"max-image-preview:large","max-video-preview":"max-video-preview:-1"},"canonical":"https:\/\/bon.de\/en\/product\/c-stand-tischstativ-fur-das-c-eye-crosslinkingsystem-2\/","og_locale":"en_US","og_type":"article","og_title":"C-Stand Stativ f\u00fcr C-Eye f\u00fcr modernes corneales Crosslinking (CXL)","og_description":"C-Stand Stativ f\u00fcr C-Eye f\u00fcr modernes corneales Crosslinking (CXL)","og_url":"https:\/\/bon.de\/en\/product\/c-stand-tischstativ-fur-das-c-eye-crosslinkingsystem-2\/","og_site_name":"bon Optic - Partner auf Augenh\u00f6he","article_modified_time":"2022-01-11T12:26:26+00:00","og_image":[{"width":472,"height":638,"url":"https:\/\/bon.de\/wp-content\/uploads\/2020\/10\/products-3953308-1.jpg","type":"image\/jpeg"}],"twitter_card":"summary_large_image","schema":{"@context":"https:\/\/schema.org","@graph":[{"@type":"WebPage","@id":"https:\/\/bon.de\/en\/product\/c-stand-tischstativ-fur-das-c-eye-crosslinkingsystem-2\/","url":"https:\/\/bon.de\/en\/product\/c-stand-tischstativ-fur-das-c-eye-crosslinkingsystem-2\/","name":"C-Stand Stativ f\u00fcr C-Eye f\u00fcr modernes corneales Crosslinking (CXL)","isPartOf":{"@id":"https:\/\/bon.de\/#website"},"primaryImageOfPage":{"@id":"https:\/\/bon.de\/en\/product\/c-stand-tischstativ-fur-das-c-eye-crosslinkingsystem-2\/#primaryimage"},"image":{"@id":"https:\/\/bon.de\/en\/product\/c-stand-tischstativ-fur-das-c-eye-crosslinkingsystem-2\/#primaryimage"},"thumbnailUrl":"https:\/\/bon.de\/wp-content\/uploads\/2020\/10\/products-3953308-1.jpg","datePublished":"2020-10-29T14:51:09+00:00","dateModified":"2022-01-11T12:26:26+00:00","description":"C-Stand Stativ f\u00fcr C-Eye f\u00fcr modernes corneales Crosslinking (CXL)","breadcrumb":{"@id":"https:\/\/bon.de\/en\/product\/c-stand-tischstativ-fur-das-c-eye-crosslinkingsystem-2\/#breadcrumb"},"inLanguage":"en-US","potentialAction":[{"@type":"ReadAction","target":["https:\/\/bon.de\/en\/product\/c-stand-tischstativ-fur-das-c-eye-crosslinkingsystem-2\/"]}]},{"@type":"ImageObject","inLanguage":"en-US","@id":"https:\/\/bon.de\/en\/product\/c-stand-tischstativ-fur-das-c-eye-crosslinkingsystem-2\/#primaryimage","url":"https:\/\/bon.de\/wp-content\/uploads\/2020\/10\/products-3953308-1.jpg","contentUrl":"https:\/\/bon.de\/wp-content\/uploads\/2020\/10\/products-3953308-1.jpg","width":472,"height":638,"caption":"C-Stand - Tischstativ f\u00fcr das C-Eye Crosslinkingsystem"},{"@type":"BreadcrumbList","@id":"https:\/\/bon.de\/en\/product\/c-stand-tischstativ-fur-das-c-eye-crosslinkingsystem-2\/#breadcrumb","itemListElement":[{"@type":"ListItem","position":1,"name":"Home","item":"https:\/\/bon.de\/en\/"},{"@type":"ListItem","position":2,"name":"Shop","item":"https:\/\/bon.de\/en\/shop-2-2\/"},{"@type":"ListItem","position":3,"name":"C-Stand Table mount for the C-Eye Cross Linking System"}]},{"@type":"WebSite","@id":"https:\/\/bon.de\/#website","url":"https:\/\/bon.de\/","name":"bon Optic - Partner auf Augenh\u00f6he","description":"","publisher":{"@id":"https:\/\/bon.de\/#organization"},"potentialAction":[{"@type":"SearchAction","target":{"@type":"EntryPoint","urlTemplate":"https:\/\/bon.de\/?s={search_term_string}"},"query-input":{"@type":"PropertyValueSpecification","valueRequired":true,"valueName":"search_term_string"}}],"inLanguage":"en-US"},{"@type":"Organization","@id":"https:\/\/bon.de\/#organization","name":"bon Optic Vertriebsgesellschaft mbH","url":"https:\/\/bon.de\/","logo":{"@type":"ImageObject","inLanguage":"en-US","@id":"https:\/\/bon.de\/#\/schema\/logo\/image\/","url":"https:\/\/bon.de\/wp-content\/uploads\/2021\/06\/bon-Logo_512x512px.png","contentUrl":"https:\/\/bon.de\/wp-content\/uploads\/2021\/06\/bon-Logo_512x512px.png","width":512,"height":512,"caption":"bon Optic Vertriebsgesellschaft mbH"},"image":{"@id":"https:\/\/bon.de\/#\/schema\/logo\/image\/"},"sameAs":["https:\/\/www.linkedin.com\/company\/bon-optic-vertriebsgesellschaft-mbh\/","https:\/\/www.youtube.com\/channel\/UCSURhENDItKaH88bvn8LlcA"]}]}},"_links":{"self":[{"href":"https:\/\/bon.de\/en\/wp-json\/wp\/v2\/product\/4630","targetHints":{"allow":["GET"]}}],"collection":[{"href":"https:\/\/bon.de\/en\/wp-json\/wp\/v2\/product"}],"about":[{"href":"https:\/\/bon.de\/en\/wp-json\/wp\/v2\/types\/product"}],"replies":[{"embeddable":true,"href":"https:\/\/bon.de\/en\/wp-json\/wp\/v2\/comments?post=4630"}],"wp:featuredmedia":[{"embeddable":true,"href":"https:\/\/bon.de\/en\/wp-json\/wp\/v2\/media\/4631"}],"wp:attachment":[{"href":"https:\/\/bon.de\/en\/wp-json\/wp\/v2\/media?parent=4630"}],"wp:term":[{"taxonomy":"product_manufacturers","embeddable":true,"href":"https:\/\/bon.de\/en\/wp-json\/wp\/v2\/product_manufacturers?post=4630"},{"taxonomy":"product_brand","embeddable":true,"href":"https:\/\/bon.de\/en\/wp-json\/wp\/v2\/product_brand?post=4630"},{"taxonomy":"product_cat","embeddable":true,"href":"https:\/\/bon.de\/en\/wp-json\/wp\/v2\/product_cat?post=4630"},{"taxonomy":"product_tag","embeddable":true,"href":"https:\/\/bon.de\/en\/wp-json\/wp\/v2\/product_tag?post=4630"}],"curies":[{"name":"wp","href":"https:\/\/api.w.org\/{rel}","templated":true}]}}