{"id":4637,"date":"2020-10-29T14:59:14","date_gmt":"2020-10-29T14:59:14","guid":{"rendered":"https:\/\/bon.de\/?post_type=product&#038;p=4637"},"modified":"2022-01-11T12:24:59","modified_gmt":"2022-01-11T12:24:59","slug":"cxl-anwendungsset-fur-das-c-eye-crosslinkingsystem-inklusive-ribo-ker-riboflavin-losung-2","status":"publish","type":"product","link":"https:\/\/bon.de\/en\/product\/cxl-anwendungsset-fur-das-c-eye-crosslinkingsystem-inklusive-ribo-ker-riboflavin-losung-2\/","title":{"rendered":"CXL Application kit for the C-Eye Cross Linking System including the Ribo Ker \u2122 Riboflavin Solution."},"content":{"rendered":"<h4>CXL Application kit for the C-Eye Cross Linking System including the Ribo Ker \u2122 Riboflavin Solution.<\/h4>\n<p>&nbsp;<\/p>\n<h4>Das C-Eye\u2122 Anwendungsset &#8211; alles dabei!<\/h4>\n<p>Das praktische Set beinhaltet neben einer<br \/>\n<b>gebrauchsfertigen<\/b> Ribo-Ker\u2122 Riboflavin-<br \/>\nL\u00f6sung einen leichten Draht-<b>Lidsperrer<\/b>,<br \/>\nder sowohl im Sitzen als auch im Liegen<br \/>\nverwendet werden kann.<\/p>\n<p>Ebenfalls dazu geh\u00f6rt eine hygienische<br \/>\nEinweg-Abdeckkappe f\u00fcr das C-Eye, die eine<br \/>\nKreuzkontamination zum n\u00e4chsten Patienten<br \/>\nverhindern kann. Sie h\u00e4lt au\u00dferdem die<br \/>\nWimpern zur\u00fcck und gew\u00e4hrleistet dadurch den<br \/>\noptimalen Zugang zur Cornea.<\/p>\n<p>Vor der Behandlung wird ein Code am<br \/>\nAnwendungsset eingescannt, um die<br \/>\nBehandlung mit dem C-Eye\u2122 zu aktivieren. <b>Das bedeutet zus\u00e4tzliche Sicherheit.<\/b><\/p>\n<h4>Ribo-Ker\u2122 &#8211; Die Riboflavin-L\u00f6sung f\u00fcr alle Anwendungen<\/h4>\n<p>Ribo-Ker\u2122 wurde in enger Zusammenarbeit<br \/>\nmit praktischen Anwendern und medizinischen<br \/>\nFachberatern entwickelt.<\/p>\n<p>Diese Riboflavin-L\u00f6sung ist <b>CE-zertifiziert<\/b><br \/>\nf\u00fcr alle Epi-On und Epi-Off Crosslinking-<br \/>\nAnwendungen und f\u00fcr die Behandlung von<br \/>\ninfekti\u00f6ser Keratitis (PACK-CXL).<\/p>\n<p>Die h\u00f6here Riboflavin-Konzentration von<br \/>\nRibo-Ker\u2122 erm\u00f6glicht eine schnelle<br \/>\nstromale S\u00e4ttigung und erfordert keine<br \/>\nViskosit\u00e4tsregulierung mittels HPMC oder<br \/>\nDextran.<\/p>\n<ul>\n<li>CE-Zulassung<\/li>\n<li>gebrauchsfertige Glasspritze mit 1,5 ml<\/li>\n<li>f\u00fcr d\u00fcnne und dicke Hornh\u00e4ute<\/li>\n<li>Inhaltsstoffe: 0,14% Riboflavin (Vitamin B2), Kochsalzl\u00f6sung, Puffermittel, keine HPMC, kein Dextran.<\/li>\n<\/ul>\n","protected":false},"excerpt":{"rendered":"<p>CXL Application kit for the C-Eye Cross Linking System including the Ribo Ker \u2122 Riboflavin Solution. &nbsp; Das C-Eye\u2122 Anwendungsset &#8211; alles dabei! Das praktische Set beinhaltet neben einer gebrauchsfertigen Ribo-Ker\u2122 Riboflavin- L\u00f6sung einen leichten Draht-Lidsperrer, der sowohl im Sitzen als auch im Liegen verwendet werden kann. Ebenfalls dazu geh\u00f6rt eine hygienische Einweg-Abdeckkappe f\u00fcr das [&hellip;]<\/p>\n","protected":false},"featured_media":4638,"comment_status":"open","ping_status":"closed","template":"","meta":{"_acf_changed":false,"inline_featured_image":false},"product_manufacturers":[459],"product_brand":[],"product_cat":[117,315,245],"product_tag":[],"class_list":{"0":"post-4637","1":"product","2":"type-product","3":"status-publish","4":"has-post-thumbnail","6":"product_cat-consumables","7":"product_cat-crosslinking-2","8":"product_cat-cornea","10":"first","11":"instock","12":"taxable","13":"shipping-taxable","14":"product-type-simple"},"acf":[],"yoast_head":"<!-- This site is optimized with the Yoast SEO plugin v27.0 - https:\/\/yoast.com\/product\/yoast-seo-wordpress\/ -->\n<title>CXL Anwendungsset f\u00fcr C-Eye Crosslinkingsystem inklusive Ribo-Ker\u2122 Riboflavin-L\u00f6sung<\/title>\n<meta name=\"description\" content=\"CXL Anwendungsset f\u00fcr C-Eye Crosslinkingsystem inklusive Ribo-Ker\u2122 Riboflavin-L\u00f6sung\" \/>\n<meta name=\"robots\" content=\"index, follow, max-snippet:-1, max-image-preview:large, max-video-preview:-1\" \/>\n<link rel=\"canonical\" href=\"https:\/\/bon.de\/en\/product\/cxl-anwendungsset-fur-das-c-eye-crosslinkingsystem-inklusive-ribo-ker-riboflavin-losung-2\/\" \/>\n<meta property=\"og:locale\" content=\"en_US\" \/>\n<meta property=\"og:type\" content=\"article\" \/>\n<meta property=\"og:title\" content=\"CXL Anwendungsset f\u00fcr C-Eye Crosslinkingsystem inklusive Ribo-Ker\u2122 Riboflavin-L\u00f6sung\" \/>\n<meta property=\"og:description\" content=\"CXL Anwendungsset f\u00fcr C-Eye Crosslinkingsystem inklusive Ribo-Ker\u2122 Riboflavin-L\u00f6sung\" \/>\n<meta property=\"og:url\" content=\"https:\/\/bon.de\/en\/product\/cxl-anwendungsset-fur-das-c-eye-crosslinkingsystem-inklusive-ribo-ker-riboflavin-losung-2\/\" \/>\n<meta property=\"og:site_name\" content=\"bon Optic - Partner auf Augenh\u00f6he\" \/>\n<meta property=\"article:modified_time\" content=\"2022-01-11T12:24:59+00:00\" \/>\n<meta property=\"og:image\" content=\"https:\/\/bon.de\/wp-content\/uploads\/2020\/10\/products-riboker-1.jpg\" \/>\n\t<meta property=\"og:image:width\" content=\"670\" \/>\n\t<meta property=\"og:image:height\" content=\"791\" \/>\n\t<meta property=\"og:image:type\" content=\"image\/jpeg\" \/>\n<meta name=\"twitter:card\" content=\"summary_large_image\" \/>\n<meta name=\"twitter:label1\" content=\"Est. reading time\" \/>\n\t<meta name=\"twitter:data1\" content=\"1 minute\" \/>\n<script type=\"application\/ld+json\" class=\"yoast-schema-graph\">{\"@context\":\"https:\/\/schema.org\",\"@graph\":[{\"@type\":\"WebPage\",\"@id\":\"https:\/\/bon.de\/en\/product\/cxl-anwendungsset-fur-das-c-eye-crosslinkingsystem-inklusive-ribo-ker-riboflavin-losung-2\/\",\"url\":\"https:\/\/bon.de\/en\/product\/cxl-anwendungsset-fur-das-c-eye-crosslinkingsystem-inklusive-ribo-ker-riboflavin-losung-2\/\",\"name\":\"CXL Anwendungsset f\u00fcr C-Eye Crosslinkingsystem inklusive Ribo-Ker\u2122 Riboflavin-L\u00f6sung\",\"isPartOf\":{\"@id\":\"https:\/\/bon.de\/#website\"},\"primaryImageOfPage\":{\"@id\":\"https:\/\/bon.de\/en\/product\/cxl-anwendungsset-fur-das-c-eye-crosslinkingsystem-inklusive-ribo-ker-riboflavin-losung-2\/#primaryimage\"},\"image\":{\"@id\":\"https:\/\/bon.de\/en\/product\/cxl-anwendungsset-fur-das-c-eye-crosslinkingsystem-inklusive-ribo-ker-riboflavin-losung-2\/#primaryimage\"},\"thumbnailUrl\":\"https:\/\/bon.de\/wp-content\/uploads\/2020\/10\/products-riboker-1.jpg\",\"datePublished\":\"2020-10-29T14:59:14+00:00\",\"dateModified\":\"2022-01-11T12:24:59+00:00\",\"description\":\"CXL Anwendungsset f\u00fcr C-Eye Crosslinkingsystem inklusive Ribo-Ker\u2122 Riboflavin-L\u00f6sung\",\"breadcrumb\":{\"@id\":\"https:\/\/bon.de\/en\/product\/cxl-anwendungsset-fur-das-c-eye-crosslinkingsystem-inklusive-ribo-ker-riboflavin-losung-2\/#breadcrumb\"},\"inLanguage\":\"en-US\",\"potentialAction\":[{\"@type\":\"ReadAction\",\"target\":[\"https:\/\/bon.de\/en\/product\/cxl-anwendungsset-fur-das-c-eye-crosslinkingsystem-inklusive-ribo-ker-riboflavin-losung-2\/\"]}]},{\"@type\":\"ImageObject\",\"inLanguage\":\"en-US\",\"@id\":\"https:\/\/bon.de\/en\/product\/cxl-anwendungsset-fur-das-c-eye-crosslinkingsystem-inklusive-ribo-ker-riboflavin-losung-2\/#primaryimage\",\"url\":\"https:\/\/bon.de\/wp-content\/uploads\/2020\/10\/products-riboker-1.jpg\",\"contentUrl\":\"https:\/\/bon.de\/wp-content\/uploads\/2020\/10\/products-riboker-1.jpg\",\"width\":670,\"height\":791},{\"@type\":\"BreadcrumbList\",\"@id\":\"https:\/\/bon.de\/en\/product\/cxl-anwendungsset-fur-das-c-eye-crosslinkingsystem-inklusive-ribo-ker-riboflavin-losung-2\/#breadcrumb\",\"itemListElement\":[{\"@type\":\"ListItem\",\"position\":1,\"name\":\"Home\",\"item\":\"https:\/\/bon.de\/en\/\"},{\"@type\":\"ListItem\",\"position\":2,\"name\":\"Shop\",\"item\":\"https:\/\/bon.de\/en\/shop-2-2\/\"},{\"@type\":\"ListItem\",\"position\":3,\"name\":\"CXL Application kit for the C-Eye Cross Linking System including the Ribo Ker \u2122 Riboflavin Solution.\"}]},{\"@type\":\"WebSite\",\"@id\":\"https:\/\/bon.de\/#website\",\"url\":\"https:\/\/bon.de\/\",\"name\":\"bon Optic - Partner auf Augenh\u00f6he\",\"description\":\"\",\"publisher\":{\"@id\":\"https:\/\/bon.de\/#organization\"},\"potentialAction\":[{\"@type\":\"SearchAction\",\"target\":{\"@type\":\"EntryPoint\",\"urlTemplate\":\"https:\/\/bon.de\/?s={search_term_string}\"},\"query-input\":{\"@type\":\"PropertyValueSpecification\",\"valueRequired\":true,\"valueName\":\"search_term_string\"}}],\"inLanguage\":\"en-US\"},{\"@type\":\"Organization\",\"@id\":\"https:\/\/bon.de\/#organization\",\"name\":\"bon Optic Vertriebsgesellschaft mbH\",\"url\":\"https:\/\/bon.de\/\",\"logo\":{\"@type\":\"ImageObject\",\"inLanguage\":\"en-US\",\"@id\":\"https:\/\/bon.de\/#\/schema\/logo\/image\/\",\"url\":\"https:\/\/bon.de\/wp-content\/uploads\/2021\/06\/bon-Logo_512x512px.png\",\"contentUrl\":\"https:\/\/bon.de\/wp-content\/uploads\/2021\/06\/bon-Logo_512x512px.png\",\"width\":512,\"height\":512,\"caption\":\"bon Optic Vertriebsgesellschaft mbH\"},\"image\":{\"@id\":\"https:\/\/bon.de\/#\/schema\/logo\/image\/\"},\"sameAs\":[\"https:\/\/www.linkedin.com\/company\/bon-optic-vertriebsgesellschaft-mbh\/\",\"https:\/\/www.youtube.com\/channel\/UCSURhENDItKaH88bvn8LlcA\"]}]}<\/script>\n<!-- \/ Yoast SEO plugin. -->","yoast_head_json":{"title":"CXL Anwendungsset f\u00fcr C-Eye Crosslinkingsystem inklusive Ribo-Ker\u2122 Riboflavin-L\u00f6sung","description":"CXL Anwendungsset f\u00fcr C-Eye Crosslinkingsystem inklusive Ribo-Ker\u2122 Riboflavin-L\u00f6sung","robots":{"index":"index","follow":"follow","max-snippet":"max-snippet:-1","max-image-preview":"max-image-preview:large","max-video-preview":"max-video-preview:-1"},"canonical":"https:\/\/bon.de\/en\/product\/cxl-anwendungsset-fur-das-c-eye-crosslinkingsystem-inklusive-ribo-ker-riboflavin-losung-2\/","og_locale":"en_US","og_type":"article","og_title":"CXL Anwendungsset f\u00fcr C-Eye Crosslinkingsystem inklusive Ribo-Ker\u2122 Riboflavin-L\u00f6sung","og_description":"CXL Anwendungsset f\u00fcr C-Eye Crosslinkingsystem inklusive Ribo-Ker\u2122 Riboflavin-L\u00f6sung","og_url":"https:\/\/bon.de\/en\/product\/cxl-anwendungsset-fur-das-c-eye-crosslinkingsystem-inklusive-ribo-ker-riboflavin-losung-2\/","og_site_name":"bon Optic - Partner auf Augenh\u00f6he","article_modified_time":"2022-01-11T12:24:59+00:00","og_image":[{"width":670,"height":791,"url":"https:\/\/bon.de\/wp-content\/uploads\/2020\/10\/products-riboker-1.jpg","type":"image\/jpeg"}],"twitter_card":"summary_large_image","twitter_misc":{"Est. reading time":"1 minute"},"schema":{"@context":"https:\/\/schema.org","@graph":[{"@type":"WebPage","@id":"https:\/\/bon.de\/en\/product\/cxl-anwendungsset-fur-das-c-eye-crosslinkingsystem-inklusive-ribo-ker-riboflavin-losung-2\/","url":"https:\/\/bon.de\/en\/product\/cxl-anwendungsset-fur-das-c-eye-crosslinkingsystem-inklusive-ribo-ker-riboflavin-losung-2\/","name":"CXL Anwendungsset f\u00fcr C-Eye Crosslinkingsystem inklusive Ribo-Ker\u2122 Riboflavin-L\u00f6sung","isPartOf":{"@id":"https:\/\/bon.de\/#website"},"primaryImageOfPage":{"@id":"https:\/\/bon.de\/en\/product\/cxl-anwendungsset-fur-das-c-eye-crosslinkingsystem-inklusive-ribo-ker-riboflavin-losung-2\/#primaryimage"},"image":{"@id":"https:\/\/bon.de\/en\/product\/cxl-anwendungsset-fur-das-c-eye-crosslinkingsystem-inklusive-ribo-ker-riboflavin-losung-2\/#primaryimage"},"thumbnailUrl":"https:\/\/bon.de\/wp-content\/uploads\/2020\/10\/products-riboker-1.jpg","datePublished":"2020-10-29T14:59:14+00:00","dateModified":"2022-01-11T12:24:59+00:00","description":"CXL Anwendungsset f\u00fcr C-Eye Crosslinkingsystem inklusive Ribo-Ker\u2122 Riboflavin-L\u00f6sung","breadcrumb":{"@id":"https:\/\/bon.de\/en\/product\/cxl-anwendungsset-fur-das-c-eye-crosslinkingsystem-inklusive-ribo-ker-riboflavin-losung-2\/#breadcrumb"},"inLanguage":"en-US","potentialAction":[{"@type":"ReadAction","target":["https:\/\/bon.de\/en\/product\/cxl-anwendungsset-fur-das-c-eye-crosslinkingsystem-inklusive-ribo-ker-riboflavin-losung-2\/"]}]},{"@type":"ImageObject","inLanguage":"en-US","@id":"https:\/\/bon.de\/en\/product\/cxl-anwendungsset-fur-das-c-eye-crosslinkingsystem-inklusive-ribo-ker-riboflavin-losung-2\/#primaryimage","url":"https:\/\/bon.de\/wp-content\/uploads\/2020\/10\/products-riboker-1.jpg","contentUrl":"https:\/\/bon.de\/wp-content\/uploads\/2020\/10\/products-riboker-1.jpg","width":670,"height":791},{"@type":"BreadcrumbList","@id":"https:\/\/bon.de\/en\/product\/cxl-anwendungsset-fur-das-c-eye-crosslinkingsystem-inklusive-ribo-ker-riboflavin-losung-2\/#breadcrumb","itemListElement":[{"@type":"ListItem","position":1,"name":"Home","item":"https:\/\/bon.de\/en\/"},{"@type":"ListItem","position":2,"name":"Shop","item":"https:\/\/bon.de\/en\/shop-2-2\/"},{"@type":"ListItem","position":3,"name":"CXL Application kit for the C-Eye Cross Linking System including the Ribo Ker \u2122 Riboflavin Solution."}]},{"@type":"WebSite","@id":"https:\/\/bon.de\/#website","url":"https:\/\/bon.de\/","name":"bon Optic - Partner auf Augenh\u00f6he","description":"","publisher":{"@id":"https:\/\/bon.de\/#organization"},"potentialAction":[{"@type":"SearchAction","target":{"@type":"EntryPoint","urlTemplate":"https:\/\/bon.de\/?s={search_term_string}"},"query-input":{"@type":"PropertyValueSpecification","valueRequired":true,"valueName":"search_term_string"}}],"inLanguage":"en-US"},{"@type":"Organization","@id":"https:\/\/bon.de\/#organization","name":"bon Optic Vertriebsgesellschaft mbH","url":"https:\/\/bon.de\/","logo":{"@type":"ImageObject","inLanguage":"en-US","@id":"https:\/\/bon.de\/#\/schema\/logo\/image\/","url":"https:\/\/bon.de\/wp-content\/uploads\/2021\/06\/bon-Logo_512x512px.png","contentUrl":"https:\/\/bon.de\/wp-content\/uploads\/2021\/06\/bon-Logo_512x512px.png","width":512,"height":512,"caption":"bon Optic Vertriebsgesellschaft mbH"},"image":{"@id":"https:\/\/bon.de\/#\/schema\/logo\/image\/"},"sameAs":["https:\/\/www.linkedin.com\/company\/bon-optic-vertriebsgesellschaft-mbh\/","https:\/\/www.youtube.com\/channel\/UCSURhENDItKaH88bvn8LlcA"]}]}},"_links":{"self":[{"href":"https:\/\/bon.de\/en\/wp-json\/wp\/v2\/product\/4637","targetHints":{"allow":["GET"]}}],"collection":[{"href":"https:\/\/bon.de\/en\/wp-json\/wp\/v2\/product"}],"about":[{"href":"https:\/\/bon.de\/en\/wp-json\/wp\/v2\/types\/product"}],"replies":[{"embeddable":true,"href":"https:\/\/bon.de\/en\/wp-json\/wp\/v2\/comments?post=4637"}],"wp:featuredmedia":[{"embeddable":true,"href":"https:\/\/bon.de\/en\/wp-json\/wp\/v2\/media\/4638"}],"wp:attachment":[{"href":"https:\/\/bon.de\/en\/wp-json\/wp\/v2\/media?parent=4637"}],"wp:term":[{"taxonomy":"product_manufacturers","embeddable":true,"href":"https:\/\/bon.de\/en\/wp-json\/wp\/v2\/product_manufacturers?post=4637"},{"taxonomy":"product_brand","embeddable":true,"href":"https:\/\/bon.de\/en\/wp-json\/wp\/v2\/product_brand?post=4637"},{"taxonomy":"product_cat","embeddable":true,"href":"https:\/\/bon.de\/en\/wp-json\/wp\/v2\/product_cat?post=4637"},{"taxonomy":"product_tag","embeddable":true,"href":"https:\/\/bon.de\/en\/wp-json\/wp\/v2\/product_tag?post=4637"}],"curies":[{"name":"wp","href":"https:\/\/api.w.org\/{rel}","templated":true}]}}