{"id":4685,"date":"2021-01-11T12:28:08","date_gmt":"2021-01-11T12:28:08","guid":{"rendered":"https:\/\/bon.de\/?post_type=product&#038;p=4685"},"modified":"2021-01-11T12:31:01","modified_gmt":"2021-01-11T12:31:01","slug":"heine-beta-200-s-led-ophthalmoskop-2","status":"publish","type":"product","link":"https:\/\/bon.de\/en\/product\/heine-beta-200-s-led-ophthalmoskop-2\/","title":{"rendered":"Heine BETA 200 S LED Ophthalmoskop"},"content":{"rendered":"<h4>HEINE BETA\u00ae 200S Ophthalmoskop mit LED Beleuchtung &#8211;  \u00dcberlegene asph\u00e4rische Optik mit 74 Ein-Dioptrien-Schritten<\/h4>\n<p>\nDas einzigartige staubdichte Design sch\u00fctzt die Pr\u00e4zisionsoptik und erm\u00f6glicht einenwartungsfreien Gebrauch. Die BETA 200 \/ 200 S Ophthalmoskope sind die einzigen miteinem Aluminium-Tr\u00e4gerelement. Die optischen Komponenten sind fl\u00e4chenb\u00fcndig ineinen Rahmen aus Aluminiumguss integriert, wodurch eine Dezentrierung verhindert und das Instrument resistent gegen\u00fcber St\u00f6\u00dfen wird. Das BETA 200 S LED hat eine LED mit praktisch unbegrenzter Lebensdauer (bis zu 100 000 Stunden), kein Lampenwechsel n\u00f6tig.<\/p>\n<li>\nEinzigartiges optisches System.<br \/>\n<br \/>HEINE verwirklicht in idealer Weise das Gullstrand- Prinzip (Trennung des Beleuchtungs-und Beobachtungsstrahls). Hornhaut- und Irisreflexe werden eliminiert. Auch bei engen Pupillen ist der beleuchtete Netzhautbereich voll sichtbar.\n<\/li>\n<li>\nLED-Technologie. Hohe Beleuchtungsst\u00e4rke.<br \/>\n<br \/>Refraktionsausgleich: 28 Linsen im Bereich von -36D bis +38D. Scharfes Bild auch bei starken Refraktionsanomalien.<br \/>\n<br \/>+ in 1 D Schritten: +1 bis +38 D<br \/>\n<br \/>\u2013 in 1 D Schritten: \u20131 bis \u201336 D\n<\/li>\n<p><\/p>\n<li>\nSieben Leuchtfeldblenden mit separat zuschaltbarem Interferenz-Rotfrei-Filter.<br \/>\n<br \/>Instrument geeignet f\u00fcr enge und weite Pupillen, Spalt-Ophthalmoskopie, Fixations-Test und Fluoreszenz-Ophthalmoskopie. Kontrastverst\u00e4rkendes Rotfrei-Licht mit jeder Blende nutzbar.\n<\/li>\n<li>\nTiefliegendes verg\u00fctetes Einblickfenster. Kein Einfall von Nebenlicht.\n<\/li>\n<li>\nStaubdichtes Geh\u00e4use.\n<\/li>\n<li>\nOptische Bauteile montiert auf Metalltr\u00e4gerelemente. Lange Lebensdauer, gleichbleibend hohe optische Pr\u00e4zision.\n<\/li>\n<li>\nErgonomische Formgebung. Instrument liegt immer gut in der Orbita an.\n<\/li>\n<li>\nWeiche Orbitalst\u00fctze. Sch\u00fctzt die Untersucherbrille, sicherer Halt.\n<\/li>\n","protected":false},"excerpt":{"rendered":"<p>HEINE BETA\u00ae 200S Ophthalmoskop mit LED Beleuchtung &#8211; \u00dcberlegene asph\u00e4rische Optik mit 74 Ein-Dioptrien-Schritten Das einzigartige staubdichte Design sch\u00fctzt die Pr\u00e4zisionsoptik und erm\u00f6glicht einenwartungsfreien Gebrauch. Die BETA 200 \/ 200 S Ophthalmoskope sind die einzigen miteinem Aluminium-Tr\u00e4gerelement. Die optischen Komponenten sind fl\u00e4chenb\u00fcndig ineinen Rahmen aus Aluminiumguss integriert, wodurch eine Dezentrierung verhindert und das Instrument resistent [&hellip;]<\/p>\n","protected":false},"featured_media":8898,"comment_status":"open","ping_status":"closed","template":"","meta":{"_acf_changed":false,"inline_featured_image":false},"product_manufacturers":[467],"product_brand":[],"product_cat":[321,185,149,417],"product_tag":[],"class_list":{"0":"post-4685","1":"product","2":"type-product","3":"status-publish","4":"has-post-thumbnail","6":"product_cat-ophthalmoscopes-3","7":"product_cat-bon-shop-2","8":"product_cat-handhelds","9":"product_cat-ophthalmoscopes-4","11":"first","12":"instock","13":"taxable","14":"shipping-taxable","15":"purchasable","16":"product-type-simple"},"acf":[],"yoast_head":"<!-- This site is optimized with the Yoast SEO plugin v27.0 - https:\/\/yoast.com\/product\/yoast-seo-wordpress\/ -->\n<title>Heine BETA 200 S LED Ophthalmoskop - bon Optic - Partner auf Augenh\u00f6he<\/title>\n<meta name=\"robots\" content=\"index, follow, max-snippet:-1, max-image-preview:large, max-video-preview:-1\" \/>\n<link rel=\"canonical\" href=\"https:\/\/bon.de\/produkt\/heine-beta-200-s-led-ophthalmoskop\/\" \/>\n<meta property=\"og:locale\" content=\"en_US\" \/>\n<meta property=\"og:type\" content=\"article\" \/>\n<meta property=\"og:title\" content=\"Heine BETA 200 S LED Ophthalmoskop - bon Optic - Partner auf Augenh\u00f6he\" \/>\n<meta property=\"og:description\" content=\"HEINE BETA\u00ae 200S Ophthalmoskop mit LED Beleuchtung &#8211; \u00dcberlegene asph\u00e4rische Optik mit 74 Ein-Dioptrien-Schritten Das einzigartige staubdichte Design sch\u00fctzt die Pr\u00e4zisionsoptik und erm\u00f6glicht einenwartungsfreien Gebrauch. Die BETA 200 \/ 200 S Ophthalmoskope sind die einzigen miteinem Aluminium-Tr\u00e4gerelement. Die optischen Komponenten sind fl\u00e4chenb\u00fcndig ineinen Rahmen aus Aluminiumguss integriert, wodurch eine Dezentrierung verhindert und das Instrument resistent [&hellip;]\" \/>\n<meta property=\"og:url\" content=\"https:\/\/bon.de\/produkt\/heine-beta-200-s-led-ophthalmoskop\/\" \/>\n<meta property=\"og:site_name\" content=\"bon Optic - Partner auf Augenh\u00f6he\" \/>\n<meta property=\"article:modified_time\" content=\"2021-01-11T12:31:01+00:00\" \/>\n<meta property=\"og:image\" content=\"https:\/\/bon.de\/wp-content\/uploads\/2021\/01\/c00830120.jpg\" \/>\n\t<meta property=\"og:image:width\" content=\"1804\" \/>\n\t<meta property=\"og:image:height\" content=\"1600\" \/>\n\t<meta property=\"og:image:type\" content=\"image\/jpeg\" \/>\n<meta name=\"twitter:card\" content=\"summary_large_image\" \/>\n<meta name=\"twitter:label1\" content=\"Est. reading time\" \/>\n\t<meta name=\"twitter:data1\" content=\"1 minute\" \/>\n<script type=\"application\/ld+json\" class=\"yoast-schema-graph\">{\"@context\":\"https:\/\/schema.org\",\"@graph\":[{\"@type\":\"WebPage\",\"@id\":\"https:\/\/bon.de\/produkt\/heine-beta-200-s-led-ophthalmoskop\/\",\"url\":\"https:\/\/bon.de\/produkt\/heine-beta-200-s-led-ophthalmoskop\/\",\"name\":\"Heine BETA 200 S LED Ophthalmoskop - bon Optic - Partner auf Augenh\u00f6he\",\"isPartOf\":{\"@id\":\"https:\/\/bon.de\/#website\"},\"primaryImageOfPage\":{\"@id\":\"https:\/\/bon.de\/produkt\/heine-beta-200-s-led-ophthalmoskop\/#primaryimage\"},\"image\":{\"@id\":\"https:\/\/bon.de\/produkt\/heine-beta-200-s-led-ophthalmoskop\/#primaryimage\"},\"thumbnailUrl\":\"https:\/\/bon.de\/wp-content\/uploads\/2021\/01\/c00830120.jpg\",\"datePublished\":\"2021-01-11T12:28:08+00:00\",\"dateModified\":\"2021-01-11T12:31:01+00:00\",\"breadcrumb\":{\"@id\":\"https:\/\/bon.de\/produkt\/heine-beta-200-s-led-ophthalmoskop\/#breadcrumb\"},\"inLanguage\":\"en-US\",\"potentialAction\":[{\"@type\":\"ReadAction\",\"target\":[\"https:\/\/bon.de\/produkt\/heine-beta-200-s-led-ophthalmoskop\/\"]}]},{\"@type\":\"ImageObject\",\"inLanguage\":\"en-US\",\"@id\":\"https:\/\/bon.de\/produkt\/heine-beta-200-s-led-ophthalmoskop\/#primaryimage\",\"url\":\"https:\/\/bon.de\/wp-content\/uploads\/2021\/01\/c00830120.jpg\",\"contentUrl\":\"https:\/\/bon.de\/wp-content\/uploads\/2021\/01\/c00830120.jpg\",\"width\":1804,\"height\":1600,\"caption\":\"Heine BETA 200 S LED Ophthalmoskopkopf (ohne Handgriff)\"},{\"@type\":\"BreadcrumbList\",\"@id\":\"https:\/\/bon.de\/produkt\/heine-beta-200-s-led-ophthalmoskop\/#breadcrumb\",\"itemListElement\":[{\"@type\":\"ListItem\",\"position\":1,\"name\":\"Home\",\"item\":\"https:\/\/bon.de\/en\/\"},{\"@type\":\"ListItem\",\"position\":2,\"name\":\"Shop\",\"item\":\"https:\/\/bon.de\/en\/shop-2-2\/\"},{\"@type\":\"ListItem\",\"position\":3,\"name\":\"Heine BETA 200 S LED Ophthalmoskop\"}]},{\"@type\":\"WebSite\",\"@id\":\"https:\/\/bon.de\/#website\",\"url\":\"https:\/\/bon.de\/\",\"name\":\"bon Optic - Partner auf Augenh\u00f6he\",\"description\":\"\",\"publisher\":{\"@id\":\"https:\/\/bon.de\/#organization\"},\"potentialAction\":[{\"@type\":\"SearchAction\",\"target\":{\"@type\":\"EntryPoint\",\"urlTemplate\":\"https:\/\/bon.de\/?s={search_term_string}\"},\"query-input\":{\"@type\":\"PropertyValueSpecification\",\"valueRequired\":true,\"valueName\":\"search_term_string\"}}],\"inLanguage\":\"en-US\"},{\"@type\":\"Organization\",\"@id\":\"https:\/\/bon.de\/#organization\",\"name\":\"bon Optic Vertriebsgesellschaft mbH\",\"url\":\"https:\/\/bon.de\/\",\"logo\":{\"@type\":\"ImageObject\",\"inLanguage\":\"en-US\",\"@id\":\"https:\/\/bon.de\/#\/schema\/logo\/image\/\",\"url\":\"https:\/\/bon.de\/wp-content\/uploads\/2021\/06\/bon-Logo_512x512px.png\",\"contentUrl\":\"https:\/\/bon.de\/wp-content\/uploads\/2021\/06\/bon-Logo_512x512px.png\",\"width\":512,\"height\":512,\"caption\":\"bon Optic Vertriebsgesellschaft mbH\"},\"image\":{\"@id\":\"https:\/\/bon.de\/#\/schema\/logo\/image\/\"},\"sameAs\":[\"https:\/\/www.linkedin.com\/company\/bon-optic-vertriebsgesellschaft-mbh\/\",\"https:\/\/www.youtube.com\/channel\/UCSURhENDItKaH88bvn8LlcA\"]}]}<\/script>\n<!-- \/ Yoast SEO plugin. -->","yoast_head_json":{"title":"Heine BETA 200 S LED Ophthalmoskop - bon Optic - Partner auf Augenh\u00f6he","robots":{"index":"index","follow":"follow","max-snippet":"max-snippet:-1","max-image-preview":"max-image-preview:large","max-video-preview":"max-video-preview:-1"},"canonical":"https:\/\/bon.de\/produkt\/heine-beta-200-s-led-ophthalmoskop\/","og_locale":"en_US","og_type":"article","og_title":"Heine BETA 200 S LED Ophthalmoskop - bon Optic - Partner auf Augenh\u00f6he","og_description":"HEINE BETA\u00ae 200S Ophthalmoskop mit LED Beleuchtung &#8211; \u00dcberlegene asph\u00e4rische Optik mit 74 Ein-Dioptrien-Schritten Das einzigartige staubdichte Design sch\u00fctzt die Pr\u00e4zisionsoptik und erm\u00f6glicht einenwartungsfreien Gebrauch. Die BETA 200 \/ 200 S Ophthalmoskope sind die einzigen miteinem Aluminium-Tr\u00e4gerelement. Die optischen Komponenten sind fl\u00e4chenb\u00fcndig ineinen Rahmen aus Aluminiumguss integriert, wodurch eine Dezentrierung verhindert und das Instrument resistent [&hellip;]","og_url":"https:\/\/bon.de\/produkt\/heine-beta-200-s-led-ophthalmoskop\/","og_site_name":"bon Optic - Partner auf Augenh\u00f6he","article_modified_time":"2021-01-11T12:31:01+00:00","og_image":[{"width":1804,"height":1600,"url":"https:\/\/bon.de\/wp-content\/uploads\/2021\/01\/c00830120.jpg","type":"image\/jpeg"}],"twitter_card":"summary_large_image","twitter_misc":{"Est. reading time":"1 minute"},"schema":{"@context":"https:\/\/schema.org","@graph":[{"@type":"WebPage","@id":"https:\/\/bon.de\/produkt\/heine-beta-200-s-led-ophthalmoskop\/","url":"https:\/\/bon.de\/produkt\/heine-beta-200-s-led-ophthalmoskop\/","name":"Heine BETA 200 S LED Ophthalmoskop - bon Optic - Partner auf Augenh\u00f6he","isPartOf":{"@id":"https:\/\/bon.de\/#website"},"primaryImageOfPage":{"@id":"https:\/\/bon.de\/produkt\/heine-beta-200-s-led-ophthalmoskop\/#primaryimage"},"image":{"@id":"https:\/\/bon.de\/produkt\/heine-beta-200-s-led-ophthalmoskop\/#primaryimage"},"thumbnailUrl":"https:\/\/bon.de\/wp-content\/uploads\/2021\/01\/c00830120.jpg","datePublished":"2021-01-11T12:28:08+00:00","dateModified":"2021-01-11T12:31:01+00:00","breadcrumb":{"@id":"https:\/\/bon.de\/produkt\/heine-beta-200-s-led-ophthalmoskop\/#breadcrumb"},"inLanguage":"en-US","potentialAction":[{"@type":"ReadAction","target":["https:\/\/bon.de\/produkt\/heine-beta-200-s-led-ophthalmoskop\/"]}]},{"@type":"ImageObject","inLanguage":"en-US","@id":"https:\/\/bon.de\/produkt\/heine-beta-200-s-led-ophthalmoskop\/#primaryimage","url":"https:\/\/bon.de\/wp-content\/uploads\/2021\/01\/c00830120.jpg","contentUrl":"https:\/\/bon.de\/wp-content\/uploads\/2021\/01\/c00830120.jpg","width":1804,"height":1600,"caption":"Heine BETA 200 S LED Ophthalmoskopkopf (ohne Handgriff)"},{"@type":"BreadcrumbList","@id":"https:\/\/bon.de\/produkt\/heine-beta-200-s-led-ophthalmoskop\/#breadcrumb","itemListElement":[{"@type":"ListItem","position":1,"name":"Home","item":"https:\/\/bon.de\/en\/"},{"@type":"ListItem","position":2,"name":"Shop","item":"https:\/\/bon.de\/en\/shop-2-2\/"},{"@type":"ListItem","position":3,"name":"Heine BETA 200 S LED Ophthalmoskop"}]},{"@type":"WebSite","@id":"https:\/\/bon.de\/#website","url":"https:\/\/bon.de\/","name":"bon Optic - Partner auf Augenh\u00f6he","description":"","publisher":{"@id":"https:\/\/bon.de\/#organization"},"potentialAction":[{"@type":"SearchAction","target":{"@type":"EntryPoint","urlTemplate":"https:\/\/bon.de\/?s={search_term_string}"},"query-input":{"@type":"PropertyValueSpecification","valueRequired":true,"valueName":"search_term_string"}}],"inLanguage":"en-US"},{"@type":"Organization","@id":"https:\/\/bon.de\/#organization","name":"bon Optic Vertriebsgesellschaft mbH","url":"https:\/\/bon.de\/","logo":{"@type":"ImageObject","inLanguage":"en-US","@id":"https:\/\/bon.de\/#\/schema\/logo\/image\/","url":"https:\/\/bon.de\/wp-content\/uploads\/2021\/06\/bon-Logo_512x512px.png","contentUrl":"https:\/\/bon.de\/wp-content\/uploads\/2021\/06\/bon-Logo_512x512px.png","width":512,"height":512,"caption":"bon Optic Vertriebsgesellschaft mbH"},"image":{"@id":"https:\/\/bon.de\/#\/schema\/logo\/image\/"},"sameAs":["https:\/\/www.linkedin.com\/company\/bon-optic-vertriebsgesellschaft-mbh\/","https:\/\/www.youtube.com\/channel\/UCSURhENDItKaH88bvn8LlcA"]}]}},"_links":{"self":[{"href":"https:\/\/bon.de\/en\/wp-json\/wp\/v2\/product\/4685","targetHints":{"allow":["GET"]}}],"collection":[{"href":"https:\/\/bon.de\/en\/wp-json\/wp\/v2\/product"}],"about":[{"href":"https:\/\/bon.de\/en\/wp-json\/wp\/v2\/types\/product"}],"replies":[{"embeddable":true,"href":"https:\/\/bon.de\/en\/wp-json\/wp\/v2\/comments?post=4685"}],"wp:featuredmedia":[{"embeddable":true,"href":"https:\/\/bon.de\/en\/wp-json\/wp\/v2\/media\/8898"}],"wp:attachment":[{"href":"https:\/\/bon.de\/en\/wp-json\/wp\/v2\/media?parent=4685"}],"wp:term":[{"taxonomy":"product_manufacturers","embeddable":true,"href":"https:\/\/bon.de\/en\/wp-json\/wp\/v2\/product_manufacturers?post=4685"},{"taxonomy":"product_brand","embeddable":true,"href":"https:\/\/bon.de\/en\/wp-json\/wp\/v2\/product_brand?post=4685"},{"taxonomy":"product_cat","embeddable":true,"href":"https:\/\/bon.de\/en\/wp-json\/wp\/v2\/product_cat?post=4685"},{"taxonomy":"product_tag","embeddable":true,"href":"https:\/\/bon.de\/en\/wp-json\/wp\/v2\/product_tag?post=4685"}],"curies":[{"name":"wp","href":"https:\/\/api.w.org\/{rel}","templated":true}]}}