{"id":4691,"date":"2021-01-27T10:54:08","date_gmt":"2021-01-27T10:54:08","guid":{"rendered":"https:\/\/bon.de\/?post_type=product&#038;p=4691"},"modified":"2021-02-15T07:38:03","modified_gmt":"2021-02-15T07:38:03","slug":"vela-medical-samba-520-drehhocker-mit-rollen-bequemem-polster-und-ruckenlehne-2","status":"publish","type":"product","link":"https:\/\/bon.de\/en\/product\/vela-medical-samba-520-drehhocker-mit-rollen-bequemem-polster-und-ruckenlehne-2\/","title":{"rendered":"VELA Medical &#8220;Samba 520&#8221; Drehhocker mit Rollen, bequemem Polster und R\u00fcckenlehne"},"content":{"rendered":"<p>Der VELA Samba 520 ist ein Drehhocker mit sehr bequemem dicken Sitzposter.<br \/>\n<br \/>Das kompakte Design erm\u00f6glicht gute Bewegungsfreiheit im Sitzen.<\/p>\n<p>Zus\u00e4tzlich zum Modell Samba 500 bietet das Modell Samba 520 eine <b>verstellbare ergonomische R\u00fcckenlehne<\/b> und die M\u00f6glichkeit, die <b>Neigung der Sitzfl\u00e4che<\/b> f\u00fcr optimale Ergolomie zu justieren.<br \/>\n<br \/>Diese f\u00f6rdert eine aktive Sitzposition und erm\u00f6glicht eine freie Bewegung der Schultern und Arme.<\/p>\n<p>Der Stuhl hat eine CE-Kennzeichnung gem\u00e4\u00df der medizinischen Richtlinie MDD 93\/42\/EEC erhalten, was bedeutet, dass er s\u00e4mtlichen europ\u00e4ischen Sicherheitsanforderungen entspricht.<\/p>\n<p>Die Standardfarbe des Stuhlbezugs ist <b>Schwarz<\/b>. Andere Farben sind auf Anfrage erh\u00e4ltlich.<\/p>\n","protected":false},"excerpt":{"rendered":"<p>Der VELA Samba 520 ist ein Drehhocker mit sehr bequemem dicken Sitzposter. Das kompakte Design erm\u00f6glicht gute Bewegungsfreiheit im Sitzen. Zus\u00e4tzlich zum Modell Samba 500 bietet das Modell Samba 520 eine verstellbare ergonomische R\u00fcckenlehne und die M\u00f6glichkeit, die Neigung der Sitzfl\u00e4che f\u00fcr optimale Ergolomie zu justieren. Diese f\u00f6rdert eine aktive Sitzposition und erm\u00f6glicht eine freie [&hellip;]<\/p>\n","protected":false},"featured_media":4692,"comment_status":"open","ping_status":"closed","template":"","meta":{"_acf_changed":false,"inline_featured_image":false},"product_manufacturers":[700],"product_brand":[],"product_cat":[107,123,127],"product_tag":[],"class_list":{"0":"post-4691","1":"product","2":"type-product","3":"status-publish","4":"has-post-thumbnail","6":"product_cat-furniture","7":"product_cat-patient-chairs","8":"product_cat-stools","10":"first","11":"instock","12":"taxable","13":"shipping-taxable","14":"product-type-simple"},"acf":[],"yoast_head":"<!-- This site is optimized with the Yoast SEO plugin v27.0 - https:\/\/yoast.com\/product\/yoast-seo-wordpress\/ -->\n<title>VELA Medical Hocker Samba 520<\/title>\n<meta name=\"robots\" content=\"index, follow, max-snippet:-1, max-image-preview:large, max-video-preview:-1\" \/>\n<link rel=\"canonical\" href=\"https:\/\/bon.de\/en\/product\/vela-medical-samba-520-drehhocker-mit-rollen-bequemem-polster-und-ruckenlehne-2\/\" \/>\n<meta property=\"og:locale\" content=\"en_US\" \/>\n<meta property=\"og:type\" content=\"article\" \/>\n<meta property=\"og:title\" content=\"VELA Medical Hocker Samba 520\" \/>\n<meta property=\"og:description\" content=\"Der VELA Samba 520 ist ein Drehhocker mit sehr bequemem dicken Sitzposter. Das kompakte Design erm\u00f6glicht gute Bewegungsfreiheit im Sitzen. Zus\u00e4tzlich zum Modell Samba 500 bietet das Modell Samba 520 eine verstellbare ergonomische R\u00fcckenlehne und die M\u00f6glichkeit, die Neigung der Sitzfl\u00e4che f\u00fcr optimale Ergolomie zu justieren. Diese f\u00f6rdert eine aktive Sitzposition und erm\u00f6glicht eine freie [&hellip;]\" \/>\n<meta property=\"og:url\" content=\"https:\/\/bon.de\/en\/product\/vela-medical-samba-520-drehhocker-mit-rollen-bequemem-polster-und-ruckenlehne-2\/\" \/>\n<meta property=\"og:site_name\" content=\"bon Optic - Partner auf Augenh\u00f6he\" \/>\n<meta property=\"article:modified_time\" content=\"2021-02-15T07:38:03+00:00\" \/>\n<meta property=\"og:image\" content=\"https:\/\/bon.de\/wp-content\/uploads\/2021\/01\/products-vela_samba_520_-_sort_-_frontright-1.jpg\" \/>\n\t<meta property=\"og:image:width\" content=\"525\" \/>\n\t<meta property=\"og:image:height\" content=\"900\" \/>\n\t<meta property=\"og:image:type\" content=\"image\/jpeg\" \/>\n<meta name=\"twitter:card\" content=\"summary_large_image\" \/>\n<meta name=\"twitter:label1\" content=\"Est. reading time\" \/>\n\t<meta name=\"twitter:data1\" content=\"1 minute\" \/>\n<script type=\"application\/ld+json\" class=\"yoast-schema-graph\">{\"@context\":\"https:\/\/schema.org\",\"@graph\":[{\"@type\":\"WebPage\",\"@id\":\"https:\/\/bon.de\/en\/product\/vela-medical-samba-520-drehhocker-mit-rollen-bequemem-polster-und-ruckenlehne-2\/\",\"url\":\"https:\/\/bon.de\/en\/product\/vela-medical-samba-520-drehhocker-mit-rollen-bequemem-polster-und-ruckenlehne-2\/\",\"name\":\"VELA Medical Hocker Samba 520\",\"isPartOf\":{\"@id\":\"https:\/\/bon.de\/#website\"},\"primaryImageOfPage\":{\"@id\":\"https:\/\/bon.de\/en\/product\/vela-medical-samba-520-drehhocker-mit-rollen-bequemem-polster-und-ruckenlehne-2\/#primaryimage\"},\"image\":{\"@id\":\"https:\/\/bon.de\/en\/product\/vela-medical-samba-520-drehhocker-mit-rollen-bequemem-polster-und-ruckenlehne-2\/#primaryimage\"},\"thumbnailUrl\":\"https:\/\/bon.de\/wp-content\/uploads\/2021\/01\/products-vela_samba_520_-_sort_-_frontright-1.jpg\",\"datePublished\":\"2021-01-27T10:54:08+00:00\",\"dateModified\":\"2021-02-15T07:38:03+00:00\",\"breadcrumb\":{\"@id\":\"https:\/\/bon.de\/en\/product\/vela-medical-samba-520-drehhocker-mit-rollen-bequemem-polster-und-ruckenlehne-2\/#breadcrumb\"},\"inLanguage\":\"en-US\",\"potentialAction\":[{\"@type\":\"ReadAction\",\"target\":[\"https:\/\/bon.de\/en\/product\/vela-medical-samba-520-drehhocker-mit-rollen-bequemem-polster-und-ruckenlehne-2\/\"]}]},{\"@type\":\"ImageObject\",\"inLanguage\":\"en-US\",\"@id\":\"https:\/\/bon.de\/en\/product\/vela-medical-samba-520-drehhocker-mit-rollen-bequemem-polster-und-ruckenlehne-2\/#primaryimage\",\"url\":\"https:\/\/bon.de\/wp-content\/uploads\/2021\/01\/products-vela_samba_520_-_sort_-_frontright-1.jpg\",\"contentUrl\":\"https:\/\/bon.de\/wp-content\/uploads\/2021\/01\/products-vela_samba_520_-_sort_-_frontright-1.jpg\",\"width\":525,\"height\":900,\"caption\":\"VELA Medical \\\"Samba 520\\\" Drehhocker mit Rollen, bequemem Polster und R\u00fcckenlehne\"},{\"@type\":\"BreadcrumbList\",\"@id\":\"https:\/\/bon.de\/en\/product\/vela-medical-samba-520-drehhocker-mit-rollen-bequemem-polster-und-ruckenlehne-2\/#breadcrumb\",\"itemListElement\":[{\"@type\":\"ListItem\",\"position\":1,\"name\":\"Home\",\"item\":\"https:\/\/bon.de\/en\/\"},{\"@type\":\"ListItem\",\"position\":2,\"name\":\"Shop\",\"item\":\"https:\/\/bon.de\/en\/shop-2-2\/\"},{\"@type\":\"ListItem\",\"position\":3,\"name\":\"VELA Medical &#8220;Samba 520&#8221; Drehhocker mit Rollen, bequemem Polster und R\u00fcckenlehne\"}]},{\"@type\":\"WebSite\",\"@id\":\"https:\/\/bon.de\/#website\",\"url\":\"https:\/\/bon.de\/\",\"name\":\"bon Optic - Partner auf Augenh\u00f6he\",\"description\":\"\",\"publisher\":{\"@id\":\"https:\/\/bon.de\/#organization\"},\"potentialAction\":[{\"@type\":\"SearchAction\",\"target\":{\"@type\":\"EntryPoint\",\"urlTemplate\":\"https:\/\/bon.de\/?s={search_term_string}\"},\"query-input\":{\"@type\":\"PropertyValueSpecification\",\"valueRequired\":true,\"valueName\":\"search_term_string\"}}],\"inLanguage\":\"en-US\"},{\"@type\":\"Organization\",\"@id\":\"https:\/\/bon.de\/#organization\",\"name\":\"bon Optic Vertriebsgesellschaft mbH\",\"url\":\"https:\/\/bon.de\/\",\"logo\":{\"@type\":\"ImageObject\",\"inLanguage\":\"en-US\",\"@id\":\"https:\/\/bon.de\/#\/schema\/logo\/image\/\",\"url\":\"https:\/\/bon.de\/wp-content\/uploads\/2021\/06\/bon-Logo_512x512px.png\",\"contentUrl\":\"https:\/\/bon.de\/wp-content\/uploads\/2021\/06\/bon-Logo_512x512px.png\",\"width\":512,\"height\":512,\"caption\":\"bon Optic Vertriebsgesellschaft mbH\"},\"image\":{\"@id\":\"https:\/\/bon.de\/#\/schema\/logo\/image\/\"},\"sameAs\":[\"https:\/\/www.linkedin.com\/company\/bon-optic-vertriebsgesellschaft-mbh\/\",\"https:\/\/www.youtube.com\/channel\/UCSURhENDItKaH88bvn8LlcA\"]}]}<\/script>\n<!-- \/ Yoast SEO plugin. -->","yoast_head_json":{"title":"VELA Medical Hocker Samba 520","robots":{"index":"index","follow":"follow","max-snippet":"max-snippet:-1","max-image-preview":"max-image-preview:large","max-video-preview":"max-video-preview:-1"},"canonical":"https:\/\/bon.de\/en\/product\/vela-medical-samba-520-drehhocker-mit-rollen-bequemem-polster-und-ruckenlehne-2\/","og_locale":"en_US","og_type":"article","og_title":"VELA Medical Hocker Samba 520","og_description":"Der VELA Samba 520 ist ein Drehhocker mit sehr bequemem dicken Sitzposter. Das kompakte Design erm\u00f6glicht gute Bewegungsfreiheit im Sitzen. Zus\u00e4tzlich zum Modell Samba 500 bietet das Modell Samba 520 eine verstellbare ergonomische R\u00fcckenlehne und die M\u00f6glichkeit, die Neigung der Sitzfl\u00e4che f\u00fcr optimale Ergolomie zu justieren. Diese f\u00f6rdert eine aktive Sitzposition und erm\u00f6glicht eine freie [&hellip;]","og_url":"https:\/\/bon.de\/en\/product\/vela-medical-samba-520-drehhocker-mit-rollen-bequemem-polster-und-ruckenlehne-2\/","og_site_name":"bon Optic - Partner auf Augenh\u00f6he","article_modified_time":"2021-02-15T07:38:03+00:00","og_image":[{"width":525,"height":900,"url":"https:\/\/bon.de\/wp-content\/uploads\/2021\/01\/products-vela_samba_520_-_sort_-_frontright-1.jpg","type":"image\/jpeg"}],"twitter_card":"summary_large_image","twitter_misc":{"Est. reading time":"1 minute"},"schema":{"@context":"https:\/\/schema.org","@graph":[{"@type":"WebPage","@id":"https:\/\/bon.de\/en\/product\/vela-medical-samba-520-drehhocker-mit-rollen-bequemem-polster-und-ruckenlehne-2\/","url":"https:\/\/bon.de\/en\/product\/vela-medical-samba-520-drehhocker-mit-rollen-bequemem-polster-und-ruckenlehne-2\/","name":"VELA Medical Hocker Samba 520","isPartOf":{"@id":"https:\/\/bon.de\/#website"},"primaryImageOfPage":{"@id":"https:\/\/bon.de\/en\/product\/vela-medical-samba-520-drehhocker-mit-rollen-bequemem-polster-und-ruckenlehne-2\/#primaryimage"},"image":{"@id":"https:\/\/bon.de\/en\/product\/vela-medical-samba-520-drehhocker-mit-rollen-bequemem-polster-und-ruckenlehne-2\/#primaryimage"},"thumbnailUrl":"https:\/\/bon.de\/wp-content\/uploads\/2021\/01\/products-vela_samba_520_-_sort_-_frontright-1.jpg","datePublished":"2021-01-27T10:54:08+00:00","dateModified":"2021-02-15T07:38:03+00:00","breadcrumb":{"@id":"https:\/\/bon.de\/en\/product\/vela-medical-samba-520-drehhocker-mit-rollen-bequemem-polster-und-ruckenlehne-2\/#breadcrumb"},"inLanguage":"en-US","potentialAction":[{"@type":"ReadAction","target":["https:\/\/bon.de\/en\/product\/vela-medical-samba-520-drehhocker-mit-rollen-bequemem-polster-und-ruckenlehne-2\/"]}]},{"@type":"ImageObject","inLanguage":"en-US","@id":"https:\/\/bon.de\/en\/product\/vela-medical-samba-520-drehhocker-mit-rollen-bequemem-polster-und-ruckenlehne-2\/#primaryimage","url":"https:\/\/bon.de\/wp-content\/uploads\/2021\/01\/products-vela_samba_520_-_sort_-_frontright-1.jpg","contentUrl":"https:\/\/bon.de\/wp-content\/uploads\/2021\/01\/products-vela_samba_520_-_sort_-_frontright-1.jpg","width":525,"height":900,"caption":"VELA Medical \"Samba 520\" Drehhocker mit Rollen, bequemem Polster und R\u00fcckenlehne"},{"@type":"BreadcrumbList","@id":"https:\/\/bon.de\/en\/product\/vela-medical-samba-520-drehhocker-mit-rollen-bequemem-polster-und-ruckenlehne-2\/#breadcrumb","itemListElement":[{"@type":"ListItem","position":1,"name":"Home","item":"https:\/\/bon.de\/en\/"},{"@type":"ListItem","position":2,"name":"Shop","item":"https:\/\/bon.de\/en\/shop-2-2\/"},{"@type":"ListItem","position":3,"name":"VELA Medical &#8220;Samba 520&#8221; Drehhocker mit Rollen, bequemem Polster und R\u00fcckenlehne"}]},{"@type":"WebSite","@id":"https:\/\/bon.de\/#website","url":"https:\/\/bon.de\/","name":"bon Optic - Partner auf Augenh\u00f6he","description":"","publisher":{"@id":"https:\/\/bon.de\/#organization"},"potentialAction":[{"@type":"SearchAction","target":{"@type":"EntryPoint","urlTemplate":"https:\/\/bon.de\/?s={search_term_string}"},"query-input":{"@type":"PropertyValueSpecification","valueRequired":true,"valueName":"search_term_string"}}],"inLanguage":"en-US"},{"@type":"Organization","@id":"https:\/\/bon.de\/#organization","name":"bon Optic Vertriebsgesellschaft mbH","url":"https:\/\/bon.de\/","logo":{"@type":"ImageObject","inLanguage":"en-US","@id":"https:\/\/bon.de\/#\/schema\/logo\/image\/","url":"https:\/\/bon.de\/wp-content\/uploads\/2021\/06\/bon-Logo_512x512px.png","contentUrl":"https:\/\/bon.de\/wp-content\/uploads\/2021\/06\/bon-Logo_512x512px.png","width":512,"height":512,"caption":"bon Optic Vertriebsgesellschaft mbH"},"image":{"@id":"https:\/\/bon.de\/#\/schema\/logo\/image\/"},"sameAs":["https:\/\/www.linkedin.com\/company\/bon-optic-vertriebsgesellschaft-mbh\/","https:\/\/www.youtube.com\/channel\/UCSURhENDItKaH88bvn8LlcA"]}]}},"_links":{"self":[{"href":"https:\/\/bon.de\/en\/wp-json\/wp\/v2\/product\/4691","targetHints":{"allow":["GET"]}}],"collection":[{"href":"https:\/\/bon.de\/en\/wp-json\/wp\/v2\/product"}],"about":[{"href":"https:\/\/bon.de\/en\/wp-json\/wp\/v2\/types\/product"}],"replies":[{"embeddable":true,"href":"https:\/\/bon.de\/en\/wp-json\/wp\/v2\/comments?post=4691"}],"wp:featuredmedia":[{"embeddable":true,"href":"https:\/\/bon.de\/en\/wp-json\/wp\/v2\/media\/4692"}],"wp:attachment":[{"href":"https:\/\/bon.de\/en\/wp-json\/wp\/v2\/media?parent=4691"}],"wp:term":[{"taxonomy":"product_manufacturers","embeddable":true,"href":"https:\/\/bon.de\/en\/wp-json\/wp\/v2\/product_manufacturers?post=4691"},{"taxonomy":"product_brand","embeddable":true,"href":"https:\/\/bon.de\/en\/wp-json\/wp\/v2\/product_brand?post=4691"},{"taxonomy":"product_cat","embeddable":true,"href":"https:\/\/bon.de\/en\/wp-json\/wp\/v2\/product_cat?post=4691"},{"taxonomy":"product_tag","embeddable":true,"href":"https:\/\/bon.de\/en\/wp-json\/wp\/v2\/product_tag?post=4691"}],"curies":[{"name":"wp","href":"https:\/\/api.w.org\/{rel}","templated":true}]}}