{"id":4709,"date":"2021-01-27T11:38:55","date_gmt":"2021-01-27T11:38:55","guid":{"rendered":"https:\/\/bon.de\/?post_type=product&#038;p=4709"},"modified":"2021-04-13T13:06:20","modified_gmt":"2021-04-13T13:06:20","slug":"vela-medical-samba-420-ergonomischer-sattelsitz-hocker-mit-rollen-und-ruckenlehne-2","status":"publish","type":"product","link":"https:\/\/bon.de\/en\/product\/vela-medical-samba-420-ergonomischer-sattelsitz-hocker-mit-rollen-und-ruckenlehne-2\/","title":{"rendered":"VELA Medical &#8220;Samba 420&#8221; ergonomischer Sattelsitz-Hocker mit Rollen und R\u00fcckenlehne"},"content":{"rendered":"<p>Der Sattelsitzhocker mit schmaler, verstellbarer R\u00fcckenlehne erm\u00f6glicht ergonomische Sitzpositionen f\u00fcr verschiedene Arbeiten im Sitzen.<\/p>\n<li>Er bietet hohe Bewegungsfreiheit im Sitzen bei verschiedenen Aufgaben.\n<li>Der neigbare Sattelsitz sorgt f\u00fcr einen offenen Sitzwinkel und f\u00f6rdert eine aktive, aufrechte Sitzposition.\n<li>Die kompakte Ausf\u00fchrung erm\u00f6glicht ein m\u00f6glichst nahes Sitzen am Ger\u00e4t, an der Vorrichtung oder am Patienten.\n<p>Der Stuhl hat eine CE-Kennzeichnung gem\u00e4\u00df der medizinischen Richtlinie MDD 93\/42\/EEC erhalten, was bedeutet, dass er s\u00e4mtlichen europ\u00e4ischen Sicherheitsanforderungen entspricht.<\/p>\n<p>Die Standardfarbe des Stuhlbezugs ist <b>Schwarz<\/b>. Andere Farben sind auf Anfrage erh\u00e4ltlich.<\/p>\n","protected":false},"excerpt":{"rendered":"<p>Der Sattelsitzhocker mit schmaler, verstellbarer R\u00fcckenlehne erm\u00f6glicht ergonomische Sitzpositionen f\u00fcr verschiedene Arbeiten im Sitzen. Er bietet hohe Bewegungsfreiheit im Sitzen bei verschiedenen Aufgaben. Der neigbare Sattelsitz sorgt f\u00fcr einen offenen Sitzwinkel und f\u00f6rdert eine aktive, aufrechte Sitzposition. Die kompakte Ausf\u00fchrung erm\u00f6glicht ein m\u00f6glichst nahes Sitzen am Ger\u00e4t, an der Vorrichtung oder am Patienten. Der Stuhl [&hellip;]<\/p>\n","protected":false},"featured_media":4710,"comment_status":"open","ping_status":"closed","template":"","meta":{"_acf_changed":false,"inline_featured_image":false},"product_manufacturers":[700],"product_brand":[],"product_cat":[107,127,363],"product_tag":[],"class_list":{"0":"post-4709","1":"product","2":"type-product","3":"status-publish","4":"has-post-thumbnail","6":"product_cat-furniture","7":"product_cat-stools","8":"product_cat-new-products","10":"first","11":"instock","12":"taxable","13":"shipping-taxable","14":"product-type-simple"},"acf":[],"yoast_head":"<!-- This site is optimized with the Yoast SEO plugin v27.0 - https:\/\/yoast.com\/product\/yoast-seo-wordpress\/ -->\n<title>VELA Medical &quot;Samba 420&quot; ergonomischer Sattelsitz-Hocker mit Rollen und R\u00fcckenlehne<\/title>\n<meta name=\"robots\" content=\"index, follow, max-snippet:-1, max-image-preview:large, max-video-preview:-1\" \/>\n<link rel=\"canonical\" href=\"https:\/\/bon.de\/en\/product\/vela-medical-samba-420-ergonomischer-sattelsitz-hocker-mit-rollen-und-ruckenlehne-2\/\" \/>\n<meta property=\"og:locale\" content=\"en_US\" \/>\n<meta property=\"og:type\" content=\"article\" \/>\n<meta property=\"og:title\" content=\"VELA Medical &quot;Samba 420&quot; ergonomischer Sattelsitz-Hocker mit Rollen und R\u00fcckenlehne\" \/>\n<meta property=\"og:description\" content=\"Der Sattelsitzhocker mit schmaler, verstellbarer R\u00fcckenlehne erm\u00f6glicht ergonomische Sitzpositionen f\u00fcr verschiedene Arbeiten im Sitzen. Er bietet hohe Bewegungsfreiheit im Sitzen bei verschiedenen Aufgaben. Der neigbare Sattelsitz sorgt f\u00fcr einen offenen Sitzwinkel und f\u00f6rdert eine aktive, aufrechte Sitzposition. Die kompakte Ausf\u00fchrung erm\u00f6glicht ein m\u00f6glichst nahes Sitzen am Ger\u00e4t, an der Vorrichtung oder am Patienten. Der Stuhl [&hellip;]\" \/>\n<meta property=\"og:url\" content=\"https:\/\/bon.de\/en\/product\/vela-medical-samba-420-ergonomischer-sattelsitz-hocker-mit-rollen-und-ruckenlehne-2\/\" \/>\n<meta property=\"og:site_name\" content=\"bon Optic - Partner auf Augenh\u00f6he\" \/>\n<meta property=\"article:modified_time\" content=\"2021-04-13T13:06:20+00:00\" \/>\n<meta property=\"og:image\" content=\"https:\/\/bon.de\/wp-content\/uploads\/2021\/01\/products-vela_samba_420_-_sort_-_frontright-1.jpg\" \/>\n\t<meta property=\"og:image:width\" content=\"435\" \/>\n\t<meta property=\"og:image:height\" content=\"900\" \/>\n\t<meta property=\"og:image:type\" content=\"image\/jpeg\" \/>\n<meta name=\"twitter:card\" content=\"summary_large_image\" \/>\n<script type=\"application\/ld+json\" class=\"yoast-schema-graph\">{\"@context\":\"https:\/\/schema.org\",\"@graph\":[{\"@type\":\"WebPage\",\"@id\":\"https:\/\/bon.de\/en\/product\/vela-medical-samba-420-ergonomischer-sattelsitz-hocker-mit-rollen-und-ruckenlehne-2\/\",\"url\":\"https:\/\/bon.de\/en\/product\/vela-medical-samba-420-ergonomischer-sattelsitz-hocker-mit-rollen-und-ruckenlehne-2\/\",\"name\":\"VELA Medical \\\"Samba 420\\\" ergonomischer Sattelsitz-Hocker mit Rollen und R\u00fcckenlehne\",\"isPartOf\":{\"@id\":\"https:\/\/bon.de\/#website\"},\"primaryImageOfPage\":{\"@id\":\"https:\/\/bon.de\/en\/product\/vela-medical-samba-420-ergonomischer-sattelsitz-hocker-mit-rollen-und-ruckenlehne-2\/#primaryimage\"},\"image\":{\"@id\":\"https:\/\/bon.de\/en\/product\/vela-medical-samba-420-ergonomischer-sattelsitz-hocker-mit-rollen-und-ruckenlehne-2\/#primaryimage\"},\"thumbnailUrl\":\"https:\/\/bon.de\/wp-content\/uploads\/2021\/01\/products-vela_samba_420_-_sort_-_frontright-1.jpg\",\"datePublished\":\"2021-01-27T11:38:55+00:00\",\"dateModified\":\"2021-04-13T13:06:20+00:00\",\"breadcrumb\":{\"@id\":\"https:\/\/bon.de\/en\/product\/vela-medical-samba-420-ergonomischer-sattelsitz-hocker-mit-rollen-und-ruckenlehne-2\/#breadcrumb\"},\"inLanguage\":\"en-US\",\"potentialAction\":[{\"@type\":\"ReadAction\",\"target\":[\"https:\/\/bon.de\/en\/product\/vela-medical-samba-420-ergonomischer-sattelsitz-hocker-mit-rollen-und-ruckenlehne-2\/\"]}]},{\"@type\":\"ImageObject\",\"inLanguage\":\"en-US\",\"@id\":\"https:\/\/bon.de\/en\/product\/vela-medical-samba-420-ergonomischer-sattelsitz-hocker-mit-rollen-und-ruckenlehne-2\/#primaryimage\",\"url\":\"https:\/\/bon.de\/wp-content\/uploads\/2021\/01\/products-vela_samba_420_-_sort_-_frontright-1.jpg\",\"contentUrl\":\"https:\/\/bon.de\/wp-content\/uploads\/2021\/01\/products-vela_samba_420_-_sort_-_frontright-1.jpg\",\"width\":435,\"height\":900,\"caption\":\"VELA Medical \\\"Samba 420\\\" ergonomischer Sattelsitz-Hocker mit Rollen und R\u00fcckenlehne\"},{\"@type\":\"BreadcrumbList\",\"@id\":\"https:\/\/bon.de\/en\/product\/vela-medical-samba-420-ergonomischer-sattelsitz-hocker-mit-rollen-und-ruckenlehne-2\/#breadcrumb\",\"itemListElement\":[{\"@type\":\"ListItem\",\"position\":1,\"name\":\"Home\",\"item\":\"https:\/\/bon.de\/en\/\"},{\"@type\":\"ListItem\",\"position\":2,\"name\":\"Shop\",\"item\":\"https:\/\/bon.de\/en\/shop-2-2\/\"},{\"@type\":\"ListItem\",\"position\":3,\"name\":\"VELA Medical &#8220;Samba 420&#8221; ergonomischer Sattelsitz-Hocker mit Rollen und R\u00fcckenlehne\"}]},{\"@type\":\"WebSite\",\"@id\":\"https:\/\/bon.de\/#website\",\"url\":\"https:\/\/bon.de\/\",\"name\":\"bon Optic - Partner auf Augenh\u00f6he\",\"description\":\"\",\"publisher\":{\"@id\":\"https:\/\/bon.de\/#organization\"},\"potentialAction\":[{\"@type\":\"SearchAction\",\"target\":{\"@type\":\"EntryPoint\",\"urlTemplate\":\"https:\/\/bon.de\/?s={search_term_string}\"},\"query-input\":{\"@type\":\"PropertyValueSpecification\",\"valueRequired\":true,\"valueName\":\"search_term_string\"}}],\"inLanguage\":\"en-US\"},{\"@type\":\"Organization\",\"@id\":\"https:\/\/bon.de\/#organization\",\"name\":\"bon Optic Vertriebsgesellschaft mbH\",\"url\":\"https:\/\/bon.de\/\",\"logo\":{\"@type\":\"ImageObject\",\"inLanguage\":\"en-US\",\"@id\":\"https:\/\/bon.de\/#\/schema\/logo\/image\/\",\"url\":\"https:\/\/bon.de\/wp-content\/uploads\/2021\/06\/bon-Logo_512x512px.png\",\"contentUrl\":\"https:\/\/bon.de\/wp-content\/uploads\/2021\/06\/bon-Logo_512x512px.png\",\"width\":512,\"height\":512,\"caption\":\"bon Optic Vertriebsgesellschaft mbH\"},\"image\":{\"@id\":\"https:\/\/bon.de\/#\/schema\/logo\/image\/\"},\"sameAs\":[\"https:\/\/www.linkedin.com\/company\/bon-optic-vertriebsgesellschaft-mbh\/\",\"https:\/\/www.youtube.com\/channel\/UCSURhENDItKaH88bvn8LlcA\"]}]}<\/script>\n<!-- \/ Yoast SEO plugin. -->","yoast_head_json":{"title":"VELA Medical \"Samba 420\" ergonomischer Sattelsitz-Hocker mit Rollen und R\u00fcckenlehne","robots":{"index":"index","follow":"follow","max-snippet":"max-snippet:-1","max-image-preview":"max-image-preview:large","max-video-preview":"max-video-preview:-1"},"canonical":"https:\/\/bon.de\/en\/product\/vela-medical-samba-420-ergonomischer-sattelsitz-hocker-mit-rollen-und-ruckenlehne-2\/","og_locale":"en_US","og_type":"article","og_title":"VELA Medical \"Samba 420\" ergonomischer Sattelsitz-Hocker mit Rollen und R\u00fcckenlehne","og_description":"Der Sattelsitzhocker mit schmaler, verstellbarer R\u00fcckenlehne erm\u00f6glicht ergonomische Sitzpositionen f\u00fcr verschiedene Arbeiten im Sitzen. Er bietet hohe Bewegungsfreiheit im Sitzen bei verschiedenen Aufgaben. Der neigbare Sattelsitz sorgt f\u00fcr einen offenen Sitzwinkel und f\u00f6rdert eine aktive, aufrechte Sitzposition. Die kompakte Ausf\u00fchrung erm\u00f6glicht ein m\u00f6glichst nahes Sitzen am Ger\u00e4t, an der Vorrichtung oder am Patienten. Der Stuhl [&hellip;]","og_url":"https:\/\/bon.de\/en\/product\/vela-medical-samba-420-ergonomischer-sattelsitz-hocker-mit-rollen-und-ruckenlehne-2\/","og_site_name":"bon Optic - Partner auf Augenh\u00f6he","article_modified_time":"2021-04-13T13:06:20+00:00","og_image":[{"width":435,"height":900,"url":"https:\/\/bon.de\/wp-content\/uploads\/2021\/01\/products-vela_samba_420_-_sort_-_frontright-1.jpg","type":"image\/jpeg"}],"twitter_card":"summary_large_image","schema":{"@context":"https:\/\/schema.org","@graph":[{"@type":"WebPage","@id":"https:\/\/bon.de\/en\/product\/vela-medical-samba-420-ergonomischer-sattelsitz-hocker-mit-rollen-und-ruckenlehne-2\/","url":"https:\/\/bon.de\/en\/product\/vela-medical-samba-420-ergonomischer-sattelsitz-hocker-mit-rollen-und-ruckenlehne-2\/","name":"VELA Medical \"Samba 420\" ergonomischer Sattelsitz-Hocker mit Rollen und R\u00fcckenlehne","isPartOf":{"@id":"https:\/\/bon.de\/#website"},"primaryImageOfPage":{"@id":"https:\/\/bon.de\/en\/product\/vela-medical-samba-420-ergonomischer-sattelsitz-hocker-mit-rollen-und-ruckenlehne-2\/#primaryimage"},"image":{"@id":"https:\/\/bon.de\/en\/product\/vela-medical-samba-420-ergonomischer-sattelsitz-hocker-mit-rollen-und-ruckenlehne-2\/#primaryimage"},"thumbnailUrl":"https:\/\/bon.de\/wp-content\/uploads\/2021\/01\/products-vela_samba_420_-_sort_-_frontright-1.jpg","datePublished":"2021-01-27T11:38:55+00:00","dateModified":"2021-04-13T13:06:20+00:00","breadcrumb":{"@id":"https:\/\/bon.de\/en\/product\/vela-medical-samba-420-ergonomischer-sattelsitz-hocker-mit-rollen-und-ruckenlehne-2\/#breadcrumb"},"inLanguage":"en-US","potentialAction":[{"@type":"ReadAction","target":["https:\/\/bon.de\/en\/product\/vela-medical-samba-420-ergonomischer-sattelsitz-hocker-mit-rollen-und-ruckenlehne-2\/"]}]},{"@type":"ImageObject","inLanguage":"en-US","@id":"https:\/\/bon.de\/en\/product\/vela-medical-samba-420-ergonomischer-sattelsitz-hocker-mit-rollen-und-ruckenlehne-2\/#primaryimage","url":"https:\/\/bon.de\/wp-content\/uploads\/2021\/01\/products-vela_samba_420_-_sort_-_frontright-1.jpg","contentUrl":"https:\/\/bon.de\/wp-content\/uploads\/2021\/01\/products-vela_samba_420_-_sort_-_frontright-1.jpg","width":435,"height":900,"caption":"VELA Medical \"Samba 420\" ergonomischer Sattelsitz-Hocker mit Rollen und R\u00fcckenlehne"},{"@type":"BreadcrumbList","@id":"https:\/\/bon.de\/en\/product\/vela-medical-samba-420-ergonomischer-sattelsitz-hocker-mit-rollen-und-ruckenlehne-2\/#breadcrumb","itemListElement":[{"@type":"ListItem","position":1,"name":"Home","item":"https:\/\/bon.de\/en\/"},{"@type":"ListItem","position":2,"name":"Shop","item":"https:\/\/bon.de\/en\/shop-2-2\/"},{"@type":"ListItem","position":3,"name":"VELA Medical &#8220;Samba 420&#8221; ergonomischer Sattelsitz-Hocker mit Rollen und R\u00fcckenlehne"}]},{"@type":"WebSite","@id":"https:\/\/bon.de\/#website","url":"https:\/\/bon.de\/","name":"bon Optic - Partner auf Augenh\u00f6he","description":"","publisher":{"@id":"https:\/\/bon.de\/#organization"},"potentialAction":[{"@type":"SearchAction","target":{"@type":"EntryPoint","urlTemplate":"https:\/\/bon.de\/?s={search_term_string}"},"query-input":{"@type":"PropertyValueSpecification","valueRequired":true,"valueName":"search_term_string"}}],"inLanguage":"en-US"},{"@type":"Organization","@id":"https:\/\/bon.de\/#organization","name":"bon Optic Vertriebsgesellschaft mbH","url":"https:\/\/bon.de\/","logo":{"@type":"ImageObject","inLanguage":"en-US","@id":"https:\/\/bon.de\/#\/schema\/logo\/image\/","url":"https:\/\/bon.de\/wp-content\/uploads\/2021\/06\/bon-Logo_512x512px.png","contentUrl":"https:\/\/bon.de\/wp-content\/uploads\/2021\/06\/bon-Logo_512x512px.png","width":512,"height":512,"caption":"bon Optic Vertriebsgesellschaft mbH"},"image":{"@id":"https:\/\/bon.de\/#\/schema\/logo\/image\/"},"sameAs":["https:\/\/www.linkedin.com\/company\/bon-optic-vertriebsgesellschaft-mbh\/","https:\/\/www.youtube.com\/channel\/UCSURhENDItKaH88bvn8LlcA"]}]}},"_links":{"self":[{"href":"https:\/\/bon.de\/en\/wp-json\/wp\/v2\/product\/4709","targetHints":{"allow":["GET"]}}],"collection":[{"href":"https:\/\/bon.de\/en\/wp-json\/wp\/v2\/product"}],"about":[{"href":"https:\/\/bon.de\/en\/wp-json\/wp\/v2\/types\/product"}],"replies":[{"embeddable":true,"href":"https:\/\/bon.de\/en\/wp-json\/wp\/v2\/comments?post=4709"}],"wp:featuredmedia":[{"embeddable":true,"href":"https:\/\/bon.de\/en\/wp-json\/wp\/v2\/media\/4710"}],"wp:attachment":[{"href":"https:\/\/bon.de\/en\/wp-json\/wp\/v2\/media?parent=4709"}],"wp:term":[{"taxonomy":"product_manufacturers","embeddable":true,"href":"https:\/\/bon.de\/en\/wp-json\/wp\/v2\/product_manufacturers?post=4709"},{"taxonomy":"product_brand","embeddable":true,"href":"https:\/\/bon.de\/en\/wp-json\/wp\/v2\/product_brand?post=4709"},{"taxonomy":"product_cat","embeddable":true,"href":"https:\/\/bon.de\/en\/wp-json\/wp\/v2\/product_cat?post=4709"},{"taxonomy":"product_tag","embeddable":true,"href":"https:\/\/bon.de\/en\/wp-json\/wp\/v2\/product_tag?post=4709"}],"curies":[{"name":"wp","href":"https:\/\/api.w.org\/{rel}","templated":true}]}}