{"id":4718,"date":"2021-01-27T12:54:25","date_gmt":"2021-01-27T12:54:25","guid":{"rendered":"https:\/\/bon.de\/?post_type=product&#038;p=4718"},"modified":"2021-01-27T12:59:45","modified_gmt":"2021-01-27T12:59:45","slug":"vela-medical-support-chirurgenstuhl-mit-rollen-und-armauflagen-elektrisch-hohenverstellbar-2","status":"publish","type":"product","link":"https:\/\/bon.de\/en\/product\/vela-medical-support-chirurgenstuhl-mit-rollen-und-armauflagen-elektrisch-hohenverstellbar-2\/","title":{"rendered":"VELA Medical &#8220;Support+\u2018 Chirurgenstuhl&#8221; mit Rollen und Armauflagen, elektrisch h\u00f6henverstellbar"},"content":{"rendered":"<p>Der VELA \u2019Support+\u2018 Chirurgenstuhl bietet dem Chirurgen optimale Arbeitsbedingungen und gute Ergonomie bei lang andauernden Pr\u00e4zisionsarbeiten dank der M\u00f6glichkeit des exakten Einstellens und Anpassens des Stuhls an die individuellen Anforderungen.<\/p>\n<li>Die vielfach verstellbaren Armlehnen dienen als stabile Unterlage f\u00fcr Arme und H\u00e4nde und entlasten gleichzeitig R\u00fccken, Schultern und Nacken\n<li>Die Armlehnen lassen sich in nahezu jeder Position fixieren und somit je nach Operationsart auf die gew\u00fcnschte Arbeitshaltung individuell abstimmen\n<li>Optimale Positionierung und Feinjustierung der Stuhlh\u00f6he in Relation zur OP-Liege mittels elektrischer H\u00f6henverstellung, die zur Aufrechterhaltung der Sterilit\u00e4t mit den F\u00fc\u00dfen bedient wird\n<li>Kompakter und flexibler Stuhl, der dank des asymmetrischen Untergestells viel Bewegungsfreiheit f\u00fcr die F\u00fc\u00dfe bietet und sich ganz nah an die OP-Liege heranr\u00fccken l\u00e4sst\n<li>Die niedrige R\u00fcckenlehne unterst\u00fctzt die Lendenwirbels\u00e4ule und bietet gleichzeitig Bewegungsfreiheit f\u00fcr Arme und Schultern\n<p>Die Standardfarbe des Stuhlbezugs ist Schwarz. Andere Farben sind auf Anfrage erh\u00e4ltlich.<\/p>\n<p>CE-Kennzeichnung: Der Stuhl hat eine CE-Kennzeichnung gem\u00e4\u00df der medizinischen Richtlinie MDD 93\/42\/EEC erhalten, was bedeutet, dass er s\u00e4mtlichen europ\u00e4ischen Sicherheitsanforderungen entspricht.<\/p>\n<p>EMV-Test: Die elektronischen Funktionen des Stuhls wurden gem\u00e4\u00df der neuesten Anforderungen an die elektromagnetische Vertr\u00e4glichkeit (EMV) getestet und \u2013 sowohl in Hinsicht auf die Strahlung als auch auf die Anf\u00e4lligkeit \u2013 zugelassen. Der Stuhl kann somit sicher mit s\u00e4mtlichen elektronischen Ger\u00e4ten, inklusive Herzschrittmachern und Smartphones, verwendet werden.<\/p>\n","protected":false},"excerpt":{"rendered":"<p>Der VELA \u2019Support+\u2018 Chirurgenstuhl bietet dem Chirurgen optimale Arbeitsbedingungen und gute Ergonomie bei lang andauernden Pr\u00e4zisionsarbeiten dank der M\u00f6glichkeit des exakten Einstellens und Anpassens des Stuhls an die individuellen Anforderungen. Die vielfach verstellbaren Armlehnen dienen als stabile Unterlage f\u00fcr Arme und H\u00e4nde und entlasten gleichzeitig R\u00fccken, Schultern und Nacken Die Armlehnen lassen sich in nahezu [&hellip;]<\/p>\n","protected":false},"featured_media":8582,"comment_status":"open","ping_status":"closed","template":"","meta":{"_acf_changed":false,"inline_featured_image":false},"product_manufacturers":[700],"product_brand":[],"product_cat":[107,127],"product_tag":[],"class_list":{"0":"post-4718","1":"product","2":"type-product","3":"status-publish","4":"has-post-thumbnail","6":"product_cat-furniture","7":"product_cat-stools","9":"first","10":"instock","11":"taxable","12":"shipping-taxable","13":"product-type-simple"},"acf":[],"yoast_head":"<!-- This site is optimized with the Yoast SEO plugin v27.0 - https:\/\/yoast.com\/product\/yoast-seo-wordpress\/ -->\n<title>VELA Medical &quot;Support+\u2018 Chirurgenstuhl&quot; mit Rollen und Armauflagen, elektrisch h\u00f6henverstellbar<\/title>\n<meta name=\"robots\" content=\"index, follow, max-snippet:-1, max-image-preview:large, max-video-preview:-1\" \/>\n<link rel=\"canonical\" href=\"https:\/\/bon.de\/en\/product\/vela-medical-support-chirurgenstuhl-mit-rollen-und-armauflagen-elektrisch-hohenverstellbar-2\/\" \/>\n<meta property=\"og:locale\" content=\"en_US\" \/>\n<meta property=\"og:type\" content=\"article\" \/>\n<meta property=\"og:title\" content=\"VELA Medical &quot;Support+\u2018 Chirurgenstuhl&quot; mit Rollen und Armauflagen, elektrisch h\u00f6henverstellbar\" \/>\n<meta property=\"og:description\" content=\"Der VELA \u2019Support+\u2018 Chirurgenstuhl bietet dem Chirurgen optimale Arbeitsbedingungen und gute Ergonomie bei lang andauernden Pr\u00e4zisionsarbeiten dank der M\u00f6glichkeit des exakten Einstellens und Anpassens des Stuhls an die individuellen Anforderungen. Die vielfach verstellbaren Armlehnen dienen als stabile Unterlage f\u00fcr Arme und H\u00e4nde und entlasten gleichzeitig R\u00fccken, Schultern und Nacken Die Armlehnen lassen sich in nahezu [&hellip;]\" \/>\n<meta property=\"og:url\" content=\"https:\/\/bon.de\/en\/product\/vela-medical-support-chirurgenstuhl-mit-rollen-und-armauflagen-elektrisch-hohenverstellbar-2\/\" \/>\n<meta property=\"og:site_name\" content=\"bon Optic - Partner auf Augenh\u00f6he\" \/>\n<meta property=\"article:modified_time\" content=\"2021-01-27T12:59:45+00:00\" \/>\n<meta property=\"og:image\" content=\"https:\/\/bon.de\/wp-content\/uploads\/2021\/01\/products-untitled-2_6-1.jpg\" \/>\n\t<meta property=\"og:image:width\" content=\"612\" \/>\n\t<meta property=\"og:image:height\" content=\"900\" \/>\n\t<meta property=\"og:image:type\" content=\"image\/jpeg\" \/>\n<meta name=\"twitter:card\" content=\"summary_large_image\" \/>\n<meta name=\"twitter:label1\" content=\"Est. reading time\" \/>\n\t<meta name=\"twitter:data1\" content=\"1 minute\" \/>\n<script type=\"application\/ld+json\" class=\"yoast-schema-graph\">{\"@context\":\"https:\/\/schema.org\",\"@graph\":[{\"@type\":\"WebPage\",\"@id\":\"https:\/\/bon.de\/en\/product\/vela-medical-support-chirurgenstuhl-mit-rollen-und-armauflagen-elektrisch-hohenverstellbar-2\/\",\"url\":\"https:\/\/bon.de\/en\/product\/vela-medical-support-chirurgenstuhl-mit-rollen-und-armauflagen-elektrisch-hohenverstellbar-2\/\",\"name\":\"VELA Medical \\\"Support+\u2018 Chirurgenstuhl\\\" mit Rollen und Armauflagen, elektrisch h\u00f6henverstellbar\",\"isPartOf\":{\"@id\":\"https:\/\/bon.de\/#website\"},\"primaryImageOfPage\":{\"@id\":\"https:\/\/bon.de\/en\/product\/vela-medical-support-chirurgenstuhl-mit-rollen-und-armauflagen-elektrisch-hohenverstellbar-2\/#primaryimage\"},\"image\":{\"@id\":\"https:\/\/bon.de\/en\/product\/vela-medical-support-chirurgenstuhl-mit-rollen-und-armauflagen-elektrisch-hohenverstellbar-2\/#primaryimage\"},\"thumbnailUrl\":\"https:\/\/bon.de\/wp-content\/uploads\/2021\/01\/VELA-Support-Surgeons-Chair-frontright.png\",\"datePublished\":\"2021-01-27T12:54:25+00:00\",\"dateModified\":\"2021-01-27T12:59:45+00:00\",\"breadcrumb\":{\"@id\":\"https:\/\/bon.de\/en\/product\/vela-medical-support-chirurgenstuhl-mit-rollen-und-armauflagen-elektrisch-hohenverstellbar-2\/#breadcrumb\"},\"inLanguage\":\"en-US\",\"potentialAction\":[{\"@type\":\"ReadAction\",\"target\":[\"https:\/\/bon.de\/en\/product\/vela-medical-support-chirurgenstuhl-mit-rollen-und-armauflagen-elektrisch-hohenverstellbar-2\/\"]}]},{\"@type\":\"ImageObject\",\"inLanguage\":\"en-US\",\"@id\":\"https:\/\/bon.de\/en\/product\/vela-medical-support-chirurgenstuhl-mit-rollen-und-armauflagen-elektrisch-hohenverstellbar-2\/#primaryimage\",\"url\":\"https:\/\/bon.de\/wp-content\/uploads\/2021\/01\/VELA-Support-Surgeons-Chair-frontright.png\",\"contentUrl\":\"https:\/\/bon.de\/wp-content\/uploads\/2021\/01\/VELA-Support-Surgeons-Chair-frontright.png\",\"width\":860,\"height\":960},{\"@type\":\"BreadcrumbList\",\"@id\":\"https:\/\/bon.de\/en\/product\/vela-medical-support-chirurgenstuhl-mit-rollen-und-armauflagen-elektrisch-hohenverstellbar-2\/#breadcrumb\",\"itemListElement\":[{\"@type\":\"ListItem\",\"position\":1,\"name\":\"Home\",\"item\":\"https:\/\/bon.de\/en\/\"},{\"@type\":\"ListItem\",\"position\":2,\"name\":\"Shop\",\"item\":\"https:\/\/bon.de\/en\/shop-2-2\/\"},{\"@type\":\"ListItem\",\"position\":3,\"name\":\"VELA Medical &#8220;Support+\u2018 Chirurgenstuhl&#8221; mit Rollen und Armauflagen, elektrisch h\u00f6henverstellbar\"}]},{\"@type\":\"WebSite\",\"@id\":\"https:\/\/bon.de\/#website\",\"url\":\"https:\/\/bon.de\/\",\"name\":\"bon Optic - Partner auf Augenh\u00f6he\",\"description\":\"\",\"publisher\":{\"@id\":\"https:\/\/bon.de\/#organization\"},\"potentialAction\":[{\"@type\":\"SearchAction\",\"target\":{\"@type\":\"EntryPoint\",\"urlTemplate\":\"https:\/\/bon.de\/?s={search_term_string}\"},\"query-input\":{\"@type\":\"PropertyValueSpecification\",\"valueRequired\":true,\"valueName\":\"search_term_string\"}}],\"inLanguage\":\"en-US\"},{\"@type\":\"Organization\",\"@id\":\"https:\/\/bon.de\/#organization\",\"name\":\"bon Optic Vertriebsgesellschaft mbH\",\"url\":\"https:\/\/bon.de\/\",\"logo\":{\"@type\":\"ImageObject\",\"inLanguage\":\"en-US\",\"@id\":\"https:\/\/bon.de\/#\/schema\/logo\/image\/\",\"url\":\"https:\/\/bon.de\/wp-content\/uploads\/2021\/06\/bon-Logo_512x512px.png\",\"contentUrl\":\"https:\/\/bon.de\/wp-content\/uploads\/2021\/06\/bon-Logo_512x512px.png\",\"width\":512,\"height\":512,\"caption\":\"bon Optic Vertriebsgesellschaft mbH\"},\"image\":{\"@id\":\"https:\/\/bon.de\/#\/schema\/logo\/image\/\"},\"sameAs\":[\"https:\/\/www.linkedin.com\/company\/bon-optic-vertriebsgesellschaft-mbh\/\",\"https:\/\/www.youtube.com\/channel\/UCSURhENDItKaH88bvn8LlcA\"]}]}<\/script>\n<!-- \/ Yoast SEO plugin. -->","yoast_head_json":{"title":"VELA Medical \"Support+\u2018 Chirurgenstuhl\" mit Rollen und Armauflagen, elektrisch h\u00f6henverstellbar","robots":{"index":"index","follow":"follow","max-snippet":"max-snippet:-1","max-image-preview":"max-image-preview:large","max-video-preview":"max-video-preview:-1"},"canonical":"https:\/\/bon.de\/en\/product\/vela-medical-support-chirurgenstuhl-mit-rollen-und-armauflagen-elektrisch-hohenverstellbar-2\/","og_locale":"en_US","og_type":"article","og_title":"VELA Medical \"Support+\u2018 Chirurgenstuhl\" mit Rollen und Armauflagen, elektrisch h\u00f6henverstellbar","og_description":"Der VELA \u2019Support+\u2018 Chirurgenstuhl bietet dem Chirurgen optimale Arbeitsbedingungen und gute Ergonomie bei lang andauernden Pr\u00e4zisionsarbeiten dank der M\u00f6glichkeit des exakten Einstellens und Anpassens des Stuhls an die individuellen Anforderungen. Die vielfach verstellbaren Armlehnen dienen als stabile Unterlage f\u00fcr Arme und H\u00e4nde und entlasten gleichzeitig R\u00fccken, Schultern und Nacken Die Armlehnen lassen sich in nahezu [&hellip;]","og_url":"https:\/\/bon.de\/en\/product\/vela-medical-support-chirurgenstuhl-mit-rollen-und-armauflagen-elektrisch-hohenverstellbar-2\/","og_site_name":"bon Optic - Partner auf Augenh\u00f6he","article_modified_time":"2021-01-27T12:59:45+00:00","og_image":[{"width":612,"height":900,"url":"https:\/\/bon.de\/wp-content\/uploads\/2021\/01\/products-untitled-2_6-1.jpg","type":"image\/jpeg"}],"twitter_card":"summary_large_image","twitter_misc":{"Est. reading time":"1 minute"},"schema":{"@context":"https:\/\/schema.org","@graph":[{"@type":"WebPage","@id":"https:\/\/bon.de\/en\/product\/vela-medical-support-chirurgenstuhl-mit-rollen-und-armauflagen-elektrisch-hohenverstellbar-2\/","url":"https:\/\/bon.de\/en\/product\/vela-medical-support-chirurgenstuhl-mit-rollen-und-armauflagen-elektrisch-hohenverstellbar-2\/","name":"VELA Medical \"Support+\u2018 Chirurgenstuhl\" mit Rollen und Armauflagen, elektrisch h\u00f6henverstellbar","isPartOf":{"@id":"https:\/\/bon.de\/#website"},"primaryImageOfPage":{"@id":"https:\/\/bon.de\/en\/product\/vela-medical-support-chirurgenstuhl-mit-rollen-und-armauflagen-elektrisch-hohenverstellbar-2\/#primaryimage"},"image":{"@id":"https:\/\/bon.de\/en\/product\/vela-medical-support-chirurgenstuhl-mit-rollen-und-armauflagen-elektrisch-hohenverstellbar-2\/#primaryimage"},"thumbnailUrl":"https:\/\/bon.de\/wp-content\/uploads\/2021\/01\/VELA-Support-Surgeons-Chair-frontright.png","datePublished":"2021-01-27T12:54:25+00:00","dateModified":"2021-01-27T12:59:45+00:00","breadcrumb":{"@id":"https:\/\/bon.de\/en\/product\/vela-medical-support-chirurgenstuhl-mit-rollen-und-armauflagen-elektrisch-hohenverstellbar-2\/#breadcrumb"},"inLanguage":"en-US","potentialAction":[{"@type":"ReadAction","target":["https:\/\/bon.de\/en\/product\/vela-medical-support-chirurgenstuhl-mit-rollen-und-armauflagen-elektrisch-hohenverstellbar-2\/"]}]},{"@type":"ImageObject","inLanguage":"en-US","@id":"https:\/\/bon.de\/en\/product\/vela-medical-support-chirurgenstuhl-mit-rollen-und-armauflagen-elektrisch-hohenverstellbar-2\/#primaryimage","url":"https:\/\/bon.de\/wp-content\/uploads\/2021\/01\/VELA-Support-Surgeons-Chair-frontright.png","contentUrl":"https:\/\/bon.de\/wp-content\/uploads\/2021\/01\/VELA-Support-Surgeons-Chair-frontright.png","width":860,"height":960},{"@type":"BreadcrumbList","@id":"https:\/\/bon.de\/en\/product\/vela-medical-support-chirurgenstuhl-mit-rollen-und-armauflagen-elektrisch-hohenverstellbar-2\/#breadcrumb","itemListElement":[{"@type":"ListItem","position":1,"name":"Home","item":"https:\/\/bon.de\/en\/"},{"@type":"ListItem","position":2,"name":"Shop","item":"https:\/\/bon.de\/en\/shop-2-2\/"},{"@type":"ListItem","position":3,"name":"VELA Medical &#8220;Support+\u2018 Chirurgenstuhl&#8221; mit Rollen und Armauflagen, elektrisch h\u00f6henverstellbar"}]},{"@type":"WebSite","@id":"https:\/\/bon.de\/#website","url":"https:\/\/bon.de\/","name":"bon Optic - Partner auf Augenh\u00f6he","description":"","publisher":{"@id":"https:\/\/bon.de\/#organization"},"potentialAction":[{"@type":"SearchAction","target":{"@type":"EntryPoint","urlTemplate":"https:\/\/bon.de\/?s={search_term_string}"},"query-input":{"@type":"PropertyValueSpecification","valueRequired":true,"valueName":"search_term_string"}}],"inLanguage":"en-US"},{"@type":"Organization","@id":"https:\/\/bon.de\/#organization","name":"bon Optic Vertriebsgesellschaft mbH","url":"https:\/\/bon.de\/","logo":{"@type":"ImageObject","inLanguage":"en-US","@id":"https:\/\/bon.de\/#\/schema\/logo\/image\/","url":"https:\/\/bon.de\/wp-content\/uploads\/2021\/06\/bon-Logo_512x512px.png","contentUrl":"https:\/\/bon.de\/wp-content\/uploads\/2021\/06\/bon-Logo_512x512px.png","width":512,"height":512,"caption":"bon Optic Vertriebsgesellschaft mbH"},"image":{"@id":"https:\/\/bon.de\/#\/schema\/logo\/image\/"},"sameAs":["https:\/\/www.linkedin.com\/company\/bon-optic-vertriebsgesellschaft-mbh\/","https:\/\/www.youtube.com\/channel\/UCSURhENDItKaH88bvn8LlcA"]}]}},"_links":{"self":[{"href":"https:\/\/bon.de\/en\/wp-json\/wp\/v2\/product\/4718","targetHints":{"allow":["GET"]}}],"collection":[{"href":"https:\/\/bon.de\/en\/wp-json\/wp\/v2\/product"}],"about":[{"href":"https:\/\/bon.de\/en\/wp-json\/wp\/v2\/types\/product"}],"replies":[{"embeddable":true,"href":"https:\/\/bon.de\/en\/wp-json\/wp\/v2\/comments?post=4718"}],"wp:featuredmedia":[{"embeddable":true,"href":"https:\/\/bon.de\/en\/wp-json\/wp\/v2\/media\/8582"}],"wp:attachment":[{"href":"https:\/\/bon.de\/en\/wp-json\/wp\/v2\/media?parent=4718"}],"wp:term":[{"taxonomy":"product_manufacturers","embeddable":true,"href":"https:\/\/bon.de\/en\/wp-json\/wp\/v2\/product_manufacturers?post=4718"},{"taxonomy":"product_brand","embeddable":true,"href":"https:\/\/bon.de\/en\/wp-json\/wp\/v2\/product_brand?post=4718"},{"taxonomy":"product_cat","embeddable":true,"href":"https:\/\/bon.de\/en\/wp-json\/wp\/v2\/product_cat?post=4718"},{"taxonomy":"product_tag","embeddable":true,"href":"https:\/\/bon.de\/en\/wp-json\/wp\/v2\/product_tag?post=4718"}],"curies":[{"name":"wp","href":"https:\/\/api.w.org\/{rel}","templated":true}]}}